{"id":14546,"date":"2017-01-01T00:00:00","date_gmt":"2016-12-31T23:00:00","guid":{"rendered":"https:\/\/nature-et-developpement.com\/a2me\/produit\/telecommande-radio\/"},"modified":"2025-06-12T17:27:38","modified_gmt":"2025-06-12T15:27:38","slug":"telecommande-radio","status":"publish","type":"product","link":"https:\/\/nature-et-developpement.com\/a2me\/produit\/telecommande-radio\/","title":{"rendered":"T\u00e9l\u00e9commande RADIO"},"content":{"rendered":"","protected":false},"excerpt":{"rendered":"<p>T\u00e9l\u00e9commande radio pour pouvoir piloter le r\u00e9cepteur SV90001 qui se branche sur l&rsquo;entr\u00e9e 1-10V des convertisseurs de courant continu en PWM.<\/p>\n","protected":false},"featured_media":1000000158876,"template":"","meta":[],"product_brand":[2746],"product_cat":[2550],"product_tag":[],"class_list":{"0":"post-14546","1":"product","2":"type-product","3":"status-publish","4":"has-post-thumbnail","6":"product_brand-fd-eclairage","7":"product_cat-accessoires","8":"product_shipping_class-petit-equipement-outil-eclairage","10":"first","11":"instock","12":"taxable","13":"shipping-taxable","14":"purchasable","15":"product-type-simple"},"yoast_head":"<!-- This site is optimized with the Yoast SEO plugin v27.5 - https:\/\/yoast.com\/product\/yoast-seo-wordpress\/ -->\n<title>T\u00e9l\u00e9commande RADIO<\/title>\n<meta name=\"description\" content=\"T\u00e9l\u00e9commande radio pour pouvoir piloter le r\u00e9cepteur SV90001 qui se branche sur l&#039;entr\u00e9e 1-10V des convertisseurs de courant continu en PWM.\" \/>\n<meta name=\"robots\" content=\"noindex, follow\" \/>\n<meta property=\"og:locale\" content=\"fr_FR\" \/>\n<meta property=\"og:type\" content=\"article\" \/>\n<meta property=\"og:title\" content=\"T\u00e9l\u00e9commande RADIO\" \/>\n<meta property=\"og:description\" content=\"T\u00e9l\u00e9commande radio pour pouvoir piloter le r\u00e9cepteur SV90001 qui se branche sur l&#039;entr\u00e9e 1-10V des convertisseurs de courant continu en PWM.\" \/>\n<meta property=\"og:url\" content=\"https:\/\/nature-et-developpement.com\/a2me\/produit\/telecommande-radio\/\" \/>\n<meta property=\"og:site_name\" content=\"A2ME\" \/>\n<meta property=\"article:modified_time\" content=\"2025-06-12T15:27:38+00:00\" \/>\n<meta name=\"twitter:card\" content=\"summary_large_image\" \/>\n<script type=\"application\/ld+json\" class=\"yoast-schema-graph\">{\"@context\":\"https:\\\/\\\/schema.org\",\"@graph\":[{\"@type\":\"WebPage\",\"@id\":\"https:\\\/\\\/nature-et-developpement.com\\\/a2me\\\/produit\\\/telecommande-radio\\\/\",\"url\":\"https:\\\/\\\/nature-et-developpement.com\\\/a2me\\\/produit\\\/telecommande-radio\\\/\",\"name\":\"T\u00e9l\u00e9commande RADIO\",\"isPartOf\":{\"@id\":\"https:\\\/\\\/nature-et-developpement.com\\\/a2me\\\/#website\"},\"primaryImageOfPage\":{\"@id\":\"https:\\\/\\\/nature-et-developpement.com\\\/a2me\\\/produit\\\/telecommande-radio\\\/#primaryimage\"},\"image\":{\"@id\":\"https:\\\/\\\/nature-et-developpement.com\\\/a2me\\\/produit\\\/telecommande-radio\\\/#primaryimage\"},\"thumbnailUrl\":\"https:\\\/\\\/nature-et-developpement.com\\\/a2me\\\/wp-content\\\/uploads\\\/TELECOMMANDE-SV90002.jpg\",\"datePublished\":\"2016-12-31T23:00:00+00:00\",\"dateModified\":\"2025-06-12T15:27:38+00:00\",\"description\":\"T\u00e9l\u00e9commande radio pour pouvoir piloter le r\u00e9cepteur SV90001 qui se branche sur l'entr\u00e9e 1-10V des convertisseurs de courant continu en PWM.\",\"breadcrumb\":{\"@id\":\"https:\\\/\\\/nature-et-developpement.com\\\/a2me\\\/produit\\\/telecommande-radio\\\/#breadcrumb\"},\"inLanguage\":\"fr-FR\",\"potentialAction\":[{\"@type\":\"ReadAction\",\"target\":[\"https:\\\/\\\/nature-et-developpement.com\\\/a2me\\\/produit\\\/telecommande-radio\\\/\"]}]},{\"@type\":\"ImageObject\",\"inLanguage\":\"fr-FR\",\"@id\":\"https:\\\/\\\/nature-et-developpement.com\\\/a2me\\\/produit\\\/telecommande-radio\\\/#primaryimage\",\"url\":\"https:\\\/\\\/nature-et-developpement.com\\\/a2me\\\/wp-content\\\/uploads\\\/TELECOMMANDE-SV90002.jpg\",\"contentUrl\":\"https:\\\/\\\/nature-et-developpement.com\\\/a2me\\\/wp-content\\\/uploads\\\/TELECOMMANDE-SV90002.jpg\"},{\"@type\":\"BreadcrumbList\",\"@id\":\"https:\\\/\\\/nature-et-developpement.com\\\/a2me\\\/produit\\\/telecommande-radio\\\/#breadcrumb\",\"itemListElement\":[{\"@type\":\"ListItem\",\"position\":1,\"name\":\"Accueil\",\"item\":\"https:\\\/\\\/nature-et-developpement.com\\\/a2me\\\/\"},{\"@type\":\"ListItem\",\"position\":2,\"name\":\"Produits\",\"item\":\"https:\\\/\\\/nature-et-developpement.com\\\/a2me\\\/shop\\\/\"},{\"@type\":\"ListItem\",\"position\":3,\"name\":\"Chauffage, eau et \u00e9nergie\",\"item\":\"https:\\\/\\\/nature-et-developpement.com\\\/a2me\\\/produits\\\/energie-et-ventilation\\\/\"},{\"@type\":\"ListItem\",\"position\":4,\"name\":\"Accessoires\",\"item\":\"https:\\\/\\\/nature-et-developpement.com\\\/a2me\\\/produits\\\/energie-et-ventilation\\\/accessoires\\\/\"},{\"@type\":\"ListItem\",\"position\":5,\"name\":\"T\u00e9l\u00e9commande RADIO\"}]},{\"@type\":\"WebSite\",\"@id\":\"https:\\\/\\\/nature-et-developpement.com\\\/a2me\\\/#website\",\"url\":\"https:\\\/\\\/nature-et-developpement.com\\\/a2me\\\/\",\"name\":\"A2ME\",\"description\":\"A2ME est membre fondateur du groupement Nature &amp; D\u00e9veloppement\",\"potentialAction\":[{\"@type\":\"SearchAction\",\"target\":{\"@type\":\"EntryPoint\",\"urlTemplate\":\"https:\\\/\\\/nature-et-developpement.com\\\/a2me\\\/?s={search_term_string}\"},\"query-input\":{\"@type\":\"PropertyValueSpecification\",\"valueRequired\":true,\"valueName\":\"search_term_string\"}}],\"inLanguage\":\"fr-FR\"}]}<\/script>\n<!-- \/ Yoast SEO plugin. -->","yoast_head_json":{"title":"T\u00e9l\u00e9commande RADIO","description":"T\u00e9l\u00e9commande radio pour pouvoir piloter le r\u00e9cepteur SV90001 qui se branche sur l'entr\u00e9e 1-10V des convertisseurs de courant continu en PWM.","robots":{"index":"noindex","follow":"follow"},"og_locale":"fr_FR","og_type":"article","og_title":"T\u00e9l\u00e9commande RADIO","og_description":"T\u00e9l\u00e9commande radio pour pouvoir piloter le r\u00e9cepteur SV90001 qui se branche sur l'entr\u00e9e 1-10V des convertisseurs de courant continu en PWM.","og_url":"https:\/\/nature-et-developpement.com\/a2me\/produit\/telecommande-radio\/","og_site_name":"A2ME","article_modified_time":"2025-06-12T15:27:38+00:00","twitter_card":"summary_large_image","schema":{"@context":"https:\/\/schema.org","@graph":[{"@type":"WebPage","@id":"https:\/\/nature-et-developpement.com\/a2me\/produit\/telecommande-radio\/","url":"https:\/\/nature-et-developpement.com\/a2me\/produit\/telecommande-radio\/","name":"T\u00e9l\u00e9commande RADIO","isPartOf":{"@id":"https:\/\/nature-et-developpement.com\/a2me\/#website"},"primaryImageOfPage":{"@id":"https:\/\/nature-et-developpement.com\/a2me\/produit\/telecommande-radio\/#primaryimage"},"image":{"@id":"https:\/\/nature-et-developpement.com\/a2me\/produit\/telecommande-radio\/#primaryimage"},"thumbnailUrl":"https:\/\/nature-et-developpement.com\/a2me\/wp-content\/uploads\/TELECOMMANDE-SV90002.jpg","datePublished":"2016-12-31T23:00:00+00:00","dateModified":"2025-06-12T15:27:38+00:00","description":"T\u00e9l\u00e9commande radio pour pouvoir piloter le r\u00e9cepteur SV90001 qui se branche sur l'entr\u00e9e 1-10V des convertisseurs de courant continu en PWM.","breadcrumb":{"@id":"https:\/\/nature-et-developpement.com\/a2me\/produit\/telecommande-radio\/#breadcrumb"},"inLanguage":"fr-FR","potentialAction":[{"@type":"ReadAction","target":["https:\/\/nature-et-developpement.com\/a2me\/produit\/telecommande-radio\/"]}]},{"@type":"ImageObject","inLanguage":"fr-FR","@id":"https:\/\/nature-et-developpement.com\/a2me\/produit\/telecommande-radio\/#primaryimage","url":"https:\/\/nature-et-developpement.com\/a2me\/wp-content\/uploads\/TELECOMMANDE-SV90002.jpg","contentUrl":"https:\/\/nature-et-developpement.com\/a2me\/wp-content\/uploads\/TELECOMMANDE-SV90002.jpg"},{"@type":"BreadcrumbList","@id":"https:\/\/nature-et-developpement.com\/a2me\/produit\/telecommande-radio\/#breadcrumb","itemListElement":[{"@type":"ListItem","position":1,"name":"Accueil","item":"https:\/\/nature-et-developpement.com\/a2me\/"},{"@type":"ListItem","position":2,"name":"Produits","item":"https:\/\/nature-et-developpement.com\/a2me\/shop\/"},{"@type":"ListItem","position":3,"name":"Chauffage, eau et \u00e9nergie","item":"https:\/\/nature-et-developpement.com\/a2me\/produits\/energie-et-ventilation\/"},{"@type":"ListItem","position":4,"name":"Accessoires","item":"https:\/\/nature-et-developpement.com\/a2me\/produits\/energie-et-ventilation\/accessoires\/"},{"@type":"ListItem","position":5,"name":"T\u00e9l\u00e9commande RADIO"}]},{"@type":"WebSite","@id":"https:\/\/nature-et-developpement.com\/a2me\/#website","url":"https:\/\/nature-et-developpement.com\/a2me\/","name":"A2ME","description":"A2ME est membre fondateur du groupement Nature &amp; D\u00e9veloppement","potentialAction":[{"@type":"SearchAction","target":{"@type":"EntryPoint","urlTemplate":"https:\/\/nature-et-developpement.com\/a2me\/?s={search_term_string}"},"query-input":{"@type":"PropertyValueSpecification","valueRequired":true,"valueName":"search_term_string"}}],"inLanguage":"fr-FR"}]}},"distributor_meta":false,"distributor_terms":false,"distributor_media":false,"distributor_original_site_name":"A2ME","distributor_original_site_url":"https:\/\/nature-et-developpement.com\/a2me","push-errors":false,"_links":{"self":[{"href":"https:\/\/nature-et-developpement.com\/a2me\/wp-json\/wp\/v2\/product\/14546","targetHints":{"allow":["GET"]}}],"collection":[{"href":"https:\/\/nature-et-developpement.com\/a2me\/wp-json\/wp\/v2\/product"}],"about":[{"href":"https:\/\/nature-et-developpement.com\/a2me\/wp-json\/wp\/v2\/types\/product"}],"wp:featuredmedia":[{"embeddable":true,"href":"https:\/\/nature-et-developpement.com\/a2me\/wp-json\/"}],"wp:attachment":[{"href":"https:\/\/nature-et-developpement.com\/a2me\/wp-json\/wp\/v2\/media?parent=14546"}],"wp:term":[{"taxonomy":"product_brand","embeddable":true,"href":"https:\/\/nature-et-developpement.com\/a2me\/wp-json\/wp\/v2\/product_brand?post=14546"},{"taxonomy":"product_cat","embeddable":true,"href":"https:\/\/nature-et-developpement.com\/a2me\/wp-json\/wp\/v2\/product_cat?post=14546"},{"taxonomy":"product_tag","embeddable":true,"href":"https:\/\/nature-et-developpement.com\/a2me\/wp-json\/wp\/v2\/product_tag?post=14546"}],"curies":[{"name":"wp","href":"https:\/\/api.w.org\/{rel}","templated":true}]}}