{"id":14660,"date":"2017-06-23T12:07:48","date_gmt":"2017-06-23T10:07:48","guid":{"rendered":"https:\/\/nature-et-developpement.com\/a2me\/produit\/rehausse-de-chevrons\/"},"modified":"2025-06-12T17:28:25","modified_gmt":"2025-06-12T15:28:25","slug":"rehausse-de-chevrons","status":"publish","type":"product","link":"https:\/\/nature-et-developpement.com\/a2me\/produit\/rehausse-de-chevrons\/","title":{"rendered":"R\u00e9hausse de Chevrons"},"content":{"rendered":"<p><strong>Poutre en T universelle pour l\u00ca\u00bcisolation:<\/strong><\/p>\n<p>&#8211; sur chevron, augmenter l\u00ca\u00bcisolation de 60 \u00e0 120 mm<br \/>\n&#8211; isolation de fa\u00e7ade ext\u00e9rieur, de 145 \u00e0 265 mm ( avec support fa\u00e7ade et sols FB 45 , FB 65 , FB 85 )<br \/>\n&#8211; r\u00e9-hausse de plancher d\u00ca\u00bc\u00e9tage<br \/>\n&#8211; cr\u00e9ation de planchers de 145 \u00e0 265 mm ( avec support fa\u00e7ade et sols FB 45 , FB 65 , FB 85 )<br \/>\n+ Plus de place pour l\u00ca\u00bbisolant<br \/>\n+ Pas de ponts thermiques<br \/>\n+ Large support pour fixation des freins-vapeurs<br \/>\n+ Facile \u00e0 mettre en oeuvre<br \/>\n+ \u00bbIsolation\u00ab selon votre choix<br \/>\n+ Augmentation des valeurs U jusqu\u00ca\u00bb\u00e0 15 %<br \/>\n+ El\u00e9ment l\u00e9ger, montage par 1 personne possible<\/p>\n","protected":false},"excerpt":{"rendered":"<p>R\u00e9hausser votre toiture par l&rsquo;ext\u00e9rieure avec la Poutre en T&#8230;un jeu d&rsquo;enfant !<\/p>\n","protected":false},"featured_media":14659,"template":"","meta":[],"product_brand":[],"product_cat":[283,2830,122],"product_tag":[],"class_list":{"0":"post-14660","1":"product","2":"type-product","3":"status-publish","4":"has-post-thumbnail","6":"product_cat-accessoires-isolation-et-etancheite","7":"product_cat-demande-de-devis-uniquement-avec-prix","8":"product_cat-isolation-et-etancheite","10":"first","11":"instock","12":"taxable","13":"shipping-taxable","14":"product-type-simple"},"yoast_head":"<!-- This site is optimized with the Yoast SEO plugin v27.5 - https:\/\/yoast.com\/product\/yoast-seo-wordpress\/ -->\n<title>R\u00e9hausse de Chevrons<\/title>\n<meta name=\"description\" content=\"R\u00e9hausser votre toiture par l&#039;ext\u00e9rieure avec la Poutre en T...un jeu d&#039;enfant !\" \/>\n<meta name=\"robots\" content=\"noindex, follow\" \/>\n<meta property=\"og:locale\" content=\"fr_FR\" \/>\n<meta property=\"og:type\" content=\"article\" \/>\n<meta property=\"og:title\" content=\"R\u00e9hausse de Chevrons\" \/>\n<meta property=\"og:description\" content=\"R\u00e9hausser votre toiture par l&#039;ext\u00e9rieure avec la Poutre en T...un jeu d&#039;enfant !\" \/>\n<meta property=\"og:url\" content=\"https:\/\/nature-et-developpement.com\/a2me\/produit\/rehausse-de-chevrons\/\" \/>\n<meta property=\"og:site_name\" content=\"A2ME\" \/>\n<meta property=\"article:modified_time\" content=\"2025-06-12T15:28:25+00:00\" \/>\n<meta property=\"og:image\" content=\"https:\/\/nature-et-developpement.com\/a2me\/wp-content\/uploads\/sites\/6\/2021\/06\/14872-Rehausse-de-Chevrons.jpg\" \/>\n\t<meta property=\"og:image:width\" content=\"800\" \/>\n\t<meta property=\"og:image:height\" content=\"800\" \/>\n\t<meta property=\"og:image:type\" content=\"image\/jpeg\" \/>\n<meta name=\"twitter:card\" content=\"summary_large_image\" \/>\n<script type=\"application\/ld+json\" class=\"yoast-schema-graph\">{\"@context\":\"https:\\\/\\\/schema.org\",\"@graph\":[{\"@type\":\"WebPage\",\"@id\":\"https:\\\/\\\/nature-et-developpement.com\\\/a2me\\\/produit\\\/rehausse-de-chevrons\\\/\",\"url\":\"https:\\\/\\\/nature-et-developpement.com\\\/a2me\\\/produit\\\/rehausse-de-chevrons\\\/\",\"name\":\"R\u00e9hausse de Chevrons\",\"isPartOf\":{\"@id\":\"https:\\\/\\\/nature-et-developpement.com\\\/a2me\\\/#website\"},\"primaryImageOfPage\":{\"@id\":\"https:\\\/\\\/nature-et-developpement.com\\\/a2me\\\/produit\\\/rehausse-de-chevrons\\\/#primaryimage\"},\"image\":{\"@id\":\"https:\\\/\\\/nature-et-developpement.com\\\/a2me\\\/produit\\\/rehausse-de-chevrons\\\/#primaryimage\"},\"thumbnailUrl\":\"https:\\\/\\\/nature-et-developpement.com\\\/a2me\\\/wp-content\\\/uploads\\\/sites\\\/6\\\/2021\\\/06\\\/14872-Rehausse-de-Chevrons.jpg\",\"datePublished\":\"2017-06-23T10:07:48+00:00\",\"dateModified\":\"2025-06-12T15:28:25+00:00\",\"description\":\"R\u00e9hausser votre toiture par l'ext\u00e9rieure avec la Poutre en T...un jeu d'enfant !\",\"breadcrumb\":{\"@id\":\"https:\\\/\\\/nature-et-developpement.com\\\/a2me\\\/produit\\\/rehausse-de-chevrons\\\/#breadcrumb\"},\"inLanguage\":\"fr-FR\",\"potentialAction\":[{\"@type\":\"ReadAction\",\"target\":[\"https:\\\/\\\/nature-et-developpement.com\\\/a2me\\\/produit\\\/rehausse-de-chevrons\\\/\"]}]},{\"@type\":\"ImageObject\",\"inLanguage\":\"fr-FR\",\"@id\":\"https:\\\/\\\/nature-et-developpement.com\\\/a2me\\\/produit\\\/rehausse-de-chevrons\\\/#primaryimage\",\"url\":\"https:\\\/\\\/nature-et-developpement.com\\\/a2me\\\/wp-content\\\/uploads\\\/sites\\\/6\\\/2021\\\/06\\\/14872-Rehausse-de-Chevrons.jpg\",\"contentUrl\":\"https:\\\/\\\/nature-et-developpement.com\\\/a2me\\\/wp-content\\\/uploads\\\/sites\\\/6\\\/2021\\\/06\\\/14872-Rehausse-de-Chevrons.jpg\",\"width\":800,\"height\":800,\"caption\":\"R\u00e9hausse de Chevrons\"},{\"@type\":\"BreadcrumbList\",\"@id\":\"https:\\\/\\\/nature-et-developpement.com\\\/a2me\\\/produit\\\/rehausse-de-chevrons\\\/#breadcrumb\",\"itemListElement\":[{\"@type\":\"ListItem\",\"position\":1,\"name\":\"Accueil\",\"item\":\"https:\\\/\\\/nature-et-developpement.com\\\/a2me\\\/\"},{\"@type\":\"ListItem\",\"position\":2,\"name\":\"Produits\",\"item\":\"https:\\\/\\\/nature-et-developpement.com\\\/a2me\\\/shop\\\/\"},{\"@type\":\"ListItem\",\"position\":3,\"name\":\"Isolation et \u00e9tanch\u00e9it\u00e9\",\"item\":\"https:\\\/\\\/nature-et-developpement.com\\\/a2me\\\/produits\\\/isolation-et-etancheite\\\/\"},{\"@type\":\"ListItem\",\"position\":4,\"name\":\"Accessoires isolation et \u00e9tanch\u00e9it\u00e9\",\"item\":\"https:\\\/\\\/nature-et-developpement.com\\\/a2me\\\/produits\\\/isolation-et-etancheite\\\/accessoires-isolation-et-etancheite\\\/\"},{\"@type\":\"ListItem\",\"position\":5,\"name\":\"R\u00e9hausse de Chevrons\"}]},{\"@type\":\"WebSite\",\"@id\":\"https:\\\/\\\/nature-et-developpement.com\\\/a2me\\\/#website\",\"url\":\"https:\\\/\\\/nature-et-developpement.com\\\/a2me\\\/\",\"name\":\"A2ME\",\"description\":\"A2ME est membre fondateur du groupement Nature &amp; D\u00e9veloppement\",\"potentialAction\":[{\"@type\":\"SearchAction\",\"target\":{\"@type\":\"EntryPoint\",\"urlTemplate\":\"https:\\\/\\\/nature-et-developpement.com\\\/a2me\\\/?s={search_term_string}\"},\"query-input\":{\"@type\":\"PropertyValueSpecification\",\"valueRequired\":true,\"valueName\":\"search_term_string\"}}],\"inLanguage\":\"fr-FR\"}]}<\/script>\n<!-- \/ Yoast SEO plugin. -->","yoast_head_json":{"title":"R\u00e9hausse de Chevrons","description":"R\u00e9hausser votre toiture par l'ext\u00e9rieure avec la Poutre en T...un jeu d'enfant !","robots":{"index":"noindex","follow":"follow"},"og_locale":"fr_FR","og_type":"article","og_title":"R\u00e9hausse de Chevrons","og_description":"R\u00e9hausser votre toiture par l'ext\u00e9rieure avec la Poutre en T...un jeu d'enfant !","og_url":"https:\/\/nature-et-developpement.com\/a2me\/produit\/rehausse-de-chevrons\/","og_site_name":"A2ME","article_modified_time":"2025-06-12T15:28:25+00:00","og_image":[{"width":800,"height":800,"url":"https:\/\/nature-et-developpement.com\/a2me\/wp-content\/uploads\/sites\/6\/2021\/06\/14872-Rehausse-de-Chevrons.jpg","type":"image\/jpeg"}],"twitter_card":"summary_large_image","schema":{"@context":"https:\/\/schema.org","@graph":[{"@type":"WebPage","@id":"https:\/\/nature-et-developpement.com\/a2me\/produit\/rehausse-de-chevrons\/","url":"https:\/\/nature-et-developpement.com\/a2me\/produit\/rehausse-de-chevrons\/","name":"R\u00e9hausse de Chevrons","isPartOf":{"@id":"https:\/\/nature-et-developpement.com\/a2me\/#website"},"primaryImageOfPage":{"@id":"https:\/\/nature-et-developpement.com\/a2me\/produit\/rehausse-de-chevrons\/#primaryimage"},"image":{"@id":"https:\/\/nature-et-developpement.com\/a2me\/produit\/rehausse-de-chevrons\/#primaryimage"},"thumbnailUrl":"https:\/\/nature-et-developpement.com\/a2me\/wp-content\/uploads\/sites\/6\/2021\/06\/14872-Rehausse-de-Chevrons.jpg","datePublished":"2017-06-23T10:07:48+00:00","dateModified":"2025-06-12T15:28:25+00:00","description":"R\u00e9hausser votre toiture par l'ext\u00e9rieure avec la Poutre en T...un jeu d'enfant !","breadcrumb":{"@id":"https:\/\/nature-et-developpement.com\/a2me\/produit\/rehausse-de-chevrons\/#breadcrumb"},"inLanguage":"fr-FR","potentialAction":[{"@type":"ReadAction","target":["https:\/\/nature-et-developpement.com\/a2me\/produit\/rehausse-de-chevrons\/"]}]},{"@type":"ImageObject","inLanguage":"fr-FR","@id":"https:\/\/nature-et-developpement.com\/a2me\/produit\/rehausse-de-chevrons\/#primaryimage","url":"https:\/\/nature-et-developpement.com\/a2me\/wp-content\/uploads\/sites\/6\/2021\/06\/14872-Rehausse-de-Chevrons.jpg","contentUrl":"https:\/\/nature-et-developpement.com\/a2me\/wp-content\/uploads\/sites\/6\/2021\/06\/14872-Rehausse-de-Chevrons.jpg","width":800,"height":800,"caption":"R\u00e9hausse de Chevrons"},{"@type":"BreadcrumbList","@id":"https:\/\/nature-et-developpement.com\/a2me\/produit\/rehausse-de-chevrons\/#breadcrumb","itemListElement":[{"@type":"ListItem","position":1,"name":"Accueil","item":"https:\/\/nature-et-developpement.com\/a2me\/"},{"@type":"ListItem","position":2,"name":"Produits","item":"https:\/\/nature-et-developpement.com\/a2me\/shop\/"},{"@type":"ListItem","position":3,"name":"Isolation et \u00e9tanch\u00e9it\u00e9","item":"https:\/\/nature-et-developpement.com\/a2me\/produits\/isolation-et-etancheite\/"},{"@type":"ListItem","position":4,"name":"Accessoires isolation et \u00e9tanch\u00e9it\u00e9","item":"https:\/\/nature-et-developpement.com\/a2me\/produits\/isolation-et-etancheite\/accessoires-isolation-et-etancheite\/"},{"@type":"ListItem","position":5,"name":"R\u00e9hausse de Chevrons"}]},{"@type":"WebSite","@id":"https:\/\/nature-et-developpement.com\/a2me\/#website","url":"https:\/\/nature-et-developpement.com\/a2me\/","name":"A2ME","description":"A2ME est membre fondateur du groupement Nature &amp; D\u00e9veloppement","potentialAction":[{"@type":"SearchAction","target":{"@type":"EntryPoint","urlTemplate":"https:\/\/nature-et-developpement.com\/a2me\/?s={search_term_string}"},"query-input":{"@type":"PropertyValueSpecification","valueRequired":true,"valueName":"search_term_string"}}],"inLanguage":"fr-FR"}]}},"distributor_meta":false,"distributor_terms":false,"distributor_media":false,"distributor_original_site_name":"A2ME","distributor_original_site_url":"https:\/\/nature-et-developpement.com\/a2me","push-errors":false,"_links":{"self":[{"href":"https:\/\/nature-et-developpement.com\/a2me\/wp-json\/wp\/v2\/product\/14660","targetHints":{"allow":["GET"]}}],"collection":[{"href":"https:\/\/nature-et-developpement.com\/a2me\/wp-json\/wp\/v2\/product"}],"about":[{"href":"https:\/\/nature-et-developpement.com\/a2me\/wp-json\/wp\/v2\/types\/product"}],"wp:featuredmedia":[{"embeddable":true,"href":"https:\/\/nature-et-developpement.com\/a2me\/wp-json\/wp\/v2\/media\/14659"}],"wp:attachment":[{"href":"https:\/\/nature-et-developpement.com\/a2me\/wp-json\/wp\/v2\/media?parent=14660"}],"wp:term":[{"taxonomy":"product_brand","embeddable":true,"href":"https:\/\/nature-et-developpement.com\/a2me\/wp-json\/wp\/v2\/product_brand?post=14660"},{"taxonomy":"product_cat","embeddable":true,"href":"https:\/\/nature-et-developpement.com\/a2me\/wp-json\/wp\/v2\/product_cat?post=14660"},{"taxonomy":"product_tag","embeddable":true,"href":"https:\/\/nature-et-developpement.com\/a2me\/wp-json\/wp\/v2\/product_tag?post=14660"}],"curies":[{"name":"wp","href":"https:\/\/api.w.org\/{rel}","templated":true}]}}