{"id":15375,"date":"2024-09-02T00:00:00","date_gmt":"2024-09-01T22:00:00","guid":{"rendered":"https:\/\/nature-et-developpement.com\/a2me\/produit\/scie-electrique-double-lames-type-alligator-2\/"},"modified":"2026-02-17T13:45:10","modified_gmt":"2026-02-17T12:45:10","slug":"scie-electrique-double-lames-type-alligator","status":"publish","type":"product","link":"https:\/\/nature-et-developpement.com\/a2me\/produit\/scie-electrique-double-lames-type-alligator\/","title":{"rendered":"Scie \u00e9lectrique Double lames type \u00ab\u00a0Alligator\u00a0\u00bb"},"content":{"rendered":"<p>L&rsquo;universelle avec la r\u00e9gulation \u00e9lectronique constante<\/p>\n<ul>\n<li>Utilisation universelle pour scier le bois, les plaques de pl\u00e2tre, le b\u00e9ton cellulaire\/la thermopierre et les mati\u00e8res plastiques<\/li>\n<li>Plonge directement au milieu des mat\u00e9riaux<\/li>\n<li>R\u00e9gulation \u00e9lectronique constante Bosch avec pr\u00e9s\u00e9lection de la vitesse en continu pour une progression de coupe r\u00e9guli\u00e8re sous charge<\/li>\n<\/ul>\n<div class=\"container\">\n<div class=\"row\">\n<div class=\"col-md-6\">\n<div class=\"image-row\">\n<div class=\"image-col\">\n<table style=\"height: 107px\" width=\"761\">\n<tbody>\n<tr>\n<td><img decoding=\"async\" class=\"img-responsive\" title=\"\" src=\"https:\/\/www.bosch-professional.com\/binary\/ocsmedia\/optimized\/100x100\/o5790v16_lv-5790-13-Bosch_BI_Icon_SDS.jpg\" alt=\"\" \/><\/td>\n<td><img decoding=\"async\" class=\"img-responsive\" title=\"\" src=\"https:\/\/www.bosch-professional.com\/binary\/ocsmedia\/optimized\/100x100\/o29764v16_Bosch_BI_Icon_RatedPowerInput_1600W.jpg\" alt=\"\" \/><\/td>\n<td><img decoding=\"async\" class=\"img-responsive\" title=\"\" src=\"https:\/\/www.bosch-professional.com\/binary\/ocsmedia\/optimized\/100x100\/o7304v16_Bosch_BI_Icon_Constant_Speed.jpg\" alt=\"\" \/><\/td>\n<td><img decoding=\"async\" class=\"img-responsive\" title=\"\" src=\"https:\/\/www.bosch-professional.com\/binary\/ocsmedia\/optimized\/100x100\/o226806v16_HDicon_1.jpg\" alt=\"\" \/><\/td>\n<td><\/td>\n<td><img decoding=\"async\" class=\"img-responsive\" title=\"\" src=\"https:\/\/www.bosch-professional.com\/binary\/ocsmedia\/optimized\/100x100\/o131960v16_Bosch_BI_Icon_DustExtraction.jpg\" alt=\"\" \/><\/td>\n<td><img decoding=\"async\" class=\"img-responsive\" title=\"\" src=\"https:\/\/www.bosch-professional.com\/binary\/ocsmedia\/optimized\/100x100\/o123050v16_Bosch_BI_Icon_ClickClean.jpg\" alt=\"\" \/><\/td>\n<\/tr>\n<\/tbody>\n<\/table>\n<\/div>\n<div class=\"image-col\"><\/div>\n<\/div>\n<\/div>\n<\/div>\n<\/div>\n<div class=\"container\">\n<div class=\"row\">\n<div class=\"col-xs-12\"><\/div>\n<\/div>\n<\/div>\n","protected":false},"excerpt":{"rendered":"<p>Le bon outil pour la d\u00e9coupe des panneaux d&rsquo;isolant.<\/p>\n[embed]https:\/\/www.youtube.com\/watch?v=PrjXYRJpdeI[\/embed]\n","protected":false},"featured_media":1000000153823,"template":"","meta":[],"product_brand":[2761],"product_cat":[282,283,2830,748],"product_tag":[4215],"class_list":{"0":"post-15375","1":"product","2":"type-product","3":"status-publish","4":"has-post-thumbnail","6":"product_brand-biofib","7":"product_cat-accessoires-construction","8":"product_cat-accessoires-isolation-et-etancheite","9":"product_cat-demande-de-devis-uniquement-avec-prix","10":"product_cat-outillage","11":"product_tag-biofib","12":"product_shipping_class-petit-equipement-outil-eclairage","14":"first","15":"instock","16":"taxable","17":"shipping-taxable","18":"purchasable","19":"product-type-simple"},"yoast_head":"<!-- This site is optimized with the Yoast SEO plugin v27.5 - https:\/\/yoast.com\/product\/yoast-seo-wordpress\/ -->\n<title>Scie \u00e9lectrique Double lames type &quot;Alligator&quot;<\/title>\n<meta name=\"description\" content=\"Le bon outil pour la d\u00e9coupe des panneaux d&#039;isolant.\" \/>\n<meta name=\"robots\" content=\"noindex, nofollow\" \/>\n<meta property=\"og:locale\" content=\"fr_FR\" \/>\n<meta property=\"og:type\" content=\"article\" \/>\n<meta property=\"og:title\" content=\"Scie \u00e9lectrique Double lames type &quot;Alligator&quot;\" \/>\n<meta property=\"og:description\" content=\"Le bon outil pour la d\u00e9coupe des panneaux d&#039;isolant.\" \/>\n<meta property=\"og:url\" content=\"https:\/\/nature-et-developpement.com\/a2me\/produit\/scie-electrique-double-lames-type-alligator\/\" \/>\n<meta property=\"og:site_name\" content=\"A2ME\" \/>\n<meta property=\"article:modified_time\" content=\"2026-02-17T12:45:10+00:00\" \/>\n<meta name=\"twitter:card\" content=\"summary_large_image\" \/>\n<script type=\"application\/ld+json\" class=\"yoast-schema-graph\">{\"@context\":\"https:\\\/\\\/schema.org\",\"@graph\":[{\"@type\":\"WebPage\",\"@id\":\"https:\\\/\\\/nature-et-developpement.com\\\/a2me\\\/produit\\\/scie-electrique-double-lames-type-alligator\\\/\",\"url\":\"https:\\\/\\\/nature-et-developpement.com\\\/a2me\\\/produit\\\/scie-electrique-double-lames-type-alligator\\\/\",\"name\":\"Scie \u00e9lectrique Double lames type \\\"Alligator\\\"\",\"isPartOf\":{\"@id\":\"https:\\\/\\\/nature-et-developpement.com\\\/a2me\\\/#website\"},\"primaryImageOfPage\":{\"@id\":\"https:\\\/\\\/nature-et-developpement.com\\\/a2me\\\/produit\\\/scie-electrique-double-lames-type-alligator\\\/#primaryimage\"},\"image\":{\"@id\":\"https:\\\/\\\/nature-et-developpement.com\\\/a2me\\\/produit\\\/scie-electrique-double-lames-type-alligator\\\/#primaryimage\"},\"thumbnailUrl\":\"https:\\\/\\\/nature-et-developpement.com\\\/a2me\\\/wp-content\\\/uploads\\\/Scie-Bosch-double-lame-pour-isolants-biosources.jpg\",\"datePublished\":\"2024-09-01T22:00:00+00:00\",\"dateModified\":\"2026-02-17T12:45:10+00:00\",\"description\":\"Le bon outil pour la d\u00e9coupe des panneaux d'isolant.\",\"breadcrumb\":{\"@id\":\"https:\\\/\\\/nature-et-developpement.com\\\/a2me\\\/produit\\\/scie-electrique-double-lames-type-alligator\\\/#breadcrumb\"},\"inLanguage\":\"fr-FR\",\"potentialAction\":[{\"@type\":\"ReadAction\",\"target\":[\"https:\\\/\\\/nature-et-developpement.com\\\/a2me\\\/produit\\\/scie-electrique-double-lames-type-alligator\\\/\"]}]},{\"@type\":\"ImageObject\",\"inLanguage\":\"fr-FR\",\"@id\":\"https:\\\/\\\/nature-et-developpement.com\\\/a2me\\\/produit\\\/scie-electrique-double-lames-type-alligator\\\/#primaryimage\",\"url\":\"https:\\\/\\\/nature-et-developpement.com\\\/a2me\\\/wp-content\\\/uploads\\\/Scie-Bosch-double-lame-pour-isolants-biosources.jpg\",\"contentUrl\":\"https:\\\/\\\/nature-et-developpement.com\\\/a2me\\\/wp-content\\\/uploads\\\/Scie-Bosch-double-lame-pour-isolants-biosources.jpg\"},{\"@type\":\"BreadcrumbList\",\"@id\":\"https:\\\/\\\/nature-et-developpement.com\\\/a2me\\\/produit\\\/scie-electrique-double-lames-type-alligator\\\/#breadcrumb\",\"itemListElement\":[{\"@type\":\"ListItem\",\"position\":1,\"name\":\"Accueil\",\"item\":\"https:\\\/\\\/nature-et-developpement.com\\\/a2me\\\/\"},{\"@type\":\"ListItem\",\"position\":2,\"name\":\"Produits\",\"item\":\"https:\\\/\\\/nature-et-developpement.com\\\/a2me\\\/shop\\\/\"},{\"@type\":\"ListItem\",\"position\":3,\"name\":\"Construction, cloison et fen\u00eatres\",\"item\":\"https:\\\/\\\/nature-et-developpement.com\\\/a2me\\\/produits\\\/construction\\\/\"},{\"@type\":\"ListItem\",\"position\":4,\"name\":\"Accessoires construction\",\"item\":\"https:\\\/\\\/nature-et-developpement.com\\\/a2me\\\/produits\\\/construction\\\/accessoires-construction\\\/\"},{\"@type\":\"ListItem\",\"position\":5,\"name\":\"Scie \u00e9lectrique Double lames type \u00ab\u00a0Alligator\u00a0\u00bb\"}]},{\"@type\":\"WebSite\",\"@id\":\"https:\\\/\\\/nature-et-developpement.com\\\/a2me\\\/#website\",\"url\":\"https:\\\/\\\/nature-et-developpement.com\\\/a2me\\\/\",\"name\":\"A2ME\",\"description\":\"A2ME est membre fondateur du groupement Nature &amp; D\u00e9veloppement\",\"potentialAction\":[{\"@type\":\"SearchAction\",\"target\":{\"@type\":\"EntryPoint\",\"urlTemplate\":\"https:\\\/\\\/nature-et-developpement.com\\\/a2me\\\/?s={search_term_string}\"},\"query-input\":{\"@type\":\"PropertyValueSpecification\",\"valueRequired\":true,\"valueName\":\"search_term_string\"}}],\"inLanguage\":\"fr-FR\"}]}<\/script>\n<!-- \/ Yoast SEO plugin. -->","yoast_head_json":{"title":"Scie \u00e9lectrique Double lames type \"Alligator\"","description":"Le bon outil pour la d\u00e9coupe des panneaux d'isolant.","robots":{"index":"noindex","follow":"nofollow"},"og_locale":"fr_FR","og_type":"article","og_title":"Scie \u00e9lectrique Double lames type \"Alligator\"","og_description":"Le bon outil pour la d\u00e9coupe des panneaux d'isolant.","og_url":"https:\/\/nature-et-developpement.com\/a2me\/produit\/scie-electrique-double-lames-type-alligator\/","og_site_name":"A2ME","article_modified_time":"2026-02-17T12:45:10+00:00","twitter_card":"summary_large_image","schema":{"@context":"https:\/\/schema.org","@graph":[{"@type":"WebPage","@id":"https:\/\/nature-et-developpement.com\/a2me\/produit\/scie-electrique-double-lames-type-alligator\/","url":"https:\/\/nature-et-developpement.com\/a2me\/produit\/scie-electrique-double-lames-type-alligator\/","name":"Scie \u00e9lectrique Double lames type \"Alligator\"","isPartOf":{"@id":"https:\/\/nature-et-developpement.com\/a2me\/#website"},"primaryImageOfPage":{"@id":"https:\/\/nature-et-developpement.com\/a2me\/produit\/scie-electrique-double-lames-type-alligator\/#primaryimage"},"image":{"@id":"https:\/\/nature-et-developpement.com\/a2me\/produit\/scie-electrique-double-lames-type-alligator\/#primaryimage"},"thumbnailUrl":"https:\/\/nature-et-developpement.com\/a2me\/wp-content\/uploads\/Scie-Bosch-double-lame-pour-isolants-biosources.jpg","datePublished":"2024-09-01T22:00:00+00:00","dateModified":"2026-02-17T12:45:10+00:00","description":"Le bon outil pour la d\u00e9coupe des panneaux d'isolant.","breadcrumb":{"@id":"https:\/\/nature-et-developpement.com\/a2me\/produit\/scie-electrique-double-lames-type-alligator\/#breadcrumb"},"inLanguage":"fr-FR","potentialAction":[{"@type":"ReadAction","target":["https:\/\/nature-et-developpement.com\/a2me\/produit\/scie-electrique-double-lames-type-alligator\/"]}]},{"@type":"ImageObject","inLanguage":"fr-FR","@id":"https:\/\/nature-et-developpement.com\/a2me\/produit\/scie-electrique-double-lames-type-alligator\/#primaryimage","url":"https:\/\/nature-et-developpement.com\/a2me\/wp-content\/uploads\/Scie-Bosch-double-lame-pour-isolants-biosources.jpg","contentUrl":"https:\/\/nature-et-developpement.com\/a2me\/wp-content\/uploads\/Scie-Bosch-double-lame-pour-isolants-biosources.jpg"},{"@type":"BreadcrumbList","@id":"https:\/\/nature-et-developpement.com\/a2me\/produit\/scie-electrique-double-lames-type-alligator\/#breadcrumb","itemListElement":[{"@type":"ListItem","position":1,"name":"Accueil","item":"https:\/\/nature-et-developpement.com\/a2me\/"},{"@type":"ListItem","position":2,"name":"Produits","item":"https:\/\/nature-et-developpement.com\/a2me\/shop\/"},{"@type":"ListItem","position":3,"name":"Construction, cloison et fen\u00eatres","item":"https:\/\/nature-et-developpement.com\/a2me\/produits\/construction\/"},{"@type":"ListItem","position":4,"name":"Accessoires construction","item":"https:\/\/nature-et-developpement.com\/a2me\/produits\/construction\/accessoires-construction\/"},{"@type":"ListItem","position":5,"name":"Scie \u00e9lectrique Double lames type \u00ab\u00a0Alligator\u00a0\u00bb"}]},{"@type":"WebSite","@id":"https:\/\/nature-et-developpement.com\/a2me\/#website","url":"https:\/\/nature-et-developpement.com\/a2me\/","name":"A2ME","description":"A2ME est membre fondateur du groupement Nature &amp; D\u00e9veloppement","potentialAction":[{"@type":"SearchAction","target":{"@type":"EntryPoint","urlTemplate":"https:\/\/nature-et-developpement.com\/a2me\/?s={search_term_string}"},"query-input":{"@type":"PropertyValueSpecification","valueRequired":true,"valueName":"search_term_string"}}],"inLanguage":"fr-FR"}]}},"distributor_meta":false,"distributor_terms":false,"distributor_media":false,"distributor_original_site_name":"A2ME","distributor_original_site_url":"https:\/\/nature-et-developpement.com\/a2me","push-errors":false,"_links":{"self":[{"href":"https:\/\/nature-et-developpement.com\/a2me\/wp-json\/wp\/v2\/product\/15375","targetHints":{"allow":["GET"]}}],"collection":[{"href":"https:\/\/nature-et-developpement.com\/a2me\/wp-json\/wp\/v2\/product"}],"about":[{"href":"https:\/\/nature-et-developpement.com\/a2me\/wp-json\/wp\/v2\/types\/product"}],"wp:featuredmedia":[{"embeddable":true,"href":"https:\/\/nature-et-developpement.com\/a2me\/wp-json\/"}],"wp:attachment":[{"href":"https:\/\/nature-et-developpement.com\/a2me\/wp-json\/wp\/v2\/media?parent=15375"}],"wp:term":[{"taxonomy":"product_brand","embeddable":true,"href":"https:\/\/nature-et-developpement.com\/a2me\/wp-json\/wp\/v2\/product_brand?post=15375"},{"taxonomy":"product_cat","embeddable":true,"href":"https:\/\/nature-et-developpement.com\/a2me\/wp-json\/wp\/v2\/product_cat?post=15375"},{"taxonomy":"product_tag","embeddable":true,"href":"https:\/\/nature-et-developpement.com\/a2me\/wp-json\/wp\/v2\/product_tag?post=15375"}],"curies":[{"name":"wp","href":"https:\/\/api.w.org\/{rel}","templated":true}]}}