{"id":26994,"date":"2022-03-08T15:06:02","date_gmt":"2022-03-08T14:06:02","guid":{"rendered":"https:\/\/nature-et-developpement.com\/a2me\/?post_type=product&#038;p=26994"},"modified":"2025-06-12T17:27:44","modified_gmt":"2025-06-12T15:27:44","slug":"lame-de-terrasse-lisse-avec-clip-kebony-clear-garantie-30-ans","status":"publish","type":"product","link":"https:\/\/nature-et-developpement.com\/a2me\/produit\/lame-de-terrasse-lisse-avec-clip-kebony-clear-garantie-30-ans\/","title":{"rendered":"Lame de terrasse lisse avec clip Kebony Clear garantie 30 ans"},"content":{"rendered":"<h2>LAMES DE TERRASSE en<em> Pinus Radiata<\/em><\/h2>\n<p>\u00c0 partir d&rsquo;un pin <em>Pinus Radiata<\/em>, et par un proc\u00e9d\u00e9 naturel et technique proche de l&rsquo;acethylation. Kebony \u00ab\u00a0p\u00e9trifie\u00a0\u00bb le bois pour le rendre beaucoup plus dense qu&rsquo;\u00e0 l&rsquo;origine, plus dure.<\/p>\n<p>Plus dure et tellement r\u00e9sistant en usage ext\u00e9rieur qu&rsquo;il se pr\u00e9vaut d&rsquo;une garantie de 30 ans*.<\/p>\n<p>Les lames propos\u00e9s ici font 142 x 22 mm en 3 m, sur commande d&rsquo;autres longueurs existent \u00e0 voir en magasin.<\/p>\n<p>Les lames propos\u00e9s int\u00e8grent une feuillure permettant une pose invisible du parquet.<\/p>\n<p>Aucune d\u00e9formation du parquet, maximum un tuilage de 1% de la largeur, humidit\u00e9 de 4 \u00e0 8 %.<\/p>\n<p>La technologie Kebony\u00ae donne au bois une profonde couleur brune. Apr\u00e8s une exposition au soleil et \u00e0 la pluie, le bois va d\u00e9velopper une patine naturelle d\u2019une teinte gris-argent\u00e9e.<\/p>\n<p>Des variations de la couleur naturelle et de surface peuvent \u00eatre visibles au moment de la livraison et apr\u00e8s installation, or cela n\u2019influence en rien les performances et la durabilit\u00e9 du bois<\/p>\n<p><strong>Garantie platelage et rev\u00eatement Kebony\u00ae : 30 ans<\/strong><\/p>\n<p>La contamination par des organismes non destructeurs tels que des moisissures superficielles ou algues ne sont pas consid\u00e9r\u00e9es comme des dommages couverts par la garantie et n&rsquo;entra\u00eenera par cons\u00e9quent aucune indemnisation ou recours de la part de Kebony<\/p>\n","protected":false},"excerpt":{"rendered":"<p>Lames de terrasse en pin radiata FSC sans biocide.<br \/>\nLames de 142 x 22mm en 3m<\/p>\n","protected":false},"featured_media":26997,"template":"","meta":[],"product_brand":[3198],"product_cat":[2488],"product_tag":[],"class_list":{"0":"post-26994","1":"product","2":"type-product","3":"status-publish","4":"has-post-thumbnail","6":"product_brand-kebony","7":"product_cat-terrasses","8":"product_shipping_class-transport-parquet-lambris-meister","10":"first","11":"instock","12":"taxable","13":"shipping-taxable","14":"purchasable","15":"product-type-simple"},"yoast_head":"<!-- This site is optimized with the Yoast SEO plugin v27.5 - https:\/\/yoast.com\/product\/yoast-seo-wordpress\/ -->\n<title>Lame de terrasse lisse avec clip Kebony Clear garantie 30 ans<\/title>\n<meta name=\"description\" content=\"Lames de terrasse en pin radiata FSC sans biocide. Lames de 142 x 22mm en 3m\" \/>\n<meta name=\"robots\" content=\"noindex, follow\" \/>\n<meta property=\"og:locale\" content=\"fr_FR\" \/>\n<meta property=\"og:type\" content=\"article\" \/>\n<meta property=\"og:title\" content=\"Lame de terrasse lisse avec clip Kebony Clear garantie 30 ans\" \/>\n<meta property=\"og:description\" content=\"Lames de terrasse en pin radiata FSC sans biocide. Lames de 142 x 22mm en 3m\" \/>\n<meta property=\"og:url\" content=\"https:\/\/nature-et-developpement.com\/a2me\/produit\/lame-de-terrasse-lisse-avec-clip-kebony-clear-garantie-30-ans\/\" \/>\n<meta property=\"og:site_name\" content=\"A2ME\" \/>\n<meta property=\"article:modified_time\" content=\"2025-06-12T15:27:44+00:00\" \/>\n<meta property=\"og:image\" content=\"https:\/\/nature-et-developpement.com\/a2me\/wp-content\/uploads\/sites\/6\/2022\/03\/Terrasse-Kebony-Clear-en-22-x-142mm-en-3m-garantie-30-ans.jpg\" \/>\n\t<meta property=\"og:image:width\" content=\"800\" \/>\n\t<meta property=\"og:image:height\" content=\"800\" \/>\n\t<meta property=\"og:image:type\" content=\"image\/jpeg\" \/>\n<meta name=\"twitter:card\" content=\"summary_large_image\" \/>\n<meta name=\"twitter:label1\" content=\"Dur\u00e9e de lecture estim\u00e9e\" \/>\n\t<meta name=\"twitter:data1\" content=\"2 minutes\" \/>\n<script type=\"application\/ld+json\" class=\"yoast-schema-graph\">{\"@context\":\"https:\\\/\\\/schema.org\",\"@graph\":[{\"@type\":\"WebPage\",\"@id\":\"https:\\\/\\\/nature-et-developpement.com\\\/a2me\\\/produit\\\/lame-de-terrasse-lisse-avec-clip-kebony-clear-garantie-30-ans\\\/\",\"url\":\"https:\\\/\\\/nature-et-developpement.com\\\/a2me\\\/produit\\\/lame-de-terrasse-lisse-avec-clip-kebony-clear-garantie-30-ans\\\/\",\"name\":\"Lame de terrasse lisse avec clip Kebony Clear garantie 30 ans\",\"isPartOf\":{\"@id\":\"https:\\\/\\\/nature-et-developpement.com\\\/a2me\\\/#website\"},\"primaryImageOfPage\":{\"@id\":\"https:\\\/\\\/nature-et-developpement.com\\\/a2me\\\/produit\\\/lame-de-terrasse-lisse-avec-clip-kebony-clear-garantie-30-ans\\\/#primaryimage\"},\"image\":{\"@id\":\"https:\\\/\\\/nature-et-developpement.com\\\/a2me\\\/produit\\\/lame-de-terrasse-lisse-avec-clip-kebony-clear-garantie-30-ans\\\/#primaryimage\"},\"thumbnailUrl\":\"https:\\\/\\\/nature-et-developpement.com\\\/a2me\\\/wp-content\\\/uploads\\\/sites\\\/6\\\/2022\\\/03\\\/Terrasse-Kebony-Clear-en-22-x-142mm-en-3m-garantie-30-ans.jpg\",\"datePublished\":\"2022-03-08T14:06:02+00:00\",\"dateModified\":\"2025-06-12T15:27:44+00:00\",\"description\":\"Lames de terrasse en pin radiata FSC sans biocide. Lames de 142 x 22mm en 3m\",\"breadcrumb\":{\"@id\":\"https:\\\/\\\/nature-et-developpement.com\\\/a2me\\\/produit\\\/lame-de-terrasse-lisse-avec-clip-kebony-clear-garantie-30-ans\\\/#breadcrumb\"},\"inLanguage\":\"fr-FR\",\"potentialAction\":[{\"@type\":\"ReadAction\",\"target\":[\"https:\\\/\\\/nature-et-developpement.com\\\/a2me\\\/produit\\\/lame-de-terrasse-lisse-avec-clip-kebony-clear-garantie-30-ans\\\/\"]}]},{\"@type\":\"ImageObject\",\"inLanguage\":\"fr-FR\",\"@id\":\"https:\\\/\\\/nature-et-developpement.com\\\/a2me\\\/produit\\\/lame-de-terrasse-lisse-avec-clip-kebony-clear-garantie-30-ans\\\/#primaryimage\",\"url\":\"https:\\\/\\\/nature-et-developpement.com\\\/a2me\\\/wp-content\\\/uploads\\\/sites\\\/6\\\/2022\\\/03\\\/Terrasse-Kebony-Clear-en-22-x-142mm-en-3m-garantie-30-ans.jpg\",\"contentUrl\":\"https:\\\/\\\/nature-et-developpement.com\\\/a2me\\\/wp-content\\\/uploads\\\/sites\\\/6\\\/2022\\\/03\\\/Terrasse-Kebony-Clear-en-22-x-142mm-en-3m-garantie-30-ans.jpg\",\"width\":800,\"height\":800},{\"@type\":\"BreadcrumbList\",\"@id\":\"https:\\\/\\\/nature-et-developpement.com\\\/a2me\\\/produit\\\/lame-de-terrasse-lisse-avec-clip-kebony-clear-garantie-30-ans\\\/#breadcrumb\",\"itemListElement\":[{\"@type\":\"ListItem\",\"position\":1,\"name\":\"Accueil\",\"item\":\"https:\\\/\\\/nature-et-developpement.com\\\/a2me\\\/\"},{\"@type\":\"ListItem\",\"position\":2,\"name\":\"Produits\",\"item\":\"https:\\\/\\\/nature-et-developpement.com\\\/a2me\\\/shop\\\/\"},{\"@type\":\"ListItem\",\"position\":3,\"name\":\"Agencement ext\u00e9rieur\",\"item\":\"https:\\\/\\\/nature-et-developpement.com\\\/a2me\\\/produits\\\/agencement-exterieur\\\/\"},{\"@type\":\"ListItem\",\"position\":4,\"name\":\"Terrasses et cl\u00f4tures\",\"item\":\"https:\\\/\\\/nature-et-developpement.com\\\/a2me\\\/produits\\\/agencement-exterieur\\\/terrasses\\\/\"},{\"@type\":\"ListItem\",\"position\":5,\"name\":\"Lame de terrasse lisse avec clip Kebony Clear garantie 30 ans\"}]},{\"@type\":\"WebSite\",\"@id\":\"https:\\\/\\\/nature-et-developpement.com\\\/a2me\\\/#website\",\"url\":\"https:\\\/\\\/nature-et-developpement.com\\\/a2me\\\/\",\"name\":\"A2ME\",\"description\":\"A2ME est membre fondateur du groupement Nature &amp; D\u00e9veloppement\",\"potentialAction\":[{\"@type\":\"SearchAction\",\"target\":{\"@type\":\"EntryPoint\",\"urlTemplate\":\"https:\\\/\\\/nature-et-developpement.com\\\/a2me\\\/?s={search_term_string}\"},\"query-input\":{\"@type\":\"PropertyValueSpecification\",\"valueRequired\":true,\"valueName\":\"search_term_string\"}}],\"inLanguage\":\"fr-FR\"}]}<\/script>\n<!-- \/ Yoast SEO plugin. -->","yoast_head_json":{"title":"Lame de terrasse lisse avec clip Kebony Clear garantie 30 ans","description":"Lames de terrasse en pin radiata FSC sans biocide. Lames de 142 x 22mm en 3m","robots":{"index":"noindex","follow":"follow"},"og_locale":"fr_FR","og_type":"article","og_title":"Lame de terrasse lisse avec clip Kebony Clear garantie 30 ans","og_description":"Lames de terrasse en pin radiata FSC sans biocide. Lames de 142 x 22mm en 3m","og_url":"https:\/\/nature-et-developpement.com\/a2me\/produit\/lame-de-terrasse-lisse-avec-clip-kebony-clear-garantie-30-ans\/","og_site_name":"A2ME","article_modified_time":"2025-06-12T15:27:44+00:00","og_image":[{"width":800,"height":800,"url":"https:\/\/nature-et-developpement.com\/a2me\/wp-content\/uploads\/sites\/6\/2022\/03\/Terrasse-Kebony-Clear-en-22-x-142mm-en-3m-garantie-30-ans.jpg","type":"image\/jpeg"}],"twitter_card":"summary_large_image","twitter_misc":{"Dur\u00e9e de lecture estim\u00e9e":"2 minutes"},"schema":{"@context":"https:\/\/schema.org","@graph":[{"@type":"WebPage","@id":"https:\/\/nature-et-developpement.com\/a2me\/produit\/lame-de-terrasse-lisse-avec-clip-kebony-clear-garantie-30-ans\/","url":"https:\/\/nature-et-developpement.com\/a2me\/produit\/lame-de-terrasse-lisse-avec-clip-kebony-clear-garantie-30-ans\/","name":"Lame de terrasse lisse avec clip Kebony Clear garantie 30 ans","isPartOf":{"@id":"https:\/\/nature-et-developpement.com\/a2me\/#website"},"primaryImageOfPage":{"@id":"https:\/\/nature-et-developpement.com\/a2me\/produit\/lame-de-terrasse-lisse-avec-clip-kebony-clear-garantie-30-ans\/#primaryimage"},"image":{"@id":"https:\/\/nature-et-developpement.com\/a2me\/produit\/lame-de-terrasse-lisse-avec-clip-kebony-clear-garantie-30-ans\/#primaryimage"},"thumbnailUrl":"https:\/\/nature-et-developpement.com\/a2me\/wp-content\/uploads\/sites\/6\/2022\/03\/Terrasse-Kebony-Clear-en-22-x-142mm-en-3m-garantie-30-ans.jpg","datePublished":"2022-03-08T14:06:02+00:00","dateModified":"2025-06-12T15:27:44+00:00","description":"Lames de terrasse en pin radiata FSC sans biocide. Lames de 142 x 22mm en 3m","breadcrumb":{"@id":"https:\/\/nature-et-developpement.com\/a2me\/produit\/lame-de-terrasse-lisse-avec-clip-kebony-clear-garantie-30-ans\/#breadcrumb"},"inLanguage":"fr-FR","potentialAction":[{"@type":"ReadAction","target":["https:\/\/nature-et-developpement.com\/a2me\/produit\/lame-de-terrasse-lisse-avec-clip-kebony-clear-garantie-30-ans\/"]}]},{"@type":"ImageObject","inLanguage":"fr-FR","@id":"https:\/\/nature-et-developpement.com\/a2me\/produit\/lame-de-terrasse-lisse-avec-clip-kebony-clear-garantie-30-ans\/#primaryimage","url":"https:\/\/nature-et-developpement.com\/a2me\/wp-content\/uploads\/sites\/6\/2022\/03\/Terrasse-Kebony-Clear-en-22-x-142mm-en-3m-garantie-30-ans.jpg","contentUrl":"https:\/\/nature-et-developpement.com\/a2me\/wp-content\/uploads\/sites\/6\/2022\/03\/Terrasse-Kebony-Clear-en-22-x-142mm-en-3m-garantie-30-ans.jpg","width":800,"height":800},{"@type":"BreadcrumbList","@id":"https:\/\/nature-et-developpement.com\/a2me\/produit\/lame-de-terrasse-lisse-avec-clip-kebony-clear-garantie-30-ans\/#breadcrumb","itemListElement":[{"@type":"ListItem","position":1,"name":"Accueil","item":"https:\/\/nature-et-developpement.com\/a2me\/"},{"@type":"ListItem","position":2,"name":"Produits","item":"https:\/\/nature-et-developpement.com\/a2me\/shop\/"},{"@type":"ListItem","position":3,"name":"Agencement ext\u00e9rieur","item":"https:\/\/nature-et-developpement.com\/a2me\/produits\/agencement-exterieur\/"},{"@type":"ListItem","position":4,"name":"Terrasses et cl\u00f4tures","item":"https:\/\/nature-et-developpement.com\/a2me\/produits\/agencement-exterieur\/terrasses\/"},{"@type":"ListItem","position":5,"name":"Lame de terrasse lisse avec clip Kebony Clear garantie 30 ans"}]},{"@type":"WebSite","@id":"https:\/\/nature-et-developpement.com\/a2me\/#website","url":"https:\/\/nature-et-developpement.com\/a2me\/","name":"A2ME","description":"A2ME est membre fondateur du groupement Nature &amp; D\u00e9veloppement","potentialAction":[{"@type":"SearchAction","target":{"@type":"EntryPoint","urlTemplate":"https:\/\/nature-et-developpement.com\/a2me\/?s={search_term_string}"},"query-input":{"@type":"PropertyValueSpecification","valueRequired":true,"valueName":"search_term_string"}}],"inLanguage":"fr-FR"}]}},"distributor_meta":false,"distributor_terms":false,"distributor_media":false,"distributor_original_site_name":"A2ME","distributor_original_site_url":"https:\/\/nature-et-developpement.com\/a2me","push-errors":false,"_links":{"self":[{"href":"https:\/\/nature-et-developpement.com\/a2me\/wp-json\/wp\/v2\/product\/26994","targetHints":{"allow":["GET"]}}],"collection":[{"href":"https:\/\/nature-et-developpement.com\/a2me\/wp-json\/wp\/v2\/product"}],"about":[{"href":"https:\/\/nature-et-developpement.com\/a2me\/wp-json\/wp\/v2\/types\/product"}],"wp:featuredmedia":[{"embeddable":true,"href":"https:\/\/nature-et-developpement.com\/a2me\/wp-json\/wp\/v2\/media\/26997"}],"wp:attachment":[{"href":"https:\/\/nature-et-developpement.com\/a2me\/wp-json\/wp\/v2\/media?parent=26994"}],"wp:term":[{"taxonomy":"product_brand","embeddable":true,"href":"https:\/\/nature-et-developpement.com\/a2me\/wp-json\/wp\/v2\/product_brand?post=26994"},{"taxonomy":"product_cat","embeddable":true,"href":"https:\/\/nature-et-developpement.com\/a2me\/wp-json\/wp\/v2\/product_cat?post=26994"},{"taxonomy":"product_tag","embeddable":true,"href":"https:\/\/nature-et-developpement.com\/a2me\/wp-json\/wp\/v2\/product_tag?post=26994"}],"curies":[{"name":"wp","href":"https:\/\/api.w.org\/{rel}","templated":true}]}}