{"id":27003,"date":"2022-03-09T09:45:15","date_gmt":"2022-03-09T08:45:15","guid":{"rendered":"https:\/\/nature-et-developpement.com\/a2me\/produit\/combinaison-jetable-de-peintre-avec-capuche-ocai\/"},"modified":"2026-01-06T14:20:12","modified_gmt":"2026-01-06T13:20:12","slug":"combinaison-jetable-de-peintre-avec-capuche-ocai","status":"publish","type":"product","link":"https:\/\/nature-et-developpement.com\/a2me\/produit\/combinaison-jetable-de-peintre-avec-capuche-ocai\/","title":{"rendered":"Combinaison jetable de peintre avec capuche OCAI"},"content":{"rendered":"<p>Combinaison en polypropyl\u00e8ne, livr\u00e9e avec capuche attenante, \u00e9lastique aux poignets, aux chevilles, au visage et \u00e0 la taille.<\/p>\n<p>L\u00e9ger, confortable et perm\u00e9able \u00e0 l&rsquo;air.<\/p>\n","protected":false},"excerpt":{"rendered":"<p>Confortable, l\u00e9g\u00e8re et respirante.<br \/>\nIndispensable pour les travaux au pistolet basse pression ou airless.<\/p>\n","protected":false},"featured_media":1000000167090,"template":"","meta":[],"product_brand":[2751],"product_cat":[115,748,1512,193],"product_tag":[3974],"class_list":{"0":"post-27003","1":"product","2":"type-product","3":"status-publish","4":"has-post-thumbnail","6":"product_brand-ocai","7":"product_cat-accessoires-peinture-et-enduit","8":"product_cat-outillage","9":"product_cat-outillage-peinture-et-enduit","10":"product_cat-preparation-du-support","11":"product_tag-peinture","12":"product_shipping_class-peintures-accessoires-peintures","14":"first","15":"instock","16":"taxable","17":"shipping-taxable","18":"purchasable","19":"product-type-variable"},"yoast_head":"<!-- This site is optimized with the Yoast SEO plugin v27.5 - https:\/\/yoast.com\/product\/yoast-seo-wordpress\/ -->\n<title>Combinaison jetable de peintre avec capuche OCAI<\/title>\n<meta name=\"description\" content=\"Confortable, l\u00e9g\u00e8re et respirante. Indispensable pour les travaux au pistolet basse pression ou airless.\" \/>\n<meta name=\"robots\" content=\"noindex, nofollow\" \/>\n<meta property=\"og:locale\" content=\"fr_FR\" \/>\n<meta property=\"og:type\" content=\"article\" \/>\n<meta property=\"og:title\" content=\"Combinaison jetable de peintre avec capuche OCAI\" \/>\n<meta property=\"og:description\" content=\"Confortable, l\u00e9g\u00e8re et respirante. Indispensable pour les travaux au pistolet basse pression ou airless.\" \/>\n<meta property=\"og:url\" content=\"https:\/\/nature-et-developpement.com\/a2me\/produit\/combinaison-jetable-de-peintre-avec-capuche-ocai\/\" \/>\n<meta property=\"og:site_name\" content=\"A2ME\" \/>\n<meta property=\"article:modified_time\" content=\"2026-01-06T13:20:12+00:00\" \/>\n<meta name=\"twitter:card\" content=\"summary_large_image\" \/>\n<meta name=\"twitter:label1\" content=\"Dur\u00e9e de lecture estim\u00e9e\" \/>\n\t<meta name=\"twitter:data1\" content=\"1 minute\" \/>\n<script type=\"application\/ld+json\" class=\"yoast-schema-graph\">{\"@context\":\"https:\\\/\\\/schema.org\",\"@graph\":[{\"@type\":\"WebPage\",\"@id\":\"https:\\\/\\\/nature-et-developpement.com\\\/a2me\\\/produit\\\/combinaison-jetable-de-peintre-avec-capuche-ocai\\\/\",\"url\":\"https:\\\/\\\/nature-et-developpement.com\\\/a2me\\\/produit\\\/combinaison-jetable-de-peintre-avec-capuche-ocai\\\/\",\"name\":\"Combinaison jetable de peintre avec capuche OCAI\",\"isPartOf\":{\"@id\":\"https:\\\/\\\/nature-et-developpement.com\\\/a2me\\\/#website\"},\"primaryImageOfPage\":{\"@id\":\"https:\\\/\\\/nature-et-developpement.com\\\/a2me\\\/produit\\\/combinaison-jetable-de-peintre-avec-capuche-ocai\\\/#primaryimage\"},\"image\":{\"@id\":\"https:\\\/\\\/nature-et-developpement.com\\\/a2me\\\/produit\\\/combinaison-jetable-de-peintre-avec-capuche-ocai\\\/#primaryimage\"},\"thumbnailUrl\":\"https:\\\/\\\/nature-et-developpement.com\\\/a2me\\\/wp-content\\\/uploads\\\/Combinaison-de-peintre-jetable-OCAI-XL.jpg\",\"datePublished\":\"2022-03-09T08:45:15+00:00\",\"dateModified\":\"2026-01-06T13:20:12+00:00\",\"description\":\"Confortable, l\u00e9g\u00e8re et respirante. Indispensable pour les travaux au pistolet basse pression ou airless.\",\"breadcrumb\":{\"@id\":\"https:\\\/\\\/nature-et-developpement.com\\\/a2me\\\/produit\\\/combinaison-jetable-de-peintre-avec-capuche-ocai\\\/#breadcrumb\"},\"inLanguage\":\"fr-FR\",\"potentialAction\":[{\"@type\":\"ReadAction\",\"target\":[\"https:\\\/\\\/nature-et-developpement.com\\\/a2me\\\/produit\\\/combinaison-jetable-de-peintre-avec-capuche-ocai\\\/\"]}]},{\"@type\":\"ImageObject\",\"inLanguage\":\"fr-FR\",\"@id\":\"https:\\\/\\\/nature-et-developpement.com\\\/a2me\\\/produit\\\/combinaison-jetable-de-peintre-avec-capuche-ocai\\\/#primaryimage\",\"url\":\"https:\\\/\\\/nature-et-developpement.com\\\/a2me\\\/wp-content\\\/uploads\\\/Combinaison-de-peintre-jetable-OCAI-XL.jpg\",\"contentUrl\":\"https:\\\/\\\/nature-et-developpement.com\\\/a2me\\\/wp-content\\\/uploads\\\/Combinaison-de-peintre-jetable-OCAI-XL.jpg\"},{\"@type\":\"BreadcrumbList\",\"@id\":\"https:\\\/\\\/nature-et-developpement.com\\\/a2me\\\/produit\\\/combinaison-jetable-de-peintre-avec-capuche-ocai\\\/#breadcrumb\",\"itemListElement\":[{\"@type\":\"ListItem\",\"position\":1,\"name\":\"Accueil\",\"item\":\"https:\\\/\\\/nature-et-developpement.com\\\/a2me\\\/\"},{\"@type\":\"ListItem\",\"position\":2,\"name\":\"Produits\",\"item\":\"https:\\\/\\\/nature-et-developpement.com\\\/a2me\\\/shop\\\/\"},{\"@type\":\"ListItem\",\"position\":3,\"name\":\"Peinture, pigment et enduit\",\"item\":\"https:\\\/\\\/nature-et-developpement.com\\\/a2me\\\/produits\\\/peinture-et-enduit\\\/\"},{\"@type\":\"ListItem\",\"position\":4,\"name\":\"Pr\u00e9paration du support\",\"item\":\"https:\\\/\\\/nature-et-developpement.com\\\/a2me\\\/produits\\\/peinture-et-enduit\\\/preparation-du-support\\\/\"},{\"@type\":\"ListItem\",\"position\":5,\"name\":\"Combinaison jetable de peintre avec capuche OCAI\"}]},{\"@type\":\"WebSite\",\"@id\":\"https:\\\/\\\/nature-et-developpement.com\\\/a2me\\\/#website\",\"url\":\"https:\\\/\\\/nature-et-developpement.com\\\/a2me\\\/\",\"name\":\"A2ME\",\"description\":\"A2ME est membre fondateur du groupement Nature &amp; D\u00e9veloppement\",\"potentialAction\":[{\"@type\":\"SearchAction\",\"target\":{\"@type\":\"EntryPoint\",\"urlTemplate\":\"https:\\\/\\\/nature-et-developpement.com\\\/a2me\\\/?s={search_term_string}\"},\"query-input\":{\"@type\":\"PropertyValueSpecification\",\"valueRequired\":true,\"valueName\":\"search_term_string\"}}],\"inLanguage\":\"fr-FR\"}]}<\/script>\n<!-- \/ Yoast SEO plugin. -->","yoast_head_json":{"title":"Combinaison jetable de peintre avec capuche OCAI","description":"Confortable, l\u00e9g\u00e8re et respirante. Indispensable pour les travaux au pistolet basse pression ou airless.","robots":{"index":"noindex","follow":"nofollow"},"og_locale":"fr_FR","og_type":"article","og_title":"Combinaison jetable de peintre avec capuche OCAI","og_description":"Confortable, l\u00e9g\u00e8re et respirante. Indispensable pour les travaux au pistolet basse pression ou airless.","og_url":"https:\/\/nature-et-developpement.com\/a2me\/produit\/combinaison-jetable-de-peintre-avec-capuche-ocai\/","og_site_name":"A2ME","article_modified_time":"2026-01-06T13:20:12+00:00","twitter_card":"summary_large_image","twitter_misc":{"Dur\u00e9e de lecture estim\u00e9e":"1 minute"},"schema":{"@context":"https:\/\/schema.org","@graph":[{"@type":"WebPage","@id":"https:\/\/nature-et-developpement.com\/a2me\/produit\/combinaison-jetable-de-peintre-avec-capuche-ocai\/","url":"https:\/\/nature-et-developpement.com\/a2me\/produit\/combinaison-jetable-de-peintre-avec-capuche-ocai\/","name":"Combinaison jetable de peintre avec capuche OCAI","isPartOf":{"@id":"https:\/\/nature-et-developpement.com\/a2me\/#website"},"primaryImageOfPage":{"@id":"https:\/\/nature-et-developpement.com\/a2me\/produit\/combinaison-jetable-de-peintre-avec-capuche-ocai\/#primaryimage"},"image":{"@id":"https:\/\/nature-et-developpement.com\/a2me\/produit\/combinaison-jetable-de-peintre-avec-capuche-ocai\/#primaryimage"},"thumbnailUrl":"https:\/\/nature-et-developpement.com\/a2me\/wp-content\/uploads\/Combinaison-de-peintre-jetable-OCAI-XL.jpg","datePublished":"2022-03-09T08:45:15+00:00","dateModified":"2026-01-06T13:20:12+00:00","description":"Confortable, l\u00e9g\u00e8re et respirante. Indispensable pour les travaux au pistolet basse pression ou airless.","breadcrumb":{"@id":"https:\/\/nature-et-developpement.com\/a2me\/produit\/combinaison-jetable-de-peintre-avec-capuche-ocai\/#breadcrumb"},"inLanguage":"fr-FR","potentialAction":[{"@type":"ReadAction","target":["https:\/\/nature-et-developpement.com\/a2me\/produit\/combinaison-jetable-de-peintre-avec-capuche-ocai\/"]}]},{"@type":"ImageObject","inLanguage":"fr-FR","@id":"https:\/\/nature-et-developpement.com\/a2me\/produit\/combinaison-jetable-de-peintre-avec-capuche-ocai\/#primaryimage","url":"https:\/\/nature-et-developpement.com\/a2me\/wp-content\/uploads\/Combinaison-de-peintre-jetable-OCAI-XL.jpg","contentUrl":"https:\/\/nature-et-developpement.com\/a2me\/wp-content\/uploads\/Combinaison-de-peintre-jetable-OCAI-XL.jpg"},{"@type":"BreadcrumbList","@id":"https:\/\/nature-et-developpement.com\/a2me\/produit\/combinaison-jetable-de-peintre-avec-capuche-ocai\/#breadcrumb","itemListElement":[{"@type":"ListItem","position":1,"name":"Accueil","item":"https:\/\/nature-et-developpement.com\/a2me\/"},{"@type":"ListItem","position":2,"name":"Produits","item":"https:\/\/nature-et-developpement.com\/a2me\/shop\/"},{"@type":"ListItem","position":3,"name":"Peinture, pigment et enduit","item":"https:\/\/nature-et-developpement.com\/a2me\/produits\/peinture-et-enduit\/"},{"@type":"ListItem","position":4,"name":"Pr\u00e9paration du support","item":"https:\/\/nature-et-developpement.com\/a2me\/produits\/peinture-et-enduit\/preparation-du-support\/"},{"@type":"ListItem","position":5,"name":"Combinaison jetable de peintre avec capuche OCAI"}]},{"@type":"WebSite","@id":"https:\/\/nature-et-developpement.com\/a2me\/#website","url":"https:\/\/nature-et-developpement.com\/a2me\/","name":"A2ME","description":"A2ME est membre fondateur du groupement Nature &amp; D\u00e9veloppement","potentialAction":[{"@type":"SearchAction","target":{"@type":"EntryPoint","urlTemplate":"https:\/\/nature-et-developpement.com\/a2me\/?s={search_term_string}"},"query-input":{"@type":"PropertyValueSpecification","valueRequired":true,"valueName":"search_term_string"}}],"inLanguage":"fr-FR"}]}},"distributor_meta":false,"distributor_terms":false,"distributor_media":false,"distributor_original_site_name":"A2ME","distributor_original_site_url":"https:\/\/nature-et-developpement.com\/a2me","push-errors":false,"_links":{"self":[{"href":"https:\/\/nature-et-developpement.com\/a2me\/wp-json\/wp\/v2\/product\/27003","targetHints":{"allow":["GET"]}}],"collection":[{"href":"https:\/\/nature-et-developpement.com\/a2me\/wp-json\/wp\/v2\/product"}],"about":[{"href":"https:\/\/nature-et-developpement.com\/a2me\/wp-json\/wp\/v2\/types\/product"}],"wp:featuredmedia":[{"embeddable":true,"href":"https:\/\/nature-et-developpement.com\/a2me\/wp-json\/"}],"wp:attachment":[{"href":"https:\/\/nature-et-developpement.com\/a2me\/wp-json\/wp\/v2\/media?parent=27003"}],"wp:term":[{"taxonomy":"product_brand","embeddable":true,"href":"https:\/\/nature-et-developpement.com\/a2me\/wp-json\/wp\/v2\/product_brand?post=27003"},{"taxonomy":"product_cat","embeddable":true,"href":"https:\/\/nature-et-developpement.com\/a2me\/wp-json\/wp\/v2\/product_cat?post=27003"},{"taxonomy":"product_tag","embeddable":true,"href":"https:\/\/nature-et-developpement.com\/a2me\/wp-json\/wp\/v2\/product_tag?post=27003"}],"curies":[{"name":"wp","href":"https:\/\/api.w.org\/{rel}","templated":true}]}}