{"id":30490,"date":"2024-12-10T00:00:31","date_gmt":"2024-12-09T23:00:31","guid":{"rendered":"https:\/\/nature-et-developpement.com\/a2me\/produit\/sixbox-appui-ob63\/"},"modified":"2025-06-12T17:29:22","modified_gmt":"2025-06-12T15:29:22","slug":"sixbox-appui-ob63","status":"publish","type":"product","link":"https:\/\/nature-et-developpement.com\/a2me\/produit\/sixbox-appui-ob63\/","title":{"rendered":"Appui fixe OB63 suspente pour rail m\u00e9tallique syst\u00e8me SIXBOX"},"content":{"rendered":"<h2>L&rsquo;appui fixe OB63<\/h2>\n<p>Vous permet de fixer les rails \/ fourrures qui recevront vos plaques de parement int\u00e9rieur (plaque de pl\u00e2tre, Fermacell ) sans d\u00e9t\u00e9riorer votre pare vapeur .<\/p>\n<p>Il facilite la cr\u00e9ation d&rsquo;une lame d&rsquo;air entre votre mur support et vos plaques de pl\u00e2tres pour passer vos gaines \u00e9lectriques et techniques.<\/p>\n<p>Les appuis SIXBOX s&rsquo;utilisent quel que soit le type de construction :<\/p>\n<ul>\n<li>Ossature bois<\/li>\n<li>M\u00e9tallique<\/li>\n<li>Brique<\/li>\n<li>Parpaing<\/li>\n<li>B\u00e9ton cellulaire etc &#8230;<\/li>\n<li>Ils peuvent \u00eatre associ\u00e9s \u00e0 des entretoises pour augmenter votre vide technique ou pour faire face \u00e0 une contrainte technique.<\/li>\n<\/ul>\n<p><strong>Exemple :\u00a0<\/strong><\/p>\n<p>Il vous faut un vide technique de 101mm , vous pouvez donc utiliser un OB63   ENT38 = 101mm<\/p>\n<h3>Domaine d&rsquo;application pour les murs et plafonds:<\/h3>\n<p>&#8211; Plaque de pl\u00e2tre standard de 12.5 \u00e0 18mm<\/p>\n<p>&#8211; Fermacell de 10 \u00e0 18 mm<\/p>\n<p>&nbsp;<\/p>\n<p>Disponible en plusieurs dimensions : OB17, OB30, OB43, OB63, OB83 pour les versions non r\u00e9glables et OBMR 15\/32 pour la version r\u00e9glable.<\/p>\n<p>Compatibilit\u00e9 fourrure : F47 &#8211; F530<\/p>\n<p>Vendu par carton de 50 ou 250 pi\u00e8ces.<\/p>\n","protected":false},"excerpt":{"rendered":"<p>L&rsquo;appui fixe OB 63 vous permet de fixer les rails \/ fourrures qui recevront vos plaques de parement int\u00e9rieur (plaque de pl\u00e2tre, Fermacell ) sans d\u00e9t\u00e9riorer votre pare vapeur.<\/p>\n","protected":false},"featured_media":1000000168759,"template":"","meta":[],"product_brand":[2788],"product_cat":[282,283],"product_tag":[],"class_list":{"0":"post-30490","1":"product","2":"type-product","3":"status-publish","4":"has-post-thumbnail","6":"product_brand-sixbox","7":"product_cat-accessoires-construction","8":"product_cat-accessoires-isolation-et-etancheite","9":"product_shipping_class-petit-equipement-outil-eclairage","11":"first","12":"instock","13":"taxable","14":"shipping-taxable","15":"purchasable","16":"product-type-variable"},"yoast_head":"<!-- This site is optimized with the Yoast SEO plugin v27.5 - https:\/\/yoast.com\/product\/yoast-seo-wordpress\/ -->\n<title>Appui fixe OB63 suspente pour rail m\u00e9tallique syst\u00e8me SIXBOX<\/title>\n<meta name=\"description\" content=\"L&#039;appui fixe OB 63 vous permet de fixer les rails \/ fourrures qui recevront vos plaques de parement int\u00e9rieur (plaque de pl\u00e2tre, Fermacell ) sans d\u00e9t\u00e9riorer votre pare vapeur.\" \/>\n<meta name=\"robots\" content=\"noindex, follow\" \/>\n<meta property=\"og:locale\" content=\"fr_FR\" \/>\n<meta property=\"og:type\" content=\"article\" \/>\n<meta property=\"og:title\" content=\"Appui fixe OB63 suspente pour rail m\u00e9tallique syst\u00e8me SIXBOX\" \/>\n<meta property=\"og:description\" content=\"L&#039;appui fixe OB 63 vous permet de fixer les rails \/ fourrures qui recevront vos plaques de parement int\u00e9rieur (plaque de pl\u00e2tre, Fermacell ) sans d\u00e9t\u00e9riorer votre pare vapeur.\" \/>\n<meta property=\"og:url\" content=\"https:\/\/nature-et-developpement.com\/a2me\/produit\/sixbox-appui-ob63\/\" \/>\n<meta property=\"og:site_name\" content=\"A2ME\" \/>\n<meta property=\"article:modified_time\" content=\"2025-06-12T15:29:22+00:00\" \/>\n<meta name=\"twitter:card\" content=\"summary_large_image\" \/>\n<meta name=\"twitter:label1\" content=\"Dur\u00e9e de lecture estim\u00e9e\" \/>\n\t<meta name=\"twitter:data1\" content=\"1 minute\" \/>\n<script type=\"application\/ld+json\" class=\"yoast-schema-graph\">{\"@context\":\"https:\\\/\\\/schema.org\",\"@graph\":[{\"@type\":\"WebPage\",\"@id\":\"https:\\\/\\\/nature-et-developpement.com\\\/a2me\\\/produit\\\/sixbox-appui-ob63\\\/\",\"url\":\"https:\\\/\\\/nature-et-developpement.com\\\/a2me\\\/produit\\\/sixbox-appui-ob63\\\/\",\"name\":\"Appui fixe OB63 suspente pour rail m\u00e9tallique syst\u00e8me SIXBOX\",\"isPartOf\":{\"@id\":\"https:\\\/\\\/nature-et-developpement.com\\\/a2me\\\/#website\"},\"primaryImageOfPage\":{\"@id\":\"https:\\\/\\\/nature-et-developpement.com\\\/a2me\\\/produit\\\/sixbox-appui-ob63\\\/#primaryimage\"},\"image\":{\"@id\":\"https:\\\/\\\/nature-et-developpement.com\\\/a2me\\\/produit\\\/sixbox-appui-ob63\\\/#primaryimage\"},\"thumbnailUrl\":\"https:\\\/\\\/nature-et-developpement.com\\\/a2me\\\/wp-content\\\/uploads\\\/Appui-fixe-OB63-suspente-pour-rail-metallique-systeme-SIXBOX.jpg\",\"datePublished\":\"2024-12-09T23:00:31+00:00\",\"dateModified\":\"2025-06-12T15:29:22+00:00\",\"description\":\"L'appui fixe OB 63 vous permet de fixer les rails \\\/ fourrures qui recevront vos plaques de parement int\u00e9rieur (plaque de pl\u00e2tre, Fermacell ) sans d\u00e9t\u00e9riorer votre pare vapeur.\",\"breadcrumb\":{\"@id\":\"https:\\\/\\\/nature-et-developpement.com\\\/a2me\\\/produit\\\/sixbox-appui-ob63\\\/#breadcrumb\"},\"inLanguage\":\"fr-FR\",\"potentialAction\":[{\"@type\":\"ReadAction\",\"target\":[\"https:\\\/\\\/nature-et-developpement.com\\\/a2me\\\/produit\\\/sixbox-appui-ob63\\\/\"]}]},{\"@type\":\"ImageObject\",\"inLanguage\":\"fr-FR\",\"@id\":\"https:\\\/\\\/nature-et-developpement.com\\\/a2me\\\/produit\\\/sixbox-appui-ob63\\\/#primaryimage\",\"url\":\"https:\\\/\\\/nature-et-developpement.com\\\/a2me\\\/wp-content\\\/uploads\\\/Appui-fixe-OB63-suspente-pour-rail-metallique-systeme-SIXBOX.jpg\",\"contentUrl\":\"https:\\\/\\\/nature-et-developpement.com\\\/a2me\\\/wp-content\\\/uploads\\\/Appui-fixe-OB63-suspente-pour-rail-metallique-systeme-SIXBOX.jpg\"},{\"@type\":\"BreadcrumbList\",\"@id\":\"https:\\\/\\\/nature-et-developpement.com\\\/a2me\\\/produit\\\/sixbox-appui-ob63\\\/#breadcrumb\",\"itemListElement\":[{\"@type\":\"ListItem\",\"position\":1,\"name\":\"Accueil\",\"item\":\"https:\\\/\\\/nature-et-developpement.com\\\/a2me\\\/\"},{\"@type\":\"ListItem\",\"position\":2,\"name\":\"Produits\",\"item\":\"https:\\\/\\\/nature-et-developpement.com\\\/a2me\\\/shop\\\/\"},{\"@type\":\"ListItem\",\"position\":3,\"name\":\"Construction, cloison et fen\u00eatres\",\"item\":\"https:\\\/\\\/nature-et-developpement.com\\\/a2me\\\/produits\\\/construction\\\/\"},{\"@type\":\"ListItem\",\"position\":4,\"name\":\"Accessoires construction\",\"item\":\"https:\\\/\\\/nature-et-developpement.com\\\/a2me\\\/produits\\\/construction\\\/accessoires-construction\\\/\"},{\"@type\":\"ListItem\",\"position\":5,\"name\":\"Appui fixe OB63 suspente pour rail m\u00e9tallique syst\u00e8me SIXBOX\"}]},{\"@type\":\"WebSite\",\"@id\":\"https:\\\/\\\/nature-et-developpement.com\\\/a2me\\\/#website\",\"url\":\"https:\\\/\\\/nature-et-developpement.com\\\/a2me\\\/\",\"name\":\"A2ME\",\"description\":\"A2ME est membre fondateur du groupement Nature &amp; D\u00e9veloppement\",\"potentialAction\":[{\"@type\":\"SearchAction\",\"target\":{\"@type\":\"EntryPoint\",\"urlTemplate\":\"https:\\\/\\\/nature-et-developpement.com\\\/a2me\\\/?s={search_term_string}\"},\"query-input\":{\"@type\":\"PropertyValueSpecification\",\"valueRequired\":true,\"valueName\":\"search_term_string\"}}],\"inLanguage\":\"fr-FR\"}]}<\/script>\n<!-- \/ Yoast SEO plugin. -->","yoast_head_json":{"title":"Appui fixe OB63 suspente pour rail m\u00e9tallique syst\u00e8me SIXBOX","description":"L'appui fixe OB 63 vous permet de fixer les rails \/ fourrures qui recevront vos plaques de parement int\u00e9rieur (plaque de pl\u00e2tre, Fermacell ) sans d\u00e9t\u00e9riorer votre pare vapeur.","robots":{"index":"noindex","follow":"follow"},"og_locale":"fr_FR","og_type":"article","og_title":"Appui fixe OB63 suspente pour rail m\u00e9tallique syst\u00e8me SIXBOX","og_description":"L'appui fixe OB 63 vous permet de fixer les rails \/ fourrures qui recevront vos plaques de parement int\u00e9rieur (plaque de pl\u00e2tre, Fermacell ) sans d\u00e9t\u00e9riorer votre pare vapeur.","og_url":"https:\/\/nature-et-developpement.com\/a2me\/produit\/sixbox-appui-ob63\/","og_site_name":"A2ME","article_modified_time":"2025-06-12T15:29:22+00:00","twitter_card":"summary_large_image","twitter_misc":{"Dur\u00e9e de lecture estim\u00e9e":"1 minute"},"schema":{"@context":"https:\/\/schema.org","@graph":[{"@type":"WebPage","@id":"https:\/\/nature-et-developpement.com\/a2me\/produit\/sixbox-appui-ob63\/","url":"https:\/\/nature-et-developpement.com\/a2me\/produit\/sixbox-appui-ob63\/","name":"Appui fixe OB63 suspente pour rail m\u00e9tallique syst\u00e8me SIXBOX","isPartOf":{"@id":"https:\/\/nature-et-developpement.com\/a2me\/#website"},"primaryImageOfPage":{"@id":"https:\/\/nature-et-developpement.com\/a2me\/produit\/sixbox-appui-ob63\/#primaryimage"},"image":{"@id":"https:\/\/nature-et-developpement.com\/a2me\/produit\/sixbox-appui-ob63\/#primaryimage"},"thumbnailUrl":"https:\/\/nature-et-developpement.com\/a2me\/wp-content\/uploads\/Appui-fixe-OB63-suspente-pour-rail-metallique-systeme-SIXBOX.jpg","datePublished":"2024-12-09T23:00:31+00:00","dateModified":"2025-06-12T15:29:22+00:00","description":"L'appui fixe OB 63 vous permet de fixer les rails \/ fourrures qui recevront vos plaques de parement int\u00e9rieur (plaque de pl\u00e2tre, Fermacell ) sans d\u00e9t\u00e9riorer votre pare vapeur.","breadcrumb":{"@id":"https:\/\/nature-et-developpement.com\/a2me\/produit\/sixbox-appui-ob63\/#breadcrumb"},"inLanguage":"fr-FR","potentialAction":[{"@type":"ReadAction","target":["https:\/\/nature-et-developpement.com\/a2me\/produit\/sixbox-appui-ob63\/"]}]},{"@type":"ImageObject","inLanguage":"fr-FR","@id":"https:\/\/nature-et-developpement.com\/a2me\/produit\/sixbox-appui-ob63\/#primaryimage","url":"https:\/\/nature-et-developpement.com\/a2me\/wp-content\/uploads\/Appui-fixe-OB63-suspente-pour-rail-metallique-systeme-SIXBOX.jpg","contentUrl":"https:\/\/nature-et-developpement.com\/a2me\/wp-content\/uploads\/Appui-fixe-OB63-suspente-pour-rail-metallique-systeme-SIXBOX.jpg"},{"@type":"BreadcrumbList","@id":"https:\/\/nature-et-developpement.com\/a2me\/produit\/sixbox-appui-ob63\/#breadcrumb","itemListElement":[{"@type":"ListItem","position":1,"name":"Accueil","item":"https:\/\/nature-et-developpement.com\/a2me\/"},{"@type":"ListItem","position":2,"name":"Produits","item":"https:\/\/nature-et-developpement.com\/a2me\/shop\/"},{"@type":"ListItem","position":3,"name":"Construction, cloison et fen\u00eatres","item":"https:\/\/nature-et-developpement.com\/a2me\/produits\/construction\/"},{"@type":"ListItem","position":4,"name":"Accessoires construction","item":"https:\/\/nature-et-developpement.com\/a2me\/produits\/construction\/accessoires-construction\/"},{"@type":"ListItem","position":5,"name":"Appui fixe OB63 suspente pour rail m\u00e9tallique syst\u00e8me SIXBOX"}]},{"@type":"WebSite","@id":"https:\/\/nature-et-developpement.com\/a2me\/#website","url":"https:\/\/nature-et-developpement.com\/a2me\/","name":"A2ME","description":"A2ME est membre fondateur du groupement Nature &amp; D\u00e9veloppement","potentialAction":[{"@type":"SearchAction","target":{"@type":"EntryPoint","urlTemplate":"https:\/\/nature-et-developpement.com\/a2me\/?s={search_term_string}"},"query-input":{"@type":"PropertyValueSpecification","valueRequired":true,"valueName":"search_term_string"}}],"inLanguage":"fr-FR"}]}},"distributor_meta":false,"distributor_terms":false,"distributor_media":false,"distributor_original_site_name":"A2ME","distributor_original_site_url":"https:\/\/nature-et-developpement.com\/a2me","push-errors":false,"_links":{"self":[{"href":"https:\/\/nature-et-developpement.com\/a2me\/wp-json\/wp\/v2\/product\/30490","targetHints":{"allow":["GET"]}}],"collection":[{"href":"https:\/\/nature-et-developpement.com\/a2me\/wp-json\/wp\/v2\/product"}],"about":[{"href":"https:\/\/nature-et-developpement.com\/a2me\/wp-json\/wp\/v2\/types\/product"}],"wp:featuredmedia":[{"embeddable":true,"href":"https:\/\/nature-et-developpement.com\/a2me\/wp-json\/"}],"wp:attachment":[{"href":"https:\/\/nature-et-developpement.com\/a2me\/wp-json\/wp\/v2\/media?parent=30490"}],"wp:term":[{"taxonomy":"product_brand","embeddable":true,"href":"https:\/\/nature-et-developpement.com\/a2me\/wp-json\/wp\/v2\/product_brand?post=30490"},{"taxonomy":"product_cat","embeddable":true,"href":"https:\/\/nature-et-developpement.com\/a2me\/wp-json\/wp\/v2\/product_cat?post=30490"},{"taxonomy":"product_tag","embeddable":true,"href":"https:\/\/nature-et-developpement.com\/a2me\/wp-json\/wp\/v2\/product_tag?post=30490"}],"curies":[{"name":"wp","href":"https:\/\/api.w.org\/{rel}","templated":true}]}}