{"id":31086,"date":"2022-06-28T09:07:14","date_gmt":"2022-06-28T07:07:14","guid":{"rendered":"https:\/\/nature-et-developpement.com\/a2me\/?post_type=product&#038;p=31086"},"modified":"2025-06-12T17:29:24","modified_gmt":"2025-06-12T15:29:24","slug":"dalle-osb-sterling-osb3-zero","status":"publish","type":"product","link":"https:\/\/nature-et-developpement.com\/a2me\/produit\/dalle-osb-sterling-osb3-zero\/","title":{"rendered":"Dalle OSB Sterling OSB3-Zero sans formald\u00e9hyde RL4 rainure-languette"},"content":{"rendered":"<h2>Un OSB sain pour la construction<\/h2>\n<p>La Dalle SterlingOSB3-Zero RL4 est un OSB polyvalent pour les constructions g\u00e9n\u00e9rales et structurelles dans un environnement sec et humide.<\/p>\n<p>Elle est la dalle de pr\u00e9dilection pour diverses applications dans la construction de logements et de b\u00e2timents utilitaires, pour la construction ossature bois, les planchers, parois et sous toitures.<\/p>\n<p>SterlingOSB3-Zero est un panneau OSB polyvalent pour les constructions g\u00e9n\u00e9rales et structurelles dans un environnement sec et humide.<\/p>\n<p>SterlingOSB3-Zero est le panneau de pr\u00e9dilection<br \/>\npour diverses applications dans la construction de logements et de b\u00e2timents utilitaires, pour la construction ossature bois, les planchers, parois et sous toitures.<\/p>\n<p>Norbord parvenu \u00e0 d\u00e9velopper un panneau OSB sans ajout de formald\u00e9hyde: Sterling OSB-Zero.<\/p>\n<p>Par sa durabilit\u00e9 et sa solidit\u00e9, SterlingOSB3-Zero est le panneau de construction id\u00e9al pour une utilisation dans des applications g\u00e9n\u00e9rales et structurelles, que ce soit dans des environnements secs ou humides.<br \/>\n&gt;<\/p>\n<h3>Le panneau OSB 3-Zero est certifi\u00e9 :<\/h3>\n<p><strong>FSC<\/strong> (Forest Stewardship Council).<\/p>\n<p>Label international\u00a0 ind\u00e9pendant qui garantit un march\u00e9 du bois durable et une gestion responsable des for\u00eats. Le bois portant le label FSC est issu de for\u00eats g\u00e9r\u00e9es de mani\u00e8re responsable.<\/p>\n<p>En achetant SterlingOSB3-Zero, vous apportez votre contribution \u00e0 la protection des for\u00eats dans le monde<\/p>\n<p><strong>NEN-EN 300<\/strong><\/p>\n<p>SterlingOSB3-Zero satisfait aux conditions rigoureuses de la norme NEN-EN 300 applicables aux panneaux de particules dits Oriented Strand Boards (OSB).<\/p>\n<p>Cette norme renferme des termes et des d\u00e9finitions, une classification et des sp\u00e9cifications<\/p>\n<p><strong>KOMO<\/strong><\/p>\n<p>SterlingOSB3-Zero est un produit certifi\u00e9 KOMO. Ce certificat atteste que le panneau SterlingOSB3-Zero satisfait \u00e0 la directive d\u2019\u00e9valuation KOMO qui fixe des normes en mati\u00e8re de sp\u00e9cifications techniques, ainsi que les exigences et les tol\u00e9rances y aff\u00e9rentes<\/p>\n<p><strong>CPD<\/strong> (Constructive Products Directive)<\/p>\n<p>Directive europ\u00e9enne visant \u00e0 aplanir les obstacles techniques dans la construction en vue de favoriser le libre-\u00e9change \u00e0 l\u2019int\u00e9rieur de l\u2019UE.<\/p>\n","protected":false},"excerpt":{"rendered":"<p>Les maisons ossature bois ont besoin d&rsquo;un panneau contreventement afin d&rsquo;assurer une bonne rigidit\u00e9 de l&rsquo;ensemble.<\/p>\n<p>La Dalle SterlingOSB3-Zero RL4 est un OSB polyvalent pour les constructions g\u00e9n\u00e9rales et structurelles dans un environnement sec et humide.<\/p>\n","protected":false},"featured_media":31107,"template":"","meta":[],"product_brand":[3566],"product_cat":[152,130,2830],"product_tag":[],"class_list":{"0":"post-31086","1":"product","2":"type-product","3":"status-publish","4":"has-post-thumbnail","6":"product_brand-west-frazer","7":"product_cat-construction-maison-bois","8":"product_cat-construction","9":"product_cat-demande-de-devis-uniquement-avec-prix","10":"product_shipping_class-impact-transport-important","12":"first","13":"instock","14":"taxable","15":"shipping-taxable","16":"purchasable","17":"product-type-variable"},"yoast_head":"<!-- This site is optimized with the Yoast SEO plugin v27.5 - https:\/\/yoast.com\/product\/yoast-seo-wordpress\/ -->\n<title>Dalle OSB Sterling OSB3-Zero sans formald\u00e9hyde RL4 rainure-languette<\/title>\n<meta name=\"description\" content=\"Les maisons ossature bois ont besoin d&#039;un panneau contreventement afin d&#039;assurer une bonne rigidit\u00e9 de l&#039;ensemble.  La Dalle SterlingOSB3-Zero RL4 est un OSB polyvalent pour les constructions g\u00e9n\u00e9rales et structurelles dans un environnement sec et humide.\" \/>\n<meta name=\"robots\" content=\"noindex, follow\" \/>\n<meta property=\"og:locale\" content=\"fr_FR\" \/>\n<meta property=\"og:type\" content=\"article\" \/>\n<meta property=\"og:title\" content=\"Dalle OSB Sterling OSB3-Zero sans formald\u00e9hyde RL4 rainure-languette\" \/>\n<meta property=\"og:description\" content=\"Les maisons ossature bois ont besoin d&#039;un panneau contreventement afin d&#039;assurer une bonne rigidit\u00e9 de l&#039;ensemble.  La Dalle SterlingOSB3-Zero RL4 est un OSB polyvalent pour les constructions g\u00e9n\u00e9rales et structurelles dans un environnement sec et humide.\" \/>\n<meta property=\"og:url\" content=\"https:\/\/nature-et-developpement.com\/a2me\/produit\/dalle-osb-sterling-osb3-zero\/\" \/>\n<meta property=\"og:site_name\" content=\"A2ME\" \/>\n<meta property=\"article:modified_time\" content=\"2025-06-12T15:29:24+00:00\" \/>\n<meta property=\"og:image\" content=\"https:\/\/nature-et-developpement.com\/a2me\/wp-content\/uploads\/sites\/6\/2022\/06\/Dalle-OSB-Sterling-OSB-3-Zero.jpg\" \/>\n\t<meta property=\"og:image:width\" content=\"880\" \/>\n\t<meta property=\"og:image:height\" content=\"880\" \/>\n\t<meta property=\"og:image:type\" content=\"image\/jpeg\" \/>\n<meta name=\"twitter:card\" content=\"summary_large_image\" \/>\n<meta name=\"twitter:label1\" content=\"Dur\u00e9e de lecture estim\u00e9e\" \/>\n\t<meta name=\"twitter:data1\" content=\"2 minutes\" \/>\n<script type=\"application\/ld+json\" class=\"yoast-schema-graph\">{\"@context\":\"https:\\\/\\\/schema.org\",\"@graph\":[{\"@type\":\"WebPage\",\"@id\":\"https:\\\/\\\/nature-et-developpement.com\\\/a2me\\\/produit\\\/dalle-osb-sterling-osb3-zero\\\/\",\"url\":\"https:\\\/\\\/nature-et-developpement.com\\\/a2me\\\/produit\\\/dalle-osb-sterling-osb3-zero\\\/\",\"name\":\"Dalle OSB Sterling OSB3-Zero sans formald\u00e9hyde RL4 rainure-languette\",\"isPartOf\":{\"@id\":\"https:\\\/\\\/nature-et-developpement.com\\\/a2me\\\/#website\"},\"primaryImageOfPage\":{\"@id\":\"https:\\\/\\\/nature-et-developpement.com\\\/a2me\\\/produit\\\/dalle-osb-sterling-osb3-zero\\\/#primaryimage\"},\"image\":{\"@id\":\"https:\\\/\\\/nature-et-developpement.com\\\/a2me\\\/produit\\\/dalle-osb-sterling-osb3-zero\\\/#primaryimage\"},\"thumbnailUrl\":\"https:\\\/\\\/nature-et-developpement.com\\\/a2me\\\/wp-content\\\/uploads\\\/sites\\\/6\\\/2022\\\/06\\\/Dalle-OSB-Sterling-OSB-3-Zero.jpg\",\"datePublished\":\"2022-06-28T07:07:14+00:00\",\"dateModified\":\"2025-06-12T15:29:24+00:00\",\"description\":\"Les maisons ossature bois ont besoin d'un panneau contreventement afin d'assurer une bonne rigidit\u00e9 de l'ensemble. La Dalle SterlingOSB3-Zero RL4 est un OSB polyvalent pour les constructions g\u00e9n\u00e9rales et structurelles dans un environnement sec et humide.\",\"breadcrumb\":{\"@id\":\"https:\\\/\\\/nature-et-developpement.com\\\/a2me\\\/produit\\\/dalle-osb-sterling-osb3-zero\\\/#breadcrumb\"},\"inLanguage\":\"fr-FR\",\"potentialAction\":[{\"@type\":\"ReadAction\",\"target\":[\"https:\\\/\\\/nature-et-developpement.com\\\/a2me\\\/produit\\\/dalle-osb-sterling-osb3-zero\\\/\"]}]},{\"@type\":\"ImageObject\",\"inLanguage\":\"fr-FR\",\"@id\":\"https:\\\/\\\/nature-et-developpement.com\\\/a2me\\\/produit\\\/dalle-osb-sterling-osb3-zero\\\/#primaryimage\",\"url\":\"https:\\\/\\\/nature-et-developpement.com\\\/a2me\\\/wp-content\\\/uploads\\\/sites\\\/6\\\/2022\\\/06\\\/Dalle-OSB-Sterling-OSB-3-Zero.jpg\",\"contentUrl\":\"https:\\\/\\\/nature-et-developpement.com\\\/a2me\\\/wp-content\\\/uploads\\\/sites\\\/6\\\/2022\\\/06\\\/Dalle-OSB-Sterling-OSB-3-Zero.jpg\",\"width\":880,\"height\":880},{\"@type\":\"BreadcrumbList\",\"@id\":\"https:\\\/\\\/nature-et-developpement.com\\\/a2me\\\/produit\\\/dalle-osb-sterling-osb3-zero\\\/#breadcrumb\",\"itemListElement\":[{\"@type\":\"ListItem\",\"position\":1,\"name\":\"Accueil\",\"item\":\"https:\\\/\\\/nature-et-developpement.com\\\/a2me\\\/\"},{\"@type\":\"ListItem\",\"position\":2,\"name\":\"Produits\",\"item\":\"https:\\\/\\\/nature-et-developpement.com\\\/a2me\\\/shop\\\/\"},{\"@type\":\"ListItem\",\"position\":3,\"name\":\"Construction, cloison et fen\u00eatres\",\"item\":\"https:\\\/\\\/nature-et-developpement.com\\\/a2me\\\/produits\\\/construction\\\/\"},{\"@type\":\"ListItem\",\"position\":4,\"name\":\"Dalle OSB Sterling OSB3-Zero sans formald\u00e9hyde RL4 rainure-languette\"}]},{\"@type\":\"WebSite\",\"@id\":\"https:\\\/\\\/nature-et-developpement.com\\\/a2me\\\/#website\",\"url\":\"https:\\\/\\\/nature-et-developpement.com\\\/a2me\\\/\",\"name\":\"A2ME\",\"description\":\"A2ME est membre fondateur du groupement Nature &amp; D\u00e9veloppement\",\"potentialAction\":[{\"@type\":\"SearchAction\",\"target\":{\"@type\":\"EntryPoint\",\"urlTemplate\":\"https:\\\/\\\/nature-et-developpement.com\\\/a2me\\\/?s={search_term_string}\"},\"query-input\":{\"@type\":\"PropertyValueSpecification\",\"valueRequired\":true,\"valueName\":\"search_term_string\"}}],\"inLanguage\":\"fr-FR\"}]}<\/script>\n<!-- \/ Yoast SEO plugin. -->","yoast_head_json":{"title":"Dalle OSB Sterling OSB3-Zero sans formald\u00e9hyde RL4 rainure-languette","description":"Les maisons ossature bois ont besoin d'un panneau contreventement afin d'assurer une bonne rigidit\u00e9 de l'ensemble.  La Dalle SterlingOSB3-Zero RL4 est un OSB polyvalent pour les constructions g\u00e9n\u00e9rales et structurelles dans un environnement sec et humide.","robots":{"index":"noindex","follow":"follow"},"og_locale":"fr_FR","og_type":"article","og_title":"Dalle OSB Sterling OSB3-Zero sans formald\u00e9hyde RL4 rainure-languette","og_description":"Les maisons ossature bois ont besoin d'un panneau contreventement afin d'assurer une bonne rigidit\u00e9 de l'ensemble.  La Dalle SterlingOSB3-Zero RL4 est un OSB polyvalent pour les constructions g\u00e9n\u00e9rales et structurelles dans un environnement sec et humide.","og_url":"https:\/\/nature-et-developpement.com\/a2me\/produit\/dalle-osb-sterling-osb3-zero\/","og_site_name":"A2ME","article_modified_time":"2025-06-12T15:29:24+00:00","og_image":[{"width":880,"height":880,"url":"https:\/\/nature-et-developpement.com\/a2me\/wp-content\/uploads\/sites\/6\/2022\/06\/Dalle-OSB-Sterling-OSB-3-Zero.jpg","type":"image\/jpeg"}],"twitter_card":"summary_large_image","twitter_misc":{"Dur\u00e9e de lecture estim\u00e9e":"2 minutes"},"schema":{"@context":"https:\/\/schema.org","@graph":[{"@type":"WebPage","@id":"https:\/\/nature-et-developpement.com\/a2me\/produit\/dalle-osb-sterling-osb3-zero\/","url":"https:\/\/nature-et-developpement.com\/a2me\/produit\/dalle-osb-sterling-osb3-zero\/","name":"Dalle OSB Sterling OSB3-Zero sans formald\u00e9hyde RL4 rainure-languette","isPartOf":{"@id":"https:\/\/nature-et-developpement.com\/a2me\/#website"},"primaryImageOfPage":{"@id":"https:\/\/nature-et-developpement.com\/a2me\/produit\/dalle-osb-sterling-osb3-zero\/#primaryimage"},"image":{"@id":"https:\/\/nature-et-developpement.com\/a2me\/produit\/dalle-osb-sterling-osb3-zero\/#primaryimage"},"thumbnailUrl":"https:\/\/nature-et-developpement.com\/a2me\/wp-content\/uploads\/sites\/6\/2022\/06\/Dalle-OSB-Sterling-OSB-3-Zero.jpg","datePublished":"2022-06-28T07:07:14+00:00","dateModified":"2025-06-12T15:29:24+00:00","description":"Les maisons ossature bois ont besoin d'un panneau contreventement afin d'assurer une bonne rigidit\u00e9 de l'ensemble. La Dalle SterlingOSB3-Zero RL4 est un OSB polyvalent pour les constructions g\u00e9n\u00e9rales et structurelles dans un environnement sec et humide.","breadcrumb":{"@id":"https:\/\/nature-et-developpement.com\/a2me\/produit\/dalle-osb-sterling-osb3-zero\/#breadcrumb"},"inLanguage":"fr-FR","potentialAction":[{"@type":"ReadAction","target":["https:\/\/nature-et-developpement.com\/a2me\/produit\/dalle-osb-sterling-osb3-zero\/"]}]},{"@type":"ImageObject","inLanguage":"fr-FR","@id":"https:\/\/nature-et-developpement.com\/a2me\/produit\/dalle-osb-sterling-osb3-zero\/#primaryimage","url":"https:\/\/nature-et-developpement.com\/a2me\/wp-content\/uploads\/sites\/6\/2022\/06\/Dalle-OSB-Sterling-OSB-3-Zero.jpg","contentUrl":"https:\/\/nature-et-developpement.com\/a2me\/wp-content\/uploads\/sites\/6\/2022\/06\/Dalle-OSB-Sterling-OSB-3-Zero.jpg","width":880,"height":880},{"@type":"BreadcrumbList","@id":"https:\/\/nature-et-developpement.com\/a2me\/produit\/dalle-osb-sterling-osb3-zero\/#breadcrumb","itemListElement":[{"@type":"ListItem","position":1,"name":"Accueil","item":"https:\/\/nature-et-developpement.com\/a2me\/"},{"@type":"ListItem","position":2,"name":"Produits","item":"https:\/\/nature-et-developpement.com\/a2me\/shop\/"},{"@type":"ListItem","position":3,"name":"Construction, cloison et fen\u00eatres","item":"https:\/\/nature-et-developpement.com\/a2me\/produits\/construction\/"},{"@type":"ListItem","position":4,"name":"Dalle OSB Sterling OSB3-Zero sans formald\u00e9hyde RL4 rainure-languette"}]},{"@type":"WebSite","@id":"https:\/\/nature-et-developpement.com\/a2me\/#website","url":"https:\/\/nature-et-developpement.com\/a2me\/","name":"A2ME","description":"A2ME est membre fondateur du groupement Nature &amp; D\u00e9veloppement","potentialAction":[{"@type":"SearchAction","target":{"@type":"EntryPoint","urlTemplate":"https:\/\/nature-et-developpement.com\/a2me\/?s={search_term_string}"},"query-input":{"@type":"PropertyValueSpecification","valueRequired":true,"valueName":"search_term_string"}}],"inLanguage":"fr-FR"}]}},"distributor_meta":false,"distributor_terms":false,"distributor_media":false,"distributor_original_site_name":"A2ME","distributor_original_site_url":"https:\/\/nature-et-developpement.com\/a2me","push-errors":false,"_links":{"self":[{"href":"https:\/\/nature-et-developpement.com\/a2me\/wp-json\/wp\/v2\/product\/31086","targetHints":{"allow":["GET"]}}],"collection":[{"href":"https:\/\/nature-et-developpement.com\/a2me\/wp-json\/wp\/v2\/product"}],"about":[{"href":"https:\/\/nature-et-developpement.com\/a2me\/wp-json\/wp\/v2\/types\/product"}],"wp:featuredmedia":[{"embeddable":true,"href":"https:\/\/nature-et-developpement.com\/a2me\/wp-json\/wp\/v2\/media\/31107"}],"wp:attachment":[{"href":"https:\/\/nature-et-developpement.com\/a2me\/wp-json\/wp\/v2\/media?parent=31086"}],"wp:term":[{"taxonomy":"product_brand","embeddable":true,"href":"https:\/\/nature-et-developpement.com\/a2me\/wp-json\/wp\/v2\/product_brand?post=31086"},{"taxonomy":"product_cat","embeddable":true,"href":"https:\/\/nature-et-developpement.com\/a2me\/wp-json\/wp\/v2\/product_cat?post=31086"},{"taxonomy":"product_tag","embeddable":true,"href":"https:\/\/nature-et-developpement.com\/a2me\/wp-json\/wp\/v2\/product_tag?post=31086"}],"curies":[{"name":"wp","href":"https:\/\/api.w.org\/{rel}","templated":true}]}}