{"id":31282,"date":"2022-07-15T12:27:16","date_gmt":"2022-07-15T10:27:16","guid":{"rendered":"https:\/\/nature-et-developpement.com\/a2me\/produit\/telecommande-domotique-pour-gamme-z-wave-de-fakro\/"},"modified":"2025-09-02T14:15:10","modified_gmt":"2025-09-02T12:15:10","slug":"telecommande-domotique-pour-gamme-z-wave-de-fakro","status":"publish","type":"product","link":"https:\/\/nature-et-developpement.com\/a2me\/produit\/telecommande-domotique-pour-gamme-z-wave-de-fakro\/","title":{"rendered":"T\u00e9l\u00e9commande domotique pour commande des produits de la gamme Z-Wave de FAKRO"},"content":{"rendered":"<h2>Une t\u00e9l\u00e9commande pour les piloter tous&#8230;<\/h2>\n<h4>La t\u00e9l\u00e9commande radio ZRG3<\/h4>\n<p>\u00c0 l\u2019aide d\u2019un joystick ergonomique, elle permet la commande de tous les dispositifs \u00e9lectriques Z-wave de fa\u00e7on individuelle ou en groupe.<\/p>\n<p>Il est possible d\u2019attribuer <strong>5 dispositifs<\/strong> maximum sur l\u2019un des trois canaux accessibles.<\/p>\n<p>Rechargement par prise USB.<\/p>\n<p>&nbsp;<\/p>\n<h4>La t\u00e9l\u00e9commande ZRH12<\/h4>\n<p>C&rsquo;est un contr\u00f4leur radio Z-Wave avanc\u00e9 permettant de configurer et de commander individuellement ou en groupe les dispositifs dans le r\u00e9seau Z-Wave \u00e0 l\u2019aide d\u2019un joystick ergonomique.<\/p>\n<p>Un des 12 groupes de la t\u00e9l\u00e9commande peut recevoir au maximum <strong>12 dispositifs<\/strong>.<\/p>\n<p>&nbsp;<\/p>\n<h4>La t\u00e9l\u00e9commande ZRS 24<\/h4>\n<p>Elle permet de communiquer des accessoires \u00e9lectriques Fakro.<\/p>\n<p>La m\u00e9moire de la t\u00e9l\u00e9commande sauvegarde jusqu\u2019aux 231 accessoires ainsi que permet de cr\u00e9er et <strong>commander de 24 groupes, 24 pi\u00e8ces et 24 sc\u00e8nes<\/strong>.<\/p>\n<p>Sur \u00e9crans en couleur LCD on peut donner le nom des dispositifs, groupes, lieux et cr\u00e9er les sc\u00e8nes ainsi que contr\u00f4ler facilement les fonctions et dispositifs dans le r\u00e9seau Z-Wave.<\/p>\n<h3><strong>Ces t\u00e9l\u00e9commandes permettent de contr\u00f4ler les accessoires FAKRO suivants :<\/strong><\/h3>\n<ul>\n<li>moteur \u00e0 cha\u00eene ZWS12, ZWS230<\/li>\n<li>ensemble ZWZ230<\/li>\n<li>volet roulant ARZ Z-Wave<\/li>\n<li>store pare-soleil AMZ Z-Wave<\/li>\n<li>store pare-soleil vertical VMZ Z-Wave<\/li>\n<li>store vertical VMB Z-Wave<\/li>\n<li>store occultant ARF Z-Wave, ARP Z-Wave<\/li>\n<li>store v\u00e9nitien AJP Z-Wave<\/li>\n<li>fen\u00eatre FTP-V Z-Wave, FTU-V Z-Wave<\/li>\n<li>fen\u00eatre pour toit plat DEC Z-Wave, DEF Z-Wave<\/li>\n<\/ul>\n","protected":false},"excerpt":{"rendered":"<p>Ces t\u00e9l\u00e9commande vous permettent de commander\u00a0 toutes vos fen\u00eatres de toit et vos volets \u00e9lectrique FAKRO<\/p>\n","protected":false},"featured_media":1000000169657,"template":"","meta":[],"product_brand":[2774],"product_cat":[118],"product_tag":[4214],"class_list":{"0":"post-31282","1":"product","2":"type-product","3":"status-publish","4":"has-post-thumbnail","6":"product_brand-fakro","7":"product_cat-accessoires-agencement-interieur","8":"product_tag-fakro","9":"product_shipping_class-petit-equipement-outil-eclairage","11":"first","12":"instock","13":"taxable","14":"shipping-taxable","15":"purchasable","16":"product-type-variable"},"yoast_head":"<!-- This site is optimized with the Yoast SEO plugin v27.5 - https:\/\/yoast.com\/product\/yoast-seo-wordpress\/ -->\n<title>T\u00e9l\u00e9commande domotique pour gamme Z-Wave de FAKRO<\/title>\n<meta name=\"description\" content=\"Ces t\u00e9l\u00e9commande vous permettent de commander\u00a0 toutes vos fen\u00eatres de toit et vos volets \u00e9lectrique FAKRO\" \/>\n<meta name=\"robots\" content=\"noindex, nofollow\" \/>\n<meta property=\"og:locale\" content=\"fr_FR\" \/>\n<meta property=\"og:type\" content=\"article\" \/>\n<meta property=\"og:title\" content=\"T\u00e9l\u00e9commande domotique pour gamme Z-Wave de FAKRO\" \/>\n<meta property=\"og:description\" content=\"Ces t\u00e9l\u00e9commande vous permettent de commander\u00a0 toutes vos fen\u00eatres de toit et vos volets \u00e9lectrique FAKRO\" \/>\n<meta property=\"og:url\" content=\"https:\/\/nature-et-developpement.com\/a2me\/produit\/telecommande-domotique-pour-gamme-z-wave-de-fakro\/\" \/>\n<meta property=\"og:site_name\" content=\"A2ME\" \/>\n<meta property=\"article:modified_time\" content=\"2025-09-02T12:15:10+00:00\" \/>\n<meta name=\"twitter:card\" content=\"summary_large_image\" \/>\n<meta name=\"twitter:label1\" content=\"Dur\u00e9e de lecture estim\u00e9e\" \/>\n\t<meta name=\"twitter:data1\" content=\"2 minutes\" \/>\n<script type=\"application\/ld+json\" class=\"yoast-schema-graph\">{\"@context\":\"https:\\\/\\\/schema.org\",\"@graph\":[{\"@type\":\"WebPage\",\"@id\":\"https:\\\/\\\/nature-et-developpement.com\\\/a2me\\\/produit\\\/telecommande-domotique-pour-gamme-z-wave-de-fakro\\\/\",\"url\":\"https:\\\/\\\/nature-et-developpement.com\\\/a2me\\\/produit\\\/telecommande-domotique-pour-gamme-z-wave-de-fakro\\\/\",\"name\":\"T\u00e9l\u00e9commande domotique pour gamme Z-Wave de FAKRO\",\"isPartOf\":{\"@id\":\"https:\\\/\\\/nature-et-developpement.com\\\/a2me\\\/#website\"},\"primaryImageOfPage\":{\"@id\":\"https:\\\/\\\/nature-et-developpement.com\\\/a2me\\\/produit\\\/telecommande-domotique-pour-gamme-z-wave-de-fakro\\\/#primaryimage\"},\"image\":{\"@id\":\"https:\\\/\\\/nature-et-developpement.com\\\/a2me\\\/produit\\\/telecommande-domotique-pour-gamme-z-wave-de-fakro\\\/#primaryimage\"},\"thumbnailUrl\":\"https:\\\/\\\/nature-et-developpement.com\\\/a2me\\\/wp-content\\\/uploads\\\/Telecommande-ZRH12-FAKRO-blanche.jpg\",\"datePublished\":\"2022-07-15T10:27:16+00:00\",\"dateModified\":\"2025-09-02T12:15:10+00:00\",\"description\":\"Ces t\u00e9l\u00e9commande vous permettent de commander\u00a0 toutes vos fen\u00eatres de toit et vos volets \u00e9lectrique FAKRO\",\"breadcrumb\":{\"@id\":\"https:\\\/\\\/nature-et-developpement.com\\\/a2me\\\/produit\\\/telecommande-domotique-pour-gamme-z-wave-de-fakro\\\/#breadcrumb\"},\"inLanguage\":\"fr-FR\",\"potentialAction\":[{\"@type\":\"ReadAction\",\"target\":[\"https:\\\/\\\/nature-et-developpement.com\\\/a2me\\\/produit\\\/telecommande-domotique-pour-gamme-z-wave-de-fakro\\\/\"]}]},{\"@type\":\"ImageObject\",\"inLanguage\":\"fr-FR\",\"@id\":\"https:\\\/\\\/nature-et-developpement.com\\\/a2me\\\/produit\\\/telecommande-domotique-pour-gamme-z-wave-de-fakro\\\/#primaryimage\",\"url\":\"https:\\\/\\\/nature-et-developpement.com\\\/a2me\\\/wp-content\\\/uploads\\\/Telecommande-ZRH12-FAKRO-blanche.jpg\",\"contentUrl\":\"https:\\\/\\\/nature-et-developpement.com\\\/a2me\\\/wp-content\\\/uploads\\\/Telecommande-ZRH12-FAKRO-blanche.jpg\"},{\"@type\":\"BreadcrumbList\",\"@id\":\"https:\\\/\\\/nature-et-developpement.com\\\/a2me\\\/produit\\\/telecommande-domotique-pour-gamme-z-wave-de-fakro\\\/#breadcrumb\",\"itemListElement\":[{\"@type\":\"ListItem\",\"position\":1,\"name\":\"Accueil\",\"item\":\"https:\\\/\\\/nature-et-developpement.com\\\/a2me\\\/\"},{\"@type\":\"ListItem\",\"position\":2,\"name\":\"Produits\",\"item\":\"https:\\\/\\\/nature-et-developpement.com\\\/a2me\\\/shop\\\/\"},{\"@type\":\"ListItem\",\"position\":3,\"name\":\"Agencement int\u00e9rieur\",\"item\":\"https:\\\/\\\/nature-et-developpement.com\\\/a2me\\\/produits\\\/agencement-interieur\\\/\"},{\"@type\":\"ListItem\",\"position\":4,\"name\":\"Accessoires agencement int\u00e9rieur\",\"item\":\"https:\\\/\\\/nature-et-developpement.com\\\/a2me\\\/produits\\\/agencement-interieur\\\/accessoires-agencement-interieur\\\/\"},{\"@type\":\"ListItem\",\"position\":5,\"name\":\"T\u00e9l\u00e9commande domotique pour commande des produits de la gamme Z-Wave de FAKRO\"}]},{\"@type\":\"WebSite\",\"@id\":\"https:\\\/\\\/nature-et-developpement.com\\\/a2me\\\/#website\",\"url\":\"https:\\\/\\\/nature-et-developpement.com\\\/a2me\\\/\",\"name\":\"A2ME\",\"description\":\"A2ME est membre fondateur du groupement Nature &amp; D\u00e9veloppement\",\"potentialAction\":[{\"@type\":\"SearchAction\",\"target\":{\"@type\":\"EntryPoint\",\"urlTemplate\":\"https:\\\/\\\/nature-et-developpement.com\\\/a2me\\\/?s={search_term_string}\"},\"query-input\":{\"@type\":\"PropertyValueSpecification\",\"valueRequired\":true,\"valueName\":\"search_term_string\"}}],\"inLanguage\":\"fr-FR\"}]}<\/script>\n<!-- \/ Yoast SEO plugin. -->","yoast_head_json":{"title":"T\u00e9l\u00e9commande domotique pour gamme Z-Wave de FAKRO","description":"Ces t\u00e9l\u00e9commande vous permettent de commander\u00a0 toutes vos fen\u00eatres de toit et vos volets \u00e9lectrique FAKRO","robots":{"index":"noindex","follow":"nofollow"},"og_locale":"fr_FR","og_type":"article","og_title":"T\u00e9l\u00e9commande domotique pour gamme Z-Wave de FAKRO","og_description":"Ces t\u00e9l\u00e9commande vous permettent de commander\u00a0 toutes vos fen\u00eatres de toit et vos volets \u00e9lectrique FAKRO","og_url":"https:\/\/nature-et-developpement.com\/a2me\/produit\/telecommande-domotique-pour-gamme-z-wave-de-fakro\/","og_site_name":"A2ME","article_modified_time":"2025-09-02T12:15:10+00:00","twitter_card":"summary_large_image","twitter_misc":{"Dur\u00e9e de lecture estim\u00e9e":"2 minutes"},"schema":{"@context":"https:\/\/schema.org","@graph":[{"@type":"WebPage","@id":"https:\/\/nature-et-developpement.com\/a2me\/produit\/telecommande-domotique-pour-gamme-z-wave-de-fakro\/","url":"https:\/\/nature-et-developpement.com\/a2me\/produit\/telecommande-domotique-pour-gamme-z-wave-de-fakro\/","name":"T\u00e9l\u00e9commande domotique pour gamme Z-Wave de FAKRO","isPartOf":{"@id":"https:\/\/nature-et-developpement.com\/a2me\/#website"},"primaryImageOfPage":{"@id":"https:\/\/nature-et-developpement.com\/a2me\/produit\/telecommande-domotique-pour-gamme-z-wave-de-fakro\/#primaryimage"},"image":{"@id":"https:\/\/nature-et-developpement.com\/a2me\/produit\/telecommande-domotique-pour-gamme-z-wave-de-fakro\/#primaryimage"},"thumbnailUrl":"https:\/\/nature-et-developpement.com\/a2me\/wp-content\/uploads\/Telecommande-ZRH12-FAKRO-blanche.jpg","datePublished":"2022-07-15T10:27:16+00:00","dateModified":"2025-09-02T12:15:10+00:00","description":"Ces t\u00e9l\u00e9commande vous permettent de commander\u00a0 toutes vos fen\u00eatres de toit et vos volets \u00e9lectrique FAKRO","breadcrumb":{"@id":"https:\/\/nature-et-developpement.com\/a2me\/produit\/telecommande-domotique-pour-gamme-z-wave-de-fakro\/#breadcrumb"},"inLanguage":"fr-FR","potentialAction":[{"@type":"ReadAction","target":["https:\/\/nature-et-developpement.com\/a2me\/produit\/telecommande-domotique-pour-gamme-z-wave-de-fakro\/"]}]},{"@type":"ImageObject","inLanguage":"fr-FR","@id":"https:\/\/nature-et-developpement.com\/a2me\/produit\/telecommande-domotique-pour-gamme-z-wave-de-fakro\/#primaryimage","url":"https:\/\/nature-et-developpement.com\/a2me\/wp-content\/uploads\/Telecommande-ZRH12-FAKRO-blanche.jpg","contentUrl":"https:\/\/nature-et-developpement.com\/a2me\/wp-content\/uploads\/Telecommande-ZRH12-FAKRO-blanche.jpg"},{"@type":"BreadcrumbList","@id":"https:\/\/nature-et-developpement.com\/a2me\/produit\/telecommande-domotique-pour-gamme-z-wave-de-fakro\/#breadcrumb","itemListElement":[{"@type":"ListItem","position":1,"name":"Accueil","item":"https:\/\/nature-et-developpement.com\/a2me\/"},{"@type":"ListItem","position":2,"name":"Produits","item":"https:\/\/nature-et-developpement.com\/a2me\/shop\/"},{"@type":"ListItem","position":3,"name":"Agencement int\u00e9rieur","item":"https:\/\/nature-et-developpement.com\/a2me\/produits\/agencement-interieur\/"},{"@type":"ListItem","position":4,"name":"Accessoires agencement int\u00e9rieur","item":"https:\/\/nature-et-developpement.com\/a2me\/produits\/agencement-interieur\/accessoires-agencement-interieur\/"},{"@type":"ListItem","position":5,"name":"T\u00e9l\u00e9commande domotique pour commande des produits de la gamme Z-Wave de FAKRO"}]},{"@type":"WebSite","@id":"https:\/\/nature-et-developpement.com\/a2me\/#website","url":"https:\/\/nature-et-developpement.com\/a2me\/","name":"A2ME","description":"A2ME est membre fondateur du groupement Nature &amp; D\u00e9veloppement","potentialAction":[{"@type":"SearchAction","target":{"@type":"EntryPoint","urlTemplate":"https:\/\/nature-et-developpement.com\/a2me\/?s={search_term_string}"},"query-input":{"@type":"PropertyValueSpecification","valueRequired":true,"valueName":"search_term_string"}}],"inLanguage":"fr-FR"}]}},"distributor_meta":false,"distributor_terms":false,"distributor_media":false,"distributor_original_site_name":"A2ME","distributor_original_site_url":"https:\/\/nature-et-developpement.com\/a2me","push-errors":false,"_links":{"self":[{"href":"https:\/\/nature-et-developpement.com\/a2me\/wp-json\/wp\/v2\/product\/31282","targetHints":{"allow":["GET"]}}],"collection":[{"href":"https:\/\/nature-et-developpement.com\/a2me\/wp-json\/wp\/v2\/product"}],"about":[{"href":"https:\/\/nature-et-developpement.com\/a2me\/wp-json\/wp\/v2\/types\/product"}],"wp:featuredmedia":[{"embeddable":true,"href":"https:\/\/nature-et-developpement.com\/a2me\/wp-json\/"}],"wp:attachment":[{"href":"https:\/\/nature-et-developpement.com\/a2me\/wp-json\/wp\/v2\/media?parent=31282"}],"wp:term":[{"taxonomy":"product_brand","embeddable":true,"href":"https:\/\/nature-et-developpement.com\/a2me\/wp-json\/wp\/v2\/product_brand?post=31282"},{"taxonomy":"product_cat","embeddable":true,"href":"https:\/\/nature-et-developpement.com\/a2me\/wp-json\/wp\/v2\/product_cat?post=31282"},{"taxonomy":"product_tag","embeddable":true,"href":"https:\/\/nature-et-developpement.com\/a2me\/wp-json\/wp\/v2\/product_tag?post=31282"}],"curies":[{"name":"wp","href":"https:\/\/api.w.org\/{rel}","templated":true}]}}