{"id":31964,"date":"2023-01-06T12:45:38","date_gmt":"2023-01-06T11:45:38","guid":{"rendered":"https:\/\/nature-et-developpement.com\/a2me\/?post_type=product&#038;p=31964"},"modified":"2025-06-12T17:29:29","modified_gmt":"2025-06-12T15:29:29","slug":"isolant-thermique-souple-chanvre-lin-coton-30mm-biofibtrio","status":"publish","type":"product","link":"https:\/\/nature-et-developpement.com\/a2me\/produit\/isolant-thermique-souple-chanvre-lin-coton-30mm-biofibtrio\/","title":{"rendered":"Isolant thermique souple chanvre, lin, coton 30mm Biofib&rsquo;TRIO"},"content":{"rendered":"<div id=\"PRODUIT_ENCART\">\n<h2>Chanvre lin coton, le trio gagnant<\/h2>\n<p>Biofib &lsquo;TRIO est une solution d&rsquo;isolation thermo-acoustique naturelle\u00a0compl\u00e8tement innovante.<\/p>\n<p>Ce produit offre des performances thermiques optimum assurant une isolation efficace, \u00e9t\u00e9 comme hiver !<\/p>\n<h3>Long\u00e9vit\u00e9 des performances<\/h3>\n<p>Con\u00e7us selon un processus industriel novateur, leur conf\u00e9rant un \u00ab effet ressort \u00bb en lat\u00e9ral, les panneaux isolants Biofib\u2019Trio affichent :<\/p>\n<ul>\n<li>Une excellente tenue\u00a0m\u00e9canique\u00a0qui contribue \u00e0 leur grande facilit\u00e9 de pose et permet de conserver durablement toute leur efficacit\u00e9<\/li>\n<li>Une d\u00e9coupe et une pose simplifi\u00e9es m\u00eame en cas de supports irr\u00e9guliers\u00a0(notamment en r\u00e9novation) : d\u00e9couper l\u2019isolant en majorant l\u2019espace entre les montants de 2 cm environ afin de poser le panneau en l\u00e9g\u00e8re compression<\/li>\n<li>La r\u00e9duction des ponts thermiques\u00a0: l\u2019isolant \u00ab \u00e9pouse \u00bb la forme des montants<\/li>\n<li>Une grande stabilit\u00e9 dans le temps\u00a0: pas de tassement vertical<\/li>\n<li>Enfin ses fibres naturelles, non toxiques, non irritantes et douces au toucher ne n\u00e9cessitent\u00a0aucune pr\u00e9caution particuli\u00e8re lors de la mise en oeuvre\u00a0.<\/li>\n<\/ul>\n<div class=\"span9\">\n<h2>Caract\u00e9ristiques techniques<\/h2>\n<div class=\"dropdown-fiche btn-large\"><\/div>\n<div class=\"detailsCaracs\">\n<table id=\"table-responsive\" class=\"table-striped table-bordered table-hover\" border=\"0\" cellspacing=\"0\" cellpadding=\"3\">\n<tbody>\n<tr>\n<td class=\"cellules\">Composition<\/td>\n<td colspan=\"9\">92 % Fibres de chanvre Fibres de coton Fibres de lin, 8 % Liant PE<\/td>\n<\/tr>\n<tr>\n<td class=\"cellules\">Densit\u00e9<\/td>\n<td colspan=\"9\">30 kg\/m\u00b3<\/td>\n<\/tr>\n<tr>\n<td class=\"cellules\">Epaisseur<\/td>\n<td>30 mm<\/td>\n<td><\/td>\n<td><\/td>\n<td><\/td>\n<td><\/td>\n<td><\/td>\n<td><\/td>\n<td><\/td>\n<td><\/td>\n<\/tr>\n<tr>\n<td class=\"cellules\">R\u00e9sistance thermique (R)<\/td>\n<td>0,77<\/td>\n<td><\/td>\n<td><\/td>\n<td><\/td>\n<td><\/td>\n<td><\/td>\n<td><\/td>\n<td><\/td>\n<td><\/td>\n<\/tr>\n<tr>\n<td class=\"cellules\">Perm\u00e9abilit\u00e9 \u00e0 la vapeur d&rsquo;eau (Sd)<\/td>\n<td>0,05<\/td>\n<td><\/td>\n<td><\/td>\n<td><\/td>\n<td><\/td>\n<td><\/td>\n<td><\/td>\n<td><\/td>\n<td><\/td>\n<\/tr>\n<tr>\n<td class=\"cellules\">Capacit\u00e9 thermique<\/td>\n<td colspan=\"9\">1800 Cp<\/td>\n<\/tr>\n<tr>\n<td class=\"cellules\">Conductivit\u00e9 thermique massique<\/td>\n<td colspan=\"9\">\u03bb 0,039 (ACERMI)<\/td>\n<\/tr>\n<tr>\n<td class=\"cellules\">Coefficient de r\u00e9sistance \u00e0 la diffusion de la vapeur d\u2019eau<\/td>\n<td colspan=\"9\">\u22642 \u00b5<\/td>\n<\/tr>\n<tr>\n<td class=\"cellules\">R\u00e9action au feu<\/td>\n<td colspan=\"9\">F \/ Non test\u00e9<\/td>\n<\/tr>\n<tr>\n<td class=\"cellules\">Temp\u00e9rature maxi d\u2019utilisation<\/td>\n<td colspan=\"9\">120 \u00b0<\/td>\n<\/tr>\n<\/tbody>\n<\/table>\n<div class=\"row-fluid\"><\/div>\n<\/div>\n<\/div>\n<\/div>\n","protected":false},"excerpt":{"rendered":"<p>L&rsquo;alliance parfaite des fibres de chanvre,\u00a0lin et\u00a0coton, offrant une isolation thermo-acoustique exceptionnelle pour toutes les zones de la maison.<\/p>\n<p><strong>Certification ACERMI<\/strong><br \/>\n<span style=\"color: #2aa4a9;\"><em><strong>\u00c9ligible aux cr\u00e9dits d&rsquo;imp\u00f4ts<br \/>\net aides gouvernementales<\/strong><\/em><\/span><\/p>\n<p><img loading=\"lazy\" decoding=\"async\" class=\"alignnone wp-image-170386\" src=\"https:\/\/nature-et-developpement.com\/wp-content\/uploads\/Logo_Label_Produit_V5-300x300-1.png\" alt=\"biosourc\u00e9 label\" width=\"100\" height=\"100\" \/><\/p>\n","protected":false},"featured_media":31985,"template":"","meta":[],"product_brand":[2761],"product_cat":[4184,4185],"product_tag":[],"class_list":{"0":"post-31964","1":"product","2":"type-product","3":"status-publish","4":"has-post-thumbnail","6":"product_brand-biofib","7":"product_cat-isolation-interieure","8":"product_cat-isolation-phonique","10":"first","11":"instock","12":"featured","13":"taxable","14":"shipping-taxable","15":"purchasable","16":"product-type-variable"},"yoast_head":"<!-- This site is optimized with the Yoast SEO plugin v27.5 - https:\/\/yoast.com\/product\/yoast-seo-wordpress\/ -->\n<title>Isolant thermique souple chanvre, lin, coton 30mm Biofib&#039;TRIO<\/title>\n<meta name=\"description\" content=\"L&#039;alliance parfaite des fibres de chanvre,\u00a0lin et\u00a0coton, offrant une isolation thermo-acoustique exceptionnelle pour toutes les zones de la maison.  Certification ACERMI \u00c9ligible aux cr\u00e9dits d&#039;imp\u00f4ts et aides gouvernementales\" \/>\n<meta name=\"robots\" content=\"noindex, follow\" \/>\n<meta property=\"og:locale\" content=\"fr_FR\" \/>\n<meta property=\"og:type\" content=\"article\" \/>\n<meta property=\"og:title\" content=\"Isolant thermique souple chanvre, lin, coton 30mm Biofib&#039;TRIO\" \/>\n<meta property=\"og:description\" content=\"L&#039;alliance parfaite des fibres de chanvre,\u00a0lin et\u00a0coton, offrant une isolation thermo-acoustique exceptionnelle pour toutes les zones de la maison.  Certification ACERMI \u00c9ligible aux cr\u00e9dits d&#039;imp\u00f4ts et aides gouvernementales\" \/>\n<meta property=\"og:url\" content=\"https:\/\/nature-et-developpement.com\/a2me\/produit\/isolant-thermique-souple-chanvre-lin-coton-30mm-biofibtrio\/\" \/>\n<meta property=\"og:site_name\" content=\"A2ME\" \/>\n<meta property=\"article:modified_time\" content=\"2025-06-12T15:29:29+00:00\" \/>\n<meta property=\"og:image\" content=\"https:\/\/nature-et-developpement.com\/a2me\/wp-content\/uploads\/sites\/6\/2023\/01\/Biofib-trio-30mm.jpg\" \/>\n\t<meta property=\"og:image:width\" content=\"1280\" \/>\n\t<meta property=\"og:image:height\" content=\"1280\" \/>\n\t<meta property=\"og:image:type\" content=\"image\/jpeg\" \/>\n<meta name=\"twitter:card\" content=\"summary_large_image\" \/>\n<meta name=\"twitter:label1\" content=\"Dur\u00e9e de lecture estim\u00e9e\" \/>\n\t<meta name=\"twitter:data1\" content=\"1 minute\" \/>\n<script type=\"application\/ld+json\" class=\"yoast-schema-graph\">{\"@context\":\"https:\\\/\\\/schema.org\",\"@graph\":[{\"@type\":\"WebPage\",\"@id\":\"https:\\\/\\\/nature-et-developpement.com\\\/a2me\\\/produit\\\/isolant-thermique-souple-chanvre-lin-coton-30mm-biofibtrio\\\/\",\"url\":\"https:\\\/\\\/nature-et-developpement.com\\\/a2me\\\/produit\\\/isolant-thermique-souple-chanvre-lin-coton-30mm-biofibtrio\\\/\",\"name\":\"Isolant thermique souple chanvre, lin, coton 30mm Biofib'TRIO\",\"isPartOf\":{\"@id\":\"https:\\\/\\\/nature-et-developpement.com\\\/a2me\\\/#website\"},\"primaryImageOfPage\":{\"@id\":\"https:\\\/\\\/nature-et-developpement.com\\\/a2me\\\/produit\\\/isolant-thermique-souple-chanvre-lin-coton-30mm-biofibtrio\\\/#primaryimage\"},\"image\":{\"@id\":\"https:\\\/\\\/nature-et-developpement.com\\\/a2me\\\/produit\\\/isolant-thermique-souple-chanvre-lin-coton-30mm-biofibtrio\\\/#primaryimage\"},\"thumbnailUrl\":\"https:\\\/\\\/nature-et-developpement.com\\\/a2me\\\/wp-content\\\/uploads\\\/sites\\\/6\\\/2023\\\/01\\\/Biofib-trio-30mm.jpg\",\"datePublished\":\"2023-01-06T11:45:38+00:00\",\"dateModified\":\"2025-06-12T15:29:29+00:00\",\"description\":\"L'alliance parfaite des fibres de chanvre,\u00a0lin et\u00a0coton, offrant une isolation thermo-acoustique exceptionnelle pour toutes les zones de la maison. Certification ACERMI \u00c9ligible aux cr\u00e9dits d'imp\u00f4ts et aides gouvernementales\",\"breadcrumb\":{\"@id\":\"https:\\\/\\\/nature-et-developpement.com\\\/a2me\\\/produit\\\/isolant-thermique-souple-chanvre-lin-coton-30mm-biofibtrio\\\/#breadcrumb\"},\"inLanguage\":\"fr-FR\",\"potentialAction\":[{\"@type\":\"ReadAction\",\"target\":[\"https:\\\/\\\/nature-et-developpement.com\\\/a2me\\\/produit\\\/isolant-thermique-souple-chanvre-lin-coton-30mm-biofibtrio\\\/\"]}]},{\"@type\":\"ImageObject\",\"inLanguage\":\"fr-FR\",\"@id\":\"https:\\\/\\\/nature-et-developpement.com\\\/a2me\\\/produit\\\/isolant-thermique-souple-chanvre-lin-coton-30mm-biofibtrio\\\/#primaryimage\",\"url\":\"https:\\\/\\\/nature-et-developpement.com\\\/a2me\\\/wp-content\\\/uploads\\\/sites\\\/6\\\/2023\\\/01\\\/Biofib-trio-30mm.jpg\",\"contentUrl\":\"https:\\\/\\\/nature-et-developpement.com\\\/a2me\\\/wp-content\\\/uploads\\\/sites\\\/6\\\/2023\\\/01\\\/Biofib-trio-30mm.jpg\",\"width\":1280,\"height\":1280,\"caption\":\"isolation\"},{\"@type\":\"BreadcrumbList\",\"@id\":\"https:\\\/\\\/nature-et-developpement.com\\\/a2me\\\/produit\\\/isolant-thermique-souple-chanvre-lin-coton-30mm-biofibtrio\\\/#breadcrumb\",\"itemListElement\":[{\"@type\":\"ListItem\",\"position\":1,\"name\":\"Accueil\",\"item\":\"https:\\\/\\\/nature-et-developpement.com\\\/a2me\\\/\"},{\"@type\":\"ListItem\",\"position\":2,\"name\":\"Produits\",\"item\":\"https:\\\/\\\/nature-et-developpement.com\\\/a2me\\\/shop\\\/\"},{\"@type\":\"ListItem\",\"position\":3,\"name\":\"Isolation et \u00e9tanch\u00e9it\u00e9\",\"item\":\"https:\\\/\\\/nature-et-developpement.com\\\/a2me\\\/produits\\\/isolation-et-etancheite\\\/\"},{\"@type\":\"ListItem\",\"position\":4,\"name\":\"Isolation int\u00e9rieure\",\"item\":\"https:\\\/\\\/nature-et-developpement.com\\\/a2me\\\/produits\\\/isolation-et-etancheite\\\/isolation-interieure\\\/\"},{\"@type\":\"ListItem\",\"position\":5,\"name\":\"Isolant thermique souple chanvre, lin, coton 30mm Biofib&#8217;TRIO\"}]},{\"@type\":\"WebSite\",\"@id\":\"https:\\\/\\\/nature-et-developpement.com\\\/a2me\\\/#website\",\"url\":\"https:\\\/\\\/nature-et-developpement.com\\\/a2me\\\/\",\"name\":\"A2ME\",\"description\":\"A2ME est membre fondateur du groupement Nature &amp; D\u00e9veloppement\",\"potentialAction\":[{\"@type\":\"SearchAction\",\"target\":{\"@type\":\"EntryPoint\",\"urlTemplate\":\"https:\\\/\\\/nature-et-developpement.com\\\/a2me\\\/?s={search_term_string}\"},\"query-input\":{\"@type\":\"PropertyValueSpecification\",\"valueRequired\":true,\"valueName\":\"search_term_string\"}}],\"inLanguage\":\"fr-FR\"}]}<\/script>\n<!-- \/ Yoast SEO plugin. -->","yoast_head_json":{"title":"Isolant thermique souple chanvre, lin, coton 30mm Biofib'TRIO","description":"L'alliance parfaite des fibres de chanvre,\u00a0lin et\u00a0coton, offrant une isolation thermo-acoustique exceptionnelle pour toutes les zones de la maison.  Certification ACERMI \u00c9ligible aux cr\u00e9dits d'imp\u00f4ts et aides gouvernementales","robots":{"index":"noindex","follow":"follow"},"og_locale":"fr_FR","og_type":"article","og_title":"Isolant thermique souple chanvre, lin, coton 30mm Biofib'TRIO","og_description":"L'alliance parfaite des fibres de chanvre,\u00a0lin et\u00a0coton, offrant une isolation thermo-acoustique exceptionnelle pour toutes les zones de la maison.  Certification ACERMI \u00c9ligible aux cr\u00e9dits d'imp\u00f4ts et aides gouvernementales","og_url":"https:\/\/nature-et-developpement.com\/a2me\/produit\/isolant-thermique-souple-chanvre-lin-coton-30mm-biofibtrio\/","og_site_name":"A2ME","article_modified_time":"2025-06-12T15:29:29+00:00","og_image":[{"width":1280,"height":1280,"url":"https:\/\/nature-et-developpement.com\/a2me\/wp-content\/uploads\/sites\/6\/2023\/01\/Biofib-trio-30mm.jpg","type":"image\/jpeg"}],"twitter_card":"summary_large_image","twitter_misc":{"Dur\u00e9e de lecture estim\u00e9e":"1 minute"},"schema":{"@context":"https:\/\/schema.org","@graph":[{"@type":"WebPage","@id":"https:\/\/nature-et-developpement.com\/a2me\/produit\/isolant-thermique-souple-chanvre-lin-coton-30mm-biofibtrio\/","url":"https:\/\/nature-et-developpement.com\/a2me\/produit\/isolant-thermique-souple-chanvre-lin-coton-30mm-biofibtrio\/","name":"Isolant thermique souple chanvre, lin, coton 30mm Biofib'TRIO","isPartOf":{"@id":"https:\/\/nature-et-developpement.com\/a2me\/#website"},"primaryImageOfPage":{"@id":"https:\/\/nature-et-developpement.com\/a2me\/produit\/isolant-thermique-souple-chanvre-lin-coton-30mm-biofibtrio\/#primaryimage"},"image":{"@id":"https:\/\/nature-et-developpement.com\/a2me\/produit\/isolant-thermique-souple-chanvre-lin-coton-30mm-biofibtrio\/#primaryimage"},"thumbnailUrl":"https:\/\/nature-et-developpement.com\/a2me\/wp-content\/uploads\/sites\/6\/2023\/01\/Biofib-trio-30mm.jpg","datePublished":"2023-01-06T11:45:38+00:00","dateModified":"2025-06-12T15:29:29+00:00","description":"L'alliance parfaite des fibres de chanvre,\u00a0lin et\u00a0coton, offrant une isolation thermo-acoustique exceptionnelle pour toutes les zones de la maison. Certification ACERMI \u00c9ligible aux cr\u00e9dits d'imp\u00f4ts et aides gouvernementales","breadcrumb":{"@id":"https:\/\/nature-et-developpement.com\/a2me\/produit\/isolant-thermique-souple-chanvre-lin-coton-30mm-biofibtrio\/#breadcrumb"},"inLanguage":"fr-FR","potentialAction":[{"@type":"ReadAction","target":["https:\/\/nature-et-developpement.com\/a2me\/produit\/isolant-thermique-souple-chanvre-lin-coton-30mm-biofibtrio\/"]}]},{"@type":"ImageObject","inLanguage":"fr-FR","@id":"https:\/\/nature-et-developpement.com\/a2me\/produit\/isolant-thermique-souple-chanvre-lin-coton-30mm-biofibtrio\/#primaryimage","url":"https:\/\/nature-et-developpement.com\/a2me\/wp-content\/uploads\/sites\/6\/2023\/01\/Biofib-trio-30mm.jpg","contentUrl":"https:\/\/nature-et-developpement.com\/a2me\/wp-content\/uploads\/sites\/6\/2023\/01\/Biofib-trio-30mm.jpg","width":1280,"height":1280,"caption":"isolation"},{"@type":"BreadcrumbList","@id":"https:\/\/nature-et-developpement.com\/a2me\/produit\/isolant-thermique-souple-chanvre-lin-coton-30mm-biofibtrio\/#breadcrumb","itemListElement":[{"@type":"ListItem","position":1,"name":"Accueil","item":"https:\/\/nature-et-developpement.com\/a2me\/"},{"@type":"ListItem","position":2,"name":"Produits","item":"https:\/\/nature-et-developpement.com\/a2me\/shop\/"},{"@type":"ListItem","position":3,"name":"Isolation et \u00e9tanch\u00e9it\u00e9","item":"https:\/\/nature-et-developpement.com\/a2me\/produits\/isolation-et-etancheite\/"},{"@type":"ListItem","position":4,"name":"Isolation int\u00e9rieure","item":"https:\/\/nature-et-developpement.com\/a2me\/produits\/isolation-et-etancheite\/isolation-interieure\/"},{"@type":"ListItem","position":5,"name":"Isolant thermique souple chanvre, lin, coton 30mm Biofib&#8217;TRIO"}]},{"@type":"WebSite","@id":"https:\/\/nature-et-developpement.com\/a2me\/#website","url":"https:\/\/nature-et-developpement.com\/a2me\/","name":"A2ME","description":"A2ME est membre fondateur du groupement Nature &amp; D\u00e9veloppement","potentialAction":[{"@type":"SearchAction","target":{"@type":"EntryPoint","urlTemplate":"https:\/\/nature-et-developpement.com\/a2me\/?s={search_term_string}"},"query-input":{"@type":"PropertyValueSpecification","valueRequired":true,"valueName":"search_term_string"}}],"inLanguage":"fr-FR"}]}},"distributor_meta":false,"distributor_terms":false,"distributor_media":false,"distributor_original_site_name":"A2ME","distributor_original_site_url":"https:\/\/nature-et-developpement.com\/a2me","push-errors":false,"_links":{"self":[{"href":"https:\/\/nature-et-developpement.com\/a2me\/wp-json\/wp\/v2\/product\/31964","targetHints":{"allow":["GET"]}}],"collection":[{"href":"https:\/\/nature-et-developpement.com\/a2me\/wp-json\/wp\/v2\/product"}],"about":[{"href":"https:\/\/nature-et-developpement.com\/a2me\/wp-json\/wp\/v2\/types\/product"}],"wp:featuredmedia":[{"embeddable":true,"href":"https:\/\/nature-et-developpement.com\/a2me\/wp-json\/wp\/v2\/media\/31985"}],"wp:attachment":[{"href":"https:\/\/nature-et-developpement.com\/a2me\/wp-json\/wp\/v2\/media?parent=31964"}],"wp:term":[{"taxonomy":"product_brand","embeddable":true,"href":"https:\/\/nature-et-developpement.com\/a2me\/wp-json\/wp\/v2\/product_brand?post=31964"},{"taxonomy":"product_cat","embeddable":true,"href":"https:\/\/nature-et-developpement.com\/a2me\/wp-json\/wp\/v2\/product_cat?post=31964"},{"taxonomy":"product_tag","embeddable":true,"href":"https:\/\/nature-et-developpement.com\/a2me\/wp-json\/wp\/v2\/product_tag?post=31964"}],"curies":[{"name":"wp","href":"https:\/\/api.w.org\/{rel}","templated":true}]}}