{"id":32674,"date":"2023-05-25T12:35:16","date_gmt":"2023-05-25T10:35:16","guid":{"rendered":"https:\/\/nature-et-developpement.com\/a2me\/produit\/enduit-isolant-thermique-diathonite-thermactive-037\/"},"modified":"2025-06-12T17:29:32","modified_gmt":"2025-06-12T15:29:32","slug":"enduit-isolant-thermique-diathonite-thermactive-037","status":"publish","type":"product","link":"https:\/\/nature-et-developpement.com\/a2me\/produit\/enduit-isolant-thermique-diathonite-thermactive-037\/","title":{"rendered":"Enduit isolant thermique et acoustique DIATHONITE Thermactive.037"},"content":{"rendered":"<h2>Enduit isolant ext\u00e9rieur et int\u00e9rieur Diathonite Thermactive.037<\/h2>\n<p>La composition de Diathonite Thermactive.037 est le fruit d&rsquo;une intuition qui vient de loin : concevoir et r\u00e9aliser un enduit thermique innovant, capable de se diff\u00e9rencier par sa nature et son mode d&rsquo;application et en mesure de s&rsquo;inscrire pleinement dans les strat\u00e9gies des entreprises en mati\u00e8re de durabilit\u00e9 et de faible impact environnemental.<\/p>\n<p>C&rsquo;est pourquoi les mati\u00e8res premi\u00e8res utilis\u00e9es dans la formule ont toutes une caract\u00e9ristique en commun : une origine naturelle qui permet de tirer le meilleur parti des propri\u00e9t\u00e9s de l&rsquo;air, l&rsquo;isolant thermique le plus efficace pr\u00e9sent dans la nature.<\/p>\n<p>Les mat\u00e9riaux utilis\u00e9s dans la formule de Diathonite Thermactive.037 cr\u00e9ent une structure extr\u00eamement poreuse, un facteur essentiel \u00e0 l&rsquo;isolation thermique gr\u00e2ce \u00e0 l&rsquo;action d\u00e9cisive de l&rsquo;air.<\/p>\n<p>Mais l\u2019air est un tr\u00e8s mauvais conducteur thermique, avec une valeur de conductivit\u00e9 qui le place au premier rang des substances isolantes.<\/p>\n<p>Cependant pour tirer profit de cette propri\u00e9t\u00e9, il est n\u00e9cessaire de confiner l&rsquo;air dans des alv\u00e9oles qui bloquent son mouvement.<\/p>\n<h4>C&rsquo;est l&rsquo;air immobile qui garantit l&rsquo;isolation.<\/h4>\n<p>Pour cette raison, on a besoin de mat\u00e9riaux poreux qui retiennent l&rsquo;air dans les nombreuses alv\u00e9oles.<\/p>\n<p>Les mat\u00e9riaux choisis ont des cavit\u00e9s qui restent intactes apr\u00e8s l\u2019application.<\/p>\n<p>En conclusion, de cette mani\u00e8re, la fonction isolante de l\u2019air est efficace et de longue dur\u00e9e.<\/p>\n<p>La force du produit tient aux mat\u00e9riaux naturels qui garantissent un \u00e9quilibre durable : en isolant du froid en hiver et en assurant une protection contre la chaleur en \u00e9t\u00e9.<\/p>\n<p>Le d\u00e9fi de l\u2019isolation <strong>Therm<\/strong>ique a \u00e9t\u00e9 relev\u00e9 en puisant dans la sagesse ancestrale des artisans lainiers : ce qui prot\u00e8ge de la chaleur peut aussi prot\u00e9ger du froid.<\/p>\n<p>Diathonite Thermactive.037 est <strong>Active<\/strong> parce que c&rsquo;est un produit dynamique, qui agit dans le temps en s&rsquo;adaptant aux variations climatiques de l&rsquo;ann\u00e9e solaire et aux variations continues des degr\u00e9s d&rsquo;humidit\u00e9.<\/p>\n<p>Le produit se comporte comme un poumon hygrom\u00e9trique : il absorbe et c\u00e8de la vapeur, en emp\u00eachant l&rsquo;accumulation d&rsquo;humidit\u00e9 et la formation de condensation.<\/p>\n<p>Le bien-\u00eatre des cadres de vie d\u00e9pend aussi du dynamisme des mat\u00e9riaux.<\/p>\n<p><strong>.037<\/strong> est la valeur de la conductivit\u00e9 thermique. Elle indique le degr\u00e9 d&rsquo;isolation thermique assur\u00e9 par un mat\u00e9riau, c&rsquo;est-\u00e0-dire dans quelle mesure notre espace de vie est prot\u00e9g\u00e9 contre le froid et la chaleur.<\/p>\n<p>Plus la valeur lambda est basse, plus le pouvoir d&rsquo;isolation est \u00e9lev\u00e9.<\/p>\n<p>La valeur lambda 0,037 est l&rsquo;une des plus basses dans le secteur des enduits : le naturel est beau, confortable et protecteur.<\/p>\n<h3>Points forts:<\/h3>\n<p><strong>CONDUCTIVIT\u00c9 THERMIQUE \u03bb = 0,037 W\/mK<\/strong><br \/>\nGr\u00e2ce au m\u00e9lange de mati\u00e8res premi\u00e8res naturelles soigneusement s\u00e9lectionn\u00e9es, le produit assure de tr\u00e8s hauts niveaux d&rsquo;isolation thermique.<\/p>\n<p><strong>DIFFUSIVIT\u00c9 THERMIQUE \u03b1 = 0,14 mm2\/s<\/strong><br \/>\nLa faible valeur de diffusivit\u00e9 indique un haut degr\u00e9 d&rsquo;isolation contre la chaleur et donc plus de confort et des \u00e9conomies dues au rafra\u00eechissement en \u00e9t\u00e9.<\/p>\n<p><strong>R\u00c9SISTANCE AU FEU CLASSE A1<\/strong><br \/>\nClass\u00e9 dans la classe A1 selon la norme EN ISO 13501-1. G\u00e9n\u00e9ration de flamme et \u00e9mission de fum\u00e9e nulles.<\/p>\n<p><strong>CAPACIT\u00c9 DE D\u00c9SHUMIDIFICATION 1,00 Kg\/m\u00b2h0,5<\/strong><br \/>\nContribue \u00e0 l&rsquo;\u00e9quilibre hygrom\u00e9trique des espaces int\u00e9rieurs afin d&rsquo;offrir un maximum de confort et de bien\u00eatre.<\/p>\n<p><strong>PERSPIRANCE \u03bc = 3<\/strong><br \/>\nDes murs libres de \u00ab respirer \u00bb.<br \/>\nGr\u00e2ce \u00e0 sa forte perm\u00e9abilit\u00e9, l\u2019humidit\u00e9 des espaces int\u00e9rieurs est parfaitement \u00e9quilibr\u00e9e, en \u00e9vitant ainsi la formation de condensation et de moisissures.<\/p>\n<p><strong>POROSIT\u00c9 71 %<\/strong><br \/>\nSa structure macroporeuse \u00e0 forte teneur en air garantit d&rsquo;excellentes performances en termes d&rsquo;isolation et d&rsquo;absorption de l&rsquo;humidit\u00e9 en exc\u00e8s.<\/p>\n<p><strong>DENSIT\u00c9 \u03c1 = 250 \u00b1 15% kg\/m3<\/strong><br \/>\nLes agr\u00e9gats contenus dans la matrice conf\u00e8rent au produit une extr\u00eame l\u00e9g\u00e8ret\u00e9 qui facilite son application.<\/p>\n<p><strong>MODULE \u00c9LASTIQUE 742 N\/mm2<\/strong><br \/>\nPlus \u00e9lastique que les enduits traditionnels, il r\u00e9duit les risques de l\u00e9zardes et de fissures.<\/p>\n<p><strong>R\u00c9SISTANCE M\u00c9CANIQUE 2,8 N\/mm2<\/strong><br \/>\nSa haute r\u00e9sistance \u00e0 la compression apporte au mur plus de consistance et de stabilit\u00e9.<\/p>\n","protected":false},"excerpt":{"rendered":"<p>Les mat\u00e9riaux utilis\u00e9s dans la formule de Diathonite Thermactive.037 cr\u00e9ent une structure extr\u00eamement poreuse, un facteur essentiel \u00e0 l&rsquo;isolation thermique gr\u00e2ce \u00e0 l&rsquo;action d\u00e9cisive de l&rsquo;air.<\/p>\n","protected":false},"featured_media":1000000171238,"template":"","meta":[],"product_brand":[3864],"product_cat":[2830,212,4183,4184,4185,159],"product_tag":[4222],"class_list":{"0":"post-32674","1":"product","2":"type-product","3":"status-publish","4":"has-post-thumbnail","6":"product_brand-diasen","7":"product_cat-demande-de-devis-uniquement-avec-prix","8":"product_cat-enduits-naturels","9":"product_cat-isolation-exterieure","10":"product_cat-isolation-interieure","11":"product_cat-isolation-phonique","12":"product_cat-maconnerie","13":"product_tag-enduits","15":"first","16":"instock","17":"taxable","18":"shipping-taxable","19":"purchasable","20":"product-type-variable"},"yoast_head":"<!-- This site is optimized with the Yoast SEO plugin v27.5 - https:\/\/yoast.com\/product\/yoast-seo-wordpress\/ -->\n<title>Enduit isolant thermique et acoustique DIATHONITE<\/title>\n<meta name=\"description\" content=\"Les mat\u00e9riaux utilis\u00e9s dans sa formule cr\u00e9ent une structure extr\u00eamement poreuse, un facteur essentiel \u00e0 l&#039;isolation gr\u00e2ce \u00e0 l&#039;action d\u00e9cisive de l&#039;air.\" \/>\n<meta name=\"robots\" content=\"noindex, follow\" \/>\n<meta property=\"og:locale\" content=\"fr_FR\" \/>\n<meta property=\"og:type\" content=\"article\" \/>\n<meta property=\"og:title\" content=\"Enduit isolant thermique et acoustique DIATHONITE\" \/>\n<meta property=\"og:description\" content=\"Les mat\u00e9riaux utilis\u00e9s dans sa formule cr\u00e9ent une structure extr\u00eamement poreuse, un facteur essentiel \u00e0 l&#039;isolation gr\u00e2ce \u00e0 l&#039;action d\u00e9cisive de l&#039;air.\" \/>\n<meta property=\"og:url\" content=\"https:\/\/nature-et-developpement.com\/a2me\/produit\/enduit-isolant-thermique-diathonite-thermactive-037\/\" \/>\n<meta property=\"og:site_name\" content=\"A2ME\" \/>\n<meta property=\"article:modified_time\" content=\"2025-06-12T15:29:32+00:00\" \/>\n<meta name=\"twitter:card\" content=\"summary_large_image\" \/>\n<meta name=\"twitter:label1\" content=\"Dur\u00e9e de lecture estim\u00e9e\" \/>\n\t<meta name=\"twitter:data1\" content=\"3 minutes\" \/>\n<script type=\"application\/ld+json\" class=\"yoast-schema-graph\">{\"@context\":\"https:\\\/\\\/schema.org\",\"@graph\":[{\"@type\":\"WebPage\",\"@id\":\"https:\\\/\\\/nature-et-developpement.com\\\/a2me\\\/produit\\\/enduit-isolant-thermique-diathonite-thermactive-037\\\/\",\"url\":\"https:\\\/\\\/nature-et-developpement.com\\\/a2me\\\/produit\\\/enduit-isolant-thermique-diathonite-thermactive-037\\\/\",\"name\":\"Enduit isolant thermique et acoustique DIATHONITE\",\"isPartOf\":{\"@id\":\"https:\\\/\\\/nature-et-developpement.com\\\/a2me\\\/#website\"},\"primaryImageOfPage\":{\"@id\":\"https:\\\/\\\/nature-et-developpement.com\\\/a2me\\\/produit\\\/enduit-isolant-thermique-diathonite-thermactive-037\\\/#primaryimage\"},\"image\":{\"@id\":\"https:\\\/\\\/nature-et-developpement.com\\\/a2me\\\/produit\\\/enduit-isolant-thermique-diathonite-thermactive-037\\\/#primaryimage\"},\"thumbnailUrl\":\"https:\\\/\\\/nature-et-developpement.com\\\/a2me\\\/wp-content\\\/uploads\\\/Enduit-isolant-thermique-DIATHONITE-Thermactive-037-sac-de-15Kg.jpg\",\"datePublished\":\"2023-05-25T10:35:16+00:00\",\"dateModified\":\"2025-06-12T15:29:32+00:00\",\"description\":\"Les mat\u00e9riaux utilis\u00e9s dans sa formule cr\u00e9ent une structure extr\u00eamement poreuse, un facteur essentiel \u00e0 l'isolation gr\u00e2ce \u00e0 l'action d\u00e9cisive de l'air.\",\"breadcrumb\":{\"@id\":\"https:\\\/\\\/nature-et-developpement.com\\\/a2me\\\/produit\\\/enduit-isolant-thermique-diathonite-thermactive-037\\\/#breadcrumb\"},\"inLanguage\":\"fr-FR\",\"potentialAction\":[{\"@type\":\"ReadAction\",\"target\":[\"https:\\\/\\\/nature-et-developpement.com\\\/a2me\\\/produit\\\/enduit-isolant-thermique-diathonite-thermactive-037\\\/\"]}]},{\"@type\":\"ImageObject\",\"inLanguage\":\"fr-FR\",\"@id\":\"https:\\\/\\\/nature-et-developpement.com\\\/a2me\\\/produit\\\/enduit-isolant-thermique-diathonite-thermactive-037\\\/#primaryimage\",\"url\":\"https:\\\/\\\/nature-et-developpement.com\\\/a2me\\\/wp-content\\\/uploads\\\/Enduit-isolant-thermique-DIATHONITE-Thermactive-037-sac-de-15Kg.jpg\",\"contentUrl\":\"https:\\\/\\\/nature-et-developpement.com\\\/a2me\\\/wp-content\\\/uploads\\\/Enduit-isolant-thermique-DIATHONITE-Thermactive-037-sac-de-15Kg.jpg\"},{\"@type\":\"BreadcrumbList\",\"@id\":\"https:\\\/\\\/nature-et-developpement.com\\\/a2me\\\/produit\\\/enduit-isolant-thermique-diathonite-thermactive-037\\\/#breadcrumb\",\"itemListElement\":[{\"@type\":\"ListItem\",\"position\":1,\"name\":\"Accueil\",\"item\":\"https:\\\/\\\/nature-et-developpement.com\\\/a2me\\\/\"},{\"@type\":\"ListItem\",\"position\":2,\"name\":\"Produits\",\"item\":\"https:\\\/\\\/nature-et-developpement.com\\\/a2me\\\/shop\\\/\"},{\"@type\":\"ListItem\",\"position\":3,\"name\":\"Construction, cloison et fen\u00eatres\",\"item\":\"https:\\\/\\\/nature-et-developpement.com\\\/a2me\\\/produits\\\/construction\\\/\"},{\"@type\":\"ListItem\",\"position\":4,\"name\":\"Ma\u00e7onnerie\",\"item\":\"https:\\\/\\\/nature-et-developpement.com\\\/a2me\\\/produits\\\/construction\\\/maconnerie\\\/\"},{\"@type\":\"ListItem\",\"position\":5,\"name\":\"Enduit isolant thermique et acoustique DIATHONITE Thermactive.037\"}]},{\"@type\":\"WebSite\",\"@id\":\"https:\\\/\\\/nature-et-developpement.com\\\/a2me\\\/#website\",\"url\":\"https:\\\/\\\/nature-et-developpement.com\\\/a2me\\\/\",\"name\":\"A2ME\",\"description\":\"A2ME est membre fondateur du groupement Nature &amp; D\u00e9veloppement\",\"potentialAction\":[{\"@type\":\"SearchAction\",\"target\":{\"@type\":\"EntryPoint\",\"urlTemplate\":\"https:\\\/\\\/nature-et-developpement.com\\\/a2me\\\/?s={search_term_string}\"},\"query-input\":{\"@type\":\"PropertyValueSpecification\",\"valueRequired\":true,\"valueName\":\"search_term_string\"}}],\"inLanguage\":\"fr-FR\"}]}<\/script>\n<!-- \/ Yoast SEO plugin. -->","yoast_head_json":{"title":"Enduit isolant thermique et acoustique DIATHONITE","description":"Les mat\u00e9riaux utilis\u00e9s dans sa formule cr\u00e9ent une structure extr\u00eamement poreuse, un facteur essentiel \u00e0 l'isolation gr\u00e2ce \u00e0 l'action d\u00e9cisive de l'air.","robots":{"index":"noindex","follow":"follow"},"og_locale":"fr_FR","og_type":"article","og_title":"Enduit isolant thermique et acoustique DIATHONITE","og_description":"Les mat\u00e9riaux utilis\u00e9s dans sa formule cr\u00e9ent une structure extr\u00eamement poreuse, un facteur essentiel \u00e0 l'isolation gr\u00e2ce \u00e0 l'action d\u00e9cisive de l'air.","og_url":"https:\/\/nature-et-developpement.com\/a2me\/produit\/enduit-isolant-thermique-diathonite-thermactive-037\/","og_site_name":"A2ME","article_modified_time":"2025-06-12T15:29:32+00:00","twitter_card":"summary_large_image","twitter_misc":{"Dur\u00e9e de lecture estim\u00e9e":"3 minutes"},"schema":{"@context":"https:\/\/schema.org","@graph":[{"@type":"WebPage","@id":"https:\/\/nature-et-developpement.com\/a2me\/produit\/enduit-isolant-thermique-diathonite-thermactive-037\/","url":"https:\/\/nature-et-developpement.com\/a2me\/produit\/enduit-isolant-thermique-diathonite-thermactive-037\/","name":"Enduit isolant thermique et acoustique DIATHONITE","isPartOf":{"@id":"https:\/\/nature-et-developpement.com\/a2me\/#website"},"primaryImageOfPage":{"@id":"https:\/\/nature-et-developpement.com\/a2me\/produit\/enduit-isolant-thermique-diathonite-thermactive-037\/#primaryimage"},"image":{"@id":"https:\/\/nature-et-developpement.com\/a2me\/produit\/enduit-isolant-thermique-diathonite-thermactive-037\/#primaryimage"},"thumbnailUrl":"https:\/\/nature-et-developpement.com\/a2me\/wp-content\/uploads\/Enduit-isolant-thermique-DIATHONITE-Thermactive-037-sac-de-15Kg.jpg","datePublished":"2023-05-25T10:35:16+00:00","dateModified":"2025-06-12T15:29:32+00:00","description":"Les mat\u00e9riaux utilis\u00e9s dans sa formule cr\u00e9ent une structure extr\u00eamement poreuse, un facteur essentiel \u00e0 l'isolation gr\u00e2ce \u00e0 l'action d\u00e9cisive de l'air.","breadcrumb":{"@id":"https:\/\/nature-et-developpement.com\/a2me\/produit\/enduit-isolant-thermique-diathonite-thermactive-037\/#breadcrumb"},"inLanguage":"fr-FR","potentialAction":[{"@type":"ReadAction","target":["https:\/\/nature-et-developpement.com\/a2me\/produit\/enduit-isolant-thermique-diathonite-thermactive-037\/"]}]},{"@type":"ImageObject","inLanguage":"fr-FR","@id":"https:\/\/nature-et-developpement.com\/a2me\/produit\/enduit-isolant-thermique-diathonite-thermactive-037\/#primaryimage","url":"https:\/\/nature-et-developpement.com\/a2me\/wp-content\/uploads\/Enduit-isolant-thermique-DIATHONITE-Thermactive-037-sac-de-15Kg.jpg","contentUrl":"https:\/\/nature-et-developpement.com\/a2me\/wp-content\/uploads\/Enduit-isolant-thermique-DIATHONITE-Thermactive-037-sac-de-15Kg.jpg"},{"@type":"BreadcrumbList","@id":"https:\/\/nature-et-developpement.com\/a2me\/produit\/enduit-isolant-thermique-diathonite-thermactive-037\/#breadcrumb","itemListElement":[{"@type":"ListItem","position":1,"name":"Accueil","item":"https:\/\/nature-et-developpement.com\/a2me\/"},{"@type":"ListItem","position":2,"name":"Produits","item":"https:\/\/nature-et-developpement.com\/a2me\/shop\/"},{"@type":"ListItem","position":3,"name":"Construction, cloison et fen\u00eatres","item":"https:\/\/nature-et-developpement.com\/a2me\/produits\/construction\/"},{"@type":"ListItem","position":4,"name":"Ma\u00e7onnerie","item":"https:\/\/nature-et-developpement.com\/a2me\/produits\/construction\/maconnerie\/"},{"@type":"ListItem","position":5,"name":"Enduit isolant thermique et acoustique DIATHONITE Thermactive.037"}]},{"@type":"WebSite","@id":"https:\/\/nature-et-developpement.com\/a2me\/#website","url":"https:\/\/nature-et-developpement.com\/a2me\/","name":"A2ME","description":"A2ME est membre fondateur du groupement Nature &amp; D\u00e9veloppement","potentialAction":[{"@type":"SearchAction","target":{"@type":"EntryPoint","urlTemplate":"https:\/\/nature-et-developpement.com\/a2me\/?s={search_term_string}"},"query-input":{"@type":"PropertyValueSpecification","valueRequired":true,"valueName":"search_term_string"}}],"inLanguage":"fr-FR"}]}},"distributor_meta":false,"distributor_terms":false,"distributor_media":false,"distributor_original_site_name":"A2ME","distributor_original_site_url":"https:\/\/nature-et-developpement.com\/a2me","push-errors":false,"_links":{"self":[{"href":"https:\/\/nature-et-developpement.com\/a2me\/wp-json\/wp\/v2\/product\/32674","targetHints":{"allow":["GET"]}}],"collection":[{"href":"https:\/\/nature-et-developpement.com\/a2me\/wp-json\/wp\/v2\/product"}],"about":[{"href":"https:\/\/nature-et-developpement.com\/a2me\/wp-json\/wp\/v2\/types\/product"}],"wp:featuredmedia":[{"embeddable":true,"href":"https:\/\/nature-et-developpement.com\/a2me\/wp-json\/"}],"wp:attachment":[{"href":"https:\/\/nature-et-developpement.com\/a2me\/wp-json\/wp\/v2\/media?parent=32674"}],"wp:term":[{"taxonomy":"product_brand","embeddable":true,"href":"https:\/\/nature-et-developpement.com\/a2me\/wp-json\/wp\/v2\/product_brand?post=32674"},{"taxonomy":"product_cat","embeddable":true,"href":"https:\/\/nature-et-developpement.com\/a2me\/wp-json\/wp\/v2\/product_cat?post=32674"},{"taxonomy":"product_tag","embeddable":true,"href":"https:\/\/nature-et-developpement.com\/a2me\/wp-json\/wp\/v2\/product_tag?post=32674"}],"curies":[{"name":"wp","href":"https:\/\/api.w.org\/{rel}","templated":true}]}}