{"id":36558,"date":"2023-09-06T11:17:28","date_gmt":"2023-09-06T09:17:28","guid":{"rendered":"https:\/\/nature-et-developpement.com\/a2me\/?post_type=product&#038;p=36558"},"modified":"2025-06-12T17:29:36","modified_gmt":"2025-06-12T15:29:36","slug":"isolant-vrac-en-liege-sac-de-250-litres-copie","status":"publish","type":"product","link":"https:\/\/nature-et-developpement.com\/a2me\/produit\/isolant-vrac-en-liege-sac-de-250-litres-copie\/","title":{"rendered":"Isolant vrac en Li\u00e8ge sac de 250 litres prix \u00e0 partir de 64 sacs"},"content":{"rendered":"<h2>Le li\u00e8ge est l&rsquo;isolant le plus naturel et le plus noble qui existe.<\/h2>\n<p>Granul\u00e9s de li\u00e8ge expans\u00e9s en vrac est un produit naturel, imputrescible et un isolant non hydrophile.<\/p>\n<p>La capacit\u00e9 de recyclage de l\u2019agglom\u00e9r\u00e9 noir de li\u00e8ge expans\u00e9 est une caract\u00e9ristique de ce produit \u00e9cologique.<\/p>\n<p>Le r\u00e9sultat de ce recyclage est le Granul\u00e9 de Li\u00e8ge Expans\u00e9, obtenu \u00e0 partir du broyage de l\u2019agglom\u00e9r\u00e9 noir de li\u00e8ge.<\/p>\n<p>Granul\u00e9s de li\u00e8ge expans\u00e9 pur granulom\u00e9trie 2\/9 mm<\/p>\n<h3>Des usages multiples:<\/h3>\n<ul>\n<li>Incorporation dans le b\u00e9ton (b\u00e9tons l\u00e9gers) qui assurent l&rsquo;all\u00e8gement des planchers d&rsquo;habitation et des toitures avec des avantages thermiques et acoustiques<\/li>\n<\/ul>\n<p><img loading=\"lazy\" decoding=\"async\" class=\"alignnone wp-image-165859\" src=\"https:\/\/nature-et-developpement.com\/wp-content\/uploads\/Liege-en-vrac-incorporation-direct-dans-le-beton-450x155.jpg\" alt=\"\" width=\"800\" height=\"275\" \/><\/p>\n<ul>\n<li>Remplissage du vide sanitaire des planchers permettant la correction acoustique et thermique<\/li>\n<\/ul>\n<p><img loading=\"lazy\" decoding=\"async\" class=\"alignnone wp-image-165858\" src=\"https:\/\/nature-et-developpement.com\/wp-content\/uploads\/Liege-en-vrac-remplissage-du-vide-sanitaire-des-planchers-450x168.jpg\" alt=\"\" width=\"800\" height=\"299\" \/><\/p>\n","protected":false},"excerpt":{"rendered":"<p>Produit 100 % naturel, il n&rsquo;a pas de liants ext\u00e9rieurs. Isolant tr\u00e8s performant, il pr\u00e9sente l&rsquo;avantage d&rsquo;\u00eatre imputrescible, l\u00e9ger et facile d&rsquo;utilisation.<\/p>\n","protected":false},"featured_media":1000000155273,"template":"","meta":[],"product_brand":[4594],"product_cat":[130,4183,4184,4185,159],"product_tag":[],"class_list":{"0":"post-36558","1":"product","2":"type-product","3":"status-publish","4":"has-post-thumbnail","6":"product_brand-isocor-liege","7":"product_cat-construction","8":"product_cat-isolation-exterieure","9":"product_cat-isolation-interieure","10":"product_cat-isolation-phonique","11":"product_cat-maconnerie","13":"first","14":"instock","15":"sale","16":"taxable","17":"shipping-taxable","18":"purchasable","19":"product-type-variable"},"yoast_head":"<!-- This site is optimized with the Yoast SEO plugin v27.5 - https:\/\/yoast.com\/product\/yoast-seo-wordpress\/ -->\n<title>Li\u00e8ge isolant en vrac sac de 250 litres<\/title>\n<meta name=\"description\" content=\"Produit 100 % naturel, il n&#039;a pas de liants ext\u00e9rieurs. Isolant tr\u00e8s performant, il pr\u00e9sente l&#039;avantage d&#039;\u00eatre imputrescible, l\u00e9ger et facile d&#039;utilisation.\" \/>\n<meta name=\"robots\" content=\"noindex, follow\" \/>\n<meta property=\"og:locale\" content=\"fr_FR\" \/>\n<meta property=\"og:type\" content=\"article\" \/>\n<meta property=\"og:title\" content=\"Li\u00e8ge isolant en vrac sac de 250 litres\" \/>\n<meta property=\"og:description\" content=\"Produit 100 % naturel, il n&#039;a pas de liants ext\u00e9rieurs. Isolant tr\u00e8s performant, il pr\u00e9sente l&#039;avantage d&#039;\u00eatre imputrescible, l\u00e9ger et facile d&#039;utilisation.\" \/>\n<meta property=\"og:url\" content=\"https:\/\/nature-et-developpement.com\/a2me\/produit\/isolant-vrac-en-liege-sac-de-250-litres-copie\/\" \/>\n<meta property=\"og:site_name\" content=\"A2ME\" \/>\n<meta property=\"article:modified_time\" content=\"2025-06-12T15:29:36+00:00\" \/>\n<meta name=\"twitter:card\" content=\"summary_large_image\" \/>\n<meta name=\"twitter:label1\" content=\"Dur\u00e9e de lecture estim\u00e9e\" \/>\n\t<meta name=\"twitter:data1\" content=\"1 minute\" \/>\n<script type=\"application\/ld+json\" class=\"yoast-schema-graph\">{\"@context\":\"https:\\\/\\\/schema.org\",\"@graph\":[{\"@type\":\"WebPage\",\"@id\":\"https:\\\/\\\/nature-et-developpement.com\\\/a2me\\\/produit\\\/isolant-vrac-en-liege-sac-de-250-litres-copie\\\/\",\"url\":\"https:\\\/\\\/nature-et-developpement.com\\\/a2me\\\/produit\\\/isolant-vrac-en-liege-sac-de-250-litres-copie\\\/\",\"name\":\"Li\u00e8ge isolant en vrac sac de 250 litres\",\"isPartOf\":{\"@id\":\"https:\\\/\\\/nature-et-developpement.com\\\/a2me\\\/#website\"},\"primaryImageOfPage\":{\"@id\":\"https:\\\/\\\/nature-et-developpement.com\\\/a2me\\\/produit\\\/isolant-vrac-en-liege-sac-de-250-litres-copie\\\/#primaryimage\"},\"image\":{\"@id\":\"https:\\\/\\\/nature-et-developpement.com\\\/a2me\\\/produit\\\/isolant-vrac-en-liege-sac-de-250-litres-copie\\\/#primaryimage\"},\"thumbnailUrl\":\"https:\\\/\\\/nature-et-developpement.com\\\/a2me\\\/wp-content\\\/uploads\\\/Liege-en-vrac-sac-de-250L.jpg\",\"datePublished\":\"2023-09-06T09:17:28+00:00\",\"dateModified\":\"2025-06-12T15:29:36+00:00\",\"description\":\"Produit 100 % naturel, il n'a pas de liants ext\u00e9rieurs. Isolant tr\u00e8s performant, il pr\u00e9sente l'avantage d'\u00eatre imputrescible, l\u00e9ger et facile d'utilisation.\",\"breadcrumb\":{\"@id\":\"https:\\\/\\\/nature-et-developpement.com\\\/a2me\\\/produit\\\/isolant-vrac-en-liege-sac-de-250-litres-copie\\\/#breadcrumb\"},\"inLanguage\":\"fr-FR\",\"potentialAction\":[{\"@type\":\"ReadAction\",\"target\":[\"https:\\\/\\\/nature-et-developpement.com\\\/a2me\\\/produit\\\/isolant-vrac-en-liege-sac-de-250-litres-copie\\\/\"]}]},{\"@type\":\"ImageObject\",\"inLanguage\":\"fr-FR\",\"@id\":\"https:\\\/\\\/nature-et-developpement.com\\\/a2me\\\/produit\\\/isolant-vrac-en-liege-sac-de-250-litres-copie\\\/#primaryimage\",\"url\":\"https:\\\/\\\/nature-et-developpement.com\\\/a2me\\\/wp-content\\\/uploads\\\/Liege-en-vrac-sac-de-250L.jpg\",\"contentUrl\":\"https:\\\/\\\/nature-et-developpement.com\\\/a2me\\\/wp-content\\\/uploads\\\/Liege-en-vrac-sac-de-250L.jpg\"},{\"@type\":\"BreadcrumbList\",\"@id\":\"https:\\\/\\\/nature-et-developpement.com\\\/a2me\\\/produit\\\/isolant-vrac-en-liege-sac-de-250-litres-copie\\\/#breadcrumb\",\"itemListElement\":[{\"@type\":\"ListItem\",\"position\":1,\"name\":\"Accueil\",\"item\":\"https:\\\/\\\/nature-et-developpement.com\\\/a2me\\\/\"},{\"@type\":\"ListItem\",\"position\":2,\"name\":\"Produits\",\"item\":\"https:\\\/\\\/nature-et-developpement.com\\\/a2me\\\/shop\\\/\"},{\"@type\":\"ListItem\",\"position\":3,\"name\":\"Construction, cloison et fen\u00eatres\",\"item\":\"https:\\\/\\\/nature-et-developpement.com\\\/a2me\\\/produits\\\/construction\\\/\"},{\"@type\":\"ListItem\",\"position\":4,\"name\":\"Ma\u00e7onnerie\",\"item\":\"https:\\\/\\\/nature-et-developpement.com\\\/a2me\\\/produits\\\/construction\\\/maconnerie\\\/\"},{\"@type\":\"ListItem\",\"position\":5,\"name\":\"Isolant vrac en Li\u00e8ge sac de 250 litres prix \u00e0 partir de 64 sacs\"}]},{\"@type\":\"WebSite\",\"@id\":\"https:\\\/\\\/nature-et-developpement.com\\\/a2me\\\/#website\",\"url\":\"https:\\\/\\\/nature-et-developpement.com\\\/a2me\\\/\",\"name\":\"A2ME\",\"description\":\"A2ME est membre fondateur du groupement Nature &amp; D\u00e9veloppement\",\"potentialAction\":[{\"@type\":\"SearchAction\",\"target\":{\"@type\":\"EntryPoint\",\"urlTemplate\":\"https:\\\/\\\/nature-et-developpement.com\\\/a2me\\\/?s={search_term_string}\"},\"query-input\":{\"@type\":\"PropertyValueSpecification\",\"valueRequired\":true,\"valueName\":\"search_term_string\"}}],\"inLanguage\":\"fr-FR\"}]}<\/script>\n<!-- \/ Yoast SEO plugin. -->","yoast_head_json":{"title":"Li\u00e8ge isolant en vrac sac de 250 litres","description":"Produit 100 % naturel, il n'a pas de liants ext\u00e9rieurs. Isolant tr\u00e8s performant, il pr\u00e9sente l'avantage d'\u00eatre imputrescible, l\u00e9ger et facile d'utilisation.","robots":{"index":"noindex","follow":"follow"},"og_locale":"fr_FR","og_type":"article","og_title":"Li\u00e8ge isolant en vrac sac de 250 litres","og_description":"Produit 100 % naturel, il n'a pas de liants ext\u00e9rieurs. Isolant tr\u00e8s performant, il pr\u00e9sente l'avantage d'\u00eatre imputrescible, l\u00e9ger et facile d'utilisation.","og_url":"https:\/\/nature-et-developpement.com\/a2me\/produit\/isolant-vrac-en-liege-sac-de-250-litres-copie\/","og_site_name":"A2ME","article_modified_time":"2025-06-12T15:29:36+00:00","twitter_card":"summary_large_image","twitter_misc":{"Dur\u00e9e de lecture estim\u00e9e":"1 minute"},"schema":{"@context":"https:\/\/schema.org","@graph":[{"@type":"WebPage","@id":"https:\/\/nature-et-developpement.com\/a2me\/produit\/isolant-vrac-en-liege-sac-de-250-litres-copie\/","url":"https:\/\/nature-et-developpement.com\/a2me\/produit\/isolant-vrac-en-liege-sac-de-250-litres-copie\/","name":"Li\u00e8ge isolant en vrac sac de 250 litres","isPartOf":{"@id":"https:\/\/nature-et-developpement.com\/a2me\/#website"},"primaryImageOfPage":{"@id":"https:\/\/nature-et-developpement.com\/a2me\/produit\/isolant-vrac-en-liege-sac-de-250-litres-copie\/#primaryimage"},"image":{"@id":"https:\/\/nature-et-developpement.com\/a2me\/produit\/isolant-vrac-en-liege-sac-de-250-litres-copie\/#primaryimage"},"thumbnailUrl":"https:\/\/nature-et-developpement.com\/a2me\/wp-content\/uploads\/Liege-en-vrac-sac-de-250L.jpg","datePublished":"2023-09-06T09:17:28+00:00","dateModified":"2025-06-12T15:29:36+00:00","description":"Produit 100 % naturel, il n'a pas de liants ext\u00e9rieurs. Isolant tr\u00e8s performant, il pr\u00e9sente l'avantage d'\u00eatre imputrescible, l\u00e9ger et facile d'utilisation.","breadcrumb":{"@id":"https:\/\/nature-et-developpement.com\/a2me\/produit\/isolant-vrac-en-liege-sac-de-250-litres-copie\/#breadcrumb"},"inLanguage":"fr-FR","potentialAction":[{"@type":"ReadAction","target":["https:\/\/nature-et-developpement.com\/a2me\/produit\/isolant-vrac-en-liege-sac-de-250-litres-copie\/"]}]},{"@type":"ImageObject","inLanguage":"fr-FR","@id":"https:\/\/nature-et-developpement.com\/a2me\/produit\/isolant-vrac-en-liege-sac-de-250-litres-copie\/#primaryimage","url":"https:\/\/nature-et-developpement.com\/a2me\/wp-content\/uploads\/Liege-en-vrac-sac-de-250L.jpg","contentUrl":"https:\/\/nature-et-developpement.com\/a2me\/wp-content\/uploads\/Liege-en-vrac-sac-de-250L.jpg"},{"@type":"BreadcrumbList","@id":"https:\/\/nature-et-developpement.com\/a2me\/produit\/isolant-vrac-en-liege-sac-de-250-litres-copie\/#breadcrumb","itemListElement":[{"@type":"ListItem","position":1,"name":"Accueil","item":"https:\/\/nature-et-developpement.com\/a2me\/"},{"@type":"ListItem","position":2,"name":"Produits","item":"https:\/\/nature-et-developpement.com\/a2me\/shop\/"},{"@type":"ListItem","position":3,"name":"Construction, cloison et fen\u00eatres","item":"https:\/\/nature-et-developpement.com\/a2me\/produits\/construction\/"},{"@type":"ListItem","position":4,"name":"Ma\u00e7onnerie","item":"https:\/\/nature-et-developpement.com\/a2me\/produits\/construction\/maconnerie\/"},{"@type":"ListItem","position":5,"name":"Isolant vrac en Li\u00e8ge sac de 250 litres prix \u00e0 partir de 64 sacs"}]},{"@type":"WebSite","@id":"https:\/\/nature-et-developpement.com\/a2me\/#website","url":"https:\/\/nature-et-developpement.com\/a2me\/","name":"A2ME","description":"A2ME est membre fondateur du groupement Nature &amp; D\u00e9veloppement","potentialAction":[{"@type":"SearchAction","target":{"@type":"EntryPoint","urlTemplate":"https:\/\/nature-et-developpement.com\/a2me\/?s={search_term_string}"},"query-input":{"@type":"PropertyValueSpecification","valueRequired":true,"valueName":"search_term_string"}}],"inLanguage":"fr-FR"}]}},"distributor_meta":false,"distributor_terms":false,"distributor_media":false,"distributor_original_site_name":"A2ME","distributor_original_site_url":"https:\/\/nature-et-developpement.com\/a2me","push-errors":false,"_links":{"self":[{"href":"https:\/\/nature-et-developpement.com\/a2me\/wp-json\/wp\/v2\/product\/36558","targetHints":{"allow":["GET"]}}],"collection":[{"href":"https:\/\/nature-et-developpement.com\/a2me\/wp-json\/wp\/v2\/product"}],"about":[{"href":"https:\/\/nature-et-developpement.com\/a2me\/wp-json\/wp\/v2\/types\/product"}],"wp:featuredmedia":[{"embeddable":true,"href":"https:\/\/nature-et-developpement.com\/a2me\/wp-json\/"}],"wp:attachment":[{"href":"https:\/\/nature-et-developpement.com\/a2me\/wp-json\/wp\/v2\/media?parent=36558"}],"wp:term":[{"taxonomy":"product_brand","embeddable":true,"href":"https:\/\/nature-et-developpement.com\/a2me\/wp-json\/wp\/v2\/product_brand?post=36558"},{"taxonomy":"product_cat","embeddable":true,"href":"https:\/\/nature-et-developpement.com\/a2me\/wp-json\/wp\/v2\/product_cat?post=36558"},{"taxonomy":"product_tag","embeddable":true,"href":"https:\/\/nature-et-developpement.com\/a2me\/wp-json\/wp\/v2\/product_tag?post=36558"}],"curies":[{"name":"wp","href":"https:\/\/api.w.org\/{rel}","templated":true}]}}