{"id":38352,"date":"2019-06-27T09:41:10","date_gmt":"2019-06-27T07:41:10","guid":{"rendered":"https:\/\/nature-et-developpement.com\/a2me\/produit\/enduit-colle-bricolisse\/"},"modified":"2025-10-23T16:55:14","modified_gmt":"2025-10-23T14:55:14","slug":"enduit-colle-bricolisse","status":"publish","type":"product","link":"https:\/\/nature-et-developpement.com\/a2me\/produit\/enduit-colle-bricolisse\/","title":{"rendered":"BRICOLISSE &#8211; Enduit colle multifonction int\u00e9rieur"},"content":{"rendered":"<h3>L&rsquo;enduit colle BRICOLISSE<\/h3>\n<p>Cet enduit colle est un produit en poudre pr\u00eat au g\u00e2chage, pour applications multiples.<\/p>\n<p>BRICOLISSE respecte l&rsquo;environnement puisqu&rsquo;il est recyclable dans toute d\u00e9chetterie pr\u00e9vue \u00e0 cet effet au m\u00eame titre que la terre, le sable ou la pierre.<\/p>\n<p>Alors que la liste des fonctions de ce produit n&rsquo;est pas exhaustive, marqu\u00e9 8 fonctions sur les emballages, BRICOLISSE a encore plus d&rsquo;applications pratiques.<\/p>\n<p>En effet, d&rsquo;autres fonctions ou usages sont reconnus ou d\u00e9couverts tant par les particuliers que par les professionnels.<\/p>\n<p>De par sa composition Naturelle sp\u00e9cifique, BRICOLISSE permet la r\u00e9alisation de tous les travaux.<\/p>\n<h5>Par exemple:<\/h5>\n<ul>\n<li>1. Collage du Li\u00e8ge<\/li>\n<li>2. Carreaux de pl\u00e2tre : Colle tr\u00e8s performante, solide, durable. Enduit joints et Enduit de lissage \/ finitions extra lisse<\/li>\n<li>3. B\u00e9ton cellulaire : collage tr\u00e8s performant, durable, Enduit de lissage \/ finitions extra lisse \/ Collage, lissage, finitions, cr\u00e9pi d\u00e9coratif avec un seul produit<\/li>\n<li>4. Plaques carton pl\u00e2tre : Colle et Enduit de finition (Lissage sans fixateur), y compris sandwichs d&rsquo;isolation, polystyr\u00e8ne et laine de verre (Ajustements faciles ; collage haute performance, adh\u00e9rence longue dur\u00e9e)<\/li>\n<li>5. Rebouchage (trous et fissures jusqu\u2019\u00e0 10cm), tr\u00e8s \u00e9conomique en construction et r\u00e9novation : sp\u00e9cial saign\u00e9es \u00e9lectriques ; Gain de temps et de stockage, ultra durable, tr\u00e8s solide, tout r\u00e9nover avec 1 seul produit (murs et plafonds)<\/li>\n<li>6. Lissages* (sp\u00e9cial lissage et finitions) divers murs et plafonds (y compris sur multi supports**) neufs et anciens<\/li>\n<li>7. Enduit adh\u00e9sif bandes \u00e0 joints (extra lisse, tr\u00e8s bon rapport qualit\u00e9\/prix, tr\u00e8s durable)<\/li>\n<li>8. Carreaux de pl\u00e2tre Hydro et Plaques doublages Hydro : Colle et Enduit \u00e0 joints extra lisse<\/li>\n<li>9. Colle laine de Roche<\/li>\n<li>10. Collage Lissage et D\u00e9coration de la plupart des mat\u00e9riaux Bio \u00ab Reconnu par d\u2019\u00e9minents Allergologues \u00bb<\/li>\n<li>11. Cr\u00e9pis D\u00e9coratifs* modernes ou \u00ab A l\u2019Ancienne \u00bb, cir\u00e9s ou sp\u00e9ciaux : Tr\u00e8s durable. Sp\u00e9cial peintres et particuliers. R\u00e9gulateur hygrom\u00e9trique naturel, Air Int\u00e9rieur Sain, tr\u00e8s \u00e9conomique<\/li>\n<\/ul>\n<p>BRICOLISSE r\u00e9unit toutes les qualit\u00e9s d\u2019un produit moderne et \u00e9cologique.<\/p>\n<p>Ce produit se conserve 1 an \u00e0 l&rsquo;abri de l&rsquo;humidit\u00e9 et en emballages non entam\u00e9s.<\/p>\n","protected":false},"excerpt":{"rendered":"<p>Cet enduit, produit dans l\u2019est de la France \u00e0 partir de substances naturelles fran\u00e7aises \u00e0 99%, sans d\u00e9riv\u00e9s du p\u00e9trole, poudre d\u2019aluminium ni nanoparticules, est class\u00e9 A+.<\/p>\n<p>Il remplit de nombreuses fonctions :<br \/>\n\u2013 collage de plaque de li\u00e8ge, isolant en fibre de bois, carreaux de pl\u00e2tre, plaques de doublages<br \/>\n\u2013 rebouchage et lissage<br \/>\n\u2013 enduisage de bandes \u00e0 joints ou\u00a0trame<\/p>\n","protected":false},"featured_media":1000000108775,"template":"","meta":[],"product_brand":[2773],"product_cat":[119,212,159,193],"product_tag":[],"class_list":{"0":"post-38352","1":"product","2":"type-product","3":"status-publish","4":"has-post-thumbnail","6":"product_brand-bricolisse","7":"product_cat-colle","8":"product_cat-enduits-naturels","9":"product_cat-maconnerie","10":"product_cat-preparation-du-support","11":"product_shipping_class-peintures-accessoires-peintures","13":"first","14":"instock","15":"taxable","16":"shipping-taxable","17":"purchasable","18":"product-type-variable"},"yoast_head":"<!-- This site is optimized with the Yoast SEO plugin v27.5 - https:\/\/yoast.com\/product\/yoast-seo-wordpress\/ -->\n<title>BRICOLISSE - Enduit colle multifonction int\u00e9rieur<\/title>\n<meta name=\"description\" content=\"Cet enduit, produit dans l\u2019est de la France \u00e0 partir de substances naturelles fran\u00e7aises \u00e0 99%, sans d\u00e9riv\u00e9s du p\u00e9trole, poudre d\u2019aluminium ni nanoparticules, est class\u00e9 A+.  Il remplit de nombreuses fonctions : \u2013 collage de plaque de li\u00e8ge, isolant en fibre de bois, carreaux de pl\u00e2tre, plaques de doublages \u2013 rebouchage et lissage \u2013 enduisage de bandes \u00e0 joints ou\u00a0trame\" \/>\n<meta name=\"robots\" content=\"noindex, nofollow\" \/>\n<meta property=\"og:locale\" content=\"fr_FR\" \/>\n<meta property=\"og:type\" content=\"article\" \/>\n<meta property=\"og:title\" content=\"BRICOLISSE - Enduit colle multifonction int\u00e9rieur\" \/>\n<meta property=\"og:description\" content=\"Cet enduit, produit dans l\u2019est de la France \u00e0 partir de substances naturelles fran\u00e7aises \u00e0 99%, sans d\u00e9riv\u00e9s du p\u00e9trole, poudre d\u2019aluminium ni nanoparticules, est class\u00e9 A+.  Il remplit de nombreuses fonctions : \u2013 collage de plaque de li\u00e8ge, isolant en fibre de bois, carreaux de pl\u00e2tre, plaques de doublages \u2013 rebouchage et lissage \u2013 enduisage de bandes \u00e0 joints ou\u00a0trame\" \/>\n<meta property=\"og:url\" content=\"https:\/\/nature-et-developpement.com\/a2me\/produit\/enduit-colle-bricolisse\/\" \/>\n<meta property=\"og:site_name\" content=\"A2ME\" \/>\n<meta property=\"article:modified_time\" content=\"2025-10-23T14:55:14+00:00\" \/>\n<meta name=\"twitter:card\" content=\"summary_large_image\" \/>\n<meta name=\"twitter:label1\" content=\"Dur\u00e9e de lecture estim\u00e9e\" \/>\n\t<meta name=\"twitter:data1\" content=\"2 minutes\" \/>\n<script type=\"application\/ld+json\" class=\"yoast-schema-graph\">{\"@context\":\"https:\\\/\\\/schema.org\",\"@graph\":[{\"@type\":\"WebPage\",\"@id\":\"https:\\\/\\\/nature-et-developpement.com\\\/a2me\\\/produit\\\/enduit-colle-bricolisse\\\/\",\"url\":\"https:\\\/\\\/nature-et-developpement.com\\\/a2me\\\/produit\\\/enduit-colle-bricolisse\\\/\",\"name\":\"BRICOLISSE - Enduit colle multifonction int\u00e9rieur\",\"isPartOf\":{\"@id\":\"https:\\\/\\\/nature-et-developpement.com\\\/a2me\\\/#website\"},\"primaryImageOfPage\":{\"@id\":\"https:\\\/\\\/nature-et-developpement.com\\\/a2me\\\/produit\\\/enduit-colle-bricolisse\\\/#primaryimage\"},\"image\":{\"@id\":\"https:\\\/\\\/nature-et-developpement.com\\\/a2me\\\/produit\\\/enduit-colle-bricolisse\\\/#primaryimage\"},\"thumbnailUrl\":\"https:\\\/\\\/nature-et-developpement.com\\\/a2me\\\/wp-content\\\/uploads\\\/25558-BRICOLISSE-5Kg.jpg\",\"datePublished\":\"2019-06-27T07:41:10+00:00\",\"dateModified\":\"2025-10-23T14:55:14+00:00\",\"description\":\"Cet enduit, produit dans l\u2019est de la France \u00e0 partir de substances naturelles fran\u00e7aises \u00e0 99%, sans d\u00e9riv\u00e9s du p\u00e9trole, poudre d\u2019aluminium ni nanoparticules, est class\u00e9 A+. Il remplit de nombreuses fonctions : \u2013 collage de plaque de li\u00e8ge, isolant en fibre de bois, carreaux de pl\u00e2tre, plaques de doublages \u2013 rebouchage et lissage \u2013 enduisage de bandes \u00e0 joints ou\u00a0trame\",\"breadcrumb\":{\"@id\":\"https:\\\/\\\/nature-et-developpement.com\\\/a2me\\\/produit\\\/enduit-colle-bricolisse\\\/#breadcrumb\"},\"inLanguage\":\"fr-FR\",\"potentialAction\":[{\"@type\":\"ReadAction\",\"target\":[\"https:\\\/\\\/nature-et-developpement.com\\\/a2me\\\/produit\\\/enduit-colle-bricolisse\\\/\"]}]},{\"@type\":\"ImageObject\",\"inLanguage\":\"fr-FR\",\"@id\":\"https:\\\/\\\/nature-et-developpement.com\\\/a2me\\\/produit\\\/enduit-colle-bricolisse\\\/#primaryimage\",\"url\":\"https:\\\/\\\/nature-et-developpement.com\\\/a2me\\\/wp-content\\\/uploads\\\/25558-BRICOLISSE-5Kg.jpg\",\"contentUrl\":\"https:\\\/\\\/nature-et-developpement.com\\\/a2me\\\/wp-content\\\/uploads\\\/25558-BRICOLISSE-5Kg.jpg\"},{\"@type\":\"BreadcrumbList\",\"@id\":\"https:\\\/\\\/nature-et-developpement.com\\\/a2me\\\/produit\\\/enduit-colle-bricolisse\\\/#breadcrumb\",\"itemListElement\":[{\"@type\":\"ListItem\",\"position\":1,\"name\":\"Accueil\",\"item\":\"https:\\\/\\\/nature-et-developpement.com\\\/a2me\\\/\"},{\"@type\":\"ListItem\",\"position\":2,\"name\":\"Produits\",\"item\":\"https:\\\/\\\/nature-et-developpement.com\\\/a2me\\\/shop\\\/\"},{\"@type\":\"ListItem\",\"position\":3,\"name\":\"Construction, cloison et fen\u00eatres\",\"item\":\"https:\\\/\\\/nature-et-developpement.com\\\/a2me\\\/produits\\\/construction\\\/\"},{\"@type\":\"ListItem\",\"position\":4,\"name\":\"Ma\u00e7onnerie\",\"item\":\"https:\\\/\\\/nature-et-developpement.com\\\/a2me\\\/produits\\\/construction\\\/maconnerie\\\/\"},{\"@type\":\"ListItem\",\"position\":5,\"name\":\"BRICOLISSE &#8211; Enduit colle multifonction int\u00e9rieur\"}]},{\"@type\":\"WebSite\",\"@id\":\"https:\\\/\\\/nature-et-developpement.com\\\/a2me\\\/#website\",\"url\":\"https:\\\/\\\/nature-et-developpement.com\\\/a2me\\\/\",\"name\":\"A2ME\",\"description\":\"A2ME est membre fondateur du groupement Nature &amp; D\u00e9veloppement\",\"potentialAction\":[{\"@type\":\"SearchAction\",\"target\":{\"@type\":\"EntryPoint\",\"urlTemplate\":\"https:\\\/\\\/nature-et-developpement.com\\\/a2me\\\/?s={search_term_string}\"},\"query-input\":{\"@type\":\"PropertyValueSpecification\",\"valueRequired\":true,\"valueName\":\"search_term_string\"}}],\"inLanguage\":\"fr-FR\"}]}<\/script>\n<!-- \/ Yoast SEO plugin. -->","yoast_head_json":{"title":"BRICOLISSE - Enduit colle multifonction int\u00e9rieur","description":"Cet enduit, produit dans l\u2019est de la France \u00e0 partir de substances naturelles fran\u00e7aises \u00e0 99%, sans d\u00e9riv\u00e9s du p\u00e9trole, poudre d\u2019aluminium ni nanoparticules, est class\u00e9 A+.  Il remplit de nombreuses fonctions : \u2013 collage de plaque de li\u00e8ge, isolant en fibre de bois, carreaux de pl\u00e2tre, plaques de doublages \u2013 rebouchage et lissage \u2013 enduisage de bandes \u00e0 joints ou\u00a0trame","robots":{"index":"noindex","follow":"nofollow"},"og_locale":"fr_FR","og_type":"article","og_title":"BRICOLISSE - Enduit colle multifonction int\u00e9rieur","og_description":"Cet enduit, produit dans l\u2019est de la France \u00e0 partir de substances naturelles fran\u00e7aises \u00e0 99%, sans d\u00e9riv\u00e9s du p\u00e9trole, poudre d\u2019aluminium ni nanoparticules, est class\u00e9 A+.  Il remplit de nombreuses fonctions : \u2013 collage de plaque de li\u00e8ge, isolant en fibre de bois, carreaux de pl\u00e2tre, plaques de doublages \u2013 rebouchage et lissage \u2013 enduisage de bandes \u00e0 joints ou\u00a0trame","og_url":"https:\/\/nature-et-developpement.com\/a2me\/produit\/enduit-colle-bricolisse\/","og_site_name":"A2ME","article_modified_time":"2025-10-23T14:55:14+00:00","twitter_card":"summary_large_image","twitter_misc":{"Dur\u00e9e de lecture estim\u00e9e":"2 minutes"},"schema":{"@context":"https:\/\/schema.org","@graph":[{"@type":"WebPage","@id":"https:\/\/nature-et-developpement.com\/a2me\/produit\/enduit-colle-bricolisse\/","url":"https:\/\/nature-et-developpement.com\/a2me\/produit\/enduit-colle-bricolisse\/","name":"BRICOLISSE - Enduit colle multifonction int\u00e9rieur","isPartOf":{"@id":"https:\/\/nature-et-developpement.com\/a2me\/#website"},"primaryImageOfPage":{"@id":"https:\/\/nature-et-developpement.com\/a2me\/produit\/enduit-colle-bricolisse\/#primaryimage"},"image":{"@id":"https:\/\/nature-et-developpement.com\/a2me\/produit\/enduit-colle-bricolisse\/#primaryimage"},"thumbnailUrl":"https:\/\/nature-et-developpement.com\/a2me\/wp-content\/uploads\/25558-BRICOLISSE-5Kg.jpg","datePublished":"2019-06-27T07:41:10+00:00","dateModified":"2025-10-23T14:55:14+00:00","description":"Cet enduit, produit dans l\u2019est de la France \u00e0 partir de substances naturelles fran\u00e7aises \u00e0 99%, sans d\u00e9riv\u00e9s du p\u00e9trole, poudre d\u2019aluminium ni nanoparticules, est class\u00e9 A+. Il remplit de nombreuses fonctions : \u2013 collage de plaque de li\u00e8ge, isolant en fibre de bois, carreaux de pl\u00e2tre, plaques de doublages \u2013 rebouchage et lissage \u2013 enduisage de bandes \u00e0 joints ou\u00a0trame","breadcrumb":{"@id":"https:\/\/nature-et-developpement.com\/a2me\/produit\/enduit-colle-bricolisse\/#breadcrumb"},"inLanguage":"fr-FR","potentialAction":[{"@type":"ReadAction","target":["https:\/\/nature-et-developpement.com\/a2me\/produit\/enduit-colle-bricolisse\/"]}]},{"@type":"ImageObject","inLanguage":"fr-FR","@id":"https:\/\/nature-et-developpement.com\/a2me\/produit\/enduit-colle-bricolisse\/#primaryimage","url":"https:\/\/nature-et-developpement.com\/a2me\/wp-content\/uploads\/25558-BRICOLISSE-5Kg.jpg","contentUrl":"https:\/\/nature-et-developpement.com\/a2me\/wp-content\/uploads\/25558-BRICOLISSE-5Kg.jpg"},{"@type":"BreadcrumbList","@id":"https:\/\/nature-et-developpement.com\/a2me\/produit\/enduit-colle-bricolisse\/#breadcrumb","itemListElement":[{"@type":"ListItem","position":1,"name":"Accueil","item":"https:\/\/nature-et-developpement.com\/a2me\/"},{"@type":"ListItem","position":2,"name":"Produits","item":"https:\/\/nature-et-developpement.com\/a2me\/shop\/"},{"@type":"ListItem","position":3,"name":"Construction, cloison et fen\u00eatres","item":"https:\/\/nature-et-developpement.com\/a2me\/produits\/construction\/"},{"@type":"ListItem","position":4,"name":"Ma\u00e7onnerie","item":"https:\/\/nature-et-developpement.com\/a2me\/produits\/construction\/maconnerie\/"},{"@type":"ListItem","position":5,"name":"BRICOLISSE &#8211; Enduit colle multifonction int\u00e9rieur"}]},{"@type":"WebSite","@id":"https:\/\/nature-et-developpement.com\/a2me\/#website","url":"https:\/\/nature-et-developpement.com\/a2me\/","name":"A2ME","description":"A2ME est membre fondateur du groupement Nature &amp; D\u00e9veloppement","potentialAction":[{"@type":"SearchAction","target":{"@type":"EntryPoint","urlTemplate":"https:\/\/nature-et-developpement.com\/a2me\/?s={search_term_string}"},"query-input":{"@type":"PropertyValueSpecification","valueRequired":true,"valueName":"search_term_string"}}],"inLanguage":"fr-FR"}]}},"distributor_meta":false,"distributor_terms":false,"distributor_media":false,"distributor_original_site_name":"A2ME","distributor_original_site_url":"https:\/\/nature-et-developpement.com\/a2me","push-errors":false,"_links":{"self":[{"href":"https:\/\/nature-et-developpement.com\/a2me\/wp-json\/wp\/v2\/product\/38352","targetHints":{"allow":["GET"]}}],"collection":[{"href":"https:\/\/nature-et-developpement.com\/a2me\/wp-json\/wp\/v2\/product"}],"about":[{"href":"https:\/\/nature-et-developpement.com\/a2me\/wp-json\/wp\/v2\/types\/product"}],"wp:featuredmedia":[{"embeddable":true,"href":"https:\/\/nature-et-developpement.com\/a2me\/wp-json\/"}],"wp:attachment":[{"href":"https:\/\/nature-et-developpement.com\/a2me\/wp-json\/wp\/v2\/media?parent=38352"}],"wp:term":[{"taxonomy":"product_brand","embeddable":true,"href":"https:\/\/nature-et-developpement.com\/a2me\/wp-json\/wp\/v2\/product_brand?post=38352"},{"taxonomy":"product_cat","embeddable":true,"href":"https:\/\/nature-et-developpement.com\/a2me\/wp-json\/wp\/v2\/product_cat?post=38352"},{"taxonomy":"product_tag","embeddable":true,"href":"https:\/\/nature-et-developpement.com\/a2me\/wp-json\/wp\/v2\/product_tag?post=38352"}],"curies":[{"name":"wp","href":"https:\/\/api.w.org\/{rel}","templated":true}]}}