{"id":8698,"date":"2020-04-22T15:03:19","date_gmt":"2020-04-22T13:03:19","guid":{"rendered":"https:\/\/nature-et-developpement.com\/a2me\/produit\/plinthe-profile-6-meister\/"},"modified":"2026-03-26T18:00:18","modified_gmt":"2026-03-26T17:00:18","slug":"plinthe-profile-6-meister","status":"publish","type":"product","link":"https:\/\/nature-et-developpement.com\/a2me\/produit\/plinthe-profile-6-meister\/","title":{"rendered":"Plinthe &#8211; Profile 6 MEISTER"},"content":{"rendered":"","protected":false},"excerpt":{"rendered":"<p>Plinthe MEISTER avec feuille d\u00e9cor de surface de qualit\u00e9 sup\u00e9rieure, blanche\u00a0ou pr\u00eate \u00e0 peindre. C\u0153ur MDF E1 haute qualit\u00e9.<br \/>\nProfil 25x6mm, avec partie verticale droite et angle droit arrondi.<br \/>\nMontage avec\u00a0clip de fixation, ou\u00a0collage avec\u00a0colle de montage<\/p>\n<p>Longueur 2,38m<\/p>\n","protected":false},"featured_media":1000000134431,"template":"","meta":[],"product_brand":[4570],"product_cat":[91],"product_tag":[],"class_list":{"0":"post-8698","1":"product","2":"type-product","3":"status-publish","4":"has-post-thumbnail","6":"product_brand-meister-accessoire","7":"product_cat-plinthes-et-accessoires","8":"product_shipping_class-petit-equipement-outil-eclairage","10":"first","11":"instock","12":"taxable","13":"shipping-taxable","14":"purchasable","15":"product-type-variable"},"yoast_head":"<!-- This site is optimized with the Yoast SEO plugin v27.5 - https:\/\/yoast.com\/product\/yoast-seo-wordpress\/ -->\n<title>Plinthe - Profile 6 MEISTER<\/title>\n<meta name=\"description\" content=\"Plinthe MEISTER avec feuille d\u00e9cor de surface de qualit\u00e9 sup\u00e9rieure, blanche\u00a0ou pr\u00eate \u00e0 peindre. C\u0153ur MDF E1 haute qualit\u00e9. Profil 25x6mm, avec partie verticale droite et angle droit arrondi. Montage avec\u00a0clip de fixation, ou\u00a0collage avec\u00a0colle de montage  Longueur 2,38m\" \/>\n<meta name=\"robots\" content=\"noindex, nofollow\" \/>\n<meta property=\"og:locale\" content=\"fr_FR\" \/>\n<meta property=\"og:type\" content=\"article\" \/>\n<meta property=\"og:title\" content=\"Plinthe - Profile 6 MEISTER\" \/>\n<meta property=\"og:description\" content=\"Plinthe MEISTER avec feuille d\u00e9cor de surface de qualit\u00e9 sup\u00e9rieure, blanche\u00a0ou pr\u00eate \u00e0 peindre. C\u0153ur MDF E1 haute qualit\u00e9. Profil 25x6mm, avec partie verticale droite et angle droit arrondi. Montage avec\u00a0clip de fixation, ou\u00a0collage avec\u00a0colle de montage  Longueur 2,38m\" \/>\n<meta property=\"og:url\" content=\"https:\/\/nature-et-developpement.com\/a2me\/produit\/plinthe-profile-6-meister\/\" \/>\n<meta property=\"og:site_name\" content=\"A2ME\" \/>\n<meta property=\"article:modified_time\" content=\"2026-03-26T17:00:18+00:00\" \/>\n<meta name=\"twitter:card\" content=\"summary_large_image\" \/>\n<script type=\"application\/ld+json\" class=\"yoast-schema-graph\">{\"@context\":\"https:\\\/\\\/schema.org\",\"@graph\":[{\"@type\":\"WebPage\",\"@id\":\"https:\\\/\\\/nature-et-developpement.com\\\/a2me\\\/produit\\\/plinthe-profile-6-meister\\\/\",\"url\":\"https:\\\/\\\/nature-et-developpement.com\\\/a2me\\\/produit\\\/plinthe-profile-6-meister\\\/\",\"name\":\"Plinthe - Profile 6 MEISTER\",\"isPartOf\":{\"@id\":\"https:\\\/\\\/nature-et-developpement.com\\\/a2me\\\/#website\"},\"primaryImageOfPage\":{\"@id\":\"https:\\\/\\\/nature-et-developpement.com\\\/a2me\\\/produit\\\/plinthe-profile-6-meister\\\/#primaryimage\"},\"image\":{\"@id\":\"https:\\\/\\\/nature-et-developpement.com\\\/a2me\\\/produit\\\/plinthe-profile-6-meister\\\/#primaryimage\"},\"thumbnailUrl\":\"https:\\\/\\\/nature-et-developpement.com\\\/a2me\\\/wp-content\\\/uploads\\\/27702-Plinthe-Profile-6-MEISTER.jpg\",\"datePublished\":\"2020-04-22T13:03:19+00:00\",\"dateModified\":\"2026-03-26T17:00:18+00:00\",\"description\":\"Plinthe MEISTER avec feuille d\u00e9cor de surface de qualit\u00e9 sup\u00e9rieure, blanche\u00a0ou pr\u00eate \u00e0 peindre. C\u0153ur MDF E1 haute qualit\u00e9. Profil 25x6mm, avec partie verticale droite et angle droit arrondi. Montage avec\u00a0clip de fixation, ou\u00a0collage avec\u00a0colle de montage Longueur 2,38m\",\"breadcrumb\":{\"@id\":\"https:\\\/\\\/nature-et-developpement.com\\\/a2me\\\/produit\\\/plinthe-profile-6-meister\\\/#breadcrumb\"},\"inLanguage\":\"fr-FR\",\"potentialAction\":[{\"@type\":\"ReadAction\",\"target\":[\"https:\\\/\\\/nature-et-developpement.com\\\/a2me\\\/produit\\\/plinthe-profile-6-meister\\\/\"]}]},{\"@type\":\"ImageObject\",\"inLanguage\":\"fr-FR\",\"@id\":\"https:\\\/\\\/nature-et-developpement.com\\\/a2me\\\/produit\\\/plinthe-profile-6-meister\\\/#primaryimage\",\"url\":\"https:\\\/\\\/nature-et-developpement.com\\\/a2me\\\/wp-content\\\/uploads\\\/27702-Plinthe-Profile-6-MEISTER.jpg\",\"contentUrl\":\"https:\\\/\\\/nature-et-developpement.com\\\/a2me\\\/wp-content\\\/uploads\\\/27702-Plinthe-Profile-6-MEISTER.jpg\"},{\"@type\":\"BreadcrumbList\",\"@id\":\"https:\\\/\\\/nature-et-developpement.com\\\/a2me\\\/produit\\\/plinthe-profile-6-meister\\\/#breadcrumb\",\"itemListElement\":[{\"@type\":\"ListItem\",\"position\":1,\"name\":\"Accueil\",\"item\":\"https:\\\/\\\/nature-et-developpement.com\\\/a2me\\\/\"},{\"@type\":\"ListItem\",\"position\":2,\"name\":\"Produits\",\"item\":\"https:\\\/\\\/nature-et-developpement.com\\\/a2me\\\/shop\\\/\"},{\"@type\":\"ListItem\",\"position\":3,\"name\":\"Parquets bois, stratifi\u00e9s et li\u00e8ge\",\"item\":\"https:\\\/\\\/nature-et-developpement.com\\\/a2me\\\/produits\\\/parquet-et-sol-naturels\\\/\"},{\"@type\":\"ListItem\",\"position\":4,\"name\":\"Plinthes et accessoires\",\"item\":\"https:\\\/\\\/nature-et-developpement.com\\\/a2me\\\/produits\\\/parquet-et-sol-naturels\\\/plinthes-et-accessoires\\\/\"},{\"@type\":\"ListItem\",\"position\":5,\"name\":\"Plinthe &#8211; Profile 6 MEISTER\"}]},{\"@type\":\"WebSite\",\"@id\":\"https:\\\/\\\/nature-et-developpement.com\\\/a2me\\\/#website\",\"url\":\"https:\\\/\\\/nature-et-developpement.com\\\/a2me\\\/\",\"name\":\"A2ME\",\"description\":\"A2ME est membre fondateur du groupement Nature &amp; D\u00e9veloppement\",\"potentialAction\":[{\"@type\":\"SearchAction\",\"target\":{\"@type\":\"EntryPoint\",\"urlTemplate\":\"https:\\\/\\\/nature-et-developpement.com\\\/a2me\\\/?s={search_term_string}\"},\"query-input\":{\"@type\":\"PropertyValueSpecification\",\"valueRequired\":true,\"valueName\":\"search_term_string\"}}],\"inLanguage\":\"fr-FR\"}]}<\/script>\n<!-- \/ Yoast SEO plugin. -->","yoast_head_json":{"title":"Plinthe - Profile 6 MEISTER","description":"Plinthe MEISTER avec feuille d\u00e9cor de surface de qualit\u00e9 sup\u00e9rieure, blanche\u00a0ou pr\u00eate \u00e0 peindre. C\u0153ur MDF E1 haute qualit\u00e9. Profil 25x6mm, avec partie verticale droite et angle droit arrondi. Montage avec\u00a0clip de fixation, ou\u00a0collage avec\u00a0colle de montage  Longueur 2,38m","robots":{"index":"noindex","follow":"nofollow"},"og_locale":"fr_FR","og_type":"article","og_title":"Plinthe - Profile 6 MEISTER","og_description":"Plinthe MEISTER avec feuille d\u00e9cor de surface de qualit\u00e9 sup\u00e9rieure, blanche\u00a0ou pr\u00eate \u00e0 peindre. C\u0153ur MDF E1 haute qualit\u00e9. Profil 25x6mm, avec partie verticale droite et angle droit arrondi. Montage avec\u00a0clip de fixation, ou\u00a0collage avec\u00a0colle de montage  Longueur 2,38m","og_url":"https:\/\/nature-et-developpement.com\/a2me\/produit\/plinthe-profile-6-meister\/","og_site_name":"A2ME","article_modified_time":"2026-03-26T17:00:18+00:00","twitter_card":"summary_large_image","schema":{"@context":"https:\/\/schema.org","@graph":[{"@type":"WebPage","@id":"https:\/\/nature-et-developpement.com\/a2me\/produit\/plinthe-profile-6-meister\/","url":"https:\/\/nature-et-developpement.com\/a2me\/produit\/plinthe-profile-6-meister\/","name":"Plinthe - Profile 6 MEISTER","isPartOf":{"@id":"https:\/\/nature-et-developpement.com\/a2me\/#website"},"primaryImageOfPage":{"@id":"https:\/\/nature-et-developpement.com\/a2me\/produit\/plinthe-profile-6-meister\/#primaryimage"},"image":{"@id":"https:\/\/nature-et-developpement.com\/a2me\/produit\/plinthe-profile-6-meister\/#primaryimage"},"thumbnailUrl":"https:\/\/nature-et-developpement.com\/a2me\/wp-content\/uploads\/27702-Plinthe-Profile-6-MEISTER.jpg","datePublished":"2020-04-22T13:03:19+00:00","dateModified":"2026-03-26T17:00:18+00:00","description":"Plinthe MEISTER avec feuille d\u00e9cor de surface de qualit\u00e9 sup\u00e9rieure, blanche\u00a0ou pr\u00eate \u00e0 peindre. C\u0153ur MDF E1 haute qualit\u00e9. Profil 25x6mm, avec partie verticale droite et angle droit arrondi. Montage avec\u00a0clip de fixation, ou\u00a0collage avec\u00a0colle de montage Longueur 2,38m","breadcrumb":{"@id":"https:\/\/nature-et-developpement.com\/a2me\/produit\/plinthe-profile-6-meister\/#breadcrumb"},"inLanguage":"fr-FR","potentialAction":[{"@type":"ReadAction","target":["https:\/\/nature-et-developpement.com\/a2me\/produit\/plinthe-profile-6-meister\/"]}]},{"@type":"ImageObject","inLanguage":"fr-FR","@id":"https:\/\/nature-et-developpement.com\/a2me\/produit\/plinthe-profile-6-meister\/#primaryimage","url":"https:\/\/nature-et-developpement.com\/a2me\/wp-content\/uploads\/27702-Plinthe-Profile-6-MEISTER.jpg","contentUrl":"https:\/\/nature-et-developpement.com\/a2me\/wp-content\/uploads\/27702-Plinthe-Profile-6-MEISTER.jpg"},{"@type":"BreadcrumbList","@id":"https:\/\/nature-et-developpement.com\/a2me\/produit\/plinthe-profile-6-meister\/#breadcrumb","itemListElement":[{"@type":"ListItem","position":1,"name":"Accueil","item":"https:\/\/nature-et-developpement.com\/a2me\/"},{"@type":"ListItem","position":2,"name":"Produits","item":"https:\/\/nature-et-developpement.com\/a2me\/shop\/"},{"@type":"ListItem","position":3,"name":"Parquets bois, stratifi\u00e9s et li\u00e8ge","item":"https:\/\/nature-et-developpement.com\/a2me\/produits\/parquet-et-sol-naturels\/"},{"@type":"ListItem","position":4,"name":"Plinthes et accessoires","item":"https:\/\/nature-et-developpement.com\/a2me\/produits\/parquet-et-sol-naturels\/plinthes-et-accessoires\/"},{"@type":"ListItem","position":5,"name":"Plinthe &#8211; Profile 6 MEISTER"}]},{"@type":"WebSite","@id":"https:\/\/nature-et-developpement.com\/a2me\/#website","url":"https:\/\/nature-et-developpement.com\/a2me\/","name":"A2ME","description":"A2ME est membre fondateur du groupement Nature &amp; D\u00e9veloppement","potentialAction":[{"@type":"SearchAction","target":{"@type":"EntryPoint","urlTemplate":"https:\/\/nature-et-developpement.com\/a2me\/?s={search_term_string}"},"query-input":{"@type":"PropertyValueSpecification","valueRequired":true,"valueName":"search_term_string"}}],"inLanguage":"fr-FR"}]}},"distributor_meta":false,"distributor_terms":false,"distributor_media":false,"distributor_original_site_name":"A2ME","distributor_original_site_url":"https:\/\/nature-et-developpement.com\/a2me","push-errors":false,"_links":{"self":[{"href":"https:\/\/nature-et-developpement.com\/a2me\/wp-json\/wp\/v2\/product\/8698","targetHints":{"allow":["GET"]}}],"collection":[{"href":"https:\/\/nature-et-developpement.com\/a2me\/wp-json\/wp\/v2\/product"}],"about":[{"href":"https:\/\/nature-et-developpement.com\/a2me\/wp-json\/wp\/v2\/types\/product"}],"wp:featuredmedia":[{"embeddable":true,"href":"https:\/\/nature-et-developpement.com\/a2me\/wp-json\/"}],"wp:attachment":[{"href":"https:\/\/nature-et-developpement.com\/a2me\/wp-json\/wp\/v2\/media?parent=8698"}],"wp:term":[{"taxonomy":"product_brand","embeddable":true,"href":"https:\/\/nature-et-developpement.com\/a2me\/wp-json\/wp\/v2\/product_brand?post=8698"},{"taxonomy":"product_cat","embeddable":true,"href":"https:\/\/nature-et-developpement.com\/a2me\/wp-json\/wp\/v2\/product_cat?post=8698"},{"taxonomy":"product_tag","embeddable":true,"href":"https:\/\/nature-et-developpement.com\/a2me\/wp-json\/wp\/v2\/product_tag?post=8698"}],"curies":[{"name":"wp","href":"https:\/\/api.w.org\/{rel}","templated":true}]}}