{"id":9978,"date":"2024-04-22T16:25:53","date_gmt":"2024-04-22T14:25:53","guid":{"rendered":"https:\/\/nature-et-developpement.com\/a2me\/produit\/ventilation-double-flux-comfoairq\/"},"modified":"2025-06-12T17:28:44","modified_gmt":"2025-06-12T15:28:44","slug":"ventilation-double-flux-comfoairq","status":"publish","type":"product","link":"https:\/\/nature-et-developpement.com\/a2me\/produit\/ventilation-double-flux-comfoairq\/","title":{"rendered":"VMC double flux Comfoair Q de Zehnder"},"content":{"rendered":"<h2>VMC Double Flux Zehnder ComfoAir Q \u2013 Ventilation haute performance et confort thermique<\/h2>\n<h3>Confort et Performance au Service de l&rsquo;Air Int\u00e9rieur<\/h3>\n<p>La VMC double flux Zehnder ComfoAir Q garantit un <strong>renouvellement d\u2019air<\/strong> optimal. Elle est id\u00e9ale pour les maisons individuelles, les petits logements collectifs et les bureaux. Ce syst\u00e8me assure un climat int\u00e9rieur agr\u00e9able, quelle que soit la saison. Son design moderne et ses technologies avanc\u00e9es en font une solution de choix pour am\u00e9liorer la qualit\u00e9 de l\u2019air int\u00e9rieur.<\/p>\n<h4>Avantages de la Zehnder ComfoAir Q<\/h4>\n<p>La Zehnder ComfoAir Q se distingue par plusieurs caract\u00e9ristiques cl\u00e9s. Elle propose une <strong>ventilation ultra-silencieuse<\/strong>, ce qui am\u00e9liore consid\u00e9rablement le confort acoustique dans les espaces de vie. En parall\u00e8le, elle contribue \u00e0 optimiser les \u00e9conomies d\u2019\u00e9nergie, ce qui en fait une solution performante et \u00e9conome.<\/p>\n<p>Avec un d\u00e9bit d\u2019air ajustable de 350 \u00e0 600 m\u00b3\/h, la Zehnder ComfoAir Q est adaptable \u00e0 diverses configurations de b\u00e2timents. Elle est compatible avec les projets neufs et les r\u00e9novations. Cette VMC se caract\u00e9rise aussi par sa <strong>r\u00e9cup\u00e9ration de chaleur<\/strong> int\u00e9gr\u00e9e, ce qui permet de stabiliser la temp\u00e9rature int\u00e9rieure tout en r\u00e9duisant les besoins en chauffage. Gr\u00e2ce \u00e0 son \u00e9changeur de chaleur brevet\u00e9 de type diamant, elle offre une surface d\u2019\u00e9change thermique accrue. Cela permet de diminuer la r\u00e9sistance de l\u2019air et, ainsi, de consommer moins d\u2019\u00e9nergie.<\/p>\n<p>En termes d\u2019installation, le syst\u00e8me inclut un assistant de mise en service qui simplifie l\u2019\u00e9tape initiale de configuration. Cet assistant permet une optimisation du fonctionnement en seulement trois \u00e9tapes. De plus, le contr\u00f4le de la VMC peut \u00eatre r\u00e9alis\u00e9 de diff\u00e9rentes mani\u00e8res : via un interrupteur mural, une application mobile ou une interface connect\u00e9e pour une gestion \u00e0 distance.<\/p>\n<h4>Installation et Compatibilit\u00e9<\/h4>\n<p>La Zehnder ComfoAir Q pr\u00e9sente l\u2019avantage d\u2019\u00eatre r\u00e9versible. Elle peut donc \u00eatre install\u00e9e \u00e0 droite ou \u00e0 gauche, offrant une grande flexibilit\u00e9 lors du montage. Ce mod\u00e8le est \u00e9galement compatible avec le <strong>puits canadien <\/strong>\u00a0Zehnder ComfoFond-L Q. Ce syst\u00e8me de pr\u00e9chauffage d\u2019air est particuli\u00e8rement utile en hiver, o\u00f9 il permet de r\u00e9chauffer l\u2019air ext\u00e9rieur avant qu\u2019il ne p\u00e9n\u00e8tre dans le b\u00e2timent. Il fonctionne \u00e9galement en mode climatisation pendant l\u2019\u00e9t\u00e9 comme un <strong>puits proven\u00e7al<\/strong> pour rafra\u00eechir l\u2019air entrant. Ce compl\u00e9ment am\u00e9liore consid\u00e9rablement le confort thermique int\u00e9rieur tout en optimisant la consommation \u00e9nerg\u00e9tique.<\/p>\n<p>En plus du ComfoFond-L Q, la ComfoAir Q peut aussi \u00eatre associ\u00e9e au module Zehnder ComfoClime 36. Ce module permet de <strong>r\u00e9guler la temp\u00e9rature de l\u2019air<\/strong> insuffl\u00e9 dans les pi\u00e8ces de vie en fonction des besoins de chaque saison. En mode chauffage, il fournit une puissance de 2,4 kW, et en mode climatisation, jusqu\u2019\u00e0 2,5 kW. Ce syst\u00e8me est une solution de confort thermique compl\u00e9mentaire qui optimise les performances de la VMC.<\/p>\n<h4>Caract\u00e9ristiques techniques cl\u00e9s :<\/h4>\n<ul>\n<li>D\u00e9bit d\u2019air : ajustable entre 350 et 600 m\u00b3\/h<\/li>\n<li>\u00c9changeur de chaleur brevet\u00e9 pour maximiser la r\u00e9cup\u00e9ration thermique<\/li>\n<li>Montage flexible : installation r\u00e9versible \u00e0 droite ou \u00e0 gauche<\/li>\n<li>Ventilateurs \u00e0 la fois silencieux et \u00e9conomes en \u00e9nergie<\/li>\n<li>Assistant de mise en service int\u00e9gr\u00e9 pour une configuration simple<\/li>\n<li>Compatible avec le puits canadien Zehnder ComfoFond-L Q et le module thermique ComfoClime 36<\/li>\n<\/ul>\n<h4>Techniques de Pose<\/h4>\n<p>La pose de la VMC Zehnder ComfoAir Q est con\u00e7ue pour \u00eatre simple et rapide. L\u2019unit\u00e9 peut \u00eatre mont\u00e9e au mur ou au plafond selon les besoins. Lors de l\u2019installation, il est important de <strong>bien isoler le r\u00e9seau de distribution d\u2019air<\/strong> afin de garantir une efficacit\u00e9 maximale. Le raccordement des accessoires, tels que le ComfoFond-L Q ou le ComfoClime 36, se fait directement sur l\u2019appareil principal pour une int\u00e9gration harmonieuse.<\/p>\n","protected":false},"excerpt":{"rendered":"<p>D\u00e9couvrez la VMC double flux Zehnder ComfoAir Q. Performances silencieuses, confort thermique, installation facile et \u00e9conomies d&rsquo;\u00e9nergie pour un air sain toute l\u2019ann\u00e9e.<\/p>\n<p><a href=\"https:\/\/heyzine.com\/flip-book\/37ab457f8d.html#page\/1\" target=\"_blank\" rel=\"noopener\">Pour plus de solutions techniques Zehnder, consultez leurs autres produits.<\/a><\/p>\n","protected":false},"featured_media":1000000169846,"template":"","meta":[],"product_brand":[4531],"product_cat":[444],"product_tag":[4179],"class_list":{"0":"post-9978","1":"product","2":"type-product","3":"status-publish","4":"has-post-thumbnail","6":"product_brand-zehnder-vmc","7":"product_cat-ventilation","8":"product_tag-zehnder","9":"product_shipping_class-petit-equipement-outil-eclairage","11":"first","12":"instock","13":"taxable","14":"shipping-taxable","15":"purchasable","16":"product-type-variable"},"yoast_head":"<!-- This site is optimized with the Yoast SEO plugin v27.5 - https:\/\/yoast.com\/product\/yoast-seo-wordpress\/ -->\n<title>VMC double flux Comfoair Q de Zehnder<\/title>\n<meta name=\"description\" content=\"D\u00e9couvrez la VMC double flux Zehnder ComfoAir Q. Silencieuses, confort thermique, installation facile, \u00e9conomies d&#039;\u00e9nergie pour un air sain toute l\u2019ann\u00e9e.\" \/>\n<meta name=\"robots\" content=\"noindex, follow\" \/>\n<meta property=\"og:locale\" content=\"fr_FR\" \/>\n<meta property=\"og:type\" content=\"article\" \/>\n<meta property=\"og:title\" content=\"VMC double flux Comfoair Q de Zehnder\" \/>\n<meta property=\"og:description\" content=\"D\u00e9couvrez la VMC double flux Zehnder ComfoAir Q. Silencieuses, confort thermique, installation facile, \u00e9conomies d&#039;\u00e9nergie pour un air sain toute l\u2019ann\u00e9e.\" \/>\n<meta property=\"og:url\" content=\"https:\/\/nature-et-developpement.com\/a2me\/produit\/ventilation-double-flux-comfoairq\/\" \/>\n<meta property=\"og:site_name\" content=\"A2ME\" \/>\n<meta property=\"article:modified_time\" content=\"2025-06-12T15:28:44+00:00\" \/>\n<meta name=\"twitter:card\" content=\"summary_large_image\" \/>\n<meta name=\"twitter:label1\" content=\"Dur\u00e9e de lecture estim\u00e9e\" \/>\n\t<meta name=\"twitter:data1\" content=\"2 minutes\" \/>\n<script type=\"application\/ld+json\" class=\"yoast-schema-graph\">{\"@context\":\"https:\\\/\\\/schema.org\",\"@graph\":[{\"@type\":\"WebPage\",\"@id\":\"https:\\\/\\\/nature-et-developpement.com\\\/a2me\\\/produit\\\/ventilation-double-flux-comfoairq\\\/\",\"url\":\"https:\\\/\\\/nature-et-developpement.com\\\/a2me\\\/produit\\\/ventilation-double-flux-comfoairq\\\/\",\"name\":\"VMC double flux Comfoair Q de Zehnder\",\"isPartOf\":{\"@id\":\"https:\\\/\\\/nature-et-developpement.com\\\/a2me\\\/#website\"},\"primaryImageOfPage\":{\"@id\":\"https:\\\/\\\/nature-et-developpement.com\\\/a2me\\\/produit\\\/ventilation-double-flux-comfoairq\\\/#primaryimage\"},\"image\":{\"@id\":\"https:\\\/\\\/nature-et-developpement.com\\\/a2me\\\/produit\\\/ventilation-double-flux-comfoairq\\\/#primaryimage\"},\"thumbnailUrl\":\"https:\\\/\\\/nature-et-developpement.com\\\/a2me\\\/wp-content\\\/uploads\\\/Ventilation-double-flux-Comfoair-Q-de-Zenhder.jpg\",\"datePublished\":\"2024-04-22T14:25:53+00:00\",\"dateModified\":\"2025-06-12T15:28:44+00:00\",\"description\":\"D\u00e9couvrez la VMC double flux Zehnder ComfoAir Q. Silencieuses, confort thermique, installation facile, \u00e9conomies d'\u00e9nergie pour un air sain toute l\u2019ann\u00e9e.\",\"breadcrumb\":{\"@id\":\"https:\\\/\\\/nature-et-developpement.com\\\/a2me\\\/produit\\\/ventilation-double-flux-comfoairq\\\/#breadcrumb\"},\"inLanguage\":\"fr-FR\",\"potentialAction\":[{\"@type\":\"ReadAction\",\"target\":[\"https:\\\/\\\/nature-et-developpement.com\\\/a2me\\\/produit\\\/ventilation-double-flux-comfoairq\\\/\"]}]},{\"@type\":\"ImageObject\",\"inLanguage\":\"fr-FR\",\"@id\":\"https:\\\/\\\/nature-et-developpement.com\\\/a2me\\\/produit\\\/ventilation-double-flux-comfoairq\\\/#primaryimage\",\"url\":\"https:\\\/\\\/nature-et-developpement.com\\\/a2me\\\/wp-content\\\/uploads\\\/Ventilation-double-flux-Comfoair-Q-de-Zenhder.jpg\",\"contentUrl\":\"https:\\\/\\\/nature-et-developpement.com\\\/a2me\\\/wp-content\\\/uploads\\\/Ventilation-double-flux-Comfoair-Q-de-Zenhder.jpg\"},{\"@type\":\"BreadcrumbList\",\"@id\":\"https:\\\/\\\/nature-et-developpement.com\\\/a2me\\\/produit\\\/ventilation-double-flux-comfoairq\\\/#breadcrumb\",\"itemListElement\":[{\"@type\":\"ListItem\",\"position\":1,\"name\":\"Accueil\",\"item\":\"https:\\\/\\\/nature-et-developpement.com\\\/a2me\\\/\"},{\"@type\":\"ListItem\",\"position\":2,\"name\":\"Produits\",\"item\":\"https:\\\/\\\/nature-et-developpement.com\\\/a2me\\\/shop\\\/\"},{\"@type\":\"ListItem\",\"position\":3,\"name\":\"Chauffage, eau et \u00e9nergie\",\"item\":\"https:\\\/\\\/nature-et-developpement.com\\\/a2me\\\/produits\\\/energie-et-ventilation\\\/\"},{\"@type\":\"ListItem\",\"position\":4,\"name\":\"Ventilation double flux, VMC hydro, extracteur d'air\",\"item\":\"https:\\\/\\\/nature-et-developpement.com\\\/a2me\\\/produits\\\/energie-et-ventilation\\\/ventilation\\\/\"},{\"@type\":\"ListItem\",\"position\":5,\"name\":\"VMC double flux Comfoair Q de Zehnder\"}]},{\"@type\":\"WebSite\",\"@id\":\"https:\\\/\\\/nature-et-developpement.com\\\/a2me\\\/#website\",\"url\":\"https:\\\/\\\/nature-et-developpement.com\\\/a2me\\\/\",\"name\":\"A2ME\",\"description\":\"A2ME est membre fondateur du groupement Nature &amp; D\u00e9veloppement\",\"potentialAction\":[{\"@type\":\"SearchAction\",\"target\":{\"@type\":\"EntryPoint\",\"urlTemplate\":\"https:\\\/\\\/nature-et-developpement.com\\\/a2me\\\/?s={search_term_string}\"},\"query-input\":{\"@type\":\"PropertyValueSpecification\",\"valueRequired\":true,\"valueName\":\"search_term_string\"}}],\"inLanguage\":\"fr-FR\"}]}<\/script>\n<!-- \/ Yoast SEO plugin. -->","yoast_head_json":{"title":"VMC double flux Comfoair Q de Zehnder","description":"D\u00e9couvrez la VMC double flux Zehnder ComfoAir Q. Silencieuses, confort thermique, installation facile, \u00e9conomies d'\u00e9nergie pour un air sain toute l\u2019ann\u00e9e.","robots":{"index":"noindex","follow":"follow"},"og_locale":"fr_FR","og_type":"article","og_title":"VMC double flux Comfoair Q de Zehnder","og_description":"D\u00e9couvrez la VMC double flux Zehnder ComfoAir Q. Silencieuses, confort thermique, installation facile, \u00e9conomies d'\u00e9nergie pour un air sain toute l\u2019ann\u00e9e.","og_url":"https:\/\/nature-et-developpement.com\/a2me\/produit\/ventilation-double-flux-comfoairq\/","og_site_name":"A2ME","article_modified_time":"2025-06-12T15:28:44+00:00","twitter_card":"summary_large_image","twitter_misc":{"Dur\u00e9e de lecture estim\u00e9e":"2 minutes"},"schema":{"@context":"https:\/\/schema.org","@graph":[{"@type":"WebPage","@id":"https:\/\/nature-et-developpement.com\/a2me\/produit\/ventilation-double-flux-comfoairq\/","url":"https:\/\/nature-et-developpement.com\/a2me\/produit\/ventilation-double-flux-comfoairq\/","name":"VMC double flux Comfoair Q de Zehnder","isPartOf":{"@id":"https:\/\/nature-et-developpement.com\/a2me\/#website"},"primaryImageOfPage":{"@id":"https:\/\/nature-et-developpement.com\/a2me\/produit\/ventilation-double-flux-comfoairq\/#primaryimage"},"image":{"@id":"https:\/\/nature-et-developpement.com\/a2me\/produit\/ventilation-double-flux-comfoairq\/#primaryimage"},"thumbnailUrl":"https:\/\/nature-et-developpement.com\/a2me\/wp-content\/uploads\/Ventilation-double-flux-Comfoair-Q-de-Zenhder.jpg","datePublished":"2024-04-22T14:25:53+00:00","dateModified":"2025-06-12T15:28:44+00:00","description":"D\u00e9couvrez la VMC double flux Zehnder ComfoAir Q. Silencieuses, confort thermique, installation facile, \u00e9conomies d'\u00e9nergie pour un air sain toute l\u2019ann\u00e9e.","breadcrumb":{"@id":"https:\/\/nature-et-developpement.com\/a2me\/produit\/ventilation-double-flux-comfoairq\/#breadcrumb"},"inLanguage":"fr-FR","potentialAction":[{"@type":"ReadAction","target":["https:\/\/nature-et-developpement.com\/a2me\/produit\/ventilation-double-flux-comfoairq\/"]}]},{"@type":"ImageObject","inLanguage":"fr-FR","@id":"https:\/\/nature-et-developpement.com\/a2me\/produit\/ventilation-double-flux-comfoairq\/#primaryimage","url":"https:\/\/nature-et-developpement.com\/a2me\/wp-content\/uploads\/Ventilation-double-flux-Comfoair-Q-de-Zenhder.jpg","contentUrl":"https:\/\/nature-et-developpement.com\/a2me\/wp-content\/uploads\/Ventilation-double-flux-Comfoair-Q-de-Zenhder.jpg"},{"@type":"BreadcrumbList","@id":"https:\/\/nature-et-developpement.com\/a2me\/produit\/ventilation-double-flux-comfoairq\/#breadcrumb","itemListElement":[{"@type":"ListItem","position":1,"name":"Accueil","item":"https:\/\/nature-et-developpement.com\/a2me\/"},{"@type":"ListItem","position":2,"name":"Produits","item":"https:\/\/nature-et-developpement.com\/a2me\/shop\/"},{"@type":"ListItem","position":3,"name":"Chauffage, eau et \u00e9nergie","item":"https:\/\/nature-et-developpement.com\/a2me\/produits\/energie-et-ventilation\/"},{"@type":"ListItem","position":4,"name":"Ventilation double flux, VMC hydro, extracteur d'air","item":"https:\/\/nature-et-developpement.com\/a2me\/produits\/energie-et-ventilation\/ventilation\/"},{"@type":"ListItem","position":5,"name":"VMC double flux Comfoair Q de Zehnder"}]},{"@type":"WebSite","@id":"https:\/\/nature-et-developpement.com\/a2me\/#website","url":"https:\/\/nature-et-developpement.com\/a2me\/","name":"A2ME","description":"A2ME est membre fondateur du groupement Nature &amp; D\u00e9veloppement","potentialAction":[{"@type":"SearchAction","target":{"@type":"EntryPoint","urlTemplate":"https:\/\/nature-et-developpement.com\/a2me\/?s={search_term_string}"},"query-input":{"@type":"PropertyValueSpecification","valueRequired":true,"valueName":"search_term_string"}}],"inLanguage":"fr-FR"}]}},"distributor_meta":false,"distributor_terms":false,"distributor_media":false,"distributor_original_site_name":"A2ME","distributor_original_site_url":"https:\/\/nature-et-developpement.com\/a2me","push-errors":false,"_links":{"self":[{"href":"https:\/\/nature-et-developpement.com\/a2me\/wp-json\/wp\/v2\/product\/9978","targetHints":{"allow":["GET"]}}],"collection":[{"href":"https:\/\/nature-et-developpement.com\/a2me\/wp-json\/wp\/v2\/product"}],"about":[{"href":"https:\/\/nature-et-developpement.com\/a2me\/wp-json\/wp\/v2\/types\/product"}],"wp:featuredmedia":[{"embeddable":true,"href":"https:\/\/nature-et-developpement.com\/a2me\/wp-json\/"}],"wp:attachment":[{"href":"https:\/\/nature-et-developpement.com\/a2me\/wp-json\/wp\/v2\/media?parent=9978"}],"wp:term":[{"taxonomy":"product_brand","embeddable":true,"href":"https:\/\/nature-et-developpement.com\/a2me\/wp-json\/wp\/v2\/product_brand?post=9978"},{"taxonomy":"product_cat","embeddable":true,"href":"https:\/\/nature-et-developpement.com\/a2me\/wp-json\/wp\/v2\/product_cat?post=9978"},{"taxonomy":"product_tag","embeddable":true,"href":"https:\/\/nature-et-developpement.com\/a2me\/wp-json\/wp\/v2\/product_tag?post=9978"}],"curies":[{"name":"wp","href":"https:\/\/api.w.org\/{rel}","templated":true}]}}