{"id":10,"date":"2023-07-13T10:38:13","date_gmt":"2023-07-13T08:38:13","guid":{"rendered":"https:\/\/nature-et-developpement.com\/?page_id=153551"},"modified":"2023-11-10T11:38:08","modified_gmt":"2023-11-10T10:38:08","slug":"paiement-securise","status":"publish","type":"page","link":"https:\/\/nature-et-developpement.com\/ain\/paiement-securise\/","title":{"rendered":"Paiement s\u00e9curis\u00e9"},"content":{"rendered":"\n<h3 class=\"wp-block-heading\">SOLUTION DE PAIEMENT : PAYZEN<\/h3>\n\n\n\n<p>Les transactions effectu\u00e9es sur ce site sont <strong>s\u00e9curis\u00e9es<\/strong> par la plateforme de paiement en ligne PayZen. Cette solution est une marque du groupe <a href=\"https:\/\/lyra.com\/fr\/\" target=\"_blank\" rel=\"noreferrer noopener\">Lyra Network<\/a>, op\u00e9rateur mon\u00e9tique reconnu dans le milieu bancaire.<\/p>\n\n\n\n<h3 class=\"wp-block-heading\">SECURITE:<\/h3>\n\n\n\n<p>PayZen vous assure la s\u00e9curit\u00e9 optimale de vos donn\u00e9es gr\u00e2ce \u00e0 sa <a href=\"https:\/\/payzen.eu\/pci-dss\/\">certification PCI DSS<\/a> et l\u2019utilisation du protocole TLS qui crypte toutes les informations li\u00e9es \u00e0 votre paiement. A aucun moment, vos coordonn\u00e9es bancaires apparaissent en clair ou sont remises aux commer\u00e7ants.<\/p>\n\n\n\n<h3 class=\"wp-block-heading\">PERIMETRE:<\/h3>\n\n\n\n<p>PayZen g\u00e8re <strong>exclusivement le service de paiement sur internet<\/strong>. Pour tout probl\u00e8me concernant une livraison ou un litige, nous vous recommandons de contacter directement le commer\u00e7ant du site ou votre banque. Pour toute information compl\u00e9mentaire sur notre plateforme de paiement nous vous invitons \u00e0 visiter notre site :&nbsp;<a href=\"https:\/\/payzen.eu\/\">payzen.eu<\/a>&nbsp;ou \u00e0 nous contacter au 0811 708 709 (Num\u00e9ro Azur, Co\u00fbt d&rsquo;un appel local).<\/p>\n\n\n<div class=\"wp-block-image\">\n<figure class=\"aligncenter size-full\"><img decoding=\"async\" src=\"https:\/\/nature-et-developpement.com\/wp-content\/uploads\/Pay-Zen-100-securise_logo_2022.jpg\" alt=\"\" class=\"wp-image-170064\"\/><\/figure>\n<\/div>","protected":false},"excerpt":{"rendered":"<p>SOLUTION DE PAIEMENT : PAYZEN Les transactions effectu\u00e9es sur ce site sont s\u00e9curis\u00e9es par la plateforme de paiement en ligne PayZen. Cette solution est une marque du groupe Lyra Network, op\u00e9rateur mon\u00e9tique reconnu dans le milieu bancaire. SECURITE: PayZen vous assure la s\u00e9curit\u00e9 optimale de vos donn\u00e9es gr\u00e2ce \u00e0 sa certification PCI DSS et l\u2019utilisation [&hellip;]<\/p>\n","protected":false},"author":1,"featured_media":0,"parent":0,"menu_order":0,"comment_status":"closed","ping_status":"closed","template":"","meta":{"footnotes":""},"class_list":["post-10","page","type-page","status-publish","hentry"],"yoast_head":"<!-- This site is optimized with the Yoast SEO plugin v27.6 - https:\/\/yoast.com\/product\/yoast-seo-wordpress\/ -->\n<title>Paiement s\u00e9curis\u00e9<\/title>\n<meta name=\"description\" content=\"SOLUTION DE PAIEMENT : PAYZEN Les transactions effectu\u00e9es sur ce site sont s\u00e9curis\u00e9es par la plateforme de paiement en ligne PayZen. Cette solution est\" \/>\n<meta name=\"robots\" content=\"index, follow, max-snippet:-1, max-image-preview:large, max-video-preview:-1\" \/>\n<link rel=\"canonical\" href=\"https:\/\/nature-et-developpement.com\/ain\/paiement-securise\/\" \/>\n<meta property=\"og:locale\" content=\"fr_FR\" \/>\n<meta property=\"og:type\" content=\"article\" \/>\n<meta property=\"og:title\" content=\"Paiement s\u00e9curis\u00e9\" \/>\n<meta property=\"og:description\" content=\"SOLUTION DE PAIEMENT : PAYZEN Les transactions effectu\u00e9es sur ce site sont s\u00e9curis\u00e9es par la plateforme de paiement en ligne PayZen. Cette solution est\" \/>\n<meta property=\"og:url\" content=\"https:\/\/nature-et-developpement.com\/ain\/paiement-securise\/\" \/>\n<meta property=\"og:site_name\" content=\"Mat\u00e9riaux Naturels de l&#039;Ain\" \/>\n<meta property=\"article:modified_time\" content=\"2023-11-10T10:38:08+00:00\" \/>\n<meta property=\"og:image\" content=\"https:\/\/nature-et-developpement.com\/wp-content\/uploads\/Pay-Zen-100-securise_logo_2022.jpg\" \/>\n<meta name=\"twitter:card\" content=\"summary_large_image\" \/>\n<meta name=\"twitter:label1\" content=\"Dur\u00e9e de lecture estim\u00e9e\" \/>\n\t<meta name=\"twitter:data1\" content=\"1 minute\" \/>\n<script type=\"application\/ld+json\" class=\"yoast-schema-graph\">{\"@context\":\"https:\\\/\\\/schema.org\",\"@graph\":[{\"@type\":\"WebPage\",\"@id\":\"https:\\\/\\\/nature-et-developpement.com\\\/ain\\\/paiement-securise\\\/\",\"url\":\"https:\\\/\\\/nature-et-developpement.com\\\/ain\\\/paiement-securise\\\/\",\"name\":\"Paiement s\u00e9curis\u00e9\",\"isPartOf\":{\"@id\":\"https:\\\/\\\/nature-et-developpement.com\\\/ain\\\/#website\"},\"primaryImageOfPage\":{\"@id\":\"https:\\\/\\\/nature-et-developpement.com\\\/ain\\\/paiement-securise\\\/#primaryimage\"},\"image\":{\"@id\":\"https:\\\/\\\/nature-et-developpement.com\\\/ain\\\/paiement-securise\\\/#primaryimage\"},\"thumbnailUrl\":\"https:\\\/\\\/nature-et-developpement.com\\\/wp-content\\\/uploads\\\/Pay-Zen-100-securise_logo_2022.jpg\",\"datePublished\":\"2023-07-13T08:38:13+00:00\",\"dateModified\":\"2023-11-10T10:38:08+00:00\",\"description\":\"SOLUTION DE PAIEMENT : PAYZEN Les transactions effectu\u00e9es sur ce site sont s\u00e9curis\u00e9es par la plateforme de paiement en ligne PayZen. Cette solution est\",\"breadcrumb\":{\"@id\":\"https:\\\/\\\/nature-et-developpement.com\\\/ain\\\/paiement-securise\\\/#breadcrumb\"},\"inLanguage\":\"fr-FR\",\"potentialAction\":[{\"@type\":\"ReadAction\",\"target\":[\"https:\\\/\\\/nature-et-developpement.com\\\/ain\\\/paiement-securise\\\/\"]}]},{\"@type\":\"ImageObject\",\"inLanguage\":\"fr-FR\",\"@id\":\"https:\\\/\\\/nature-et-developpement.com\\\/ain\\\/paiement-securise\\\/#primaryimage\",\"url\":\"https:\\\/\\\/nature-et-developpement.com\\\/wp-content\\\/uploads\\\/Pay-Zen-100-securise_logo_2022.jpg\",\"contentUrl\":\"https:\\\/\\\/nature-et-developpement.com\\\/wp-content\\\/uploads\\\/Pay-Zen-100-securise_logo_2022.jpg\"},{\"@type\":\"BreadcrumbList\",\"@id\":\"https:\\\/\\\/nature-et-developpement.com\\\/ain\\\/paiement-securise\\\/#breadcrumb\",\"itemListElement\":[{\"@type\":\"ListItem\",\"position\":1,\"name\":\"Accueil\",\"item\":\"https:\\\/\\\/nature-et-developpement.com\\\/ain\\\/\"},{\"@type\":\"ListItem\",\"position\":2,\"name\":\"Paiement s\u00e9curis\u00e9\"}]},{\"@type\":\"WebSite\",\"@id\":\"https:\\\/\\\/nature-et-developpement.com\\\/ain\\\/#website\",\"url\":\"https:\\\/\\\/nature-et-developpement.com\\\/ain\\\/\",\"name\":\"Mat\u00e9riaux Naturels de l&#039;Ain\",\"description\":\"Mat\u00e9riaux Naturels de l&#039;Ain est membre du groupement Nature &amp; D\u00e9veloppement\",\"potentialAction\":[{\"@type\":\"SearchAction\",\"target\":{\"@type\":\"EntryPoint\",\"urlTemplate\":\"https:\\\/\\\/nature-et-developpement.com\\\/ain\\\/?s={search_term_string}\"},\"query-input\":{\"@type\":\"PropertyValueSpecification\",\"valueRequired\":true,\"valueName\":\"search_term_string\"}}],\"inLanguage\":\"fr-FR\"}]}<\/script>\n<!-- \/ Yoast SEO plugin. -->","yoast_head_json":{"title":"Paiement s\u00e9curis\u00e9","description":"SOLUTION DE PAIEMENT : PAYZEN Les transactions effectu\u00e9es sur ce site sont s\u00e9curis\u00e9es par la plateforme de paiement en ligne PayZen. Cette solution est","robots":{"index":"index","follow":"follow","max-snippet":"max-snippet:-1","max-image-preview":"max-image-preview:large","max-video-preview":"max-video-preview:-1"},"canonical":"https:\/\/nature-et-developpement.com\/ain\/paiement-securise\/","og_locale":"fr_FR","og_type":"article","og_title":"Paiement s\u00e9curis\u00e9","og_description":"SOLUTION DE PAIEMENT : PAYZEN Les transactions effectu\u00e9es sur ce site sont s\u00e9curis\u00e9es par la plateforme de paiement en ligne PayZen. Cette solution est","og_url":"https:\/\/nature-et-developpement.com\/ain\/paiement-securise\/","og_site_name":"Mat\u00e9riaux Naturels de l&#039;Ain","article_modified_time":"2023-11-10T10:38:08+00:00","og_image":[{"url":"https:\/\/nature-et-developpement.com\/wp-content\/uploads\/Pay-Zen-100-securise_logo_2022.jpg","type":"","width":"","height":""}],"twitter_card":"summary_large_image","twitter_misc":{"Dur\u00e9e de lecture estim\u00e9e":"1 minute"},"schema":{"@context":"https:\/\/schema.org","@graph":[{"@type":"WebPage","@id":"https:\/\/nature-et-developpement.com\/ain\/paiement-securise\/","url":"https:\/\/nature-et-developpement.com\/ain\/paiement-securise\/","name":"Paiement s\u00e9curis\u00e9","isPartOf":{"@id":"https:\/\/nature-et-developpement.com\/ain\/#website"},"primaryImageOfPage":{"@id":"https:\/\/nature-et-developpement.com\/ain\/paiement-securise\/#primaryimage"},"image":{"@id":"https:\/\/nature-et-developpement.com\/ain\/paiement-securise\/#primaryimage"},"thumbnailUrl":"https:\/\/nature-et-developpement.com\/wp-content\/uploads\/Pay-Zen-100-securise_logo_2022.jpg","datePublished":"2023-07-13T08:38:13+00:00","dateModified":"2023-11-10T10:38:08+00:00","description":"SOLUTION DE PAIEMENT : PAYZEN Les transactions effectu\u00e9es sur ce site sont s\u00e9curis\u00e9es par la plateforme de paiement en ligne PayZen. Cette solution est","breadcrumb":{"@id":"https:\/\/nature-et-developpement.com\/ain\/paiement-securise\/#breadcrumb"},"inLanguage":"fr-FR","potentialAction":[{"@type":"ReadAction","target":["https:\/\/nature-et-developpement.com\/ain\/paiement-securise\/"]}]},{"@type":"ImageObject","inLanguage":"fr-FR","@id":"https:\/\/nature-et-developpement.com\/ain\/paiement-securise\/#primaryimage","url":"https:\/\/nature-et-developpement.com\/wp-content\/uploads\/Pay-Zen-100-securise_logo_2022.jpg","contentUrl":"https:\/\/nature-et-developpement.com\/wp-content\/uploads\/Pay-Zen-100-securise_logo_2022.jpg"},{"@type":"BreadcrumbList","@id":"https:\/\/nature-et-developpement.com\/ain\/paiement-securise\/#breadcrumb","itemListElement":[{"@type":"ListItem","position":1,"name":"Accueil","item":"https:\/\/nature-et-developpement.com\/ain\/"},{"@type":"ListItem","position":2,"name":"Paiement s\u00e9curis\u00e9"}]},{"@type":"WebSite","@id":"https:\/\/nature-et-developpement.com\/ain\/#website","url":"https:\/\/nature-et-developpement.com\/ain\/","name":"Mat\u00e9riaux Naturels de l&#039;Ain","description":"Mat\u00e9riaux Naturels de l&#039;Ain est membre du groupement Nature &amp; D\u00e9veloppement","potentialAction":[{"@type":"SearchAction","target":{"@type":"EntryPoint","urlTemplate":"https:\/\/nature-et-developpement.com\/ain\/?s={search_term_string}"},"query-input":{"@type":"PropertyValueSpecification","valueRequired":true,"valueName":"search_term_string"}}],"inLanguage":"fr-FR"}]}},"distributor_meta":false,"distributor_terms":false,"distributor_media":false,"distributor_original_site_name":"Mat\u00e9riaux Naturels de l&#039;Ain","distributor_original_site_url":"https:\/\/nature-et-developpement.com\/ain","push-errors":false,"_links":{"self":[{"href":"https:\/\/nature-et-developpement.com\/ain\/wp-json\/wp\/v2\/pages\/10","targetHints":{"allow":["GET"]}}],"collection":[{"href":"https:\/\/nature-et-developpement.com\/ain\/wp-json\/wp\/v2\/pages"}],"about":[{"href":"https:\/\/nature-et-developpement.com\/ain\/wp-json\/wp\/v2\/types\/page"}],"author":[{"embeddable":true,"href":"https:\/\/nature-et-developpement.com\/ain\/wp-json\/wp\/v2\/users\/1"}],"replies":[{"embeddable":true,"href":"https:\/\/nature-et-developpement.com\/ain\/wp-json\/wp\/v2\/comments?post=10"}],"version-history":[{"count":4,"href":"https:\/\/nature-et-developpement.com\/ain\/wp-json\/wp\/v2\/pages\/10\/revisions"}],"predecessor-version":[{"id":30750,"href":"https:\/\/nature-et-developpement.com\/ain\/wp-json\/wp\/v2\/pages\/10\/revisions\/30750"}],"wp:attachment":[{"href":"https:\/\/nature-et-developpement.com\/ain\/wp-json\/wp\/v2\/media?parent=10"}],"curies":[{"name":"wp","href":"https:\/\/api.w.org\/{rel}","templated":true}]}}