{"id":33496,"date":"2023-07-10T11:51:22","date_gmt":"2023-07-10T09:51:22","guid":{"rendered":"https:\/\/nature-et-developpement.com\/?page_id=172413"},"modified":"2023-08-30T15:12:32","modified_gmt":"2023-08-30T13:12:32","slug":"politique-de-confidentialite","status":"publish","type":"page","link":"https:\/\/nature-et-developpement.com\/ain\/politique-de-confidentialite\/","title":{"rendered":"Politique de confidentialit\u00e9"},"content":{"rendered":"\n<h2 class=\"wp-block-heading\">Responsable des traitements<\/h2>\n\n\n\n<p>Les donn\u00e9es collect\u00e9es dans ce formulaire sont destin\u00e9es \u00e0 \u00eatre trait\u00e9es par <strong>NATURE ET DEVELOPPEMENT<\/strong>, <strong>GIE<\/strong> au capital social de <strong>50,00<\/strong> euros, dont le si\u00e8ge social se trouve <strong>56 rue des Ormes<\/strong> \u00e0 <strong>NAZELLES-NEGRON (37530)<\/strong>, immatricul\u00e9e \u00e0 <strong>Tours<\/strong> sous le num\u00e9ro <strong>C 512 685 017<\/strong>.<\/p>\n\n\n\n<p><strong>NATURE ET DEVELOPPEMENT<\/strong> dispose d\u2019un D\u00e9l\u00e9gu\u00e9 \u00e0 la Protection des Donn\u00e9es.<\/p>\n\n\n\n<h2 class=\"wp-block-heading\">Finalit\u00e9s<\/h2>\n\n\n\n<p>Ces donn\u00e9es, en particulier celles dont le caract\u00e8re obligatoire est signal\u00e9 par un ast\u00e9risque, seront trait\u00e9es afin&nbsp;de conclure votre inscription \u00e0 notre place de march\u00e9 et d\u2019assurer l\u2019ex\u00e9cution de la relation contractuelle en d\u00e9coulant, dans les conditions pr\u00e9vues \u00e0 nos conditions g\u00e9n\u00e9rales d\u2019utilisation, conform\u00e9ment \u00e0 l\u2019article 6, 1, b du R\u00e8glement (UE) 2016\/679 du 27 avril 2016.<\/p>\n\n\n\n<p>Elles seront en particulier utilis\u00e9es pour&nbsp;vous permettre de&nbsp;:<\/p>\n\n\n\n<ul class=\"wp-block-list\">\n<li>conclure des commandes sur le site&nbsp;<a href=\"https:\/\/nature-et-developpement.com\/\">Nature et D\u00e9veloppement<\/a>,<\/li>\n\n\n\n<li>recevoir l\u2019objet de vos commandes,<\/li>\n\n\n\n<li>consulter les informations se rapportant \u00e0 vos commandes pass\u00e9es,<\/li>\n\n\n\n<li>publier des avis.<\/li>\n<\/ul>\n\n\n\n<p>Elles seront \u00e9galement utilis\u00e9es aux fins de&nbsp;:<\/p>\n\n\n\n<ul class=\"wp-block-list\">\n<li>instruire toute r\u00e9clamation ou plainte de votre part&nbsp;;<\/li>\n\n\n\n<li>instruire toute r\u00e9clamation ou plainte \u00e0 votre encontre,<\/li>\n\n\n\n<li>satisfaire aux exigences d\u2019enqu\u00eates p\u00e9nales ou administratives dans les conditions vis\u00e9es par la Loi&nbsp;;<\/li>\n\n\n\n<li>satisfaire \u00e0 toute formalit\u00e9, d\u00e9claration, ou demande l\u00e9gitime de communication d\u2019informations en mati\u00e8re p\u00e9nale, fiscale et sociale.<\/li>\n<\/ul>\n\n\n\n<p>A moins que vous ne vous y soyez oppos\u00e9, elles seront \u00e9galement utilis\u00e9es pour r\u00e9aliser des actions de prospection et promotion se rapportant \u00e0 des produits ou services analogues \u00e0 ceux que vous avez souscrits dans le cadre de votre inscription \u00e0 notre place de march\u00e9, conform\u00e9ment \u00e0 l\u2019article 6, 1, f du R\u00e8glement (UE) 2016\/679 du 27 avril 2016.<\/p>\n\n\n\n<p>Enfin, si vous y avez consenti dans le formulaire, elles seront \u00e9galement utilis\u00e9es pour r\u00e9aliser des actions de prospection et promotion se rapportant \u00e0 d\u2019autres produits ou services, conform\u00e9ment \u00e0 l\u2019article 6, 1, f du R\u00e8glement (UE) 2016\/679 du 27 avril 2016.<\/p>\n\n\n\n<h2 class=\"wp-block-heading\">Destinataires des donn\u00e9es collect\u00e9es<\/h2>\n\n\n\n<p>Conform\u00e9ment aux finalit\u00e9s ci-avant d\u00e9clar\u00e9es, les donn\u00e9es vous concernant sont susceptibles d\u2019\u00eatre transmises&nbsp;:<\/p>\n\n\n\n<ul class=\"wp-block-list\">\n<li>\u00e0 toute entreprise avec laquelle vous avez conclu une commande,<\/li>\n\n\n\n<li>tout prestataire technique concourant \u00e0 l\u2019h\u00e9bergement, \u00e0 la maintenance ou \u00e0 l\u2019\u00e9volution de notre place de march\u00e9,<\/li>\n\n\n\n<li>tout prestataire technique concourant \u00e0 la r\u00e9alisation d\u2019op\u00e9rations de prospection et promotion pour notre compte,<\/li>\n\n\n\n<li>\u00e0 l\u2019administration fiscale,<\/li>\n\n\n\n<li>aux organismes de s\u00e9curit\u00e9 sociale,<\/li>\n\n\n\n<li>aux autorit\u00e9s judiciaires et administratives.<\/li>\n<\/ul>\n\n\n\n<h2 class=\"wp-block-heading\">Cons\u00e9quences en cas de refus de collecter les donn\u00e9es<\/h2>\n\n\n\n<p>A d\u00e9faut de nous communiquer ces donn\u00e9es, vous ne pourrez vous inscrire \u00e0 notre place de march\u00e9 ou nous mettrez dans l\u2019impossibilit\u00e9 de remplir nos engagements contractuels envers vous.<\/p>\n\n\n\n<h2 class=\"wp-block-heading\">Dur\u00e9e de conservation des donn\u00e9es<\/h2>\n\n\n\n<p>Les donn\u00e9es \u00e0 caract\u00e8re personnel vous concernant seront conserv\u00e9es jusqu\u2019au plus tardif des \u00e9v\u00e8nements ci-apr\u00e8s :<\/p>\n\n\n\n<ul class=\"wp-block-list\">\n<li>fin de nos relations contractuelles, augment\u00e9e d\u2019une dur\u00e9e de cinq ann\u00e9es&nbsp;;<\/li>\n\n\n\n<li><a><\/a>expiration de la dur\u00e9e l\u00e9gale ou r\u00e9glementaire de conservation obligatoires des documents contractuels&nbsp;;<\/li>\n\n\n\n<li>expiration de la dur\u00e9e l\u00e9gale ou r\u00e9glementaire de conservation obligatoires des pi\u00e8ces, documents et d\u00e9clarations comptables, fiscales et sociales&nbsp;;<\/li>\n\n\n\n<li>expiration d\u2019une dur\u00e9e de six mois suivant la derni\u00e8re action de prospection et promotion \u00e0 votre intention, sous r\u00e9serve que vous ne vous y soyez pas oppos\u00e9 ou que vous y ayez consenti, selon le cas vis\u00e9 dans le paragraphe pr\u00e9c\u00e9dent relatif aux \u00ab&nbsp;Finalit\u00e9s&nbsp;\u00bb poursuivies.<\/li>\n<\/ul>\n\n\n\n<h2 class=\"wp-block-heading\">Vos droits<\/h2>\n\n\n\n<p>Dans les conditions d\u00e9finies par le R\u00e8glement (UE) 2016\/679 du 27 avril 2016, toute personne concern\u00e9e par un traitement de donn\u00e9es \u00e0 caract\u00e8re personnel (la \u00ab&nbsp;Personne Concern\u00e9e&nbsp;\u00bb) dispose des droits \u00e9num\u00e9r\u00e9s et r\u00e9sum\u00e9s ci-dessous.<\/p>\n\n\n\n<h3 class=\"wp-block-heading\">Droit d\u2019acc\u00e8s (RGPD, article 15)<\/h3>\n\n\n\n<p>La Personne Concern\u00e9e a le droit d\u2019obtenir du responsable d\u2019un traitement la confirmation que les donn\u00e9es \u00e0 caract\u00e8re personnel la concernant sont trait\u00e9es et, si tel est le cas, d\u2019acc\u00e9der \u00e0 ces derni\u00e8res et de se voir inform\u00e9e notamment :<\/p>\n\n\n\n<ul class=\"wp-block-list\">\n<li>des finalit\u00e9s du traitement&nbsp;;<\/li>\n\n\n\n<li>des cat\u00e9gories de donn\u00e9es \u00e0 caract\u00e8re personnel concern\u00e9es&nbsp;;<\/li>\n\n\n\n<li>des destinataires ou cat\u00e9gories de destinataires auxquels les donn\u00e9es \u00e0 caract\u00e8re personnel ont \u00e9t\u00e9 ou seront communiqu\u00e9es, en particulier les destinataires qui sont \u00e9tablis dans des pays tiers ou les organisations internationales&nbsp;;<\/li>\n\n\n\n<li>lorsque cela est possible, de la dur\u00e9e de conservation des donn\u00e9es \u00e0 caract\u00e8re personnel envisag\u00e9e ou, lorsque ce n&rsquo;est pas possible, les crit\u00e8res utilis\u00e9s pour d\u00e9terminer cette dur\u00e9e&nbsp;;<\/li>\n\n\n\n<li>lorsque les donn\u00e9es \u00e0 caract\u00e8re personnel ne sont pas collect\u00e9es aupr\u00e8s de la Personne Concern\u00e9e, de toute information disponible quant \u00e0 leur source&nbsp;;<\/li>\n\n\n\n<li>de l&rsquo;existence d&rsquo;une prise de d\u00e9cision automatis\u00e9e fond\u00e9e sur les donn\u00e9es \u00e0 caract\u00e8re personnel, ainsi que de la logique, de l&rsquo;importance et des cons\u00e9quences d\u2019un tel traitement pour la Personne Concern\u00e9e&nbsp;;<\/li>\n\n\n\n<li>des garanties appropri\u00e9es mises en place pour s\u00e9curiser le transfert, lorsque les donn\u00e9es \u00e0 caract\u00e8re personnel sont transf\u00e9r\u00e9es en dehors de l\u2019union europ\u00e9enne.<\/li>\n<\/ul>\n\n\n\n<h3 class=\"wp-block-heading\">Droit de rectification (RGPD, article 16)<\/h3>\n\n\n\n<p>La Personne Concern\u00e9e a le droit de voir rectifier ou compl\u00e9ter, par le responsable d\u2019un traitement, les donn\u00e9es \u00e0 caract\u00e8re personnel la concernant lorsqu\u2019elles sont inexactes ou incompl\u00e8tes, dans les meilleurs d\u00e9lais.<\/p>\n\n\n\n<h3 class=\"wp-block-heading\">Droit \u00e0 l\u2019effacement (RGPD, article 17)<\/h3>\n\n\n\n<p>La Personne Concern\u00e9e a le droit d&rsquo;obtenir du responsable d\u2019un traitement l&rsquo;effacement, dans les meilleurs d\u00e9lais, de donn\u00e9es \u00e0 caract\u00e8re personnel la concernant dans les cas l\u00e9gitimes pr\u00e9vus par le RGPD.<\/p>\n\n\n\n<h3 class=\"wp-block-heading\">Droit \u00e0 la limitation du traitement (RGPD, article 18)<\/h3>\n\n\n\n<p>La Personne Concern\u00e9e a le droit de demander du responsable d\u2019un traitement la limitation du traitement des donn\u00e9es \u00e0 caract\u00e8re personnel la concernant dans les cas et situations \u00e9num\u00e9r\u00e9s par le RGPD.<\/p>\n\n\n\n<h3 class=\"wp-block-heading\">Droit \u00e0 la portabilit\u00e9 (RGPD, article 20)<\/h3>\n\n\n\n<p>La Personne Concern\u00e9e a le droit de recevoir d\u2019un responsable de traitement, et de transf\u00e9rer \u00e0 tout autre responsable de traitement, les donn\u00e9es \u00e0 caract\u00e8re personnel la concernant dans un format structur\u00e9, couramment utilis\u00e9 et lisible par une machine.<\/p>\n\n\n\n<h3 class=\"wp-block-heading\">Droit d\u2019opposition (RGPD, article 21)<\/h3>\n\n\n\n<p>La Personne Concern\u00e9e a le droit de s&rsquo;opposer \u00e0 tout moment, pour des raisons tenant \u00e0 sa situation particuli\u00e8re, \u00e0 un traitement des donn\u00e9es \u00e0 caract\u00e8re personnel la concernant, \u00e0 moins qu&rsquo;il n\u2019existe des motifs l\u00e9gitimes et imp\u00e9rieux au traitement qui pr\u00e9valent sur les int\u00e9r\u00eats et les droits et libert\u00e9s de la personne concern\u00e9e.<\/p>\n\n\n\n<h3 class=\"wp-block-heading\">Droit de retrait du consentement (RGPD, article 21)<\/h3>\n\n\n\n<p>Lorsque la Personne Concern\u00e9e donne son consentement pour le traitement de ses donn\u00e9es \u00e0 caract\u00e8re personnel, elle a le droit de le retirer \u00e0 tout moment.<\/p>\n\n\n\n<p>Le retrait du consentement ne compromet toutefois pas la lic\u00e9it\u00e9 du traitement fond\u00e9 sur le consentement effectu\u00e9 avant ce retrait.<\/p>\n\n\n\n<h2 class=\"wp-block-heading\">R\u00e9clamations<\/h2>\n\n\n\n<p>Vous pouvez exercer les droits vis\u00e9s au paragraphe pr\u00e9c\u00e9dent aupr\u00e8s de <strong>NATURE ET DEVELOPPEMENT<\/strong>.<\/p>\n\n\n\n<p>Par ailleurs, vous pouvez introduire une r\u00e9clamation \u00e0 l\u2019encontre de tout traitement vous concernant aupr\u00e8s de&nbsp;:<\/p>\n\n\n\n<p>Commission Informatique et Libert\u00e9s<\/p>\n\n\n\n<p>3, place de Fontenoy<\/p>\n\n\n\n<p>TSA 80715<\/p>\n\n\n\n<p>75334 Paris Cedex.<\/p>\n\n\n\n<h2 class=\"wp-block-heading\">Opposition au d\u00e9marchage t\u00e9l\u00e9phonique<\/h2>\n\n\n\n<p>Nous vous informons que, conform\u00e9ment \u00e0 l\u2019article L223-2 du Code de la consommation, vous avez le droit de vous inscrire sur la liste d\u2019opposition au d\u00e9marchage t\u00e9l\u00e9phonique \u00ab BLOCTEL \u00bb.<\/p>\n\n\n\n<p>Cette inscription peut s\u2019effectuer en ligne \u00e0 partir du lien suivant : <a href=\"https:\/\/www.bloctel.gouv.fr\/\">https:\/\/www.bloctel.gouv.fr<\/a>.<\/p>\n","protected":false},"excerpt":{"rendered":"<p>Responsable des traitements Les donn\u00e9es collect\u00e9es dans ce formulaire sont destin\u00e9es \u00e0 \u00eatre trait\u00e9es par NATURE ET DEVELOPPEMENT, GIE au capital social de 50,00 euros, dont le si\u00e8ge social se trouve 56 rue des Ormes \u00e0 NAZELLES-NEGRON (37530), immatricul\u00e9e \u00e0 Tours sous le num\u00e9ro C 512 685 017. NATURE ET DEVELOPPEMENT dispose d\u2019un D\u00e9l\u00e9gu\u00e9 \u00e0 [&hellip;]<\/p>\n","protected":false},"author":217,"featured_media":0,"parent":0,"menu_order":0,"comment_status":"closed","ping_status":"closed","template":"","meta":{"footnotes":""},"class_list":["post-33496","page","type-page","status-publish","hentry"],"yoast_head":"<!-- This site is optimized with the Yoast SEO plugin v27.6 - https:\/\/yoast.com\/product\/yoast-seo-wordpress\/ -->\n<title>Politique de confidentialit\u00e9<\/title>\n<meta name=\"description\" content=\"Responsable des traitements Les donn\u00e9es collect\u00e9es dans ce formulaire sont destin\u00e9es \u00e0 \u00eatre trait\u00e9es par NATURE ET DEVELOPPEMENT, GIE au capital social de\" \/>\n<meta name=\"robots\" content=\"index, follow, max-snippet:-1, max-image-preview:large, max-video-preview:-1\" \/>\n<link rel=\"canonical\" href=\"https:\/\/nature-et-developpement.com\/politique-de-confidentialite\/\" \/>\n<meta property=\"og:locale\" content=\"fr_FR\" \/>\n<meta property=\"og:type\" content=\"article\" \/>\n<meta property=\"og:title\" content=\"Politique de confidentialit\u00e9\" \/>\n<meta property=\"og:description\" content=\"Responsable des traitements Les donn\u00e9es collect\u00e9es dans ce formulaire sont destin\u00e9es \u00e0 \u00eatre trait\u00e9es par NATURE ET DEVELOPPEMENT, GIE au capital social de\" \/>\n<meta property=\"og:url\" content=\"https:\/\/nature-et-developpement.com\/ain\/politique-de-confidentialite\/\" \/>\n<meta property=\"og:site_name\" content=\"Mat\u00e9riaux Naturels de l&#039;Ain\" \/>\n<meta property=\"article:modified_time\" content=\"2023-08-30T13:12:32+00:00\" \/>\n<meta name=\"twitter:card\" content=\"summary_large_image\" \/>\n<meta name=\"twitter:label1\" content=\"Dur\u00e9e de lecture estim\u00e9e\" \/>\n\t<meta name=\"twitter:data1\" content=\"6 minutes\" \/>\n<script type=\"application\/ld+json\" class=\"yoast-schema-graph\">{\"@context\":\"https:\\\/\\\/schema.org\",\"@graph\":[{\"@type\":\"WebPage\",\"@id\":\"https:\\\/\\\/nature-et-developpement.com\\\/ain\\\/politique-de-confidentialite\\\/\",\"url\":\"https:\\\/\\\/nature-et-developpement.com\\\/ain\\\/politique-de-confidentialite\\\/\",\"name\":\"Politique de confidentialit\u00e9\",\"isPartOf\":{\"@id\":\"https:\\\/\\\/nature-et-developpement.com\\\/ain\\\/#website\"},\"datePublished\":\"2023-07-10T09:51:22+00:00\",\"dateModified\":\"2023-08-30T13:12:32+00:00\",\"description\":\"Responsable des traitements Les donn\u00e9es collect\u00e9es dans ce formulaire sont destin\u00e9es \u00e0 \u00eatre trait\u00e9es par NATURE ET DEVELOPPEMENT, GIE au capital social de\",\"breadcrumb\":{\"@id\":\"https:\\\/\\\/nature-et-developpement.com\\\/ain\\\/politique-de-confidentialite\\\/#breadcrumb\"},\"inLanguage\":\"fr-FR\",\"potentialAction\":[{\"@type\":\"ReadAction\",\"target\":[\"https:\\\/\\\/nature-et-developpement.com\\\/ain\\\/politique-de-confidentialite\\\/\"]}]},{\"@type\":\"BreadcrumbList\",\"@id\":\"https:\\\/\\\/nature-et-developpement.com\\\/ain\\\/politique-de-confidentialite\\\/#breadcrumb\",\"itemListElement\":[{\"@type\":\"ListItem\",\"position\":1,\"name\":\"Accueil\",\"item\":\"https:\\\/\\\/nature-et-developpement.com\\\/ain\\\/\"},{\"@type\":\"ListItem\",\"position\":2,\"name\":\"Politique de confidentialit\u00e9\"}]},{\"@type\":\"WebSite\",\"@id\":\"https:\\\/\\\/nature-et-developpement.com\\\/ain\\\/#website\",\"url\":\"https:\\\/\\\/nature-et-developpement.com\\\/ain\\\/\",\"name\":\"Mat\u00e9riaux Naturels de l&#039;Ain\",\"description\":\"Mat\u00e9riaux Naturels de l&#039;Ain est membre du groupement Nature &amp; D\u00e9veloppement\",\"potentialAction\":[{\"@type\":\"SearchAction\",\"target\":{\"@type\":\"EntryPoint\",\"urlTemplate\":\"https:\\\/\\\/nature-et-developpement.com\\\/ain\\\/?s={search_term_string}\"},\"query-input\":{\"@type\":\"PropertyValueSpecification\",\"valueRequired\":true,\"valueName\":\"search_term_string\"}}],\"inLanguage\":\"fr-FR\"}]}<\/script>\n<!-- \/ Yoast SEO plugin. -->","yoast_head_json":{"title":"Politique de confidentialit\u00e9","description":"Responsable des traitements Les donn\u00e9es collect\u00e9es dans ce formulaire sont destin\u00e9es \u00e0 \u00eatre trait\u00e9es par NATURE ET DEVELOPPEMENT, GIE au capital social de","robots":{"index":"index","follow":"follow","max-snippet":"max-snippet:-1","max-image-preview":"max-image-preview:large","max-video-preview":"max-video-preview:-1"},"canonical":"https:\/\/nature-et-developpement.com\/politique-de-confidentialite\/","og_locale":"fr_FR","og_type":"article","og_title":"Politique de confidentialit\u00e9","og_description":"Responsable des traitements Les donn\u00e9es collect\u00e9es dans ce formulaire sont destin\u00e9es \u00e0 \u00eatre trait\u00e9es par NATURE ET DEVELOPPEMENT, GIE au capital social de","og_url":"https:\/\/nature-et-developpement.com\/ain\/politique-de-confidentialite\/","og_site_name":"Mat\u00e9riaux Naturels de l&#039;Ain","article_modified_time":"2023-08-30T13:12:32+00:00","twitter_card":"summary_large_image","twitter_misc":{"Dur\u00e9e de lecture estim\u00e9e":"6 minutes"},"schema":{"@context":"https:\/\/schema.org","@graph":[{"@type":"WebPage","@id":"https:\/\/nature-et-developpement.com\/ain\/politique-de-confidentialite\/","url":"https:\/\/nature-et-developpement.com\/ain\/politique-de-confidentialite\/","name":"Politique de confidentialit\u00e9","isPartOf":{"@id":"https:\/\/nature-et-developpement.com\/ain\/#website"},"datePublished":"2023-07-10T09:51:22+00:00","dateModified":"2023-08-30T13:12:32+00:00","description":"Responsable des traitements Les donn\u00e9es collect\u00e9es dans ce formulaire sont destin\u00e9es \u00e0 \u00eatre trait\u00e9es par NATURE ET DEVELOPPEMENT, GIE au capital social de","breadcrumb":{"@id":"https:\/\/nature-et-developpement.com\/ain\/politique-de-confidentialite\/#breadcrumb"},"inLanguage":"fr-FR","potentialAction":[{"@type":"ReadAction","target":["https:\/\/nature-et-developpement.com\/ain\/politique-de-confidentialite\/"]}]},{"@type":"BreadcrumbList","@id":"https:\/\/nature-et-developpement.com\/ain\/politique-de-confidentialite\/#breadcrumb","itemListElement":[{"@type":"ListItem","position":1,"name":"Accueil","item":"https:\/\/nature-et-developpement.com\/ain\/"},{"@type":"ListItem","position":2,"name":"Politique de confidentialit\u00e9"}]},{"@type":"WebSite","@id":"https:\/\/nature-et-developpement.com\/ain\/#website","url":"https:\/\/nature-et-developpement.com\/ain\/","name":"Mat\u00e9riaux Naturels de l&#039;Ain","description":"Mat\u00e9riaux Naturels de l&#039;Ain est membre du groupement Nature &amp; D\u00e9veloppement","potentialAction":[{"@type":"SearchAction","target":{"@type":"EntryPoint","urlTemplate":"https:\/\/nature-et-developpement.com\/ain\/?s={search_term_string}"},"query-input":{"@type":"PropertyValueSpecification","valueRequired":true,"valueName":"search_term_string"}}],"inLanguage":"fr-FR"}]}},"distributor_meta":false,"distributor_terms":false,"distributor_media":false,"distributor_original_site_name":"Mat\u00e9riaux Naturels de l&#039;Ain","distributor_original_site_url":"https:\/\/nature-et-developpement.com\/ain","push-errors":false,"_links":{"self":[{"href":"https:\/\/nature-et-developpement.com\/ain\/wp-json\/wp\/v2\/pages\/33496","targetHints":{"allow":["GET"]}}],"collection":[{"href":"https:\/\/nature-et-developpement.com\/ain\/wp-json\/wp\/v2\/pages"}],"about":[{"href":"https:\/\/nature-et-developpement.com\/ain\/wp-json\/wp\/v2\/types\/page"}],"author":[{"embeddable":true,"href":"https:\/\/nature-et-developpement.com\/ain\/wp-json\/wp\/v2\/users\/217"}],"replies":[{"embeddable":true,"href":"https:\/\/nature-et-developpement.com\/ain\/wp-json\/wp\/v2\/comments?post=33496"}],"version-history":[{"count":2,"href":"https:\/\/nature-et-developpement.com\/ain\/wp-json\/wp\/v2\/pages\/33496\/revisions"}],"predecessor-version":[{"id":35204,"href":"https:\/\/nature-et-developpement.com\/ain\/wp-json\/wp\/v2\/pages\/33496\/revisions\/35204"}],"wp:attachment":[{"href":"https:\/\/nature-et-developpement.com\/ain\/wp-json\/wp\/v2\/media?parent=33496"}],"curies":[{"name":"wp","href":"https:\/\/api.w.org\/{rel}","templated":true}]}}