{"id":33706,"date":"2023-11-27T09:58:55","date_gmt":"2023-11-27T08:58:55","guid":{"rendered":"https:\/\/nature-et-developpement.com\/ain\/?page_id=33706"},"modified":"2023-11-27T09:58:58","modified_gmt":"2023-11-27T08:58:58","slug":"fiche-d-identification-sur-la-place-de-marche","status":"publish","type":"page","link":"https:\/\/nature-et-developpement.com\/ain\/fiche-d-identification-sur-la-place-de-marche\/","title":{"rendered":"Fiche d\u2019identification sur la Place de March\u00e9"},"content":{"rendered":"<table class='table_fiche_identification'><tr><td>Identit\u00e9<\/td><td>MAT\u00c9RIAUX NATURELS DE L\u2019AIN<\/td><\/tr><tr><td>Adresse<\/td><td>168 Rue de Pont-de-Veyle <br \/> Crottet (01290)<\/td><\/tr><tr><td>Coordonn\u00e9es<\/td><td>03 85 29 23 68<\/td><\/tr><tr><td>Inscription<\/td><td>immatricul\u00e9e au Registre de Commerce et des Soci\u00e9t\u00e9s sous le num\u00e9ro B 503 618 019<\/td><\/tr><tr><td>Repr\u00e9sentant l\u00e9gal<\/td><td>POIREL Paul 15\/07\/1965 Cr\u00e9teil<\/td><\/tr><tr><td>Salari\u00e9s<\/td><td>0<\/td><\/tr><tr><td>M\u00e9diateur(s) de la consommation comp\u00e9tent<\/td><td>SAS M\u00e9diation Solution                                     222Chemin de la bergerie               \r\n01800 St Jean de Niost<\/td><\/tr><tr><td>TVA intra<\/td><td>FR14503618019<\/td><\/tr><tr><td>Activit\u00e9 soumise \u00e0 autorisation<\/td><td>n\u00e9ant<\/td><\/tr><tr><td>Activit\u00e9 r\u00e9glement\u00e9e<\/td><td><\/td><\/tr><\/table>\n","protected":false},"excerpt":{"rendered":"","protected":false},"author":449,"featured_media":0,"parent":0,"menu_order":0,"comment_status":"closed","ping_status":"closed","template":"","meta":{"footnotes":""},"class_list":["post-33706","page","type-page","status-publish","hentry"],"yoast_head":"<!-- This site is optimized with the Yoast SEO plugin v27.6 - https:\/\/yoast.com\/product\/yoast-seo-wordpress\/ -->\n<title>Fiche d\u2019identification sur la Place de March\u00e9<\/title>\n<meta name=\"robots\" content=\"index, follow, max-snippet:-1, max-image-preview:large, max-video-preview:-1\" \/>\n<link rel=\"canonical\" href=\"https:\/\/nature-et-developpement.com\/batinovo\/fiche-d-identification-sur-la-place-de-marche\/\" \/>\n<meta property=\"og:locale\" content=\"fr_FR\" \/>\n<meta property=\"og:type\" content=\"article\" \/>\n<meta property=\"og:title\" content=\"Fiche d\u2019identification sur la Place de March\u00e9\" \/>\n<meta property=\"og:url\" content=\"https:\/\/nature-et-developpement.com\/ain\/fiche-d-identification-sur-la-place-de-marche\/\" \/>\n<meta property=\"og:site_name\" content=\"Mat\u00e9riaux Naturels de l&#039;Ain\" \/>\n<meta property=\"article:modified_time\" content=\"2023-11-27T08:58:58+00:00\" \/>\n<meta name=\"twitter:card\" content=\"summary_large_image\" \/>\n<script type=\"application\/ld+json\" class=\"yoast-schema-graph\">{\"@context\":\"https:\\\/\\\/schema.org\",\"@graph\":[{\"@type\":\"WebPage\",\"@id\":\"https:\\\/\\\/nature-et-developpement.com\\\/ain\\\/fiche-d-identification-sur-la-place-de-marche\\\/\",\"url\":\"https:\\\/\\\/nature-et-developpement.com\\\/ain\\\/fiche-d-identification-sur-la-place-de-marche\\\/\",\"name\":\"Fiche d\u2019identification sur la Place de March\u00e9\",\"isPartOf\":{\"@id\":\"https:\\\/\\\/nature-et-developpement.com\\\/ain\\\/#website\"},\"datePublished\":\"2023-11-27T08:58:55+00:00\",\"dateModified\":\"2023-11-27T08:58:58+00:00\",\"breadcrumb\":{\"@id\":\"https:\\\/\\\/nature-et-developpement.com\\\/ain\\\/fiche-d-identification-sur-la-place-de-marche\\\/#breadcrumb\"},\"inLanguage\":\"fr-FR\",\"potentialAction\":[{\"@type\":\"ReadAction\",\"target\":[\"https:\\\/\\\/nature-et-developpement.com\\\/ain\\\/fiche-d-identification-sur-la-place-de-marche\\\/\"]}]},{\"@type\":\"BreadcrumbList\",\"@id\":\"https:\\\/\\\/nature-et-developpement.com\\\/ain\\\/fiche-d-identification-sur-la-place-de-marche\\\/#breadcrumb\",\"itemListElement\":[{\"@type\":\"ListItem\",\"position\":1,\"name\":\"Accueil\",\"item\":\"https:\\\/\\\/nature-et-developpement.com\\\/ain\\\/\"},{\"@type\":\"ListItem\",\"position\":2,\"name\":\"Fiche d\u2019identification sur la Place de March\u00e9\"}]},{\"@type\":\"WebSite\",\"@id\":\"https:\\\/\\\/nature-et-developpement.com\\\/ain\\\/#website\",\"url\":\"https:\\\/\\\/nature-et-developpement.com\\\/ain\\\/\",\"name\":\"Mat\u00e9riaux Naturels de l&#039;Ain\",\"description\":\"Mat\u00e9riaux Naturels de l&#039;Ain est membre du groupement Nature &amp; D\u00e9veloppement\",\"potentialAction\":[{\"@type\":\"SearchAction\",\"target\":{\"@type\":\"EntryPoint\",\"urlTemplate\":\"https:\\\/\\\/nature-et-developpement.com\\\/ain\\\/?s={search_term_string}\"},\"query-input\":{\"@type\":\"PropertyValueSpecification\",\"valueRequired\":true,\"valueName\":\"search_term_string\"}}],\"inLanguage\":\"fr-FR\"}]}<\/script>\n<!-- \/ Yoast SEO plugin. -->","yoast_head_json":{"title":"Fiche d\u2019identification sur la Place de March\u00e9","robots":{"index":"index","follow":"follow","max-snippet":"max-snippet:-1","max-image-preview":"max-image-preview:large","max-video-preview":"max-video-preview:-1"},"canonical":"https:\/\/nature-et-developpement.com\/batinovo\/fiche-d-identification-sur-la-place-de-marche\/","og_locale":"fr_FR","og_type":"article","og_title":"Fiche d\u2019identification sur la Place de March\u00e9","og_url":"https:\/\/nature-et-developpement.com\/ain\/fiche-d-identification-sur-la-place-de-marche\/","og_site_name":"Mat\u00e9riaux Naturels de l&#039;Ain","article_modified_time":"2023-11-27T08:58:58+00:00","twitter_card":"summary_large_image","schema":{"@context":"https:\/\/schema.org","@graph":[{"@type":"WebPage","@id":"https:\/\/nature-et-developpement.com\/ain\/fiche-d-identification-sur-la-place-de-marche\/","url":"https:\/\/nature-et-developpement.com\/ain\/fiche-d-identification-sur-la-place-de-marche\/","name":"Fiche d\u2019identification sur la Place de March\u00e9","isPartOf":{"@id":"https:\/\/nature-et-developpement.com\/ain\/#website"},"datePublished":"2023-11-27T08:58:55+00:00","dateModified":"2023-11-27T08:58:58+00:00","breadcrumb":{"@id":"https:\/\/nature-et-developpement.com\/ain\/fiche-d-identification-sur-la-place-de-marche\/#breadcrumb"},"inLanguage":"fr-FR","potentialAction":[{"@type":"ReadAction","target":["https:\/\/nature-et-developpement.com\/ain\/fiche-d-identification-sur-la-place-de-marche\/"]}]},{"@type":"BreadcrumbList","@id":"https:\/\/nature-et-developpement.com\/ain\/fiche-d-identification-sur-la-place-de-marche\/#breadcrumb","itemListElement":[{"@type":"ListItem","position":1,"name":"Accueil","item":"https:\/\/nature-et-developpement.com\/ain\/"},{"@type":"ListItem","position":2,"name":"Fiche d\u2019identification sur la Place de March\u00e9"}]},{"@type":"WebSite","@id":"https:\/\/nature-et-developpement.com\/ain\/#website","url":"https:\/\/nature-et-developpement.com\/ain\/","name":"Mat\u00e9riaux Naturels de l&#039;Ain","description":"Mat\u00e9riaux Naturels de l&#039;Ain est membre du groupement Nature &amp; D\u00e9veloppement","potentialAction":[{"@type":"SearchAction","target":{"@type":"EntryPoint","urlTemplate":"https:\/\/nature-et-developpement.com\/ain\/?s={search_term_string}"},"query-input":{"@type":"PropertyValueSpecification","valueRequired":true,"valueName":"search_term_string"}}],"inLanguage":"fr-FR"}]}},"distributor_meta":false,"distributor_terms":false,"distributor_media":false,"distributor_original_site_name":"Mat\u00e9riaux Naturels de l&#039;Ain","distributor_original_site_url":"https:\/\/nature-et-developpement.com\/ain","push-errors":false,"_links":{"self":[{"href":"https:\/\/nature-et-developpement.com\/ain\/wp-json\/wp\/v2\/pages\/33706","targetHints":{"allow":["GET"]}}],"collection":[{"href":"https:\/\/nature-et-developpement.com\/ain\/wp-json\/wp\/v2\/pages"}],"about":[{"href":"https:\/\/nature-et-developpement.com\/ain\/wp-json\/wp\/v2\/types\/page"}],"author":[{"embeddable":true,"href":"https:\/\/nature-et-developpement.com\/ain\/wp-json\/wp\/v2\/users\/449"}],"replies":[{"embeddable":true,"href":"https:\/\/nature-et-developpement.com\/ain\/wp-json\/wp\/v2\/comments?post=33706"}],"version-history":[{"count":1,"href":"https:\/\/nature-et-developpement.com\/ain\/wp-json\/wp\/v2\/pages\/33706\/revisions"}],"predecessor-version":[{"id":33787,"href":"https:\/\/nature-et-developpement.com\/ain\/wp-json\/wp\/v2\/pages\/33706\/revisions\/33787"}],"wp:attachment":[{"href":"https:\/\/nature-et-developpement.com\/ain\/wp-json\/wp\/v2\/media?parent=33706"}],"curies":[{"name":"wp","href":"https:\/\/api.w.org\/{rel}","templated":true}]}}