{"id":15932,"date":"2021-10-28T16:28:47","date_gmt":"2021-10-28T14:28:47","guid":{"rendered":"https:\/\/nature-et-developpement.com\/ain\/?post_type=product&#038;p=15932"},"modified":"2026-03-26T20:10:26","modified_gmt":"2026-03-26T19:10:26","slug":"cale-de-frappe-pour-pose-de-parquet-meister","status":"publish","type":"product","link":"https:\/\/nature-et-developpement.com\/ain\/produit\/cale-de-frappe-pour-pose-de-parquet-meister\/","title":{"rendered":"Cale de frappe pour pose de parquet Meister"},"content":{"rendered":"","protected":false},"excerpt":{"rendered":"<p>Choisissez la bonne cale pour un r\u00e9sultat parfait et sans effort.<\/p>\n","protected":false},"featured_media":1000000158724,"template":"","meta":[],"product_brand":[4582],"product_cat":[748,91],"product_tag":[],"class_list":{"0":"post-15932","1":"product","2":"type-product","3":"status-publish","4":"has-post-thumbnail","6":"product_brand-meister-accessoire","7":"product_cat-outillage","8":"product_cat-plinthes-et-accessoires","9":"product_shipping_class-petit-equipement-outil-eclairage","11":"first","12":"instock","13":"taxable","14":"shipping-taxable","15":"purchasable","16":"product-type-variable"},"yoast_head":"<!-- This site is optimized with the Yoast SEO plugin v27.6 - https:\/\/yoast.com\/product\/yoast-seo-wordpress\/ -->\n<title>Cale de frappe pour pose de parquet Meister<\/title>\n<meta name=\"description\" content=\"Choisissez la bonne cale pour un r\u00e9sultat parfait et sans effort.\" \/>\n<meta name=\"robots\" content=\"noindex, nofollow\" \/>\n<meta property=\"og:locale\" content=\"fr_FR\" \/>\n<meta property=\"og:type\" content=\"article\" \/>\n<meta property=\"og:title\" content=\"Cale de frappe pour pose de parquet Meister\" \/>\n<meta property=\"og:description\" content=\"Choisissez la bonne cale pour un r\u00e9sultat parfait et sans effort.\" \/>\n<meta property=\"og:url\" content=\"https:\/\/nature-et-developpement.com\/ain\/produit\/cale-de-frappe-pour-pose-de-parquet-meister\/\" \/>\n<meta property=\"og:site_name\" content=\"Mat\u00e9riaux Naturels de l&#039;Ain\" \/>\n<meta property=\"article:modified_time\" content=\"2026-03-26T19:10:26+00:00\" \/>\n<meta name=\"twitter:card\" content=\"summary_large_image\" \/>\n<script type=\"application\/ld+json\" class=\"yoast-schema-graph\">{\"@context\":\"https:\\\/\\\/schema.org\",\"@graph\":[{\"@type\":\"WebPage\",\"@id\":\"https:\\\/\\\/nature-et-developpement.com\\\/ain\\\/produit\\\/cale-de-frappe-pour-pose-de-parquet-meister\\\/\",\"url\":\"https:\\\/\\\/nature-et-developpement.com\\\/ain\\\/produit\\\/cale-de-frappe-pour-pose-de-parquet-meister\\\/\",\"name\":\"Cale de frappe pour pose de parquet Meister\",\"isPartOf\":{\"@id\":\"https:\\\/\\\/nature-et-developpement.com\\\/ain\\\/#website\"},\"primaryImageOfPage\":{\"@id\":\"https:\\\/\\\/nature-et-developpement.com\\\/ain\\\/produit\\\/cale-de-frappe-pour-pose-de-parquet-meister\\\/#primaryimage\"},\"image\":{\"@id\":\"https:\\\/\\\/nature-et-developpement.com\\\/ain\\\/produit\\\/cale-de-frappe-pour-pose-de-parquet-meister\\\/#primaryimage\"},\"thumbnailUrl\":\"https:\\\/\\\/nature-et-developpement.com\\\/ain\\\/wp-content\\\/uploads\\\/Cale-de-frappe-pour-tous-les-sols-MEISTER-906076000.jpg\",\"datePublished\":\"2021-10-28T14:28:47+00:00\",\"dateModified\":\"2026-03-26T19:10:26+00:00\",\"description\":\"Choisissez la bonne cale pour un r\u00e9sultat parfait et sans effort.\",\"breadcrumb\":{\"@id\":\"https:\\\/\\\/nature-et-developpement.com\\\/ain\\\/produit\\\/cale-de-frappe-pour-pose-de-parquet-meister\\\/#breadcrumb\"},\"inLanguage\":\"fr-FR\",\"potentialAction\":[{\"@type\":\"ReadAction\",\"target\":[\"https:\\\/\\\/nature-et-developpement.com\\\/ain\\\/produit\\\/cale-de-frappe-pour-pose-de-parquet-meister\\\/\"]}]},{\"@type\":\"ImageObject\",\"inLanguage\":\"fr-FR\",\"@id\":\"https:\\\/\\\/nature-et-developpement.com\\\/ain\\\/produit\\\/cale-de-frappe-pour-pose-de-parquet-meister\\\/#primaryimage\",\"url\":\"https:\\\/\\\/nature-et-developpement.com\\\/ain\\\/wp-content\\\/uploads\\\/Cale-de-frappe-pour-tous-les-sols-MEISTER-906076000.jpg\",\"contentUrl\":\"https:\\\/\\\/nature-et-developpement.com\\\/ain\\\/wp-content\\\/uploads\\\/Cale-de-frappe-pour-tous-les-sols-MEISTER-906076000.jpg\"},{\"@type\":\"BreadcrumbList\",\"@id\":\"https:\\\/\\\/nature-et-developpement.com\\\/ain\\\/produit\\\/cale-de-frappe-pour-pose-de-parquet-meister\\\/#breadcrumb\",\"itemListElement\":[{\"@type\":\"ListItem\",\"position\":1,\"name\":\"Accueil\",\"item\":\"https:\\\/\\\/nature-et-developpement.com\\\/ain\\\/\"},{\"@type\":\"ListItem\",\"position\":2,\"name\":\"Produits\",\"item\":\"https:\\\/\\\/nature-et-developpement.com\\\/ain\\\/shop\\\/\"},{\"@type\":\"ListItem\",\"position\":3,\"name\":\"Parquets bois, stratifi\u00e9s et li\u00e8ge\",\"item\":\"https:\\\/\\\/nature-et-developpement.com\\\/ain\\\/produits\\\/parquet-et-sol-naturels\\\/\"},{\"@type\":\"ListItem\",\"position\":4,\"name\":\"Plinthes et accessoires\",\"item\":\"https:\\\/\\\/nature-et-developpement.com\\\/ain\\\/produits\\\/parquet-et-sol-naturels\\\/plinthes-et-accessoires\\\/\"},{\"@type\":\"ListItem\",\"position\":5,\"name\":\"Cale de frappe pour pose de parquet Meister\"}]},{\"@type\":\"WebSite\",\"@id\":\"https:\\\/\\\/nature-et-developpement.com\\\/ain\\\/#website\",\"url\":\"https:\\\/\\\/nature-et-developpement.com\\\/ain\\\/\",\"name\":\"Mat\u00e9riaux Naturels de l&#039;Ain\",\"description\":\"Mat\u00e9riaux Naturels de l&#039;Ain est membre du groupement Nature &amp; D\u00e9veloppement\",\"potentialAction\":[{\"@type\":\"SearchAction\",\"target\":{\"@type\":\"EntryPoint\",\"urlTemplate\":\"https:\\\/\\\/nature-et-developpement.com\\\/ain\\\/?s={search_term_string}\"},\"query-input\":{\"@type\":\"PropertyValueSpecification\",\"valueRequired\":true,\"valueName\":\"search_term_string\"}}],\"inLanguage\":\"fr-FR\"}]}<\/script>\n<!-- \/ Yoast SEO plugin. -->","yoast_head_json":{"title":"Cale de frappe pour pose de parquet Meister","description":"Choisissez la bonne cale pour un r\u00e9sultat parfait et sans effort.","robots":{"index":"noindex","follow":"nofollow"},"og_locale":"fr_FR","og_type":"article","og_title":"Cale de frappe pour pose de parquet Meister","og_description":"Choisissez la bonne cale pour un r\u00e9sultat parfait et sans effort.","og_url":"https:\/\/nature-et-developpement.com\/ain\/produit\/cale-de-frappe-pour-pose-de-parquet-meister\/","og_site_name":"Mat\u00e9riaux Naturels de l&#039;Ain","article_modified_time":"2026-03-26T19:10:26+00:00","twitter_card":"summary_large_image","schema":{"@context":"https:\/\/schema.org","@graph":[{"@type":"WebPage","@id":"https:\/\/nature-et-developpement.com\/ain\/produit\/cale-de-frappe-pour-pose-de-parquet-meister\/","url":"https:\/\/nature-et-developpement.com\/ain\/produit\/cale-de-frappe-pour-pose-de-parquet-meister\/","name":"Cale de frappe pour pose de parquet Meister","isPartOf":{"@id":"https:\/\/nature-et-developpement.com\/ain\/#website"},"primaryImageOfPage":{"@id":"https:\/\/nature-et-developpement.com\/ain\/produit\/cale-de-frappe-pour-pose-de-parquet-meister\/#primaryimage"},"image":{"@id":"https:\/\/nature-et-developpement.com\/ain\/produit\/cale-de-frappe-pour-pose-de-parquet-meister\/#primaryimage"},"thumbnailUrl":"https:\/\/nature-et-developpement.com\/ain\/wp-content\/uploads\/Cale-de-frappe-pour-tous-les-sols-MEISTER-906076000.jpg","datePublished":"2021-10-28T14:28:47+00:00","dateModified":"2026-03-26T19:10:26+00:00","description":"Choisissez la bonne cale pour un r\u00e9sultat parfait et sans effort.","breadcrumb":{"@id":"https:\/\/nature-et-developpement.com\/ain\/produit\/cale-de-frappe-pour-pose-de-parquet-meister\/#breadcrumb"},"inLanguage":"fr-FR","potentialAction":[{"@type":"ReadAction","target":["https:\/\/nature-et-developpement.com\/ain\/produit\/cale-de-frappe-pour-pose-de-parquet-meister\/"]}]},{"@type":"ImageObject","inLanguage":"fr-FR","@id":"https:\/\/nature-et-developpement.com\/ain\/produit\/cale-de-frappe-pour-pose-de-parquet-meister\/#primaryimage","url":"https:\/\/nature-et-developpement.com\/ain\/wp-content\/uploads\/Cale-de-frappe-pour-tous-les-sols-MEISTER-906076000.jpg","contentUrl":"https:\/\/nature-et-developpement.com\/ain\/wp-content\/uploads\/Cale-de-frappe-pour-tous-les-sols-MEISTER-906076000.jpg"},{"@type":"BreadcrumbList","@id":"https:\/\/nature-et-developpement.com\/ain\/produit\/cale-de-frappe-pour-pose-de-parquet-meister\/#breadcrumb","itemListElement":[{"@type":"ListItem","position":1,"name":"Accueil","item":"https:\/\/nature-et-developpement.com\/ain\/"},{"@type":"ListItem","position":2,"name":"Produits","item":"https:\/\/nature-et-developpement.com\/ain\/shop\/"},{"@type":"ListItem","position":3,"name":"Parquets bois, stratifi\u00e9s et li\u00e8ge","item":"https:\/\/nature-et-developpement.com\/ain\/produits\/parquet-et-sol-naturels\/"},{"@type":"ListItem","position":4,"name":"Plinthes et accessoires","item":"https:\/\/nature-et-developpement.com\/ain\/produits\/parquet-et-sol-naturels\/plinthes-et-accessoires\/"},{"@type":"ListItem","position":5,"name":"Cale de frappe pour pose de parquet Meister"}]},{"@type":"WebSite","@id":"https:\/\/nature-et-developpement.com\/ain\/#website","url":"https:\/\/nature-et-developpement.com\/ain\/","name":"Mat\u00e9riaux Naturels de l&#039;Ain","description":"Mat\u00e9riaux Naturels de l&#039;Ain est membre du groupement Nature &amp; D\u00e9veloppement","potentialAction":[{"@type":"SearchAction","target":{"@type":"EntryPoint","urlTemplate":"https:\/\/nature-et-developpement.com\/ain\/?s={search_term_string}"},"query-input":{"@type":"PropertyValueSpecification","valueRequired":true,"valueName":"search_term_string"}}],"inLanguage":"fr-FR"}]}},"distributor_meta":false,"distributor_terms":false,"distributor_media":false,"distributor_original_site_name":"Mat\u00e9riaux Naturels de l&#039;Ain","distributor_original_site_url":"https:\/\/nature-et-developpement.com\/ain","push-errors":false,"_links":{"self":[{"href":"https:\/\/nature-et-developpement.com\/ain\/wp-json\/wp\/v2\/product\/15932","targetHints":{"allow":["GET"]}}],"collection":[{"href":"https:\/\/nature-et-developpement.com\/ain\/wp-json\/wp\/v2\/product"}],"about":[{"href":"https:\/\/nature-et-developpement.com\/ain\/wp-json\/wp\/v2\/types\/product"}],"wp:featuredmedia":[{"embeddable":true,"href":"https:\/\/nature-et-developpement.com\/ain\/wp-json\/"}],"wp:attachment":[{"href":"https:\/\/nature-et-developpement.com\/ain\/wp-json\/wp\/v2\/media?parent=15932"}],"wp:term":[{"taxonomy":"product_brand","embeddable":true,"href":"https:\/\/nature-et-developpement.com\/ain\/wp-json\/wp\/v2\/product_brand?post=15932"},{"taxonomy":"product_cat","embeddable":true,"href":"https:\/\/nature-et-developpement.com\/ain\/wp-json\/wp\/v2\/product_cat?post=15932"},{"taxonomy":"product_tag","embeddable":true,"href":"https:\/\/nature-et-developpement.com\/ain\/wp-json\/wp\/v2\/product_tag?post=15932"}],"curies":[{"name":"wp","href":"https:\/\/api.w.org\/{rel}","templated":true}]}}