{"id":34829,"date":"2023-11-27T10:03:49","date_gmt":"2023-11-27T09:03:49","guid":{"rendered":"https:\/\/nature-et-developpement.com\/bem\/?page_id=34829"},"modified":"2023-11-27T10:03:51","modified_gmt":"2023-11-27T09:03:51","slug":"fiche-d-identification-sur-la-place-de-marche","status":"publish","type":"page","link":"https:\/\/nature-et-developpement.com\/bem\/fiche-d-identification-sur-la-place-de-marche\/","title":{"rendered":"Fiche d\u2019identification sur la Place de March\u00e9"},"content":{"rendered":"<table class='table_fiche_identification'><tr><td>Identit\u00e9<\/td><td>BIEN-ETRE MATERIAUX<\/td><\/tr><tr><td>Adresse<\/td><td>9 rue Michelet fond de cour <br \/> Ivry-sur-Seine (94200)<\/td><\/tr><tr><td>Coordonn\u00e9es<\/td><td>01 49 60 12 15 \/ 01 49 60 12 30<\/td><\/tr><tr><td>Inscription<\/td><td>immatricul\u00e9e au Registre de Commerce et des Soci\u00e9t\u00e9s sous le num\u00e9ro B 418 647 004<\/td><\/tr><tr><td>Repr\u00e9sentant l\u00e9gal<\/td><td>Brizard Samuel, n\u00e9 le 14\/01\/1985 \u00e0 Pithiviers<\/td><\/tr><tr><td>Salari\u00e9s<\/td><td>2<\/td><\/tr><tr><td>M\u00e9diateur(s) de la consommation comp\u00e9tent<\/td><td>Sas M\u00e9diation Solution\r\n222 chemin de la bergerie\r\n01800 Saint Jean de Niost.<\/td><\/tr><tr><td>TVA intra<\/td><td>FR59418647004<\/td><\/tr><tr><td>Activit\u00e9 soumise \u00e0 autorisation<\/td><td><\/td><\/tr><tr><td>Activit\u00e9 r\u00e9glement\u00e9e<\/td><td><\/td><\/tr><\/table>\n","protected":false},"excerpt":{"rendered":"","protected":false},"author":449,"featured_media":0,"parent":0,"menu_order":0,"comment_status":"closed","ping_status":"closed","template":"","meta":{"footnotes":""},"class_list":["post-34829","page","type-page","status-publish","hentry"],"yoast_head":"<!-- This site is optimized with the Yoast SEO plugin v27.6 - https:\/\/yoast.com\/product\/yoast-seo-wordpress\/ -->\n<title>Fiche d\u2019identification sur la Place de March\u00e9<\/title>\n<meta name=\"robots\" content=\"index, follow, max-snippet:-1, max-image-preview:large, max-video-preview:-1\" \/>\n<link rel=\"canonical\" href=\"https:\/\/nature-et-developpement.com\/batinovo\/fiche-d-identification-sur-la-place-de-marche\/\" \/>\n<meta property=\"og:locale\" content=\"fr_FR\" \/>\n<meta property=\"og:type\" content=\"article\" \/>\n<meta property=\"og:title\" content=\"Fiche d\u2019identification sur la Place de March\u00e9\" \/>\n<meta property=\"og:url\" content=\"https:\/\/nature-et-developpement.com\/bem\/fiche-d-identification-sur-la-place-de-marche\/\" \/>\n<meta property=\"og:site_name\" content=\"Bien-\u00catre Mat\u00e9riaux\" \/>\n<meta property=\"article:modified_time\" content=\"2023-11-27T09:03:51+00:00\" \/>\n<meta name=\"twitter:card\" content=\"summary_large_image\" \/>\n<script type=\"application\/ld+json\" class=\"yoast-schema-graph\">{\"@context\":\"https:\\\/\\\/schema.org\",\"@graph\":[{\"@type\":\"WebPage\",\"@id\":\"https:\\\/\\\/nature-et-developpement.com\\\/bem\\\/fiche-d-identification-sur-la-place-de-marche\\\/\",\"url\":\"https:\\\/\\\/nature-et-developpement.com\\\/bem\\\/fiche-d-identification-sur-la-place-de-marche\\\/\",\"name\":\"Fiche d\u2019identification sur la Place de March\u00e9\",\"isPartOf\":{\"@id\":\"https:\\\/\\\/nature-et-developpement.com\\\/bem\\\/#website\"},\"datePublished\":\"2023-11-27T09:03:49+00:00\",\"dateModified\":\"2023-11-27T09:03:51+00:00\",\"breadcrumb\":{\"@id\":\"https:\\\/\\\/nature-et-developpement.com\\\/bem\\\/fiche-d-identification-sur-la-place-de-marche\\\/#breadcrumb\"},\"inLanguage\":\"fr-FR\",\"potentialAction\":[{\"@type\":\"ReadAction\",\"target\":[\"https:\\\/\\\/nature-et-developpement.com\\\/bem\\\/fiche-d-identification-sur-la-place-de-marche\\\/\"]}]},{\"@type\":\"BreadcrumbList\",\"@id\":\"https:\\\/\\\/nature-et-developpement.com\\\/bem\\\/fiche-d-identification-sur-la-place-de-marche\\\/#breadcrumb\",\"itemListElement\":[{\"@type\":\"ListItem\",\"position\":1,\"name\":\"Accueil\",\"item\":\"https:\\\/\\\/nature-et-developpement.com\\\/bem\\\/\"},{\"@type\":\"ListItem\",\"position\":2,\"name\":\"Fiche d\u2019identification sur la Place de March\u00e9\"}]},{\"@type\":\"WebSite\",\"@id\":\"https:\\\/\\\/nature-et-developpement.com\\\/bem\\\/#website\",\"url\":\"https:\\\/\\\/nature-et-developpement.com\\\/bem\\\/\",\"name\":\"Bien-\u00catre Mat\u00e9riaux\",\"description\":\"Bien-Etre Mat\u00e9riaux est membre du groupement Nature &amp; D\u00e9veloppement\",\"potentialAction\":[{\"@type\":\"SearchAction\",\"target\":{\"@type\":\"EntryPoint\",\"urlTemplate\":\"https:\\\/\\\/nature-et-developpement.com\\\/bem\\\/?s={search_term_string}\"},\"query-input\":{\"@type\":\"PropertyValueSpecification\",\"valueRequired\":true,\"valueName\":\"search_term_string\"}}],\"inLanguage\":\"fr-FR\"}]}<\/script>\n<!-- \/ Yoast SEO plugin. -->","yoast_head_json":{"title":"Fiche d\u2019identification sur la Place de March\u00e9","robots":{"index":"index","follow":"follow","max-snippet":"max-snippet:-1","max-image-preview":"max-image-preview:large","max-video-preview":"max-video-preview:-1"},"canonical":"https:\/\/nature-et-developpement.com\/batinovo\/fiche-d-identification-sur-la-place-de-marche\/","og_locale":"fr_FR","og_type":"article","og_title":"Fiche d\u2019identification sur la Place de March\u00e9","og_url":"https:\/\/nature-et-developpement.com\/bem\/fiche-d-identification-sur-la-place-de-marche\/","og_site_name":"Bien-\u00catre Mat\u00e9riaux","article_modified_time":"2023-11-27T09:03:51+00:00","twitter_card":"summary_large_image","schema":{"@context":"https:\/\/schema.org","@graph":[{"@type":"WebPage","@id":"https:\/\/nature-et-developpement.com\/bem\/fiche-d-identification-sur-la-place-de-marche\/","url":"https:\/\/nature-et-developpement.com\/bem\/fiche-d-identification-sur-la-place-de-marche\/","name":"Fiche d\u2019identification sur la Place de March\u00e9","isPartOf":{"@id":"https:\/\/nature-et-developpement.com\/bem\/#website"},"datePublished":"2023-11-27T09:03:49+00:00","dateModified":"2023-11-27T09:03:51+00:00","breadcrumb":{"@id":"https:\/\/nature-et-developpement.com\/bem\/fiche-d-identification-sur-la-place-de-marche\/#breadcrumb"},"inLanguage":"fr-FR","potentialAction":[{"@type":"ReadAction","target":["https:\/\/nature-et-developpement.com\/bem\/fiche-d-identification-sur-la-place-de-marche\/"]}]},{"@type":"BreadcrumbList","@id":"https:\/\/nature-et-developpement.com\/bem\/fiche-d-identification-sur-la-place-de-marche\/#breadcrumb","itemListElement":[{"@type":"ListItem","position":1,"name":"Accueil","item":"https:\/\/nature-et-developpement.com\/bem\/"},{"@type":"ListItem","position":2,"name":"Fiche d\u2019identification sur la Place de March\u00e9"}]},{"@type":"WebSite","@id":"https:\/\/nature-et-developpement.com\/bem\/#website","url":"https:\/\/nature-et-developpement.com\/bem\/","name":"Bien-\u00catre Mat\u00e9riaux","description":"Bien-Etre Mat\u00e9riaux est membre du groupement Nature &amp; D\u00e9veloppement","potentialAction":[{"@type":"SearchAction","target":{"@type":"EntryPoint","urlTemplate":"https:\/\/nature-et-developpement.com\/bem\/?s={search_term_string}"},"query-input":{"@type":"PropertyValueSpecification","valueRequired":true,"valueName":"search_term_string"}}],"inLanguage":"fr-FR"}]}},"distributor_meta":false,"distributor_terms":false,"distributor_media":false,"distributor_original_site_name":"Bien-\u00catre Mat\u00e9riaux","distributor_original_site_url":"https:\/\/nature-et-developpement.com\/bem","push-errors":false,"_links":{"self":[{"href":"https:\/\/nature-et-developpement.com\/bem\/wp-json\/wp\/v2\/pages\/34829","targetHints":{"allow":["GET"]}}],"collection":[{"href":"https:\/\/nature-et-developpement.com\/bem\/wp-json\/wp\/v2\/pages"}],"about":[{"href":"https:\/\/nature-et-developpement.com\/bem\/wp-json\/wp\/v2\/types\/page"}],"author":[{"embeddable":true,"href":"https:\/\/nature-et-developpement.com\/bem\/wp-json\/wp\/v2\/users\/449"}],"replies":[{"embeddable":true,"href":"https:\/\/nature-et-developpement.com\/bem\/wp-json\/wp\/v2\/comments?post=34829"}],"version-history":[{"count":1,"href":"https:\/\/nature-et-developpement.com\/bem\/wp-json\/wp\/v2\/pages\/34829\/revisions"}],"predecessor-version":[{"id":35051,"href":"https:\/\/nature-et-developpement.com\/bem\/wp-json\/wp\/v2\/pages\/34829\/revisions\/35051"}],"wp:attachment":[{"href":"https:\/\/nature-et-developpement.com\/bem\/wp-json\/wp\/v2\/media?parent=34829"}],"curies":[{"name":"wp","href":"https:\/\/api.w.org\/{rel}","templated":true}]}}