{"id":12896,"date":"2019-08-07T16:51:48","date_gmt":"2019-08-07T14:51:48","guid":{"rendered":"https:\/\/nature-et-developpement.com\/bem\/produit\/bandes-resilientes-phaltex-steico\/"},"modified":"2026-02-12T10:48:39","modified_gmt":"2026-02-12T09:48:39","slug":"bandes-resilientes-phaltex-steico","status":"publish","type":"product","link":"https:\/\/nature-et-developpement.com\/bem\/produit\/bandes-resilientes-phaltex-steico\/","title":{"rendered":"Bandes r\u00e9silientes PHALTEX STEICO (St Michel\/Orge)"},"content":{"rendered":"<p>Obtenue par feutrage et s\u00e9chage de fibres de bois r\u00e9sineux et impr\u00e9gn\u00e9e \u00e0 10 % de bitume sec en cours de fabrication, la bande\u00a0<em>Phalt<\/em><em>ex<\/em>\u00a0est utilis\u00e9e comme r\u00e9silient (emp\u00eache les fissurations des cloisons, limite la transmission du bruit).<\/p>\n<p>Ne s\u2019effrite pas, non hydrophile, pas d\u2019\u00e9mission de formald\u00e9hyde, marquage CE, compressibilit\u00e9 classe 1 (DTV 51-3).<\/p>\n","protected":false},"excerpt":{"rendered":"<p>Obtenue par feutrage et s\u00e9chage de fibres de bois r\u00e9sineux et impr\u00e9gn\u00e9e \u00e0 10 % de bitume sec en cours de fabrication, la bande\u00a0<em>Phalt<\/em><em>ex<\/em>\u00a0est utilis\u00e9e comme r\u00e9silient (emp\u00eache les fissurations des cloisons, limite la transmission du bruit).<\/p>\n","protected":false},"featured_media":12895,"template":"","meta":[],"product_brand":[8797,10564],"product_cat":[242,8738,83,18],"product_tag":[],"class_list":{"0":"post-12896","1":"product","2":"type-product","3":"status-publish","4":"has-post-thumbnail","6":"product_brand-produits-bem","7":"product_brand-steico-laine-de-bois","8":"product_cat-accessoires-construction","9":"product_cat-demande-de-devis-uniquement-sans-prix","10":"product_cat-isolants-ecologiques","11":"product_cat-sous-couche-parquet","13":"first","14":"instock","15":"taxable","16":"shipping-taxable","17":"purchasable","18":"product-type-variable"},"yoast_head":"<!-- This site is optimized with the Yoast SEO plugin v27.5 - https:\/\/yoast.com\/product\/yoast-seo-wordpress\/ -->\n<title>Bandes r\u00e9silientes PHALTEX STEICO (St Michel\/Orge)<\/title>\n<meta name=\"description\" content=\"Obtenue par feutrage et s\u00e9chage de fibres de bois r\u00e9sineux et impr\u00e9gn\u00e9e \u00e0 10 % de bitume sec en cours de fabrication, la bande\u00a0Phaltex\u00a0est utilis\u00e9e comme r\u00e9silient (emp\u00eache les fissurations des cloisons, limite la transmission du bruit).\" \/>\n<meta name=\"robots\" content=\"noindex, follow\" \/>\n<meta property=\"og:locale\" content=\"fr_FR\" \/>\n<meta property=\"og:type\" content=\"article\" \/>\n<meta property=\"og:title\" content=\"Bandes r\u00e9silientes PHALTEX STEICO (St Michel\/Orge)\" \/>\n<meta property=\"og:description\" content=\"Obtenue par feutrage et s\u00e9chage de fibres de bois r\u00e9sineux et impr\u00e9gn\u00e9e \u00e0 10 % de bitume sec en cours de fabrication, la bande\u00a0Phaltex\u00a0est utilis\u00e9e comme r\u00e9silient (emp\u00eache les fissurations des cloisons, limite la transmission du bruit).\" \/>\n<meta property=\"og:url\" content=\"https:\/\/nature-et-developpement.com\/bem\/produit\/bandes-resilientes-phaltex-steico\/\" \/>\n<meta property=\"og:site_name\" content=\"Bien-\u00catre Mat\u00e9riaux\" \/>\n<meta property=\"article:modified_time\" content=\"2026-02-12T09:48:39+00:00\" \/>\n<meta property=\"og:image\" content=\"https:\/\/nature-et-developpement.com\/bem\/wp-content\/uploads\/sites\/17\/2019\/08\/25618-Bandes-resilientes-PHALTEX-STEICO.jpg\" \/>\n\t<meta property=\"og:image:width\" content=\"800\" \/>\n\t<meta property=\"og:image:height\" content=\"800\" \/>\n\t<meta property=\"og:image:type\" content=\"image\/jpeg\" \/>\n<meta name=\"twitter:card\" content=\"summary_large_image\" \/>\n<script type=\"application\/ld+json\" class=\"yoast-schema-graph\">{\"@context\":\"https:\\\/\\\/schema.org\",\"@graph\":[{\"@type\":\"WebPage\",\"@id\":\"https:\\\/\\\/nature-et-developpement.com\\\/bem\\\/produit\\\/bandes-resilientes-phaltex-steico\\\/\",\"url\":\"https:\\\/\\\/nature-et-developpement.com\\\/bem\\\/produit\\\/bandes-resilientes-phaltex-steico\\\/\",\"name\":\"Bandes r\u00e9silientes PHALTEX STEICO (St Michel\\\/Orge)\",\"isPartOf\":{\"@id\":\"https:\\\/\\\/nature-et-developpement.com\\\/bem\\\/#website\"},\"primaryImageOfPage\":{\"@id\":\"https:\\\/\\\/nature-et-developpement.com\\\/bem\\\/produit\\\/bandes-resilientes-phaltex-steico\\\/#primaryimage\"},\"image\":{\"@id\":\"https:\\\/\\\/nature-et-developpement.com\\\/bem\\\/produit\\\/bandes-resilientes-phaltex-steico\\\/#primaryimage\"},\"thumbnailUrl\":\"https:\\\/\\\/nature-et-developpement.com\\\/bem\\\/wp-content\\\/uploads\\\/sites\\\/17\\\/2019\\\/08\\\/25618-Bandes-resilientes-PHALTEX-STEICO.jpg\",\"datePublished\":\"2019-08-07T14:51:48+00:00\",\"dateModified\":\"2026-02-12T09:48:39+00:00\",\"description\":\"Obtenue par feutrage et s\u00e9chage de fibres de bois r\u00e9sineux et impr\u00e9gn\u00e9e \u00e0 10 % de bitume sec en cours de fabrication, la bande\u00a0Phaltex\u00a0est utilis\u00e9e comme r\u00e9silient (emp\u00eache les fissurations des cloisons, limite la transmission du bruit).\",\"breadcrumb\":{\"@id\":\"https:\\\/\\\/nature-et-developpement.com\\\/bem\\\/produit\\\/bandes-resilientes-phaltex-steico\\\/#breadcrumb\"},\"inLanguage\":\"fr-FR\",\"potentialAction\":[{\"@type\":\"ReadAction\",\"target\":[\"https:\\\/\\\/nature-et-developpement.com\\\/bem\\\/produit\\\/bandes-resilientes-phaltex-steico\\\/\"]}]},{\"@type\":\"ImageObject\",\"inLanguage\":\"fr-FR\",\"@id\":\"https:\\\/\\\/nature-et-developpement.com\\\/bem\\\/produit\\\/bandes-resilientes-phaltex-steico\\\/#primaryimage\",\"url\":\"https:\\\/\\\/nature-et-developpement.com\\\/bem\\\/wp-content\\\/uploads\\\/sites\\\/17\\\/2019\\\/08\\\/25618-Bandes-resilientes-PHALTEX-STEICO.jpg\",\"contentUrl\":\"https:\\\/\\\/nature-et-developpement.com\\\/bem\\\/wp-content\\\/uploads\\\/sites\\\/17\\\/2019\\\/08\\\/25618-Bandes-resilientes-PHALTEX-STEICO.jpg\",\"width\":800,\"height\":800,\"caption\":\"Bandes r\u00e9silientes PHALTEX STEICO\"},{\"@type\":\"BreadcrumbList\",\"@id\":\"https:\\\/\\\/nature-et-developpement.com\\\/bem\\\/produit\\\/bandes-resilientes-phaltex-steico\\\/#breadcrumb\",\"itemListElement\":[{\"@type\":\"ListItem\",\"position\":1,\"name\":\"Accueil\",\"item\":\"https:\\\/\\\/nature-et-developpement.com\\\/bem\\\/\"},{\"@type\":\"ListItem\",\"position\":2,\"name\":\"Produits\",\"item\":\"https:\\\/\\\/nature-et-developpement.com\\\/bem\\\/shop\\\/\"},{\"@type\":\"ListItem\",\"position\":3,\"name\":\"Isolation et \u00e9tanch\u00e9it\u00e9\",\"item\":\"https:\\\/\\\/nature-et-developpement.com\\\/bem\\\/produits\\\/isolation-et-etancheite\\\/\"},{\"@type\":\"ListItem\",\"position\":4,\"name\":\"ISOLANTS ECOLOGIQUES\",\"item\":\"https:\\\/\\\/nature-et-developpement.com\\\/bem\\\/produits\\\/isolation-et-etancheite\\\/isolant-naturel\\\/\"},{\"@type\":\"ListItem\",\"position\":5,\"name\":\"Bandes r\u00e9silientes PHALTEX STEICO (St Michel\\\/Orge)\"}]},{\"@type\":\"WebSite\",\"@id\":\"https:\\\/\\\/nature-et-developpement.com\\\/bem\\\/#website\",\"url\":\"https:\\\/\\\/nature-et-developpement.com\\\/bem\\\/\",\"name\":\"Bien-\u00catre Mat\u00e9riaux\",\"description\":\"Bien-Etre Mat\u00e9riaux est membre du groupement Nature &amp; D\u00e9veloppement\",\"potentialAction\":[{\"@type\":\"SearchAction\",\"target\":{\"@type\":\"EntryPoint\",\"urlTemplate\":\"https:\\\/\\\/nature-et-developpement.com\\\/bem\\\/?s={search_term_string}\"},\"query-input\":{\"@type\":\"PropertyValueSpecification\",\"valueRequired\":true,\"valueName\":\"search_term_string\"}}],\"inLanguage\":\"fr-FR\"}]}<\/script>\n<!-- \/ Yoast SEO plugin. -->","yoast_head_json":{"title":"Bandes r\u00e9silientes PHALTEX STEICO (St Michel\/Orge)","description":"Obtenue par feutrage et s\u00e9chage de fibres de bois r\u00e9sineux et impr\u00e9gn\u00e9e \u00e0 10 % de bitume sec en cours de fabrication, la bande\u00a0Phaltex\u00a0est utilis\u00e9e comme r\u00e9silient (emp\u00eache les fissurations des cloisons, limite la transmission du bruit).","robots":{"index":"noindex","follow":"follow"},"og_locale":"fr_FR","og_type":"article","og_title":"Bandes r\u00e9silientes PHALTEX STEICO (St Michel\/Orge)","og_description":"Obtenue par feutrage et s\u00e9chage de fibres de bois r\u00e9sineux et impr\u00e9gn\u00e9e \u00e0 10 % de bitume sec en cours de fabrication, la bande\u00a0Phaltex\u00a0est utilis\u00e9e comme r\u00e9silient (emp\u00eache les fissurations des cloisons, limite la transmission du bruit).","og_url":"https:\/\/nature-et-developpement.com\/bem\/produit\/bandes-resilientes-phaltex-steico\/","og_site_name":"Bien-\u00catre Mat\u00e9riaux","article_modified_time":"2026-02-12T09:48:39+00:00","og_image":[{"width":800,"height":800,"url":"https:\/\/nature-et-developpement.com\/bem\/wp-content\/uploads\/sites\/17\/2019\/08\/25618-Bandes-resilientes-PHALTEX-STEICO.jpg","type":"image\/jpeg"}],"twitter_card":"summary_large_image","schema":{"@context":"https:\/\/schema.org","@graph":[{"@type":"WebPage","@id":"https:\/\/nature-et-developpement.com\/bem\/produit\/bandes-resilientes-phaltex-steico\/","url":"https:\/\/nature-et-developpement.com\/bem\/produit\/bandes-resilientes-phaltex-steico\/","name":"Bandes r\u00e9silientes PHALTEX STEICO (St Michel\/Orge)","isPartOf":{"@id":"https:\/\/nature-et-developpement.com\/bem\/#website"},"primaryImageOfPage":{"@id":"https:\/\/nature-et-developpement.com\/bem\/produit\/bandes-resilientes-phaltex-steico\/#primaryimage"},"image":{"@id":"https:\/\/nature-et-developpement.com\/bem\/produit\/bandes-resilientes-phaltex-steico\/#primaryimage"},"thumbnailUrl":"https:\/\/nature-et-developpement.com\/bem\/wp-content\/uploads\/sites\/17\/2019\/08\/25618-Bandes-resilientes-PHALTEX-STEICO.jpg","datePublished":"2019-08-07T14:51:48+00:00","dateModified":"2026-02-12T09:48:39+00:00","description":"Obtenue par feutrage et s\u00e9chage de fibres de bois r\u00e9sineux et impr\u00e9gn\u00e9e \u00e0 10 % de bitume sec en cours de fabrication, la bande\u00a0Phaltex\u00a0est utilis\u00e9e comme r\u00e9silient (emp\u00eache les fissurations des cloisons, limite la transmission du bruit).","breadcrumb":{"@id":"https:\/\/nature-et-developpement.com\/bem\/produit\/bandes-resilientes-phaltex-steico\/#breadcrumb"},"inLanguage":"fr-FR","potentialAction":[{"@type":"ReadAction","target":["https:\/\/nature-et-developpement.com\/bem\/produit\/bandes-resilientes-phaltex-steico\/"]}]},{"@type":"ImageObject","inLanguage":"fr-FR","@id":"https:\/\/nature-et-developpement.com\/bem\/produit\/bandes-resilientes-phaltex-steico\/#primaryimage","url":"https:\/\/nature-et-developpement.com\/bem\/wp-content\/uploads\/sites\/17\/2019\/08\/25618-Bandes-resilientes-PHALTEX-STEICO.jpg","contentUrl":"https:\/\/nature-et-developpement.com\/bem\/wp-content\/uploads\/sites\/17\/2019\/08\/25618-Bandes-resilientes-PHALTEX-STEICO.jpg","width":800,"height":800,"caption":"Bandes r\u00e9silientes PHALTEX STEICO"},{"@type":"BreadcrumbList","@id":"https:\/\/nature-et-developpement.com\/bem\/produit\/bandes-resilientes-phaltex-steico\/#breadcrumb","itemListElement":[{"@type":"ListItem","position":1,"name":"Accueil","item":"https:\/\/nature-et-developpement.com\/bem\/"},{"@type":"ListItem","position":2,"name":"Produits","item":"https:\/\/nature-et-developpement.com\/bem\/shop\/"},{"@type":"ListItem","position":3,"name":"Isolation et \u00e9tanch\u00e9it\u00e9","item":"https:\/\/nature-et-developpement.com\/bem\/produits\/isolation-et-etancheite\/"},{"@type":"ListItem","position":4,"name":"ISOLANTS ECOLOGIQUES","item":"https:\/\/nature-et-developpement.com\/bem\/produits\/isolation-et-etancheite\/isolant-naturel\/"},{"@type":"ListItem","position":5,"name":"Bandes r\u00e9silientes PHALTEX STEICO (St Michel\/Orge)"}]},{"@type":"WebSite","@id":"https:\/\/nature-et-developpement.com\/bem\/#website","url":"https:\/\/nature-et-developpement.com\/bem\/","name":"Bien-\u00catre Mat\u00e9riaux","description":"Bien-Etre Mat\u00e9riaux est membre du groupement Nature &amp; D\u00e9veloppement","potentialAction":[{"@type":"SearchAction","target":{"@type":"EntryPoint","urlTemplate":"https:\/\/nature-et-developpement.com\/bem\/?s={search_term_string}"},"query-input":{"@type":"PropertyValueSpecification","valueRequired":true,"valueName":"search_term_string"}}],"inLanguage":"fr-FR"}]}},"distributor_meta":false,"distributor_terms":false,"distributor_media":false,"distributor_original_site_name":"Bien-\u00catre Mat\u00e9riaux","distributor_original_site_url":"https:\/\/nature-et-developpement.com\/bem","push-errors":false,"_links":{"self":[{"href":"https:\/\/nature-et-developpement.com\/bem\/wp-json\/wp\/v2\/product\/12896","targetHints":{"allow":["GET"]}}],"collection":[{"href":"https:\/\/nature-et-developpement.com\/bem\/wp-json\/wp\/v2\/product"}],"about":[{"href":"https:\/\/nature-et-developpement.com\/bem\/wp-json\/wp\/v2\/types\/product"}],"wp:featuredmedia":[{"embeddable":true,"href":"https:\/\/nature-et-developpement.com\/bem\/wp-json\/wp\/v2\/media\/12895"}],"wp:attachment":[{"href":"https:\/\/nature-et-developpement.com\/bem\/wp-json\/wp\/v2\/media?parent=12896"}],"wp:term":[{"taxonomy":"product_brand","embeddable":true,"href":"https:\/\/nature-et-developpement.com\/bem\/wp-json\/wp\/v2\/product_brand?post=12896"},{"taxonomy":"product_cat","embeddable":true,"href":"https:\/\/nature-et-developpement.com\/bem\/wp-json\/wp\/v2\/product_cat?post=12896"},{"taxonomy":"product_tag","embeddable":true,"href":"https:\/\/nature-et-developpement.com\/bem\/wp-json\/wp\/v2\/product_tag?post=12896"}],"curies":[{"name":"wp","href":"https:\/\/api.w.org\/{rel}","templated":true}]}}