{"id":12911,"date":"2019-08-07T16:52:05","date_gmt":"2019-08-07T14:52:05","guid":{"rendered":"https:\/\/nature-et-developpement.com\/bem\/produit\/parquet-bambou-a-clicker-ou-coller-bambootouch-bem\/"},"modified":"2025-06-13T17:21:42","modified_gmt":"2025-06-13T15:21:42","slug":"parquet-bambou-a-clicker-ou-coller-bambootouch-bem","status":"publish","type":"product","link":"https:\/\/nature-et-developpement.com\/bem\/produit\/parquet-bambou-a-clicker-ou-coller-bambootouch-bem\/","title":{"rendered":"Parquet bambou \u00e0 clicker ou coller BAMBOOTOUCH (BEM)"},"content":{"rendered":"<p>Les produits\u00a0<em>Bamboo Touch<\/em>\u00a0ne re\u00e7oivent aucune substance chimique, ni acide, ni r\u00e9sine. Ils sont trait\u00e9s contre les germes et champignons, et les colles utilis\u00e9s sont garanties sans solvants (COV), ni m\u00e9taux lourds, ni bact\u00e9ricides, ni composants organiques halog\u00e9n\u00e9s ; elles r\u00e9pondent au classement EC1 (tr\u00e8s faible taux de formald\u00e9hydes). Particuli\u00e8rement l\u00e9ger, ce mat\u00e9riaux est import\u00e9 d\u2019Asie par bateau, ce qui r\u00e9duit l\u2019impact environnemental. Nous restons \u00e9videmment en veille sur d\u2019\u00e9ventuelles productions europ\u00e9ennes !<\/p>\n<p><span class=\"corps2\"><span style=\"color: #d4d4d4\">Pr\u00e9sentation<\/span>\u00a0<\/span>: la gamme est tr\u00e8s large, proposant des longueurs (de 920 \u00e0 1 920 mm), largeurs (de 96 \u00e0 190 mm) et \u00e9paisseurs (10 \u00e0 20 mm) diff\u00e9rentes, en massif \u00e0 coller (lames courtes ou longues), ou en version \u00e0 clicker contrecoll\u00e9e sur support peuplier (\u00ab\u00a0Easy\u00a0\u00bb) ou HDF (\u00ab\u00a0Evolution\u00a0\u00bb). Diff\u00e9rents styles (vertical, horizontal, Bamwood Density monolame 1 100 kg\/m3, Navy \u00e0 joints de bateaux) se conjuguent avec plusieurs couleurs, et trois finitions (brut, huil\u00e9, vernis). Pour<a href=\"http:\/\/bambootouch.esignserver1.com\/gallery.do\" target=\"_blank\" rel=\"noopener\">\u00a0simuler en ligne les diff\u00e9rentes finitions<\/a>\u00a0et visualiser\u00a0<a href=\"https:\/\/bienetremateriaux.com\/assets\/bem\/Pdf\/RevetirMursSols\/PaquetClick\/RevetirMursSols_ParquetClick_BambouBambootouchCat2017.pdf\">le catalogue<\/a>.<\/p>\n<p>A noter : n\u2019h\u00e9sitez pas \u00e0 nous consulter pour des panneaux, plans de travail et lames de terrasse en bambou\u2026<\/p>\n<p><span style=\"color: #d4d4d4\">Prix<\/span> : \u00e0\u00a0partir de 56<strong>\u00a0\u00a0<\/strong>\u20ac ttc\/m2.<strong>\u00a0<\/strong>\u00a0Remises sur quantit\u00e9. Voir \u00e9chantillons et tarifs en magasins<\/p>\n","protected":false},"excerpt":{"rendered":"<p>Particuli\u00e8rement r\u00e9sistant \u00e0 l\u2019usure (27% plus dur que le ch\u00eane), le bambou a un excellent bilan \u00e9cologique car il pousse extr\u00eamement vite, n\u2019est coup\u00e9 qu\u2019\u00e0 maturit\u00e9 (5-6 ans contre 80 ans pour le ch\u00eane), repousse spontan\u00e9ment sans replantage gr\u00e2ce \u00e0 ses rhyzomes, et est usin\u00e9 de mani\u00e8re \u00e0 pouvoir durer toute une vie !<\/p>\n","protected":false},"featured_media":12905,"template":"","meta":[],"product_brand":[9191,8797],"product_cat":[597],"product_tag":[],"class_list":{"0":"post-12911","1":"product","2":"type-product","3":"status-publish","4":"has-post-thumbnail","6":"product_brand-bambootouch","7":"product_brand-produits-bem","8":"product_cat-parquets-bois","10":"first","11":"instock","12":"taxable","13":"shipping-taxable","14":"purchasable","15":"product-type-simple"},"yoast_head":"<!-- This site is optimized with the Yoast SEO plugin v27.5 - https:\/\/yoast.com\/product\/yoast-seo-wordpress\/ -->\n<title>Parquet bambou \u00e0 clicker ou coller BAMBOOTOUCH (BEM)<\/title>\n<meta name=\"description\" content=\"Particuli\u00e8rement r\u00e9sistant \u00e0 l\u2019usure (27% plus dur que le ch\u00eane), le bambou a un excellent bilan \u00e9cologique car il pousse extr\u00eamement vite, n\u2019est coup\u00e9 qu\u2019\u00e0 maturit\u00e9 (5-6 ans contre 80 ans pour le ch\u00eane), repousse spontan\u00e9ment sans replantage gr\u00e2ce \u00e0 ses rhyzomes, et est usin\u00e9 de mani\u00e8re \u00e0 pouvoir durer toute une vie !\" \/>\n<meta name=\"robots\" content=\"noindex, follow\" \/>\n<meta property=\"og:locale\" content=\"fr_FR\" \/>\n<meta property=\"og:type\" content=\"article\" \/>\n<meta property=\"og:title\" content=\"Parquet bambou \u00e0 clicker ou coller BAMBOOTOUCH (BEM)\" \/>\n<meta property=\"og:description\" content=\"Particuli\u00e8rement r\u00e9sistant \u00e0 l\u2019usure (27% plus dur que le ch\u00eane), le bambou a un excellent bilan \u00e9cologique car il pousse extr\u00eamement vite, n\u2019est coup\u00e9 qu\u2019\u00e0 maturit\u00e9 (5-6 ans contre 80 ans pour le ch\u00eane), repousse spontan\u00e9ment sans replantage gr\u00e2ce \u00e0 ses rhyzomes, et est usin\u00e9 de mani\u00e8re \u00e0 pouvoir durer toute une vie !\" \/>\n<meta property=\"og:url\" content=\"https:\/\/nature-et-developpement.com\/bem\/produit\/parquet-bambou-a-clicker-ou-coller-bambootouch-bem\/\" \/>\n<meta property=\"og:site_name\" content=\"Bien-\u00catre Mat\u00e9riaux\" \/>\n<meta property=\"article:modified_time\" content=\"2025-06-13T15:21:42+00:00\" \/>\n<meta property=\"og:image\" content=\"https:\/\/nature-et-developpement.com\/bem\/wp-content\/uploads\/sites\/17\/2019\/08\/25732-Parquets-bambou-a-clicker-ou-coller-BAMBOUTOUCH.jpg\" \/>\n\t<meta property=\"og:image:width\" content=\"800\" \/>\n\t<meta property=\"og:image:height\" content=\"800\" \/>\n\t<meta property=\"og:image:type\" content=\"image\/jpeg\" \/>\n<meta name=\"twitter:card\" content=\"summary_large_image\" \/>\n<meta name=\"twitter:label1\" content=\"Dur\u00e9e de lecture estim\u00e9e\" \/>\n\t<meta name=\"twitter:data1\" content=\"1 minute\" \/>\n<script type=\"application\/ld+json\" class=\"yoast-schema-graph\">{\"@context\":\"https:\\\/\\\/schema.org\",\"@graph\":[{\"@type\":\"WebPage\",\"@id\":\"https:\\\/\\\/nature-et-developpement.com\\\/bem\\\/produit\\\/parquet-bambou-a-clicker-ou-coller-bambootouch-bem\\\/\",\"url\":\"https:\\\/\\\/nature-et-developpement.com\\\/bem\\\/produit\\\/parquet-bambou-a-clicker-ou-coller-bambootouch-bem\\\/\",\"name\":\"Parquet bambou \u00e0 clicker ou coller BAMBOOTOUCH (BEM)\",\"isPartOf\":{\"@id\":\"https:\\\/\\\/nature-et-developpement.com\\\/bem\\\/#website\"},\"primaryImageOfPage\":{\"@id\":\"https:\\\/\\\/nature-et-developpement.com\\\/bem\\\/produit\\\/parquet-bambou-a-clicker-ou-coller-bambootouch-bem\\\/#primaryimage\"},\"image\":{\"@id\":\"https:\\\/\\\/nature-et-developpement.com\\\/bem\\\/produit\\\/parquet-bambou-a-clicker-ou-coller-bambootouch-bem\\\/#primaryimage\"},\"thumbnailUrl\":\"https:\\\/\\\/nature-et-developpement.com\\\/bem\\\/wp-content\\\/uploads\\\/sites\\\/17\\\/2019\\\/08\\\/25732-Parquets-bambou-a-clicker-ou-coller-BAMBOUTOUCH.jpg\",\"datePublished\":\"2019-08-07T14:52:05+00:00\",\"dateModified\":\"2025-06-13T15:21:42+00:00\",\"description\":\"Particuli\u00e8rement r\u00e9sistant \u00e0 l\u2019usure (27% plus dur que le ch\u00eane), le bambou a un excellent bilan \u00e9cologique car il pousse extr\u00eamement vite, n\u2019est coup\u00e9 qu\u2019\u00e0 maturit\u00e9 (5-6 ans contre 80 ans pour le ch\u00eane), repousse spontan\u00e9ment sans replantage gr\u00e2ce \u00e0 ses rhyzomes, et est usin\u00e9 de mani\u00e8re \u00e0 pouvoir durer toute une vie !\",\"breadcrumb\":{\"@id\":\"https:\\\/\\\/nature-et-developpement.com\\\/bem\\\/produit\\\/parquet-bambou-a-clicker-ou-coller-bambootouch-bem\\\/#breadcrumb\"},\"inLanguage\":\"fr-FR\",\"potentialAction\":[{\"@type\":\"ReadAction\",\"target\":[\"https:\\\/\\\/nature-et-developpement.com\\\/bem\\\/produit\\\/parquet-bambou-a-clicker-ou-coller-bambootouch-bem\\\/\"]}]},{\"@type\":\"ImageObject\",\"inLanguage\":\"fr-FR\",\"@id\":\"https:\\\/\\\/nature-et-developpement.com\\\/bem\\\/produit\\\/parquet-bambou-a-clicker-ou-coller-bambootouch-bem\\\/#primaryimage\",\"url\":\"https:\\\/\\\/nature-et-developpement.com\\\/bem\\\/wp-content\\\/uploads\\\/sites\\\/17\\\/2019\\\/08\\\/25732-Parquets-bambou-a-clicker-ou-coller-BAMBOUTOUCH.jpg\",\"contentUrl\":\"https:\\\/\\\/nature-et-developpement.com\\\/bem\\\/wp-content\\\/uploads\\\/sites\\\/17\\\/2019\\\/08\\\/25732-Parquets-bambou-a-clicker-ou-coller-BAMBOUTOUCH.jpg\",\"width\":800,\"height\":800,\"caption\":\"Parquets bambou \u00e0 clicker ou coller BAMBOUTOUCH\"},{\"@type\":\"BreadcrumbList\",\"@id\":\"https:\\\/\\\/nature-et-developpement.com\\\/bem\\\/produit\\\/parquet-bambou-a-clicker-ou-coller-bambootouch-bem\\\/#breadcrumb\",\"itemListElement\":[{\"@type\":\"ListItem\",\"position\":1,\"name\":\"Accueil\",\"item\":\"https:\\\/\\\/nature-et-developpement.com\\\/bem\\\/\"},{\"@type\":\"ListItem\",\"position\":2,\"name\":\"Produits\",\"item\":\"https:\\\/\\\/nature-et-developpement.com\\\/bem\\\/shop\\\/\"},{\"@type\":\"ListItem\",\"position\":3,\"name\":\"Parquets bois, stratifi\u00e9s et li\u00e8ge\",\"item\":\"https:\\\/\\\/nature-et-developpement.com\\\/bem\\\/produits\\\/parquet-et-sol-naturels\\\/\"},{\"@type\":\"ListItem\",\"position\":4,\"name\":\"Parquets bois\",\"item\":\"https:\\\/\\\/nature-et-developpement.com\\\/bem\\\/produits\\\/parquet-et-sol-naturels\\\/parquets-bois\\\/\"},{\"@type\":\"ListItem\",\"position\":5,\"name\":\"Parquet bambou \u00e0 clicker ou coller BAMBOOTOUCH (BEM)\"}]},{\"@type\":\"WebSite\",\"@id\":\"https:\\\/\\\/nature-et-developpement.com\\\/bem\\\/#website\",\"url\":\"https:\\\/\\\/nature-et-developpement.com\\\/bem\\\/\",\"name\":\"Bien-\u00catre Mat\u00e9riaux\",\"description\":\"Bien-Etre Mat\u00e9riaux est membre du groupement Nature &amp; D\u00e9veloppement\",\"potentialAction\":[{\"@type\":\"SearchAction\",\"target\":{\"@type\":\"EntryPoint\",\"urlTemplate\":\"https:\\\/\\\/nature-et-developpement.com\\\/bem\\\/?s={search_term_string}\"},\"query-input\":{\"@type\":\"PropertyValueSpecification\",\"valueRequired\":true,\"valueName\":\"search_term_string\"}}],\"inLanguage\":\"fr-FR\"}]}<\/script>\n<!-- \/ Yoast SEO plugin. -->","yoast_head_json":{"title":"Parquet bambou \u00e0 clicker ou coller BAMBOOTOUCH (BEM)","description":"Particuli\u00e8rement r\u00e9sistant \u00e0 l\u2019usure (27% plus dur que le ch\u00eane), le bambou a un excellent bilan \u00e9cologique car il pousse extr\u00eamement vite, n\u2019est coup\u00e9 qu\u2019\u00e0 maturit\u00e9 (5-6 ans contre 80 ans pour le ch\u00eane), repousse spontan\u00e9ment sans replantage gr\u00e2ce \u00e0 ses rhyzomes, et est usin\u00e9 de mani\u00e8re \u00e0 pouvoir durer toute une vie !","robots":{"index":"noindex","follow":"follow"},"og_locale":"fr_FR","og_type":"article","og_title":"Parquet bambou \u00e0 clicker ou coller BAMBOOTOUCH (BEM)","og_description":"Particuli\u00e8rement r\u00e9sistant \u00e0 l\u2019usure (27% plus dur que le ch\u00eane), le bambou a un excellent bilan \u00e9cologique car il pousse extr\u00eamement vite, n\u2019est coup\u00e9 qu\u2019\u00e0 maturit\u00e9 (5-6 ans contre 80 ans pour le ch\u00eane), repousse spontan\u00e9ment sans replantage gr\u00e2ce \u00e0 ses rhyzomes, et est usin\u00e9 de mani\u00e8re \u00e0 pouvoir durer toute une vie !","og_url":"https:\/\/nature-et-developpement.com\/bem\/produit\/parquet-bambou-a-clicker-ou-coller-bambootouch-bem\/","og_site_name":"Bien-\u00catre Mat\u00e9riaux","article_modified_time":"2025-06-13T15:21:42+00:00","og_image":[{"width":800,"height":800,"url":"https:\/\/nature-et-developpement.com\/bem\/wp-content\/uploads\/sites\/17\/2019\/08\/25732-Parquets-bambou-a-clicker-ou-coller-BAMBOUTOUCH.jpg","type":"image\/jpeg"}],"twitter_card":"summary_large_image","twitter_misc":{"Dur\u00e9e de lecture estim\u00e9e":"1 minute"},"schema":{"@context":"https:\/\/schema.org","@graph":[{"@type":"WebPage","@id":"https:\/\/nature-et-developpement.com\/bem\/produit\/parquet-bambou-a-clicker-ou-coller-bambootouch-bem\/","url":"https:\/\/nature-et-developpement.com\/bem\/produit\/parquet-bambou-a-clicker-ou-coller-bambootouch-bem\/","name":"Parquet bambou \u00e0 clicker ou coller BAMBOOTOUCH (BEM)","isPartOf":{"@id":"https:\/\/nature-et-developpement.com\/bem\/#website"},"primaryImageOfPage":{"@id":"https:\/\/nature-et-developpement.com\/bem\/produit\/parquet-bambou-a-clicker-ou-coller-bambootouch-bem\/#primaryimage"},"image":{"@id":"https:\/\/nature-et-developpement.com\/bem\/produit\/parquet-bambou-a-clicker-ou-coller-bambootouch-bem\/#primaryimage"},"thumbnailUrl":"https:\/\/nature-et-developpement.com\/bem\/wp-content\/uploads\/sites\/17\/2019\/08\/25732-Parquets-bambou-a-clicker-ou-coller-BAMBOUTOUCH.jpg","datePublished":"2019-08-07T14:52:05+00:00","dateModified":"2025-06-13T15:21:42+00:00","description":"Particuli\u00e8rement r\u00e9sistant \u00e0 l\u2019usure (27% plus dur que le ch\u00eane), le bambou a un excellent bilan \u00e9cologique car il pousse extr\u00eamement vite, n\u2019est coup\u00e9 qu\u2019\u00e0 maturit\u00e9 (5-6 ans contre 80 ans pour le ch\u00eane), repousse spontan\u00e9ment sans replantage gr\u00e2ce \u00e0 ses rhyzomes, et est usin\u00e9 de mani\u00e8re \u00e0 pouvoir durer toute une vie !","breadcrumb":{"@id":"https:\/\/nature-et-developpement.com\/bem\/produit\/parquet-bambou-a-clicker-ou-coller-bambootouch-bem\/#breadcrumb"},"inLanguage":"fr-FR","potentialAction":[{"@type":"ReadAction","target":["https:\/\/nature-et-developpement.com\/bem\/produit\/parquet-bambou-a-clicker-ou-coller-bambootouch-bem\/"]}]},{"@type":"ImageObject","inLanguage":"fr-FR","@id":"https:\/\/nature-et-developpement.com\/bem\/produit\/parquet-bambou-a-clicker-ou-coller-bambootouch-bem\/#primaryimage","url":"https:\/\/nature-et-developpement.com\/bem\/wp-content\/uploads\/sites\/17\/2019\/08\/25732-Parquets-bambou-a-clicker-ou-coller-BAMBOUTOUCH.jpg","contentUrl":"https:\/\/nature-et-developpement.com\/bem\/wp-content\/uploads\/sites\/17\/2019\/08\/25732-Parquets-bambou-a-clicker-ou-coller-BAMBOUTOUCH.jpg","width":800,"height":800,"caption":"Parquets bambou \u00e0 clicker ou coller BAMBOUTOUCH"},{"@type":"BreadcrumbList","@id":"https:\/\/nature-et-developpement.com\/bem\/produit\/parquet-bambou-a-clicker-ou-coller-bambootouch-bem\/#breadcrumb","itemListElement":[{"@type":"ListItem","position":1,"name":"Accueil","item":"https:\/\/nature-et-developpement.com\/bem\/"},{"@type":"ListItem","position":2,"name":"Produits","item":"https:\/\/nature-et-developpement.com\/bem\/shop\/"},{"@type":"ListItem","position":3,"name":"Parquets bois, stratifi\u00e9s et li\u00e8ge","item":"https:\/\/nature-et-developpement.com\/bem\/produits\/parquet-et-sol-naturels\/"},{"@type":"ListItem","position":4,"name":"Parquets bois","item":"https:\/\/nature-et-developpement.com\/bem\/produits\/parquet-et-sol-naturels\/parquets-bois\/"},{"@type":"ListItem","position":5,"name":"Parquet bambou \u00e0 clicker ou coller BAMBOOTOUCH (BEM)"}]},{"@type":"WebSite","@id":"https:\/\/nature-et-developpement.com\/bem\/#website","url":"https:\/\/nature-et-developpement.com\/bem\/","name":"Bien-\u00catre Mat\u00e9riaux","description":"Bien-Etre Mat\u00e9riaux est membre du groupement Nature &amp; D\u00e9veloppement","potentialAction":[{"@type":"SearchAction","target":{"@type":"EntryPoint","urlTemplate":"https:\/\/nature-et-developpement.com\/bem\/?s={search_term_string}"},"query-input":{"@type":"PropertyValueSpecification","valueRequired":true,"valueName":"search_term_string"}}],"inLanguage":"fr-FR"}]}},"distributor_meta":false,"distributor_terms":false,"distributor_media":false,"distributor_original_site_name":"Bien-\u00catre Mat\u00e9riaux","distributor_original_site_url":"https:\/\/nature-et-developpement.com\/bem","push-errors":false,"_links":{"self":[{"href":"https:\/\/nature-et-developpement.com\/bem\/wp-json\/wp\/v2\/product\/12911","targetHints":{"allow":["GET"]}}],"collection":[{"href":"https:\/\/nature-et-developpement.com\/bem\/wp-json\/wp\/v2\/product"}],"about":[{"href":"https:\/\/nature-et-developpement.com\/bem\/wp-json\/wp\/v2\/types\/product"}],"wp:featuredmedia":[{"embeddable":true,"href":"https:\/\/nature-et-developpement.com\/bem\/wp-json\/wp\/v2\/media\/12905"}],"wp:attachment":[{"href":"https:\/\/nature-et-developpement.com\/bem\/wp-json\/wp\/v2\/media?parent=12911"}],"wp:term":[{"taxonomy":"product_brand","embeddable":true,"href":"https:\/\/nature-et-developpement.com\/bem\/wp-json\/wp\/v2\/product_brand?post=12911"},{"taxonomy":"product_cat","embeddable":true,"href":"https:\/\/nature-et-developpement.com\/bem\/wp-json\/wp\/v2\/product_cat?post=12911"},{"taxonomy":"product_tag","embeddable":true,"href":"https:\/\/nature-et-developpement.com\/bem\/wp-json\/wp\/v2\/product_tag?post=12911"}],"curies":[{"name":"wp","href":"https:\/\/api.w.org\/{rel}","templated":true}]}}