{"id":12944,"date":"2019-08-07T16:52:09","date_gmt":"2019-08-07T14:52:09","guid":{"rendered":"https:\/\/nature-et-developpement.com\/bem\/produit\/pigments-en-poudre-teintes-c-spinelles-et-vert-veronese-bem\/"},"modified":"2025-06-13T17:26:28","modified_gmt":"2025-06-13T15:26:28","slug":"pigments-en-poudre-teintes-c-spinelles-et-vert-veronese-bem","status":"publish","type":"product","link":"https:\/\/nature-et-developpement.com\/bem\/produit\/pigments-en-poudre-teintes-c-spinelles-et-vert-veronese-bem\/","title":{"rendered":"Pigments en poudre teintes C (spinelles et Vert V\u00e9ron\u00e8se) (BEM)"},"content":{"rendered":"<p><span><strong>Spinelles<\/strong>\u00a0<span>(M\u00e9lange d\u2019oxydes de m\u00e9taux et d\u2019aluminates calcin\u00e9s. Elles sont utilis\u00e9es en Allemagne par les \u00e9l\u00e8ves des beaux arts) : bleu spinelle, bleu pacifique (incompatible avec la laque), violet de mangan\u00e8se (exclusivement pour m\u00e9langes utilis\u00e9s sous 36 h), vert, turquoise, orange, jaune soleil, jaune ma\u00efs, jaune d\u2019or, jaune citron, rouge saumon, rouge d\u2019Orient.<\/span><\/span><\/p>\n<p><span>+ Vert V\u00e9ron\u00e8se\u00a0<\/span><\/p>\n<p><span>Attention, les Violet de Mangan\u00e8se et Rouge Saumon, tr\u00e8s l\u00e9gers, sont pr\u00e9sent\u00e9s en pots de 50 g au lieu de 75 g. Le Rouge Saumon est \u00e0 87 \u20ac TTC pour 500 g, et 156 \u20ac TTC pour 1 kg.<\/span><\/p>\n","protected":false},"excerpt":{"rendered":"<p>Traditionnels, \u00e9cologiques, naturels et lumineux, ces pigments ont tout pour s\u00e9duire professionnels et amateurs.\u00a0<\/p>\n","protected":false},"featured_media":12943,"template":"","meta":[],"product_brand":[8797],"product_cat":[195],"product_tag":[],"class_list":{"0":"post-12944","1":"product","2":"type-product","3":"status-publish","4":"has-post-thumbnail","6":"product_brand-produits-bem","7":"product_cat-colorants-et-pigments","9":"first","10":"instock","11":"taxable","12":"shipping-taxable","13":"purchasable","14":"product-type-variable"},"yoast_head":"<!-- This site is optimized with the Yoast SEO plugin v27.5 - https:\/\/yoast.com\/product\/yoast-seo-wordpress\/ -->\n<title>Pigments en poudre teintes C (spinelles et Vert V\u00e9ron\u00e8se) (BEM)<\/title>\n<meta name=\"description\" content=\"Traditionnels, \u00e9cologiques, naturels et lumineux, ces pigments ont tout pour s\u00e9duire professionnels et amateurs.\u00a0\" \/>\n<meta name=\"robots\" content=\"noindex, follow\" \/>\n<meta property=\"og:locale\" content=\"fr_FR\" \/>\n<meta property=\"og:type\" content=\"article\" \/>\n<meta property=\"og:title\" content=\"Pigments en poudre teintes C (spinelles et Vert V\u00e9ron\u00e8se) (BEM)\" \/>\n<meta property=\"og:description\" content=\"Traditionnels, \u00e9cologiques, naturels et lumineux, ces pigments ont tout pour s\u00e9duire professionnels et amateurs.\u00a0\" \/>\n<meta property=\"og:url\" content=\"https:\/\/nature-et-developpement.com\/bem\/produit\/pigments-en-poudre-teintes-c-spinelles-et-vert-veronese-bem\/\" \/>\n<meta property=\"og:site_name\" content=\"Bien-\u00catre Mat\u00e9riaux\" \/>\n<meta property=\"article:modified_time\" content=\"2025-06-13T15:26:28+00:00\" \/>\n<meta property=\"og:image\" content=\"https:\/\/nature-et-developpement.com\/bem\/wp-content\/uploads\/sites\/17\/2019\/08\/25658-Pigments-en-poudre-teintes-C-spinelles-et-Vert-Veronese.jpg\" \/>\n\t<meta property=\"og:image:width\" content=\"800\" \/>\n\t<meta property=\"og:image:height\" content=\"800\" \/>\n\t<meta property=\"og:image:type\" content=\"image\/jpeg\" \/>\n<meta name=\"twitter:card\" content=\"summary_large_image\" \/>\n<meta name=\"twitter:label1\" content=\"Dur\u00e9e de lecture estim\u00e9e\" \/>\n\t<meta name=\"twitter:data1\" content=\"1 minute\" \/>\n<script type=\"application\/ld+json\" class=\"yoast-schema-graph\">{\"@context\":\"https:\\\/\\\/schema.org\",\"@graph\":[{\"@type\":\"WebPage\",\"@id\":\"https:\\\/\\\/nature-et-developpement.com\\\/bem\\\/produit\\\/pigments-en-poudre-teintes-c-spinelles-et-vert-veronese-bem\\\/\",\"url\":\"https:\\\/\\\/nature-et-developpement.com\\\/bem\\\/produit\\\/pigments-en-poudre-teintes-c-spinelles-et-vert-veronese-bem\\\/\",\"name\":\"Pigments en poudre teintes C (spinelles et Vert V\u00e9ron\u00e8se) (BEM)\",\"isPartOf\":{\"@id\":\"https:\\\/\\\/nature-et-developpement.com\\\/bem\\\/#website\"},\"primaryImageOfPage\":{\"@id\":\"https:\\\/\\\/nature-et-developpement.com\\\/bem\\\/produit\\\/pigments-en-poudre-teintes-c-spinelles-et-vert-veronese-bem\\\/#primaryimage\"},\"image\":{\"@id\":\"https:\\\/\\\/nature-et-developpement.com\\\/bem\\\/produit\\\/pigments-en-poudre-teintes-c-spinelles-et-vert-veronese-bem\\\/#primaryimage\"},\"thumbnailUrl\":\"https:\\\/\\\/nature-et-developpement.com\\\/bem\\\/wp-content\\\/uploads\\\/sites\\\/17\\\/2019\\\/08\\\/25658-Pigments-en-poudre-teintes-C-spinelles-et-Vert-Veronese.jpg\",\"datePublished\":\"2019-08-07T14:52:09+00:00\",\"dateModified\":\"2025-06-13T15:26:28+00:00\",\"description\":\"Traditionnels, \u00e9cologiques, naturels et lumineux, ces pigments ont tout pour s\u00e9duire professionnels et amateurs.\u00a0\",\"breadcrumb\":{\"@id\":\"https:\\\/\\\/nature-et-developpement.com\\\/bem\\\/produit\\\/pigments-en-poudre-teintes-c-spinelles-et-vert-veronese-bem\\\/#breadcrumb\"},\"inLanguage\":\"fr-FR\",\"potentialAction\":[{\"@type\":\"ReadAction\",\"target\":[\"https:\\\/\\\/nature-et-developpement.com\\\/bem\\\/produit\\\/pigments-en-poudre-teintes-c-spinelles-et-vert-veronese-bem\\\/\"]}]},{\"@type\":\"ImageObject\",\"inLanguage\":\"fr-FR\",\"@id\":\"https:\\\/\\\/nature-et-developpement.com\\\/bem\\\/produit\\\/pigments-en-poudre-teintes-c-spinelles-et-vert-veronese-bem\\\/#primaryimage\",\"url\":\"https:\\\/\\\/nature-et-developpement.com\\\/bem\\\/wp-content\\\/uploads\\\/sites\\\/17\\\/2019\\\/08\\\/25658-Pigments-en-poudre-teintes-C-spinelles-et-Vert-Veronese.jpg\",\"contentUrl\":\"https:\\\/\\\/nature-et-developpement.com\\\/bem\\\/wp-content\\\/uploads\\\/sites\\\/17\\\/2019\\\/08\\\/25658-Pigments-en-poudre-teintes-C-spinelles-et-Vert-Veronese.jpg\",\"width\":800,\"height\":800,\"caption\":\"Pigments en poudre teintes C (spinelles et Vert V\u00e9ron\u00e8se)\"},{\"@type\":\"BreadcrumbList\",\"@id\":\"https:\\\/\\\/nature-et-developpement.com\\\/bem\\\/produit\\\/pigments-en-poudre-teintes-c-spinelles-et-vert-veronese-bem\\\/#breadcrumb\",\"itemListElement\":[{\"@type\":\"ListItem\",\"position\":1,\"name\":\"Accueil\",\"item\":\"https:\\\/\\\/nature-et-developpement.com\\\/bem\\\/\"},{\"@type\":\"ListItem\",\"position\":2,\"name\":\"Produits\",\"item\":\"https:\\\/\\\/nature-et-developpement.com\\\/bem\\\/shop\\\/\"},{\"@type\":\"ListItem\",\"position\":3,\"name\":\"Peinture, pigment et enduit\",\"item\":\"https:\\\/\\\/nature-et-developpement.com\\\/bem\\\/produits\\\/peinture-et-enduit\\\/\"},{\"@type\":\"ListItem\",\"position\":4,\"name\":\"Colorants et pigments\",\"item\":\"https:\\\/\\\/nature-et-developpement.com\\\/bem\\\/produits\\\/peinture-et-enduit\\\/colorants-et-pigments\\\/\"},{\"@type\":\"ListItem\",\"position\":5,\"name\":\"Pigments en poudre teintes C (spinelles et Vert V\u00e9ron\u00e8se) (BEM)\"}]},{\"@type\":\"WebSite\",\"@id\":\"https:\\\/\\\/nature-et-developpement.com\\\/bem\\\/#website\",\"url\":\"https:\\\/\\\/nature-et-developpement.com\\\/bem\\\/\",\"name\":\"Bien-\u00catre Mat\u00e9riaux\",\"description\":\"Bien-Etre Mat\u00e9riaux est membre du groupement Nature &amp; D\u00e9veloppement\",\"potentialAction\":[{\"@type\":\"SearchAction\",\"target\":{\"@type\":\"EntryPoint\",\"urlTemplate\":\"https:\\\/\\\/nature-et-developpement.com\\\/bem\\\/?s={search_term_string}\"},\"query-input\":{\"@type\":\"PropertyValueSpecification\",\"valueRequired\":true,\"valueName\":\"search_term_string\"}}],\"inLanguage\":\"fr-FR\"}]}<\/script>\n<!-- \/ Yoast SEO plugin. -->","yoast_head_json":{"title":"Pigments en poudre teintes C (spinelles et Vert V\u00e9ron\u00e8se) (BEM)","description":"Traditionnels, \u00e9cologiques, naturels et lumineux, ces pigments ont tout pour s\u00e9duire professionnels et amateurs.\u00a0","robots":{"index":"noindex","follow":"follow"},"og_locale":"fr_FR","og_type":"article","og_title":"Pigments en poudre teintes C (spinelles et Vert V\u00e9ron\u00e8se) (BEM)","og_description":"Traditionnels, \u00e9cologiques, naturels et lumineux, ces pigments ont tout pour s\u00e9duire professionnels et amateurs.\u00a0","og_url":"https:\/\/nature-et-developpement.com\/bem\/produit\/pigments-en-poudre-teintes-c-spinelles-et-vert-veronese-bem\/","og_site_name":"Bien-\u00catre Mat\u00e9riaux","article_modified_time":"2025-06-13T15:26:28+00:00","og_image":[{"width":800,"height":800,"url":"https:\/\/nature-et-developpement.com\/bem\/wp-content\/uploads\/sites\/17\/2019\/08\/25658-Pigments-en-poudre-teintes-C-spinelles-et-Vert-Veronese.jpg","type":"image\/jpeg"}],"twitter_card":"summary_large_image","twitter_misc":{"Dur\u00e9e de lecture estim\u00e9e":"1 minute"},"schema":{"@context":"https:\/\/schema.org","@graph":[{"@type":"WebPage","@id":"https:\/\/nature-et-developpement.com\/bem\/produit\/pigments-en-poudre-teintes-c-spinelles-et-vert-veronese-bem\/","url":"https:\/\/nature-et-developpement.com\/bem\/produit\/pigments-en-poudre-teintes-c-spinelles-et-vert-veronese-bem\/","name":"Pigments en poudre teintes C (spinelles et Vert V\u00e9ron\u00e8se) (BEM)","isPartOf":{"@id":"https:\/\/nature-et-developpement.com\/bem\/#website"},"primaryImageOfPage":{"@id":"https:\/\/nature-et-developpement.com\/bem\/produit\/pigments-en-poudre-teintes-c-spinelles-et-vert-veronese-bem\/#primaryimage"},"image":{"@id":"https:\/\/nature-et-developpement.com\/bem\/produit\/pigments-en-poudre-teintes-c-spinelles-et-vert-veronese-bem\/#primaryimage"},"thumbnailUrl":"https:\/\/nature-et-developpement.com\/bem\/wp-content\/uploads\/sites\/17\/2019\/08\/25658-Pigments-en-poudre-teintes-C-spinelles-et-Vert-Veronese.jpg","datePublished":"2019-08-07T14:52:09+00:00","dateModified":"2025-06-13T15:26:28+00:00","description":"Traditionnels, \u00e9cologiques, naturels et lumineux, ces pigments ont tout pour s\u00e9duire professionnels et amateurs.\u00a0","breadcrumb":{"@id":"https:\/\/nature-et-developpement.com\/bem\/produit\/pigments-en-poudre-teintes-c-spinelles-et-vert-veronese-bem\/#breadcrumb"},"inLanguage":"fr-FR","potentialAction":[{"@type":"ReadAction","target":["https:\/\/nature-et-developpement.com\/bem\/produit\/pigments-en-poudre-teintes-c-spinelles-et-vert-veronese-bem\/"]}]},{"@type":"ImageObject","inLanguage":"fr-FR","@id":"https:\/\/nature-et-developpement.com\/bem\/produit\/pigments-en-poudre-teintes-c-spinelles-et-vert-veronese-bem\/#primaryimage","url":"https:\/\/nature-et-developpement.com\/bem\/wp-content\/uploads\/sites\/17\/2019\/08\/25658-Pigments-en-poudre-teintes-C-spinelles-et-Vert-Veronese.jpg","contentUrl":"https:\/\/nature-et-developpement.com\/bem\/wp-content\/uploads\/sites\/17\/2019\/08\/25658-Pigments-en-poudre-teintes-C-spinelles-et-Vert-Veronese.jpg","width":800,"height":800,"caption":"Pigments en poudre teintes C (spinelles et Vert V\u00e9ron\u00e8se)"},{"@type":"BreadcrumbList","@id":"https:\/\/nature-et-developpement.com\/bem\/produit\/pigments-en-poudre-teintes-c-spinelles-et-vert-veronese-bem\/#breadcrumb","itemListElement":[{"@type":"ListItem","position":1,"name":"Accueil","item":"https:\/\/nature-et-developpement.com\/bem\/"},{"@type":"ListItem","position":2,"name":"Produits","item":"https:\/\/nature-et-developpement.com\/bem\/shop\/"},{"@type":"ListItem","position":3,"name":"Peinture, pigment et enduit","item":"https:\/\/nature-et-developpement.com\/bem\/produits\/peinture-et-enduit\/"},{"@type":"ListItem","position":4,"name":"Colorants et pigments","item":"https:\/\/nature-et-developpement.com\/bem\/produits\/peinture-et-enduit\/colorants-et-pigments\/"},{"@type":"ListItem","position":5,"name":"Pigments en poudre teintes C (spinelles et Vert V\u00e9ron\u00e8se) (BEM)"}]},{"@type":"WebSite","@id":"https:\/\/nature-et-developpement.com\/bem\/#website","url":"https:\/\/nature-et-developpement.com\/bem\/","name":"Bien-\u00catre Mat\u00e9riaux","description":"Bien-Etre Mat\u00e9riaux est membre du groupement Nature &amp; D\u00e9veloppement","potentialAction":[{"@type":"SearchAction","target":{"@type":"EntryPoint","urlTemplate":"https:\/\/nature-et-developpement.com\/bem\/?s={search_term_string}"},"query-input":{"@type":"PropertyValueSpecification","valueRequired":true,"valueName":"search_term_string"}}],"inLanguage":"fr-FR"}]}},"distributor_meta":false,"distributor_terms":false,"distributor_media":false,"distributor_original_site_name":"Bien-\u00catre Mat\u00e9riaux","distributor_original_site_url":"https:\/\/nature-et-developpement.com\/bem","push-errors":false,"_links":{"self":[{"href":"https:\/\/nature-et-developpement.com\/bem\/wp-json\/wp\/v2\/product\/12944","targetHints":{"allow":["GET"]}}],"collection":[{"href":"https:\/\/nature-et-developpement.com\/bem\/wp-json\/wp\/v2\/product"}],"about":[{"href":"https:\/\/nature-et-developpement.com\/bem\/wp-json\/wp\/v2\/types\/product"}],"wp:featuredmedia":[{"embeddable":true,"href":"https:\/\/nature-et-developpement.com\/bem\/wp-json\/wp\/v2\/media\/12943"}],"wp:attachment":[{"href":"https:\/\/nature-et-developpement.com\/bem\/wp-json\/wp\/v2\/media?parent=12944"}],"wp:term":[{"taxonomy":"product_brand","embeddable":true,"href":"https:\/\/nature-et-developpement.com\/bem\/wp-json\/wp\/v2\/product_brand?post=12944"},{"taxonomy":"product_cat","embeddable":true,"href":"https:\/\/nature-et-developpement.com\/bem\/wp-json\/wp\/v2\/product_cat?post=12944"},{"taxonomy":"product_tag","embeddable":true,"href":"https:\/\/nature-et-developpement.com\/bem\/wp-json\/wp\/v2\/product_tag?post=12944"}],"curies":[{"name":"wp","href":"https:\/\/api.w.org\/{rel}","templated":true}]}}