{"id":12965,"date":"2019-08-07T16:52:10","date_gmt":"2019-08-07T14:52:10","guid":{"rendered":"https:\/\/nature-et-developpement.com\/bem\/produit\/panneau-de-coton-recycle-semi-rigide-m-metisse-st-michelorge\/"},"modified":"2026-02-12T10:48:39","modified_gmt":"2026-02-12T09:48:39","slug":"panneau-de-coton-recycle-semi-rigide-m-metisse-st-michelorge","status":"publish","type":"product","link":"https:\/\/nature-et-developpement.com\/bem\/produit\/panneau-de-coton-recycle-semi-rigide-m-metisse-st-michelorge\/","title":{"rendered":"Panneau de coton recycl\u00e9 semi-rigide M+ METISSE (St Michel\/Orge)"},"content":{"rendered":"<p>Adapt\u00e9 \u00e0 toutes les applications (ITE, murs, sous-toitures, combles, planchers, contre-cloisons), il est particuli\u00e8rement indiqu\u00e9 en cloisons de distribution pour sa performance phonique, et en doublage du b\u00e9ton cellulaire. Les panneaux offrent une tr\u00e8s grand compressibilit\u00e9 (10 mm environ) et peuvent \u00eatre \u00e9tir\u00e9s d\u2019au moins 5 mm.<\/p>\n<p>\u00c9paisseur disponible chez notre stockiste : 50mm<\/p>\n<p>Existe aussi en \u00e9paisseur 100, 120, 145, 200mm disponible \u00e0 partir d&rsquo;un demi-camion, nous consulter.<\/p>\n<p class=\"corps\"><span class=\"corps2\"><span style=\"color: #d4d4d4\">Dimensions panneaux<\/span> <span style=\"color: #d4d4d4\">:<\/span> 0,60 x 1,20 m<\/span><\/p>\n<p class=\"corps\"><span class=\"corps2\"><span style=\"color: #d4d4d4\">Absorption acoustique (EN ISO 354) :<\/span> \u03b1w = 0,85<\/span><\/p>\n<p class=\"corps\"><span class=\"corps2\"><span style=\"color: #d4d4d4\">Affaiblissement acoustique (paroi 72\/48)<\/span> <span style=\"color: #d4d4d4\">:<\/span> Rw=42 db (-4 ; -11).<\/span><\/p>\n<p class=\"corps\"><span class=\"corps2\" style=\"color: #d4d4d4\">Conductivit\u00e9 thermique<\/span>\u00a0<span style=\"color: #d4d4d4\">:<\/span> \u03bb = 0,039 W\/m.\u00b0C<\/p>\n<p class=\"corps\"><span class=\"corps2\" style=\"color: #d4d4d4\">Densit\u00e9<\/span>\u00a0<span style=\"color: #d4d4d4\">:<\/span> 25 kg\/m\u00b3 .<\/p>\n<p class=\"corps\"><span style=\"color: #d4d4d4\">D\u00e9phasage<\/span>\u00a0<span style=\"color: #d4d4d4\">:<\/span> 6 \u00e0 8h (pour 200 mm).<\/p>\n<p class=\"corps\"><span style=\"color: #d4d4d4\">Resistance au feu\u00a0: <\/span>Euroclasse E (dans les conditions finales d\u2019utilisation : Euroclasse B\/S1\/d0).<\/p>\n<p class=\"corps\"><span class=\"corps2\"><span style=\"color: #d4d4d4\">Mise en \u0153uvre<\/span><\/span><span style=\"color: #d4d4d4\">\u00a0:<\/span> la d\u00e9coupe se fait avec un couteau-machette, ou avec une disqueuse \u00e0 lame lisse ; pour un bon maintien dans le temps, clouer, visser ou agrafer par l\u00e9ger pincement de la face interne de l\u2019isolant sur les montants tous les 40 cm, et sur la lisse haute tous les 15 cm.<\/p>\n<p><span style=\"text-decoration: underline\"><strong>Les plus<\/strong><\/span> <strong>:<\/strong><\/p>\n<p>Produit par Le Relais, \u00e9manation productive d\u2019Emma\u00fcs, Metisse est un isolant au coeur du d\u00e9veloppement durable puisqu\u2019il :<\/p>\n<p>\u2013 a une dimension sociale et solidaire : tous les b\u00e9n\u00e9fices sont r\u00e9investis<br \/>\ndans la cr\u00e9ation d\u2019emplois durables pour des personnes en situation d\u2019exclusion<\/p>\n<p>\u2013 a une tr\u00e8s faible empreinte \u00e9cologique : jusqu\u2019\u00e0 100% de fibres recycl\u00e9es (majoritariement jeans et velours), et une fabrication locale dans le Nord de la France<\/p>\n<p>\u2013 est performant pour une isolation saine et confortable : alliance du confort d\u2019\u00e9t\u00e9<br \/>\net d\u2019hiver gr\u00e2ce \u00e0 son tr\u00e8s bon d\u00e9phasage, r\u00e9gulation hygrom\u00e9trique, bonne reprise d\u2019humidit\u00e9, tr\u00e8s faible tassement sur 50 ans, excellentes performances acoustiques (le coton est utilis\u00e9 depuis des d\u00e9cennies dans les domaines automobile et \u00e9lectrom\u00e9nager, et particuli\u00e8rement pertinent pour les basses fr\u00e9quences)<\/p>\n<p>Titulaire de l\u2019agr\u00e9ment technique europ\u00e9en, et b\u00e9n\u00e9ficiant de l\u2019ACERMI pour toute la gamme, il a en outre re\u00e7u les avis techniques du CSTB pour mur et toiture.<\/p>\n<p><strong>Voir aussi nos\u00a0<a href=\"https:\/\/bienetremateriaux.com\/coton-textiles-recycles\/10980-ekobaffles-acoustiques-metisse-st-michelorge.html\">baffles acoustiques en coton recycl\u00e9 M\u00e9tisse Ekobaffles.<\/a><\/strong><\/p>\n","protected":false},"excerpt":{"rendered":"<p>Compos\u00e9 \u00e0 85% de fibres textiles recycl\u00e9es (70% de coton minimum) et \u00e0 15% de liant polyester, avec traitement \u00e0 coeur avec adjuvants ignifuges et anti-fongiques \u2013 antibact\u00e9riens (1%), ce produit class\u00e9 A+ et dot\u00e9 d\u2019un agr\u00e9ment ACERMI offre d\u2019excellentes performances thermiques et acoustiques. Cet isolant se distingue par sa facilit\u00e9 de pose et son excellent confort\u00a0 acoustique.<\/p>\n","protected":false},"featured_media":12964,"template":"","meta":[],"product_brand":[8971,8797],"product_cat":[8738,83],"product_tag":[],"class_list":{"0":"post-12965","1":"product","2":"type-product","3":"status-publish","4":"has-post-thumbnail","6":"product_brand-le-relais-metisse","7":"product_brand-produits-bem","8":"product_cat-demande-de-devis-uniquement-sans-prix","9":"product_cat-isolants-ecologiques","11":"first","12":"instock","13":"taxable","14":"shipping-taxable","15":"purchasable","16":"product-type-simple"},"yoast_head":"<!-- This site is optimized with the Yoast SEO plugin v27.5 - https:\/\/yoast.com\/product\/yoast-seo-wordpress\/ -->\n<title>Panneau de coton recycl\u00e9 semi-rigide M+ METISSE (St Michel\/Orge)<\/title>\n<meta name=\"description\" content=\"Compos\u00e9 \u00e0 85% de fibres textiles recycl\u00e9es (70% de coton minimum) et \u00e0 15% de liant polyester, avec traitement \u00e0 coeur avec adjuvants ignifuges et anti-fongiques \u2013 antibact\u00e9riens (1%), ce produit class\u00e9 A+ et dot\u00e9 d\u2019un agr\u00e9ment ACERMI offre d\u2019excellentes performances thermiques et acoustiques. Cet isolant se distingue par sa facilit\u00e9 de pose et son excellent confort\u00a0 acoustique.\" \/>\n<meta name=\"robots\" content=\"noindex, follow\" \/>\n<meta property=\"og:locale\" content=\"fr_FR\" \/>\n<meta property=\"og:type\" content=\"article\" \/>\n<meta property=\"og:title\" content=\"Panneau de coton recycl\u00e9 semi-rigide M+ METISSE (St Michel\/Orge)\" \/>\n<meta property=\"og:description\" content=\"Compos\u00e9 \u00e0 85% de fibres textiles recycl\u00e9es (70% de coton minimum) et \u00e0 15% de liant polyester, avec traitement \u00e0 coeur avec adjuvants ignifuges et anti-fongiques \u2013 antibact\u00e9riens (1%), ce produit class\u00e9 A+ et dot\u00e9 d\u2019un agr\u00e9ment ACERMI offre d\u2019excellentes performances thermiques et acoustiques. Cet isolant se distingue par sa facilit\u00e9 de pose et son excellent confort\u00a0 acoustique.\" \/>\n<meta property=\"og:url\" content=\"https:\/\/nature-et-developpement.com\/bem\/produit\/panneau-de-coton-recycle-semi-rigide-m-metisse-st-michelorge\/\" \/>\n<meta property=\"og:site_name\" content=\"Bien-\u00catre Mat\u00e9riaux\" \/>\n<meta property=\"article:modified_time\" content=\"2026-02-12T09:48:39+00:00\" \/>\n<meta property=\"og:image\" content=\"https:\/\/nature-et-developpement.com\/bem\/wp-content\/uploads\/sites\/17\/2019\/08\/26371-Panneau-de-coton-recycle-semi-rigide-Metisse-M.jpg\" \/>\n\t<meta property=\"og:image:width\" content=\"800\" \/>\n\t<meta property=\"og:image:height\" content=\"800\" \/>\n\t<meta property=\"og:image:type\" content=\"image\/jpeg\" \/>\n<meta name=\"twitter:card\" content=\"summary_large_image\" \/>\n<meta name=\"twitter:label1\" content=\"Dur\u00e9e de lecture estim\u00e9e\" \/>\n\t<meta name=\"twitter:data1\" content=\"2 minutes\" \/>\n<script type=\"application\/ld+json\" class=\"yoast-schema-graph\">{\"@context\":\"https:\\\/\\\/schema.org\",\"@graph\":[{\"@type\":\"WebPage\",\"@id\":\"https:\\\/\\\/nature-et-developpement.com\\\/bem\\\/produit\\\/panneau-de-coton-recycle-semi-rigide-m-metisse-st-michelorge\\\/\",\"url\":\"https:\\\/\\\/nature-et-developpement.com\\\/bem\\\/produit\\\/panneau-de-coton-recycle-semi-rigide-m-metisse-st-michelorge\\\/\",\"name\":\"Panneau de coton recycl\u00e9 semi-rigide M+ METISSE (St Michel\\\/Orge)\",\"isPartOf\":{\"@id\":\"https:\\\/\\\/nature-et-developpement.com\\\/bem\\\/#website\"},\"primaryImageOfPage\":{\"@id\":\"https:\\\/\\\/nature-et-developpement.com\\\/bem\\\/produit\\\/panneau-de-coton-recycle-semi-rigide-m-metisse-st-michelorge\\\/#primaryimage\"},\"image\":{\"@id\":\"https:\\\/\\\/nature-et-developpement.com\\\/bem\\\/produit\\\/panneau-de-coton-recycle-semi-rigide-m-metisse-st-michelorge\\\/#primaryimage\"},\"thumbnailUrl\":\"https:\\\/\\\/nature-et-developpement.com\\\/bem\\\/wp-content\\\/uploads\\\/sites\\\/17\\\/2019\\\/08\\\/26371-Panneau-de-coton-recycle-semi-rigide-Metisse-M.jpg\",\"datePublished\":\"2019-08-07T14:52:10+00:00\",\"dateModified\":\"2026-02-12T09:48:39+00:00\",\"description\":\"Compos\u00e9 \u00e0 85% de fibres textiles recycl\u00e9es (70% de coton minimum) et \u00e0 15% de liant polyester, avec traitement \u00e0 coeur avec adjuvants ignifuges et anti-fongiques \u2013 antibact\u00e9riens (1%), ce produit class\u00e9 A+ et dot\u00e9 d\u2019un agr\u00e9ment ACERMI offre d\u2019excellentes performances thermiques et acoustiques. Cet isolant se distingue par sa facilit\u00e9 de pose et son excellent confort\u00a0 acoustique.\",\"breadcrumb\":{\"@id\":\"https:\\\/\\\/nature-et-developpement.com\\\/bem\\\/produit\\\/panneau-de-coton-recycle-semi-rigide-m-metisse-st-michelorge\\\/#breadcrumb\"},\"inLanguage\":\"fr-FR\",\"potentialAction\":[{\"@type\":\"ReadAction\",\"target\":[\"https:\\\/\\\/nature-et-developpement.com\\\/bem\\\/produit\\\/panneau-de-coton-recycle-semi-rigide-m-metisse-st-michelorge\\\/\"]}]},{\"@type\":\"ImageObject\",\"inLanguage\":\"fr-FR\",\"@id\":\"https:\\\/\\\/nature-et-developpement.com\\\/bem\\\/produit\\\/panneau-de-coton-recycle-semi-rigide-m-metisse-st-michelorge\\\/#primaryimage\",\"url\":\"https:\\\/\\\/nature-et-developpement.com\\\/bem\\\/wp-content\\\/uploads\\\/sites\\\/17\\\/2019\\\/08\\\/26371-Panneau-de-coton-recycle-semi-rigide-Metisse-M.jpg\",\"contentUrl\":\"https:\\\/\\\/nature-et-developpement.com\\\/bem\\\/wp-content\\\/uploads\\\/sites\\\/17\\\/2019\\\/08\\\/26371-Panneau-de-coton-recycle-semi-rigide-Metisse-M.jpg\",\"width\":800,\"height\":800,\"caption\":\"Panneau de coton recycl\u00e9 semi-rigide M\u00e9tisse M+\"},{\"@type\":\"BreadcrumbList\",\"@id\":\"https:\\\/\\\/nature-et-developpement.com\\\/bem\\\/produit\\\/panneau-de-coton-recycle-semi-rigide-m-metisse-st-michelorge\\\/#breadcrumb\",\"itemListElement\":[{\"@type\":\"ListItem\",\"position\":1,\"name\":\"Accueil\",\"item\":\"https:\\\/\\\/nature-et-developpement.com\\\/bem\\\/\"},{\"@type\":\"ListItem\",\"position\":2,\"name\":\"Produits\",\"item\":\"https:\\\/\\\/nature-et-developpement.com\\\/bem\\\/shop\\\/\"},{\"@type\":\"ListItem\",\"position\":3,\"name\":\"Isolation et \u00e9tanch\u00e9it\u00e9\",\"item\":\"https:\\\/\\\/nature-et-developpement.com\\\/bem\\\/produits\\\/isolation-et-etancheite\\\/\"},{\"@type\":\"ListItem\",\"position\":4,\"name\":\"ISOLANTS ECOLOGIQUES\",\"item\":\"https:\\\/\\\/nature-et-developpement.com\\\/bem\\\/produits\\\/isolation-et-etancheite\\\/isolant-naturel\\\/\"},{\"@type\":\"ListItem\",\"position\":5,\"name\":\"Panneau de coton recycl\u00e9 semi-rigide M+ METISSE (St Michel\\\/Orge)\"}]},{\"@type\":\"WebSite\",\"@id\":\"https:\\\/\\\/nature-et-developpement.com\\\/bem\\\/#website\",\"url\":\"https:\\\/\\\/nature-et-developpement.com\\\/bem\\\/\",\"name\":\"Bien-\u00catre Mat\u00e9riaux\",\"description\":\"Bien-Etre Mat\u00e9riaux est membre du groupement Nature &amp; D\u00e9veloppement\",\"potentialAction\":[{\"@type\":\"SearchAction\",\"target\":{\"@type\":\"EntryPoint\",\"urlTemplate\":\"https:\\\/\\\/nature-et-developpement.com\\\/bem\\\/?s={search_term_string}\"},\"query-input\":{\"@type\":\"PropertyValueSpecification\",\"valueRequired\":true,\"valueName\":\"search_term_string\"}}],\"inLanguage\":\"fr-FR\"}]}<\/script>\n<!-- \/ Yoast SEO plugin. -->","yoast_head_json":{"title":"Panneau de coton recycl\u00e9 semi-rigide M+ METISSE (St Michel\/Orge)","description":"Compos\u00e9 \u00e0 85% de fibres textiles recycl\u00e9es (70% de coton minimum) et \u00e0 15% de liant polyester, avec traitement \u00e0 coeur avec adjuvants ignifuges et anti-fongiques \u2013 antibact\u00e9riens (1%), ce produit class\u00e9 A+ et dot\u00e9 d\u2019un agr\u00e9ment ACERMI offre d\u2019excellentes performances thermiques et acoustiques. Cet isolant se distingue par sa facilit\u00e9 de pose et son excellent confort\u00a0 acoustique.","robots":{"index":"noindex","follow":"follow"},"og_locale":"fr_FR","og_type":"article","og_title":"Panneau de coton recycl\u00e9 semi-rigide M+ METISSE (St Michel\/Orge)","og_description":"Compos\u00e9 \u00e0 85% de fibres textiles recycl\u00e9es (70% de coton minimum) et \u00e0 15% de liant polyester, avec traitement \u00e0 coeur avec adjuvants ignifuges et anti-fongiques \u2013 antibact\u00e9riens (1%), ce produit class\u00e9 A+ et dot\u00e9 d\u2019un agr\u00e9ment ACERMI offre d\u2019excellentes performances thermiques et acoustiques. Cet isolant se distingue par sa facilit\u00e9 de pose et son excellent confort\u00a0 acoustique.","og_url":"https:\/\/nature-et-developpement.com\/bem\/produit\/panneau-de-coton-recycle-semi-rigide-m-metisse-st-michelorge\/","og_site_name":"Bien-\u00catre Mat\u00e9riaux","article_modified_time":"2026-02-12T09:48:39+00:00","og_image":[{"width":800,"height":800,"url":"https:\/\/nature-et-developpement.com\/bem\/wp-content\/uploads\/sites\/17\/2019\/08\/26371-Panneau-de-coton-recycle-semi-rigide-Metisse-M.jpg","type":"image\/jpeg"}],"twitter_card":"summary_large_image","twitter_misc":{"Dur\u00e9e de lecture estim\u00e9e":"2 minutes"},"schema":{"@context":"https:\/\/schema.org","@graph":[{"@type":"WebPage","@id":"https:\/\/nature-et-developpement.com\/bem\/produit\/panneau-de-coton-recycle-semi-rigide-m-metisse-st-michelorge\/","url":"https:\/\/nature-et-developpement.com\/bem\/produit\/panneau-de-coton-recycle-semi-rigide-m-metisse-st-michelorge\/","name":"Panneau de coton recycl\u00e9 semi-rigide M+ METISSE (St Michel\/Orge)","isPartOf":{"@id":"https:\/\/nature-et-developpement.com\/bem\/#website"},"primaryImageOfPage":{"@id":"https:\/\/nature-et-developpement.com\/bem\/produit\/panneau-de-coton-recycle-semi-rigide-m-metisse-st-michelorge\/#primaryimage"},"image":{"@id":"https:\/\/nature-et-developpement.com\/bem\/produit\/panneau-de-coton-recycle-semi-rigide-m-metisse-st-michelorge\/#primaryimage"},"thumbnailUrl":"https:\/\/nature-et-developpement.com\/bem\/wp-content\/uploads\/sites\/17\/2019\/08\/26371-Panneau-de-coton-recycle-semi-rigide-Metisse-M.jpg","datePublished":"2019-08-07T14:52:10+00:00","dateModified":"2026-02-12T09:48:39+00:00","description":"Compos\u00e9 \u00e0 85% de fibres textiles recycl\u00e9es (70% de coton minimum) et \u00e0 15% de liant polyester, avec traitement \u00e0 coeur avec adjuvants ignifuges et anti-fongiques \u2013 antibact\u00e9riens (1%), ce produit class\u00e9 A+ et dot\u00e9 d\u2019un agr\u00e9ment ACERMI offre d\u2019excellentes performances thermiques et acoustiques. Cet isolant se distingue par sa facilit\u00e9 de pose et son excellent confort\u00a0 acoustique.","breadcrumb":{"@id":"https:\/\/nature-et-developpement.com\/bem\/produit\/panneau-de-coton-recycle-semi-rigide-m-metisse-st-michelorge\/#breadcrumb"},"inLanguage":"fr-FR","potentialAction":[{"@type":"ReadAction","target":["https:\/\/nature-et-developpement.com\/bem\/produit\/panneau-de-coton-recycle-semi-rigide-m-metisse-st-michelorge\/"]}]},{"@type":"ImageObject","inLanguage":"fr-FR","@id":"https:\/\/nature-et-developpement.com\/bem\/produit\/panneau-de-coton-recycle-semi-rigide-m-metisse-st-michelorge\/#primaryimage","url":"https:\/\/nature-et-developpement.com\/bem\/wp-content\/uploads\/sites\/17\/2019\/08\/26371-Panneau-de-coton-recycle-semi-rigide-Metisse-M.jpg","contentUrl":"https:\/\/nature-et-developpement.com\/bem\/wp-content\/uploads\/sites\/17\/2019\/08\/26371-Panneau-de-coton-recycle-semi-rigide-Metisse-M.jpg","width":800,"height":800,"caption":"Panneau de coton recycl\u00e9 semi-rigide M\u00e9tisse M+"},{"@type":"BreadcrumbList","@id":"https:\/\/nature-et-developpement.com\/bem\/produit\/panneau-de-coton-recycle-semi-rigide-m-metisse-st-michelorge\/#breadcrumb","itemListElement":[{"@type":"ListItem","position":1,"name":"Accueil","item":"https:\/\/nature-et-developpement.com\/bem\/"},{"@type":"ListItem","position":2,"name":"Produits","item":"https:\/\/nature-et-developpement.com\/bem\/shop\/"},{"@type":"ListItem","position":3,"name":"Isolation et \u00e9tanch\u00e9it\u00e9","item":"https:\/\/nature-et-developpement.com\/bem\/produits\/isolation-et-etancheite\/"},{"@type":"ListItem","position":4,"name":"ISOLANTS ECOLOGIQUES","item":"https:\/\/nature-et-developpement.com\/bem\/produits\/isolation-et-etancheite\/isolant-naturel\/"},{"@type":"ListItem","position":5,"name":"Panneau de coton recycl\u00e9 semi-rigide M+ METISSE (St Michel\/Orge)"}]},{"@type":"WebSite","@id":"https:\/\/nature-et-developpement.com\/bem\/#website","url":"https:\/\/nature-et-developpement.com\/bem\/","name":"Bien-\u00catre Mat\u00e9riaux","description":"Bien-Etre Mat\u00e9riaux est membre du groupement Nature &amp; D\u00e9veloppement","potentialAction":[{"@type":"SearchAction","target":{"@type":"EntryPoint","urlTemplate":"https:\/\/nature-et-developpement.com\/bem\/?s={search_term_string}"},"query-input":{"@type":"PropertyValueSpecification","valueRequired":true,"valueName":"search_term_string"}}],"inLanguage":"fr-FR"}]}},"distributor_meta":false,"distributor_terms":false,"distributor_media":false,"distributor_original_site_name":"Bien-\u00catre Mat\u00e9riaux","distributor_original_site_url":"https:\/\/nature-et-developpement.com\/bem","push-errors":false,"_links":{"self":[{"href":"https:\/\/nature-et-developpement.com\/bem\/wp-json\/wp\/v2\/product\/12965","targetHints":{"allow":["GET"]}}],"collection":[{"href":"https:\/\/nature-et-developpement.com\/bem\/wp-json\/wp\/v2\/product"}],"about":[{"href":"https:\/\/nature-et-developpement.com\/bem\/wp-json\/wp\/v2\/types\/product"}],"wp:featuredmedia":[{"embeddable":true,"href":"https:\/\/nature-et-developpement.com\/bem\/wp-json\/wp\/v2\/media\/12964"}],"wp:attachment":[{"href":"https:\/\/nature-et-developpement.com\/bem\/wp-json\/wp\/v2\/media?parent=12965"}],"wp:term":[{"taxonomy":"product_brand","embeddable":true,"href":"https:\/\/nature-et-developpement.com\/bem\/wp-json\/wp\/v2\/product_brand?post=12965"},{"taxonomy":"product_cat","embeddable":true,"href":"https:\/\/nature-et-developpement.com\/bem\/wp-json\/wp\/v2\/product_cat?post=12965"},{"taxonomy":"product_tag","embeddable":true,"href":"https:\/\/nature-et-developpement.com\/bem\/wp-json\/wp\/v2\/product_tag?post=12965"}],"curies":[{"name":"wp","href":"https:\/\/api.w.org\/{rel}","templated":true}]}}