{"id":12968,"date":"2019-08-07T16:52:11","date_gmt":"2019-08-07T14:52:11","guid":{"rendered":"https:\/\/nature-et-developpement.com\/bem\/produit\/panneau-de-coton-recycle-semi-rigide-metisse-eko-ma\/"},"modified":"2026-02-12T10:48:38","modified_gmt":"2026-02-12T09:48:38","slug":"panneau-de-coton-recycle-semi-rigide-metisse-eko-ma","status":"publish","type":"product","link":"https:\/\/nature-et-developpement.com\/bem\/produit\/panneau-de-coton-recycle-semi-rigide-metisse-eko-ma\/","title":{"rendered":"Panneau de coton recycl\u00e9 EKO MA+ METISSE (St Michel\/Orge)"},"content":{"rendered":"<p>Adapt\u00e9 \u00e0 toutes les applications (ITE, murs, sous-toitures, combles, planchers, contre-cloisons), il est particuli\u00e8rement indiqu\u00e9 en cloisons de distribution pour sa performance phonique, et en doublage du b\u00e9ton cellulaire. Les panneaux offrent une tr\u00e8s grand compressibilit\u00e9 (10 mm environ) et peuvent \u00eatre \u00e9tir\u00e9s d\u2019au moins 5 mm.<\/p>\n","protected":false},"excerpt":{"rendered":"<p>Compos\u00e9 \u00e0 85% de fibres textiles recycl\u00e9es (70% de coton minimum) et \u00e0 15% de liant polyester, avec traitement \u00e0 coeur avec adjuvants ignifuges et anti-fongiques \u2013 antibact\u00e9riens (1%), ce produit class\u00e9 A+ et dot\u00e9 d\u2019un agr\u00e9ment ACERMI offre d\u2019excellentes performances thermiques et acoustiques. Cet isolant se distingue par sa facilit\u00e9 de pose et son excellent confort\u00a0 acoustique.<\/p>\n","protected":false},"featured_media":12967,"template":"","meta":[],"product_brand":[8971,8797],"product_cat":[8738,83],"product_tag":[],"class_list":{"0":"post-12968","1":"product","2":"type-product","3":"status-publish","4":"has-post-thumbnail","6":"product_brand-le-relais-metisse","7":"product_brand-produits-bem","8":"product_cat-demande-de-devis-uniquement-sans-prix","9":"product_cat-isolants-ecologiques","11":"first","12":"instock","13":"taxable","14":"shipping-taxable","15":"purchasable","16":"product-type-simple"},"yoast_head":"<!-- This site is optimized with the Yoast SEO plugin v27.5 - https:\/\/yoast.com\/product\/yoast-seo-wordpress\/ -->\n<title>Panneau de coton recycl\u00e9 EKO MA+ METISSE (St Michel\/Orge)<\/title>\n<meta name=\"description\" content=\"Compos\u00e9 \u00e0 85% de fibres textiles recycl\u00e9es (70% de coton minimum) et \u00e0 15% de liant polyester, avec traitement \u00e0 coeur avec adjuvants ignifuges et anti-fongiques \u2013 antibact\u00e9riens (1%), ce produit class\u00e9 A+ et dot\u00e9 d\u2019un agr\u00e9ment ACERMI offre d\u2019excellentes performances thermiques et acoustiques. Cet isolant se distingue par sa facilit\u00e9 de pose et son excellent confort\u00a0 acoustique.\" \/>\n<meta name=\"robots\" content=\"noindex, follow\" \/>\n<meta property=\"og:locale\" content=\"fr_FR\" \/>\n<meta property=\"og:type\" content=\"article\" \/>\n<meta property=\"og:title\" content=\"Panneau de coton recycl\u00e9 EKO MA+ METISSE (St Michel\/Orge)\" \/>\n<meta property=\"og:description\" content=\"Compos\u00e9 \u00e0 85% de fibres textiles recycl\u00e9es (70% de coton minimum) et \u00e0 15% de liant polyester, avec traitement \u00e0 coeur avec adjuvants ignifuges et anti-fongiques \u2013 antibact\u00e9riens (1%), ce produit class\u00e9 A+ et dot\u00e9 d\u2019un agr\u00e9ment ACERMI offre d\u2019excellentes performances thermiques et acoustiques. Cet isolant se distingue par sa facilit\u00e9 de pose et son excellent confort\u00a0 acoustique.\" \/>\n<meta property=\"og:url\" content=\"https:\/\/nature-et-developpement.com\/bem\/produit\/panneau-de-coton-recycle-semi-rigide-metisse-eko-ma\/\" \/>\n<meta property=\"og:site_name\" content=\"Bien-\u00catre Mat\u00e9riaux\" \/>\n<meta property=\"article:modified_time\" content=\"2026-02-12T09:48:38+00:00\" \/>\n<meta property=\"og:image\" content=\"https:\/\/nature-et-developpement.com\/bem\/wp-content\/uploads\/sites\/17\/2019\/08\/26395-Panneau-de-coton-recycle-semi-rigide-Metisse-Eko-MA.jpg\" \/>\n\t<meta property=\"og:image:width\" content=\"800\" \/>\n\t<meta property=\"og:image:height\" content=\"800\" \/>\n\t<meta property=\"og:image:type\" content=\"image\/jpeg\" \/>\n<meta name=\"twitter:card\" content=\"summary_large_image\" \/>\n<script type=\"application\/ld+json\" class=\"yoast-schema-graph\">{\"@context\":\"https:\\\/\\\/schema.org\",\"@graph\":[{\"@type\":\"WebPage\",\"@id\":\"https:\\\/\\\/nature-et-developpement.com\\\/bem\\\/produit\\\/panneau-de-coton-recycle-semi-rigide-metisse-eko-ma\\\/\",\"url\":\"https:\\\/\\\/nature-et-developpement.com\\\/bem\\\/produit\\\/panneau-de-coton-recycle-semi-rigide-metisse-eko-ma\\\/\",\"name\":\"Panneau de coton recycl\u00e9 EKO MA+ METISSE (St Michel\\\/Orge)\",\"isPartOf\":{\"@id\":\"https:\\\/\\\/nature-et-developpement.com\\\/bem\\\/#website\"},\"primaryImageOfPage\":{\"@id\":\"https:\\\/\\\/nature-et-developpement.com\\\/bem\\\/produit\\\/panneau-de-coton-recycle-semi-rigide-metisse-eko-ma\\\/#primaryimage\"},\"image\":{\"@id\":\"https:\\\/\\\/nature-et-developpement.com\\\/bem\\\/produit\\\/panneau-de-coton-recycle-semi-rigide-metisse-eko-ma\\\/#primaryimage\"},\"thumbnailUrl\":\"https:\\\/\\\/nature-et-developpement.com\\\/bem\\\/wp-content\\\/uploads\\\/sites\\\/17\\\/2019\\\/08\\\/26395-Panneau-de-coton-recycle-semi-rigide-Metisse-Eko-MA.jpg\",\"datePublished\":\"2019-08-07T14:52:11+00:00\",\"dateModified\":\"2026-02-12T09:48:38+00:00\",\"description\":\"Compos\u00e9 \u00e0 85% de fibres textiles recycl\u00e9es (70% de coton minimum) et \u00e0 15% de liant polyester, avec traitement \u00e0 coeur avec adjuvants ignifuges et anti-fongiques \u2013 antibact\u00e9riens (1%), ce produit class\u00e9 A+ et dot\u00e9 d\u2019un agr\u00e9ment ACERMI offre d\u2019excellentes performances thermiques et acoustiques. Cet isolant se distingue par sa facilit\u00e9 de pose et son excellent confort\u00a0 acoustique.\",\"breadcrumb\":{\"@id\":\"https:\\\/\\\/nature-et-developpement.com\\\/bem\\\/produit\\\/panneau-de-coton-recycle-semi-rigide-metisse-eko-ma\\\/#breadcrumb\"},\"inLanguage\":\"fr-FR\",\"potentialAction\":[{\"@type\":\"ReadAction\",\"target\":[\"https:\\\/\\\/nature-et-developpement.com\\\/bem\\\/produit\\\/panneau-de-coton-recycle-semi-rigide-metisse-eko-ma\\\/\"]}]},{\"@type\":\"ImageObject\",\"inLanguage\":\"fr-FR\",\"@id\":\"https:\\\/\\\/nature-et-developpement.com\\\/bem\\\/produit\\\/panneau-de-coton-recycle-semi-rigide-metisse-eko-ma\\\/#primaryimage\",\"url\":\"https:\\\/\\\/nature-et-developpement.com\\\/bem\\\/wp-content\\\/uploads\\\/sites\\\/17\\\/2019\\\/08\\\/26395-Panneau-de-coton-recycle-semi-rigide-Metisse-Eko-MA.jpg\",\"contentUrl\":\"https:\\\/\\\/nature-et-developpement.com\\\/bem\\\/wp-content\\\/uploads\\\/sites\\\/17\\\/2019\\\/08\\\/26395-Panneau-de-coton-recycle-semi-rigide-Metisse-Eko-MA.jpg\",\"width\":800,\"height\":800,\"caption\":\"Panneau de coton recycl\u00e9 semi-rigide M\u00e9tisse Eko MA+\"},{\"@type\":\"BreadcrumbList\",\"@id\":\"https:\\\/\\\/nature-et-developpement.com\\\/bem\\\/produit\\\/panneau-de-coton-recycle-semi-rigide-metisse-eko-ma\\\/#breadcrumb\",\"itemListElement\":[{\"@type\":\"ListItem\",\"position\":1,\"name\":\"Accueil\",\"item\":\"https:\\\/\\\/nature-et-developpement.com\\\/bem\\\/\"},{\"@type\":\"ListItem\",\"position\":2,\"name\":\"Produits\",\"item\":\"https:\\\/\\\/nature-et-developpement.com\\\/bem\\\/shop\\\/\"},{\"@type\":\"ListItem\",\"position\":3,\"name\":\"Isolation et \u00e9tanch\u00e9it\u00e9\",\"item\":\"https:\\\/\\\/nature-et-developpement.com\\\/bem\\\/produits\\\/isolation-et-etancheite\\\/\"},{\"@type\":\"ListItem\",\"position\":4,\"name\":\"ISOLANTS ECOLOGIQUES\",\"item\":\"https:\\\/\\\/nature-et-developpement.com\\\/bem\\\/produits\\\/isolation-et-etancheite\\\/isolant-naturel\\\/\"},{\"@type\":\"ListItem\",\"position\":5,\"name\":\"Panneau de coton recycl\u00e9 EKO MA+ METISSE (St Michel\\\/Orge)\"}]},{\"@type\":\"WebSite\",\"@id\":\"https:\\\/\\\/nature-et-developpement.com\\\/bem\\\/#website\",\"url\":\"https:\\\/\\\/nature-et-developpement.com\\\/bem\\\/\",\"name\":\"Bien-\u00catre Mat\u00e9riaux\",\"description\":\"Bien-Etre Mat\u00e9riaux est membre du groupement Nature &amp; D\u00e9veloppement\",\"potentialAction\":[{\"@type\":\"SearchAction\",\"target\":{\"@type\":\"EntryPoint\",\"urlTemplate\":\"https:\\\/\\\/nature-et-developpement.com\\\/bem\\\/?s={search_term_string}\"},\"query-input\":{\"@type\":\"PropertyValueSpecification\",\"valueRequired\":true,\"valueName\":\"search_term_string\"}}],\"inLanguage\":\"fr-FR\"}]}<\/script>\n<!-- \/ Yoast SEO plugin. -->","yoast_head_json":{"title":"Panneau de coton recycl\u00e9 EKO MA+ METISSE (St Michel\/Orge)","description":"Compos\u00e9 \u00e0 85% de fibres textiles recycl\u00e9es (70% de coton minimum) et \u00e0 15% de liant polyester, avec traitement \u00e0 coeur avec adjuvants ignifuges et anti-fongiques \u2013 antibact\u00e9riens (1%), ce produit class\u00e9 A+ et dot\u00e9 d\u2019un agr\u00e9ment ACERMI offre d\u2019excellentes performances thermiques et acoustiques. Cet isolant se distingue par sa facilit\u00e9 de pose et son excellent confort\u00a0 acoustique.","robots":{"index":"noindex","follow":"follow"},"og_locale":"fr_FR","og_type":"article","og_title":"Panneau de coton recycl\u00e9 EKO MA+ METISSE (St Michel\/Orge)","og_description":"Compos\u00e9 \u00e0 85% de fibres textiles recycl\u00e9es (70% de coton minimum) et \u00e0 15% de liant polyester, avec traitement \u00e0 coeur avec adjuvants ignifuges et anti-fongiques \u2013 antibact\u00e9riens (1%), ce produit class\u00e9 A+ et dot\u00e9 d\u2019un agr\u00e9ment ACERMI offre d\u2019excellentes performances thermiques et acoustiques. Cet isolant se distingue par sa facilit\u00e9 de pose et son excellent confort\u00a0 acoustique.","og_url":"https:\/\/nature-et-developpement.com\/bem\/produit\/panneau-de-coton-recycle-semi-rigide-metisse-eko-ma\/","og_site_name":"Bien-\u00catre Mat\u00e9riaux","article_modified_time":"2026-02-12T09:48:38+00:00","og_image":[{"width":800,"height":800,"url":"https:\/\/nature-et-developpement.com\/bem\/wp-content\/uploads\/sites\/17\/2019\/08\/26395-Panneau-de-coton-recycle-semi-rigide-Metisse-Eko-MA.jpg","type":"image\/jpeg"}],"twitter_card":"summary_large_image","schema":{"@context":"https:\/\/schema.org","@graph":[{"@type":"WebPage","@id":"https:\/\/nature-et-developpement.com\/bem\/produit\/panneau-de-coton-recycle-semi-rigide-metisse-eko-ma\/","url":"https:\/\/nature-et-developpement.com\/bem\/produit\/panneau-de-coton-recycle-semi-rigide-metisse-eko-ma\/","name":"Panneau de coton recycl\u00e9 EKO MA+ METISSE (St Michel\/Orge)","isPartOf":{"@id":"https:\/\/nature-et-developpement.com\/bem\/#website"},"primaryImageOfPage":{"@id":"https:\/\/nature-et-developpement.com\/bem\/produit\/panneau-de-coton-recycle-semi-rigide-metisse-eko-ma\/#primaryimage"},"image":{"@id":"https:\/\/nature-et-developpement.com\/bem\/produit\/panneau-de-coton-recycle-semi-rigide-metisse-eko-ma\/#primaryimage"},"thumbnailUrl":"https:\/\/nature-et-developpement.com\/bem\/wp-content\/uploads\/sites\/17\/2019\/08\/26395-Panneau-de-coton-recycle-semi-rigide-Metisse-Eko-MA.jpg","datePublished":"2019-08-07T14:52:11+00:00","dateModified":"2026-02-12T09:48:38+00:00","description":"Compos\u00e9 \u00e0 85% de fibres textiles recycl\u00e9es (70% de coton minimum) et \u00e0 15% de liant polyester, avec traitement \u00e0 coeur avec adjuvants ignifuges et anti-fongiques \u2013 antibact\u00e9riens (1%), ce produit class\u00e9 A+ et dot\u00e9 d\u2019un agr\u00e9ment ACERMI offre d\u2019excellentes performances thermiques et acoustiques. Cet isolant se distingue par sa facilit\u00e9 de pose et son excellent confort\u00a0 acoustique.","breadcrumb":{"@id":"https:\/\/nature-et-developpement.com\/bem\/produit\/panneau-de-coton-recycle-semi-rigide-metisse-eko-ma\/#breadcrumb"},"inLanguage":"fr-FR","potentialAction":[{"@type":"ReadAction","target":["https:\/\/nature-et-developpement.com\/bem\/produit\/panneau-de-coton-recycle-semi-rigide-metisse-eko-ma\/"]}]},{"@type":"ImageObject","inLanguage":"fr-FR","@id":"https:\/\/nature-et-developpement.com\/bem\/produit\/panneau-de-coton-recycle-semi-rigide-metisse-eko-ma\/#primaryimage","url":"https:\/\/nature-et-developpement.com\/bem\/wp-content\/uploads\/sites\/17\/2019\/08\/26395-Panneau-de-coton-recycle-semi-rigide-Metisse-Eko-MA.jpg","contentUrl":"https:\/\/nature-et-developpement.com\/bem\/wp-content\/uploads\/sites\/17\/2019\/08\/26395-Panneau-de-coton-recycle-semi-rigide-Metisse-Eko-MA.jpg","width":800,"height":800,"caption":"Panneau de coton recycl\u00e9 semi-rigide M\u00e9tisse Eko MA+"},{"@type":"BreadcrumbList","@id":"https:\/\/nature-et-developpement.com\/bem\/produit\/panneau-de-coton-recycle-semi-rigide-metisse-eko-ma\/#breadcrumb","itemListElement":[{"@type":"ListItem","position":1,"name":"Accueil","item":"https:\/\/nature-et-developpement.com\/bem\/"},{"@type":"ListItem","position":2,"name":"Produits","item":"https:\/\/nature-et-developpement.com\/bem\/shop\/"},{"@type":"ListItem","position":3,"name":"Isolation et \u00e9tanch\u00e9it\u00e9","item":"https:\/\/nature-et-developpement.com\/bem\/produits\/isolation-et-etancheite\/"},{"@type":"ListItem","position":4,"name":"ISOLANTS ECOLOGIQUES","item":"https:\/\/nature-et-developpement.com\/bem\/produits\/isolation-et-etancheite\/isolant-naturel\/"},{"@type":"ListItem","position":5,"name":"Panneau de coton recycl\u00e9 EKO MA+ METISSE (St Michel\/Orge)"}]},{"@type":"WebSite","@id":"https:\/\/nature-et-developpement.com\/bem\/#website","url":"https:\/\/nature-et-developpement.com\/bem\/","name":"Bien-\u00catre Mat\u00e9riaux","description":"Bien-Etre Mat\u00e9riaux est membre du groupement Nature &amp; D\u00e9veloppement","potentialAction":[{"@type":"SearchAction","target":{"@type":"EntryPoint","urlTemplate":"https:\/\/nature-et-developpement.com\/bem\/?s={search_term_string}"},"query-input":{"@type":"PropertyValueSpecification","valueRequired":true,"valueName":"search_term_string"}}],"inLanguage":"fr-FR"}]}},"distributor_meta":false,"distributor_terms":false,"distributor_media":false,"distributor_original_site_name":"Bien-\u00catre Mat\u00e9riaux","distributor_original_site_url":"https:\/\/nature-et-developpement.com\/bem","push-errors":false,"_links":{"self":[{"href":"https:\/\/nature-et-developpement.com\/bem\/wp-json\/wp\/v2\/product\/12968","targetHints":{"allow":["GET"]}}],"collection":[{"href":"https:\/\/nature-et-developpement.com\/bem\/wp-json\/wp\/v2\/product"}],"about":[{"href":"https:\/\/nature-et-developpement.com\/bem\/wp-json\/wp\/v2\/types\/product"}],"wp:featuredmedia":[{"embeddable":true,"href":"https:\/\/nature-et-developpement.com\/bem\/wp-json\/wp\/v2\/media\/12967"}],"wp:attachment":[{"href":"https:\/\/nature-et-developpement.com\/bem\/wp-json\/wp\/v2\/media?parent=12968"}],"wp:term":[{"taxonomy":"product_brand","embeddable":true,"href":"https:\/\/nature-et-developpement.com\/bem\/wp-json\/wp\/v2\/product_brand?post=12968"},{"taxonomy":"product_cat","embeddable":true,"href":"https:\/\/nature-et-developpement.com\/bem\/wp-json\/wp\/v2\/product_cat?post=12968"},{"taxonomy":"product_tag","embeddable":true,"href":"https:\/\/nature-et-developpement.com\/bem\/wp-json\/wp\/v2\/product_tag?post=12968"}],"curies":[{"name":"wp","href":"https:\/\/api.w.org\/{rel}","templated":true}]}}