{"id":12975,"date":"2019-08-07T16:52:12","date_gmt":"2019-08-07T14:52:12","guid":{"rendered":"https:\/\/nature-et-developpement.com\/bem\/produit\/lambourdes-en-chene-massif-bem\/"},"modified":"2025-06-13T17:26:28","modified_gmt":"2025-06-13T15:26:28","slug":"lambourdes-en-chene-massif-bem","status":"publish","type":"product","link":"https:\/\/nature-et-developpement.com\/bem\/produit\/lambourdes-en-chene-massif-bem\/","title":{"rendered":"Lambourdes en ch\u00eane massif (BEM)"},"content":{"rendered":"","protected":false},"excerpt":{"rendered":"<p><span>Les lambourdes que nous proposons sont en ch\u00eane massif. Usin\u00e9es dans le Loiret avec des bois provenant de 100 km alentours, elles\u00a0sont s\u00e9ch\u00e9es, d\u00e9gauchies et rabot\u00e9es, mais non trait\u00e9es.<\/span><\/p>\n","protected":false},"featured_media":12974,"template":"","meta":[],"product_brand":[8797],"product_cat":[102,597],"product_tag":[],"class_list":{"0":"post-12975","1":"product","2":"type-product","3":"status-publish","4":"has-post-thumbnail","6":"product_brand-produits-bem","7":"product_cat-construction-maison-bois","8":"product_cat-parquets-bois","10":"first","11":"instock","12":"taxable","13":"shipping-taxable","14":"purchasable","15":"product-type-variable"},"yoast_head":"<!-- This site is optimized with the Yoast SEO plugin v27.5 - https:\/\/yoast.com\/product\/yoast-seo-wordpress\/ -->\n<title>Lambourdes en ch\u00eane massif (BEM)<\/title>\n<meta name=\"description\" content=\"Les lambourdes que nous proposons sont en ch\u00eane massif. Usin\u00e9es dans le Loiret avec des bois provenant de 100 km alentours, elles\u00a0sont s\u00e9ch\u00e9es, d\u00e9gauchies et rabot\u00e9es, mais non trait\u00e9es.\" \/>\n<meta name=\"robots\" content=\"noindex, follow\" \/>\n<meta property=\"og:locale\" content=\"fr_FR\" \/>\n<meta property=\"og:type\" content=\"article\" \/>\n<meta property=\"og:title\" content=\"Lambourdes en ch\u00eane massif (BEM)\" \/>\n<meta property=\"og:description\" content=\"Les lambourdes que nous proposons sont en ch\u00eane massif. Usin\u00e9es dans le Loiret avec des bois provenant de 100 km alentours, elles\u00a0sont s\u00e9ch\u00e9es, d\u00e9gauchies et rabot\u00e9es, mais non trait\u00e9es.\" \/>\n<meta property=\"og:url\" content=\"https:\/\/nature-et-developpement.com\/bem\/produit\/lambourdes-en-chene-massif-bem\/\" \/>\n<meta property=\"og:site_name\" content=\"Bien-\u00catre Mat\u00e9riaux\" \/>\n<meta property=\"article:modified_time\" content=\"2025-06-13T15:26:28+00:00\" \/>\n<meta property=\"og:image\" content=\"https:\/\/nature-et-developpement.com\/bem\/wp-content\/uploads\/sites\/17\/2019\/08\/26388-Lambourdes-en-chene-massif.jpg\" \/>\n\t<meta property=\"og:image:width\" content=\"800\" \/>\n\t<meta property=\"og:image:height\" content=\"800\" \/>\n\t<meta property=\"og:image:type\" content=\"image\/jpeg\" \/>\n<meta name=\"twitter:card\" content=\"summary_large_image\" \/>\n<script type=\"application\/ld+json\" class=\"yoast-schema-graph\">{\"@context\":\"https:\\\/\\\/schema.org\",\"@graph\":[{\"@type\":\"WebPage\",\"@id\":\"https:\\\/\\\/nature-et-developpement.com\\\/bem\\\/produit\\\/lambourdes-en-chene-massif-bem\\\/\",\"url\":\"https:\\\/\\\/nature-et-developpement.com\\\/bem\\\/produit\\\/lambourdes-en-chene-massif-bem\\\/\",\"name\":\"Lambourdes en ch\u00eane massif (BEM)\",\"isPartOf\":{\"@id\":\"https:\\\/\\\/nature-et-developpement.com\\\/bem\\\/#website\"},\"primaryImageOfPage\":{\"@id\":\"https:\\\/\\\/nature-et-developpement.com\\\/bem\\\/produit\\\/lambourdes-en-chene-massif-bem\\\/#primaryimage\"},\"image\":{\"@id\":\"https:\\\/\\\/nature-et-developpement.com\\\/bem\\\/produit\\\/lambourdes-en-chene-massif-bem\\\/#primaryimage\"},\"thumbnailUrl\":\"https:\\\/\\\/nature-et-developpement.com\\\/bem\\\/wp-content\\\/uploads\\\/sites\\\/17\\\/2019\\\/08\\\/26388-Lambourdes-en-chene-massif.jpg\",\"datePublished\":\"2019-08-07T14:52:12+00:00\",\"dateModified\":\"2025-06-13T15:26:28+00:00\",\"description\":\"Les lambourdes que nous proposons sont en ch\u00eane massif. Usin\u00e9es dans le Loiret avec des bois provenant de 100 km alentours, elles\u00a0sont s\u00e9ch\u00e9es, d\u00e9gauchies et rabot\u00e9es, mais non trait\u00e9es.\",\"breadcrumb\":{\"@id\":\"https:\\\/\\\/nature-et-developpement.com\\\/bem\\\/produit\\\/lambourdes-en-chene-massif-bem\\\/#breadcrumb\"},\"inLanguage\":\"fr-FR\",\"potentialAction\":[{\"@type\":\"ReadAction\",\"target\":[\"https:\\\/\\\/nature-et-developpement.com\\\/bem\\\/produit\\\/lambourdes-en-chene-massif-bem\\\/\"]}]},{\"@type\":\"ImageObject\",\"inLanguage\":\"fr-FR\",\"@id\":\"https:\\\/\\\/nature-et-developpement.com\\\/bem\\\/produit\\\/lambourdes-en-chene-massif-bem\\\/#primaryimage\",\"url\":\"https:\\\/\\\/nature-et-developpement.com\\\/bem\\\/wp-content\\\/uploads\\\/sites\\\/17\\\/2019\\\/08\\\/26388-Lambourdes-en-chene-massif.jpg\",\"contentUrl\":\"https:\\\/\\\/nature-et-developpement.com\\\/bem\\\/wp-content\\\/uploads\\\/sites\\\/17\\\/2019\\\/08\\\/26388-Lambourdes-en-chene-massif.jpg\",\"width\":800,\"height\":800,\"caption\":\"Lambourdes en ch\u00eane massif\"},{\"@type\":\"BreadcrumbList\",\"@id\":\"https:\\\/\\\/nature-et-developpement.com\\\/bem\\\/produit\\\/lambourdes-en-chene-massif-bem\\\/#breadcrumb\",\"itemListElement\":[{\"@type\":\"ListItem\",\"position\":1,\"name\":\"Accueil\",\"item\":\"https:\\\/\\\/nature-et-developpement.com\\\/bem\\\/\"},{\"@type\":\"ListItem\",\"position\":2,\"name\":\"Produits\",\"item\":\"https:\\\/\\\/nature-et-developpement.com\\\/bem\\\/shop\\\/\"},{\"@type\":\"ListItem\",\"position\":3,\"name\":\"Construction, cloison et fen\u00eatres\",\"item\":\"https:\\\/\\\/nature-et-developpement.com\\\/bem\\\/produits\\\/construction\\\/\"},{\"@type\":\"ListItem\",\"position\":4,\"name\":\"Construction bois\",\"item\":\"https:\\\/\\\/nature-et-developpement.com\\\/bem\\\/produits\\\/construction\\\/construction-maison-bois\\\/\"},{\"@type\":\"ListItem\",\"position\":5,\"name\":\"Lambourdes en ch\u00eane massif (BEM)\"}]},{\"@type\":\"WebSite\",\"@id\":\"https:\\\/\\\/nature-et-developpement.com\\\/bem\\\/#website\",\"url\":\"https:\\\/\\\/nature-et-developpement.com\\\/bem\\\/\",\"name\":\"Bien-\u00catre Mat\u00e9riaux\",\"description\":\"Bien-Etre Mat\u00e9riaux est membre du groupement Nature &amp; D\u00e9veloppement\",\"potentialAction\":[{\"@type\":\"SearchAction\",\"target\":{\"@type\":\"EntryPoint\",\"urlTemplate\":\"https:\\\/\\\/nature-et-developpement.com\\\/bem\\\/?s={search_term_string}\"},\"query-input\":{\"@type\":\"PropertyValueSpecification\",\"valueRequired\":true,\"valueName\":\"search_term_string\"}}],\"inLanguage\":\"fr-FR\"}]}<\/script>\n<!-- \/ Yoast SEO plugin. -->","yoast_head_json":{"title":"Lambourdes en ch\u00eane massif (BEM)","description":"Les lambourdes que nous proposons sont en ch\u00eane massif. Usin\u00e9es dans le Loiret avec des bois provenant de 100 km alentours, elles\u00a0sont s\u00e9ch\u00e9es, d\u00e9gauchies et rabot\u00e9es, mais non trait\u00e9es.","robots":{"index":"noindex","follow":"follow"},"og_locale":"fr_FR","og_type":"article","og_title":"Lambourdes en ch\u00eane massif (BEM)","og_description":"Les lambourdes que nous proposons sont en ch\u00eane massif. Usin\u00e9es dans le Loiret avec des bois provenant de 100 km alentours, elles\u00a0sont s\u00e9ch\u00e9es, d\u00e9gauchies et rabot\u00e9es, mais non trait\u00e9es.","og_url":"https:\/\/nature-et-developpement.com\/bem\/produit\/lambourdes-en-chene-massif-bem\/","og_site_name":"Bien-\u00catre Mat\u00e9riaux","article_modified_time":"2025-06-13T15:26:28+00:00","og_image":[{"width":800,"height":800,"url":"https:\/\/nature-et-developpement.com\/bem\/wp-content\/uploads\/sites\/17\/2019\/08\/26388-Lambourdes-en-chene-massif.jpg","type":"image\/jpeg"}],"twitter_card":"summary_large_image","schema":{"@context":"https:\/\/schema.org","@graph":[{"@type":"WebPage","@id":"https:\/\/nature-et-developpement.com\/bem\/produit\/lambourdes-en-chene-massif-bem\/","url":"https:\/\/nature-et-developpement.com\/bem\/produit\/lambourdes-en-chene-massif-bem\/","name":"Lambourdes en ch\u00eane massif (BEM)","isPartOf":{"@id":"https:\/\/nature-et-developpement.com\/bem\/#website"},"primaryImageOfPage":{"@id":"https:\/\/nature-et-developpement.com\/bem\/produit\/lambourdes-en-chene-massif-bem\/#primaryimage"},"image":{"@id":"https:\/\/nature-et-developpement.com\/bem\/produit\/lambourdes-en-chene-massif-bem\/#primaryimage"},"thumbnailUrl":"https:\/\/nature-et-developpement.com\/bem\/wp-content\/uploads\/sites\/17\/2019\/08\/26388-Lambourdes-en-chene-massif.jpg","datePublished":"2019-08-07T14:52:12+00:00","dateModified":"2025-06-13T15:26:28+00:00","description":"Les lambourdes que nous proposons sont en ch\u00eane massif. Usin\u00e9es dans le Loiret avec des bois provenant de 100 km alentours, elles\u00a0sont s\u00e9ch\u00e9es, d\u00e9gauchies et rabot\u00e9es, mais non trait\u00e9es.","breadcrumb":{"@id":"https:\/\/nature-et-developpement.com\/bem\/produit\/lambourdes-en-chene-massif-bem\/#breadcrumb"},"inLanguage":"fr-FR","potentialAction":[{"@type":"ReadAction","target":["https:\/\/nature-et-developpement.com\/bem\/produit\/lambourdes-en-chene-massif-bem\/"]}]},{"@type":"ImageObject","inLanguage":"fr-FR","@id":"https:\/\/nature-et-developpement.com\/bem\/produit\/lambourdes-en-chene-massif-bem\/#primaryimage","url":"https:\/\/nature-et-developpement.com\/bem\/wp-content\/uploads\/sites\/17\/2019\/08\/26388-Lambourdes-en-chene-massif.jpg","contentUrl":"https:\/\/nature-et-developpement.com\/bem\/wp-content\/uploads\/sites\/17\/2019\/08\/26388-Lambourdes-en-chene-massif.jpg","width":800,"height":800,"caption":"Lambourdes en ch\u00eane massif"},{"@type":"BreadcrumbList","@id":"https:\/\/nature-et-developpement.com\/bem\/produit\/lambourdes-en-chene-massif-bem\/#breadcrumb","itemListElement":[{"@type":"ListItem","position":1,"name":"Accueil","item":"https:\/\/nature-et-developpement.com\/bem\/"},{"@type":"ListItem","position":2,"name":"Produits","item":"https:\/\/nature-et-developpement.com\/bem\/shop\/"},{"@type":"ListItem","position":3,"name":"Construction, cloison et fen\u00eatres","item":"https:\/\/nature-et-developpement.com\/bem\/produits\/construction\/"},{"@type":"ListItem","position":4,"name":"Construction bois","item":"https:\/\/nature-et-developpement.com\/bem\/produits\/construction\/construction-maison-bois\/"},{"@type":"ListItem","position":5,"name":"Lambourdes en ch\u00eane massif (BEM)"}]},{"@type":"WebSite","@id":"https:\/\/nature-et-developpement.com\/bem\/#website","url":"https:\/\/nature-et-developpement.com\/bem\/","name":"Bien-\u00catre Mat\u00e9riaux","description":"Bien-Etre Mat\u00e9riaux est membre du groupement Nature &amp; D\u00e9veloppement","potentialAction":[{"@type":"SearchAction","target":{"@type":"EntryPoint","urlTemplate":"https:\/\/nature-et-developpement.com\/bem\/?s={search_term_string}"},"query-input":{"@type":"PropertyValueSpecification","valueRequired":true,"valueName":"search_term_string"}}],"inLanguage":"fr-FR"}]}},"distributor_meta":false,"distributor_terms":false,"distributor_media":false,"distributor_original_site_name":"Bien-\u00catre Mat\u00e9riaux","distributor_original_site_url":"https:\/\/nature-et-developpement.com\/bem","push-errors":false,"_links":{"self":[{"href":"https:\/\/nature-et-developpement.com\/bem\/wp-json\/wp\/v2\/product\/12975","targetHints":{"allow":["GET"]}}],"collection":[{"href":"https:\/\/nature-et-developpement.com\/bem\/wp-json\/wp\/v2\/product"}],"about":[{"href":"https:\/\/nature-et-developpement.com\/bem\/wp-json\/wp\/v2\/types\/product"}],"wp:featuredmedia":[{"embeddable":true,"href":"https:\/\/nature-et-developpement.com\/bem\/wp-json\/wp\/v2\/media\/12974"}],"wp:attachment":[{"href":"https:\/\/nature-et-developpement.com\/bem\/wp-json\/wp\/v2\/media?parent=12975"}],"wp:term":[{"taxonomy":"product_brand","embeddable":true,"href":"https:\/\/nature-et-developpement.com\/bem\/wp-json\/wp\/v2\/product_brand?post=12975"},{"taxonomy":"product_cat","embeddable":true,"href":"https:\/\/nature-et-developpement.com\/bem\/wp-json\/wp\/v2\/product_cat?post=12975"},{"taxonomy":"product_tag","embeddable":true,"href":"https:\/\/nature-et-developpement.com\/bem\/wp-json\/wp\/v2\/product_tag?post=12975"}],"curies":[{"name":"wp","href":"https:\/\/api.w.org\/{rel}","templated":true}]}}