{"id":12991,"date":"2019-08-28T13:51:37","date_gmt":"2019-08-28T11:51:37","guid":{"rendered":"https:\/\/nature-et-developpement.com\/bem\/produit\/savon-noir-marius-fabre-bem\/"},"modified":"2025-06-13T17:23:07","modified_gmt":"2025-06-13T15:23:07","slug":"savon-noir-marius-fabre-bem","status":"publish","type":"product","link":"https:\/\/nature-et-developpement.com\/bem\/produit\/savon-noir-marius-fabre-bem\/","title":{"rendered":"Savon noir MARIUS FABRE (BEM)"},"content":{"rendered":"<p>Ce produit est id\u00e9al pour la <b>finition et le ferrage<\/b> des enduits chaux\u00a0ainsi que pour <b>tous les besoins de nettoyage<\/b> : carrelages, vitres, parquets, c\u00e9ramiques, rev\u00eatements plastifi\u00e9s, cuirs, marbres, bois, dallage, t\u00e2ches de graisses, &#8230;<\/p>\n","protected":false},"excerpt":{"rendered":"<p>Savon pur v\u00e9g\u00e9tal \u00e0 l&rsquo;huile d&rsquo;olive et \u00e0 l&rsquo;huile de lin. A utiliser avec un\u00a0<a href=\"https:\/\/www.bem.cyberbrain.net\/enduits-a-la-chaux\/10930-enduit-deco-a-la-chaux-augmontel.html\">enduit \u00e0 la chaux<\/a>\u00a0(stuc, Tadelakt) ou pour des usages m\u00e9nagers (vitres, sols, nettoyage d&rsquo;outillage&#8230;).<\/p>\n","protected":false},"featured_media":12990,"template":"","meta":[],"product_brand":[9190,8797],"product_cat":[451,452,162,224],"product_tag":[],"class_list":{"0":"post-12991","1":"product","2":"type-product","3":"status-publish","4":"has-post-thumbnail","6":"product_brand-marius-fabre","7":"product_brand-produits-bem","8":"product_cat-adjuvants","9":"product_cat-droguerie","10":"product_cat-enduits-naturels","11":"product_cat-protection-et-entretien-du-sol","13":"first","14":"instock","15":"taxable","16":"shipping-taxable","17":"purchasable","18":"product-type-simple"},"yoast_head":"<!-- This site is optimized with the Yoast SEO plugin v27.5 - https:\/\/yoast.com\/product\/yoast-seo-wordpress\/ -->\n<title>Savon noir MARIUS FABRE (BEM)<\/title>\n<meta name=\"description\" content=\"Savon pur v\u00e9g\u00e9tal \u00e0 l&#039;huile d&#039;olive et \u00e0 l&#039;huile de lin. A utiliser avec un\u00a0enduit \u00e0 la chaux\u00a0(stuc, Tadelakt) ou pour des usages m\u00e9nagers (vitres, sols, nettoyage d&#039;outillage...).\" \/>\n<meta name=\"robots\" content=\"noindex, follow\" \/>\n<meta property=\"og:locale\" content=\"fr_FR\" \/>\n<meta property=\"og:type\" content=\"article\" \/>\n<meta property=\"og:title\" content=\"Savon noir MARIUS FABRE (BEM)\" \/>\n<meta property=\"og:description\" content=\"Savon pur v\u00e9g\u00e9tal \u00e0 l&#039;huile d&#039;olive et \u00e0 l&#039;huile de lin. A utiliser avec un\u00a0enduit \u00e0 la chaux\u00a0(stuc, Tadelakt) ou pour des usages m\u00e9nagers (vitres, sols, nettoyage d&#039;outillage...).\" \/>\n<meta property=\"og:url\" content=\"https:\/\/nature-et-developpement.com\/bem\/produit\/savon-noir-marius-fabre-bem\/\" \/>\n<meta property=\"og:site_name\" content=\"Bien-\u00catre Mat\u00e9riaux\" \/>\n<meta property=\"article:modified_time\" content=\"2025-06-13T15:23:07+00:00\" \/>\n<meta property=\"og:image\" content=\"https:\/\/nature-et-developpement.com\/bem\/wp-content\/uploads\/sites\/17\/2019\/08\/25660-Savon-noir-MARIUS-FABRE.jpg\" \/>\n\t<meta property=\"og:image:width\" content=\"800\" \/>\n\t<meta property=\"og:image:height\" content=\"800\" \/>\n\t<meta property=\"og:image:type\" content=\"image\/jpeg\" \/>\n<meta name=\"twitter:card\" content=\"summary_large_image\" \/>\n<script type=\"application\/ld+json\" class=\"yoast-schema-graph\">{\"@context\":\"https:\\\/\\\/schema.org\",\"@graph\":[{\"@type\":\"WebPage\",\"@id\":\"https:\\\/\\\/nature-et-developpement.com\\\/bem\\\/produit\\\/savon-noir-marius-fabre-bem\\\/\",\"url\":\"https:\\\/\\\/nature-et-developpement.com\\\/bem\\\/produit\\\/savon-noir-marius-fabre-bem\\\/\",\"name\":\"Savon noir MARIUS FABRE (BEM)\",\"isPartOf\":{\"@id\":\"https:\\\/\\\/nature-et-developpement.com\\\/bem\\\/#website\"},\"primaryImageOfPage\":{\"@id\":\"https:\\\/\\\/nature-et-developpement.com\\\/bem\\\/produit\\\/savon-noir-marius-fabre-bem\\\/#primaryimage\"},\"image\":{\"@id\":\"https:\\\/\\\/nature-et-developpement.com\\\/bem\\\/produit\\\/savon-noir-marius-fabre-bem\\\/#primaryimage\"},\"thumbnailUrl\":\"https:\\\/\\\/nature-et-developpement.com\\\/bem\\\/wp-content\\\/uploads\\\/sites\\\/17\\\/2019\\\/08\\\/25660-Savon-noir-MARIUS-FABRE.jpg\",\"datePublished\":\"2019-08-28T11:51:37+00:00\",\"dateModified\":\"2025-06-13T15:23:07+00:00\",\"description\":\"Savon pur v\u00e9g\u00e9tal \u00e0 l'huile d'olive et \u00e0 l'huile de lin. A utiliser avec un\u00a0enduit \u00e0 la chaux\u00a0(stuc, Tadelakt) ou pour des usages m\u00e9nagers (vitres, sols, nettoyage d'outillage...).\",\"breadcrumb\":{\"@id\":\"https:\\\/\\\/nature-et-developpement.com\\\/bem\\\/produit\\\/savon-noir-marius-fabre-bem\\\/#breadcrumb\"},\"inLanguage\":\"fr-FR\",\"potentialAction\":[{\"@type\":\"ReadAction\",\"target\":[\"https:\\\/\\\/nature-et-developpement.com\\\/bem\\\/produit\\\/savon-noir-marius-fabre-bem\\\/\"]}]},{\"@type\":\"ImageObject\",\"inLanguage\":\"fr-FR\",\"@id\":\"https:\\\/\\\/nature-et-developpement.com\\\/bem\\\/produit\\\/savon-noir-marius-fabre-bem\\\/#primaryimage\",\"url\":\"https:\\\/\\\/nature-et-developpement.com\\\/bem\\\/wp-content\\\/uploads\\\/sites\\\/17\\\/2019\\\/08\\\/25660-Savon-noir-MARIUS-FABRE.jpg\",\"contentUrl\":\"https:\\\/\\\/nature-et-developpement.com\\\/bem\\\/wp-content\\\/uploads\\\/sites\\\/17\\\/2019\\\/08\\\/25660-Savon-noir-MARIUS-FABRE.jpg\",\"width\":800,\"height\":800,\"caption\":\"Savon noir MARIUS FABRE\"},{\"@type\":\"BreadcrumbList\",\"@id\":\"https:\\\/\\\/nature-et-developpement.com\\\/bem\\\/produit\\\/savon-noir-marius-fabre-bem\\\/#breadcrumb\",\"itemListElement\":[{\"@type\":\"ListItem\",\"position\":1,\"name\":\"Accueil\",\"item\":\"https:\\\/\\\/nature-et-developpement.com\\\/bem\\\/\"},{\"@type\":\"ListItem\",\"position\":2,\"name\":\"Produits\",\"item\":\"https:\\\/\\\/nature-et-developpement.com\\\/bem\\\/shop\\\/\"},{\"@type\":\"ListItem\",\"position\":3,\"name\":\"Parquets bois, stratifi\u00e9s et li\u00e8ge\",\"item\":\"https:\\\/\\\/nature-et-developpement.com\\\/bem\\\/produits\\\/parquet-et-sol-naturels\\\/\"},{\"@type\":\"ListItem\",\"position\":4,\"name\":\"Protection et entretien du sol\",\"item\":\"https:\\\/\\\/nature-et-developpement.com\\\/bem\\\/produits\\\/parquet-et-sol-naturels\\\/protection-et-entretien-du-sol\\\/\"},{\"@type\":\"ListItem\",\"position\":5,\"name\":\"Savon noir MARIUS FABRE (BEM)\"}]},{\"@type\":\"WebSite\",\"@id\":\"https:\\\/\\\/nature-et-developpement.com\\\/bem\\\/#website\",\"url\":\"https:\\\/\\\/nature-et-developpement.com\\\/bem\\\/\",\"name\":\"Bien-\u00catre Mat\u00e9riaux\",\"description\":\"Bien-Etre Mat\u00e9riaux est membre du groupement Nature &amp; D\u00e9veloppement\",\"potentialAction\":[{\"@type\":\"SearchAction\",\"target\":{\"@type\":\"EntryPoint\",\"urlTemplate\":\"https:\\\/\\\/nature-et-developpement.com\\\/bem\\\/?s={search_term_string}\"},\"query-input\":{\"@type\":\"PropertyValueSpecification\",\"valueRequired\":true,\"valueName\":\"search_term_string\"}}],\"inLanguage\":\"fr-FR\"}]}<\/script>\n<!-- \/ Yoast SEO plugin. -->","yoast_head_json":{"title":"Savon noir MARIUS FABRE (BEM)","description":"Savon pur v\u00e9g\u00e9tal \u00e0 l'huile d'olive et \u00e0 l'huile de lin. A utiliser avec un\u00a0enduit \u00e0 la chaux\u00a0(stuc, Tadelakt) ou pour des usages m\u00e9nagers (vitres, sols, nettoyage d'outillage...).","robots":{"index":"noindex","follow":"follow"},"og_locale":"fr_FR","og_type":"article","og_title":"Savon noir MARIUS FABRE (BEM)","og_description":"Savon pur v\u00e9g\u00e9tal \u00e0 l'huile d'olive et \u00e0 l'huile de lin. A utiliser avec un\u00a0enduit \u00e0 la chaux\u00a0(stuc, Tadelakt) ou pour des usages m\u00e9nagers (vitres, sols, nettoyage d'outillage...).","og_url":"https:\/\/nature-et-developpement.com\/bem\/produit\/savon-noir-marius-fabre-bem\/","og_site_name":"Bien-\u00catre Mat\u00e9riaux","article_modified_time":"2025-06-13T15:23:07+00:00","og_image":[{"width":800,"height":800,"url":"https:\/\/nature-et-developpement.com\/bem\/wp-content\/uploads\/sites\/17\/2019\/08\/25660-Savon-noir-MARIUS-FABRE.jpg","type":"image\/jpeg"}],"twitter_card":"summary_large_image","schema":{"@context":"https:\/\/schema.org","@graph":[{"@type":"WebPage","@id":"https:\/\/nature-et-developpement.com\/bem\/produit\/savon-noir-marius-fabre-bem\/","url":"https:\/\/nature-et-developpement.com\/bem\/produit\/savon-noir-marius-fabre-bem\/","name":"Savon noir MARIUS FABRE (BEM)","isPartOf":{"@id":"https:\/\/nature-et-developpement.com\/bem\/#website"},"primaryImageOfPage":{"@id":"https:\/\/nature-et-developpement.com\/bem\/produit\/savon-noir-marius-fabre-bem\/#primaryimage"},"image":{"@id":"https:\/\/nature-et-developpement.com\/bem\/produit\/savon-noir-marius-fabre-bem\/#primaryimage"},"thumbnailUrl":"https:\/\/nature-et-developpement.com\/bem\/wp-content\/uploads\/sites\/17\/2019\/08\/25660-Savon-noir-MARIUS-FABRE.jpg","datePublished":"2019-08-28T11:51:37+00:00","dateModified":"2025-06-13T15:23:07+00:00","description":"Savon pur v\u00e9g\u00e9tal \u00e0 l'huile d'olive et \u00e0 l'huile de lin. A utiliser avec un\u00a0enduit \u00e0 la chaux\u00a0(stuc, Tadelakt) ou pour des usages m\u00e9nagers (vitres, sols, nettoyage d'outillage...).","breadcrumb":{"@id":"https:\/\/nature-et-developpement.com\/bem\/produit\/savon-noir-marius-fabre-bem\/#breadcrumb"},"inLanguage":"fr-FR","potentialAction":[{"@type":"ReadAction","target":["https:\/\/nature-et-developpement.com\/bem\/produit\/savon-noir-marius-fabre-bem\/"]}]},{"@type":"ImageObject","inLanguage":"fr-FR","@id":"https:\/\/nature-et-developpement.com\/bem\/produit\/savon-noir-marius-fabre-bem\/#primaryimage","url":"https:\/\/nature-et-developpement.com\/bem\/wp-content\/uploads\/sites\/17\/2019\/08\/25660-Savon-noir-MARIUS-FABRE.jpg","contentUrl":"https:\/\/nature-et-developpement.com\/bem\/wp-content\/uploads\/sites\/17\/2019\/08\/25660-Savon-noir-MARIUS-FABRE.jpg","width":800,"height":800,"caption":"Savon noir MARIUS FABRE"},{"@type":"BreadcrumbList","@id":"https:\/\/nature-et-developpement.com\/bem\/produit\/savon-noir-marius-fabre-bem\/#breadcrumb","itemListElement":[{"@type":"ListItem","position":1,"name":"Accueil","item":"https:\/\/nature-et-developpement.com\/bem\/"},{"@type":"ListItem","position":2,"name":"Produits","item":"https:\/\/nature-et-developpement.com\/bem\/shop\/"},{"@type":"ListItem","position":3,"name":"Parquets bois, stratifi\u00e9s et li\u00e8ge","item":"https:\/\/nature-et-developpement.com\/bem\/produits\/parquet-et-sol-naturels\/"},{"@type":"ListItem","position":4,"name":"Protection et entretien du sol","item":"https:\/\/nature-et-developpement.com\/bem\/produits\/parquet-et-sol-naturels\/protection-et-entretien-du-sol\/"},{"@type":"ListItem","position":5,"name":"Savon noir MARIUS FABRE (BEM)"}]},{"@type":"WebSite","@id":"https:\/\/nature-et-developpement.com\/bem\/#website","url":"https:\/\/nature-et-developpement.com\/bem\/","name":"Bien-\u00catre Mat\u00e9riaux","description":"Bien-Etre Mat\u00e9riaux est membre du groupement Nature &amp; D\u00e9veloppement","potentialAction":[{"@type":"SearchAction","target":{"@type":"EntryPoint","urlTemplate":"https:\/\/nature-et-developpement.com\/bem\/?s={search_term_string}"},"query-input":{"@type":"PropertyValueSpecification","valueRequired":true,"valueName":"search_term_string"}}],"inLanguage":"fr-FR"}]}},"distributor_meta":false,"distributor_terms":false,"distributor_media":false,"distributor_original_site_name":"Bien-\u00catre Mat\u00e9riaux","distributor_original_site_url":"https:\/\/nature-et-developpement.com\/bem","push-errors":false,"_links":{"self":[{"href":"https:\/\/nature-et-developpement.com\/bem\/wp-json\/wp\/v2\/product\/12991","targetHints":{"allow":["GET"]}}],"collection":[{"href":"https:\/\/nature-et-developpement.com\/bem\/wp-json\/wp\/v2\/product"}],"about":[{"href":"https:\/\/nature-et-developpement.com\/bem\/wp-json\/wp\/v2\/types\/product"}],"wp:featuredmedia":[{"embeddable":true,"href":"https:\/\/nature-et-developpement.com\/bem\/wp-json\/wp\/v2\/media\/12990"}],"wp:attachment":[{"href":"https:\/\/nature-et-developpement.com\/bem\/wp-json\/wp\/v2\/media?parent=12991"}],"wp:term":[{"taxonomy":"product_brand","embeddable":true,"href":"https:\/\/nature-et-developpement.com\/bem\/wp-json\/wp\/v2\/product_brand?post=12991"},{"taxonomy":"product_cat","embeddable":true,"href":"https:\/\/nature-et-developpement.com\/bem\/wp-json\/wp\/v2\/product_cat?post=12991"},{"taxonomy":"product_tag","embeddable":true,"href":"https:\/\/nature-et-developpement.com\/bem\/wp-json\/wp\/v2\/product_tag?post=12991"}],"curies":[{"name":"wp","href":"https:\/\/api.w.org\/{rel}","templated":true}]}}