{"id":13002,"date":"2019-08-28T14:57:06","date_gmt":"2019-08-28T12:57:06","guid":{"rendered":"https:\/\/nature-et-developpement.com\/bem\/produit\/huile-dure-speciale-blanche-naturhaus-bem\/"},"modified":"2025-06-13T17:24:02","modified_gmt":"2025-06-13T15:24:02","slug":"huile-dure-speciale-blanche-naturhaus-bem","status":"publish","type":"product","link":"https:\/\/nature-et-developpement.com\/bem\/produit\/huile-dure-speciale-blanche-naturhaus-bem\/","title":{"rendered":"Huile Dure Sp\u00e9ciale Blanche  NATURHAUS (BEM)"},"content":{"rendered":"<p>Nous recommandons une finition \u00e0\u00a0<a href=\"https:\/\/bienetremateriaux.com\/produits\/traiter\/parquets-plans-travail\/huile-cire-dure-naturhaus-finition.html\">l\u2019huile-cire<\/a>\u00a0ou \u00e0 la\u00a0<a href=\"https:\/\/bienetremateriaux.com\/produits\/traiter\/parquets-plans-travail\/cire-resine-dure-naturhaus-finition.html\">cire dure<\/a>.<\/p>\n<p>Attention \u00e0 ne pas laisser de sur-\u00e9paisseur lors de l&rsquo;application.<\/p>\n<p>Dilution et nettoyage avec\u00a0<a href=\"https:\/\/bienetremateriaux.com\/produits\/peindre-enduire\/pigments\/pigments-en-poudre.html\">notre diluant<\/a>.<\/p>\n<p><span class=\"corps2\" style=\"color: #d4d4d4\">Composition<\/span>\u00a0:\u00a0Standolie d&rsquo;huile de lin et d&rsquo;huile de bois, huile de noix, huile de lin, r\u00e9sines naturelles est\u00e9rifi\u00e9es, oxyde de titane, paraffine\/isoparaffine, des siccatifs sans plomb (acides gras ramifi\u00e9s de sels de zirconium, calcium et mangan\u00e8se).<br \/>\n<span class=\"corps2\"><span style=\"color: #d4d4d4\">S\u00e9chage<\/span>\u00a0<\/span>:\u00a0env. 12 heures selon l\u2019hygrom\u00e9trie et l\u2019a\u00e9ration des locaux.<br \/>\n<span class=\"corps2\" style=\"color: #d4d4d4\">Rendement<\/span>\u00a0:\u00a016 \u00e0 25 m\u00b2\/L.<\/p>\n<p>Existe aussi en version \u00ab\u00a0haute solidit\u00e9\u00a0\u00bb (pour surfaces \u00e0 forte sollicitation) ou non blanchie.<\/p>\n","protected":false},"excerpt":{"rendered":"<p>Fond dur incolore huileux pour surfaces tr\u00e8s sollicit\u00e9es.\u00a0Procure une r\u00e9sistance remarquable \u00e0 tout support poreux sollicit\u00e9 ou non. Antistatique, hydrofuge, prot\u00e8ge le bois du dess\u00e8chement et de la fissuration \u00e0 long terme. Avive les fibres du bois. Excellent primaire avant la finition <a href=\"https:\/\/bienetremateriaux.com\/protection-du-bois\/11000-huile-cire-dure-naturhaus.html\">Huile cire dure<\/a>.<\/p>\n","protected":false},"featured_media":13001,"template":"","meta":[],"product_brand":[8705,8797],"product_cat":[223,224],"product_tag":[],"class_list":{"0":"post-13002","1":"product","2":"type-product","3":"status-publish","4":"has-post-thumbnail","6":"product_brand-naturhaus","7":"product_brand-produits-bem","8":"product_cat-protection-du-bois","9":"product_cat-protection-et-entretien-du-sol","10":"pa_supportbois-oui","12":"first","13":"instock","14":"taxable","15":"shipping-taxable","16":"purchasable","17":"product-type-simple"},"yoast_head":"<!-- This site is optimized with the Yoast SEO plugin v27.5 - https:\/\/yoast.com\/product\/yoast-seo-wordpress\/ -->\n<title>Huile Dure Sp\u00e9ciale Blanche NATURHAUS (BEM)<\/title>\n<meta name=\"description\" content=\"Fond dur incolore huileux pour surfaces tr\u00e8s sollicit\u00e9es.\u00a0Procure une r\u00e9sistance remarquable \u00e0 tout support poreux sollicit\u00e9 ou non. Antistatique, hydrofuge, prot\u00e8ge le bois du dess\u00e8chement et de la fissuration \u00e0 long terme. Avive les fibres du bois. Excellent primaire avant la finition Huile cire dure.\" \/>\n<meta name=\"robots\" content=\"noindex, follow\" \/>\n<meta property=\"og:locale\" content=\"fr_FR\" \/>\n<meta property=\"og:type\" content=\"article\" \/>\n<meta property=\"og:title\" content=\"Huile Dure Sp\u00e9ciale Blanche NATURHAUS (BEM)\" \/>\n<meta property=\"og:description\" content=\"Fond dur incolore huileux pour surfaces tr\u00e8s sollicit\u00e9es.\u00a0Procure une r\u00e9sistance remarquable \u00e0 tout support poreux sollicit\u00e9 ou non. Antistatique, hydrofuge, prot\u00e8ge le bois du dess\u00e8chement et de la fissuration \u00e0 long terme. Avive les fibres du bois. Excellent primaire avant la finition Huile cire dure.\" \/>\n<meta property=\"og:url\" content=\"https:\/\/nature-et-developpement.com\/bem\/produit\/huile-dure-speciale-blanche-naturhaus-bem\/\" \/>\n<meta property=\"og:site_name\" content=\"Bien-\u00catre Mat\u00e9riaux\" \/>\n<meta property=\"article:modified_time\" content=\"2025-06-13T15:24:02+00:00\" \/>\n<meta property=\"og:image\" content=\"https:\/\/nature-et-developpement.com\/bem\/wp-content\/uploads\/sites\/17\/2019\/08\/25663-Huile-dure-speciale-blanche-NATURHAUS.jpg\" \/>\n\t<meta property=\"og:image:width\" content=\"800\" \/>\n\t<meta property=\"og:image:height\" content=\"800\" \/>\n\t<meta property=\"og:image:type\" content=\"image\/jpeg\" \/>\n<meta name=\"twitter:card\" content=\"summary_large_image\" \/>\n<script type=\"application\/ld+json\" class=\"yoast-schema-graph\">{\"@context\":\"https:\\\/\\\/schema.org\",\"@graph\":[{\"@type\":\"WebPage\",\"@id\":\"https:\\\/\\\/nature-et-developpement.com\\\/bem\\\/produit\\\/huile-dure-speciale-blanche-naturhaus-bem\\\/\",\"url\":\"https:\\\/\\\/nature-et-developpement.com\\\/bem\\\/produit\\\/huile-dure-speciale-blanche-naturhaus-bem\\\/\",\"name\":\"Huile Dure Sp\u00e9ciale Blanche NATURHAUS (BEM)\",\"isPartOf\":{\"@id\":\"https:\\\/\\\/nature-et-developpement.com\\\/bem\\\/#website\"},\"primaryImageOfPage\":{\"@id\":\"https:\\\/\\\/nature-et-developpement.com\\\/bem\\\/produit\\\/huile-dure-speciale-blanche-naturhaus-bem\\\/#primaryimage\"},\"image\":{\"@id\":\"https:\\\/\\\/nature-et-developpement.com\\\/bem\\\/produit\\\/huile-dure-speciale-blanche-naturhaus-bem\\\/#primaryimage\"},\"thumbnailUrl\":\"https:\\\/\\\/nature-et-developpement.com\\\/bem\\\/wp-content\\\/uploads\\\/sites\\\/17\\\/2019\\\/08\\\/25663-Huile-dure-speciale-blanche-NATURHAUS.jpg\",\"datePublished\":\"2019-08-28T12:57:06+00:00\",\"dateModified\":\"2025-06-13T15:24:02+00:00\",\"description\":\"Fond dur incolore huileux pour surfaces tr\u00e8s sollicit\u00e9es.\u00a0Procure une r\u00e9sistance remarquable \u00e0 tout support poreux sollicit\u00e9 ou non. Antistatique, hydrofuge, prot\u00e8ge le bois du dess\u00e8chement et de la fissuration \u00e0 long terme. Avive les fibres du bois. Excellent primaire avant la finition Huile cire dure.\",\"breadcrumb\":{\"@id\":\"https:\\\/\\\/nature-et-developpement.com\\\/bem\\\/produit\\\/huile-dure-speciale-blanche-naturhaus-bem\\\/#breadcrumb\"},\"inLanguage\":\"fr-FR\",\"potentialAction\":[{\"@type\":\"ReadAction\",\"target\":[\"https:\\\/\\\/nature-et-developpement.com\\\/bem\\\/produit\\\/huile-dure-speciale-blanche-naturhaus-bem\\\/\"]}]},{\"@type\":\"ImageObject\",\"inLanguage\":\"fr-FR\",\"@id\":\"https:\\\/\\\/nature-et-developpement.com\\\/bem\\\/produit\\\/huile-dure-speciale-blanche-naturhaus-bem\\\/#primaryimage\",\"url\":\"https:\\\/\\\/nature-et-developpement.com\\\/bem\\\/wp-content\\\/uploads\\\/sites\\\/17\\\/2019\\\/08\\\/25663-Huile-dure-speciale-blanche-NATURHAUS.jpg\",\"contentUrl\":\"https:\\\/\\\/nature-et-developpement.com\\\/bem\\\/wp-content\\\/uploads\\\/sites\\\/17\\\/2019\\\/08\\\/25663-Huile-dure-speciale-blanche-NATURHAUS.jpg\",\"width\":800,\"height\":800,\"caption\":\"Huile dure sp\u00e9ciale blanche NATURHAUS\"},{\"@type\":\"BreadcrumbList\",\"@id\":\"https:\\\/\\\/nature-et-developpement.com\\\/bem\\\/produit\\\/huile-dure-speciale-blanche-naturhaus-bem\\\/#breadcrumb\",\"itemListElement\":[{\"@type\":\"ListItem\",\"position\":1,\"name\":\"Accueil\",\"item\":\"https:\\\/\\\/nature-et-developpement.com\\\/bem\\\/\"},{\"@type\":\"ListItem\",\"position\":2,\"name\":\"Produits\",\"item\":\"https:\\\/\\\/nature-et-developpement.com\\\/bem\\\/shop\\\/\"},{\"@type\":\"ListItem\",\"position\":3,\"name\":\"Peinture, pigment et enduit\",\"item\":\"https:\\\/\\\/nature-et-developpement.com\\\/bem\\\/produits\\\/peinture-et-enduit\\\/\"},{\"@type\":\"ListItem\",\"position\":4,\"name\":\"Protection du bois\",\"item\":\"https:\\\/\\\/nature-et-developpement.com\\\/bem\\\/produits\\\/peinture-et-enduit\\\/protection-du-bois\\\/\"},{\"@type\":\"ListItem\",\"position\":5,\"name\":\"Huile Dure Sp\u00e9ciale Blanche NATURHAUS (BEM)\"}]},{\"@type\":\"WebSite\",\"@id\":\"https:\\\/\\\/nature-et-developpement.com\\\/bem\\\/#website\",\"url\":\"https:\\\/\\\/nature-et-developpement.com\\\/bem\\\/\",\"name\":\"Bien-\u00catre Mat\u00e9riaux\",\"description\":\"Bien-Etre Mat\u00e9riaux est membre du groupement Nature &amp; D\u00e9veloppement\",\"potentialAction\":[{\"@type\":\"SearchAction\",\"target\":{\"@type\":\"EntryPoint\",\"urlTemplate\":\"https:\\\/\\\/nature-et-developpement.com\\\/bem\\\/?s={search_term_string}\"},\"query-input\":{\"@type\":\"PropertyValueSpecification\",\"valueRequired\":true,\"valueName\":\"search_term_string\"}}],\"inLanguage\":\"fr-FR\"}]}<\/script>\n<!-- \/ Yoast SEO plugin. -->","yoast_head_json":{"title":"Huile Dure Sp\u00e9ciale Blanche NATURHAUS (BEM)","description":"Fond dur incolore huileux pour surfaces tr\u00e8s sollicit\u00e9es.\u00a0Procure une r\u00e9sistance remarquable \u00e0 tout support poreux sollicit\u00e9 ou non. Antistatique, hydrofuge, prot\u00e8ge le bois du dess\u00e8chement et de la fissuration \u00e0 long terme. Avive les fibres du bois. Excellent primaire avant la finition Huile cire dure.","robots":{"index":"noindex","follow":"follow"},"og_locale":"fr_FR","og_type":"article","og_title":"Huile Dure Sp\u00e9ciale Blanche NATURHAUS (BEM)","og_description":"Fond dur incolore huileux pour surfaces tr\u00e8s sollicit\u00e9es.\u00a0Procure une r\u00e9sistance remarquable \u00e0 tout support poreux sollicit\u00e9 ou non. Antistatique, hydrofuge, prot\u00e8ge le bois du dess\u00e8chement et de la fissuration \u00e0 long terme. Avive les fibres du bois. Excellent primaire avant la finition Huile cire dure.","og_url":"https:\/\/nature-et-developpement.com\/bem\/produit\/huile-dure-speciale-blanche-naturhaus-bem\/","og_site_name":"Bien-\u00catre Mat\u00e9riaux","article_modified_time":"2025-06-13T15:24:02+00:00","og_image":[{"width":800,"height":800,"url":"https:\/\/nature-et-developpement.com\/bem\/wp-content\/uploads\/sites\/17\/2019\/08\/25663-Huile-dure-speciale-blanche-NATURHAUS.jpg","type":"image\/jpeg"}],"twitter_card":"summary_large_image","schema":{"@context":"https:\/\/schema.org","@graph":[{"@type":"WebPage","@id":"https:\/\/nature-et-developpement.com\/bem\/produit\/huile-dure-speciale-blanche-naturhaus-bem\/","url":"https:\/\/nature-et-developpement.com\/bem\/produit\/huile-dure-speciale-blanche-naturhaus-bem\/","name":"Huile Dure Sp\u00e9ciale Blanche NATURHAUS (BEM)","isPartOf":{"@id":"https:\/\/nature-et-developpement.com\/bem\/#website"},"primaryImageOfPage":{"@id":"https:\/\/nature-et-developpement.com\/bem\/produit\/huile-dure-speciale-blanche-naturhaus-bem\/#primaryimage"},"image":{"@id":"https:\/\/nature-et-developpement.com\/bem\/produit\/huile-dure-speciale-blanche-naturhaus-bem\/#primaryimage"},"thumbnailUrl":"https:\/\/nature-et-developpement.com\/bem\/wp-content\/uploads\/sites\/17\/2019\/08\/25663-Huile-dure-speciale-blanche-NATURHAUS.jpg","datePublished":"2019-08-28T12:57:06+00:00","dateModified":"2025-06-13T15:24:02+00:00","description":"Fond dur incolore huileux pour surfaces tr\u00e8s sollicit\u00e9es.\u00a0Procure une r\u00e9sistance remarquable \u00e0 tout support poreux sollicit\u00e9 ou non. Antistatique, hydrofuge, prot\u00e8ge le bois du dess\u00e8chement et de la fissuration \u00e0 long terme. Avive les fibres du bois. Excellent primaire avant la finition Huile cire dure.","breadcrumb":{"@id":"https:\/\/nature-et-developpement.com\/bem\/produit\/huile-dure-speciale-blanche-naturhaus-bem\/#breadcrumb"},"inLanguage":"fr-FR","potentialAction":[{"@type":"ReadAction","target":["https:\/\/nature-et-developpement.com\/bem\/produit\/huile-dure-speciale-blanche-naturhaus-bem\/"]}]},{"@type":"ImageObject","inLanguage":"fr-FR","@id":"https:\/\/nature-et-developpement.com\/bem\/produit\/huile-dure-speciale-blanche-naturhaus-bem\/#primaryimage","url":"https:\/\/nature-et-developpement.com\/bem\/wp-content\/uploads\/sites\/17\/2019\/08\/25663-Huile-dure-speciale-blanche-NATURHAUS.jpg","contentUrl":"https:\/\/nature-et-developpement.com\/bem\/wp-content\/uploads\/sites\/17\/2019\/08\/25663-Huile-dure-speciale-blanche-NATURHAUS.jpg","width":800,"height":800,"caption":"Huile dure sp\u00e9ciale blanche NATURHAUS"},{"@type":"BreadcrumbList","@id":"https:\/\/nature-et-developpement.com\/bem\/produit\/huile-dure-speciale-blanche-naturhaus-bem\/#breadcrumb","itemListElement":[{"@type":"ListItem","position":1,"name":"Accueil","item":"https:\/\/nature-et-developpement.com\/bem\/"},{"@type":"ListItem","position":2,"name":"Produits","item":"https:\/\/nature-et-developpement.com\/bem\/shop\/"},{"@type":"ListItem","position":3,"name":"Peinture, pigment et enduit","item":"https:\/\/nature-et-developpement.com\/bem\/produits\/peinture-et-enduit\/"},{"@type":"ListItem","position":4,"name":"Protection du bois","item":"https:\/\/nature-et-developpement.com\/bem\/produits\/peinture-et-enduit\/protection-du-bois\/"},{"@type":"ListItem","position":5,"name":"Huile Dure Sp\u00e9ciale Blanche NATURHAUS (BEM)"}]},{"@type":"WebSite","@id":"https:\/\/nature-et-developpement.com\/bem\/#website","url":"https:\/\/nature-et-developpement.com\/bem\/","name":"Bien-\u00catre Mat\u00e9riaux","description":"Bien-Etre Mat\u00e9riaux est membre du groupement Nature &amp; D\u00e9veloppement","potentialAction":[{"@type":"SearchAction","target":{"@type":"EntryPoint","urlTemplate":"https:\/\/nature-et-developpement.com\/bem\/?s={search_term_string}"},"query-input":{"@type":"PropertyValueSpecification","valueRequired":true,"valueName":"search_term_string"}}],"inLanguage":"fr-FR"}]}},"distributor_meta":false,"distributor_terms":false,"distributor_media":false,"distributor_original_site_name":"Bien-\u00catre Mat\u00e9riaux","distributor_original_site_url":"https:\/\/nature-et-developpement.com\/bem","push-errors":false,"_links":{"self":[{"href":"https:\/\/nature-et-developpement.com\/bem\/wp-json\/wp\/v2\/product\/13002","targetHints":{"allow":["GET"]}}],"collection":[{"href":"https:\/\/nature-et-developpement.com\/bem\/wp-json\/wp\/v2\/product"}],"about":[{"href":"https:\/\/nature-et-developpement.com\/bem\/wp-json\/wp\/v2\/types\/product"}],"wp:featuredmedia":[{"embeddable":true,"href":"https:\/\/nature-et-developpement.com\/bem\/wp-json\/wp\/v2\/media\/13001"}],"wp:attachment":[{"href":"https:\/\/nature-et-developpement.com\/bem\/wp-json\/wp\/v2\/media?parent=13002"}],"wp:term":[{"taxonomy":"product_brand","embeddable":true,"href":"https:\/\/nature-et-developpement.com\/bem\/wp-json\/wp\/v2\/product_brand?post=13002"},{"taxonomy":"product_cat","embeddable":true,"href":"https:\/\/nature-et-developpement.com\/bem\/wp-json\/wp\/v2\/product_cat?post=13002"},{"taxonomy":"product_tag","embeddable":true,"href":"https:\/\/nature-et-developpement.com\/bem\/wp-json\/wp\/v2\/product_tag?post=13002"}],"curies":[{"name":"wp","href":"https:\/\/api.w.org\/{rel}","templated":true}]}}