{"id":13089,"date":"2019-09-02T08:35:47","date_gmt":"2019-09-02T06:35:47","guid":{"rendered":"https:\/\/nature-et-developpement.com\/bem\/produit\/enduits-a-la-terre-couleurs-melangees-yosima-claytec-bem\/"},"modified":"2025-06-13T17:26:28","modified_gmt":"2025-06-13T15:26:28","slug":"enduits-a-la-terre-couleurs-melangees-yosima-claytec-bem","status":"publish","type":"product","link":"https:\/\/nature-et-developpement.com\/bem\/produit\/enduits-a-la-terre-couleurs-melangees-yosima-claytec-bem\/","title":{"rendered":"Enduits \u00e0 la terre couleurs m\u00e9lang\u00e9es YOSIMA CLAYTEC (BEM)"},"content":{"rendered":"<p>Les colorations rouge et jaune proviennent d\u2019oxydes de fer pr\u00e9sents naturellement dans certaines argiles ; l\u2019argile verte poss\u00e8de des particules tr\u00e8s fines de fer dans sa structure min\u00e9rale ; l\u2019argile brune doit sa couleur au mangan\u00e8se, et l\u2019argile noire au charbon.<\/p>\n<p>Nos nuanciers permettent par combinaison de ces cinq teintes de base d\u2019obtenir 138 couleurs, auxquelles on peut ajouter sept structures pour obtenir des effets de mati\u00e8re.<\/p>\n<p>Ce sont des produits tr\u00e8s agr\u00e9ables \u00e0 mettre en \u0153uvre, qui ont de surcro\u00eet la facult\u00e9 de r\u00e9guler l\u2019humidit\u00e9 de l\u2019atmosph\u00e8re. La finition serr\u00e9e emp\u00eache tout risque d\u2019effritement. Ils peuvent \u00eatre appliqu\u00e9s en pi\u00e8ces d\u2019eau, \u00e0 l\u2019\u00e9cart de toute \u00e9claboussure.<\/p>\n<p><span class=\"corps2\" style=\"color: #d4d4d4\">Support<\/span><span style=\"color: #d4d4d4\">\u00a0<\/span>: consulter la fiche technique et la fiche d&rsquo;application dans \u00ab\u00a0Documentation\u00a0\u00bb pour pr\u00e9ciser les pr\u00e9alables.<br \/>\n<span class=\"corps2\" style=\"color: #d4d4d4\">Sous-couche<\/span>\u00a0: notre sous-couches <a href=\"https:\/\/bienetremateriaux.com\/protection-du-bois\/10859-tassili-primaire-blanc-lactaire.html\">Natura Tassili<\/a>\u00a0avec\u00a0<a href=\"https:\/\/bienetremateriaux.com\/adjuvant-additif\/10938-melange-a-effet-sable.html\">m\u00e9lange \u00e0 effet sabl\u00e9<\/a> pr\u00e9pareront efficacement la plupart des supports.<br \/>\n<span class=\"corps2\" style=\"color: #d4d4d4\">Pr\u00e9paration<\/span>\u00a0: le mortier est pr\u00e9par\u00e9 avec de l\u2019eau propre : environ 5,5 litres d\u2019eau sont n\u00e9cessaires pour un seau d\u2019enduit\u00a0Yosima. Verser l&rsquo;eau en premier. Puis le contenu du seau de 20 kg et l\u2019eau sont m\u00e9lang\u00e9s avec un agitateur (\u00d8 8 cm). Apr\u00e8s avoir laiss\u00e9 repos\u00e9 le mortier pendant 30 minutes, il est n\u00e9cessaire de m\u00e9langer \u00e0 nouveau et si n\u00e9cessaire d\u2019y ajouter un peu d\u2019eau.<br \/>\n<span class=\"corps2\" style=\"color: #d4d4d4\">Application<\/span>\u00a0: \u00e0 la taloche, voir d\u00e9tails sur fiche technique.<br \/>\n<span class=\"corps2\" style=\"color: #d4d4d4\">Rendement<\/span>\u00a0: environ 6m\u00b2\/seau de 20kg en 2 mm d\u2019\u00e9paisseur.<\/p>\n<p>N\u2019h\u00e9sitez pas \u00e0 nous consulter sur le reste de la gamme Claytec : enduit finition gros, torchis, panneaux d\u2019argile, pis\u00e9, granul\u00e9 d\u2019argile, tout produits en terre crue.<\/p>\n","protected":false},"excerpt":{"rendered":"<p>Ces enduits aux couleurs intenses et subtiles ne contiennent ni colorant ni pigment artificiels : ils sont fabriqu\u00e9s en Allemagne \u00e0 partir d\u2019argiles de cinq couleurs diff\u00e9rentes, dont les fins reflets changeants donnent aux surfaces leur caract\u00e8re authentique et naturel. Les colorations rouge et jaune proviennent d\u2019oxydes de fer pr\u00e9sents naturellement dans certaines argiles.<\/p>\n","protected":false},"featured_media":13088,"template":"","meta":[],"product_brand":[9189,8797],"product_cat":[162],"product_tag":[],"class_list":{"0":"post-13089","1":"product","2":"type-product","3":"status-publish","4":"has-post-thumbnail","6":"product_brand-claytec","7":"product_brand-produits-bem","8":"product_cat-enduits-naturels","10":"first","11":"instock","12":"taxable","13":"shipping-taxable","14":"purchasable","15":"product-type-variable"},"yoast_head":"<!-- This site is optimized with the Yoast SEO plugin v27.5 - https:\/\/yoast.com\/product\/yoast-seo-wordpress\/ -->\n<title>Enduits \u00e0 la terre couleurs m\u00e9lang\u00e9es YOSIMA CLAYTEC (BEM)<\/title>\n<meta name=\"description\" content=\"Ces enduits aux couleurs intenses et subtiles ne contiennent ni colorant ni pigment artificiels : ils sont fabriqu\u00e9s en Allemagne \u00e0 partir d\u2019argiles de cinq couleurs diff\u00e9rentes, dont les fins reflets changeants donnent aux surfaces leur caract\u00e8re authentique et naturel. Les colorations rouge et jaune proviennent d\u2019oxydes de fer pr\u00e9sents naturellement dans certaines argiles.\" \/>\n<meta name=\"robots\" content=\"noindex, follow\" \/>\n<meta property=\"og:locale\" content=\"fr_FR\" \/>\n<meta property=\"og:type\" content=\"article\" \/>\n<meta property=\"og:title\" content=\"Enduits \u00e0 la terre couleurs m\u00e9lang\u00e9es YOSIMA CLAYTEC (BEM)\" \/>\n<meta property=\"og:description\" content=\"Ces enduits aux couleurs intenses et subtiles ne contiennent ni colorant ni pigment artificiels : ils sont fabriqu\u00e9s en Allemagne \u00e0 partir d\u2019argiles de cinq couleurs diff\u00e9rentes, dont les fins reflets changeants donnent aux surfaces leur caract\u00e8re authentique et naturel. Les colorations rouge et jaune proviennent d\u2019oxydes de fer pr\u00e9sents naturellement dans certaines argiles.\" \/>\n<meta property=\"og:url\" content=\"https:\/\/nature-et-developpement.com\/bem\/produit\/enduits-a-la-terre-couleurs-melangees-yosima-claytec-bem\/\" \/>\n<meta property=\"og:site_name\" content=\"Bien-\u00catre Mat\u00e9riaux\" \/>\n<meta property=\"article:modified_time\" content=\"2025-06-13T15:26:28+00:00\" \/>\n<meta property=\"og:image\" content=\"https:\/\/nature-et-developpement.com\/bem\/wp-content\/uploads\/sites\/17\/2019\/09\/26541-Enduits-a-la-terre-YOSIMA-CLAYTEC-Couleurs-melangees.jpg\" \/>\n\t<meta property=\"og:image:width\" content=\"800\" \/>\n\t<meta property=\"og:image:height\" content=\"800\" \/>\n\t<meta property=\"og:image:type\" content=\"image\/jpeg\" \/>\n<meta name=\"twitter:card\" content=\"summary_large_image\" \/>\n<meta name=\"twitter:label1\" content=\"Dur\u00e9e de lecture estim\u00e9e\" \/>\n\t<meta name=\"twitter:data1\" content=\"1 minute\" \/>\n<script type=\"application\/ld+json\" class=\"yoast-schema-graph\">{\"@context\":\"https:\\\/\\\/schema.org\",\"@graph\":[{\"@type\":\"WebPage\",\"@id\":\"https:\\\/\\\/nature-et-developpement.com\\\/bem\\\/produit\\\/enduits-a-la-terre-couleurs-melangees-yosima-claytec-bem\\\/\",\"url\":\"https:\\\/\\\/nature-et-developpement.com\\\/bem\\\/produit\\\/enduits-a-la-terre-couleurs-melangees-yosima-claytec-bem\\\/\",\"name\":\"Enduits \u00e0 la terre couleurs m\u00e9lang\u00e9es YOSIMA CLAYTEC (BEM)\",\"isPartOf\":{\"@id\":\"https:\\\/\\\/nature-et-developpement.com\\\/bem\\\/#website\"},\"primaryImageOfPage\":{\"@id\":\"https:\\\/\\\/nature-et-developpement.com\\\/bem\\\/produit\\\/enduits-a-la-terre-couleurs-melangees-yosima-claytec-bem\\\/#primaryimage\"},\"image\":{\"@id\":\"https:\\\/\\\/nature-et-developpement.com\\\/bem\\\/produit\\\/enduits-a-la-terre-couleurs-melangees-yosima-claytec-bem\\\/#primaryimage\"},\"thumbnailUrl\":\"https:\\\/\\\/nature-et-developpement.com\\\/bem\\\/wp-content\\\/uploads\\\/sites\\\/17\\\/2019\\\/09\\\/26541-Enduits-a-la-terre-YOSIMA-CLAYTEC-Couleurs-melangees.jpg\",\"datePublished\":\"2019-09-02T06:35:47+00:00\",\"dateModified\":\"2025-06-13T15:26:28+00:00\",\"description\":\"Ces enduits aux couleurs intenses et subtiles ne contiennent ni colorant ni pigment artificiels : ils sont fabriqu\u00e9s en Allemagne \u00e0 partir d\u2019argiles de cinq couleurs diff\u00e9rentes, dont les fins reflets changeants donnent aux surfaces leur caract\u00e8re authentique et naturel. Les colorations rouge et jaune proviennent d\u2019oxydes de fer pr\u00e9sents naturellement dans certaines argiles.\",\"breadcrumb\":{\"@id\":\"https:\\\/\\\/nature-et-developpement.com\\\/bem\\\/produit\\\/enduits-a-la-terre-couleurs-melangees-yosima-claytec-bem\\\/#breadcrumb\"},\"inLanguage\":\"fr-FR\",\"potentialAction\":[{\"@type\":\"ReadAction\",\"target\":[\"https:\\\/\\\/nature-et-developpement.com\\\/bem\\\/produit\\\/enduits-a-la-terre-couleurs-melangees-yosima-claytec-bem\\\/\"]}]},{\"@type\":\"ImageObject\",\"inLanguage\":\"fr-FR\",\"@id\":\"https:\\\/\\\/nature-et-developpement.com\\\/bem\\\/produit\\\/enduits-a-la-terre-couleurs-melangees-yosima-claytec-bem\\\/#primaryimage\",\"url\":\"https:\\\/\\\/nature-et-developpement.com\\\/bem\\\/wp-content\\\/uploads\\\/sites\\\/17\\\/2019\\\/09\\\/26541-Enduits-a-la-terre-YOSIMA-CLAYTEC-Couleurs-melangees.jpg\",\"contentUrl\":\"https:\\\/\\\/nature-et-developpement.com\\\/bem\\\/wp-content\\\/uploads\\\/sites\\\/17\\\/2019\\\/09\\\/26541-Enduits-a-la-terre-YOSIMA-CLAYTEC-Couleurs-melangees.jpg\",\"width\":800,\"height\":800,\"caption\":\"Enduits \u00e0 la terre YOSIMA CLAYTEC Couleurs m\u00e9lang\u00e9es\"},{\"@type\":\"BreadcrumbList\",\"@id\":\"https:\\\/\\\/nature-et-developpement.com\\\/bem\\\/produit\\\/enduits-a-la-terre-couleurs-melangees-yosima-claytec-bem\\\/#breadcrumb\",\"itemListElement\":[{\"@type\":\"ListItem\",\"position\":1,\"name\":\"Accueil\",\"item\":\"https:\\\/\\\/nature-et-developpement.com\\\/bem\\\/\"},{\"@type\":\"ListItem\",\"position\":2,\"name\":\"Produits\",\"item\":\"https:\\\/\\\/nature-et-developpement.com\\\/bem\\\/shop\\\/\"},{\"@type\":\"ListItem\",\"position\":3,\"name\":\"Peinture, pigment et enduit\",\"item\":\"https:\\\/\\\/nature-et-developpement.com\\\/bem\\\/produits\\\/peinture-et-enduit\\\/\"},{\"@type\":\"ListItem\",\"position\":4,\"name\":\"Enduits naturels\",\"item\":\"https:\\\/\\\/nature-et-developpement.com\\\/bem\\\/produits\\\/peinture-et-enduit\\\/enduits-naturels\\\/\"},{\"@type\":\"ListItem\",\"position\":5,\"name\":\"Enduits \u00e0 la terre couleurs m\u00e9lang\u00e9es YOSIMA CLAYTEC (BEM)\"}]},{\"@type\":\"WebSite\",\"@id\":\"https:\\\/\\\/nature-et-developpement.com\\\/bem\\\/#website\",\"url\":\"https:\\\/\\\/nature-et-developpement.com\\\/bem\\\/\",\"name\":\"Bien-\u00catre Mat\u00e9riaux\",\"description\":\"Bien-Etre Mat\u00e9riaux est membre du groupement Nature &amp; D\u00e9veloppement\",\"potentialAction\":[{\"@type\":\"SearchAction\",\"target\":{\"@type\":\"EntryPoint\",\"urlTemplate\":\"https:\\\/\\\/nature-et-developpement.com\\\/bem\\\/?s={search_term_string}\"},\"query-input\":{\"@type\":\"PropertyValueSpecification\",\"valueRequired\":true,\"valueName\":\"search_term_string\"}}],\"inLanguage\":\"fr-FR\"}]}<\/script>\n<!-- \/ Yoast SEO plugin. -->","yoast_head_json":{"title":"Enduits \u00e0 la terre couleurs m\u00e9lang\u00e9es YOSIMA CLAYTEC (BEM)","description":"Ces enduits aux couleurs intenses et subtiles ne contiennent ni colorant ni pigment artificiels : ils sont fabriqu\u00e9s en Allemagne \u00e0 partir d\u2019argiles de cinq couleurs diff\u00e9rentes, dont les fins reflets changeants donnent aux surfaces leur caract\u00e8re authentique et naturel. Les colorations rouge et jaune proviennent d\u2019oxydes de fer pr\u00e9sents naturellement dans certaines argiles.","robots":{"index":"noindex","follow":"follow"},"og_locale":"fr_FR","og_type":"article","og_title":"Enduits \u00e0 la terre couleurs m\u00e9lang\u00e9es YOSIMA CLAYTEC (BEM)","og_description":"Ces enduits aux couleurs intenses et subtiles ne contiennent ni colorant ni pigment artificiels : ils sont fabriqu\u00e9s en Allemagne \u00e0 partir d\u2019argiles de cinq couleurs diff\u00e9rentes, dont les fins reflets changeants donnent aux surfaces leur caract\u00e8re authentique et naturel. Les colorations rouge et jaune proviennent d\u2019oxydes de fer pr\u00e9sents naturellement dans certaines argiles.","og_url":"https:\/\/nature-et-developpement.com\/bem\/produit\/enduits-a-la-terre-couleurs-melangees-yosima-claytec-bem\/","og_site_name":"Bien-\u00catre Mat\u00e9riaux","article_modified_time":"2025-06-13T15:26:28+00:00","og_image":[{"width":800,"height":800,"url":"https:\/\/nature-et-developpement.com\/bem\/wp-content\/uploads\/sites\/17\/2019\/09\/26541-Enduits-a-la-terre-YOSIMA-CLAYTEC-Couleurs-melangees.jpg","type":"image\/jpeg"}],"twitter_card":"summary_large_image","twitter_misc":{"Dur\u00e9e de lecture estim\u00e9e":"1 minute"},"schema":{"@context":"https:\/\/schema.org","@graph":[{"@type":"WebPage","@id":"https:\/\/nature-et-developpement.com\/bem\/produit\/enduits-a-la-terre-couleurs-melangees-yosima-claytec-bem\/","url":"https:\/\/nature-et-developpement.com\/bem\/produit\/enduits-a-la-terre-couleurs-melangees-yosima-claytec-bem\/","name":"Enduits \u00e0 la terre couleurs m\u00e9lang\u00e9es YOSIMA CLAYTEC (BEM)","isPartOf":{"@id":"https:\/\/nature-et-developpement.com\/bem\/#website"},"primaryImageOfPage":{"@id":"https:\/\/nature-et-developpement.com\/bem\/produit\/enduits-a-la-terre-couleurs-melangees-yosima-claytec-bem\/#primaryimage"},"image":{"@id":"https:\/\/nature-et-developpement.com\/bem\/produit\/enduits-a-la-terre-couleurs-melangees-yosima-claytec-bem\/#primaryimage"},"thumbnailUrl":"https:\/\/nature-et-developpement.com\/bem\/wp-content\/uploads\/sites\/17\/2019\/09\/26541-Enduits-a-la-terre-YOSIMA-CLAYTEC-Couleurs-melangees.jpg","datePublished":"2019-09-02T06:35:47+00:00","dateModified":"2025-06-13T15:26:28+00:00","description":"Ces enduits aux couleurs intenses et subtiles ne contiennent ni colorant ni pigment artificiels : ils sont fabriqu\u00e9s en Allemagne \u00e0 partir d\u2019argiles de cinq couleurs diff\u00e9rentes, dont les fins reflets changeants donnent aux surfaces leur caract\u00e8re authentique et naturel. Les colorations rouge et jaune proviennent d\u2019oxydes de fer pr\u00e9sents naturellement dans certaines argiles.","breadcrumb":{"@id":"https:\/\/nature-et-developpement.com\/bem\/produit\/enduits-a-la-terre-couleurs-melangees-yosima-claytec-bem\/#breadcrumb"},"inLanguage":"fr-FR","potentialAction":[{"@type":"ReadAction","target":["https:\/\/nature-et-developpement.com\/bem\/produit\/enduits-a-la-terre-couleurs-melangees-yosima-claytec-bem\/"]}]},{"@type":"ImageObject","inLanguage":"fr-FR","@id":"https:\/\/nature-et-developpement.com\/bem\/produit\/enduits-a-la-terre-couleurs-melangees-yosima-claytec-bem\/#primaryimage","url":"https:\/\/nature-et-developpement.com\/bem\/wp-content\/uploads\/sites\/17\/2019\/09\/26541-Enduits-a-la-terre-YOSIMA-CLAYTEC-Couleurs-melangees.jpg","contentUrl":"https:\/\/nature-et-developpement.com\/bem\/wp-content\/uploads\/sites\/17\/2019\/09\/26541-Enduits-a-la-terre-YOSIMA-CLAYTEC-Couleurs-melangees.jpg","width":800,"height":800,"caption":"Enduits \u00e0 la terre YOSIMA CLAYTEC Couleurs m\u00e9lang\u00e9es"},{"@type":"BreadcrumbList","@id":"https:\/\/nature-et-developpement.com\/bem\/produit\/enduits-a-la-terre-couleurs-melangees-yosima-claytec-bem\/#breadcrumb","itemListElement":[{"@type":"ListItem","position":1,"name":"Accueil","item":"https:\/\/nature-et-developpement.com\/bem\/"},{"@type":"ListItem","position":2,"name":"Produits","item":"https:\/\/nature-et-developpement.com\/bem\/shop\/"},{"@type":"ListItem","position":3,"name":"Peinture, pigment et enduit","item":"https:\/\/nature-et-developpement.com\/bem\/produits\/peinture-et-enduit\/"},{"@type":"ListItem","position":4,"name":"Enduits naturels","item":"https:\/\/nature-et-developpement.com\/bem\/produits\/peinture-et-enduit\/enduits-naturels\/"},{"@type":"ListItem","position":5,"name":"Enduits \u00e0 la terre couleurs m\u00e9lang\u00e9es YOSIMA CLAYTEC (BEM)"}]},{"@type":"WebSite","@id":"https:\/\/nature-et-developpement.com\/bem\/#website","url":"https:\/\/nature-et-developpement.com\/bem\/","name":"Bien-\u00catre Mat\u00e9riaux","description":"Bien-Etre Mat\u00e9riaux est membre du groupement Nature &amp; D\u00e9veloppement","potentialAction":[{"@type":"SearchAction","target":{"@type":"EntryPoint","urlTemplate":"https:\/\/nature-et-developpement.com\/bem\/?s={search_term_string}"},"query-input":{"@type":"PropertyValueSpecification","valueRequired":true,"valueName":"search_term_string"}}],"inLanguage":"fr-FR"}]}},"distributor_meta":false,"distributor_terms":false,"distributor_media":false,"distributor_original_site_name":"Bien-\u00catre Mat\u00e9riaux","distributor_original_site_url":"https:\/\/nature-et-developpement.com\/bem","push-errors":false,"_links":{"self":[{"href":"https:\/\/nature-et-developpement.com\/bem\/wp-json\/wp\/v2\/product\/13089","targetHints":{"allow":["GET"]}}],"collection":[{"href":"https:\/\/nature-et-developpement.com\/bem\/wp-json\/wp\/v2\/product"}],"about":[{"href":"https:\/\/nature-et-developpement.com\/bem\/wp-json\/wp\/v2\/types\/product"}],"wp:featuredmedia":[{"embeddable":true,"href":"https:\/\/nature-et-developpement.com\/bem\/wp-json\/wp\/v2\/media\/13088"}],"wp:attachment":[{"href":"https:\/\/nature-et-developpement.com\/bem\/wp-json\/wp\/v2\/media?parent=13089"}],"wp:term":[{"taxonomy":"product_brand","embeddable":true,"href":"https:\/\/nature-et-developpement.com\/bem\/wp-json\/wp\/v2\/product_brand?post=13089"},{"taxonomy":"product_cat","embeddable":true,"href":"https:\/\/nature-et-developpement.com\/bem\/wp-json\/wp\/v2\/product_cat?post=13089"},{"taxonomy":"product_tag","embeddable":true,"href":"https:\/\/nature-et-developpement.com\/bem\/wp-json\/wp\/v2\/product_tag?post=13089"}],"curies":[{"name":"wp","href":"https:\/\/api.w.org\/{rel}","templated":true}]}}