{"id":13101,"date":"2019-09-02T09:15:17","date_gmt":"2019-09-02T07:15:17","guid":{"rendered":"https:\/\/nature-et-developpement.com\/bem\/produit\/parquet-massif-artisanal-a-coller-chene-rustique-80-mm-coupe-perdue-bem\/"},"modified":"2025-06-13T17:24:34","modified_gmt":"2025-06-13T15:24:34","slug":"parquet-massif-artisanal-a-coller-chene-rustique-80-mm-coupe-perdue-bem","status":"publish","type":"product","link":"https:\/\/nature-et-developpement.com\/bem\/produit\/parquet-massif-artisanal-a-coller-chene-rustique-80-mm-coupe-perdue-bem\/","title":{"rendered":"Parquet massif artisanal \u00e0 coller Ch\u00eane rustique 80 mm \u00ab\u00a0coupe perdue\u00a0\u00bb (BEM)"},"content":{"rendered":"<p>En\u00a0cas d&rsquo;humidit\u00e9, prot\u00e9ger le bois au pr\u00e9alable (couche inf\u00e9rieure et chants) avec du\u00a0<a href=\"https:\/\/bienetremateriaux.com\/produits\/traiter\/fongicides-insecticides\/protection-curative-preventive-du-bois-termites-inclus-woodbliss.html\">Woodbliss<\/a>. Attention, ce parquet peut pr\u00e9senter quelques d\u00e9fauts d\u2019aspect (\u00e9cart de hauteur de lames), l\u00e9g\u00e8rement plus \u00e9lev\u00e9s que des parquets haut de gamme : on peut les compenser avec un pr\u00e9montage \u00e0 sec ; pr\u00e9voir d\u2019autre part un pon\u00e7age complet.\u00a0Voir aussi\u00a0nos solutions de protection de surface d\u00e9coratives.<\/p>\n<p><span style=\"color: #d4d4d4\">Essence<\/span>\u00a0: ch\u00eane<br \/>\n<span style=\"color: #d4d4d4\">Epaisseur<\/span>\u00a0: 14 ou 22 mm.<br \/>\n<span style=\"color: #d4d4d4\">Largeur<\/span>\u00a0: 80 mm.<br \/>\n<span style=\"color: #d4d4d4\">Longueurs\u00a0panach\u00e9es\u00a0<\/span>: 300 \u00e0 2200 mm.<br \/>\n<span style=\"color: #d4d4d4\">Mise en \u0153uvre<\/span>\u00a0: pose coll\u00e9e ou clou\u00e9e suivant les r\u00e9f\u00e9rences.<\/p>\n<p>Il appartient au ma\u00eetre d\u2019\u0153uvre de s\u2019assurer que les conditions du chantier d\u00e9finies dans les normes (DTU 51.1, 51-2, 51-11 \u00ab\u00a0pose parquet\u00a0\u00bb) sont toutes remplies, notamment celles relatives \u00e0 la teneur en humidit\u00e9 des supports et d\u2019exiger un s\u00e9chage ou un chauffage.<br \/>\n\u2013 V\u00e9rifier que le taux de s\u00e9chage du gros \u0153uvre (murs et plafonds) hors support, des enduits et raccords sont suffisant : le taux d\u2019humidit\u00e9 des ma\u00e7onneries et enduits doit \u00eatre inf\u00e9rieur ou \u00e9gal \u00e0 5%.<br \/>\n\u2013 Dans tous les cas, les travaux de mise en \u0153uvre des carrelages, des rev\u00eatements durs scell\u00e9s ou coll\u00e9s et des cloisons de distribution doivent \u00eatre termin\u00e9s.<br \/>\n\u2013 Les pi\u00e8ces \u00e0 parqueter doivent \u00eatre \u00e0 l\u2019abri des intemp\u00e9ries (hors d\u2019eau et hors d\u2019air), menuiseries et vitrages pos\u00e9s. L\u2019\u00e9tanch\u00e9it\u00e9 des installations sanitaires et chauffage v\u00e9rifi\u00e9e.<br \/>\n\u2013 Aucune intervention de pose de parquet n\u2019est envisageable tant que les conditions requises ne sont pas remplies.<\/p>\n<h4>Options :<\/h4>\n<p>-Parquets ch\u00eane \u00e0 coller pr\u00e9-ponc\u00e9,<\/p>\n<p>-Tous parquets en lames longues (1300 \u00e0 2100 mm),<\/p>\n<p>-Chanfrein,<\/p>\n<p>Livraisons sur devis. Remises sur quantit\u00e9 de 5 \u00e0 20% : nous consulter.<\/p>\n<h4>D\u00e9lai :<\/h4>\n<p>Sur commande. Pr\u00e9voir 2 \u00e0 6 semaines selon stock fournisseur. Nous pouvons interroger le fournisseur avant la commande pour pr\u00e9ciser le d\u00e9lai.<\/p>\n","protected":false},"excerpt":{"rendered":"<p>Nous avons s\u00e9lectionn\u00e9 ces parquets massifs \u00e0 coller et clouer pour leur aspect naturel. Nous nous fournissons directement dans une scierie du Tarn et Garonne, qui nous garantit que le bois provient de for\u00eats g\u00e9r\u00e9es durablement, ainsi que l\u2019absence totale de traitement : le traitement des parquets, le plus souvent chimique et toxique, est n\u00e9cessaire uniquement dans les pi\u00e8ces o\u00f9 existe un l\u00e9ger risque d\u2019humidit\u00e9.<\/p>\n","protected":false},"featured_media":13100,"template":"","meta":[],"product_brand":[8797],"product_cat":[597],"product_tag":[],"class_list":{"0":"post-13101","1":"product","2":"type-product","3":"status-publish","4":"has-post-thumbnail","6":"product_brand-produits-bem","7":"product_cat-parquets-bois","9":"first","10":"instock","11":"taxable","12":"shipping-taxable","13":"product-type-simple"},"yoast_head":"<!-- This site is optimized with the Yoast SEO plugin v27.5 - https:\/\/yoast.com\/product\/yoast-seo-wordpress\/ -->\n<title>Parquet massif artisanal \u00e0 coller Ch\u00eane rustique 80 mm &quot;coupe perdue&quot; (BEM)<\/title>\n<meta name=\"description\" content=\"Nous avons s\u00e9lectionn\u00e9 ces parquets massifs \u00e0 coller et clouer pour leur aspect naturel. Nous nous fournissons directement dans une scierie du Tarn et Garonne, qui nous garantit que le bois provient de for\u00eats g\u00e9r\u00e9es durablement, ainsi que l\u2019absence totale de traitement : le traitement des parquets, le plus souvent chimique et toxique, est n\u00e9cessaire uniquement dans les pi\u00e8ces o\u00f9 existe un l\u00e9ger risque d\u2019humidit\u00e9.\" \/>\n<meta name=\"robots\" content=\"noindex, follow\" \/>\n<meta property=\"og:locale\" content=\"fr_FR\" \/>\n<meta property=\"og:type\" content=\"article\" \/>\n<meta property=\"og:title\" content=\"Parquet massif artisanal \u00e0 coller Ch\u00eane rustique 80 mm &quot;coupe perdue&quot; (BEM)\" \/>\n<meta property=\"og:description\" content=\"Nous avons s\u00e9lectionn\u00e9 ces parquets massifs \u00e0 coller et clouer pour leur aspect naturel. Nous nous fournissons directement dans une scierie du Tarn et Garonne, qui nous garantit que le bois provient de for\u00eats g\u00e9r\u00e9es durablement, ainsi que l\u2019absence totale de traitement : le traitement des parquets, le plus souvent chimique et toxique, est n\u00e9cessaire uniquement dans les pi\u00e8ces o\u00f9 existe un l\u00e9ger risque d\u2019humidit\u00e9.\" \/>\n<meta property=\"og:url\" content=\"https:\/\/nature-et-developpement.com\/bem\/produit\/parquet-massif-artisanal-a-coller-chene-rustique-80-mm-coupe-perdue-bem\/\" \/>\n<meta property=\"og:site_name\" content=\"Bien-\u00catre Mat\u00e9riaux\" \/>\n<meta property=\"article:modified_time\" content=\"2025-06-13T15:24:34+00:00\" \/>\n<meta property=\"og:image\" content=\"https:\/\/nature-et-developpement.com\/bem\/wp-content\/uploads\/sites\/17\/2019\/09\/26338-Parquet-massif-artisanal-a-coller-Chene-rustique-80-mm-coupe-perdue.jpg\" \/>\n\t<meta property=\"og:image:width\" content=\"800\" \/>\n\t<meta property=\"og:image:height\" content=\"800\" \/>\n\t<meta property=\"og:image:type\" content=\"image\/jpeg\" \/>\n<meta name=\"twitter:card\" content=\"summary_large_image\" \/>\n<meta name=\"twitter:label1\" content=\"Dur\u00e9e de lecture estim\u00e9e\" \/>\n\t<meta name=\"twitter:data1\" content=\"2 minutes\" \/>\n<script type=\"application\/ld+json\" class=\"yoast-schema-graph\">{\"@context\":\"https:\\\/\\\/schema.org\",\"@graph\":[{\"@type\":\"WebPage\",\"@id\":\"https:\\\/\\\/nature-et-developpement.com\\\/bem\\\/produit\\\/parquet-massif-artisanal-a-coller-chene-rustique-80-mm-coupe-perdue-bem\\\/\",\"url\":\"https:\\\/\\\/nature-et-developpement.com\\\/bem\\\/produit\\\/parquet-massif-artisanal-a-coller-chene-rustique-80-mm-coupe-perdue-bem\\\/\",\"name\":\"Parquet massif artisanal \u00e0 coller Ch\u00eane rustique 80 mm \\\"coupe perdue\\\" (BEM)\",\"isPartOf\":{\"@id\":\"https:\\\/\\\/nature-et-developpement.com\\\/bem\\\/#website\"},\"primaryImageOfPage\":{\"@id\":\"https:\\\/\\\/nature-et-developpement.com\\\/bem\\\/produit\\\/parquet-massif-artisanal-a-coller-chene-rustique-80-mm-coupe-perdue-bem\\\/#primaryimage\"},\"image\":{\"@id\":\"https:\\\/\\\/nature-et-developpement.com\\\/bem\\\/produit\\\/parquet-massif-artisanal-a-coller-chene-rustique-80-mm-coupe-perdue-bem\\\/#primaryimage\"},\"thumbnailUrl\":\"https:\\\/\\\/nature-et-developpement.com\\\/bem\\\/wp-content\\\/uploads\\\/sites\\\/17\\\/2019\\\/09\\\/26338-Parquet-massif-artisanal-a-coller-Chene-rustique-80-mm-coupe-perdue.jpg\",\"datePublished\":\"2019-09-02T07:15:17+00:00\",\"dateModified\":\"2025-06-13T15:24:34+00:00\",\"description\":\"Nous avons s\u00e9lectionn\u00e9 ces parquets massifs \u00e0 coller et clouer pour leur aspect naturel. Nous nous fournissons directement dans une scierie du Tarn et Garonne, qui nous garantit que le bois provient de for\u00eats g\u00e9r\u00e9es durablement, ainsi que l\u2019absence totale de traitement : le traitement des parquets, le plus souvent chimique et toxique, est n\u00e9cessaire uniquement dans les pi\u00e8ces o\u00f9 existe un l\u00e9ger risque d\u2019humidit\u00e9.\",\"breadcrumb\":{\"@id\":\"https:\\\/\\\/nature-et-developpement.com\\\/bem\\\/produit\\\/parquet-massif-artisanal-a-coller-chene-rustique-80-mm-coupe-perdue-bem\\\/#breadcrumb\"},\"inLanguage\":\"fr-FR\",\"potentialAction\":[{\"@type\":\"ReadAction\",\"target\":[\"https:\\\/\\\/nature-et-developpement.com\\\/bem\\\/produit\\\/parquet-massif-artisanal-a-coller-chene-rustique-80-mm-coupe-perdue-bem\\\/\"]}]},{\"@type\":\"ImageObject\",\"inLanguage\":\"fr-FR\",\"@id\":\"https:\\\/\\\/nature-et-developpement.com\\\/bem\\\/produit\\\/parquet-massif-artisanal-a-coller-chene-rustique-80-mm-coupe-perdue-bem\\\/#primaryimage\",\"url\":\"https:\\\/\\\/nature-et-developpement.com\\\/bem\\\/wp-content\\\/uploads\\\/sites\\\/17\\\/2019\\\/09\\\/26338-Parquet-massif-artisanal-a-coller-Chene-rustique-80-mm-coupe-perdue.jpg\",\"contentUrl\":\"https:\\\/\\\/nature-et-developpement.com\\\/bem\\\/wp-content\\\/uploads\\\/sites\\\/17\\\/2019\\\/09\\\/26338-Parquet-massif-artisanal-a-coller-Chene-rustique-80-mm-coupe-perdue.jpg\",\"width\":800,\"height\":800,\"caption\":\"Parquet massif artisanal \u00e0 coller Ch\u00eane rustique 80 mm \\\"coupe perdue\\\"\"},{\"@type\":\"BreadcrumbList\",\"@id\":\"https:\\\/\\\/nature-et-developpement.com\\\/bem\\\/produit\\\/parquet-massif-artisanal-a-coller-chene-rustique-80-mm-coupe-perdue-bem\\\/#breadcrumb\",\"itemListElement\":[{\"@type\":\"ListItem\",\"position\":1,\"name\":\"Accueil\",\"item\":\"https:\\\/\\\/nature-et-developpement.com\\\/bem\\\/\"},{\"@type\":\"ListItem\",\"position\":2,\"name\":\"Produits\",\"item\":\"https:\\\/\\\/nature-et-developpement.com\\\/bem\\\/shop\\\/\"},{\"@type\":\"ListItem\",\"position\":3,\"name\":\"Parquets bois, stratifi\u00e9s et li\u00e8ge\",\"item\":\"https:\\\/\\\/nature-et-developpement.com\\\/bem\\\/produits\\\/parquet-et-sol-naturels\\\/\"},{\"@type\":\"ListItem\",\"position\":4,\"name\":\"Parquets bois\",\"item\":\"https:\\\/\\\/nature-et-developpement.com\\\/bem\\\/produits\\\/parquet-et-sol-naturels\\\/parquets-bois\\\/\"},{\"@type\":\"ListItem\",\"position\":5,\"name\":\"Parquet massif artisanal \u00e0 coller Ch\u00eane rustique 80 mm \u00ab\u00a0coupe perdue\u00a0\u00bb (BEM)\"}]},{\"@type\":\"WebSite\",\"@id\":\"https:\\\/\\\/nature-et-developpement.com\\\/bem\\\/#website\",\"url\":\"https:\\\/\\\/nature-et-developpement.com\\\/bem\\\/\",\"name\":\"Bien-\u00catre Mat\u00e9riaux\",\"description\":\"Bien-Etre Mat\u00e9riaux est membre du groupement Nature &amp; D\u00e9veloppement\",\"potentialAction\":[{\"@type\":\"SearchAction\",\"target\":{\"@type\":\"EntryPoint\",\"urlTemplate\":\"https:\\\/\\\/nature-et-developpement.com\\\/bem\\\/?s={search_term_string}\"},\"query-input\":{\"@type\":\"PropertyValueSpecification\",\"valueRequired\":true,\"valueName\":\"search_term_string\"}}],\"inLanguage\":\"fr-FR\"}]}<\/script>\n<!-- \/ Yoast SEO plugin. -->","yoast_head_json":{"title":"Parquet massif artisanal \u00e0 coller Ch\u00eane rustique 80 mm \"coupe perdue\" (BEM)","description":"Nous avons s\u00e9lectionn\u00e9 ces parquets massifs \u00e0 coller et clouer pour leur aspect naturel. Nous nous fournissons directement dans une scierie du Tarn et Garonne, qui nous garantit que le bois provient de for\u00eats g\u00e9r\u00e9es durablement, ainsi que l\u2019absence totale de traitement : le traitement des parquets, le plus souvent chimique et toxique, est n\u00e9cessaire uniquement dans les pi\u00e8ces o\u00f9 existe un l\u00e9ger risque d\u2019humidit\u00e9.","robots":{"index":"noindex","follow":"follow"},"og_locale":"fr_FR","og_type":"article","og_title":"Parquet massif artisanal \u00e0 coller Ch\u00eane rustique 80 mm \"coupe perdue\" (BEM)","og_description":"Nous avons s\u00e9lectionn\u00e9 ces parquets massifs \u00e0 coller et clouer pour leur aspect naturel. Nous nous fournissons directement dans une scierie du Tarn et Garonne, qui nous garantit que le bois provient de for\u00eats g\u00e9r\u00e9es durablement, ainsi que l\u2019absence totale de traitement : le traitement des parquets, le plus souvent chimique et toxique, est n\u00e9cessaire uniquement dans les pi\u00e8ces o\u00f9 existe un l\u00e9ger risque d\u2019humidit\u00e9.","og_url":"https:\/\/nature-et-developpement.com\/bem\/produit\/parquet-massif-artisanal-a-coller-chene-rustique-80-mm-coupe-perdue-bem\/","og_site_name":"Bien-\u00catre Mat\u00e9riaux","article_modified_time":"2025-06-13T15:24:34+00:00","og_image":[{"width":800,"height":800,"url":"https:\/\/nature-et-developpement.com\/bem\/wp-content\/uploads\/sites\/17\/2019\/09\/26338-Parquet-massif-artisanal-a-coller-Chene-rustique-80-mm-coupe-perdue.jpg","type":"image\/jpeg"}],"twitter_card":"summary_large_image","twitter_misc":{"Dur\u00e9e de lecture estim\u00e9e":"2 minutes"},"schema":{"@context":"https:\/\/schema.org","@graph":[{"@type":"WebPage","@id":"https:\/\/nature-et-developpement.com\/bem\/produit\/parquet-massif-artisanal-a-coller-chene-rustique-80-mm-coupe-perdue-bem\/","url":"https:\/\/nature-et-developpement.com\/bem\/produit\/parquet-massif-artisanal-a-coller-chene-rustique-80-mm-coupe-perdue-bem\/","name":"Parquet massif artisanal \u00e0 coller Ch\u00eane rustique 80 mm \"coupe perdue\" (BEM)","isPartOf":{"@id":"https:\/\/nature-et-developpement.com\/bem\/#website"},"primaryImageOfPage":{"@id":"https:\/\/nature-et-developpement.com\/bem\/produit\/parquet-massif-artisanal-a-coller-chene-rustique-80-mm-coupe-perdue-bem\/#primaryimage"},"image":{"@id":"https:\/\/nature-et-developpement.com\/bem\/produit\/parquet-massif-artisanal-a-coller-chene-rustique-80-mm-coupe-perdue-bem\/#primaryimage"},"thumbnailUrl":"https:\/\/nature-et-developpement.com\/bem\/wp-content\/uploads\/sites\/17\/2019\/09\/26338-Parquet-massif-artisanal-a-coller-Chene-rustique-80-mm-coupe-perdue.jpg","datePublished":"2019-09-02T07:15:17+00:00","dateModified":"2025-06-13T15:24:34+00:00","description":"Nous avons s\u00e9lectionn\u00e9 ces parquets massifs \u00e0 coller et clouer pour leur aspect naturel. Nous nous fournissons directement dans une scierie du Tarn et Garonne, qui nous garantit que le bois provient de for\u00eats g\u00e9r\u00e9es durablement, ainsi que l\u2019absence totale de traitement : le traitement des parquets, le plus souvent chimique et toxique, est n\u00e9cessaire uniquement dans les pi\u00e8ces o\u00f9 existe un l\u00e9ger risque d\u2019humidit\u00e9.","breadcrumb":{"@id":"https:\/\/nature-et-developpement.com\/bem\/produit\/parquet-massif-artisanal-a-coller-chene-rustique-80-mm-coupe-perdue-bem\/#breadcrumb"},"inLanguage":"fr-FR","potentialAction":[{"@type":"ReadAction","target":["https:\/\/nature-et-developpement.com\/bem\/produit\/parquet-massif-artisanal-a-coller-chene-rustique-80-mm-coupe-perdue-bem\/"]}]},{"@type":"ImageObject","inLanguage":"fr-FR","@id":"https:\/\/nature-et-developpement.com\/bem\/produit\/parquet-massif-artisanal-a-coller-chene-rustique-80-mm-coupe-perdue-bem\/#primaryimage","url":"https:\/\/nature-et-developpement.com\/bem\/wp-content\/uploads\/sites\/17\/2019\/09\/26338-Parquet-massif-artisanal-a-coller-Chene-rustique-80-mm-coupe-perdue.jpg","contentUrl":"https:\/\/nature-et-developpement.com\/bem\/wp-content\/uploads\/sites\/17\/2019\/09\/26338-Parquet-massif-artisanal-a-coller-Chene-rustique-80-mm-coupe-perdue.jpg","width":800,"height":800,"caption":"Parquet massif artisanal \u00e0 coller Ch\u00eane rustique 80 mm \"coupe perdue\""},{"@type":"BreadcrumbList","@id":"https:\/\/nature-et-developpement.com\/bem\/produit\/parquet-massif-artisanal-a-coller-chene-rustique-80-mm-coupe-perdue-bem\/#breadcrumb","itemListElement":[{"@type":"ListItem","position":1,"name":"Accueil","item":"https:\/\/nature-et-developpement.com\/bem\/"},{"@type":"ListItem","position":2,"name":"Produits","item":"https:\/\/nature-et-developpement.com\/bem\/shop\/"},{"@type":"ListItem","position":3,"name":"Parquets bois, stratifi\u00e9s et li\u00e8ge","item":"https:\/\/nature-et-developpement.com\/bem\/produits\/parquet-et-sol-naturels\/"},{"@type":"ListItem","position":4,"name":"Parquets bois","item":"https:\/\/nature-et-developpement.com\/bem\/produits\/parquet-et-sol-naturels\/parquets-bois\/"},{"@type":"ListItem","position":5,"name":"Parquet massif artisanal \u00e0 coller Ch\u00eane rustique 80 mm \u00ab\u00a0coupe perdue\u00a0\u00bb (BEM)"}]},{"@type":"WebSite","@id":"https:\/\/nature-et-developpement.com\/bem\/#website","url":"https:\/\/nature-et-developpement.com\/bem\/","name":"Bien-\u00catre Mat\u00e9riaux","description":"Bien-Etre Mat\u00e9riaux est membre du groupement Nature &amp; D\u00e9veloppement","potentialAction":[{"@type":"SearchAction","target":{"@type":"EntryPoint","urlTemplate":"https:\/\/nature-et-developpement.com\/bem\/?s={search_term_string}"},"query-input":{"@type":"PropertyValueSpecification","valueRequired":true,"valueName":"search_term_string"}}],"inLanguage":"fr-FR"}]}},"distributor_meta":false,"distributor_terms":false,"distributor_media":false,"distributor_original_site_name":"Bien-\u00catre Mat\u00e9riaux","distributor_original_site_url":"https:\/\/nature-et-developpement.com\/bem","push-errors":false,"_links":{"self":[{"href":"https:\/\/nature-et-developpement.com\/bem\/wp-json\/wp\/v2\/product\/13101","targetHints":{"allow":["GET"]}}],"collection":[{"href":"https:\/\/nature-et-developpement.com\/bem\/wp-json\/wp\/v2\/product"}],"about":[{"href":"https:\/\/nature-et-developpement.com\/bem\/wp-json\/wp\/v2\/types\/product"}],"wp:featuredmedia":[{"embeddable":true,"href":"https:\/\/nature-et-developpement.com\/bem\/wp-json\/wp\/v2\/media\/13100"}],"wp:attachment":[{"href":"https:\/\/nature-et-developpement.com\/bem\/wp-json\/wp\/v2\/media?parent=13101"}],"wp:term":[{"taxonomy":"product_brand","embeddable":true,"href":"https:\/\/nature-et-developpement.com\/bem\/wp-json\/wp\/v2\/product_brand?post=13101"},{"taxonomy":"product_cat","embeddable":true,"href":"https:\/\/nature-et-developpement.com\/bem\/wp-json\/wp\/v2\/product_cat?post=13101"},{"taxonomy":"product_tag","embeddable":true,"href":"https:\/\/nature-et-developpement.com\/bem\/wp-json\/wp\/v2\/product_tag?post=13101"}],"curies":[{"name":"wp","href":"https:\/\/api.w.org\/{rel}","templated":true}]}}