{"id":13103,"date":"2019-09-02T09:18:26","date_gmt":"2019-09-02T07:18:26","guid":{"rendered":"https:\/\/nature-et-developpement.com\/bem\/produit\/parquet-massif-brut-haut-de-gamme-a-coller-clouer-chene-et-autres-essences-bem\/"},"modified":"2025-06-13T17:24:34","modified_gmt":"2025-06-13T15:24:34","slug":"parquet-massif-brut-haut-de-gamme-a-coller-clouer-chene-et-autres-essences-bem","status":"publish","type":"product","link":"https:\/\/nature-et-developpement.com\/bem\/produit\/parquet-massif-brut-haut-de-gamme-a-coller-clouer-chene-et-autres-essences-bem\/","title":{"rendered":"Parquet massif brut Haut de Gamme \u00e0 coller\/clouer Ch\u00eane et autres essences (BEM)"},"content":{"rendered":"<h4>Lots non trait\u00e9s :<\/h4>\n<p>Le traitement sanitaire des parquets, le plus souvent chimique et toxique, n\u2019est en effet n\u00e9cessaire que dans les pi\u00e8ces o\u00f9 existe un r\u00e9el risque d\u2019humidit\u00e9. Dans ce cas, prot\u00e9ger le bois au pr\u00e9alable (couche inf\u00e9rieure et chants) avec du <a href=\"https:\/\/bienetremateriaux.com\/traitement-du-bois\/7001-wood-bliss-1.html\">Woodbliss<\/a>. Voir aussi nos solutions de protection de surface d\u00e9coratives.<\/p>\n<p>Essences : ch\u00eane, h\u00eatre, acacia, fr\u00eane, pin des landes, sapin du Nord.<br \/>\n\u00c9paisseurs : 10, 15 et 23 mm.<br \/>\nLargeurs : voir tableau tarif dans \u00ab\u00a0Documentation\u00a0\u00bb.<br \/>\nLongueurs : assortiment homog\u00e8ne r\u00e9alis\u00e9 par le fournisseur entre 300 et 1200mm.<br \/>\nMise en \u0153uvre : pose coll\u00e9e ou clou\u00e9e suivant les r\u00e9f\u00e9rences.<br \/>\nDiff\u00e9rentes qualit\u00e9s : voir tableau tarif dans \u00ab\u00a0Documentation\u00a0\u00bb.<\/p>\n<p>Pour les essences h\u00eatre, acacia, fr\u00eane, pin des landes, sapin du Nord : devis sur demande.<\/p>\n<h4>Diff\u00e9rentes d\u00e9clinaisons possibles :<\/h4>\n<p>&#8211; Premier choix :\u00a0Noeuds sains, adh\u00e9rents, 8 mm maxi<\/p>\n<p>&#8211; Rustique :\u00a0Noeuds sains, adh\u00e9rents, 20 \u00e0 30 mm maxi, noeuds pourris, et diverses imperfections permis<\/p>\n<p>&#8211; Nature :\u00a0Premier avec Aubier, noeuds 10 mm maxi (n\u00e9cessite traitement pr\u00e9ventif)<\/p>\n<p>&#8211; Sologne :\u00a0D\u00e9class\u00e9 (n\u00e9cessite traitement pr\u00e9ventif)<\/p>\n<h4>Options pour finitions suppl\u00e9mentaires (\u00e0 partir de 25 m\u00b2) :<\/h4>\n<p>&#8211; Pr\u00e9pon\u00e7age<\/p>\n<p>&#8211; Feuillure fond de bateau<\/p>\n<p>&#8211; Chanfreins 4 arr\u00eates abattues 2 mm<\/p>\n<p>&#8211; Pose \u00ab\u00a0Rustique \u00e0 la Fran\u00e7aise\u00a0\u00bb, \u00ab\u00a0\u00c0 l\u2019Anglaise\u00a0\u00bb, \u00ab\u00a0\u00c0 coupe de pierre\u00a0\u00bb, \u00ab\u00a0\u00c0 b\u00e2tons rompus\u00a0\u00bb, \u00ab\u00a0Point de Hongrie\u00a0\u00bb, \u00ab\u00a0En \u00e9chelle\u00a0\u00bb : devis sur demande.<\/p>\n<p>Nous consulter \u00e9galement pour remises sur quantit\u00e9s (5 \u00e0 20%), d\u00e9lais et frais de port.<\/p>\n<h4>D\u00e9lai :<\/h4>\n<p>Sur commande. Pr\u00e9voir 2 \u00e0 6 semaines selon stock fournisseur. Nous pouvons interroger le fournisseur avant la commande pour pr\u00e9ciser le d\u00e9lai.<\/p>\n","protected":false},"excerpt":{"rendered":"<p>Implant\u00e9 au coeur de la Sologne, notre fournisseur ne travaille qu\u2019avec des bois locaux, exploitant des for\u00eats dans un rayon de 100 km maximum, et compl\u00e9tant ses approvisionnements par des bois provenant de for\u00eats g\u00e9r\u00e9es durablement. L\u2019usine propose une gamme avec marquage NF FCBA 25 (choix \u00ab Premier \u00bb, \u00ab Rustique \u00bb et \u00ab Nature \u00bb\u00a0 en 15 et 23 mm), d\u2019une qualit\u00e9 standardis\u00e9e, et accepte de nous fournir des lots non trait\u00e9s.<\/p>\n","protected":false},"featured_media":13102,"template":"","meta":[],"product_brand":[8797],"product_cat":[597],"product_tag":[],"class_list":{"0":"post-13103","1":"product","2":"type-product","3":"status-publish","4":"has-post-thumbnail","6":"product_brand-produits-bem","7":"product_cat-parquets-bois","9":"first","10":"instock","11":"taxable","12":"shipping-taxable","13":"product-type-simple"},"yoast_head":"<!-- This site is optimized with the Yoast SEO plugin v27.5 - https:\/\/yoast.com\/product\/yoast-seo-wordpress\/ -->\n<title>Parquet massif brut Haut de Gamme \u00e0 coller\/clouer Ch\u00eane et autres essences (BEM)<\/title>\n<meta name=\"description\" content=\"Implant\u00e9 au coeur de la Sologne, notre fournisseur ne travaille qu\u2019avec des bois locaux, exploitant des for\u00eats dans un rayon de 100 km maximum, et compl\u00e9tant ses approvisionnements par des bois provenant de for\u00eats g\u00e9r\u00e9es durablement. L\u2019usine propose une gamme avec marquage NF FCBA 25 (choix \u00ab Premier \u00bb, \u00ab Rustique \u00bb et \u00ab Nature \u00bb\u00a0 en 15 et 23 mm), d\u2019une qualit\u00e9 standardis\u00e9e, et accepte de nous fournir des lots non trait\u00e9s.\" \/>\n<meta name=\"robots\" content=\"noindex, follow\" \/>\n<meta property=\"og:locale\" content=\"fr_FR\" \/>\n<meta property=\"og:type\" content=\"article\" \/>\n<meta property=\"og:title\" content=\"Parquet massif brut Haut de Gamme \u00e0 coller\/clouer Ch\u00eane et autres essences (BEM)\" \/>\n<meta property=\"og:description\" content=\"Implant\u00e9 au coeur de la Sologne, notre fournisseur ne travaille qu\u2019avec des bois locaux, exploitant des for\u00eats dans un rayon de 100 km maximum, et compl\u00e9tant ses approvisionnements par des bois provenant de for\u00eats g\u00e9r\u00e9es durablement. L\u2019usine propose une gamme avec marquage NF FCBA 25 (choix \u00ab Premier \u00bb, \u00ab Rustique \u00bb et \u00ab Nature \u00bb\u00a0 en 15 et 23 mm), d\u2019une qualit\u00e9 standardis\u00e9e, et accepte de nous fournir des lots non trait\u00e9s.\" \/>\n<meta property=\"og:url\" content=\"https:\/\/nature-et-developpement.com\/bem\/produit\/parquet-massif-brut-haut-de-gamme-a-coller-clouer-chene-et-autres-essences-bem\/\" \/>\n<meta property=\"og:site_name\" content=\"Bien-\u00catre Mat\u00e9riaux\" \/>\n<meta property=\"article:modified_time\" content=\"2025-06-13T15:24:34+00:00\" \/>\n<meta property=\"og:image\" content=\"https:\/\/nature-et-developpement.com\/bem\/wp-content\/uploads\/sites\/17\/2019\/09\/25727-Parquet-massif-Haut-de-Gamme-a-coller-Chene-1er-choix-130-mm-coupe-perdue.jpg\" \/>\n\t<meta property=\"og:image:width\" content=\"800\" \/>\n\t<meta property=\"og:image:height\" content=\"800\" \/>\n\t<meta property=\"og:image:type\" content=\"image\/jpeg\" \/>\n<meta name=\"twitter:card\" content=\"summary_large_image\" \/>\n<meta name=\"twitter:label1\" content=\"Dur\u00e9e de lecture estim\u00e9e\" \/>\n\t<meta name=\"twitter:data1\" content=\"1 minute\" \/>\n<script type=\"application\/ld+json\" class=\"yoast-schema-graph\">{\"@context\":\"https:\\\/\\\/schema.org\",\"@graph\":[{\"@type\":\"WebPage\",\"@id\":\"https:\\\/\\\/nature-et-developpement.com\\\/bem\\\/produit\\\/parquet-massif-brut-haut-de-gamme-a-coller-clouer-chene-et-autres-essences-bem\\\/\",\"url\":\"https:\\\/\\\/nature-et-developpement.com\\\/bem\\\/produit\\\/parquet-massif-brut-haut-de-gamme-a-coller-clouer-chene-et-autres-essences-bem\\\/\",\"name\":\"Parquet massif brut Haut de Gamme \u00e0 coller\\\/clouer Ch\u00eane et autres essences (BEM)\",\"isPartOf\":{\"@id\":\"https:\\\/\\\/nature-et-developpement.com\\\/bem\\\/#website\"},\"primaryImageOfPage\":{\"@id\":\"https:\\\/\\\/nature-et-developpement.com\\\/bem\\\/produit\\\/parquet-massif-brut-haut-de-gamme-a-coller-clouer-chene-et-autres-essences-bem\\\/#primaryimage\"},\"image\":{\"@id\":\"https:\\\/\\\/nature-et-developpement.com\\\/bem\\\/produit\\\/parquet-massif-brut-haut-de-gamme-a-coller-clouer-chene-et-autres-essences-bem\\\/#primaryimage\"},\"thumbnailUrl\":\"https:\\\/\\\/nature-et-developpement.com\\\/bem\\\/wp-content\\\/uploads\\\/sites\\\/17\\\/2019\\\/09\\\/25727-Parquet-massif-Haut-de-Gamme-a-coller-Chene-1er-choix-130-mm-coupe-perdue.jpg\",\"datePublished\":\"2019-09-02T07:18:26+00:00\",\"dateModified\":\"2025-06-13T15:24:34+00:00\",\"description\":\"Implant\u00e9 au coeur de la Sologne, notre fournisseur ne travaille qu\u2019avec des bois locaux, exploitant des for\u00eats dans un rayon de 100 km maximum, et compl\u00e9tant ses approvisionnements par des bois provenant de for\u00eats g\u00e9r\u00e9es durablement. L\u2019usine propose une gamme avec marquage NF FCBA 25 (choix \u00ab Premier \u00bb, \u00ab Rustique \u00bb et \u00ab Nature \u00bb\u00a0 en 15 et 23 mm), d\u2019une qualit\u00e9 standardis\u00e9e, et accepte de nous fournir des lots non trait\u00e9s.\",\"breadcrumb\":{\"@id\":\"https:\\\/\\\/nature-et-developpement.com\\\/bem\\\/produit\\\/parquet-massif-brut-haut-de-gamme-a-coller-clouer-chene-et-autres-essences-bem\\\/#breadcrumb\"},\"inLanguage\":\"fr-FR\",\"potentialAction\":[{\"@type\":\"ReadAction\",\"target\":[\"https:\\\/\\\/nature-et-developpement.com\\\/bem\\\/produit\\\/parquet-massif-brut-haut-de-gamme-a-coller-clouer-chene-et-autres-essences-bem\\\/\"]}]},{\"@type\":\"ImageObject\",\"inLanguage\":\"fr-FR\",\"@id\":\"https:\\\/\\\/nature-et-developpement.com\\\/bem\\\/produit\\\/parquet-massif-brut-haut-de-gamme-a-coller-clouer-chene-et-autres-essences-bem\\\/#primaryimage\",\"url\":\"https:\\\/\\\/nature-et-developpement.com\\\/bem\\\/wp-content\\\/uploads\\\/sites\\\/17\\\/2019\\\/09\\\/25727-Parquet-massif-Haut-de-Gamme-a-coller-Chene-1er-choix-130-mm-coupe-perdue.jpg\",\"contentUrl\":\"https:\\\/\\\/nature-et-developpement.com\\\/bem\\\/wp-content\\\/uploads\\\/sites\\\/17\\\/2019\\\/09\\\/25727-Parquet-massif-Haut-de-Gamme-a-coller-Chene-1er-choix-130-mm-coupe-perdue.jpg\",\"width\":800,\"height\":800,\"caption\":\"Parquet massif Haut de Gamme \u00e0 coller Ch\u00eane 1er choix 130 mm \\\"coupe perdue\\\"\"},{\"@type\":\"BreadcrumbList\",\"@id\":\"https:\\\/\\\/nature-et-developpement.com\\\/bem\\\/produit\\\/parquet-massif-brut-haut-de-gamme-a-coller-clouer-chene-et-autres-essences-bem\\\/#breadcrumb\",\"itemListElement\":[{\"@type\":\"ListItem\",\"position\":1,\"name\":\"Accueil\",\"item\":\"https:\\\/\\\/nature-et-developpement.com\\\/bem\\\/\"},{\"@type\":\"ListItem\",\"position\":2,\"name\":\"Produits\",\"item\":\"https:\\\/\\\/nature-et-developpement.com\\\/bem\\\/shop\\\/\"},{\"@type\":\"ListItem\",\"position\":3,\"name\":\"Parquets bois, stratifi\u00e9s et li\u00e8ge\",\"item\":\"https:\\\/\\\/nature-et-developpement.com\\\/bem\\\/produits\\\/parquet-et-sol-naturels\\\/\"},{\"@type\":\"ListItem\",\"position\":4,\"name\":\"Parquets bois\",\"item\":\"https:\\\/\\\/nature-et-developpement.com\\\/bem\\\/produits\\\/parquet-et-sol-naturels\\\/parquets-bois\\\/\"},{\"@type\":\"ListItem\",\"position\":5,\"name\":\"Parquet massif brut Haut de Gamme \u00e0 coller\\\/clouer Ch\u00eane et autres essences (BEM)\"}]},{\"@type\":\"WebSite\",\"@id\":\"https:\\\/\\\/nature-et-developpement.com\\\/bem\\\/#website\",\"url\":\"https:\\\/\\\/nature-et-developpement.com\\\/bem\\\/\",\"name\":\"Bien-\u00catre Mat\u00e9riaux\",\"description\":\"Bien-Etre Mat\u00e9riaux est membre du groupement Nature &amp; D\u00e9veloppement\",\"potentialAction\":[{\"@type\":\"SearchAction\",\"target\":{\"@type\":\"EntryPoint\",\"urlTemplate\":\"https:\\\/\\\/nature-et-developpement.com\\\/bem\\\/?s={search_term_string}\"},\"query-input\":{\"@type\":\"PropertyValueSpecification\",\"valueRequired\":true,\"valueName\":\"search_term_string\"}}],\"inLanguage\":\"fr-FR\"}]}<\/script>\n<!-- \/ Yoast SEO plugin. -->","yoast_head_json":{"title":"Parquet massif brut Haut de Gamme \u00e0 coller\/clouer Ch\u00eane et autres essences (BEM)","description":"Implant\u00e9 au coeur de la Sologne, notre fournisseur ne travaille qu\u2019avec des bois locaux, exploitant des for\u00eats dans un rayon de 100 km maximum, et compl\u00e9tant ses approvisionnements par des bois provenant de for\u00eats g\u00e9r\u00e9es durablement. L\u2019usine propose une gamme avec marquage NF FCBA 25 (choix \u00ab Premier \u00bb, \u00ab Rustique \u00bb et \u00ab Nature \u00bb\u00a0 en 15 et 23 mm), d\u2019une qualit\u00e9 standardis\u00e9e, et accepte de nous fournir des lots non trait\u00e9s.","robots":{"index":"noindex","follow":"follow"},"og_locale":"fr_FR","og_type":"article","og_title":"Parquet massif brut Haut de Gamme \u00e0 coller\/clouer Ch\u00eane et autres essences (BEM)","og_description":"Implant\u00e9 au coeur de la Sologne, notre fournisseur ne travaille qu\u2019avec des bois locaux, exploitant des for\u00eats dans un rayon de 100 km maximum, et compl\u00e9tant ses approvisionnements par des bois provenant de for\u00eats g\u00e9r\u00e9es durablement. L\u2019usine propose une gamme avec marquage NF FCBA 25 (choix \u00ab Premier \u00bb, \u00ab Rustique \u00bb et \u00ab Nature \u00bb\u00a0 en 15 et 23 mm), d\u2019une qualit\u00e9 standardis\u00e9e, et accepte de nous fournir des lots non trait\u00e9s.","og_url":"https:\/\/nature-et-developpement.com\/bem\/produit\/parquet-massif-brut-haut-de-gamme-a-coller-clouer-chene-et-autres-essences-bem\/","og_site_name":"Bien-\u00catre Mat\u00e9riaux","article_modified_time":"2025-06-13T15:24:34+00:00","og_image":[{"width":800,"height":800,"url":"https:\/\/nature-et-developpement.com\/bem\/wp-content\/uploads\/sites\/17\/2019\/09\/25727-Parquet-massif-Haut-de-Gamme-a-coller-Chene-1er-choix-130-mm-coupe-perdue.jpg","type":"image\/jpeg"}],"twitter_card":"summary_large_image","twitter_misc":{"Dur\u00e9e de lecture estim\u00e9e":"1 minute"},"schema":{"@context":"https:\/\/schema.org","@graph":[{"@type":"WebPage","@id":"https:\/\/nature-et-developpement.com\/bem\/produit\/parquet-massif-brut-haut-de-gamme-a-coller-clouer-chene-et-autres-essences-bem\/","url":"https:\/\/nature-et-developpement.com\/bem\/produit\/parquet-massif-brut-haut-de-gamme-a-coller-clouer-chene-et-autres-essences-bem\/","name":"Parquet massif brut Haut de Gamme \u00e0 coller\/clouer Ch\u00eane et autres essences (BEM)","isPartOf":{"@id":"https:\/\/nature-et-developpement.com\/bem\/#website"},"primaryImageOfPage":{"@id":"https:\/\/nature-et-developpement.com\/bem\/produit\/parquet-massif-brut-haut-de-gamme-a-coller-clouer-chene-et-autres-essences-bem\/#primaryimage"},"image":{"@id":"https:\/\/nature-et-developpement.com\/bem\/produit\/parquet-massif-brut-haut-de-gamme-a-coller-clouer-chene-et-autres-essences-bem\/#primaryimage"},"thumbnailUrl":"https:\/\/nature-et-developpement.com\/bem\/wp-content\/uploads\/sites\/17\/2019\/09\/25727-Parquet-massif-Haut-de-Gamme-a-coller-Chene-1er-choix-130-mm-coupe-perdue.jpg","datePublished":"2019-09-02T07:18:26+00:00","dateModified":"2025-06-13T15:24:34+00:00","description":"Implant\u00e9 au coeur de la Sologne, notre fournisseur ne travaille qu\u2019avec des bois locaux, exploitant des for\u00eats dans un rayon de 100 km maximum, et compl\u00e9tant ses approvisionnements par des bois provenant de for\u00eats g\u00e9r\u00e9es durablement. L\u2019usine propose une gamme avec marquage NF FCBA 25 (choix \u00ab Premier \u00bb, \u00ab Rustique \u00bb et \u00ab Nature \u00bb\u00a0 en 15 et 23 mm), d\u2019une qualit\u00e9 standardis\u00e9e, et accepte de nous fournir des lots non trait\u00e9s.","breadcrumb":{"@id":"https:\/\/nature-et-developpement.com\/bem\/produit\/parquet-massif-brut-haut-de-gamme-a-coller-clouer-chene-et-autres-essences-bem\/#breadcrumb"},"inLanguage":"fr-FR","potentialAction":[{"@type":"ReadAction","target":["https:\/\/nature-et-developpement.com\/bem\/produit\/parquet-massif-brut-haut-de-gamme-a-coller-clouer-chene-et-autres-essences-bem\/"]}]},{"@type":"ImageObject","inLanguage":"fr-FR","@id":"https:\/\/nature-et-developpement.com\/bem\/produit\/parquet-massif-brut-haut-de-gamme-a-coller-clouer-chene-et-autres-essences-bem\/#primaryimage","url":"https:\/\/nature-et-developpement.com\/bem\/wp-content\/uploads\/sites\/17\/2019\/09\/25727-Parquet-massif-Haut-de-Gamme-a-coller-Chene-1er-choix-130-mm-coupe-perdue.jpg","contentUrl":"https:\/\/nature-et-developpement.com\/bem\/wp-content\/uploads\/sites\/17\/2019\/09\/25727-Parquet-massif-Haut-de-Gamme-a-coller-Chene-1er-choix-130-mm-coupe-perdue.jpg","width":800,"height":800,"caption":"Parquet massif Haut de Gamme \u00e0 coller Ch\u00eane 1er choix 130 mm \"coupe perdue\""},{"@type":"BreadcrumbList","@id":"https:\/\/nature-et-developpement.com\/bem\/produit\/parquet-massif-brut-haut-de-gamme-a-coller-clouer-chene-et-autres-essences-bem\/#breadcrumb","itemListElement":[{"@type":"ListItem","position":1,"name":"Accueil","item":"https:\/\/nature-et-developpement.com\/bem\/"},{"@type":"ListItem","position":2,"name":"Produits","item":"https:\/\/nature-et-developpement.com\/bem\/shop\/"},{"@type":"ListItem","position":3,"name":"Parquets bois, stratifi\u00e9s et li\u00e8ge","item":"https:\/\/nature-et-developpement.com\/bem\/produits\/parquet-et-sol-naturels\/"},{"@type":"ListItem","position":4,"name":"Parquets bois","item":"https:\/\/nature-et-developpement.com\/bem\/produits\/parquet-et-sol-naturels\/parquets-bois\/"},{"@type":"ListItem","position":5,"name":"Parquet massif brut Haut de Gamme \u00e0 coller\/clouer Ch\u00eane et autres essences (BEM)"}]},{"@type":"WebSite","@id":"https:\/\/nature-et-developpement.com\/bem\/#website","url":"https:\/\/nature-et-developpement.com\/bem\/","name":"Bien-\u00catre Mat\u00e9riaux","description":"Bien-Etre Mat\u00e9riaux est membre du groupement Nature &amp; D\u00e9veloppement","potentialAction":[{"@type":"SearchAction","target":{"@type":"EntryPoint","urlTemplate":"https:\/\/nature-et-developpement.com\/bem\/?s={search_term_string}"},"query-input":{"@type":"PropertyValueSpecification","valueRequired":true,"valueName":"search_term_string"}}],"inLanguage":"fr-FR"}]}},"distributor_meta":false,"distributor_terms":false,"distributor_media":false,"distributor_original_site_name":"Bien-\u00catre Mat\u00e9riaux","distributor_original_site_url":"https:\/\/nature-et-developpement.com\/bem","push-errors":false,"_links":{"self":[{"href":"https:\/\/nature-et-developpement.com\/bem\/wp-json\/wp\/v2\/product\/13103","targetHints":{"allow":["GET"]}}],"collection":[{"href":"https:\/\/nature-et-developpement.com\/bem\/wp-json\/wp\/v2\/product"}],"about":[{"href":"https:\/\/nature-et-developpement.com\/bem\/wp-json\/wp\/v2\/types\/product"}],"wp:featuredmedia":[{"embeddable":true,"href":"https:\/\/nature-et-developpement.com\/bem\/wp-json\/wp\/v2\/media\/13102"}],"wp:attachment":[{"href":"https:\/\/nature-et-developpement.com\/bem\/wp-json\/wp\/v2\/media?parent=13103"}],"wp:term":[{"taxonomy":"product_brand","embeddable":true,"href":"https:\/\/nature-et-developpement.com\/bem\/wp-json\/wp\/v2\/product_brand?post=13103"},{"taxonomy":"product_cat","embeddable":true,"href":"https:\/\/nature-et-developpement.com\/bem\/wp-json\/wp\/v2\/product_cat?post=13103"},{"taxonomy":"product_tag","embeddable":true,"href":"https:\/\/nature-et-developpement.com\/bem\/wp-json\/wp\/v2\/product_tag?post=13103"}],"curies":[{"name":"wp","href":"https:\/\/api.w.org\/{rel}","templated":true}]}}