{"id":13126,"date":"2019-09-02T10:52:15","date_gmt":"2019-09-02T08:52:15","guid":{"rendered":"https:\/\/nature-et-developpement.com\/bem\/produit\/linoleum-forbo-rouleaux-a-coller-gammes-marmoleum-real-fresco-vivace-walton-concrete-striato-piano-graphic-splash-terra-bem\/"},"modified":"2025-06-13T17:22:39","modified_gmt":"2025-06-13T15:22:39","slug":"linoleum-forbo-rouleaux-a-coller-gammes-marmoleum-real-fresco-vivace-walton-concrete-striato-piano-graphic-splash-terra-bem","status":"publish","type":"product","link":"https:\/\/nature-et-developpement.com\/bem\/produit\/linoleum-forbo-rouleaux-a-coller-gammes-marmoleum-real-fresco-vivace-walton-concrete-striato-piano-graphic-splash-terra-bem\/","title":{"rendered":"Linoleum FORBO Rouleaux \u00e0 coller &#8211; Gammes Marmoleum Real\/Fresco\/Vivace\/Walton\/Concrete\/Striato\/Piano\/Graphic\/Splash\/Terra (BEM)"},"content":{"rendered":"<p><span>Compos\u00e9 d\u2019huile de lin, de r\u00e9sines naturelles, de farine de bois et li\u00e8ge, il est color\u00e9 avec des pigments naturels, et b\u00e9n\u00e9ficie de la classe d\u2019\u00e9missions A+. C\u2019est un produit solide, tr\u00e8s r\u00e9sistant \u00e0 l\u2019usage intensif et au poin\u00e7onnement, peu sensible \u00e0 la br\u00fblure de cigarette. Il a des qualit\u00e9s naturelles antibact\u00e9riennes, anallergiques et antistatiques.<\/span><\/p>\n<p><span>Pour consulter les nuanciers complets <\/span>: <span><a href=\"https:\/\/www.forbo.com\/flooring\/fr-fr\/produits\/linoleum-naturel-marmoleum\/marmoleum-marbled-compact\/marmoleum-real\/b05699\">Real<\/a> \/\u00a0<a href=\"https:\/\/www.forbo.com\/flooring\/fr-fr\/produits\/linoleum-naturel-marmoleum\/marmoleum-marbled-compact\/marmoleum-fresco\/b5kb65\">Fresco<\/a> \/\u00a0<a href=\"https:\/\/www.forbo.com\/flooring\/fr-fr\/produits\/linoleum-naturel-marmoleum\/marmoleum-marbled-compact\/marmoleum-vivace\/benxr5\">Vivace<\/a> <span class=\"table_content\">\/\u00a0<a href=\"https:\/\/www.forbo.com\/flooring\/fr-fr\/produits\/linoleum-naturel-marmoleum\/marmoleum-marbled-compact\/marmoleum-splash\/b6xyh9\">Splash<\/a><\/span> \/<span class=\"table_content\"> <a href=\"https:\/\/www.forbo.com\/flooring\/fr-fr\/produits\/linoleum-naturel-marmoleum\/marmoleum-marbled-compact\/marmoleum-terra\/b2it9j\">Terra<\/a> \/<\/span> <\/span><span class=\"table_content\"><span class=\"table_content\"><a href=\"https:\/\/www.forbo.com\/flooring\/fr-fr\/produits\/linoleum-naturel-marmoleum\/marmoleum-solid-compact\/marmoleum-concrete\/b3giam\">Concrete<\/a> \/<\/span><span class=\"table_content\"> <a href=\"https:\/\/www.forbo.com\/flooring\/fr-fr\/produits\/linoleum-naturel-marmoleum\/marmoleum-solid-compact\/marmoleum-piano\/b5j5ik\">Piano<\/a> \/\u00a0<\/span><a href=\"https:\/\/www.forbo.com\/flooring\/fr-fr\/produits\/linoleum-naturel-marmoleum\/marmoleum-solid-compact\/marmoleum-walton\/bj218v\">Walton<\/a> \/\u00a0<a href=\"https:\/\/www.forbo.com\/flooring\/fr-fr\/produits\/linoleum-naturel-marmoleum\/marmoleum-striato-compact\/marmoleum-striato-colour\/b9oiyl\">Striato Colour<\/a> \/ <a href=\"https:\/\/www.forbo.com\/flooring\/fr-fr\/produits\/linoleum-naturel-marmoleum\/marmoleum-striato-compact\/marmoleum-striato-original\/b8nkih\">Striato Original<\/a><br \/><\/span><\/p>\n","protected":false},"excerpt":{"rendered":"<p><span><span>Linoleum traditionnel en rouleaux, \u00e9paisseur 2,5mm, <span>largeur 2 m\u00e8tres, longueur 30m, d\u00e9tail possible \u00e0 partir de 6m\u00b2.<\/span><\/span><\/span><\/p>\n","protected":false},"featured_media":13118,"template":"","meta":[],"product_brand":[9186,8797],"product_cat":[1674],"product_tag":[],"class_list":{"0":"post-13126","1":"product","2":"type-product","3":"status-publish","4":"has-post-thumbnail","6":"product_brand-forbo","7":"product_brand-produits-bem","8":"product_cat-sols-en-liege-linoleum-et-stratifies","10":"first","11":"instock","12":"taxable","13":"shipping-taxable","14":"purchasable","15":"product-type-simple"},"yoast_head":"<!-- This site is optimized with the Yoast SEO plugin v27.5 - https:\/\/yoast.com\/product\/yoast-seo-wordpress\/ -->\n<title>Linoleum FORBO Rouleaux \u00e0 coller - Gammes Marmoleum Real\/Fresco\/Vivace\/Walton\/Concrete\/Striato\/Piano\/Graphic\/Splash\/Terra (BEM)<\/title>\n<meta name=\"description\" content=\"Linoleum traditionnel en rouleaux, \u00e9paisseur 2,5mm, largeur 2 m\u00e8tres, longueur 30m, d\u00e9tail possible \u00e0 partir de 6m\u00b2.\" \/>\n<meta name=\"robots\" content=\"noindex, follow\" \/>\n<meta property=\"og:locale\" content=\"fr_FR\" \/>\n<meta property=\"og:type\" content=\"article\" \/>\n<meta property=\"og:title\" content=\"Linoleum FORBO Rouleaux \u00e0 coller - Gammes Marmoleum Real\/Fresco\/Vivace\/Walton\/Concrete\/Striato\/Piano\/Graphic\/Splash\/Terra (BEM)\" \/>\n<meta property=\"og:description\" content=\"Linoleum traditionnel en rouleaux, \u00e9paisseur 2,5mm, largeur 2 m\u00e8tres, longueur 30m, d\u00e9tail possible \u00e0 partir de 6m\u00b2.\" \/>\n<meta property=\"og:url\" content=\"https:\/\/nature-et-developpement.com\/bem\/produit\/linoleum-forbo-rouleaux-a-coller-gammes-marmoleum-real-fresco-vivace-walton-concrete-striato-piano-graphic-splash-terra-bem\/\" \/>\n<meta property=\"og:site_name\" content=\"Bien-\u00catre Mat\u00e9riaux\" \/>\n<meta property=\"article:modified_time\" content=\"2025-06-13T15:22:39+00:00\" \/>\n<meta property=\"og:image\" content=\"https:\/\/nature-et-developpement.com\/bem\/wp-content\/uploads\/sites\/17\/2019\/09\/26356-Linoleum-FORBO-Rouleaux-a-coller-Gammes-RealFrescoVivaceWaltonConcreteStriatoPianoGraphicTerra.jpg\" \/>\n\t<meta property=\"og:image:width\" content=\"800\" \/>\n\t<meta property=\"og:image:height\" content=\"800\" \/>\n\t<meta property=\"og:image:type\" content=\"image\/jpeg\" \/>\n<meta name=\"twitter:card\" content=\"summary_large_image\" \/>\n<script type=\"application\/ld+json\" class=\"yoast-schema-graph\">{\"@context\":\"https:\\\/\\\/schema.org\",\"@graph\":[{\"@type\":\"WebPage\",\"@id\":\"https:\\\/\\\/nature-et-developpement.com\\\/bem\\\/produit\\\/linoleum-forbo-rouleaux-a-coller-gammes-marmoleum-real-fresco-vivace-walton-concrete-striato-piano-graphic-splash-terra-bem\\\/\",\"url\":\"https:\\\/\\\/nature-et-developpement.com\\\/bem\\\/produit\\\/linoleum-forbo-rouleaux-a-coller-gammes-marmoleum-real-fresco-vivace-walton-concrete-striato-piano-graphic-splash-terra-bem\\\/\",\"name\":\"Linoleum FORBO Rouleaux \u00e0 coller - Gammes Marmoleum Real\\\/Fresco\\\/Vivace\\\/Walton\\\/Concrete\\\/Striato\\\/Piano\\\/Graphic\\\/Splash\\\/Terra (BEM)\",\"isPartOf\":{\"@id\":\"https:\\\/\\\/nature-et-developpement.com\\\/bem\\\/#website\"},\"primaryImageOfPage\":{\"@id\":\"https:\\\/\\\/nature-et-developpement.com\\\/bem\\\/produit\\\/linoleum-forbo-rouleaux-a-coller-gammes-marmoleum-real-fresco-vivace-walton-concrete-striato-piano-graphic-splash-terra-bem\\\/#primaryimage\"},\"image\":{\"@id\":\"https:\\\/\\\/nature-et-developpement.com\\\/bem\\\/produit\\\/linoleum-forbo-rouleaux-a-coller-gammes-marmoleum-real-fresco-vivace-walton-concrete-striato-piano-graphic-splash-terra-bem\\\/#primaryimage\"},\"thumbnailUrl\":\"https:\\\/\\\/nature-et-developpement.com\\\/bem\\\/wp-content\\\/uploads\\\/sites\\\/17\\\/2019\\\/09\\\/26356-Linoleum-FORBO-Rouleaux-a-coller-Gammes-RealFrescoVivaceWaltonConcreteStriatoPianoGraphicTerra.jpg\",\"datePublished\":\"2019-09-02T08:52:15+00:00\",\"dateModified\":\"2025-06-13T15:22:39+00:00\",\"description\":\"Linoleum traditionnel en rouleaux, \u00e9paisseur 2,5mm, largeur 2 m\u00e8tres, longueur 30m, d\u00e9tail possible \u00e0 partir de 6m\u00b2.\",\"breadcrumb\":{\"@id\":\"https:\\\/\\\/nature-et-developpement.com\\\/bem\\\/produit\\\/linoleum-forbo-rouleaux-a-coller-gammes-marmoleum-real-fresco-vivace-walton-concrete-striato-piano-graphic-splash-terra-bem\\\/#breadcrumb\"},\"inLanguage\":\"fr-FR\",\"potentialAction\":[{\"@type\":\"ReadAction\",\"target\":[\"https:\\\/\\\/nature-et-developpement.com\\\/bem\\\/produit\\\/linoleum-forbo-rouleaux-a-coller-gammes-marmoleum-real-fresco-vivace-walton-concrete-striato-piano-graphic-splash-terra-bem\\\/\"]}]},{\"@type\":\"ImageObject\",\"inLanguage\":\"fr-FR\",\"@id\":\"https:\\\/\\\/nature-et-developpement.com\\\/bem\\\/produit\\\/linoleum-forbo-rouleaux-a-coller-gammes-marmoleum-real-fresco-vivace-walton-concrete-striato-piano-graphic-splash-terra-bem\\\/#primaryimage\",\"url\":\"https:\\\/\\\/nature-et-developpement.com\\\/bem\\\/wp-content\\\/uploads\\\/sites\\\/17\\\/2019\\\/09\\\/26356-Linoleum-FORBO-Rouleaux-a-coller-Gammes-RealFrescoVivaceWaltonConcreteStriatoPianoGraphicTerra.jpg\",\"contentUrl\":\"https:\\\/\\\/nature-et-developpement.com\\\/bem\\\/wp-content\\\/uploads\\\/sites\\\/17\\\/2019\\\/09\\\/26356-Linoleum-FORBO-Rouleaux-a-coller-Gammes-RealFrescoVivaceWaltonConcreteStriatoPianoGraphicTerra.jpg\",\"width\":800,\"height\":800,\"caption\":\"Linoleum FORBO Rouleaux \u00e0 coller - Gammes Real\\\/Fresco\\\/Vivace\\\/Walton\\\/Concrete\\\/Striato\\\/Piano\\\/Graphic\\\/Terra\"},{\"@type\":\"BreadcrumbList\",\"@id\":\"https:\\\/\\\/nature-et-developpement.com\\\/bem\\\/produit\\\/linoleum-forbo-rouleaux-a-coller-gammes-marmoleum-real-fresco-vivace-walton-concrete-striato-piano-graphic-splash-terra-bem\\\/#breadcrumb\",\"itemListElement\":[{\"@type\":\"ListItem\",\"position\":1,\"name\":\"Accueil\",\"item\":\"https:\\\/\\\/nature-et-developpement.com\\\/bem\\\/\"},{\"@type\":\"ListItem\",\"position\":2,\"name\":\"Produits\",\"item\":\"https:\\\/\\\/nature-et-developpement.com\\\/bem\\\/shop\\\/\"},{\"@type\":\"ListItem\",\"position\":3,\"name\":\"Parquets bois, stratifi\u00e9s et li\u00e8ge\",\"item\":\"https:\\\/\\\/nature-et-developpement.com\\\/bem\\\/produits\\\/parquet-et-sol-naturels\\\/\"},{\"@type\":\"ListItem\",\"position\":4,\"name\":\"Sols linol\u00e9um et stratifi\u00e9s\",\"item\":\"https:\\\/\\\/nature-et-developpement.com\\\/bem\\\/produits\\\/parquet-et-sol-naturels\\\/sols-en-liege-linoleum-et-stratifies\\\/\"},{\"@type\":\"ListItem\",\"position\":5,\"name\":\"Linoleum FORBO Rouleaux \u00e0 coller &#8211; Gammes Marmoleum Real\\\/Fresco\\\/Vivace\\\/Walton\\\/Concrete\\\/Striato\\\/Piano\\\/Graphic\\\/Splash\\\/Terra (BEM)\"}]},{\"@type\":\"WebSite\",\"@id\":\"https:\\\/\\\/nature-et-developpement.com\\\/bem\\\/#website\",\"url\":\"https:\\\/\\\/nature-et-developpement.com\\\/bem\\\/\",\"name\":\"Bien-\u00catre Mat\u00e9riaux\",\"description\":\"Bien-Etre Mat\u00e9riaux est membre du groupement Nature &amp; D\u00e9veloppement\",\"potentialAction\":[{\"@type\":\"SearchAction\",\"target\":{\"@type\":\"EntryPoint\",\"urlTemplate\":\"https:\\\/\\\/nature-et-developpement.com\\\/bem\\\/?s={search_term_string}\"},\"query-input\":{\"@type\":\"PropertyValueSpecification\",\"valueRequired\":true,\"valueName\":\"search_term_string\"}}],\"inLanguage\":\"fr-FR\"}]}<\/script>\n<!-- \/ Yoast SEO plugin. -->","yoast_head_json":{"title":"Linoleum FORBO Rouleaux \u00e0 coller - Gammes Marmoleum Real\/Fresco\/Vivace\/Walton\/Concrete\/Striato\/Piano\/Graphic\/Splash\/Terra (BEM)","description":"Linoleum traditionnel en rouleaux, \u00e9paisseur 2,5mm, largeur 2 m\u00e8tres, longueur 30m, d\u00e9tail possible \u00e0 partir de 6m\u00b2.","robots":{"index":"noindex","follow":"follow"},"og_locale":"fr_FR","og_type":"article","og_title":"Linoleum FORBO Rouleaux \u00e0 coller - Gammes Marmoleum Real\/Fresco\/Vivace\/Walton\/Concrete\/Striato\/Piano\/Graphic\/Splash\/Terra (BEM)","og_description":"Linoleum traditionnel en rouleaux, \u00e9paisseur 2,5mm, largeur 2 m\u00e8tres, longueur 30m, d\u00e9tail possible \u00e0 partir de 6m\u00b2.","og_url":"https:\/\/nature-et-developpement.com\/bem\/produit\/linoleum-forbo-rouleaux-a-coller-gammes-marmoleum-real-fresco-vivace-walton-concrete-striato-piano-graphic-splash-terra-bem\/","og_site_name":"Bien-\u00catre Mat\u00e9riaux","article_modified_time":"2025-06-13T15:22:39+00:00","og_image":[{"width":800,"height":800,"url":"https:\/\/nature-et-developpement.com\/bem\/wp-content\/uploads\/sites\/17\/2019\/09\/26356-Linoleum-FORBO-Rouleaux-a-coller-Gammes-RealFrescoVivaceWaltonConcreteStriatoPianoGraphicTerra.jpg","type":"image\/jpeg"}],"twitter_card":"summary_large_image","schema":{"@context":"https:\/\/schema.org","@graph":[{"@type":"WebPage","@id":"https:\/\/nature-et-developpement.com\/bem\/produit\/linoleum-forbo-rouleaux-a-coller-gammes-marmoleum-real-fresco-vivace-walton-concrete-striato-piano-graphic-splash-terra-bem\/","url":"https:\/\/nature-et-developpement.com\/bem\/produit\/linoleum-forbo-rouleaux-a-coller-gammes-marmoleum-real-fresco-vivace-walton-concrete-striato-piano-graphic-splash-terra-bem\/","name":"Linoleum FORBO Rouleaux \u00e0 coller - Gammes Marmoleum Real\/Fresco\/Vivace\/Walton\/Concrete\/Striato\/Piano\/Graphic\/Splash\/Terra (BEM)","isPartOf":{"@id":"https:\/\/nature-et-developpement.com\/bem\/#website"},"primaryImageOfPage":{"@id":"https:\/\/nature-et-developpement.com\/bem\/produit\/linoleum-forbo-rouleaux-a-coller-gammes-marmoleum-real-fresco-vivace-walton-concrete-striato-piano-graphic-splash-terra-bem\/#primaryimage"},"image":{"@id":"https:\/\/nature-et-developpement.com\/bem\/produit\/linoleum-forbo-rouleaux-a-coller-gammes-marmoleum-real-fresco-vivace-walton-concrete-striato-piano-graphic-splash-terra-bem\/#primaryimage"},"thumbnailUrl":"https:\/\/nature-et-developpement.com\/bem\/wp-content\/uploads\/sites\/17\/2019\/09\/26356-Linoleum-FORBO-Rouleaux-a-coller-Gammes-RealFrescoVivaceWaltonConcreteStriatoPianoGraphicTerra.jpg","datePublished":"2019-09-02T08:52:15+00:00","dateModified":"2025-06-13T15:22:39+00:00","description":"Linoleum traditionnel en rouleaux, \u00e9paisseur 2,5mm, largeur 2 m\u00e8tres, longueur 30m, d\u00e9tail possible \u00e0 partir de 6m\u00b2.","breadcrumb":{"@id":"https:\/\/nature-et-developpement.com\/bem\/produit\/linoleum-forbo-rouleaux-a-coller-gammes-marmoleum-real-fresco-vivace-walton-concrete-striato-piano-graphic-splash-terra-bem\/#breadcrumb"},"inLanguage":"fr-FR","potentialAction":[{"@type":"ReadAction","target":["https:\/\/nature-et-developpement.com\/bem\/produit\/linoleum-forbo-rouleaux-a-coller-gammes-marmoleum-real-fresco-vivace-walton-concrete-striato-piano-graphic-splash-terra-bem\/"]}]},{"@type":"ImageObject","inLanguage":"fr-FR","@id":"https:\/\/nature-et-developpement.com\/bem\/produit\/linoleum-forbo-rouleaux-a-coller-gammes-marmoleum-real-fresco-vivace-walton-concrete-striato-piano-graphic-splash-terra-bem\/#primaryimage","url":"https:\/\/nature-et-developpement.com\/bem\/wp-content\/uploads\/sites\/17\/2019\/09\/26356-Linoleum-FORBO-Rouleaux-a-coller-Gammes-RealFrescoVivaceWaltonConcreteStriatoPianoGraphicTerra.jpg","contentUrl":"https:\/\/nature-et-developpement.com\/bem\/wp-content\/uploads\/sites\/17\/2019\/09\/26356-Linoleum-FORBO-Rouleaux-a-coller-Gammes-RealFrescoVivaceWaltonConcreteStriatoPianoGraphicTerra.jpg","width":800,"height":800,"caption":"Linoleum FORBO Rouleaux \u00e0 coller - Gammes Real\/Fresco\/Vivace\/Walton\/Concrete\/Striato\/Piano\/Graphic\/Terra"},{"@type":"BreadcrumbList","@id":"https:\/\/nature-et-developpement.com\/bem\/produit\/linoleum-forbo-rouleaux-a-coller-gammes-marmoleum-real-fresco-vivace-walton-concrete-striato-piano-graphic-splash-terra-bem\/#breadcrumb","itemListElement":[{"@type":"ListItem","position":1,"name":"Accueil","item":"https:\/\/nature-et-developpement.com\/bem\/"},{"@type":"ListItem","position":2,"name":"Produits","item":"https:\/\/nature-et-developpement.com\/bem\/shop\/"},{"@type":"ListItem","position":3,"name":"Parquets bois, stratifi\u00e9s et li\u00e8ge","item":"https:\/\/nature-et-developpement.com\/bem\/produits\/parquet-et-sol-naturels\/"},{"@type":"ListItem","position":4,"name":"Sols linol\u00e9um et stratifi\u00e9s","item":"https:\/\/nature-et-developpement.com\/bem\/produits\/parquet-et-sol-naturels\/sols-en-liege-linoleum-et-stratifies\/"},{"@type":"ListItem","position":5,"name":"Linoleum FORBO Rouleaux \u00e0 coller &#8211; Gammes Marmoleum Real\/Fresco\/Vivace\/Walton\/Concrete\/Striato\/Piano\/Graphic\/Splash\/Terra (BEM)"}]},{"@type":"WebSite","@id":"https:\/\/nature-et-developpement.com\/bem\/#website","url":"https:\/\/nature-et-developpement.com\/bem\/","name":"Bien-\u00catre Mat\u00e9riaux","description":"Bien-Etre Mat\u00e9riaux est membre du groupement Nature &amp; D\u00e9veloppement","potentialAction":[{"@type":"SearchAction","target":{"@type":"EntryPoint","urlTemplate":"https:\/\/nature-et-developpement.com\/bem\/?s={search_term_string}"},"query-input":{"@type":"PropertyValueSpecification","valueRequired":true,"valueName":"search_term_string"}}],"inLanguage":"fr-FR"}]}},"distributor_meta":false,"distributor_terms":false,"distributor_media":false,"distributor_original_site_name":"Bien-\u00catre Mat\u00e9riaux","distributor_original_site_url":"https:\/\/nature-et-developpement.com\/bem","push-errors":false,"_links":{"self":[{"href":"https:\/\/nature-et-developpement.com\/bem\/wp-json\/wp\/v2\/product\/13126","targetHints":{"allow":["GET"]}}],"collection":[{"href":"https:\/\/nature-et-developpement.com\/bem\/wp-json\/wp\/v2\/product"}],"about":[{"href":"https:\/\/nature-et-developpement.com\/bem\/wp-json\/wp\/v2\/types\/product"}],"wp:featuredmedia":[{"embeddable":true,"href":"https:\/\/nature-et-developpement.com\/bem\/wp-json\/wp\/v2\/media\/13118"}],"wp:attachment":[{"href":"https:\/\/nature-et-developpement.com\/bem\/wp-json\/wp\/v2\/media?parent=13126"}],"wp:term":[{"taxonomy":"product_brand","embeddable":true,"href":"https:\/\/nature-et-developpement.com\/bem\/wp-json\/wp\/v2\/product_brand?post=13126"},{"taxonomy":"product_cat","embeddable":true,"href":"https:\/\/nature-et-developpement.com\/bem\/wp-json\/wp\/v2\/product_cat?post=13126"},{"taxonomy":"product_tag","embeddable":true,"href":"https:\/\/nature-et-developpement.com\/bem\/wp-json\/wp\/v2\/product_tag?post=13126"}],"curies":[{"name":"wp","href":"https:\/\/api.w.org\/{rel}","templated":true}]}}