{"id":13143,"date":"2019-09-02T11:39:32","date_gmt":"2019-09-02T09:39:32","guid":{"rendered":"https:\/\/nature-et-developpement.com\/bem\/produit\/colle-a-carrelage-blanche-colliflex-premium-v411-vpi-bem\/"},"modified":"2025-06-13T17:24:47","modified_gmt":"2025-06-13T15:24:47","slug":"colle-a-carrelage-blanche-colliflex-premium-v411-vpi-bem","status":"publish","type":"product","link":"https:\/\/nature-et-developpement.com\/bem\/produit\/colle-a-carrelage-blanche-colliflex-premium-v411-vpi-bem\/","title":{"rendered":"Colle \u00e0 carrelage Blanche COLLIFLEX PREMIUM V411 VPI (BEM)"},"content":{"rendered":"","protected":false},"excerpt":{"rendered":"<p>\u00c0 base de ciment, de couleur blanche, permet le collage de carreaux et de pierres naturelles de toutes porosit\u00e9s et de tous formats (faire double encollage pour carreaux d\u00e9passant 60&#215;60 cm), en sol et mur int\u00e9rieur, en sol ext\u00e9rieur et piscine priv\u00e9e, sur supports neufs ou anciens, et peut \u00eatre utilis\u00e9e sur chape anhydrite apr\u00e8s application du\u00a0primaire, ainsi que sur sol chauffant.<\/p>\n","protected":false},"featured_media":13142,"template":"","meta":[],"product_brand":[8797,9188],"product_cat":[61,1310],"product_tag":[],"class_list":{"0":"post-13143","1":"product","2":"type-product","3":"status-publish","4":"has-post-thumbnail","6":"product_brand-produits-bem","7":"product_brand-vpi","8":"product_cat-colle","9":"product_cat-tomette-beton-cire-pierre-naturelle","11":"first","12":"instock","13":"taxable","14":"shipping-taxable","15":"purchasable","16":"product-type-simple"},"yoast_head":"<!-- This site is optimized with the Yoast SEO plugin v27.5 - https:\/\/yoast.com\/product\/yoast-seo-wordpress\/ -->\n<title>Colle \u00e0 carrelage Blanche COLLIFLEX PREMIUM V411 VPI (BEM)<\/title>\n<meta name=\"description\" content=\"\u00c0 base de ciment, de couleur blanche, permet le collage de carreaux et de pierres naturelles de toutes porosit\u00e9s et de tous formats (faire double encollage pour carreaux d\u00e9passant 60x60 cm), en sol et mur int\u00e9rieur, en sol ext\u00e9rieur et piscine priv\u00e9e, sur supports neufs ou anciens, et peut \u00eatre utilis\u00e9e sur chape anhydrite apr\u00e8s application du\u00a0primaire, ainsi que sur sol chauffant.\" \/>\n<meta name=\"robots\" content=\"noindex, follow\" \/>\n<meta property=\"og:locale\" content=\"fr_FR\" \/>\n<meta property=\"og:type\" content=\"article\" \/>\n<meta property=\"og:title\" content=\"Colle \u00e0 carrelage Blanche COLLIFLEX PREMIUM V411 VPI (BEM)\" \/>\n<meta property=\"og:description\" content=\"\u00c0 base de ciment, de couleur blanche, permet le collage de carreaux et de pierres naturelles de toutes porosit\u00e9s et de tous formats (faire double encollage pour carreaux d\u00e9passant 60x60 cm), en sol et mur int\u00e9rieur, en sol ext\u00e9rieur et piscine priv\u00e9e, sur supports neufs ou anciens, et peut \u00eatre utilis\u00e9e sur chape anhydrite apr\u00e8s application du\u00a0primaire, ainsi que sur sol chauffant.\" \/>\n<meta property=\"og:url\" content=\"https:\/\/nature-et-developpement.com\/bem\/produit\/colle-a-carrelage-blanche-colliflex-premium-v411-vpi-bem\/\" \/>\n<meta property=\"og:site_name\" content=\"Bien-\u00catre Mat\u00e9riaux\" \/>\n<meta property=\"article:modified_time\" content=\"2025-06-13T15:24:47+00:00\" \/>\n<meta property=\"og:image\" content=\"https:\/\/nature-et-developpement.com\/bem\/wp-content\/uploads\/sites\/17\/2019\/09\/26341-Colle-a-carrelage-Blanche-COLLIFLEX-PREMIUM-V411-VPI.jpg\" \/>\n\t<meta property=\"og:image:width\" content=\"800\" \/>\n\t<meta property=\"og:image:height\" content=\"800\" \/>\n\t<meta property=\"og:image:type\" content=\"image\/jpeg\" \/>\n<meta name=\"twitter:card\" content=\"summary_large_image\" \/>\n<script type=\"application\/ld+json\" class=\"yoast-schema-graph\">{\"@context\":\"https:\\\/\\\/schema.org\",\"@graph\":[{\"@type\":\"WebPage\",\"@id\":\"https:\\\/\\\/nature-et-developpement.com\\\/bem\\\/produit\\\/colle-a-carrelage-blanche-colliflex-premium-v411-vpi-bem\\\/\",\"url\":\"https:\\\/\\\/nature-et-developpement.com\\\/bem\\\/produit\\\/colle-a-carrelage-blanche-colliflex-premium-v411-vpi-bem\\\/\",\"name\":\"Colle \u00e0 carrelage Blanche COLLIFLEX PREMIUM V411 VPI (BEM)\",\"isPartOf\":{\"@id\":\"https:\\\/\\\/nature-et-developpement.com\\\/bem\\\/#website\"},\"primaryImageOfPage\":{\"@id\":\"https:\\\/\\\/nature-et-developpement.com\\\/bem\\\/produit\\\/colle-a-carrelage-blanche-colliflex-premium-v411-vpi-bem\\\/#primaryimage\"},\"image\":{\"@id\":\"https:\\\/\\\/nature-et-developpement.com\\\/bem\\\/produit\\\/colle-a-carrelage-blanche-colliflex-premium-v411-vpi-bem\\\/#primaryimage\"},\"thumbnailUrl\":\"https:\\\/\\\/nature-et-developpement.com\\\/bem\\\/wp-content\\\/uploads\\\/sites\\\/17\\\/2019\\\/09\\\/26341-Colle-a-carrelage-Blanche-COLLIFLEX-PREMIUM-V411-VPI.jpg\",\"datePublished\":\"2019-09-02T09:39:32+00:00\",\"dateModified\":\"2025-06-13T15:24:47+00:00\",\"description\":\"\u00c0 base de ciment, de couleur blanche, permet le collage de carreaux et de pierres naturelles de toutes porosit\u00e9s et de tous formats (faire double encollage pour carreaux d\u00e9passant 60x60 cm), en sol et mur int\u00e9rieur, en sol ext\u00e9rieur et piscine priv\u00e9e, sur supports neufs ou anciens, et peut \u00eatre utilis\u00e9e sur chape anhydrite apr\u00e8s application du\u00a0primaire, ainsi que sur sol chauffant.\",\"breadcrumb\":{\"@id\":\"https:\\\/\\\/nature-et-developpement.com\\\/bem\\\/produit\\\/colle-a-carrelage-blanche-colliflex-premium-v411-vpi-bem\\\/#breadcrumb\"},\"inLanguage\":\"fr-FR\",\"potentialAction\":[{\"@type\":\"ReadAction\",\"target\":[\"https:\\\/\\\/nature-et-developpement.com\\\/bem\\\/produit\\\/colle-a-carrelage-blanche-colliflex-premium-v411-vpi-bem\\\/\"]}]},{\"@type\":\"ImageObject\",\"inLanguage\":\"fr-FR\",\"@id\":\"https:\\\/\\\/nature-et-developpement.com\\\/bem\\\/produit\\\/colle-a-carrelage-blanche-colliflex-premium-v411-vpi-bem\\\/#primaryimage\",\"url\":\"https:\\\/\\\/nature-et-developpement.com\\\/bem\\\/wp-content\\\/uploads\\\/sites\\\/17\\\/2019\\\/09\\\/26341-Colle-a-carrelage-Blanche-COLLIFLEX-PREMIUM-V411-VPI.jpg\",\"contentUrl\":\"https:\\\/\\\/nature-et-developpement.com\\\/bem\\\/wp-content\\\/uploads\\\/sites\\\/17\\\/2019\\\/09\\\/26341-Colle-a-carrelage-Blanche-COLLIFLEX-PREMIUM-V411-VPI.jpg\",\"width\":800,\"height\":800,\"caption\":\"Colle \u00e0 carrelage Blanche COLLIFLEX PREMIUM V411 VPI\"},{\"@type\":\"BreadcrumbList\",\"@id\":\"https:\\\/\\\/nature-et-developpement.com\\\/bem\\\/produit\\\/colle-a-carrelage-blanche-colliflex-premium-v411-vpi-bem\\\/#breadcrumb\",\"itemListElement\":[{\"@type\":\"ListItem\",\"position\":1,\"name\":\"Accueil\",\"item\":\"https:\\\/\\\/nature-et-developpement.com\\\/bem\\\/\"},{\"@type\":\"ListItem\",\"position\":2,\"name\":\"Produits\",\"item\":\"https:\\\/\\\/nature-et-developpement.com\\\/bem\\\/shop\\\/\"},{\"@type\":\"ListItem\",\"position\":3,\"name\":\"Droguerie et outils\",\"item\":\"https:\\\/\\\/nature-et-developpement.com\\\/bem\\\/produits\\\/droguerie-et-outils\\\/\"},{\"@type\":\"ListItem\",\"position\":4,\"name\":\"Colle\",\"item\":\"https:\\\/\\\/nature-et-developpement.com\\\/bem\\\/produits\\\/droguerie-et-outils\\\/colle\\\/\"},{\"@type\":\"ListItem\",\"position\":5,\"name\":\"Colle \u00e0 carrelage Blanche COLLIFLEX PREMIUM V411 VPI (BEM)\"}]},{\"@type\":\"WebSite\",\"@id\":\"https:\\\/\\\/nature-et-developpement.com\\\/bem\\\/#website\",\"url\":\"https:\\\/\\\/nature-et-developpement.com\\\/bem\\\/\",\"name\":\"Bien-\u00catre Mat\u00e9riaux\",\"description\":\"Bien-Etre Mat\u00e9riaux est membre du groupement Nature &amp; D\u00e9veloppement\",\"potentialAction\":[{\"@type\":\"SearchAction\",\"target\":{\"@type\":\"EntryPoint\",\"urlTemplate\":\"https:\\\/\\\/nature-et-developpement.com\\\/bem\\\/?s={search_term_string}\"},\"query-input\":{\"@type\":\"PropertyValueSpecification\",\"valueRequired\":true,\"valueName\":\"search_term_string\"}}],\"inLanguage\":\"fr-FR\"}]}<\/script>\n<!-- \/ Yoast SEO plugin. -->","yoast_head_json":{"title":"Colle \u00e0 carrelage Blanche COLLIFLEX PREMIUM V411 VPI (BEM)","description":"\u00c0 base de ciment, de couleur blanche, permet le collage de carreaux et de pierres naturelles de toutes porosit\u00e9s et de tous formats (faire double encollage pour carreaux d\u00e9passant 60x60 cm), en sol et mur int\u00e9rieur, en sol ext\u00e9rieur et piscine priv\u00e9e, sur supports neufs ou anciens, et peut \u00eatre utilis\u00e9e sur chape anhydrite apr\u00e8s application du\u00a0primaire, ainsi que sur sol chauffant.","robots":{"index":"noindex","follow":"follow"},"og_locale":"fr_FR","og_type":"article","og_title":"Colle \u00e0 carrelage Blanche COLLIFLEX PREMIUM V411 VPI (BEM)","og_description":"\u00c0 base de ciment, de couleur blanche, permet le collage de carreaux et de pierres naturelles de toutes porosit\u00e9s et de tous formats (faire double encollage pour carreaux d\u00e9passant 60x60 cm), en sol et mur int\u00e9rieur, en sol ext\u00e9rieur et piscine priv\u00e9e, sur supports neufs ou anciens, et peut \u00eatre utilis\u00e9e sur chape anhydrite apr\u00e8s application du\u00a0primaire, ainsi que sur sol chauffant.","og_url":"https:\/\/nature-et-developpement.com\/bem\/produit\/colle-a-carrelage-blanche-colliflex-premium-v411-vpi-bem\/","og_site_name":"Bien-\u00catre Mat\u00e9riaux","article_modified_time":"2025-06-13T15:24:47+00:00","og_image":[{"width":800,"height":800,"url":"https:\/\/nature-et-developpement.com\/bem\/wp-content\/uploads\/sites\/17\/2019\/09\/26341-Colle-a-carrelage-Blanche-COLLIFLEX-PREMIUM-V411-VPI.jpg","type":"image\/jpeg"}],"twitter_card":"summary_large_image","schema":{"@context":"https:\/\/schema.org","@graph":[{"@type":"WebPage","@id":"https:\/\/nature-et-developpement.com\/bem\/produit\/colle-a-carrelage-blanche-colliflex-premium-v411-vpi-bem\/","url":"https:\/\/nature-et-developpement.com\/bem\/produit\/colle-a-carrelage-blanche-colliflex-premium-v411-vpi-bem\/","name":"Colle \u00e0 carrelage Blanche COLLIFLEX PREMIUM V411 VPI (BEM)","isPartOf":{"@id":"https:\/\/nature-et-developpement.com\/bem\/#website"},"primaryImageOfPage":{"@id":"https:\/\/nature-et-developpement.com\/bem\/produit\/colle-a-carrelage-blanche-colliflex-premium-v411-vpi-bem\/#primaryimage"},"image":{"@id":"https:\/\/nature-et-developpement.com\/bem\/produit\/colle-a-carrelage-blanche-colliflex-premium-v411-vpi-bem\/#primaryimage"},"thumbnailUrl":"https:\/\/nature-et-developpement.com\/bem\/wp-content\/uploads\/sites\/17\/2019\/09\/26341-Colle-a-carrelage-Blanche-COLLIFLEX-PREMIUM-V411-VPI.jpg","datePublished":"2019-09-02T09:39:32+00:00","dateModified":"2025-06-13T15:24:47+00:00","description":"\u00c0 base de ciment, de couleur blanche, permet le collage de carreaux et de pierres naturelles de toutes porosit\u00e9s et de tous formats (faire double encollage pour carreaux d\u00e9passant 60x60 cm), en sol et mur int\u00e9rieur, en sol ext\u00e9rieur et piscine priv\u00e9e, sur supports neufs ou anciens, et peut \u00eatre utilis\u00e9e sur chape anhydrite apr\u00e8s application du\u00a0primaire, ainsi que sur sol chauffant.","breadcrumb":{"@id":"https:\/\/nature-et-developpement.com\/bem\/produit\/colle-a-carrelage-blanche-colliflex-premium-v411-vpi-bem\/#breadcrumb"},"inLanguage":"fr-FR","potentialAction":[{"@type":"ReadAction","target":["https:\/\/nature-et-developpement.com\/bem\/produit\/colle-a-carrelage-blanche-colliflex-premium-v411-vpi-bem\/"]}]},{"@type":"ImageObject","inLanguage":"fr-FR","@id":"https:\/\/nature-et-developpement.com\/bem\/produit\/colle-a-carrelage-blanche-colliflex-premium-v411-vpi-bem\/#primaryimage","url":"https:\/\/nature-et-developpement.com\/bem\/wp-content\/uploads\/sites\/17\/2019\/09\/26341-Colle-a-carrelage-Blanche-COLLIFLEX-PREMIUM-V411-VPI.jpg","contentUrl":"https:\/\/nature-et-developpement.com\/bem\/wp-content\/uploads\/sites\/17\/2019\/09\/26341-Colle-a-carrelage-Blanche-COLLIFLEX-PREMIUM-V411-VPI.jpg","width":800,"height":800,"caption":"Colle \u00e0 carrelage Blanche COLLIFLEX PREMIUM V411 VPI"},{"@type":"BreadcrumbList","@id":"https:\/\/nature-et-developpement.com\/bem\/produit\/colle-a-carrelage-blanche-colliflex-premium-v411-vpi-bem\/#breadcrumb","itemListElement":[{"@type":"ListItem","position":1,"name":"Accueil","item":"https:\/\/nature-et-developpement.com\/bem\/"},{"@type":"ListItem","position":2,"name":"Produits","item":"https:\/\/nature-et-developpement.com\/bem\/shop\/"},{"@type":"ListItem","position":3,"name":"Droguerie et outils","item":"https:\/\/nature-et-developpement.com\/bem\/produits\/droguerie-et-outils\/"},{"@type":"ListItem","position":4,"name":"Colle","item":"https:\/\/nature-et-developpement.com\/bem\/produits\/droguerie-et-outils\/colle\/"},{"@type":"ListItem","position":5,"name":"Colle \u00e0 carrelage Blanche COLLIFLEX PREMIUM V411 VPI (BEM)"}]},{"@type":"WebSite","@id":"https:\/\/nature-et-developpement.com\/bem\/#website","url":"https:\/\/nature-et-developpement.com\/bem\/","name":"Bien-\u00catre Mat\u00e9riaux","description":"Bien-Etre Mat\u00e9riaux est membre du groupement Nature &amp; D\u00e9veloppement","potentialAction":[{"@type":"SearchAction","target":{"@type":"EntryPoint","urlTemplate":"https:\/\/nature-et-developpement.com\/bem\/?s={search_term_string}"},"query-input":{"@type":"PropertyValueSpecification","valueRequired":true,"valueName":"search_term_string"}}],"inLanguage":"fr-FR"}]}},"distributor_meta":false,"distributor_terms":false,"distributor_media":false,"distributor_original_site_name":"Bien-\u00catre Mat\u00e9riaux","distributor_original_site_url":"https:\/\/nature-et-developpement.com\/bem","push-errors":false,"_links":{"self":[{"href":"https:\/\/nature-et-developpement.com\/bem\/wp-json\/wp\/v2\/product\/13143","targetHints":{"allow":["GET"]}}],"collection":[{"href":"https:\/\/nature-et-developpement.com\/bem\/wp-json\/wp\/v2\/product"}],"about":[{"href":"https:\/\/nature-et-developpement.com\/bem\/wp-json\/wp\/v2\/types\/product"}],"wp:featuredmedia":[{"embeddable":true,"href":"https:\/\/nature-et-developpement.com\/bem\/wp-json\/wp\/v2\/media\/13142"}],"wp:attachment":[{"href":"https:\/\/nature-et-developpement.com\/bem\/wp-json\/wp\/v2\/media?parent=13143"}],"wp:term":[{"taxonomy":"product_brand","embeddable":true,"href":"https:\/\/nature-et-developpement.com\/bem\/wp-json\/wp\/v2\/product_brand?post=13143"},{"taxonomy":"product_cat","embeddable":true,"href":"https:\/\/nature-et-developpement.com\/bem\/wp-json\/wp\/v2\/product_cat?post=13143"},{"taxonomy":"product_tag","embeddable":true,"href":"https:\/\/nature-et-developpement.com\/bem\/wp-json\/wp\/v2\/product_tag?post=13143"}],"curies":[{"name":"wp","href":"https:\/\/api.w.org\/{rel}","templated":true}]}}