{"id":13150,"date":"2019-09-02T12:44:23","date_gmt":"2019-09-02T10:44:23","guid":{"rendered":"https:\/\/nature-et-developpement.com\/bem\/produit\/toilettes-seches-separett-bem\/"},"modified":"2025-06-13T17:24:34","modified_gmt":"2025-06-13T15:24:34","slug":"toilettes-seches-separett-bem","status":"publish","type":"product","link":"https:\/\/nature-et-developpement.com\/bem\/produit\/toilettes-seches-separett-bem\/","title":{"rendered":"Toilettes s\u00e8ches SEPARETT  (BEM)"},"content":{"rendered":"<p>Les toilettes s\u00e8ches\u00a0<em>Separett<\/em>\u00a0permettent l\u2019\u00e9conomie d\u2019environ 40% de notre consommation d\u2019eau,, avec une maintenance minimum et une esth\u00e9tique soign\u00e9e,\u00a0 tout en g\u00e9n\u00e9rant des mati\u00e8res compostables pr\u00e9cieuses.<br \/>L\u2019entretien est moindre que pour les mod\u00e8les \u00e0 compost (il se limite \u00e0 la vidange des mati\u00e8res solides), les mati\u00e8res f\u00e9cales sont moins humides et donc plus saines, les odeurs sont r\u00e9duites et les urines saines sont valorisables. Celles-ci peuvent \u00eatre soit collect\u00e9es et recycl\u00e9es, soit d\u00e9riv\u00e9es vers un syst\u00e8me d\u2019\u00e9pandage, ou encore envoy\u00e9es au tout \u00e0 l\u2019\u00e9go\u00fbt, permettant ainsi un usage en ville. Les mati\u00e8res f\u00e9cales sont stock\u00e9es, puis \u00e9vacu\u00e9es \u2013 tous les 100 jours pour une personne \u2013 afin d\u2019\u00eatre compost\u00e9es durant environ 6 mois avant de fournir un excellent engrais pour le jardin.<\/p>\n<p>Un investissement plein de sens qui peut \u00eatre rentabilis\u00e9 en moins de 9 ans (calcul fait sur la base du mod\u00e8le Villa pour une famille de quatre personnes, prix de l\u2019eau \u00e0 4,5 \u20ac du m3), et adapt\u00e9 \u00e0 chaque configuration : 230 V ou 12 V, habitation principale ou vill\u00e9giature, confortable ou rustique.<\/p>\n","protected":false},"excerpt":{"rendered":"<p style=\"text-align:left\"><span><strong><em>Produisez du compost en \u00e9conomisant l\u2019eau !<\/em><\/strong><\/span><\/p>\n<p style=\"text-align:left\">Les toilettes s\u00e8ches\u00a0<em>Separett<\/em>\u00a0fonctionnent depuis plus de trente ans selon le principe de la s\u00e9paration des urines : d\u2019un c\u00f4t\u00e9, les mati\u00e8res f\u00e9cales peuvent fournir un excellent compost, et de l\u2019autre les urines peuvent \u00eatre valoris\u00e9es ou rendues au tout \u00e0 l\u2019\u00e9go\u00fbt.\u00a0<\/p>\n<p style=\"text-align:left\">D\u00e9couvrez notre gamme compl\u00e8te !<\/p>\n","protected":false},"featured_media":13144,"template":"","meta":[],"product_brand":[8797],"product_cat":[2412,60],"product_tag":[],"class_list":{"0":"post-13150","1":"product","2":"type-product","3":"status-publish","4":"has-post-thumbnail","6":"product_brand-produits-bem","7":"product_cat-accessoires-agencement-exterieur","8":"product_cat-accessoires-agencement-interieur","10":"first","11":"instock","12":"taxable","13":"shipping-taxable","14":"purchasable","15":"product-type-simple"},"yoast_head":"<!-- This site is optimized with the Yoast SEO plugin v27.5 - https:\/\/yoast.com\/product\/yoast-seo-wordpress\/ -->\n<title>Toilettes s\u00e8ches SEPARETT (BEM)<\/title>\n<meta name=\"description\" content=\"Produisez du compost en \u00e9conomisant l\u2019eau ! Les toilettes s\u00e8ches\u00a0Separett\u00a0fonctionnent depuis plus de trente ans selon le principe de la s\u00e9paration des urines : d\u2019un c\u00f4t\u00e9, les mati\u00e8res f\u00e9cales peuvent fournir un excellent compost, et de l\u2019autre les urines peuvent \u00eatre valoris\u00e9es ou rendues au tout \u00e0 l\u2019\u00e9go\u00fbt.\u00a0 D\u00e9couvrez notre gamme compl\u00e8te !\" \/>\n<meta name=\"robots\" content=\"noindex, follow\" \/>\n<meta property=\"og:locale\" content=\"fr_FR\" \/>\n<meta property=\"og:type\" content=\"article\" \/>\n<meta property=\"og:title\" content=\"Toilettes s\u00e8ches SEPARETT (BEM)\" \/>\n<meta property=\"og:description\" content=\"Produisez du compost en \u00e9conomisant l\u2019eau ! Les toilettes s\u00e8ches\u00a0Separett\u00a0fonctionnent depuis plus de trente ans selon le principe de la s\u00e9paration des urines : d\u2019un c\u00f4t\u00e9, les mati\u00e8res f\u00e9cales peuvent fournir un excellent compost, et de l\u2019autre les urines peuvent \u00eatre valoris\u00e9es ou rendues au tout \u00e0 l\u2019\u00e9go\u00fbt.\u00a0 D\u00e9couvrez notre gamme compl\u00e8te !\" \/>\n<meta property=\"og:url\" content=\"https:\/\/nature-et-developpement.com\/bem\/produit\/toilettes-seches-separett-bem\/\" \/>\n<meta property=\"og:site_name\" content=\"Bien-\u00catre Mat\u00e9riaux\" \/>\n<meta property=\"article:modified_time\" content=\"2025-06-13T15:24:34+00:00\" \/>\n<meta property=\"og:image\" content=\"https:\/\/nature-et-developpement.com\/bem\/wp-content\/uploads\/sites\/17\/2019\/09\/26247-Toilettes-seches-SEPARETT.jpg\" \/>\n\t<meta property=\"og:image:width\" content=\"800\" \/>\n\t<meta property=\"og:image:height\" content=\"800\" \/>\n\t<meta property=\"og:image:type\" content=\"image\/jpeg\" \/>\n<meta name=\"twitter:card\" content=\"summary_large_image\" \/>\n<meta name=\"twitter:label1\" content=\"Dur\u00e9e de lecture estim\u00e9e\" \/>\n\t<meta name=\"twitter:data1\" content=\"1 minute\" \/>\n<script type=\"application\/ld+json\" class=\"yoast-schema-graph\">{\"@context\":\"https:\\\/\\\/schema.org\",\"@graph\":[{\"@type\":\"WebPage\",\"@id\":\"https:\\\/\\\/nature-et-developpement.com\\\/bem\\\/produit\\\/toilettes-seches-separett-bem\\\/\",\"url\":\"https:\\\/\\\/nature-et-developpement.com\\\/bem\\\/produit\\\/toilettes-seches-separett-bem\\\/\",\"name\":\"Toilettes s\u00e8ches SEPARETT (BEM)\",\"isPartOf\":{\"@id\":\"https:\\\/\\\/nature-et-developpement.com\\\/bem\\\/#website\"},\"primaryImageOfPage\":{\"@id\":\"https:\\\/\\\/nature-et-developpement.com\\\/bem\\\/produit\\\/toilettes-seches-separett-bem\\\/#primaryimage\"},\"image\":{\"@id\":\"https:\\\/\\\/nature-et-developpement.com\\\/bem\\\/produit\\\/toilettes-seches-separett-bem\\\/#primaryimage\"},\"thumbnailUrl\":\"https:\\\/\\\/nature-et-developpement.com\\\/bem\\\/wp-content\\\/uploads\\\/sites\\\/17\\\/2019\\\/09\\\/26247-Toilettes-seches-SEPARETT.jpg\",\"datePublished\":\"2019-09-02T10:44:23+00:00\",\"dateModified\":\"2025-06-13T15:24:34+00:00\",\"description\":\"Produisez du compost en \u00e9conomisant l\u2019eau ! Les toilettes s\u00e8ches\u00a0Separett\u00a0fonctionnent depuis plus de trente ans selon le principe de la s\u00e9paration des urines : d\u2019un c\u00f4t\u00e9, les mati\u00e8res f\u00e9cales peuvent fournir un excellent compost, et de l\u2019autre les urines peuvent \u00eatre valoris\u00e9es ou rendues au tout \u00e0 l\u2019\u00e9go\u00fbt.\u00a0 D\u00e9couvrez notre gamme compl\u00e8te !\",\"breadcrumb\":{\"@id\":\"https:\\\/\\\/nature-et-developpement.com\\\/bem\\\/produit\\\/toilettes-seches-separett-bem\\\/#breadcrumb\"},\"inLanguage\":\"fr-FR\",\"potentialAction\":[{\"@type\":\"ReadAction\",\"target\":[\"https:\\\/\\\/nature-et-developpement.com\\\/bem\\\/produit\\\/toilettes-seches-separett-bem\\\/\"]}]},{\"@type\":\"ImageObject\",\"inLanguage\":\"fr-FR\",\"@id\":\"https:\\\/\\\/nature-et-developpement.com\\\/bem\\\/produit\\\/toilettes-seches-separett-bem\\\/#primaryimage\",\"url\":\"https:\\\/\\\/nature-et-developpement.com\\\/bem\\\/wp-content\\\/uploads\\\/sites\\\/17\\\/2019\\\/09\\\/26247-Toilettes-seches-SEPARETT.jpg\",\"contentUrl\":\"https:\\\/\\\/nature-et-developpement.com\\\/bem\\\/wp-content\\\/uploads\\\/sites\\\/17\\\/2019\\\/09\\\/26247-Toilettes-seches-SEPARETT.jpg\",\"width\":800,\"height\":800,\"caption\":\"Toilettes s\u00e8ches SEPARETT\"},{\"@type\":\"BreadcrumbList\",\"@id\":\"https:\\\/\\\/nature-et-developpement.com\\\/bem\\\/produit\\\/toilettes-seches-separett-bem\\\/#breadcrumb\",\"itemListElement\":[{\"@type\":\"ListItem\",\"position\":1,\"name\":\"Accueil\",\"item\":\"https:\\\/\\\/nature-et-developpement.com\\\/bem\\\/\"},{\"@type\":\"ListItem\",\"position\":2,\"name\":\"Produits\",\"item\":\"https:\\\/\\\/nature-et-developpement.com\\\/bem\\\/shop\\\/\"},{\"@type\":\"ListItem\",\"position\":3,\"name\":\"Agencement int\u00e9rieur\",\"item\":\"https:\\\/\\\/nature-et-developpement.com\\\/bem\\\/produits\\\/agencement-interieur\\\/\"},{\"@type\":\"ListItem\",\"position\":4,\"name\":\"Accessoires agencement int\u00e9rieur\",\"item\":\"https:\\\/\\\/nature-et-developpement.com\\\/bem\\\/produits\\\/agencement-interieur\\\/accessoires-agencement-interieur\\\/\"},{\"@type\":\"ListItem\",\"position\":5,\"name\":\"Toilettes s\u00e8ches SEPARETT (BEM)\"}]},{\"@type\":\"WebSite\",\"@id\":\"https:\\\/\\\/nature-et-developpement.com\\\/bem\\\/#website\",\"url\":\"https:\\\/\\\/nature-et-developpement.com\\\/bem\\\/\",\"name\":\"Bien-\u00catre Mat\u00e9riaux\",\"description\":\"Bien-Etre Mat\u00e9riaux est membre du groupement Nature &amp; D\u00e9veloppement\",\"potentialAction\":[{\"@type\":\"SearchAction\",\"target\":{\"@type\":\"EntryPoint\",\"urlTemplate\":\"https:\\\/\\\/nature-et-developpement.com\\\/bem\\\/?s={search_term_string}\"},\"query-input\":{\"@type\":\"PropertyValueSpecification\",\"valueRequired\":true,\"valueName\":\"search_term_string\"}}],\"inLanguage\":\"fr-FR\"}]}<\/script>\n<!-- \/ Yoast SEO plugin. -->","yoast_head_json":{"title":"Toilettes s\u00e8ches SEPARETT (BEM)","description":"Produisez du compost en \u00e9conomisant l\u2019eau ! Les toilettes s\u00e8ches\u00a0Separett\u00a0fonctionnent depuis plus de trente ans selon le principe de la s\u00e9paration des urines : d\u2019un c\u00f4t\u00e9, les mati\u00e8res f\u00e9cales peuvent fournir un excellent compost, et de l\u2019autre les urines peuvent \u00eatre valoris\u00e9es ou rendues au tout \u00e0 l\u2019\u00e9go\u00fbt.\u00a0 D\u00e9couvrez notre gamme compl\u00e8te !","robots":{"index":"noindex","follow":"follow"},"og_locale":"fr_FR","og_type":"article","og_title":"Toilettes s\u00e8ches SEPARETT (BEM)","og_description":"Produisez du compost en \u00e9conomisant l\u2019eau ! Les toilettes s\u00e8ches\u00a0Separett\u00a0fonctionnent depuis plus de trente ans selon le principe de la s\u00e9paration des urines : d\u2019un c\u00f4t\u00e9, les mati\u00e8res f\u00e9cales peuvent fournir un excellent compost, et de l\u2019autre les urines peuvent \u00eatre valoris\u00e9es ou rendues au tout \u00e0 l\u2019\u00e9go\u00fbt.\u00a0 D\u00e9couvrez notre gamme compl\u00e8te !","og_url":"https:\/\/nature-et-developpement.com\/bem\/produit\/toilettes-seches-separett-bem\/","og_site_name":"Bien-\u00catre Mat\u00e9riaux","article_modified_time":"2025-06-13T15:24:34+00:00","og_image":[{"width":800,"height":800,"url":"https:\/\/nature-et-developpement.com\/bem\/wp-content\/uploads\/sites\/17\/2019\/09\/26247-Toilettes-seches-SEPARETT.jpg","type":"image\/jpeg"}],"twitter_card":"summary_large_image","twitter_misc":{"Dur\u00e9e de lecture estim\u00e9e":"1 minute"},"schema":{"@context":"https:\/\/schema.org","@graph":[{"@type":"WebPage","@id":"https:\/\/nature-et-developpement.com\/bem\/produit\/toilettes-seches-separett-bem\/","url":"https:\/\/nature-et-developpement.com\/bem\/produit\/toilettes-seches-separett-bem\/","name":"Toilettes s\u00e8ches SEPARETT (BEM)","isPartOf":{"@id":"https:\/\/nature-et-developpement.com\/bem\/#website"},"primaryImageOfPage":{"@id":"https:\/\/nature-et-developpement.com\/bem\/produit\/toilettes-seches-separett-bem\/#primaryimage"},"image":{"@id":"https:\/\/nature-et-developpement.com\/bem\/produit\/toilettes-seches-separett-bem\/#primaryimage"},"thumbnailUrl":"https:\/\/nature-et-developpement.com\/bem\/wp-content\/uploads\/sites\/17\/2019\/09\/26247-Toilettes-seches-SEPARETT.jpg","datePublished":"2019-09-02T10:44:23+00:00","dateModified":"2025-06-13T15:24:34+00:00","description":"Produisez du compost en \u00e9conomisant l\u2019eau ! Les toilettes s\u00e8ches\u00a0Separett\u00a0fonctionnent depuis plus de trente ans selon le principe de la s\u00e9paration des urines : d\u2019un c\u00f4t\u00e9, les mati\u00e8res f\u00e9cales peuvent fournir un excellent compost, et de l\u2019autre les urines peuvent \u00eatre valoris\u00e9es ou rendues au tout \u00e0 l\u2019\u00e9go\u00fbt.\u00a0 D\u00e9couvrez notre gamme compl\u00e8te !","breadcrumb":{"@id":"https:\/\/nature-et-developpement.com\/bem\/produit\/toilettes-seches-separett-bem\/#breadcrumb"},"inLanguage":"fr-FR","potentialAction":[{"@type":"ReadAction","target":["https:\/\/nature-et-developpement.com\/bem\/produit\/toilettes-seches-separett-bem\/"]}]},{"@type":"ImageObject","inLanguage":"fr-FR","@id":"https:\/\/nature-et-developpement.com\/bem\/produit\/toilettes-seches-separett-bem\/#primaryimage","url":"https:\/\/nature-et-developpement.com\/bem\/wp-content\/uploads\/sites\/17\/2019\/09\/26247-Toilettes-seches-SEPARETT.jpg","contentUrl":"https:\/\/nature-et-developpement.com\/bem\/wp-content\/uploads\/sites\/17\/2019\/09\/26247-Toilettes-seches-SEPARETT.jpg","width":800,"height":800,"caption":"Toilettes s\u00e8ches SEPARETT"},{"@type":"BreadcrumbList","@id":"https:\/\/nature-et-developpement.com\/bem\/produit\/toilettes-seches-separett-bem\/#breadcrumb","itemListElement":[{"@type":"ListItem","position":1,"name":"Accueil","item":"https:\/\/nature-et-developpement.com\/bem\/"},{"@type":"ListItem","position":2,"name":"Produits","item":"https:\/\/nature-et-developpement.com\/bem\/shop\/"},{"@type":"ListItem","position":3,"name":"Agencement int\u00e9rieur","item":"https:\/\/nature-et-developpement.com\/bem\/produits\/agencement-interieur\/"},{"@type":"ListItem","position":4,"name":"Accessoires agencement int\u00e9rieur","item":"https:\/\/nature-et-developpement.com\/bem\/produits\/agencement-interieur\/accessoires-agencement-interieur\/"},{"@type":"ListItem","position":5,"name":"Toilettes s\u00e8ches SEPARETT (BEM)"}]},{"@type":"WebSite","@id":"https:\/\/nature-et-developpement.com\/bem\/#website","url":"https:\/\/nature-et-developpement.com\/bem\/","name":"Bien-\u00catre Mat\u00e9riaux","description":"Bien-Etre Mat\u00e9riaux est membre du groupement Nature &amp; D\u00e9veloppement","potentialAction":[{"@type":"SearchAction","target":{"@type":"EntryPoint","urlTemplate":"https:\/\/nature-et-developpement.com\/bem\/?s={search_term_string}"},"query-input":{"@type":"PropertyValueSpecification","valueRequired":true,"valueName":"search_term_string"}}],"inLanguage":"fr-FR"}]}},"distributor_meta":false,"distributor_terms":false,"distributor_media":false,"distributor_original_site_name":"Bien-\u00catre Mat\u00e9riaux","distributor_original_site_url":"https:\/\/nature-et-developpement.com\/bem","push-errors":false,"_links":{"self":[{"href":"https:\/\/nature-et-developpement.com\/bem\/wp-json\/wp\/v2\/product\/13150","targetHints":{"allow":["GET"]}}],"collection":[{"href":"https:\/\/nature-et-developpement.com\/bem\/wp-json\/wp\/v2\/product"}],"about":[{"href":"https:\/\/nature-et-developpement.com\/bem\/wp-json\/wp\/v2\/types\/product"}],"wp:featuredmedia":[{"embeddable":true,"href":"https:\/\/nature-et-developpement.com\/bem\/wp-json\/wp\/v2\/media\/13144"}],"wp:attachment":[{"href":"https:\/\/nature-et-developpement.com\/bem\/wp-json\/wp\/v2\/media?parent=13150"}],"wp:term":[{"taxonomy":"product_brand","embeddable":true,"href":"https:\/\/nature-et-developpement.com\/bem\/wp-json\/wp\/v2\/product_brand?post=13150"},{"taxonomy":"product_cat","embeddable":true,"href":"https:\/\/nature-et-developpement.com\/bem\/wp-json\/wp\/v2\/product_cat?post=13150"},{"taxonomy":"product_tag","embeddable":true,"href":"https:\/\/nature-et-developpement.com\/bem\/wp-json\/wp\/v2\/product_tag?post=13150"}],"curies":[{"name":"wp","href":"https:\/\/api.w.org\/{rel}","templated":true}]}}