{"id":13168,"date":"2019-09-02T15:35:21","date_gmt":"2019-09-02T13:35:21","guid":{"rendered":"https:\/\/nature-et-developpement.com\/bem\/produit\/liege-en-panneaux-amorim-st-michelorge\/"},"modified":"2026-02-12T10:48:38","modified_gmt":"2026-02-12T09:48:38","slug":"liege-en-panneaux-amorim-st-michelorge","status":"publish","type":"product","link":"https:\/\/nature-et-developpement.com\/bem\/produit\/liege-en-panneaux-amorim-st-michelorge\/","title":{"rendered":"Li\u00e8ge en panneaux AMORIM (St Michel\/Orge)"},"content":{"rendered":"<p>Le li\u00e8ge est l&rsquo;isolant le plus naturel et le plus noble qui existe. Granul\u00e9s de li\u00e8ge expans\u00e9s \u00e0 la vapeur surchauff\u00e9e, c&rsquo;est un produit naturel, imputrescible et un isolant non hydrophile.<\/p>\n<ul>\n<li>Produit 100 % naturel et \u00e9cologique<\/li>\n<li>Facilement recyclable et r\u00e9utilisable<\/li>\n<li>Long\u00e9vit\u00e9 illimit\u00e9e, Imputrescible<\/li>\n<li>Chimiquement neutre<\/li>\n<\/ul>\n<p>Format 1&#215;0,5m soit 0,5m\u00b2 par plaque.<\/p>\n<table>\n<tbody>\n<tr>\n<td style=\"text-align: center\"><strong>Ep (mm)<\/strong><\/td>\n<td style=\"text-align: center\"><strong>R<\/strong><\/td>\n<td style=\"text-align: center\"><strong>m\u00b2\/colis<\/strong><\/td>\n<\/tr>\n<tr>\n<td style=\"text-align: center\">10<\/td>\n<td style=\"text-align: center\">0,25<\/td>\n<td style=\"text-align: center\">15<\/td>\n<\/tr>\n<tr>\n<td style=\"text-align: center\">20<\/td>\n<td style=\"text-align: center\">0,5<\/td>\n<td style=\"text-align: center\">7,5<\/td>\n<\/tr>\n<tr>\n<td style=\"text-align: center\">30<\/td>\n<td style=\"text-align: center\">0,75<\/td>\n<td style=\"text-align: center\">5<\/td>\n<\/tr>\n<tr>\n<td style=\"text-align: center\">40<\/td>\n<td style=\"text-align: center\">1<\/td>\n<td style=\"text-align: center\">4<\/td>\n<\/tr>\n<tr>\n<td style=\"text-align: center\">50<\/td>\n<td style=\"text-align: center\">1,25<\/td>\n<td style=\"text-align: center\">3<\/td>\n<\/tr>\n<tr>\n<td style=\"text-align: center\">60<\/td>\n<td style=\"text-align: center\">1,5<\/td>\n<td style=\"text-align: center\">2,5<\/td>\n<\/tr>\n<tr>\n<td style=\"text-align: center\">80<\/td>\n<td style=\"text-align: center\">2<\/td>\n<td style=\"text-align: center\">2<\/td>\n<\/tr>\n<tr>\n<td style=\"text-align: center\">100<\/td>\n<td style=\"text-align: center\">2,5<\/td>\n<td style=\"text-align: center\">1,5<\/td>\n<\/tr>\n<tr>\n<td style=\"text-align: center\">120<\/td>\n<td style=\"text-align: center\">3<\/td>\n<td style=\"text-align: center\">1<\/td>\n<\/tr>\n<tr>\n<td style=\"text-align: center\">140<\/td>\n<td style=\"text-align: center\">3,5<\/td>\n<td style=\"text-align: center\">1<\/td>\n<\/tr>\n<tr>\n<td style=\"text-align: center\">160<\/td>\n<td style=\"text-align: center\">4<\/td>\n<td style=\"text-align: center\">1<\/td>\n<\/tr>\n<\/tbody>\n<\/table>\n","protected":false},"excerpt":{"rendered":"<p style=\"text-align: left\">Produit 100 % naturel, il n&rsquo;a pas de liants ext\u00e9rieurs. Isolant tr\u00e8s performant, il pr\u00e9sente l&rsquo;avantage d&rsquo;\u00eatre imputrescible et facile d&rsquo;utilisation.\u00a0Il s\u2019utilise en remplissage entre les solives, sous dalle flottante ou en soubassements.<\/p>\n","protected":false},"featured_media":13167,"template":"","meta":[],"product_brand":[2778,8797],"product_cat":[8738,83],"product_tag":[],"class_list":{"0":"post-13168","1":"product","2":"type-product","3":"status-publish","4":"has-post-thumbnail","6":"product_brand-amorim","7":"product_brand-produits-bem","8":"product_cat-demande-de-devis-uniquement-sans-prix","9":"product_cat-isolants-ecologiques","10":"pa_utilisationenexterieur-oui","12":"first","13":"instock","14":"taxable","15":"shipping-taxable","16":"purchasable","17":"product-type-variable"},"yoast_head":"<!-- This site is optimized with the Yoast SEO plugin v27.5 - https:\/\/yoast.com\/product\/yoast-seo-wordpress\/ -->\n<title>Li\u00e8ge en panneaux AMORIM (St Michel\/Orge)<\/title>\n<meta name=\"description\" content=\"Produit 100 % naturel, il n&#039;a pas de liants ext\u00e9rieurs. Isolant tr\u00e8s performant, il pr\u00e9sente l&#039;avantage d&#039;\u00eatre imputrescible et facile d&#039;utilisation.\u00a0Il s\u2019utilise en remplissage entre les solives, sous dalle flottante ou en soubassements.\" \/>\n<meta name=\"robots\" content=\"noindex, follow\" \/>\n<meta property=\"og:locale\" content=\"fr_FR\" \/>\n<meta property=\"og:type\" content=\"article\" \/>\n<meta property=\"og:title\" content=\"Li\u00e8ge en panneaux AMORIM (St Michel\/Orge)\" \/>\n<meta property=\"og:description\" content=\"Produit 100 % naturel, il n&#039;a pas de liants ext\u00e9rieurs. Isolant tr\u00e8s performant, il pr\u00e9sente l&#039;avantage d&#039;\u00eatre imputrescible et facile d&#039;utilisation.\u00a0Il s\u2019utilise en remplissage entre les solives, sous dalle flottante ou en soubassements.\" \/>\n<meta property=\"og:url\" content=\"https:\/\/nature-et-developpement.com\/bem\/produit\/liege-en-panneaux-amorim-st-michelorge\/\" \/>\n<meta property=\"og:site_name\" content=\"Bien-\u00catre Mat\u00e9riaux\" \/>\n<meta property=\"article:modified_time\" content=\"2026-02-12T09:48:38+00:00\" \/>\n<meta property=\"og:image\" content=\"https:\/\/nature-et-developpement.com\/bem\/wp-content\/uploads\/sites\/17\/2019\/09\/25956-Liege-en-panneaux-AMORIM-St-MichelOrge.jpg\" \/>\n\t<meta property=\"og:image:width\" content=\"800\" \/>\n\t<meta property=\"og:image:height\" content=\"800\" \/>\n\t<meta property=\"og:image:type\" content=\"image\/jpeg\" \/>\n<meta name=\"twitter:card\" content=\"summary_large_image\" \/>\n<script type=\"application\/ld+json\" class=\"yoast-schema-graph\">{\"@context\":\"https:\\\/\\\/schema.org\",\"@graph\":[{\"@type\":\"WebPage\",\"@id\":\"https:\\\/\\\/nature-et-developpement.com\\\/bem\\\/produit\\\/liege-en-panneaux-amorim-st-michelorge\\\/\",\"url\":\"https:\\\/\\\/nature-et-developpement.com\\\/bem\\\/produit\\\/liege-en-panneaux-amorim-st-michelorge\\\/\",\"name\":\"Li\u00e8ge en panneaux AMORIM (St Michel\\\/Orge)\",\"isPartOf\":{\"@id\":\"https:\\\/\\\/nature-et-developpement.com\\\/bem\\\/#website\"},\"primaryImageOfPage\":{\"@id\":\"https:\\\/\\\/nature-et-developpement.com\\\/bem\\\/produit\\\/liege-en-panneaux-amorim-st-michelorge\\\/#primaryimage\"},\"image\":{\"@id\":\"https:\\\/\\\/nature-et-developpement.com\\\/bem\\\/produit\\\/liege-en-panneaux-amorim-st-michelorge\\\/#primaryimage\"},\"thumbnailUrl\":\"https:\\\/\\\/nature-et-developpement.com\\\/bem\\\/wp-content\\\/uploads\\\/sites\\\/17\\\/2019\\\/09\\\/25956-Liege-en-panneaux-AMORIM-St-MichelOrge.jpg\",\"datePublished\":\"2019-09-02T13:35:21+00:00\",\"dateModified\":\"2026-02-12T09:48:38+00:00\",\"description\":\"Produit 100 % naturel, il n'a pas de liants ext\u00e9rieurs. Isolant tr\u00e8s performant, il pr\u00e9sente l'avantage d'\u00eatre imputrescible et facile d'utilisation.\u00a0Il s\u2019utilise en remplissage entre les solives, sous dalle flottante ou en soubassements.\",\"breadcrumb\":{\"@id\":\"https:\\\/\\\/nature-et-developpement.com\\\/bem\\\/produit\\\/liege-en-panneaux-amorim-st-michelorge\\\/#breadcrumb\"},\"inLanguage\":\"fr-FR\",\"potentialAction\":[{\"@type\":\"ReadAction\",\"target\":[\"https:\\\/\\\/nature-et-developpement.com\\\/bem\\\/produit\\\/liege-en-panneaux-amorim-st-michelorge\\\/\"]}]},{\"@type\":\"ImageObject\",\"inLanguage\":\"fr-FR\",\"@id\":\"https:\\\/\\\/nature-et-developpement.com\\\/bem\\\/produit\\\/liege-en-panneaux-amorim-st-michelorge\\\/#primaryimage\",\"url\":\"https:\\\/\\\/nature-et-developpement.com\\\/bem\\\/wp-content\\\/uploads\\\/sites\\\/17\\\/2019\\\/09\\\/25956-Liege-en-panneaux-AMORIM-St-MichelOrge.jpg\",\"contentUrl\":\"https:\\\/\\\/nature-et-developpement.com\\\/bem\\\/wp-content\\\/uploads\\\/sites\\\/17\\\/2019\\\/09\\\/25956-Liege-en-panneaux-AMORIM-St-MichelOrge.jpg\",\"width\":800,\"height\":800,\"caption\":\"Li\u00e8ge en panneaux AMORIM (St Michel\\\/Orge)\"},{\"@type\":\"BreadcrumbList\",\"@id\":\"https:\\\/\\\/nature-et-developpement.com\\\/bem\\\/produit\\\/liege-en-panneaux-amorim-st-michelorge\\\/#breadcrumb\",\"itemListElement\":[{\"@type\":\"ListItem\",\"position\":1,\"name\":\"Accueil\",\"item\":\"https:\\\/\\\/nature-et-developpement.com\\\/bem\\\/\"},{\"@type\":\"ListItem\",\"position\":2,\"name\":\"Produits\",\"item\":\"https:\\\/\\\/nature-et-developpement.com\\\/bem\\\/shop\\\/\"},{\"@type\":\"ListItem\",\"position\":3,\"name\":\"Isolation et \u00e9tanch\u00e9it\u00e9\",\"item\":\"https:\\\/\\\/nature-et-developpement.com\\\/bem\\\/produits\\\/isolation-et-etancheite\\\/\"},{\"@type\":\"ListItem\",\"position\":4,\"name\":\"ISOLANTS ECOLOGIQUES\",\"item\":\"https:\\\/\\\/nature-et-developpement.com\\\/bem\\\/produits\\\/isolation-et-etancheite\\\/isolant-naturel\\\/\"},{\"@type\":\"ListItem\",\"position\":5,\"name\":\"Li\u00e8ge en panneaux AMORIM (St Michel\\\/Orge)\"}]},{\"@type\":\"WebSite\",\"@id\":\"https:\\\/\\\/nature-et-developpement.com\\\/bem\\\/#website\",\"url\":\"https:\\\/\\\/nature-et-developpement.com\\\/bem\\\/\",\"name\":\"Bien-\u00catre Mat\u00e9riaux\",\"description\":\"Bien-Etre Mat\u00e9riaux est membre du groupement Nature &amp; D\u00e9veloppement\",\"potentialAction\":[{\"@type\":\"SearchAction\",\"target\":{\"@type\":\"EntryPoint\",\"urlTemplate\":\"https:\\\/\\\/nature-et-developpement.com\\\/bem\\\/?s={search_term_string}\"},\"query-input\":{\"@type\":\"PropertyValueSpecification\",\"valueRequired\":true,\"valueName\":\"search_term_string\"}}],\"inLanguage\":\"fr-FR\"}]}<\/script>\n<!-- \/ Yoast SEO plugin. -->","yoast_head_json":{"title":"Li\u00e8ge en panneaux AMORIM (St Michel\/Orge)","description":"Produit 100 % naturel, il n'a pas de liants ext\u00e9rieurs. Isolant tr\u00e8s performant, il pr\u00e9sente l'avantage d'\u00eatre imputrescible et facile d'utilisation.\u00a0Il s\u2019utilise en remplissage entre les solives, sous dalle flottante ou en soubassements.","robots":{"index":"noindex","follow":"follow"},"og_locale":"fr_FR","og_type":"article","og_title":"Li\u00e8ge en panneaux AMORIM (St Michel\/Orge)","og_description":"Produit 100 % naturel, il n'a pas de liants ext\u00e9rieurs. Isolant tr\u00e8s performant, il pr\u00e9sente l'avantage d'\u00eatre imputrescible et facile d'utilisation.\u00a0Il s\u2019utilise en remplissage entre les solives, sous dalle flottante ou en soubassements.","og_url":"https:\/\/nature-et-developpement.com\/bem\/produit\/liege-en-panneaux-amorim-st-michelorge\/","og_site_name":"Bien-\u00catre Mat\u00e9riaux","article_modified_time":"2026-02-12T09:48:38+00:00","og_image":[{"width":800,"height":800,"url":"https:\/\/nature-et-developpement.com\/bem\/wp-content\/uploads\/sites\/17\/2019\/09\/25956-Liege-en-panneaux-AMORIM-St-MichelOrge.jpg","type":"image\/jpeg"}],"twitter_card":"summary_large_image","schema":{"@context":"https:\/\/schema.org","@graph":[{"@type":"WebPage","@id":"https:\/\/nature-et-developpement.com\/bem\/produit\/liege-en-panneaux-amorim-st-michelorge\/","url":"https:\/\/nature-et-developpement.com\/bem\/produit\/liege-en-panneaux-amorim-st-michelorge\/","name":"Li\u00e8ge en panneaux AMORIM (St Michel\/Orge)","isPartOf":{"@id":"https:\/\/nature-et-developpement.com\/bem\/#website"},"primaryImageOfPage":{"@id":"https:\/\/nature-et-developpement.com\/bem\/produit\/liege-en-panneaux-amorim-st-michelorge\/#primaryimage"},"image":{"@id":"https:\/\/nature-et-developpement.com\/bem\/produit\/liege-en-panneaux-amorim-st-michelorge\/#primaryimage"},"thumbnailUrl":"https:\/\/nature-et-developpement.com\/bem\/wp-content\/uploads\/sites\/17\/2019\/09\/25956-Liege-en-panneaux-AMORIM-St-MichelOrge.jpg","datePublished":"2019-09-02T13:35:21+00:00","dateModified":"2026-02-12T09:48:38+00:00","description":"Produit 100 % naturel, il n'a pas de liants ext\u00e9rieurs. Isolant tr\u00e8s performant, il pr\u00e9sente l'avantage d'\u00eatre imputrescible et facile d'utilisation.\u00a0Il s\u2019utilise en remplissage entre les solives, sous dalle flottante ou en soubassements.","breadcrumb":{"@id":"https:\/\/nature-et-developpement.com\/bem\/produit\/liege-en-panneaux-amorim-st-michelorge\/#breadcrumb"},"inLanguage":"fr-FR","potentialAction":[{"@type":"ReadAction","target":["https:\/\/nature-et-developpement.com\/bem\/produit\/liege-en-panneaux-amorim-st-michelorge\/"]}]},{"@type":"ImageObject","inLanguage":"fr-FR","@id":"https:\/\/nature-et-developpement.com\/bem\/produit\/liege-en-panneaux-amorim-st-michelorge\/#primaryimage","url":"https:\/\/nature-et-developpement.com\/bem\/wp-content\/uploads\/sites\/17\/2019\/09\/25956-Liege-en-panneaux-AMORIM-St-MichelOrge.jpg","contentUrl":"https:\/\/nature-et-developpement.com\/bem\/wp-content\/uploads\/sites\/17\/2019\/09\/25956-Liege-en-panneaux-AMORIM-St-MichelOrge.jpg","width":800,"height":800,"caption":"Li\u00e8ge en panneaux AMORIM (St Michel\/Orge)"},{"@type":"BreadcrumbList","@id":"https:\/\/nature-et-developpement.com\/bem\/produit\/liege-en-panneaux-amorim-st-michelorge\/#breadcrumb","itemListElement":[{"@type":"ListItem","position":1,"name":"Accueil","item":"https:\/\/nature-et-developpement.com\/bem\/"},{"@type":"ListItem","position":2,"name":"Produits","item":"https:\/\/nature-et-developpement.com\/bem\/shop\/"},{"@type":"ListItem","position":3,"name":"Isolation et \u00e9tanch\u00e9it\u00e9","item":"https:\/\/nature-et-developpement.com\/bem\/produits\/isolation-et-etancheite\/"},{"@type":"ListItem","position":4,"name":"ISOLANTS ECOLOGIQUES","item":"https:\/\/nature-et-developpement.com\/bem\/produits\/isolation-et-etancheite\/isolant-naturel\/"},{"@type":"ListItem","position":5,"name":"Li\u00e8ge en panneaux AMORIM (St Michel\/Orge)"}]},{"@type":"WebSite","@id":"https:\/\/nature-et-developpement.com\/bem\/#website","url":"https:\/\/nature-et-developpement.com\/bem\/","name":"Bien-\u00catre Mat\u00e9riaux","description":"Bien-Etre Mat\u00e9riaux est membre du groupement Nature &amp; D\u00e9veloppement","potentialAction":[{"@type":"SearchAction","target":{"@type":"EntryPoint","urlTemplate":"https:\/\/nature-et-developpement.com\/bem\/?s={search_term_string}"},"query-input":{"@type":"PropertyValueSpecification","valueRequired":true,"valueName":"search_term_string"}}],"inLanguage":"fr-FR"}]}},"distributor_meta":false,"distributor_terms":false,"distributor_media":false,"distributor_original_site_name":"Bien-\u00catre Mat\u00e9riaux","distributor_original_site_url":"https:\/\/nature-et-developpement.com\/bem","push-errors":false,"_links":{"self":[{"href":"https:\/\/nature-et-developpement.com\/bem\/wp-json\/wp\/v2\/product\/13168","targetHints":{"allow":["GET"]}}],"collection":[{"href":"https:\/\/nature-et-developpement.com\/bem\/wp-json\/wp\/v2\/product"}],"about":[{"href":"https:\/\/nature-et-developpement.com\/bem\/wp-json\/wp\/v2\/types\/product"}],"wp:featuredmedia":[{"embeddable":true,"href":"https:\/\/nature-et-developpement.com\/bem\/wp-json\/wp\/v2\/media\/13167"}],"wp:attachment":[{"href":"https:\/\/nature-et-developpement.com\/bem\/wp-json\/wp\/v2\/media?parent=13168"}],"wp:term":[{"taxonomy":"product_brand","embeddable":true,"href":"https:\/\/nature-et-developpement.com\/bem\/wp-json\/wp\/v2\/product_brand?post=13168"},{"taxonomy":"product_cat","embeddable":true,"href":"https:\/\/nature-et-developpement.com\/bem\/wp-json\/wp\/v2\/product_cat?post=13168"},{"taxonomy":"product_tag","embeddable":true,"href":"https:\/\/nature-et-developpement.com\/bem\/wp-json\/wp\/v2\/product_tag?post=13168"}],"curies":[{"name":"wp","href":"https:\/\/api.w.org\/{rel}","templated":true}]}}