{"id":13207,"date":"2019-09-02T17:16:24","date_gmt":"2019-09-02T15:16:24","guid":{"rendered":"https:\/\/nature-et-developpement.com\/bem\/produit\/panneaux-cellulosechanvre-biofib-ouate-cavac-st-michelorge\/"},"modified":"2026-02-12T10:48:38","modified_gmt":"2026-02-12T09:48:38","slug":"panneaux-cellulosechanvre-biofib-ouate-cavac-st-michelorge","status":"publish","type":"product","link":"https:\/\/nature-et-developpement.com\/bem\/produit\/panneaux-cellulosechanvre-biofib-ouate-cavac-st-michelorge\/","title":{"rendered":"Panneaux Cellulose\/Chanvre BIOFIB&rsquo;OUATE CAVAC (St Michel\/Orge)"},"content":{"rendered":"<p>L&rsquo;isolant Biofib&rsquo;Ouate est l&rsquo;alliance de fibres de chanvre et de ouate de cellulose offrant un excellent confort acoustique. Sa composition fait de lui un isolant naturel, \u00e9cologique et sain (pas d&rsquo;\u00e9mission de COV). M\u00eame s&rsquo;il est performant en isolation thermique, son utilisation principale reste l&rsquo;isolation acoustique (murs mitoyens, cloisons,&#8230;)<\/p>\n<p>Dimension : 0,60 x 1,25m<\/p>\n<table width=\"286\">\n<thead>\n<tr>\n<td>Conditionnement<\/td>\n<td>\u00a0 \u00a0\u00a0 R<\/td>\n<td>Ep (mm)<\/td>\n<\/tr>\n<\/thead>\n<tbody>\n<tr>\n<td>Colis de 13 pnx (9,75 m\u00b2)<\/td>\n<td style=\"text-align: center\">1,12<\/td>\n<td>45<\/td>\n<\/tr>\n<tr>\n<td>Colis de 10 pnx (7,50 m\u00b2)<\/td>\n<td style=\"text-align: center\">1,50<\/td>\n<td>60<\/td>\n<\/tr>\n<tr>\n<td>Colis de 6 pnx (9,75 m\u00b2)<\/td>\n<td style=\"text-align: center\">2,50<\/td>\n<td>100<\/td>\n<\/tr>\n<\/tbody>\n<\/table>\n<div class=\"row-fluid\">\n<div class=\"span12 detailsAtouts\">\n<div id=\"PRODUIT_ENCART\">\n<h3>Performances acoustiques valid\u00e9es<\/h3>\n<p>L\u2019association de la ouate de cellulose haute densit\u00e9 aux fibres de chanvre, procure \u00e0 Biofib\u2019ouate d\u2019excellentes performances d\u2019isolation phonique, pour un meilleur confort acoustique.\u00a0Les niveaux d\u2019affaiblissement acoustiques mesur\u00e9s et certifi\u00e9s (essais FCBA) sur des parois types sont nettement sup\u00e9rieurs aux exigences r\u00e9glementaires.<\/p>\n<\/div>\n<p><img loading=\"lazy\" decoding=\"async\" class=\" size-full wp-image-13205\" src=\"https:\/\/nature-et-developpement.com\/bem\/wp-content\/uploads\/sites\/17\/2019\/09\/BioFib-Ouate-perf-001.PNG\" alt=\"\" width=\"600\" height=\"112\" srcset=\"https:\/\/nature-et-developpement.com\/bem\/wp-content\/uploads\/sites\/17\/2019\/09\/BioFib-Ouate-perf-001.PNG 1055w, https:\/\/nature-et-developpement.com\/bem\/wp-content\/uploads\/sites\/17\/2019\/09\/BioFib-Ouate-perf-001-300x56.png 300w, https:\/\/nature-et-developpement.com\/bem\/wp-content\/uploads\/sites\/17\/2019\/09\/BioFib-Ouate-perf-001-1024x191.png 1024w, https:\/\/nature-et-developpement.com\/bem\/wp-content\/uploads\/sites\/17\/2019\/09\/BioFib-Ouate-perf-001-768x143.png 768w, https:\/\/nature-et-developpement.com\/bem\/wp-content\/uploads\/sites\/17\/2019\/09\/BioFib-Ouate-perf-001-600x112.png 600w\" sizes=\"auto, (max-width: 600px) 100vw, 600px\" \/><\/p>\n<div id=\"PRODUIT_ENCART_2\">\n<table id=\"table-responsive\" class=\"table-striped table-bordered table-hover\" style=\"height: 246px\" border=\"0\" width=\"426\" cellspacing=\"0\" cellpadding=\"3\">\n<tbody>\n<tr>\n<td>1 &#8211; Mur ossature bois<\/td>\n<td>2 &#8211; Cloison simple<\/td>\n<td>3 &#8211; Cloison double<\/td>\n<\/tr>\n<tr>\n<td style=\"text-align: center\">Bardage<\/td>\n<td style=\"text-align: center\">Fermacell<\/td>\n<td style=\"text-align: center\">Fermacell<\/td>\n<\/tr>\n<tr>\n<td style=\"text-align: center\">Pare-pluie<\/td>\n<td style=\"text-align: center\">Montant 48\/35<\/td>\n<td style=\"text-align: center\">Montant 48\/35<\/td>\n<\/tr>\n<tr>\n<td style=\"text-align: center\">CTBH 19 mm<\/td>\n<td style=\"text-align: center\">Biofib\u2019 ouate 45 mm<\/td>\n<td style=\"text-align: center\">Biofib\u2019 ouate 45 mm<\/td>\n<\/tr>\n<tr>\n<td style=\"text-align: center\">Montant 140 mm<\/td>\n<td style=\"text-align: center\"><\/td>\n<td style=\"text-align: center\">Biofib\u2019 ouate 60 mm<\/td>\n<\/tr>\n<tr>\n<td style=\"text-align: center\">Biofib\u2019 ouate 140 mm<\/td>\n<td style=\"text-align: center\"><\/td>\n<td style=\"text-align: center\">Biofib\u2019 ouate 45 mm<\/td>\n<\/tr>\n<tr>\n<td style=\"text-align: center\">Pare-vapeur<\/td>\n<td style=\"text-align: center\"><\/td>\n<td style=\"text-align: center\">Montant 48\/35<\/td>\n<\/tr>\n<tr>\n<td style=\"text-align: center\">Montant 48\/35<\/td>\n<td style=\"text-align: center\"><\/td>\n<td style=\"text-align: center\">Fermacell<\/td>\n<\/tr>\n<tr>\n<td style=\"text-align: center\">Fermacell<\/td>\n<td style=\"text-align: center\">Fermacell<\/td>\n<td style=\"text-align: center\">Fermacell<\/td>\n<\/tr>\n<tr>\n<td style=\"text-align: center\">61 dB (-2 ;-7)<\/td>\n<td style=\"text-align: center\">47 dB (-4 ;-11)<\/td>\n<td style=\"text-align: center\">69 dB (-2 ;-7)<\/td>\n<\/tr>\n<tr>\n<td style=\"text-align: center\">Exigences : 30 \u00e0 45 dB<\/td>\n<td style=\"text-align: center\">38 \u00e0 41 dB<\/td>\n<td style=\"text-align: center\">51 \u00e0 59 dB<\/td>\n<\/tr>\n<\/tbody>\n<\/table>\n<h3>Les plus :<\/h3>\n<ul>\n<li>Fibres de chanvre tr\u00e8s r\u00e9sistantes assurant la rigidit\u00e9 et la bonne tenue m\u00e9canique<\/li>\n<li>Compl\u00e9mentarit\u00e9 des deux structures de fibres pour de meilleures performances acoustiques<\/li>\n<li>Ouate de cellulose: mati\u00e8re premi\u00e8re recycl\u00e9e, issue de la valorisation des journaux invendus ou recycl\u00e9s<\/li>\n<li>Ma\u00eetrise de la qualit\u00e9 de la mati\u00e8re premi\u00e8re (sans papier glac\u00e9)<\/li>\n<li>Peu d\u2019\u00e9nergie consomm\u00e9e pour sa production<\/li>\n<li>Recyclable<\/li>\n<\/ul>\n<p><img loading=\"lazy\" decoding=\"async\" class=\" size-full wp-image-13206\" src=\"https:\/\/nature-et-developpement.com\/bem\/wp-content\/uploads\/sites\/17\/2019\/09\/BioFib-Ouate-appli-001.PNG\" alt=\"\" width=\"600\" height=\"301\" srcset=\"https:\/\/nature-et-developpement.com\/bem\/wp-content\/uploads\/sites\/17\/2019\/09\/BioFib-Ouate-appli-001.PNG 1006w, https:\/\/nature-et-developpement.com\/bem\/wp-content\/uploads\/sites\/17\/2019\/09\/BioFib-Ouate-appli-001-300x150.png 300w, https:\/\/nature-et-developpement.com\/bem\/wp-content\/uploads\/sites\/17\/2019\/09\/BioFib-Ouate-appli-001-768x385.png 768w, https:\/\/nature-et-developpement.com\/bem\/wp-content\/uploads\/sites\/17\/2019\/09\/BioFib-Ouate-appli-001-600x301.png 600w\" sizes=\"auto, (max-width: 600px) 100vw, 600px\" \/><\/p>\n<\/div>\n<\/div>\n<\/div>\n","protected":false},"excerpt":{"rendered":"<p>Biofib\u2019Ouate est une alliance de fibres de chanvre et de ouate de cellulose qui procure une qualit\u00e9 acoustique performante.<\/p>\n<p>Disponible en panneaux de 1250 mm x 600 mm.<\/p>\n","protected":false},"featured_media":13202,"template":"","meta":[],"product_brand":[2747,8797],"product_cat":[8738,83],"product_tag":[],"class_list":{"0":"post-13207","1":"product","2":"type-product","3":"status-publish","4":"has-post-thumbnail","6":"product_brand-biofib","7":"product_brand-produits-bem","8":"product_cat-demande-de-devis-uniquement-sans-prix","9":"product_cat-isolants-ecologiques","10":"pa_utilisationeninterieur-oui","12":"first","13":"instock","14":"taxable","15":"shipping-taxable","16":"purchasable","17":"product-type-variable"},"yoast_head":"<!-- This site is optimized with the Yoast SEO plugin v27.5 - https:\/\/yoast.com\/product\/yoast-seo-wordpress\/ -->\n<title>Panneaux Cellulose\/Chanvre BIOFIB&#039;OUATE CAVAC (St Michel\/Orge)<\/title>\n<meta name=\"description\" content=\"Biofib\u2019Ouate est une alliance de fibres de chanvre et de ouate de cellulose qui procure une qualit\u00e9 acoustique performante.  Disponible en panneaux de 1250 mm x 600 mm.\" \/>\n<meta name=\"robots\" content=\"noindex, follow\" \/>\n<meta property=\"og:locale\" content=\"fr_FR\" \/>\n<meta property=\"og:type\" content=\"article\" \/>\n<meta property=\"og:title\" content=\"Panneaux Cellulose\/Chanvre BIOFIB&#039;OUATE CAVAC (St Michel\/Orge)\" \/>\n<meta property=\"og:description\" content=\"Biofib\u2019Ouate est une alliance de fibres de chanvre et de ouate de cellulose qui procure une qualit\u00e9 acoustique performante.  Disponible en panneaux de 1250 mm x 600 mm.\" \/>\n<meta property=\"og:url\" content=\"https:\/\/nature-et-developpement.com\/bem\/produit\/panneaux-cellulosechanvre-biofib-ouate-cavac-st-michelorge\/\" \/>\n<meta property=\"og:site_name\" content=\"Bien-\u00catre Mat\u00e9riaux\" \/>\n<meta property=\"article:modified_time\" content=\"2026-02-12T09:48:38+00:00\" \/>\n<meta property=\"og:image\" content=\"https:\/\/nature-et-developpement.com\/bem\/wp-content\/uploads\/sites\/17\/2019\/09\/25757-BiofibOUATE.jpg\" \/>\n\t<meta property=\"og:image:width\" content=\"800\" \/>\n\t<meta property=\"og:image:height\" content=\"800\" \/>\n\t<meta property=\"og:image:type\" content=\"image\/jpeg\" \/>\n<meta name=\"twitter:card\" content=\"summary_large_image\" \/>\n<meta name=\"twitter:label1\" content=\"Dur\u00e9e de lecture estim\u00e9e\" \/>\n\t<meta name=\"twitter:data1\" content=\"1 minute\" \/>\n<script type=\"application\/ld+json\" class=\"yoast-schema-graph\">{\"@context\":\"https:\\\/\\\/schema.org\",\"@graph\":[{\"@type\":\"WebPage\",\"@id\":\"https:\\\/\\\/nature-et-developpement.com\\\/bem\\\/produit\\\/panneaux-cellulosechanvre-biofib-ouate-cavac-st-michelorge\\\/\",\"url\":\"https:\\\/\\\/nature-et-developpement.com\\\/bem\\\/produit\\\/panneaux-cellulosechanvre-biofib-ouate-cavac-st-michelorge\\\/\",\"name\":\"Panneaux Cellulose\\\/Chanvre BIOFIB'OUATE CAVAC (St Michel\\\/Orge)\",\"isPartOf\":{\"@id\":\"https:\\\/\\\/nature-et-developpement.com\\\/bem\\\/#website\"},\"primaryImageOfPage\":{\"@id\":\"https:\\\/\\\/nature-et-developpement.com\\\/bem\\\/produit\\\/panneaux-cellulosechanvre-biofib-ouate-cavac-st-michelorge\\\/#primaryimage\"},\"image\":{\"@id\":\"https:\\\/\\\/nature-et-developpement.com\\\/bem\\\/produit\\\/panneaux-cellulosechanvre-biofib-ouate-cavac-st-michelorge\\\/#primaryimage\"},\"thumbnailUrl\":\"https:\\\/\\\/nature-et-developpement.com\\\/bem\\\/wp-content\\\/uploads\\\/sites\\\/17\\\/2019\\\/09\\\/25757-BiofibOUATE.jpg\",\"datePublished\":\"2019-09-02T15:16:24+00:00\",\"dateModified\":\"2026-02-12T09:48:38+00:00\",\"description\":\"Biofib\u2019Ouate est une alliance de fibres de chanvre et de ouate de cellulose qui procure une qualit\u00e9 acoustique performante. Disponible en panneaux de 1250 mm x 600 mm.\",\"breadcrumb\":{\"@id\":\"https:\\\/\\\/nature-et-developpement.com\\\/bem\\\/produit\\\/panneaux-cellulosechanvre-biofib-ouate-cavac-st-michelorge\\\/#breadcrumb\"},\"inLanguage\":\"fr-FR\",\"potentialAction\":[{\"@type\":\"ReadAction\",\"target\":[\"https:\\\/\\\/nature-et-developpement.com\\\/bem\\\/produit\\\/panneaux-cellulosechanvre-biofib-ouate-cavac-st-michelorge\\\/\"]}]},{\"@type\":\"ImageObject\",\"inLanguage\":\"fr-FR\",\"@id\":\"https:\\\/\\\/nature-et-developpement.com\\\/bem\\\/produit\\\/panneaux-cellulosechanvre-biofib-ouate-cavac-st-michelorge\\\/#primaryimage\",\"url\":\"https:\\\/\\\/nature-et-developpement.com\\\/bem\\\/wp-content\\\/uploads\\\/sites\\\/17\\\/2019\\\/09\\\/25757-BiofibOUATE.jpg\",\"contentUrl\":\"https:\\\/\\\/nature-et-developpement.com\\\/bem\\\/wp-content\\\/uploads\\\/sites\\\/17\\\/2019\\\/09\\\/25757-BiofibOUATE.jpg\",\"width\":800,\"height\":800,\"caption\":\"Biofib'OUATE\"},{\"@type\":\"BreadcrumbList\",\"@id\":\"https:\\\/\\\/nature-et-developpement.com\\\/bem\\\/produit\\\/panneaux-cellulosechanvre-biofib-ouate-cavac-st-michelorge\\\/#breadcrumb\",\"itemListElement\":[{\"@type\":\"ListItem\",\"position\":1,\"name\":\"Accueil\",\"item\":\"https:\\\/\\\/nature-et-developpement.com\\\/bem\\\/\"},{\"@type\":\"ListItem\",\"position\":2,\"name\":\"Produits\",\"item\":\"https:\\\/\\\/nature-et-developpement.com\\\/bem\\\/shop\\\/\"},{\"@type\":\"ListItem\",\"position\":3,\"name\":\"Isolation et \u00e9tanch\u00e9it\u00e9\",\"item\":\"https:\\\/\\\/nature-et-developpement.com\\\/bem\\\/produits\\\/isolation-et-etancheite\\\/\"},{\"@type\":\"ListItem\",\"position\":4,\"name\":\"ISOLANTS ECOLOGIQUES\",\"item\":\"https:\\\/\\\/nature-et-developpement.com\\\/bem\\\/produits\\\/isolation-et-etancheite\\\/isolant-naturel\\\/\"},{\"@type\":\"ListItem\",\"position\":5,\"name\":\"Panneaux Cellulose\\\/Chanvre BIOFIB&rsquo;OUATE CAVAC (St Michel\\\/Orge)\"}]},{\"@type\":\"WebSite\",\"@id\":\"https:\\\/\\\/nature-et-developpement.com\\\/bem\\\/#website\",\"url\":\"https:\\\/\\\/nature-et-developpement.com\\\/bem\\\/\",\"name\":\"Bien-\u00catre Mat\u00e9riaux\",\"description\":\"Bien-Etre Mat\u00e9riaux est membre du groupement Nature &amp; D\u00e9veloppement\",\"potentialAction\":[{\"@type\":\"SearchAction\",\"target\":{\"@type\":\"EntryPoint\",\"urlTemplate\":\"https:\\\/\\\/nature-et-developpement.com\\\/bem\\\/?s={search_term_string}\"},\"query-input\":{\"@type\":\"PropertyValueSpecification\",\"valueRequired\":true,\"valueName\":\"search_term_string\"}}],\"inLanguage\":\"fr-FR\"}]}<\/script>\n<!-- \/ Yoast SEO plugin. -->","yoast_head_json":{"title":"Panneaux Cellulose\/Chanvre BIOFIB'OUATE CAVAC (St Michel\/Orge)","description":"Biofib\u2019Ouate est une alliance de fibres de chanvre et de ouate de cellulose qui procure une qualit\u00e9 acoustique performante.  Disponible en panneaux de 1250 mm x 600 mm.","robots":{"index":"noindex","follow":"follow"},"og_locale":"fr_FR","og_type":"article","og_title":"Panneaux Cellulose\/Chanvre BIOFIB'OUATE CAVAC (St Michel\/Orge)","og_description":"Biofib\u2019Ouate est une alliance de fibres de chanvre et de ouate de cellulose qui procure une qualit\u00e9 acoustique performante.  Disponible en panneaux de 1250 mm x 600 mm.","og_url":"https:\/\/nature-et-developpement.com\/bem\/produit\/panneaux-cellulosechanvre-biofib-ouate-cavac-st-michelorge\/","og_site_name":"Bien-\u00catre Mat\u00e9riaux","article_modified_time":"2026-02-12T09:48:38+00:00","og_image":[{"width":800,"height":800,"url":"https:\/\/nature-et-developpement.com\/bem\/wp-content\/uploads\/sites\/17\/2019\/09\/25757-BiofibOUATE.jpg","type":"image\/jpeg"}],"twitter_card":"summary_large_image","twitter_misc":{"Dur\u00e9e de lecture estim\u00e9e":"1 minute"},"schema":{"@context":"https:\/\/schema.org","@graph":[{"@type":"WebPage","@id":"https:\/\/nature-et-developpement.com\/bem\/produit\/panneaux-cellulosechanvre-biofib-ouate-cavac-st-michelorge\/","url":"https:\/\/nature-et-developpement.com\/bem\/produit\/panneaux-cellulosechanvre-biofib-ouate-cavac-st-michelorge\/","name":"Panneaux Cellulose\/Chanvre BIOFIB'OUATE CAVAC (St Michel\/Orge)","isPartOf":{"@id":"https:\/\/nature-et-developpement.com\/bem\/#website"},"primaryImageOfPage":{"@id":"https:\/\/nature-et-developpement.com\/bem\/produit\/panneaux-cellulosechanvre-biofib-ouate-cavac-st-michelorge\/#primaryimage"},"image":{"@id":"https:\/\/nature-et-developpement.com\/bem\/produit\/panneaux-cellulosechanvre-biofib-ouate-cavac-st-michelorge\/#primaryimage"},"thumbnailUrl":"https:\/\/nature-et-developpement.com\/bem\/wp-content\/uploads\/sites\/17\/2019\/09\/25757-BiofibOUATE.jpg","datePublished":"2019-09-02T15:16:24+00:00","dateModified":"2026-02-12T09:48:38+00:00","description":"Biofib\u2019Ouate est une alliance de fibres de chanvre et de ouate de cellulose qui procure une qualit\u00e9 acoustique performante. Disponible en panneaux de 1250 mm x 600 mm.","breadcrumb":{"@id":"https:\/\/nature-et-developpement.com\/bem\/produit\/panneaux-cellulosechanvre-biofib-ouate-cavac-st-michelorge\/#breadcrumb"},"inLanguage":"fr-FR","potentialAction":[{"@type":"ReadAction","target":["https:\/\/nature-et-developpement.com\/bem\/produit\/panneaux-cellulosechanvre-biofib-ouate-cavac-st-michelorge\/"]}]},{"@type":"ImageObject","inLanguage":"fr-FR","@id":"https:\/\/nature-et-developpement.com\/bem\/produit\/panneaux-cellulosechanvre-biofib-ouate-cavac-st-michelorge\/#primaryimage","url":"https:\/\/nature-et-developpement.com\/bem\/wp-content\/uploads\/sites\/17\/2019\/09\/25757-BiofibOUATE.jpg","contentUrl":"https:\/\/nature-et-developpement.com\/bem\/wp-content\/uploads\/sites\/17\/2019\/09\/25757-BiofibOUATE.jpg","width":800,"height":800,"caption":"Biofib'OUATE"},{"@type":"BreadcrumbList","@id":"https:\/\/nature-et-developpement.com\/bem\/produit\/panneaux-cellulosechanvre-biofib-ouate-cavac-st-michelorge\/#breadcrumb","itemListElement":[{"@type":"ListItem","position":1,"name":"Accueil","item":"https:\/\/nature-et-developpement.com\/bem\/"},{"@type":"ListItem","position":2,"name":"Produits","item":"https:\/\/nature-et-developpement.com\/bem\/shop\/"},{"@type":"ListItem","position":3,"name":"Isolation et \u00e9tanch\u00e9it\u00e9","item":"https:\/\/nature-et-developpement.com\/bem\/produits\/isolation-et-etancheite\/"},{"@type":"ListItem","position":4,"name":"ISOLANTS ECOLOGIQUES","item":"https:\/\/nature-et-developpement.com\/bem\/produits\/isolation-et-etancheite\/isolant-naturel\/"},{"@type":"ListItem","position":5,"name":"Panneaux Cellulose\/Chanvre BIOFIB&rsquo;OUATE CAVAC (St Michel\/Orge)"}]},{"@type":"WebSite","@id":"https:\/\/nature-et-developpement.com\/bem\/#website","url":"https:\/\/nature-et-developpement.com\/bem\/","name":"Bien-\u00catre Mat\u00e9riaux","description":"Bien-Etre Mat\u00e9riaux est membre du groupement Nature &amp; D\u00e9veloppement","potentialAction":[{"@type":"SearchAction","target":{"@type":"EntryPoint","urlTemplate":"https:\/\/nature-et-developpement.com\/bem\/?s={search_term_string}"},"query-input":{"@type":"PropertyValueSpecification","valueRequired":true,"valueName":"search_term_string"}}],"inLanguage":"fr-FR"}]}},"distributor_meta":false,"distributor_terms":false,"distributor_media":false,"distributor_original_site_name":"Bien-\u00catre Mat\u00e9riaux","distributor_original_site_url":"https:\/\/nature-et-developpement.com\/bem","push-errors":false,"_links":{"self":[{"href":"https:\/\/nature-et-developpement.com\/bem\/wp-json\/wp\/v2\/product\/13207","targetHints":{"allow":["GET"]}}],"collection":[{"href":"https:\/\/nature-et-developpement.com\/bem\/wp-json\/wp\/v2\/product"}],"about":[{"href":"https:\/\/nature-et-developpement.com\/bem\/wp-json\/wp\/v2\/types\/product"}],"wp:featuredmedia":[{"embeddable":true,"href":"https:\/\/nature-et-developpement.com\/bem\/wp-json\/wp\/v2\/media\/13202"}],"wp:attachment":[{"href":"https:\/\/nature-et-developpement.com\/bem\/wp-json\/wp\/v2\/media?parent=13207"}],"wp:term":[{"taxonomy":"product_brand","embeddable":true,"href":"https:\/\/nature-et-developpement.com\/bem\/wp-json\/wp\/v2\/product_brand?post=13207"},{"taxonomy":"product_cat","embeddable":true,"href":"https:\/\/nature-et-developpement.com\/bem\/wp-json\/wp\/v2\/product_cat?post=13207"},{"taxonomy":"product_tag","embeddable":true,"href":"https:\/\/nature-et-developpement.com\/bem\/wp-json\/wp\/v2\/product_tag?post=13207"}],"curies":[{"name":"wp","href":"https:\/\/api.w.org\/{rel}","templated":true}]}}