{"id":13219,"date":"2020-02-06T17:02:36","date_gmt":"2020-02-06T16:02:36","guid":{"rendered":"https:\/\/nature-et-developpement.com\/bem\/produit\/panneaux-chanvrelincoton-biofib-trio-cavac-st-michelorge\/"},"modified":"2026-02-12T10:48:36","modified_gmt":"2026-02-12T09:48:36","slug":"panneaux-chanvrelincoton-biofib-trio-cavac-st-michelorge","status":"publish","type":"product","link":"https:\/\/nature-et-developpement.com\/bem\/produit\/panneaux-chanvrelincoton-biofib-trio-cavac-st-michelorge\/","title":{"rendered":"Panneaux Chanvre\/Lin\/Coton BIOFIB&rsquo;TRIO CAVAC (St Michel\/Orge)"},"content":{"rendered":"<div id=\"PRODUIT_ENCART\">\n<h3>Long\u00e9vit\u00e9 des performances<\/h3>\n<p>Con\u00e7us selon un processus industriel novateur, leur conf\u00e9rant un \u00ab effet ressort \u00bb en lat\u00e9ral, les panneaux isolants Biofib\u2019Trio affichent :<\/p>\n<ul>\n<li>Une excellente tenue\u00a0m\u00e9canique\u00a0qui contribue \u00e0 leur grande facilit\u00e9 de pose et permet de conserver durablement toute leur efficacit\u00e9<\/li>\n<li>Une d\u00e9coupe et une pose simplifi\u00e9es m\u00eame en cas de supports irr\u00e9guliers\u00a0(notamment en r\u00e9novation) : d\u00e9couper l\u2019isolant en majorant l\u2019espace entre les montants de 2 cm environ afin de poser le panneau en l\u00e9g\u00e8re compression<\/li>\n<li>La r\u00e9duction des ponts thermiques\u00a0: l\u2019isolant \u00ab \u00e9pouse \u00bb la forme des montants<\/li>\n<li>Une grande stabilit\u00e9 dans le temps\u00a0: pas de tassement vertical<\/li>\n<li>Enfin ses fibres naturelles, non toxiques, non irritantes et douces au toucher ne n\u00e9cessitent\u00a0aucune pr\u00e9caution particuli\u00e8re lors de la mise en oeuvre\u00a0.<\/li>\n<\/ul>\n<p><img loading=\"lazy\" decoding=\"async\" class=\" size-full wp-image-13218\" src=\"https:\/\/nature-et-developpement.com\/bem\/wp-content\/uploads\/sites\/17\/2020\/02\/BioFib-Trio-perf-001.PNG\" alt=\"\" width=\"600\" height=\"103\" srcset=\"https:\/\/nature-et-developpement.com\/bem\/wp-content\/uploads\/sites\/17\/2020\/02\/BioFib-Trio-perf-001.PNG 1183w, https:\/\/nature-et-developpement.com\/bem\/wp-content\/uploads\/sites\/17\/2020\/02\/BioFib-Trio-perf-001-300x52.png 300w, https:\/\/nature-et-developpement.com\/bem\/wp-content\/uploads\/sites\/17\/2020\/02\/BioFib-Trio-perf-001-1024x177.png 1024w, https:\/\/nature-et-developpement.com\/bem\/wp-content\/uploads\/sites\/17\/2020\/02\/BioFib-Trio-perf-001-768x132.png 768w, https:\/\/nature-et-developpement.com\/bem\/wp-content\/uploads\/sites\/17\/2020\/02\/BioFib-Trio-perf-001-600x103.png 600w\" sizes=\"auto, (max-width: 600px) 100vw, 600px\" \/><\/p>\n<\/div>\n","protected":false},"excerpt":{"rendered":"<p>L&rsquo;alliance parfaite des fibres de chanvre,\u00a0lin et\u00a0coton, offrant une isolation thermo-acoustique exceptionnelle pour toutes les zones de la maison, avec des performances thermiques certifi\u00e9es ACERMI<\/p>\n","protected":false},"featured_media":13212,"template":"","meta":[],"product_brand":[2747,8797],"product_cat":[8738,83],"product_tag":[],"class_list":{"0":"post-13219","1":"product","2":"type-product","3":"status-publish","4":"has-post-thumbnail","6":"product_brand-biofib","7":"product_brand-produits-bem","8":"product_cat-demande-de-devis-uniquement-sans-prix","9":"product_cat-isolants-ecologiques","11":"first","12":"instock","13":"taxable","14":"shipping-taxable","15":"purchasable","16":"product-type-variable"},"yoast_head":"<!-- This site is optimized with the Yoast SEO plugin v27.5 - https:\/\/yoast.com\/product\/yoast-seo-wordpress\/ -->\n<title>Panneaux Chanvre\/Lin\/Coton BIOFIB&#039;TRIO CAVAC (St Michel\/Orge)<\/title>\n<meta name=\"description\" content=\"L&#039;alliance parfaite des fibres de chanvre,\u00a0lin et\u00a0coton, offrant une isolation thermo-acoustique exceptionnelle pour toutes les zones de la maison, avec des performances thermiques certifi\u00e9es ACERMI\" \/>\n<meta name=\"robots\" content=\"noindex, follow\" \/>\n<meta property=\"og:locale\" content=\"fr_FR\" \/>\n<meta property=\"og:type\" content=\"article\" \/>\n<meta property=\"og:title\" content=\"Panneaux Chanvre\/Lin\/Coton BIOFIB&#039;TRIO CAVAC (St Michel\/Orge)\" \/>\n<meta property=\"og:description\" content=\"L&#039;alliance parfaite des fibres de chanvre,\u00a0lin et\u00a0coton, offrant une isolation thermo-acoustique exceptionnelle pour toutes les zones de la maison, avec des performances thermiques certifi\u00e9es ACERMI\" \/>\n<meta property=\"og:url\" content=\"https:\/\/nature-et-developpement.com\/bem\/produit\/panneaux-chanvrelincoton-biofib-trio-cavac-st-michelorge\/\" \/>\n<meta property=\"og:site_name\" content=\"Bien-\u00catre Mat\u00e9riaux\" \/>\n<meta property=\"article:modified_time\" content=\"2026-02-12T09:48:36+00:00\" \/>\n<meta property=\"og:image\" content=\"https:\/\/nature-et-developpement.com\/bem\/wp-content\/uploads\/sites\/17\/2020\/02\/25758-BiofibTRIO.jpg\" \/>\n\t<meta property=\"og:image:width\" content=\"800\" \/>\n\t<meta property=\"og:image:height\" content=\"800\" \/>\n\t<meta property=\"og:image:type\" content=\"image\/jpeg\" \/>\n<meta name=\"twitter:card\" content=\"summary_large_image\" \/>\n<meta name=\"twitter:label1\" content=\"Dur\u00e9e de lecture estim\u00e9e\" \/>\n\t<meta name=\"twitter:data1\" content=\"1 minute\" \/>\n<script type=\"application\/ld+json\" class=\"yoast-schema-graph\">{\"@context\":\"https:\\\/\\\/schema.org\",\"@graph\":[{\"@type\":\"WebPage\",\"@id\":\"https:\\\/\\\/nature-et-developpement.com\\\/bem\\\/produit\\\/panneaux-chanvrelincoton-biofib-trio-cavac-st-michelorge\\\/\",\"url\":\"https:\\\/\\\/nature-et-developpement.com\\\/bem\\\/produit\\\/panneaux-chanvrelincoton-biofib-trio-cavac-st-michelorge\\\/\",\"name\":\"Panneaux Chanvre\\\/Lin\\\/Coton BIOFIB'TRIO CAVAC (St Michel\\\/Orge)\",\"isPartOf\":{\"@id\":\"https:\\\/\\\/nature-et-developpement.com\\\/bem\\\/#website\"},\"primaryImageOfPage\":{\"@id\":\"https:\\\/\\\/nature-et-developpement.com\\\/bem\\\/produit\\\/panneaux-chanvrelincoton-biofib-trio-cavac-st-michelorge\\\/#primaryimage\"},\"image\":{\"@id\":\"https:\\\/\\\/nature-et-developpement.com\\\/bem\\\/produit\\\/panneaux-chanvrelincoton-biofib-trio-cavac-st-michelorge\\\/#primaryimage\"},\"thumbnailUrl\":\"https:\\\/\\\/nature-et-developpement.com\\\/bem\\\/wp-content\\\/uploads\\\/sites\\\/17\\\/2020\\\/02\\\/25758-BiofibTRIO.jpg\",\"datePublished\":\"2020-02-06T16:02:36+00:00\",\"dateModified\":\"2026-02-12T09:48:36+00:00\",\"description\":\"L'alliance parfaite des fibres de chanvre,\u00a0lin et\u00a0coton, offrant une isolation thermo-acoustique exceptionnelle pour toutes les zones de la maison, avec des performances thermiques certifi\u00e9es ACERMI\",\"breadcrumb\":{\"@id\":\"https:\\\/\\\/nature-et-developpement.com\\\/bem\\\/produit\\\/panneaux-chanvrelincoton-biofib-trio-cavac-st-michelorge\\\/#breadcrumb\"},\"inLanguage\":\"fr-FR\",\"potentialAction\":[{\"@type\":\"ReadAction\",\"target\":[\"https:\\\/\\\/nature-et-developpement.com\\\/bem\\\/produit\\\/panneaux-chanvrelincoton-biofib-trio-cavac-st-michelorge\\\/\"]}]},{\"@type\":\"ImageObject\",\"inLanguage\":\"fr-FR\",\"@id\":\"https:\\\/\\\/nature-et-developpement.com\\\/bem\\\/produit\\\/panneaux-chanvrelincoton-biofib-trio-cavac-st-michelorge\\\/#primaryimage\",\"url\":\"https:\\\/\\\/nature-et-developpement.com\\\/bem\\\/wp-content\\\/uploads\\\/sites\\\/17\\\/2020\\\/02\\\/25758-BiofibTRIO.jpg\",\"contentUrl\":\"https:\\\/\\\/nature-et-developpement.com\\\/bem\\\/wp-content\\\/uploads\\\/sites\\\/17\\\/2020\\\/02\\\/25758-BiofibTRIO.jpg\",\"width\":800,\"height\":800,\"caption\":\"Biofib'TRIO\"},{\"@type\":\"BreadcrumbList\",\"@id\":\"https:\\\/\\\/nature-et-developpement.com\\\/bem\\\/produit\\\/panneaux-chanvrelincoton-biofib-trio-cavac-st-michelorge\\\/#breadcrumb\",\"itemListElement\":[{\"@type\":\"ListItem\",\"position\":1,\"name\":\"Accueil\",\"item\":\"https:\\\/\\\/nature-et-developpement.com\\\/bem\\\/\"},{\"@type\":\"ListItem\",\"position\":2,\"name\":\"Produits\",\"item\":\"https:\\\/\\\/nature-et-developpement.com\\\/bem\\\/shop\\\/\"},{\"@type\":\"ListItem\",\"position\":3,\"name\":\"Isolation et \u00e9tanch\u00e9it\u00e9\",\"item\":\"https:\\\/\\\/nature-et-developpement.com\\\/bem\\\/produits\\\/isolation-et-etancheite\\\/\"},{\"@type\":\"ListItem\",\"position\":4,\"name\":\"ISOLANTS ECOLOGIQUES\",\"item\":\"https:\\\/\\\/nature-et-developpement.com\\\/bem\\\/produits\\\/isolation-et-etancheite\\\/isolant-naturel\\\/\"},{\"@type\":\"ListItem\",\"position\":5,\"name\":\"Panneaux Chanvre\\\/Lin\\\/Coton BIOFIB&rsquo;TRIO CAVAC (St Michel\\\/Orge)\"}]},{\"@type\":\"WebSite\",\"@id\":\"https:\\\/\\\/nature-et-developpement.com\\\/bem\\\/#website\",\"url\":\"https:\\\/\\\/nature-et-developpement.com\\\/bem\\\/\",\"name\":\"Bien-\u00catre Mat\u00e9riaux\",\"description\":\"Bien-Etre Mat\u00e9riaux est membre du groupement Nature &amp; D\u00e9veloppement\",\"potentialAction\":[{\"@type\":\"SearchAction\",\"target\":{\"@type\":\"EntryPoint\",\"urlTemplate\":\"https:\\\/\\\/nature-et-developpement.com\\\/bem\\\/?s={search_term_string}\"},\"query-input\":{\"@type\":\"PropertyValueSpecification\",\"valueRequired\":true,\"valueName\":\"search_term_string\"}}],\"inLanguage\":\"fr-FR\"}]}<\/script>\n<!-- \/ Yoast SEO plugin. -->","yoast_head_json":{"title":"Panneaux Chanvre\/Lin\/Coton BIOFIB'TRIO CAVAC (St Michel\/Orge)","description":"L'alliance parfaite des fibres de chanvre,\u00a0lin et\u00a0coton, offrant une isolation thermo-acoustique exceptionnelle pour toutes les zones de la maison, avec des performances thermiques certifi\u00e9es ACERMI","robots":{"index":"noindex","follow":"follow"},"og_locale":"fr_FR","og_type":"article","og_title":"Panneaux Chanvre\/Lin\/Coton BIOFIB'TRIO CAVAC (St Michel\/Orge)","og_description":"L'alliance parfaite des fibres de chanvre,\u00a0lin et\u00a0coton, offrant une isolation thermo-acoustique exceptionnelle pour toutes les zones de la maison, avec des performances thermiques certifi\u00e9es ACERMI","og_url":"https:\/\/nature-et-developpement.com\/bem\/produit\/panneaux-chanvrelincoton-biofib-trio-cavac-st-michelorge\/","og_site_name":"Bien-\u00catre Mat\u00e9riaux","article_modified_time":"2026-02-12T09:48:36+00:00","og_image":[{"width":800,"height":800,"url":"https:\/\/nature-et-developpement.com\/bem\/wp-content\/uploads\/sites\/17\/2020\/02\/25758-BiofibTRIO.jpg","type":"image\/jpeg"}],"twitter_card":"summary_large_image","twitter_misc":{"Dur\u00e9e de lecture estim\u00e9e":"1 minute"},"schema":{"@context":"https:\/\/schema.org","@graph":[{"@type":"WebPage","@id":"https:\/\/nature-et-developpement.com\/bem\/produit\/panneaux-chanvrelincoton-biofib-trio-cavac-st-michelorge\/","url":"https:\/\/nature-et-developpement.com\/bem\/produit\/panneaux-chanvrelincoton-biofib-trio-cavac-st-michelorge\/","name":"Panneaux Chanvre\/Lin\/Coton BIOFIB'TRIO CAVAC (St Michel\/Orge)","isPartOf":{"@id":"https:\/\/nature-et-developpement.com\/bem\/#website"},"primaryImageOfPage":{"@id":"https:\/\/nature-et-developpement.com\/bem\/produit\/panneaux-chanvrelincoton-biofib-trio-cavac-st-michelorge\/#primaryimage"},"image":{"@id":"https:\/\/nature-et-developpement.com\/bem\/produit\/panneaux-chanvrelincoton-biofib-trio-cavac-st-michelorge\/#primaryimage"},"thumbnailUrl":"https:\/\/nature-et-developpement.com\/bem\/wp-content\/uploads\/sites\/17\/2020\/02\/25758-BiofibTRIO.jpg","datePublished":"2020-02-06T16:02:36+00:00","dateModified":"2026-02-12T09:48:36+00:00","description":"L'alliance parfaite des fibres de chanvre,\u00a0lin et\u00a0coton, offrant une isolation thermo-acoustique exceptionnelle pour toutes les zones de la maison, avec des performances thermiques certifi\u00e9es ACERMI","breadcrumb":{"@id":"https:\/\/nature-et-developpement.com\/bem\/produit\/panneaux-chanvrelincoton-biofib-trio-cavac-st-michelorge\/#breadcrumb"},"inLanguage":"fr-FR","potentialAction":[{"@type":"ReadAction","target":["https:\/\/nature-et-developpement.com\/bem\/produit\/panneaux-chanvrelincoton-biofib-trio-cavac-st-michelorge\/"]}]},{"@type":"ImageObject","inLanguage":"fr-FR","@id":"https:\/\/nature-et-developpement.com\/bem\/produit\/panneaux-chanvrelincoton-biofib-trio-cavac-st-michelorge\/#primaryimage","url":"https:\/\/nature-et-developpement.com\/bem\/wp-content\/uploads\/sites\/17\/2020\/02\/25758-BiofibTRIO.jpg","contentUrl":"https:\/\/nature-et-developpement.com\/bem\/wp-content\/uploads\/sites\/17\/2020\/02\/25758-BiofibTRIO.jpg","width":800,"height":800,"caption":"Biofib'TRIO"},{"@type":"BreadcrumbList","@id":"https:\/\/nature-et-developpement.com\/bem\/produit\/panneaux-chanvrelincoton-biofib-trio-cavac-st-michelorge\/#breadcrumb","itemListElement":[{"@type":"ListItem","position":1,"name":"Accueil","item":"https:\/\/nature-et-developpement.com\/bem\/"},{"@type":"ListItem","position":2,"name":"Produits","item":"https:\/\/nature-et-developpement.com\/bem\/shop\/"},{"@type":"ListItem","position":3,"name":"Isolation et \u00e9tanch\u00e9it\u00e9","item":"https:\/\/nature-et-developpement.com\/bem\/produits\/isolation-et-etancheite\/"},{"@type":"ListItem","position":4,"name":"ISOLANTS ECOLOGIQUES","item":"https:\/\/nature-et-developpement.com\/bem\/produits\/isolation-et-etancheite\/isolant-naturel\/"},{"@type":"ListItem","position":5,"name":"Panneaux Chanvre\/Lin\/Coton BIOFIB&rsquo;TRIO CAVAC (St Michel\/Orge)"}]},{"@type":"WebSite","@id":"https:\/\/nature-et-developpement.com\/bem\/#website","url":"https:\/\/nature-et-developpement.com\/bem\/","name":"Bien-\u00catre Mat\u00e9riaux","description":"Bien-Etre Mat\u00e9riaux est membre du groupement Nature &amp; D\u00e9veloppement","potentialAction":[{"@type":"SearchAction","target":{"@type":"EntryPoint","urlTemplate":"https:\/\/nature-et-developpement.com\/bem\/?s={search_term_string}"},"query-input":{"@type":"PropertyValueSpecification","valueRequired":true,"valueName":"search_term_string"}}],"inLanguage":"fr-FR"}]}},"distributor_meta":false,"distributor_terms":false,"distributor_media":false,"distributor_original_site_name":"Bien-\u00catre Mat\u00e9riaux","distributor_original_site_url":"https:\/\/nature-et-developpement.com\/bem","push-errors":false,"_links":{"self":[{"href":"https:\/\/nature-et-developpement.com\/bem\/wp-json\/wp\/v2\/product\/13219","targetHints":{"allow":["GET"]}}],"collection":[{"href":"https:\/\/nature-et-developpement.com\/bem\/wp-json\/wp\/v2\/product"}],"about":[{"href":"https:\/\/nature-et-developpement.com\/bem\/wp-json\/wp\/v2\/types\/product"}],"wp:featuredmedia":[{"embeddable":true,"href":"https:\/\/nature-et-developpement.com\/bem\/wp-json\/wp\/v2\/media\/13212"}],"wp:attachment":[{"href":"https:\/\/nature-et-developpement.com\/bem\/wp-json\/wp\/v2\/media?parent=13219"}],"wp:term":[{"taxonomy":"product_brand","embeddable":true,"href":"https:\/\/nature-et-developpement.com\/bem\/wp-json\/wp\/v2\/product_brand?post=13219"},{"taxonomy":"product_cat","embeddable":true,"href":"https:\/\/nature-et-developpement.com\/bem\/wp-json\/wp\/v2\/product_cat?post=13219"},{"taxonomy":"product_tag","embeddable":true,"href":"https:\/\/nature-et-developpement.com\/bem\/wp-json\/wp\/v2\/product_tag?post=13219"}],"curies":[{"name":"wp","href":"https:\/\/api.w.org\/{rel}","templated":true}]}}