{"id":13249,"date":"2019-09-03T16:18:58","date_gmt":"2019-09-03T14:18:58","guid":{"rendered":"https:\/\/nature-et-developpement.com\/bem\/produit\/isolant-rigide-steico-protect-h-st-michelorge\/"},"modified":"2026-02-12T10:48:38","modified_gmt":"2026-02-12T09:48:38","slug":"isolant-rigide-steico-protect-h-st-michelorge","status":"publish","type":"product","link":"https:\/\/nature-et-developpement.com\/bem\/produit\/isolant-rigide-steico-protect-h-st-michelorge\/","title":{"rendered":"Isolant rigide STEICO PROTECT H (St Michel\/Orge)"},"content":{"rendered":"<ul>\n<li>Panneau isolant support d&rsquo;enduit adapt\u00e9 \u00e0 l&rsquo;Isolation Thermique Ext\u00e9rieure ITE<\/li>\n<li>Panneau hydrofuge, ouvert \u00e0 la diffusion de vapeur d&rsquo;eau pour des constructions durables<\/li>\n<li>Haute performance isolante, tant en hiver qu\u2018en \u00e9t\u00e9<\/li>\n<li>Utilisable \u00e0 partir de 40 mm d&rsquo;\u00e9paisseur sur caisson \u00e0 insuffler<\/li>\n<li>Syst\u00e8me robuste et \u00e9conomique<\/li>\n<li>Syst\u00e8me constructif avec une r\u00e9sistance au feu test\u00e9e jusqu&rsquo;\u00e0 90 mn<\/li>\n<li>Recyclable, \u00e9cologique, respecte l\u2018environnement<\/li>\n<\/ul>\n<table style=\"height: 61px\" width=\"405\">\n<tbody>\n<tr>\n<td style=\"text-align: center\"><strong>Ep (mm)<\/strong><\/td>\n<td style=\"text-align: center\"><strong>BD\/RL<\/strong><\/td>\n<td style=\"text-align: center\"><strong>Dim (cm)<\/strong><\/td>\n<td style=\"text-align: center\"><strong>R<\/strong><\/td>\n<td style=\"text-align: center\"><strong>kg\/m\u00b2<\/strong><\/td>\n<td style=\"text-align: center\"><strong>m\u00b2\/palette<\/strong><\/td>\n<\/tr>\n<tr>\n<td style=\"text-align: center\">20<\/td>\n<td style=\"text-align: center\">BD<\/td>\n<td style=\"text-align: center\">0,60 x 135<\/td>\n<td style=\"text-align: center\">0,4<\/td>\n<td style=\"text-align: center\">2,65<\/td>\n<td style=\"text-align: center\">45,36<\/td>\n<\/tr>\n<\/tbody>\n<\/table>\n<h3 class=\"productDetail__label productDetail__label--big\">Caract\u00e9ristiques techniques<\/h3>\n<div class=\"table-responsive\">\n<table>\n<tbody>\n<tr>\n<td class=\"label\">Marquage<\/td>\n<td class=\"value\">WF EN 13171 \u2013 T5 \u2013 DS(70\/90)3 \u2013 CS (10 Y)150 \u2013 TR20(30) \u2013 WS1,0 \u2013 MU5<\/td>\n<\/tr>\n<tr>\n<td class=\"label\">R\u00e9action au feu selon norme EN 13501-1<\/td>\n<td class=\"value\">E<\/td>\n<\/tr>\n<tr>\n<td class=\"label\">Conductivit\u00e9 thermique \u03bbD [W\/(m*K)]<\/td>\n<td class=\"value\">0,048<\/td>\n<\/tr>\n<tr>\n<td class=\"label\">R\u00e9sistance thermique RD [(m\u00b2*K)\/W]<\/td>\n<td class=\"value\">0,40<\/td>\n<\/tr>\n<tr>\n<td class=\"label\">Masse volumique [kg\/m\u00b3]<\/td>\n<td class=\"value\">env. 265<\/td>\n<\/tr>\n<tr>\n<td class=\"label\">Facteur de r\u00e9sistance \u00e0 la diffusion de vapeur d\u2018eau \u03bc<\/td>\n<td class=\"value\">5,00<\/td>\n<\/tr>\n<tr>\n<td class=\"label\">Valeur sd [m]<\/td>\n<td class=\"value\">0,10<\/td>\n<\/tr>\n<tr>\n<td class=\"label\">Capacit\u00e9 thermique massique [J\/(kg*K)]<\/td>\n<td class=\"value\">2.100<\/td>\n<\/tr>\n<tr>\n<td class=\"label\">R\u00e9sistance \u00e0 la compression [kPa]<\/td>\n<td class=\"value\">150<\/td>\n<\/tr>\n<tr>\n<td class=\"label\">R\u00e9sistance \u00e0 la traction perpendiculaire aux faces [kPa]<\/td>\n<td class=\"value\">20<\/td>\n<\/tr>\n<tr>\n<td class=\"label\">Composants<\/td>\n<td class=\"value\">Fibre de bois, sulfate d\u2019aluminium, paraffine<\/td>\n<\/tr>\n<tr>\n<td class=\"label\">Code de recyclage (EAK)<\/td>\n<td class=\"value\">030105 \/ 170201<\/td>\n<\/tr>\n<\/tbody>\n<\/table>\n<\/div>\n","protected":false},"excerpt":{"rendered":"<p>Panneau isolant support d&rsquo;enduits<\/p>\n<p>Les panneaux STEICO protect sont parfaitement adapt\u00e9s \u00e0 la construction des ossatures bois. Les syst\u00e8mes d&rsquo;enduits mis en \u0153uvre doivent \u00eatre adapt\u00e9s au support fibre de bois et ouverts \u00e0 la diffusion de vapeur d&rsquo;eau.<\/p>\n","protected":false},"featured_media":13248,"template":"","meta":[],"product_brand":[8797,10564],"product_cat":[8738,82],"product_tag":[],"class_list":{"0":"post-13249","1":"product","2":"type-product","3":"status-publish","4":"has-post-thumbnail","6":"product_brand-produits-bem","7":"product_brand-steico-laine-de-bois","8":"product_cat-demande-de-devis-uniquement-sans-prix","9":"product_cat-isolation-et-etancheite","10":"pa_utilisationenexterieur-oui","12":"first","13":"instock","14":"taxable","15":"shipping-taxable","16":"purchasable","17":"product-type-variable"},"yoast_head":"<!-- This site is optimized with the Yoast SEO plugin v27.5 - https:\/\/yoast.com\/product\/yoast-seo-wordpress\/ -->\n<title>Isolant rigide STEICO PROTECT H (St Michel\/Orge)<\/title>\n<meta name=\"description\" content=\"Panneau isolant support d&#039;enduits  Les panneaux STEICO protect sont parfaitement adapt\u00e9s \u00e0 la construction des ossatures bois. Les syst\u00e8mes d&#039;enduits mis en \u0153uvre doivent \u00eatre adapt\u00e9s au support fibre de bois et ouverts \u00e0 la diffusion de vapeur d&#039;eau.\" \/>\n<meta name=\"robots\" content=\"noindex, follow\" \/>\n<meta property=\"og:locale\" content=\"fr_FR\" \/>\n<meta property=\"og:type\" content=\"article\" \/>\n<meta property=\"og:title\" content=\"Isolant rigide STEICO PROTECT H (St Michel\/Orge)\" \/>\n<meta property=\"og:description\" content=\"Panneau isolant support d&#039;enduits  Les panneaux STEICO protect sont parfaitement adapt\u00e9s \u00e0 la construction des ossatures bois. Les syst\u00e8mes d&#039;enduits mis en \u0153uvre doivent \u00eatre adapt\u00e9s au support fibre de bois et ouverts \u00e0 la diffusion de vapeur d&#039;eau.\" \/>\n<meta property=\"og:url\" content=\"https:\/\/nature-et-developpement.com\/bem\/produit\/isolant-rigide-steico-protect-h-st-michelorge\/\" \/>\n<meta property=\"og:site_name\" content=\"Bien-\u00catre Mat\u00e9riaux\" \/>\n<meta property=\"article:modified_time\" content=\"2026-02-12T09:48:38+00:00\" \/>\n<meta property=\"og:image\" content=\"https:\/\/nature-et-developpement.com\/bem\/wp-content\/uploads\/sites\/17\/2019\/09\/25770-STEICO-protect-H.jpg\" \/>\n\t<meta property=\"og:image:width\" content=\"800\" \/>\n\t<meta property=\"og:image:height\" content=\"800\" \/>\n\t<meta property=\"og:image:type\" content=\"image\/jpeg\" \/>\n<meta name=\"twitter:card\" content=\"summary_large_image\" \/>\n<meta name=\"twitter:label1\" content=\"Dur\u00e9e de lecture estim\u00e9e\" \/>\n\t<meta name=\"twitter:data1\" content=\"1 minute\" \/>\n<script type=\"application\/ld+json\" class=\"yoast-schema-graph\">{\"@context\":\"https:\\\/\\\/schema.org\",\"@graph\":[{\"@type\":\"WebPage\",\"@id\":\"https:\\\/\\\/nature-et-developpement.com\\\/bem\\\/produit\\\/isolant-rigide-steico-protect-h-st-michelorge\\\/\",\"url\":\"https:\\\/\\\/nature-et-developpement.com\\\/bem\\\/produit\\\/isolant-rigide-steico-protect-h-st-michelorge\\\/\",\"name\":\"Isolant rigide STEICO PROTECT H (St Michel\\\/Orge)\",\"isPartOf\":{\"@id\":\"https:\\\/\\\/nature-et-developpement.com\\\/bem\\\/#website\"},\"primaryImageOfPage\":{\"@id\":\"https:\\\/\\\/nature-et-developpement.com\\\/bem\\\/produit\\\/isolant-rigide-steico-protect-h-st-michelorge\\\/#primaryimage\"},\"image\":{\"@id\":\"https:\\\/\\\/nature-et-developpement.com\\\/bem\\\/produit\\\/isolant-rigide-steico-protect-h-st-michelorge\\\/#primaryimage\"},\"thumbnailUrl\":\"https:\\\/\\\/nature-et-developpement.com\\\/bem\\\/wp-content\\\/uploads\\\/sites\\\/17\\\/2019\\\/09\\\/25770-STEICO-protect-H.jpg\",\"datePublished\":\"2019-09-03T14:18:58+00:00\",\"dateModified\":\"2026-02-12T09:48:38+00:00\",\"description\":\"Panneau isolant support d'enduits Les panneaux STEICO protect sont parfaitement adapt\u00e9s \u00e0 la construction des ossatures bois. Les syst\u00e8mes d'enduits mis en \u0153uvre doivent \u00eatre adapt\u00e9s au support fibre de bois et ouverts \u00e0 la diffusion de vapeur d'eau.\",\"breadcrumb\":{\"@id\":\"https:\\\/\\\/nature-et-developpement.com\\\/bem\\\/produit\\\/isolant-rigide-steico-protect-h-st-michelorge\\\/#breadcrumb\"},\"inLanguage\":\"fr-FR\",\"potentialAction\":[{\"@type\":\"ReadAction\",\"target\":[\"https:\\\/\\\/nature-et-developpement.com\\\/bem\\\/produit\\\/isolant-rigide-steico-protect-h-st-michelorge\\\/\"]}]},{\"@type\":\"ImageObject\",\"inLanguage\":\"fr-FR\",\"@id\":\"https:\\\/\\\/nature-et-developpement.com\\\/bem\\\/produit\\\/isolant-rigide-steico-protect-h-st-michelorge\\\/#primaryimage\",\"url\":\"https:\\\/\\\/nature-et-developpement.com\\\/bem\\\/wp-content\\\/uploads\\\/sites\\\/17\\\/2019\\\/09\\\/25770-STEICO-protect-H.jpg\",\"contentUrl\":\"https:\\\/\\\/nature-et-developpement.com\\\/bem\\\/wp-content\\\/uploads\\\/sites\\\/17\\\/2019\\\/09\\\/25770-STEICO-protect-H.jpg\",\"width\":800,\"height\":800,\"caption\":\"STEICO protect H\"},{\"@type\":\"BreadcrumbList\",\"@id\":\"https:\\\/\\\/nature-et-developpement.com\\\/bem\\\/produit\\\/isolant-rigide-steico-protect-h-st-michelorge\\\/#breadcrumb\",\"itemListElement\":[{\"@type\":\"ListItem\",\"position\":1,\"name\":\"Accueil\",\"item\":\"https:\\\/\\\/nature-et-developpement.com\\\/bem\\\/\"},{\"@type\":\"ListItem\",\"position\":2,\"name\":\"Produits\",\"item\":\"https:\\\/\\\/nature-et-developpement.com\\\/bem\\\/shop\\\/\"},{\"@type\":\"ListItem\",\"position\":3,\"name\":\"Isolation et \u00e9tanch\u00e9it\u00e9\",\"item\":\"https:\\\/\\\/nature-et-developpement.com\\\/bem\\\/produits\\\/isolation-et-etancheite\\\/\"},{\"@type\":\"ListItem\",\"position\":4,\"name\":\"Isolant rigide STEICO PROTECT H (St Michel\\\/Orge)\"}]},{\"@type\":\"WebSite\",\"@id\":\"https:\\\/\\\/nature-et-developpement.com\\\/bem\\\/#website\",\"url\":\"https:\\\/\\\/nature-et-developpement.com\\\/bem\\\/\",\"name\":\"Bien-\u00catre Mat\u00e9riaux\",\"description\":\"Bien-Etre Mat\u00e9riaux est membre du groupement Nature &amp; D\u00e9veloppement\",\"potentialAction\":[{\"@type\":\"SearchAction\",\"target\":{\"@type\":\"EntryPoint\",\"urlTemplate\":\"https:\\\/\\\/nature-et-developpement.com\\\/bem\\\/?s={search_term_string}\"},\"query-input\":{\"@type\":\"PropertyValueSpecification\",\"valueRequired\":true,\"valueName\":\"search_term_string\"}}],\"inLanguage\":\"fr-FR\"}]}<\/script>\n<!-- \/ Yoast SEO plugin. -->","yoast_head_json":{"title":"Isolant rigide STEICO PROTECT H (St Michel\/Orge)","description":"Panneau isolant support d'enduits  Les panneaux STEICO protect sont parfaitement adapt\u00e9s \u00e0 la construction des ossatures bois. Les syst\u00e8mes d'enduits mis en \u0153uvre doivent \u00eatre adapt\u00e9s au support fibre de bois et ouverts \u00e0 la diffusion de vapeur d'eau.","robots":{"index":"noindex","follow":"follow"},"og_locale":"fr_FR","og_type":"article","og_title":"Isolant rigide STEICO PROTECT H (St Michel\/Orge)","og_description":"Panneau isolant support d'enduits  Les panneaux STEICO protect sont parfaitement adapt\u00e9s \u00e0 la construction des ossatures bois. Les syst\u00e8mes d'enduits mis en \u0153uvre doivent \u00eatre adapt\u00e9s au support fibre de bois et ouverts \u00e0 la diffusion de vapeur d'eau.","og_url":"https:\/\/nature-et-developpement.com\/bem\/produit\/isolant-rigide-steico-protect-h-st-michelorge\/","og_site_name":"Bien-\u00catre Mat\u00e9riaux","article_modified_time":"2026-02-12T09:48:38+00:00","og_image":[{"width":800,"height":800,"url":"https:\/\/nature-et-developpement.com\/bem\/wp-content\/uploads\/sites\/17\/2019\/09\/25770-STEICO-protect-H.jpg","type":"image\/jpeg"}],"twitter_card":"summary_large_image","twitter_misc":{"Dur\u00e9e de lecture estim\u00e9e":"1 minute"},"schema":{"@context":"https:\/\/schema.org","@graph":[{"@type":"WebPage","@id":"https:\/\/nature-et-developpement.com\/bem\/produit\/isolant-rigide-steico-protect-h-st-michelorge\/","url":"https:\/\/nature-et-developpement.com\/bem\/produit\/isolant-rigide-steico-protect-h-st-michelorge\/","name":"Isolant rigide STEICO PROTECT H (St Michel\/Orge)","isPartOf":{"@id":"https:\/\/nature-et-developpement.com\/bem\/#website"},"primaryImageOfPage":{"@id":"https:\/\/nature-et-developpement.com\/bem\/produit\/isolant-rigide-steico-protect-h-st-michelorge\/#primaryimage"},"image":{"@id":"https:\/\/nature-et-developpement.com\/bem\/produit\/isolant-rigide-steico-protect-h-st-michelorge\/#primaryimage"},"thumbnailUrl":"https:\/\/nature-et-developpement.com\/bem\/wp-content\/uploads\/sites\/17\/2019\/09\/25770-STEICO-protect-H.jpg","datePublished":"2019-09-03T14:18:58+00:00","dateModified":"2026-02-12T09:48:38+00:00","description":"Panneau isolant support d'enduits Les panneaux STEICO protect sont parfaitement adapt\u00e9s \u00e0 la construction des ossatures bois. Les syst\u00e8mes d'enduits mis en \u0153uvre doivent \u00eatre adapt\u00e9s au support fibre de bois et ouverts \u00e0 la diffusion de vapeur d'eau.","breadcrumb":{"@id":"https:\/\/nature-et-developpement.com\/bem\/produit\/isolant-rigide-steico-protect-h-st-michelorge\/#breadcrumb"},"inLanguage":"fr-FR","potentialAction":[{"@type":"ReadAction","target":["https:\/\/nature-et-developpement.com\/bem\/produit\/isolant-rigide-steico-protect-h-st-michelorge\/"]}]},{"@type":"ImageObject","inLanguage":"fr-FR","@id":"https:\/\/nature-et-developpement.com\/bem\/produit\/isolant-rigide-steico-protect-h-st-michelorge\/#primaryimage","url":"https:\/\/nature-et-developpement.com\/bem\/wp-content\/uploads\/sites\/17\/2019\/09\/25770-STEICO-protect-H.jpg","contentUrl":"https:\/\/nature-et-developpement.com\/bem\/wp-content\/uploads\/sites\/17\/2019\/09\/25770-STEICO-protect-H.jpg","width":800,"height":800,"caption":"STEICO protect H"},{"@type":"BreadcrumbList","@id":"https:\/\/nature-et-developpement.com\/bem\/produit\/isolant-rigide-steico-protect-h-st-michelorge\/#breadcrumb","itemListElement":[{"@type":"ListItem","position":1,"name":"Accueil","item":"https:\/\/nature-et-developpement.com\/bem\/"},{"@type":"ListItem","position":2,"name":"Produits","item":"https:\/\/nature-et-developpement.com\/bem\/shop\/"},{"@type":"ListItem","position":3,"name":"Isolation et \u00e9tanch\u00e9it\u00e9","item":"https:\/\/nature-et-developpement.com\/bem\/produits\/isolation-et-etancheite\/"},{"@type":"ListItem","position":4,"name":"Isolant rigide STEICO PROTECT H (St Michel\/Orge)"}]},{"@type":"WebSite","@id":"https:\/\/nature-et-developpement.com\/bem\/#website","url":"https:\/\/nature-et-developpement.com\/bem\/","name":"Bien-\u00catre Mat\u00e9riaux","description":"Bien-Etre Mat\u00e9riaux est membre du groupement Nature &amp; D\u00e9veloppement","potentialAction":[{"@type":"SearchAction","target":{"@type":"EntryPoint","urlTemplate":"https:\/\/nature-et-developpement.com\/bem\/?s={search_term_string}"},"query-input":{"@type":"PropertyValueSpecification","valueRequired":true,"valueName":"search_term_string"}}],"inLanguage":"fr-FR"}]}},"distributor_meta":false,"distributor_terms":false,"distributor_media":false,"distributor_original_site_name":"Bien-\u00catre Mat\u00e9riaux","distributor_original_site_url":"https:\/\/nature-et-developpement.com\/bem","push-errors":false,"_links":{"self":[{"href":"https:\/\/nature-et-developpement.com\/bem\/wp-json\/wp\/v2\/product\/13249","targetHints":{"allow":["GET"]}}],"collection":[{"href":"https:\/\/nature-et-developpement.com\/bem\/wp-json\/wp\/v2\/product"}],"about":[{"href":"https:\/\/nature-et-developpement.com\/bem\/wp-json\/wp\/v2\/types\/product"}],"wp:featuredmedia":[{"embeddable":true,"href":"https:\/\/nature-et-developpement.com\/bem\/wp-json\/wp\/v2\/media\/13248"}],"wp:attachment":[{"href":"https:\/\/nature-et-developpement.com\/bem\/wp-json\/wp\/v2\/media?parent=13249"}],"wp:term":[{"taxonomy":"product_brand","embeddable":true,"href":"https:\/\/nature-et-developpement.com\/bem\/wp-json\/wp\/v2\/product_brand?post=13249"},{"taxonomy":"product_cat","embeddable":true,"href":"https:\/\/nature-et-developpement.com\/bem\/wp-json\/wp\/v2\/product_cat?post=13249"},{"taxonomy":"product_tag","embeddable":true,"href":"https:\/\/nature-et-developpement.com\/bem\/wp-json\/wp\/v2\/product_tag?post=13249"}],"curies":[{"name":"wp","href":"https:\/\/api.w.org\/{rel}","templated":true}]}}