{"id":13304,"date":"2019-09-25T15:45:22","date_gmt":"2019-09-25T13:45:22","guid":{"rendered":"https:\/\/nature-et-developpement.com\/bem\/produit\/papiers-a-peindre-ingrain-rauhfaser-erfurt-bem\/"},"modified":"2025-06-13T17:26:29","modified_gmt":"2025-06-13T15:26:29","slug":"papiers-a-peindre-ingrain-rauhfaser-erfurt-bem","status":"publish","type":"product","link":"https:\/\/nature-et-developpement.com\/bem\/produit\/papiers-a-peindre-ingrain-rauhfaser-erfurt-bem\/","title":{"rendered":"Papiers \u00e0 peindre Ingrain RAUHFASER ERFURT (BEM)"},"content":{"rendered":"","protected":false},"excerpt":{"rendered":"<p>Ce papier peut \u00eatre appliqu\u00e9 sur tout support int\u00e9rieur supportant des papiers peints. Coller avec\u00a0<a href=\"10993-colle-a-papier-peint-ecofa.html\">notre colle<\/a>\u00a0en poudre dos\u00e9e pour rev\u00eatements lourds (encoller \u00e9galement le mur s\u2019il est brut). Existe en 4 finitions (grains) diff\u00e9rentes.<\/p><\/p>\n","protected":false},"featured_media":13299,"template":"","meta":[],"product_brand":[2773,8797],"product_cat":[246],"product_tag":[],"class_list":{"0":"post-13304","1":"product","2":"type-product","3":"status-publish","4":"has-post-thumbnail","6":"product_brand-erfurt","7":"product_brand-produits-bem","8":"product_cat-revetement-muraux","9":"pa_muretplafond-oui","10":"pa_utilisationenexterieur-oui","12":"first","13":"instock","14":"taxable","15":"shipping-taxable","16":"purchasable","17":"product-type-variable"},"yoast_head":"<!-- This site is optimized with the Yoast SEO plugin v27.5 - https:\/\/yoast.com\/product\/yoast-seo-wordpress\/ -->\n<title>Papiers \u00e0 peindre Ingrain RAUHFASER ERFURT (BEM)<\/title>\n<meta name=\"description\" content=\"Ce papier peut \u00eatre appliqu\u00e9 sur tout support int\u00e9rieur supportant des papiers peints. Coller avec\u00a0notre colle\u00a0en poudre dos\u00e9e pour rev\u00eatements lourds (encoller \u00e9galement le mur s\u2019il est brut). Existe en 4 finitions (grains) diff\u00e9rentes.\" \/>\n<meta name=\"robots\" content=\"noindex, follow\" \/>\n<meta property=\"og:locale\" content=\"fr_FR\" \/>\n<meta property=\"og:type\" content=\"article\" \/>\n<meta property=\"og:title\" content=\"Papiers \u00e0 peindre Ingrain RAUHFASER ERFURT (BEM)\" \/>\n<meta property=\"og:description\" content=\"Ce papier peut \u00eatre appliqu\u00e9 sur tout support int\u00e9rieur supportant des papiers peints. Coller avec\u00a0notre colle\u00a0en poudre dos\u00e9e pour rev\u00eatements lourds (encoller \u00e9galement le mur s\u2019il est brut). Existe en 4 finitions (grains) diff\u00e9rentes.\" \/>\n<meta property=\"og:url\" content=\"https:\/\/nature-et-developpement.com\/bem\/produit\/papiers-a-peindre-ingrain-rauhfaser-erfurt-bem\/\" \/>\n<meta property=\"og:site_name\" content=\"Bien-\u00catre Mat\u00e9riaux\" \/>\n<meta property=\"article:modified_time\" content=\"2025-06-13T15:26:29+00:00\" \/>\n<meta property=\"og:image\" content=\"https:\/\/nature-et-developpement.com\/bem\/wp-content\/uploads\/sites\/17\/2019\/09\/26543-Papiers-a-peindre-Ingrain-RAUHFASER-ERFURT.jpg\" \/>\n\t<meta property=\"og:image:width\" content=\"800\" \/>\n\t<meta property=\"og:image:height\" content=\"800\" \/>\n\t<meta property=\"og:image:type\" content=\"image\/jpeg\" \/>\n<meta name=\"twitter:card\" content=\"summary_large_image\" \/>\n<script type=\"application\/ld+json\" class=\"yoast-schema-graph\">{\"@context\":\"https:\\\/\\\/schema.org\",\"@graph\":[{\"@type\":\"WebPage\",\"@id\":\"https:\\\/\\\/nature-et-developpement.com\\\/bem\\\/produit\\\/papiers-a-peindre-ingrain-rauhfaser-erfurt-bem\\\/\",\"url\":\"https:\\\/\\\/nature-et-developpement.com\\\/bem\\\/produit\\\/papiers-a-peindre-ingrain-rauhfaser-erfurt-bem\\\/\",\"name\":\"Papiers \u00e0 peindre Ingrain RAUHFASER ERFURT (BEM)\",\"isPartOf\":{\"@id\":\"https:\\\/\\\/nature-et-developpement.com\\\/bem\\\/#website\"},\"primaryImageOfPage\":{\"@id\":\"https:\\\/\\\/nature-et-developpement.com\\\/bem\\\/produit\\\/papiers-a-peindre-ingrain-rauhfaser-erfurt-bem\\\/#primaryimage\"},\"image\":{\"@id\":\"https:\\\/\\\/nature-et-developpement.com\\\/bem\\\/produit\\\/papiers-a-peindre-ingrain-rauhfaser-erfurt-bem\\\/#primaryimage\"},\"thumbnailUrl\":\"https:\\\/\\\/nature-et-developpement.com\\\/bem\\\/wp-content\\\/uploads\\\/sites\\\/17\\\/2019\\\/09\\\/26543-Papiers-a-peindre-Ingrain-RAUHFASER-ERFURT.jpg\",\"datePublished\":\"2019-09-25T13:45:22+00:00\",\"dateModified\":\"2025-06-13T15:26:29+00:00\",\"description\":\"Ce papier peut \u00eatre appliqu\u00e9 sur tout support int\u00e9rieur supportant des papiers peints. Coller avec\u00a0notre colle\u00a0en poudre dos\u00e9e pour rev\u00eatements lourds (encoller \u00e9galement le mur s\u2019il est brut). Existe en 4 finitions (grains) diff\u00e9rentes.\",\"breadcrumb\":{\"@id\":\"https:\\\/\\\/nature-et-developpement.com\\\/bem\\\/produit\\\/papiers-a-peindre-ingrain-rauhfaser-erfurt-bem\\\/#breadcrumb\"},\"inLanguage\":\"fr-FR\",\"potentialAction\":[{\"@type\":\"ReadAction\",\"target\":[\"https:\\\/\\\/nature-et-developpement.com\\\/bem\\\/produit\\\/papiers-a-peindre-ingrain-rauhfaser-erfurt-bem\\\/\"]}]},{\"@type\":\"ImageObject\",\"inLanguage\":\"fr-FR\",\"@id\":\"https:\\\/\\\/nature-et-developpement.com\\\/bem\\\/produit\\\/papiers-a-peindre-ingrain-rauhfaser-erfurt-bem\\\/#primaryimage\",\"url\":\"https:\\\/\\\/nature-et-developpement.com\\\/bem\\\/wp-content\\\/uploads\\\/sites\\\/17\\\/2019\\\/09\\\/26543-Papiers-a-peindre-Ingrain-RAUHFASER-ERFURT.jpg\",\"contentUrl\":\"https:\\\/\\\/nature-et-developpement.com\\\/bem\\\/wp-content\\\/uploads\\\/sites\\\/17\\\/2019\\\/09\\\/26543-Papiers-a-peindre-Ingrain-RAUHFASER-ERFURT.jpg\",\"width\":800,\"height\":800,\"caption\":\"Papiers \u00e0 peindre Ingrain RAUHFASER ERFURT\"},{\"@type\":\"BreadcrumbList\",\"@id\":\"https:\\\/\\\/nature-et-developpement.com\\\/bem\\\/produit\\\/papiers-a-peindre-ingrain-rauhfaser-erfurt-bem\\\/#breadcrumb\",\"itemListElement\":[{\"@type\":\"ListItem\",\"position\":1,\"name\":\"Accueil\",\"item\":\"https:\\\/\\\/nature-et-developpement.com\\\/bem\\\/\"},{\"@type\":\"ListItem\",\"position\":2,\"name\":\"Produits\",\"item\":\"https:\\\/\\\/nature-et-developpement.com\\\/bem\\\/shop\\\/\"},{\"@type\":\"ListItem\",\"position\":3,\"name\":\"Agencement int\u00e9rieur\",\"item\":\"https:\\\/\\\/nature-et-developpement.com\\\/bem\\\/produits\\\/agencement-interieur\\\/\"},{\"@type\":\"ListItem\",\"position\":4,\"name\":\"Rev\u00eatements muraux\",\"item\":\"https:\\\/\\\/nature-et-developpement.com\\\/bem\\\/produits\\\/agencement-interieur\\\/revetement-muraux\\\/\"},{\"@type\":\"ListItem\",\"position\":5,\"name\":\"Papiers \u00e0 peindre Ingrain RAUHFASER ERFURT (BEM)\"}]},{\"@type\":\"WebSite\",\"@id\":\"https:\\\/\\\/nature-et-developpement.com\\\/bem\\\/#website\",\"url\":\"https:\\\/\\\/nature-et-developpement.com\\\/bem\\\/\",\"name\":\"Bien-\u00catre Mat\u00e9riaux\",\"description\":\"Bien-Etre Mat\u00e9riaux est membre du groupement Nature &amp; D\u00e9veloppement\",\"potentialAction\":[{\"@type\":\"SearchAction\",\"target\":{\"@type\":\"EntryPoint\",\"urlTemplate\":\"https:\\\/\\\/nature-et-developpement.com\\\/bem\\\/?s={search_term_string}\"},\"query-input\":{\"@type\":\"PropertyValueSpecification\",\"valueRequired\":true,\"valueName\":\"search_term_string\"}}],\"inLanguage\":\"fr-FR\"}]}<\/script>\n<!-- \/ Yoast SEO plugin. -->","yoast_head_json":{"title":"Papiers \u00e0 peindre Ingrain RAUHFASER ERFURT (BEM)","description":"Ce papier peut \u00eatre appliqu\u00e9 sur tout support int\u00e9rieur supportant des papiers peints. Coller avec\u00a0notre colle\u00a0en poudre dos\u00e9e pour rev\u00eatements lourds (encoller \u00e9galement le mur s\u2019il est brut). Existe en 4 finitions (grains) diff\u00e9rentes.","robots":{"index":"noindex","follow":"follow"},"og_locale":"fr_FR","og_type":"article","og_title":"Papiers \u00e0 peindre Ingrain RAUHFASER ERFURT (BEM)","og_description":"Ce papier peut \u00eatre appliqu\u00e9 sur tout support int\u00e9rieur supportant des papiers peints. Coller avec\u00a0notre colle\u00a0en poudre dos\u00e9e pour rev\u00eatements lourds (encoller \u00e9galement le mur s\u2019il est brut). Existe en 4 finitions (grains) diff\u00e9rentes.","og_url":"https:\/\/nature-et-developpement.com\/bem\/produit\/papiers-a-peindre-ingrain-rauhfaser-erfurt-bem\/","og_site_name":"Bien-\u00catre Mat\u00e9riaux","article_modified_time":"2025-06-13T15:26:29+00:00","og_image":[{"width":800,"height":800,"url":"https:\/\/nature-et-developpement.com\/bem\/wp-content\/uploads\/sites\/17\/2019\/09\/26543-Papiers-a-peindre-Ingrain-RAUHFASER-ERFURT.jpg","type":"image\/jpeg"}],"twitter_card":"summary_large_image","schema":{"@context":"https:\/\/schema.org","@graph":[{"@type":"WebPage","@id":"https:\/\/nature-et-developpement.com\/bem\/produit\/papiers-a-peindre-ingrain-rauhfaser-erfurt-bem\/","url":"https:\/\/nature-et-developpement.com\/bem\/produit\/papiers-a-peindre-ingrain-rauhfaser-erfurt-bem\/","name":"Papiers \u00e0 peindre Ingrain RAUHFASER ERFURT (BEM)","isPartOf":{"@id":"https:\/\/nature-et-developpement.com\/bem\/#website"},"primaryImageOfPage":{"@id":"https:\/\/nature-et-developpement.com\/bem\/produit\/papiers-a-peindre-ingrain-rauhfaser-erfurt-bem\/#primaryimage"},"image":{"@id":"https:\/\/nature-et-developpement.com\/bem\/produit\/papiers-a-peindre-ingrain-rauhfaser-erfurt-bem\/#primaryimage"},"thumbnailUrl":"https:\/\/nature-et-developpement.com\/bem\/wp-content\/uploads\/sites\/17\/2019\/09\/26543-Papiers-a-peindre-Ingrain-RAUHFASER-ERFURT.jpg","datePublished":"2019-09-25T13:45:22+00:00","dateModified":"2025-06-13T15:26:29+00:00","description":"Ce papier peut \u00eatre appliqu\u00e9 sur tout support int\u00e9rieur supportant des papiers peints. Coller avec\u00a0notre colle\u00a0en poudre dos\u00e9e pour rev\u00eatements lourds (encoller \u00e9galement le mur s\u2019il est brut). Existe en 4 finitions (grains) diff\u00e9rentes.","breadcrumb":{"@id":"https:\/\/nature-et-developpement.com\/bem\/produit\/papiers-a-peindre-ingrain-rauhfaser-erfurt-bem\/#breadcrumb"},"inLanguage":"fr-FR","potentialAction":[{"@type":"ReadAction","target":["https:\/\/nature-et-developpement.com\/bem\/produit\/papiers-a-peindre-ingrain-rauhfaser-erfurt-bem\/"]}]},{"@type":"ImageObject","inLanguage":"fr-FR","@id":"https:\/\/nature-et-developpement.com\/bem\/produit\/papiers-a-peindre-ingrain-rauhfaser-erfurt-bem\/#primaryimage","url":"https:\/\/nature-et-developpement.com\/bem\/wp-content\/uploads\/sites\/17\/2019\/09\/26543-Papiers-a-peindre-Ingrain-RAUHFASER-ERFURT.jpg","contentUrl":"https:\/\/nature-et-developpement.com\/bem\/wp-content\/uploads\/sites\/17\/2019\/09\/26543-Papiers-a-peindre-Ingrain-RAUHFASER-ERFURT.jpg","width":800,"height":800,"caption":"Papiers \u00e0 peindre Ingrain RAUHFASER ERFURT"},{"@type":"BreadcrumbList","@id":"https:\/\/nature-et-developpement.com\/bem\/produit\/papiers-a-peindre-ingrain-rauhfaser-erfurt-bem\/#breadcrumb","itemListElement":[{"@type":"ListItem","position":1,"name":"Accueil","item":"https:\/\/nature-et-developpement.com\/bem\/"},{"@type":"ListItem","position":2,"name":"Produits","item":"https:\/\/nature-et-developpement.com\/bem\/shop\/"},{"@type":"ListItem","position":3,"name":"Agencement int\u00e9rieur","item":"https:\/\/nature-et-developpement.com\/bem\/produits\/agencement-interieur\/"},{"@type":"ListItem","position":4,"name":"Rev\u00eatements muraux","item":"https:\/\/nature-et-developpement.com\/bem\/produits\/agencement-interieur\/revetement-muraux\/"},{"@type":"ListItem","position":5,"name":"Papiers \u00e0 peindre Ingrain RAUHFASER ERFURT (BEM)"}]},{"@type":"WebSite","@id":"https:\/\/nature-et-developpement.com\/bem\/#website","url":"https:\/\/nature-et-developpement.com\/bem\/","name":"Bien-\u00catre Mat\u00e9riaux","description":"Bien-Etre Mat\u00e9riaux est membre du groupement Nature &amp; D\u00e9veloppement","potentialAction":[{"@type":"SearchAction","target":{"@type":"EntryPoint","urlTemplate":"https:\/\/nature-et-developpement.com\/bem\/?s={search_term_string}"},"query-input":{"@type":"PropertyValueSpecification","valueRequired":true,"valueName":"search_term_string"}}],"inLanguage":"fr-FR"}]}},"distributor_meta":false,"distributor_terms":false,"distributor_media":false,"distributor_original_site_name":"Bien-\u00catre Mat\u00e9riaux","distributor_original_site_url":"https:\/\/nature-et-developpement.com\/bem","push-errors":false,"_links":{"self":[{"href":"https:\/\/nature-et-developpement.com\/bem\/wp-json\/wp\/v2\/product\/13304","targetHints":{"allow":["GET"]}}],"collection":[{"href":"https:\/\/nature-et-developpement.com\/bem\/wp-json\/wp\/v2\/product"}],"about":[{"href":"https:\/\/nature-et-developpement.com\/bem\/wp-json\/wp\/v2\/types\/product"}],"wp:featuredmedia":[{"embeddable":true,"href":"https:\/\/nature-et-developpement.com\/bem\/wp-json\/wp\/v2\/media\/13299"}],"wp:attachment":[{"href":"https:\/\/nature-et-developpement.com\/bem\/wp-json\/wp\/v2\/media?parent=13304"}],"wp:term":[{"taxonomy":"product_brand","embeddable":true,"href":"https:\/\/nature-et-developpement.com\/bem\/wp-json\/wp\/v2\/product_brand?post=13304"},{"taxonomy":"product_cat","embeddable":true,"href":"https:\/\/nature-et-developpement.com\/bem\/wp-json\/wp\/v2\/product_cat?post=13304"},{"taxonomy":"product_tag","embeddable":true,"href":"https:\/\/nature-et-developpement.com\/bem\/wp-json\/wp\/v2\/product_tag?post=13304"}],"curies":[{"name":"wp","href":"https:\/\/api.w.org\/{rel}","templated":true}]}}