{"id":13310,"date":"2019-09-25T15:51:50","date_gmt":"2019-09-25T13:51:50","guid":{"rendered":"https:\/\/nature-et-developpement.com\/bem\/produit\/systeme-mural-energetique-klimatec-pro-kv600-erfurt-bem\/"},"modified":"2025-06-13T17:22:03","modified_gmt":"2025-06-13T15:22:03","slug":"systeme-mural-energetique-klimatec-pro-kv600-erfurt-bem","status":"publish","type":"product","link":"https:\/\/nature-et-developpement.com\/bem\/produit\/systeme-mural-energetique-klimatec-pro-kv600-erfurt-bem\/","title":{"rendered":"Syst\u00e8me mural \u00e9nergetique KLIMATEC PRO KV600 ERFURT (BEM)"},"content":{"rendered":"<p><span style=\"color:#000000\"><\/span>Utilisable sur tous les supports solides lisses ou structur\u00e9s, le syst\u00e8me mural \u00e9nerg\u00e9tique\u00a0Klimatecpro\u00a0pr\u00e9sente de nombreux avantages :<\/p>\n<p>\u2013 \u00e9conomies d\u2019\u00e9nergie<br \/>\u2013 pontage de fissures<br \/>\u2013 affaiblissement acoustique<br \/>\u2013 effet anti-paroi froide et anti-moisissure<\/p>\n<p>Encollage avec notre colle universelle.<br \/>Peut \u00eatre recouvert d\u2019un papier peint, d\u2019un papier \u00e0 peindre, ou d\u2019un cr\u00e9pis.<\/p>\n<p><span style=\"color:#d4d4d4\">Composition<\/span>\u00a0: fibres de textiles recycl\u00e9es, ne contenant ni PVC ni plastifiant, ni solvant, ni m\u00e9taux lourds, ni formald\u00e9hydes.<br \/><span style=\"color:#d4d4d4\">Dimensions<\/span>\u00a0: 1 x 15m = 15 m\u00b2.<br \/><span style=\"color:#d4d4d4\">Poids<\/span>\u00a0: 600 g\/m\u00b2.<\/p>\n<p>Rouleau de 15 x 1m, soit 15 m\u00b2<\/p>\n","protected":false},"excerpt":{"rendered":"<p>Rev\u00eatement mural mince pour correction thermique et acoustique, diminue l&rsquo;effet mur froid et le risque de moisissures.<\/p><\/p>\n","protected":false},"featured_media":13309,"template":"","meta":[],"product_brand":[2773,8797],"product_cat":[246],"product_tag":[],"class_list":{"0":"post-13310","1":"product","2":"type-product","3":"status-publish","4":"has-post-thumbnail","6":"product_brand-erfurt","7":"product_brand-produits-bem","8":"product_cat-revetement-muraux","9":"pa_utilisationeninterieur-oui","11":"first","12":"instock","13":"taxable","14":"shipping-taxable","15":"purchasable","16":"product-type-simple"},"yoast_head":"<!-- This site is optimized with the Yoast SEO plugin v27.5 - https:\/\/yoast.com\/product\/yoast-seo-wordpress\/ -->\n<title>Syst\u00e8me mural \u00e9nergetique KLIMATEC PRO KV600 ERFURT (BEM)<\/title>\n<meta name=\"description\" content=\"Rev\u00eatement mural mince pour correction thermique et acoustique, diminue l&#039;effet mur froid et le risque de moisissures.\" \/>\n<meta name=\"robots\" content=\"noindex, follow\" \/>\n<meta property=\"og:locale\" content=\"fr_FR\" \/>\n<meta property=\"og:type\" content=\"article\" \/>\n<meta property=\"og:title\" content=\"Syst\u00e8me mural \u00e9nergetique KLIMATEC PRO KV600 ERFURT (BEM)\" \/>\n<meta property=\"og:description\" content=\"Rev\u00eatement mural mince pour correction thermique et acoustique, diminue l&#039;effet mur froid et le risque de moisissures.\" \/>\n<meta property=\"og:url\" content=\"https:\/\/nature-et-developpement.com\/bem\/produit\/systeme-mural-energetique-klimatec-pro-kv600-erfurt-bem\/\" \/>\n<meta property=\"og:site_name\" content=\"Bien-\u00catre Mat\u00e9riaux\" \/>\n<meta property=\"article:modified_time\" content=\"2025-06-13T15:22:03+00:00\" \/>\n<meta property=\"og:image\" content=\"https:\/\/nature-et-developpement.com\/bem\/wp-content\/uploads\/sites\/17\/2019\/09\/26548-Systeme-mural-energetique-KLIMATECPRO-ERFURT.jpg\" \/>\n\t<meta property=\"og:image:width\" content=\"800\" \/>\n\t<meta property=\"og:image:height\" content=\"800\" \/>\n\t<meta property=\"og:image:type\" content=\"image\/jpeg\" \/>\n<meta name=\"twitter:card\" content=\"summary_large_image\" \/>\n<script type=\"application\/ld+json\" class=\"yoast-schema-graph\">{\"@context\":\"https:\\\/\\\/schema.org\",\"@graph\":[{\"@type\":\"WebPage\",\"@id\":\"https:\\\/\\\/nature-et-developpement.com\\\/bem\\\/produit\\\/systeme-mural-energetique-klimatec-pro-kv600-erfurt-bem\\\/\",\"url\":\"https:\\\/\\\/nature-et-developpement.com\\\/bem\\\/produit\\\/systeme-mural-energetique-klimatec-pro-kv600-erfurt-bem\\\/\",\"name\":\"Syst\u00e8me mural \u00e9nergetique KLIMATEC PRO KV600 ERFURT (BEM)\",\"isPartOf\":{\"@id\":\"https:\\\/\\\/nature-et-developpement.com\\\/bem\\\/#website\"},\"primaryImageOfPage\":{\"@id\":\"https:\\\/\\\/nature-et-developpement.com\\\/bem\\\/produit\\\/systeme-mural-energetique-klimatec-pro-kv600-erfurt-bem\\\/#primaryimage\"},\"image\":{\"@id\":\"https:\\\/\\\/nature-et-developpement.com\\\/bem\\\/produit\\\/systeme-mural-energetique-klimatec-pro-kv600-erfurt-bem\\\/#primaryimage\"},\"thumbnailUrl\":\"https:\\\/\\\/nature-et-developpement.com\\\/bem\\\/wp-content\\\/uploads\\\/sites\\\/17\\\/2019\\\/09\\\/26548-Systeme-mural-energetique-KLIMATECPRO-ERFURT.jpg\",\"datePublished\":\"2019-09-25T13:51:50+00:00\",\"dateModified\":\"2025-06-13T15:22:03+00:00\",\"description\":\"Rev\u00eatement mural mince pour correction thermique et acoustique, diminue l'effet mur froid et le risque de moisissures.\",\"breadcrumb\":{\"@id\":\"https:\\\/\\\/nature-et-developpement.com\\\/bem\\\/produit\\\/systeme-mural-energetique-klimatec-pro-kv600-erfurt-bem\\\/#breadcrumb\"},\"inLanguage\":\"fr-FR\",\"potentialAction\":[{\"@type\":\"ReadAction\",\"target\":[\"https:\\\/\\\/nature-et-developpement.com\\\/bem\\\/produit\\\/systeme-mural-energetique-klimatec-pro-kv600-erfurt-bem\\\/\"]}]},{\"@type\":\"ImageObject\",\"inLanguage\":\"fr-FR\",\"@id\":\"https:\\\/\\\/nature-et-developpement.com\\\/bem\\\/produit\\\/systeme-mural-energetique-klimatec-pro-kv600-erfurt-bem\\\/#primaryimage\",\"url\":\"https:\\\/\\\/nature-et-developpement.com\\\/bem\\\/wp-content\\\/uploads\\\/sites\\\/17\\\/2019\\\/09\\\/26548-Systeme-mural-energetique-KLIMATECPRO-ERFURT.jpg\",\"contentUrl\":\"https:\\\/\\\/nature-et-developpement.com\\\/bem\\\/wp-content\\\/uploads\\\/sites\\\/17\\\/2019\\\/09\\\/26548-Systeme-mural-energetique-KLIMATECPRO-ERFURT.jpg\",\"width\":800,\"height\":800,\"caption\":\"Syst\u00e8me mural \u00e9nergetique KLIMATECPRO ERFURT\"},{\"@type\":\"BreadcrumbList\",\"@id\":\"https:\\\/\\\/nature-et-developpement.com\\\/bem\\\/produit\\\/systeme-mural-energetique-klimatec-pro-kv600-erfurt-bem\\\/#breadcrumb\",\"itemListElement\":[{\"@type\":\"ListItem\",\"position\":1,\"name\":\"Accueil\",\"item\":\"https:\\\/\\\/nature-et-developpement.com\\\/bem\\\/\"},{\"@type\":\"ListItem\",\"position\":2,\"name\":\"Produits\",\"item\":\"https:\\\/\\\/nature-et-developpement.com\\\/bem\\\/shop\\\/\"},{\"@type\":\"ListItem\",\"position\":3,\"name\":\"Agencement int\u00e9rieur\",\"item\":\"https:\\\/\\\/nature-et-developpement.com\\\/bem\\\/produits\\\/agencement-interieur\\\/\"},{\"@type\":\"ListItem\",\"position\":4,\"name\":\"Rev\u00eatements muraux\",\"item\":\"https:\\\/\\\/nature-et-developpement.com\\\/bem\\\/produits\\\/agencement-interieur\\\/revetement-muraux\\\/\"},{\"@type\":\"ListItem\",\"position\":5,\"name\":\"Syst\u00e8me mural \u00e9nergetique KLIMATEC PRO KV600 ERFURT (BEM)\"}]},{\"@type\":\"WebSite\",\"@id\":\"https:\\\/\\\/nature-et-developpement.com\\\/bem\\\/#website\",\"url\":\"https:\\\/\\\/nature-et-developpement.com\\\/bem\\\/\",\"name\":\"Bien-\u00catre Mat\u00e9riaux\",\"description\":\"Bien-Etre Mat\u00e9riaux est membre du groupement Nature &amp; D\u00e9veloppement\",\"potentialAction\":[{\"@type\":\"SearchAction\",\"target\":{\"@type\":\"EntryPoint\",\"urlTemplate\":\"https:\\\/\\\/nature-et-developpement.com\\\/bem\\\/?s={search_term_string}\"},\"query-input\":{\"@type\":\"PropertyValueSpecification\",\"valueRequired\":true,\"valueName\":\"search_term_string\"}}],\"inLanguage\":\"fr-FR\"}]}<\/script>\n<!-- \/ Yoast SEO plugin. -->","yoast_head_json":{"title":"Syst\u00e8me mural \u00e9nergetique KLIMATEC PRO KV600 ERFURT (BEM)","description":"Rev\u00eatement mural mince pour correction thermique et acoustique, diminue l'effet mur froid et le risque de moisissures.","robots":{"index":"noindex","follow":"follow"},"og_locale":"fr_FR","og_type":"article","og_title":"Syst\u00e8me mural \u00e9nergetique KLIMATEC PRO KV600 ERFURT (BEM)","og_description":"Rev\u00eatement mural mince pour correction thermique et acoustique, diminue l'effet mur froid et le risque de moisissures.","og_url":"https:\/\/nature-et-developpement.com\/bem\/produit\/systeme-mural-energetique-klimatec-pro-kv600-erfurt-bem\/","og_site_name":"Bien-\u00catre Mat\u00e9riaux","article_modified_time":"2025-06-13T15:22:03+00:00","og_image":[{"width":800,"height":800,"url":"https:\/\/nature-et-developpement.com\/bem\/wp-content\/uploads\/sites\/17\/2019\/09\/26548-Systeme-mural-energetique-KLIMATECPRO-ERFURT.jpg","type":"image\/jpeg"}],"twitter_card":"summary_large_image","schema":{"@context":"https:\/\/schema.org","@graph":[{"@type":"WebPage","@id":"https:\/\/nature-et-developpement.com\/bem\/produit\/systeme-mural-energetique-klimatec-pro-kv600-erfurt-bem\/","url":"https:\/\/nature-et-developpement.com\/bem\/produit\/systeme-mural-energetique-klimatec-pro-kv600-erfurt-bem\/","name":"Syst\u00e8me mural \u00e9nergetique KLIMATEC PRO KV600 ERFURT (BEM)","isPartOf":{"@id":"https:\/\/nature-et-developpement.com\/bem\/#website"},"primaryImageOfPage":{"@id":"https:\/\/nature-et-developpement.com\/bem\/produit\/systeme-mural-energetique-klimatec-pro-kv600-erfurt-bem\/#primaryimage"},"image":{"@id":"https:\/\/nature-et-developpement.com\/bem\/produit\/systeme-mural-energetique-klimatec-pro-kv600-erfurt-bem\/#primaryimage"},"thumbnailUrl":"https:\/\/nature-et-developpement.com\/bem\/wp-content\/uploads\/sites\/17\/2019\/09\/26548-Systeme-mural-energetique-KLIMATECPRO-ERFURT.jpg","datePublished":"2019-09-25T13:51:50+00:00","dateModified":"2025-06-13T15:22:03+00:00","description":"Rev\u00eatement mural mince pour correction thermique et acoustique, diminue l'effet mur froid et le risque de moisissures.","breadcrumb":{"@id":"https:\/\/nature-et-developpement.com\/bem\/produit\/systeme-mural-energetique-klimatec-pro-kv600-erfurt-bem\/#breadcrumb"},"inLanguage":"fr-FR","potentialAction":[{"@type":"ReadAction","target":["https:\/\/nature-et-developpement.com\/bem\/produit\/systeme-mural-energetique-klimatec-pro-kv600-erfurt-bem\/"]}]},{"@type":"ImageObject","inLanguage":"fr-FR","@id":"https:\/\/nature-et-developpement.com\/bem\/produit\/systeme-mural-energetique-klimatec-pro-kv600-erfurt-bem\/#primaryimage","url":"https:\/\/nature-et-developpement.com\/bem\/wp-content\/uploads\/sites\/17\/2019\/09\/26548-Systeme-mural-energetique-KLIMATECPRO-ERFURT.jpg","contentUrl":"https:\/\/nature-et-developpement.com\/bem\/wp-content\/uploads\/sites\/17\/2019\/09\/26548-Systeme-mural-energetique-KLIMATECPRO-ERFURT.jpg","width":800,"height":800,"caption":"Syst\u00e8me mural \u00e9nergetique KLIMATECPRO ERFURT"},{"@type":"BreadcrumbList","@id":"https:\/\/nature-et-developpement.com\/bem\/produit\/systeme-mural-energetique-klimatec-pro-kv600-erfurt-bem\/#breadcrumb","itemListElement":[{"@type":"ListItem","position":1,"name":"Accueil","item":"https:\/\/nature-et-developpement.com\/bem\/"},{"@type":"ListItem","position":2,"name":"Produits","item":"https:\/\/nature-et-developpement.com\/bem\/shop\/"},{"@type":"ListItem","position":3,"name":"Agencement int\u00e9rieur","item":"https:\/\/nature-et-developpement.com\/bem\/produits\/agencement-interieur\/"},{"@type":"ListItem","position":4,"name":"Rev\u00eatements muraux","item":"https:\/\/nature-et-developpement.com\/bem\/produits\/agencement-interieur\/revetement-muraux\/"},{"@type":"ListItem","position":5,"name":"Syst\u00e8me mural \u00e9nergetique KLIMATEC PRO KV600 ERFURT (BEM)"}]},{"@type":"WebSite","@id":"https:\/\/nature-et-developpement.com\/bem\/#website","url":"https:\/\/nature-et-developpement.com\/bem\/","name":"Bien-\u00catre Mat\u00e9riaux","description":"Bien-Etre Mat\u00e9riaux est membre du groupement Nature &amp; D\u00e9veloppement","potentialAction":[{"@type":"SearchAction","target":{"@type":"EntryPoint","urlTemplate":"https:\/\/nature-et-developpement.com\/bem\/?s={search_term_string}"},"query-input":{"@type":"PropertyValueSpecification","valueRequired":true,"valueName":"search_term_string"}}],"inLanguage":"fr-FR"}]}},"distributor_meta":false,"distributor_terms":false,"distributor_media":false,"distributor_original_site_name":"Bien-\u00catre Mat\u00e9riaux","distributor_original_site_url":"https:\/\/nature-et-developpement.com\/bem","push-errors":false,"_links":{"self":[{"href":"https:\/\/nature-et-developpement.com\/bem\/wp-json\/wp\/v2\/product\/13310","targetHints":{"allow":["GET"]}}],"collection":[{"href":"https:\/\/nature-et-developpement.com\/bem\/wp-json\/wp\/v2\/product"}],"about":[{"href":"https:\/\/nature-et-developpement.com\/bem\/wp-json\/wp\/v2\/types\/product"}],"wp:featuredmedia":[{"embeddable":true,"href":"https:\/\/nature-et-developpement.com\/bem\/wp-json\/wp\/v2\/media\/13309"}],"wp:attachment":[{"href":"https:\/\/nature-et-developpement.com\/bem\/wp-json\/wp\/v2\/media?parent=13310"}],"wp:term":[{"taxonomy":"product_brand","embeddable":true,"href":"https:\/\/nature-et-developpement.com\/bem\/wp-json\/wp\/v2\/product_brand?post=13310"},{"taxonomy":"product_cat","embeddable":true,"href":"https:\/\/nature-et-developpement.com\/bem\/wp-json\/wp\/v2\/product_cat?post=13310"},{"taxonomy":"product_tag","embeddable":true,"href":"https:\/\/nature-et-developpement.com\/bem\/wp-json\/wp\/v2\/product_tag?post=13310"}],"curies":[{"name":"wp","href":"https:\/\/api.w.org\/{rel}","templated":true}]}}