{"id":13318,"date":"2019-09-25T16:06:45","date_gmt":"2019-09-25T14:06:45","guid":{"rendered":"https:\/\/nature-et-developpement.com\/bem\/produit\/parquet-click-de-liege-wicanders-amorim-bem\/"},"modified":"2025-06-13T17:26:29","modified_gmt":"2025-06-13T15:26:29","slug":"parquet-click-de-liege-wicanders-amorim-bem","status":"publish","type":"product","link":"https:\/\/nature-et-developpement.com\/bem\/produit\/parquet-click-de-liege-wicanders-amorim-bem\/","title":{"rendered":"Parquet click de li\u00e8ge WICANDERS AMORIM (BEM)"},"content":{"rendered":"<div class=\"row\">\n<div class=\"small-12 medium-12 columns\">\n<p class=\"resistor\">Outre ses excellents rendus techniques et esth\u00e9tiques, cette gamme a de nombreuses qualit\u00e9s \u00ab\u00a0cach\u00e9es\u00a0\u00bb : le processus de fabrication r\u00e9utilise 100% des d\u00e9chets dans la production, qui est tr\u00e8s majoritairement fond\u00e9e sur une \u00e9nergie \u00ab\u00a0biomasse\u00a0\u00bb ; la majorit\u00e9 des produits retiennent d&rsquo;avantage de CO\u00b2 qu&rsquo;ils n&rsquo;en \u00e9mettent, inversant ainsi modestement le r\u00e9chauffement plan\u00e9taire ; cette production est un fort moteur \u00e9conomique dans des zones rurales portugaises, avec une activit\u00e9 qui traverse les g\u00e9n\u00e9rations puisque les ch\u00eanes-li\u00e8ge sont \u00e9corc\u00e9s manuellement \u00e0 partir de leurs 25 ans puis tous les 9 ans&#8230;<\/p>\n<p><span class=\"corps2\">Solutions techniques :<br \/>\n<\/span>-Gamme Cork Go = premier prix,<br \/>\n-Gamme Cork Essence = meilleur r\u00e9sistance \u00e0 l&rsquo;usure<\/p>\n<p><span class=\"corps2\">Pr\u00e9sentation<\/span>\u00a0: dalles de 905 x 295mm, \u00e9paisseur 10mm, Sans chanfrein.<\/p>\n<p><span class=\"corps2\">R\u00e9duction phonique (bruits d&rsquo;impact)<\/span>\u00a0: -16 db.<\/p>\n<p><span class=\"corps2\">Mise en \u0153uvre\u00a0<\/span>: pose flottante.<\/p>\n<p>Sur commande, d\u00e9lai 1 \u00e0 2 semaines.<br \/>\nPr\u00e9ciser la r\u00e9f\u00e9rence indiqu\u00e9e sur la photo en plein \u00e9cran.<\/p>\n<\/div>\n<\/div>\n","protected":false},"excerpt":{"rendered":"<p>Class\u00e9 A+, GreenGuard et T\u00dcV Profit, cette gamme de rev\u00eatement en li\u00e8ge est d\u00e9clin\u00e9e en esth\u00e9tiques et performances techniques vari\u00e9es. Verni, il comporte une couche d\u2019usure en li\u00e8ge d\u00e9coratif coll\u00e9e sur un agglom\u00e9r\u00e9 de li\u00e8ge, assembl\u00e9es sur un panneau HDF puis une sous couche phonique compl\u00e9mentaire en li\u00e8ge. Cork Essence a la classe d&rsquo;usage 23 en zones r\u00e9sidentielles \u00e0 fr\u00e9quentation intense, garantie 25 ans et la classe d&rsquo;usage 33 en zones commerciales \u00e0 trafic intense, garantie 10 ans. Cork Go a la classe d&rsquo;usage 23 en Zones r\u00e9sidentielles \u00e0 trafic intense, garantie 10 ans.<\/p>\n","protected":false},"featured_media":13312,"template":"","meta":[],"product_brand":[2778,8797],"product_cat":[1674],"product_tag":[],"class_list":{"0":"post-13318","1":"product","2":"type-product","3":"status-publish","4":"has-post-thumbnail","6":"product_brand-amorim","7":"product_brand-produits-bem","8":"product_cat-sols-en-liege-linoleum-et-stratifies","10":"first","11":"instock","12":"taxable","13":"shipping-taxable","14":"purchasable","15":"product-type-variable"},"yoast_head":"<!-- This site is optimized with the Yoast SEO plugin v27.5 - https:\/\/yoast.com\/product\/yoast-seo-wordpress\/ -->\n<title>Parquet click de li\u00e8ge WICANDERS AMORIM (BEM)<\/title>\n<meta name=\"description\" content=\"Class\u00e9 A+, GreenGuard et T\u00dcV Profit, cette gamme de rev\u00eatement en li\u00e8ge est d\u00e9clin\u00e9e en esth\u00e9tiques et performances techniques vari\u00e9es. Verni, il comporte une couche d\u2019usure en li\u00e8ge d\u00e9coratif coll\u00e9e sur un agglom\u00e9r\u00e9 de li\u00e8ge, assembl\u00e9es sur un panneau HDF puis une sous couche phonique compl\u00e9mentaire en li\u00e8ge. Cork Essence a la classe d&#039;usage 23 en zones r\u00e9sidentielles \u00e0 fr\u00e9quentation intense, garantie 25 ans et la classe d&#039;usage 33 en zones commerciales \u00e0 trafic intense, garantie 10 ans. Cork Go a la classe d&#039;usage 23 en Zones r\u00e9sidentielles \u00e0 trafic intense, garantie 10 ans.\" \/>\n<meta name=\"robots\" content=\"noindex, follow\" \/>\n<meta property=\"og:locale\" content=\"fr_FR\" \/>\n<meta property=\"og:type\" content=\"article\" \/>\n<meta property=\"og:title\" content=\"Parquet click de li\u00e8ge WICANDERS AMORIM (BEM)\" \/>\n<meta property=\"og:description\" content=\"Class\u00e9 A+, GreenGuard et T\u00dcV Profit, cette gamme de rev\u00eatement en li\u00e8ge est d\u00e9clin\u00e9e en esth\u00e9tiques et performances techniques vari\u00e9es. Verni, il comporte une couche d\u2019usure en li\u00e8ge d\u00e9coratif coll\u00e9e sur un agglom\u00e9r\u00e9 de li\u00e8ge, assembl\u00e9es sur un panneau HDF puis une sous couche phonique compl\u00e9mentaire en li\u00e8ge. Cork Essence a la classe d&#039;usage 23 en zones r\u00e9sidentielles \u00e0 fr\u00e9quentation intense, garantie 25 ans et la classe d&#039;usage 33 en zones commerciales \u00e0 trafic intense, garantie 10 ans. Cork Go a la classe d&#039;usage 23 en Zones r\u00e9sidentielles \u00e0 trafic intense, garantie 10 ans.\" \/>\n<meta property=\"og:url\" content=\"https:\/\/nature-et-developpement.com\/bem\/produit\/parquet-click-de-liege-wicanders-amorim-bem\/\" \/>\n<meta property=\"og:site_name\" content=\"Bien-\u00catre Mat\u00e9riaux\" \/>\n<meta property=\"article:modified_time\" content=\"2025-06-13T15:26:29+00:00\" \/>\n<meta property=\"og:image\" content=\"https:\/\/nature-et-developpement.com\/bem\/wp-content\/uploads\/sites\/17\/2019\/09\/26330-Parquet-click-de-liege-Wicanders.jpg\" \/>\n\t<meta property=\"og:image:width\" content=\"800\" \/>\n\t<meta property=\"og:image:height\" content=\"800\" \/>\n\t<meta property=\"og:image:type\" content=\"image\/jpeg\" \/>\n<meta name=\"twitter:card\" content=\"summary_large_image\" \/>\n<meta name=\"twitter:label1\" content=\"Dur\u00e9e de lecture estim\u00e9e\" \/>\n\t<meta name=\"twitter:data1\" content=\"1 minute\" \/>\n<script type=\"application\/ld+json\" class=\"yoast-schema-graph\">{\"@context\":\"https:\\\/\\\/schema.org\",\"@graph\":[{\"@type\":\"WebPage\",\"@id\":\"https:\\\/\\\/nature-et-developpement.com\\\/bem\\\/produit\\\/parquet-click-de-liege-wicanders-amorim-bem\\\/\",\"url\":\"https:\\\/\\\/nature-et-developpement.com\\\/bem\\\/produit\\\/parquet-click-de-liege-wicanders-amorim-bem\\\/\",\"name\":\"Parquet click de li\u00e8ge WICANDERS AMORIM (BEM)\",\"isPartOf\":{\"@id\":\"https:\\\/\\\/nature-et-developpement.com\\\/bem\\\/#website\"},\"primaryImageOfPage\":{\"@id\":\"https:\\\/\\\/nature-et-developpement.com\\\/bem\\\/produit\\\/parquet-click-de-liege-wicanders-amorim-bem\\\/#primaryimage\"},\"image\":{\"@id\":\"https:\\\/\\\/nature-et-developpement.com\\\/bem\\\/produit\\\/parquet-click-de-liege-wicanders-amorim-bem\\\/#primaryimage\"},\"thumbnailUrl\":\"https:\\\/\\\/nature-et-developpement.com\\\/bem\\\/wp-content\\\/uploads\\\/sites\\\/17\\\/2019\\\/09\\\/26330-Parquet-click-de-liege-Wicanders.jpg\",\"datePublished\":\"2019-09-25T14:06:45+00:00\",\"dateModified\":\"2025-06-13T15:26:29+00:00\",\"description\":\"Class\u00e9 A+, GreenGuard et T\u00dcV Profit, cette gamme de rev\u00eatement en li\u00e8ge est d\u00e9clin\u00e9e en esth\u00e9tiques et performances techniques vari\u00e9es. Verni, il comporte une couche d\u2019usure en li\u00e8ge d\u00e9coratif coll\u00e9e sur un agglom\u00e9r\u00e9 de li\u00e8ge, assembl\u00e9es sur un panneau HDF puis une sous couche phonique compl\u00e9mentaire en li\u00e8ge. Cork Essence a la classe d'usage 23 en zones r\u00e9sidentielles \u00e0 fr\u00e9quentation intense, garantie 25 ans et la classe d'usage 33 en zones commerciales \u00e0 trafic intense, garantie 10 ans. Cork Go a la classe d'usage 23 en Zones r\u00e9sidentielles \u00e0 trafic intense, garantie 10 ans.\",\"breadcrumb\":{\"@id\":\"https:\\\/\\\/nature-et-developpement.com\\\/bem\\\/produit\\\/parquet-click-de-liege-wicanders-amorim-bem\\\/#breadcrumb\"},\"inLanguage\":\"fr-FR\",\"potentialAction\":[{\"@type\":\"ReadAction\",\"target\":[\"https:\\\/\\\/nature-et-developpement.com\\\/bem\\\/produit\\\/parquet-click-de-liege-wicanders-amorim-bem\\\/\"]}]},{\"@type\":\"ImageObject\",\"inLanguage\":\"fr-FR\",\"@id\":\"https:\\\/\\\/nature-et-developpement.com\\\/bem\\\/produit\\\/parquet-click-de-liege-wicanders-amorim-bem\\\/#primaryimage\",\"url\":\"https:\\\/\\\/nature-et-developpement.com\\\/bem\\\/wp-content\\\/uploads\\\/sites\\\/17\\\/2019\\\/09\\\/26330-Parquet-click-de-liege-Wicanders.jpg\",\"contentUrl\":\"https:\\\/\\\/nature-et-developpement.com\\\/bem\\\/wp-content\\\/uploads\\\/sites\\\/17\\\/2019\\\/09\\\/26330-Parquet-click-de-liege-Wicanders.jpg\",\"width\":800,\"height\":800,\"caption\":\"Parquet click de li\u00e8ge Wicanders\"},{\"@type\":\"BreadcrumbList\",\"@id\":\"https:\\\/\\\/nature-et-developpement.com\\\/bem\\\/produit\\\/parquet-click-de-liege-wicanders-amorim-bem\\\/#breadcrumb\",\"itemListElement\":[{\"@type\":\"ListItem\",\"position\":1,\"name\":\"Accueil\",\"item\":\"https:\\\/\\\/nature-et-developpement.com\\\/bem\\\/\"},{\"@type\":\"ListItem\",\"position\":2,\"name\":\"Produits\",\"item\":\"https:\\\/\\\/nature-et-developpement.com\\\/bem\\\/shop\\\/\"},{\"@type\":\"ListItem\",\"position\":3,\"name\":\"Parquets bois, stratifi\u00e9s et li\u00e8ge\",\"item\":\"https:\\\/\\\/nature-et-developpement.com\\\/bem\\\/produits\\\/parquet-et-sol-naturels\\\/\"},{\"@type\":\"ListItem\",\"position\":4,\"name\":\"Sols linol\u00e9um et stratifi\u00e9s\",\"item\":\"https:\\\/\\\/nature-et-developpement.com\\\/bem\\\/produits\\\/parquet-et-sol-naturels\\\/sols-en-liege-linoleum-et-stratifies\\\/\"},{\"@type\":\"ListItem\",\"position\":5,\"name\":\"Parquet click de li\u00e8ge WICANDERS AMORIM (BEM)\"}]},{\"@type\":\"WebSite\",\"@id\":\"https:\\\/\\\/nature-et-developpement.com\\\/bem\\\/#website\",\"url\":\"https:\\\/\\\/nature-et-developpement.com\\\/bem\\\/\",\"name\":\"Bien-\u00catre Mat\u00e9riaux\",\"description\":\"Bien-Etre Mat\u00e9riaux est membre du groupement Nature &amp; D\u00e9veloppement\",\"potentialAction\":[{\"@type\":\"SearchAction\",\"target\":{\"@type\":\"EntryPoint\",\"urlTemplate\":\"https:\\\/\\\/nature-et-developpement.com\\\/bem\\\/?s={search_term_string}\"},\"query-input\":{\"@type\":\"PropertyValueSpecification\",\"valueRequired\":true,\"valueName\":\"search_term_string\"}}],\"inLanguage\":\"fr-FR\"}]}<\/script>\n<!-- \/ Yoast SEO plugin. -->","yoast_head_json":{"title":"Parquet click de li\u00e8ge WICANDERS AMORIM (BEM)","description":"Class\u00e9 A+, GreenGuard et T\u00dcV Profit, cette gamme de rev\u00eatement en li\u00e8ge est d\u00e9clin\u00e9e en esth\u00e9tiques et performances techniques vari\u00e9es. Verni, il comporte une couche d\u2019usure en li\u00e8ge d\u00e9coratif coll\u00e9e sur un agglom\u00e9r\u00e9 de li\u00e8ge, assembl\u00e9es sur un panneau HDF puis une sous couche phonique compl\u00e9mentaire en li\u00e8ge. Cork Essence a la classe d'usage 23 en zones r\u00e9sidentielles \u00e0 fr\u00e9quentation intense, garantie 25 ans et la classe d'usage 33 en zones commerciales \u00e0 trafic intense, garantie 10 ans. Cork Go a la classe d'usage 23 en Zones r\u00e9sidentielles \u00e0 trafic intense, garantie 10 ans.","robots":{"index":"noindex","follow":"follow"},"og_locale":"fr_FR","og_type":"article","og_title":"Parquet click de li\u00e8ge WICANDERS AMORIM (BEM)","og_description":"Class\u00e9 A+, GreenGuard et T\u00dcV Profit, cette gamme de rev\u00eatement en li\u00e8ge est d\u00e9clin\u00e9e en esth\u00e9tiques et performances techniques vari\u00e9es. Verni, il comporte une couche d\u2019usure en li\u00e8ge d\u00e9coratif coll\u00e9e sur un agglom\u00e9r\u00e9 de li\u00e8ge, assembl\u00e9es sur un panneau HDF puis une sous couche phonique compl\u00e9mentaire en li\u00e8ge. Cork Essence a la classe d'usage 23 en zones r\u00e9sidentielles \u00e0 fr\u00e9quentation intense, garantie 25 ans et la classe d'usage 33 en zones commerciales \u00e0 trafic intense, garantie 10 ans. Cork Go a la classe d'usage 23 en Zones r\u00e9sidentielles \u00e0 trafic intense, garantie 10 ans.","og_url":"https:\/\/nature-et-developpement.com\/bem\/produit\/parquet-click-de-liege-wicanders-amorim-bem\/","og_site_name":"Bien-\u00catre Mat\u00e9riaux","article_modified_time":"2025-06-13T15:26:29+00:00","og_image":[{"width":800,"height":800,"url":"https:\/\/nature-et-developpement.com\/bem\/wp-content\/uploads\/sites\/17\/2019\/09\/26330-Parquet-click-de-liege-Wicanders.jpg","type":"image\/jpeg"}],"twitter_card":"summary_large_image","twitter_misc":{"Dur\u00e9e de lecture estim\u00e9e":"1 minute"},"schema":{"@context":"https:\/\/schema.org","@graph":[{"@type":"WebPage","@id":"https:\/\/nature-et-developpement.com\/bem\/produit\/parquet-click-de-liege-wicanders-amorim-bem\/","url":"https:\/\/nature-et-developpement.com\/bem\/produit\/parquet-click-de-liege-wicanders-amorim-bem\/","name":"Parquet click de li\u00e8ge WICANDERS AMORIM (BEM)","isPartOf":{"@id":"https:\/\/nature-et-developpement.com\/bem\/#website"},"primaryImageOfPage":{"@id":"https:\/\/nature-et-developpement.com\/bem\/produit\/parquet-click-de-liege-wicanders-amorim-bem\/#primaryimage"},"image":{"@id":"https:\/\/nature-et-developpement.com\/bem\/produit\/parquet-click-de-liege-wicanders-amorim-bem\/#primaryimage"},"thumbnailUrl":"https:\/\/nature-et-developpement.com\/bem\/wp-content\/uploads\/sites\/17\/2019\/09\/26330-Parquet-click-de-liege-Wicanders.jpg","datePublished":"2019-09-25T14:06:45+00:00","dateModified":"2025-06-13T15:26:29+00:00","description":"Class\u00e9 A+, GreenGuard et T\u00dcV Profit, cette gamme de rev\u00eatement en li\u00e8ge est d\u00e9clin\u00e9e en esth\u00e9tiques et performances techniques vari\u00e9es. Verni, il comporte une couche d\u2019usure en li\u00e8ge d\u00e9coratif coll\u00e9e sur un agglom\u00e9r\u00e9 de li\u00e8ge, assembl\u00e9es sur un panneau HDF puis une sous couche phonique compl\u00e9mentaire en li\u00e8ge. Cork Essence a la classe d'usage 23 en zones r\u00e9sidentielles \u00e0 fr\u00e9quentation intense, garantie 25 ans et la classe d'usage 33 en zones commerciales \u00e0 trafic intense, garantie 10 ans. Cork Go a la classe d'usage 23 en Zones r\u00e9sidentielles \u00e0 trafic intense, garantie 10 ans.","breadcrumb":{"@id":"https:\/\/nature-et-developpement.com\/bem\/produit\/parquet-click-de-liege-wicanders-amorim-bem\/#breadcrumb"},"inLanguage":"fr-FR","potentialAction":[{"@type":"ReadAction","target":["https:\/\/nature-et-developpement.com\/bem\/produit\/parquet-click-de-liege-wicanders-amorim-bem\/"]}]},{"@type":"ImageObject","inLanguage":"fr-FR","@id":"https:\/\/nature-et-developpement.com\/bem\/produit\/parquet-click-de-liege-wicanders-amorim-bem\/#primaryimage","url":"https:\/\/nature-et-developpement.com\/bem\/wp-content\/uploads\/sites\/17\/2019\/09\/26330-Parquet-click-de-liege-Wicanders.jpg","contentUrl":"https:\/\/nature-et-developpement.com\/bem\/wp-content\/uploads\/sites\/17\/2019\/09\/26330-Parquet-click-de-liege-Wicanders.jpg","width":800,"height":800,"caption":"Parquet click de li\u00e8ge Wicanders"},{"@type":"BreadcrumbList","@id":"https:\/\/nature-et-developpement.com\/bem\/produit\/parquet-click-de-liege-wicanders-amorim-bem\/#breadcrumb","itemListElement":[{"@type":"ListItem","position":1,"name":"Accueil","item":"https:\/\/nature-et-developpement.com\/bem\/"},{"@type":"ListItem","position":2,"name":"Produits","item":"https:\/\/nature-et-developpement.com\/bem\/shop\/"},{"@type":"ListItem","position":3,"name":"Parquets bois, stratifi\u00e9s et li\u00e8ge","item":"https:\/\/nature-et-developpement.com\/bem\/produits\/parquet-et-sol-naturels\/"},{"@type":"ListItem","position":4,"name":"Sols linol\u00e9um et stratifi\u00e9s","item":"https:\/\/nature-et-developpement.com\/bem\/produits\/parquet-et-sol-naturels\/sols-en-liege-linoleum-et-stratifies\/"},{"@type":"ListItem","position":5,"name":"Parquet click de li\u00e8ge WICANDERS AMORIM (BEM)"}]},{"@type":"WebSite","@id":"https:\/\/nature-et-developpement.com\/bem\/#website","url":"https:\/\/nature-et-developpement.com\/bem\/","name":"Bien-\u00catre Mat\u00e9riaux","description":"Bien-Etre Mat\u00e9riaux est membre du groupement Nature &amp; D\u00e9veloppement","potentialAction":[{"@type":"SearchAction","target":{"@type":"EntryPoint","urlTemplate":"https:\/\/nature-et-developpement.com\/bem\/?s={search_term_string}"},"query-input":{"@type":"PropertyValueSpecification","valueRequired":true,"valueName":"search_term_string"}}],"inLanguage":"fr-FR"}]}},"distributor_meta":false,"distributor_terms":false,"distributor_media":false,"distributor_original_site_name":"Bien-\u00catre Mat\u00e9riaux","distributor_original_site_url":"https:\/\/nature-et-developpement.com\/bem","push-errors":false,"_links":{"self":[{"href":"https:\/\/nature-et-developpement.com\/bem\/wp-json\/wp\/v2\/product\/13318","targetHints":{"allow":["GET"]}}],"collection":[{"href":"https:\/\/nature-et-developpement.com\/bem\/wp-json\/wp\/v2\/product"}],"about":[{"href":"https:\/\/nature-et-developpement.com\/bem\/wp-json\/wp\/v2\/types\/product"}],"wp:featuredmedia":[{"embeddable":true,"href":"https:\/\/nature-et-developpement.com\/bem\/wp-json\/wp\/v2\/media\/13312"}],"wp:attachment":[{"href":"https:\/\/nature-et-developpement.com\/bem\/wp-json\/wp\/v2\/media?parent=13318"}],"wp:term":[{"taxonomy":"product_brand","embeddable":true,"href":"https:\/\/nature-et-developpement.com\/bem\/wp-json\/wp\/v2\/product_brand?post=13318"},{"taxonomy":"product_cat","embeddable":true,"href":"https:\/\/nature-et-developpement.com\/bem\/wp-json\/wp\/v2\/product_cat?post=13318"},{"taxonomy":"product_tag","embeddable":true,"href":"https:\/\/nature-et-developpement.com\/bem\/wp-json\/wp\/v2\/product_tag?post=13318"}],"curies":[{"name":"wp","href":"https:\/\/api.w.org\/{rel}","templated":true}]}}