{"id":13379,"date":"2019-11-10T19:15:25","date_gmt":"2019-11-10T18:15:25","guid":{"rendered":"https:\/\/nature-et-developpement.com\/bem\/produit\/enduit-de-chaux-tradical-batir-st-michelorge\/"},"modified":"2026-02-12T10:48:37","modified_gmt":"2026-02-12T09:48:37","slug":"enduit-de-chaux-tradical-batir-st-michelorge","status":"publish","type":"product","link":"https:\/\/nature-et-developpement.com\/bem\/produit\/enduit-de-chaux-tradical-batir-st-michelorge\/","title":{"rendered":"Enduit de chaux TRADICAL B\u00c2TIR BLANC (St Michel\/Orge)"},"content":{"rendered":"<p>Pour ma\u00e7onner : brique, moellon, pierre de taille.<\/p>\n<p>Enduire : gobetis, corps d\u2019enduit, sur support neuf ou ancien.<\/p>\n<p>Coulis : confortement de ma\u00e7onnerie de moellon, pierre de taille.<\/p>\n<p><span style=\"text-decoration: underline\"><strong>Technique<\/strong><\/span> :<\/p>\n<ul>\n<li>Masse volumique = 500kg\/m3<\/li>\n<li>Conductivit\u00e9 thermique : \u03bb = 0,11 \u00e0 0,15 W\/m.k<\/li>\n<li>Compression : 0.58 MPa (\u00e0 60 j) \/ 0.61 MPa (\u00e0 90 j)<\/li>\n<li>Module d\u2019\u00e9lasticit\u00e9 : 50.3 MPa (\u00e0 60 j) \/ 62.6 MPa (\u00e0 90 j)<\/li>\n<\/ul>\n<p><span style=\"text-decoration: underline\"><strong>Les plus<\/strong><\/span> :<\/p>\n<ul>\n<li>Enduit \u00e9cologique \u00e0 la chaux.<\/li>\n<li>Mise en \u0153uvre manuelle et machine (projection m\u00e9canique ou pneumatique).<\/li>\n<li>Garantie d\u00e9cennale et de bon fonctionnement du fabricant.<\/li>\n<\/ul>\n<h3><span style=\"text-decoration: underline\">La chaux, mat\u00e9riau d&rsquo;avenir.<\/span><\/h3>\n<p>La durabilit\u00e9 des ouvrages d\u00e9pend largement de leur capacit\u00e9 \u00e0 supporter les d\u00e9formations. Dans le cas d\u2019ouvrages en ma\u00e7onnerie, cette facult\u00e9 est largement li\u00e9e aux caract\u00e9ristiques des mortiers de pose qui doivent associer des qualit\u00e9s de r\u00e9sistance \u00e0 la compression et d\u2019\u00e9lasticit\u00e9. La chaux permet d\u2019obtenir ces caract\u00e9ristiques et surtout de les conserver.<\/p>\n<p>La chaux a\u00e9rienne produite aujourd&rsquo;hui par les usines du Groupe Lhoist est, gr\u00e2ce \u00e0 la ma\u00eetrise de toute la cha\u00eene de production, un mat\u00e9riau moderne permettant l\u2019\u00e9laboration de produits de haute technologie.<\/p>\n<p>Une gamme compl\u00e8te de chaux a\u00e9riennes pures ou compos\u00e9es selon des crit\u00e8res (finesse, r\u00e9activit\u00e9, taux de chaux libre\u2026) et des niveaux qualitatifs accrus, garantit d\u00e9sormais des utilisations s\u00e9curis\u00e9es.<\/p>\n<p lang=\"zxx\" xml:lang=\"zxx\">\n","protected":false},"excerpt":{"rendered":"<p>Pour ma\u00e7onner et enduire.<\/p>\n<p>Chaux FL A 3.5 \u00e0 taux \u00e9lev\u00e9 de chaux a\u00e9rienne qui garantit les caract\u00e9ristiques suivantes : rendement important (30% de liant en moins), confort de mise en \u0153uvre gr\u00e2ce \u00e0 sa faible densit\u00e9, compatibilit\u00e9 avec tout support min\u00e9ral dur \u00e0 tendre, et perm\u00e9ance.<\/p>\n","protected":false},"featured_media":13378,"template":"","meta":[],"product_brand":[8797,2742],"product_cat":[8738,109],"product_tag":[],"class_list":{"0":"post-13379","1":"product","2":"type-product","3":"status-publish","4":"has-post-thumbnail","6":"product_brand-produits-bem","7":"product_brand-tradical","8":"product_cat-demande-de-devis-uniquement-sans-prix","9":"product_cat-maconnerie","11":"first","12":"instock","13":"taxable","14":"shipping-taxable","15":"purchasable","16":"product-type-simple"},"yoast_head":"<!-- This site is optimized with the Yoast SEO plugin v27.5 - https:\/\/yoast.com\/product\/yoast-seo-wordpress\/ -->\n<title>Enduit de chaux TRADICAL B\u00c2TIR BLANC (St Michel\/Orge)<\/title>\n<meta name=\"description\" content=\"Pour ma\u00e7onner et enduire.  Chaux FL A 3.5 \u00e0 taux \u00e9lev\u00e9 de chaux a\u00e9rienne qui garantit les caract\u00e9ristiques suivantes : rendement important (30% de liant en moins), confort de mise en \u0153uvre gr\u00e2ce \u00e0 sa faible densit\u00e9, compatibilit\u00e9 avec tout support min\u00e9ral dur \u00e0 tendre, et perm\u00e9ance.\" \/>\n<meta name=\"robots\" content=\"noindex, follow\" \/>\n<meta property=\"og:locale\" content=\"fr_FR\" \/>\n<meta property=\"og:type\" content=\"article\" \/>\n<meta property=\"og:title\" content=\"Enduit de chaux TRADICAL B\u00c2TIR BLANC (St Michel\/Orge)\" \/>\n<meta property=\"og:description\" content=\"Pour ma\u00e7onner et enduire.  Chaux FL A 3.5 \u00e0 taux \u00e9lev\u00e9 de chaux a\u00e9rienne qui garantit les caract\u00e9ristiques suivantes : rendement important (30% de liant en moins), confort de mise en \u0153uvre gr\u00e2ce \u00e0 sa faible densit\u00e9, compatibilit\u00e9 avec tout support min\u00e9ral dur \u00e0 tendre, et perm\u00e9ance.\" \/>\n<meta property=\"og:url\" content=\"https:\/\/nature-et-developpement.com\/bem\/produit\/enduit-de-chaux-tradical-batir-st-michelorge\/\" \/>\n<meta property=\"og:site_name\" content=\"Bien-\u00catre Mat\u00e9riaux\" \/>\n<meta property=\"article:modified_time\" content=\"2026-02-12T09:48:37+00:00\" \/>\n<meta property=\"og:image\" content=\"https:\/\/nature-et-developpement.com\/bem\/wp-content\/uploads\/sites\/17\/2019\/11\/26379-Enduit-de-chaux-TRADICAL-BATIR-St-MichelOrge.jpg\" \/>\n\t<meta property=\"og:image:width\" content=\"800\" \/>\n\t<meta property=\"og:image:height\" content=\"800\" \/>\n\t<meta property=\"og:image:type\" content=\"image\/jpeg\" \/>\n<meta name=\"twitter:card\" content=\"summary_large_image\" \/>\n<meta name=\"twitter:label1\" content=\"Dur\u00e9e de lecture estim\u00e9e\" \/>\n\t<meta name=\"twitter:data1\" content=\"1 minute\" \/>\n<script type=\"application\/ld+json\" class=\"yoast-schema-graph\">{\"@context\":\"https:\\\/\\\/schema.org\",\"@graph\":[{\"@type\":\"WebPage\",\"@id\":\"https:\\\/\\\/nature-et-developpement.com\\\/bem\\\/produit\\\/enduit-de-chaux-tradical-batir-st-michelorge\\\/\",\"url\":\"https:\\\/\\\/nature-et-developpement.com\\\/bem\\\/produit\\\/enduit-de-chaux-tradical-batir-st-michelorge\\\/\",\"name\":\"Enduit de chaux TRADICAL B\u00c2TIR BLANC (St Michel\\\/Orge)\",\"isPartOf\":{\"@id\":\"https:\\\/\\\/nature-et-developpement.com\\\/bem\\\/#website\"},\"primaryImageOfPage\":{\"@id\":\"https:\\\/\\\/nature-et-developpement.com\\\/bem\\\/produit\\\/enduit-de-chaux-tradical-batir-st-michelorge\\\/#primaryimage\"},\"image\":{\"@id\":\"https:\\\/\\\/nature-et-developpement.com\\\/bem\\\/produit\\\/enduit-de-chaux-tradical-batir-st-michelorge\\\/#primaryimage\"},\"thumbnailUrl\":\"https:\\\/\\\/nature-et-developpement.com\\\/bem\\\/wp-content\\\/uploads\\\/sites\\\/17\\\/2019\\\/11\\\/26379-Enduit-de-chaux-TRADICAL-BATIR-St-MichelOrge.jpg\",\"datePublished\":\"2019-11-10T18:15:25+00:00\",\"dateModified\":\"2026-02-12T09:48:37+00:00\",\"description\":\"Pour ma\u00e7onner et enduire. Chaux FL A 3.5 \u00e0 taux \u00e9lev\u00e9 de chaux a\u00e9rienne qui garantit les caract\u00e9ristiques suivantes : rendement important (30% de liant en moins), confort de mise en \u0153uvre gr\u00e2ce \u00e0 sa faible densit\u00e9, compatibilit\u00e9 avec tout support min\u00e9ral dur \u00e0 tendre, et perm\u00e9ance.\",\"breadcrumb\":{\"@id\":\"https:\\\/\\\/nature-et-developpement.com\\\/bem\\\/produit\\\/enduit-de-chaux-tradical-batir-st-michelorge\\\/#breadcrumb\"},\"inLanguage\":\"fr-FR\",\"potentialAction\":[{\"@type\":\"ReadAction\",\"target\":[\"https:\\\/\\\/nature-et-developpement.com\\\/bem\\\/produit\\\/enduit-de-chaux-tradical-batir-st-michelorge\\\/\"]}]},{\"@type\":\"ImageObject\",\"inLanguage\":\"fr-FR\",\"@id\":\"https:\\\/\\\/nature-et-developpement.com\\\/bem\\\/produit\\\/enduit-de-chaux-tradical-batir-st-michelorge\\\/#primaryimage\",\"url\":\"https:\\\/\\\/nature-et-developpement.com\\\/bem\\\/wp-content\\\/uploads\\\/sites\\\/17\\\/2019\\\/11\\\/26379-Enduit-de-chaux-TRADICAL-BATIR-St-MichelOrge.jpg\",\"contentUrl\":\"https:\\\/\\\/nature-et-developpement.com\\\/bem\\\/wp-content\\\/uploads\\\/sites\\\/17\\\/2019\\\/11\\\/26379-Enduit-de-chaux-TRADICAL-BATIR-St-MichelOrge.jpg\",\"width\":800,\"height\":800,\"caption\":\"Enduit de chaux TRADICAL B\u00c2TIR (St Michel\\\/Orge)\"},{\"@type\":\"BreadcrumbList\",\"@id\":\"https:\\\/\\\/nature-et-developpement.com\\\/bem\\\/produit\\\/enduit-de-chaux-tradical-batir-st-michelorge\\\/#breadcrumb\",\"itemListElement\":[{\"@type\":\"ListItem\",\"position\":1,\"name\":\"Accueil\",\"item\":\"https:\\\/\\\/nature-et-developpement.com\\\/bem\\\/\"},{\"@type\":\"ListItem\",\"position\":2,\"name\":\"Produits\",\"item\":\"https:\\\/\\\/nature-et-developpement.com\\\/bem\\\/shop\\\/\"},{\"@type\":\"ListItem\",\"position\":3,\"name\":\"Construction, cloison et fen\u00eatres\",\"item\":\"https:\\\/\\\/nature-et-developpement.com\\\/bem\\\/produits\\\/construction\\\/\"},{\"@type\":\"ListItem\",\"position\":4,\"name\":\"Ma\u00e7onnerie\",\"item\":\"https:\\\/\\\/nature-et-developpement.com\\\/bem\\\/produits\\\/construction\\\/maconnerie\\\/\"},{\"@type\":\"ListItem\",\"position\":5,\"name\":\"Enduit de chaux TRADICAL B\u00c2TIR BLANC (St Michel\\\/Orge)\"}]},{\"@type\":\"WebSite\",\"@id\":\"https:\\\/\\\/nature-et-developpement.com\\\/bem\\\/#website\",\"url\":\"https:\\\/\\\/nature-et-developpement.com\\\/bem\\\/\",\"name\":\"Bien-\u00catre Mat\u00e9riaux\",\"description\":\"Bien-Etre Mat\u00e9riaux est membre du groupement Nature &amp; D\u00e9veloppement\",\"potentialAction\":[{\"@type\":\"SearchAction\",\"target\":{\"@type\":\"EntryPoint\",\"urlTemplate\":\"https:\\\/\\\/nature-et-developpement.com\\\/bem\\\/?s={search_term_string}\"},\"query-input\":{\"@type\":\"PropertyValueSpecification\",\"valueRequired\":true,\"valueName\":\"search_term_string\"}}],\"inLanguage\":\"fr-FR\"}]}<\/script>\n<!-- \/ Yoast SEO plugin. -->","yoast_head_json":{"title":"Enduit de chaux TRADICAL B\u00c2TIR BLANC (St Michel\/Orge)","description":"Pour ma\u00e7onner et enduire.  Chaux FL A 3.5 \u00e0 taux \u00e9lev\u00e9 de chaux a\u00e9rienne qui garantit les caract\u00e9ristiques suivantes : rendement important (30% de liant en moins), confort de mise en \u0153uvre gr\u00e2ce \u00e0 sa faible densit\u00e9, compatibilit\u00e9 avec tout support min\u00e9ral dur \u00e0 tendre, et perm\u00e9ance.","robots":{"index":"noindex","follow":"follow"},"og_locale":"fr_FR","og_type":"article","og_title":"Enduit de chaux TRADICAL B\u00c2TIR BLANC (St Michel\/Orge)","og_description":"Pour ma\u00e7onner et enduire.  Chaux FL A 3.5 \u00e0 taux \u00e9lev\u00e9 de chaux a\u00e9rienne qui garantit les caract\u00e9ristiques suivantes : rendement important (30% de liant en moins), confort de mise en \u0153uvre gr\u00e2ce \u00e0 sa faible densit\u00e9, compatibilit\u00e9 avec tout support min\u00e9ral dur \u00e0 tendre, et perm\u00e9ance.","og_url":"https:\/\/nature-et-developpement.com\/bem\/produit\/enduit-de-chaux-tradical-batir-st-michelorge\/","og_site_name":"Bien-\u00catre Mat\u00e9riaux","article_modified_time":"2026-02-12T09:48:37+00:00","og_image":[{"width":800,"height":800,"url":"https:\/\/nature-et-developpement.com\/bem\/wp-content\/uploads\/sites\/17\/2019\/11\/26379-Enduit-de-chaux-TRADICAL-BATIR-St-MichelOrge.jpg","type":"image\/jpeg"}],"twitter_card":"summary_large_image","twitter_misc":{"Dur\u00e9e de lecture estim\u00e9e":"1 minute"},"schema":{"@context":"https:\/\/schema.org","@graph":[{"@type":"WebPage","@id":"https:\/\/nature-et-developpement.com\/bem\/produit\/enduit-de-chaux-tradical-batir-st-michelorge\/","url":"https:\/\/nature-et-developpement.com\/bem\/produit\/enduit-de-chaux-tradical-batir-st-michelorge\/","name":"Enduit de chaux TRADICAL B\u00c2TIR BLANC (St Michel\/Orge)","isPartOf":{"@id":"https:\/\/nature-et-developpement.com\/bem\/#website"},"primaryImageOfPage":{"@id":"https:\/\/nature-et-developpement.com\/bem\/produit\/enduit-de-chaux-tradical-batir-st-michelorge\/#primaryimage"},"image":{"@id":"https:\/\/nature-et-developpement.com\/bem\/produit\/enduit-de-chaux-tradical-batir-st-michelorge\/#primaryimage"},"thumbnailUrl":"https:\/\/nature-et-developpement.com\/bem\/wp-content\/uploads\/sites\/17\/2019\/11\/26379-Enduit-de-chaux-TRADICAL-BATIR-St-MichelOrge.jpg","datePublished":"2019-11-10T18:15:25+00:00","dateModified":"2026-02-12T09:48:37+00:00","description":"Pour ma\u00e7onner et enduire. Chaux FL A 3.5 \u00e0 taux \u00e9lev\u00e9 de chaux a\u00e9rienne qui garantit les caract\u00e9ristiques suivantes : rendement important (30% de liant en moins), confort de mise en \u0153uvre gr\u00e2ce \u00e0 sa faible densit\u00e9, compatibilit\u00e9 avec tout support min\u00e9ral dur \u00e0 tendre, et perm\u00e9ance.","breadcrumb":{"@id":"https:\/\/nature-et-developpement.com\/bem\/produit\/enduit-de-chaux-tradical-batir-st-michelorge\/#breadcrumb"},"inLanguage":"fr-FR","potentialAction":[{"@type":"ReadAction","target":["https:\/\/nature-et-developpement.com\/bem\/produit\/enduit-de-chaux-tradical-batir-st-michelorge\/"]}]},{"@type":"ImageObject","inLanguage":"fr-FR","@id":"https:\/\/nature-et-developpement.com\/bem\/produit\/enduit-de-chaux-tradical-batir-st-michelorge\/#primaryimage","url":"https:\/\/nature-et-developpement.com\/bem\/wp-content\/uploads\/sites\/17\/2019\/11\/26379-Enduit-de-chaux-TRADICAL-BATIR-St-MichelOrge.jpg","contentUrl":"https:\/\/nature-et-developpement.com\/bem\/wp-content\/uploads\/sites\/17\/2019\/11\/26379-Enduit-de-chaux-TRADICAL-BATIR-St-MichelOrge.jpg","width":800,"height":800,"caption":"Enduit de chaux TRADICAL B\u00c2TIR (St Michel\/Orge)"},{"@type":"BreadcrumbList","@id":"https:\/\/nature-et-developpement.com\/bem\/produit\/enduit-de-chaux-tradical-batir-st-michelorge\/#breadcrumb","itemListElement":[{"@type":"ListItem","position":1,"name":"Accueil","item":"https:\/\/nature-et-developpement.com\/bem\/"},{"@type":"ListItem","position":2,"name":"Produits","item":"https:\/\/nature-et-developpement.com\/bem\/shop\/"},{"@type":"ListItem","position":3,"name":"Construction, cloison et fen\u00eatres","item":"https:\/\/nature-et-developpement.com\/bem\/produits\/construction\/"},{"@type":"ListItem","position":4,"name":"Ma\u00e7onnerie","item":"https:\/\/nature-et-developpement.com\/bem\/produits\/construction\/maconnerie\/"},{"@type":"ListItem","position":5,"name":"Enduit de chaux TRADICAL B\u00c2TIR BLANC (St Michel\/Orge)"}]},{"@type":"WebSite","@id":"https:\/\/nature-et-developpement.com\/bem\/#website","url":"https:\/\/nature-et-developpement.com\/bem\/","name":"Bien-\u00catre Mat\u00e9riaux","description":"Bien-Etre Mat\u00e9riaux est membre du groupement Nature &amp; D\u00e9veloppement","potentialAction":[{"@type":"SearchAction","target":{"@type":"EntryPoint","urlTemplate":"https:\/\/nature-et-developpement.com\/bem\/?s={search_term_string}"},"query-input":{"@type":"PropertyValueSpecification","valueRequired":true,"valueName":"search_term_string"}}],"inLanguage":"fr-FR"}]}},"distributor_meta":false,"distributor_terms":false,"distributor_media":false,"distributor_original_site_name":"Bien-\u00catre Mat\u00e9riaux","distributor_original_site_url":"https:\/\/nature-et-developpement.com\/bem","push-errors":false,"_links":{"self":[{"href":"https:\/\/nature-et-developpement.com\/bem\/wp-json\/wp\/v2\/product\/13379","targetHints":{"allow":["GET"]}}],"collection":[{"href":"https:\/\/nature-et-developpement.com\/bem\/wp-json\/wp\/v2\/product"}],"about":[{"href":"https:\/\/nature-et-developpement.com\/bem\/wp-json\/wp\/v2\/types\/product"}],"wp:featuredmedia":[{"embeddable":true,"href":"https:\/\/nature-et-developpement.com\/bem\/wp-json\/wp\/v2\/media\/13378"}],"wp:attachment":[{"href":"https:\/\/nature-et-developpement.com\/bem\/wp-json\/wp\/v2\/media?parent=13379"}],"wp:term":[{"taxonomy":"product_brand","embeddable":true,"href":"https:\/\/nature-et-developpement.com\/bem\/wp-json\/wp\/v2\/product_brand?post=13379"},{"taxonomy":"product_cat","embeddable":true,"href":"https:\/\/nature-et-developpement.com\/bem\/wp-json\/wp\/v2\/product_cat?post=13379"},{"taxonomy":"product_tag","embeddable":true,"href":"https:\/\/nature-et-developpement.com\/bem\/wp-json\/wp\/v2\/product_tag?post=13379"}],"curies":[{"name":"wp","href":"https:\/\/api.w.org\/{rel}","templated":true}]}}