{"id":13432,"date":"2019-11-12T13:34:58","date_gmt":"2019-11-12T12:34:58","guid":{"rendered":"https:\/\/nature-et-developpement.com\/bem\/produit\/liege-en-vrac-sac-de-250-litres-amorim-st-michelorge\/"},"modified":"2026-02-12T10:48:37","modified_gmt":"2026-02-12T09:48:37","slug":"liege-en-vrac-sac-de-250-litres-amorim-st-michelorge","status":"publish","type":"product","link":"https:\/\/nature-et-developpement.com\/bem\/produit\/liege-en-vrac-sac-de-250-litres-amorim-st-michelorge\/","title":{"rendered":"Li\u00e8ge en vrac 250 litres (St Michel\/Orge)"},"content":{"rendered":"<div class=\"tabs-panel\">\n<h3>Le li\u00e8ge est l\u2019isolant le plus naturel et le plus noble qui existe.<\/h3>\n<p>Granul\u00e9s de li\u00e8ge expans\u00e9s en vrac est un produit naturel, imputrescible et un isolant non hydrophile.<\/p>\n<p>La capacit\u00e9 de recyclage de l\u2019agglom\u00e9r\u00e9 noir de li\u00e8ge expans\u00e9 est une caract\u00e9ristique de ce produit \u00e9cologique.<\/p>\n<p>Le r\u00e9sultat de ce recyclage est le Granul\u00e9 de Li\u00e8ge Expans\u00e9, obtenu \u00e0 partir du broyage de l\u2019agglom\u00e9r\u00e9 noir de li\u00e8ge.<\/p>\n<p>Granul\u00e9s de li\u00e8ge expans\u00e9 pur granulom\u00e9trie 3 \u00e0 10 mm<\/p>\n<h5>Des usages multiples:<\/h5>\n<ul>\n<li>Incorporation dans le b\u00e9ton (b\u00e9tons l\u00e9gers) qui assurent l\u2019all\u00e8gement des planchers d\u2019habitation et des toitures avec des avantages thermiques et acoustiques<\/li>\n<\/ul>\n<p><img loading=\"lazy\" decoding=\"async\" class=\"alignnone wp-image-165859\" src=\"https:\/\/nature-et-developpement.com\/wp-content\/uploads\/Liege-en-vrac-incorporation-direct-dans-le-beton-450x155.jpg\" alt=\"\" width=\"800\" height=\"275\" \/><\/p>\n<ul>\n<li>Remplissage du vide sanitaire des planchers permettant la correction acoustique et thermique<\/li>\n<\/ul>\n<p><img loading=\"lazy\" decoding=\"async\" class=\"alignnone wp-image-165858\" src=\"https:\/\/nature-et-developpement.com\/wp-content\/uploads\/Liege-en-vrac-remplissage-du-vide-sanitaire-des-planchers-450x168.jpg\" alt=\"\" width=\"800\" height=\"299\" \/><\/p>\n<\/div>\n","protected":false},"excerpt":{"rendered":"<p>Produit 100 % naturel, il n\u2019a pas de liants ext\u00e9rieurs. Isolant tr\u00e8s performant, il pr\u00e9sente l\u2019avantage d\u2019\u00eatre imputrescible et facile d\u2019utilisation. Il s\u2019utilise en remplissage entre les solives, sous dalle flottante ou, m\u00e9lang\u00e9 avec de la chaux et du sable, en mortier isolant all\u00e9g\u00e9.<\/p>\n<p>&nbsp;<\/p>\n","protected":false},"featured_media":14082,"template":"","meta":[],"product_brand":[2778,8797],"product_cat":[8738,83],"product_tag":[],"class_list":{"0":"post-13432","1":"product","2":"type-product","3":"status-publish","4":"has-post-thumbnail","6":"product_brand-amorim","7":"product_brand-produits-bem","8":"product_cat-demande-de-devis-uniquement-sans-prix","9":"product_cat-isolants-ecologiques","11":"first","12":"instock","13":"taxable","14":"shipping-taxable","15":"purchasable","16":"product-type-variable"},"yoast_head":"<!-- This site is optimized with the Yoast SEO plugin v27.5 - https:\/\/yoast.com\/product\/yoast-seo-wordpress\/ -->\n<title>Li\u00e8ge en vrac 250 litres (St Michel\/Orge)<\/title>\n<meta name=\"description\" content=\"Produit 100 % naturel, il n\u2019a pas de liants ext\u00e9rieurs. Isolant tr\u00e8s performant, il pr\u00e9sente l\u2019avantage d\u2019\u00eatre imputrescible et facile d\u2019utilisation. Il s\u2019utilise en remplissage entre les solives, sous dalle flottante ou, m\u00e9lang\u00e9 avec de la chaux et du sable, en mortier isolant all\u00e9g\u00e9.  &nbsp;\" \/>\n<meta name=\"robots\" content=\"noindex, follow\" \/>\n<meta property=\"og:locale\" content=\"fr_FR\" \/>\n<meta property=\"og:type\" content=\"article\" \/>\n<meta property=\"og:title\" content=\"Li\u00e8ge en vrac 250 litres (St Michel\/Orge)\" \/>\n<meta property=\"og:description\" content=\"Produit 100 % naturel, il n\u2019a pas de liants ext\u00e9rieurs. Isolant tr\u00e8s performant, il pr\u00e9sente l\u2019avantage d\u2019\u00eatre imputrescible et facile d\u2019utilisation. Il s\u2019utilise en remplissage entre les solives, sous dalle flottante ou, m\u00e9lang\u00e9 avec de la chaux et du sable, en mortier isolant all\u00e9g\u00e9.  &nbsp;\" \/>\n<meta property=\"og:url\" content=\"https:\/\/nature-et-developpement.com\/bem\/produit\/liege-en-vrac-sac-de-250-litres-amorim-st-michelorge\/\" \/>\n<meta property=\"og:site_name\" content=\"Bien-\u00catre Mat\u00e9riaux\" \/>\n<meta property=\"article:modified_time\" content=\"2026-02-12T09:48:37+00:00\" \/>\n<meta property=\"og:image\" content=\"https:\/\/nature-et-developpement.com\/bem\/wp-content\/uploads\/sites\/17\/2021\/09\/Liege-en-vrac-sac-de-250L.jpg\" \/>\n\t<meta property=\"og:image:width\" content=\"1280\" \/>\n\t<meta property=\"og:image:height\" content=\"1280\" \/>\n\t<meta property=\"og:image:type\" content=\"image\/jpeg\" \/>\n<meta name=\"twitter:card\" content=\"summary_large_image\" \/>\n<meta name=\"twitter:label1\" content=\"Dur\u00e9e de lecture estim\u00e9e\" \/>\n\t<meta name=\"twitter:data1\" content=\"1 minute\" \/>\n<script type=\"application\/ld+json\" class=\"yoast-schema-graph\">{\"@context\":\"https:\\\/\\\/schema.org\",\"@graph\":[{\"@type\":\"WebPage\",\"@id\":\"https:\\\/\\\/nature-et-developpement.com\\\/bem\\\/produit\\\/liege-en-vrac-sac-de-250-litres-amorim-st-michelorge\\\/\",\"url\":\"https:\\\/\\\/nature-et-developpement.com\\\/bem\\\/produit\\\/liege-en-vrac-sac-de-250-litres-amorim-st-michelorge\\\/\",\"name\":\"Li\u00e8ge en vrac 250 litres (St Michel\\\/Orge)\",\"isPartOf\":{\"@id\":\"https:\\\/\\\/nature-et-developpement.com\\\/bem\\\/#website\"},\"primaryImageOfPage\":{\"@id\":\"https:\\\/\\\/nature-et-developpement.com\\\/bem\\\/produit\\\/liege-en-vrac-sac-de-250-litres-amorim-st-michelorge\\\/#primaryimage\"},\"image\":{\"@id\":\"https:\\\/\\\/nature-et-developpement.com\\\/bem\\\/produit\\\/liege-en-vrac-sac-de-250-litres-amorim-st-michelorge\\\/#primaryimage\"},\"thumbnailUrl\":\"https:\\\/\\\/nature-et-developpement.com\\\/bem\\\/wp-content\\\/uploads\\\/sites\\\/17\\\/2021\\\/09\\\/Liege-en-vrac-sac-de-250L.jpg\",\"datePublished\":\"2019-11-12T12:34:58+00:00\",\"dateModified\":\"2026-02-12T09:48:37+00:00\",\"description\":\"Produit 100 % naturel, il n\u2019a pas de liants ext\u00e9rieurs. Isolant tr\u00e8s performant, il pr\u00e9sente l\u2019avantage d\u2019\u00eatre imputrescible et facile d\u2019utilisation. Il s\u2019utilise en remplissage entre les solives, sous dalle flottante ou, m\u00e9lang\u00e9 avec de la chaux et du sable, en mortier isolant all\u00e9g\u00e9. &nbsp;\",\"breadcrumb\":{\"@id\":\"https:\\\/\\\/nature-et-developpement.com\\\/bem\\\/produit\\\/liege-en-vrac-sac-de-250-litres-amorim-st-michelorge\\\/#breadcrumb\"},\"inLanguage\":\"fr-FR\",\"potentialAction\":[{\"@type\":\"ReadAction\",\"target\":[\"https:\\\/\\\/nature-et-developpement.com\\\/bem\\\/produit\\\/liege-en-vrac-sac-de-250-litres-amorim-st-michelorge\\\/\"]}]},{\"@type\":\"ImageObject\",\"inLanguage\":\"fr-FR\",\"@id\":\"https:\\\/\\\/nature-et-developpement.com\\\/bem\\\/produit\\\/liege-en-vrac-sac-de-250-litres-amorim-st-michelorge\\\/#primaryimage\",\"url\":\"https:\\\/\\\/nature-et-developpement.com\\\/bem\\\/wp-content\\\/uploads\\\/sites\\\/17\\\/2021\\\/09\\\/Liege-en-vrac-sac-de-250L.jpg\",\"contentUrl\":\"https:\\\/\\\/nature-et-developpement.com\\\/bem\\\/wp-content\\\/uploads\\\/sites\\\/17\\\/2021\\\/09\\\/Liege-en-vrac-sac-de-250L.jpg\",\"width\":1280,\"height\":1280},{\"@type\":\"BreadcrumbList\",\"@id\":\"https:\\\/\\\/nature-et-developpement.com\\\/bem\\\/produit\\\/liege-en-vrac-sac-de-250-litres-amorim-st-michelorge\\\/#breadcrumb\",\"itemListElement\":[{\"@type\":\"ListItem\",\"position\":1,\"name\":\"Accueil\",\"item\":\"https:\\\/\\\/nature-et-developpement.com\\\/bem\\\/\"},{\"@type\":\"ListItem\",\"position\":2,\"name\":\"Produits\",\"item\":\"https:\\\/\\\/nature-et-developpement.com\\\/bem\\\/shop\\\/\"},{\"@type\":\"ListItem\",\"position\":3,\"name\":\"Isolation et \u00e9tanch\u00e9it\u00e9\",\"item\":\"https:\\\/\\\/nature-et-developpement.com\\\/bem\\\/produits\\\/isolation-et-etancheite\\\/\"},{\"@type\":\"ListItem\",\"position\":4,\"name\":\"ISOLANTS ECOLOGIQUES\",\"item\":\"https:\\\/\\\/nature-et-developpement.com\\\/bem\\\/produits\\\/isolation-et-etancheite\\\/isolant-naturel\\\/\"},{\"@type\":\"ListItem\",\"position\":5,\"name\":\"Li\u00e8ge en vrac 250 litres (St Michel\\\/Orge)\"}]},{\"@type\":\"WebSite\",\"@id\":\"https:\\\/\\\/nature-et-developpement.com\\\/bem\\\/#website\",\"url\":\"https:\\\/\\\/nature-et-developpement.com\\\/bem\\\/\",\"name\":\"Bien-\u00catre Mat\u00e9riaux\",\"description\":\"Bien-Etre Mat\u00e9riaux est membre du groupement Nature &amp; D\u00e9veloppement\",\"potentialAction\":[{\"@type\":\"SearchAction\",\"target\":{\"@type\":\"EntryPoint\",\"urlTemplate\":\"https:\\\/\\\/nature-et-developpement.com\\\/bem\\\/?s={search_term_string}\"},\"query-input\":{\"@type\":\"PropertyValueSpecification\",\"valueRequired\":true,\"valueName\":\"search_term_string\"}}],\"inLanguage\":\"fr-FR\"}]}<\/script>\n<!-- \/ Yoast SEO plugin. -->","yoast_head_json":{"title":"Li\u00e8ge en vrac 250 litres (St Michel\/Orge)","description":"Produit 100 % naturel, il n\u2019a pas de liants ext\u00e9rieurs. Isolant tr\u00e8s performant, il pr\u00e9sente l\u2019avantage d\u2019\u00eatre imputrescible et facile d\u2019utilisation. Il s\u2019utilise en remplissage entre les solives, sous dalle flottante ou, m\u00e9lang\u00e9 avec de la chaux et du sable, en mortier isolant all\u00e9g\u00e9.  &nbsp;","robots":{"index":"noindex","follow":"follow"},"og_locale":"fr_FR","og_type":"article","og_title":"Li\u00e8ge en vrac 250 litres (St Michel\/Orge)","og_description":"Produit 100 % naturel, il n\u2019a pas de liants ext\u00e9rieurs. Isolant tr\u00e8s performant, il pr\u00e9sente l\u2019avantage d\u2019\u00eatre imputrescible et facile d\u2019utilisation. Il s\u2019utilise en remplissage entre les solives, sous dalle flottante ou, m\u00e9lang\u00e9 avec de la chaux et du sable, en mortier isolant all\u00e9g\u00e9.  &nbsp;","og_url":"https:\/\/nature-et-developpement.com\/bem\/produit\/liege-en-vrac-sac-de-250-litres-amorim-st-michelorge\/","og_site_name":"Bien-\u00catre Mat\u00e9riaux","article_modified_time":"2026-02-12T09:48:37+00:00","og_image":[{"width":1280,"height":1280,"url":"https:\/\/nature-et-developpement.com\/bem\/wp-content\/uploads\/sites\/17\/2021\/09\/Liege-en-vrac-sac-de-250L.jpg","type":"image\/jpeg"}],"twitter_card":"summary_large_image","twitter_misc":{"Dur\u00e9e de lecture estim\u00e9e":"1 minute"},"schema":{"@context":"https:\/\/schema.org","@graph":[{"@type":"WebPage","@id":"https:\/\/nature-et-developpement.com\/bem\/produit\/liege-en-vrac-sac-de-250-litres-amorim-st-michelorge\/","url":"https:\/\/nature-et-developpement.com\/bem\/produit\/liege-en-vrac-sac-de-250-litres-amorim-st-michelorge\/","name":"Li\u00e8ge en vrac 250 litres (St Michel\/Orge)","isPartOf":{"@id":"https:\/\/nature-et-developpement.com\/bem\/#website"},"primaryImageOfPage":{"@id":"https:\/\/nature-et-developpement.com\/bem\/produit\/liege-en-vrac-sac-de-250-litres-amorim-st-michelorge\/#primaryimage"},"image":{"@id":"https:\/\/nature-et-developpement.com\/bem\/produit\/liege-en-vrac-sac-de-250-litres-amorim-st-michelorge\/#primaryimage"},"thumbnailUrl":"https:\/\/nature-et-developpement.com\/bem\/wp-content\/uploads\/sites\/17\/2021\/09\/Liege-en-vrac-sac-de-250L.jpg","datePublished":"2019-11-12T12:34:58+00:00","dateModified":"2026-02-12T09:48:37+00:00","description":"Produit 100 % naturel, il n\u2019a pas de liants ext\u00e9rieurs. Isolant tr\u00e8s performant, il pr\u00e9sente l\u2019avantage d\u2019\u00eatre imputrescible et facile d\u2019utilisation. Il s\u2019utilise en remplissage entre les solives, sous dalle flottante ou, m\u00e9lang\u00e9 avec de la chaux et du sable, en mortier isolant all\u00e9g\u00e9. &nbsp;","breadcrumb":{"@id":"https:\/\/nature-et-developpement.com\/bem\/produit\/liege-en-vrac-sac-de-250-litres-amorim-st-michelorge\/#breadcrumb"},"inLanguage":"fr-FR","potentialAction":[{"@type":"ReadAction","target":["https:\/\/nature-et-developpement.com\/bem\/produit\/liege-en-vrac-sac-de-250-litres-amorim-st-michelorge\/"]}]},{"@type":"ImageObject","inLanguage":"fr-FR","@id":"https:\/\/nature-et-developpement.com\/bem\/produit\/liege-en-vrac-sac-de-250-litres-amorim-st-michelorge\/#primaryimage","url":"https:\/\/nature-et-developpement.com\/bem\/wp-content\/uploads\/sites\/17\/2021\/09\/Liege-en-vrac-sac-de-250L.jpg","contentUrl":"https:\/\/nature-et-developpement.com\/bem\/wp-content\/uploads\/sites\/17\/2021\/09\/Liege-en-vrac-sac-de-250L.jpg","width":1280,"height":1280},{"@type":"BreadcrumbList","@id":"https:\/\/nature-et-developpement.com\/bem\/produit\/liege-en-vrac-sac-de-250-litres-amorim-st-michelorge\/#breadcrumb","itemListElement":[{"@type":"ListItem","position":1,"name":"Accueil","item":"https:\/\/nature-et-developpement.com\/bem\/"},{"@type":"ListItem","position":2,"name":"Produits","item":"https:\/\/nature-et-developpement.com\/bem\/shop\/"},{"@type":"ListItem","position":3,"name":"Isolation et \u00e9tanch\u00e9it\u00e9","item":"https:\/\/nature-et-developpement.com\/bem\/produits\/isolation-et-etancheite\/"},{"@type":"ListItem","position":4,"name":"ISOLANTS ECOLOGIQUES","item":"https:\/\/nature-et-developpement.com\/bem\/produits\/isolation-et-etancheite\/isolant-naturel\/"},{"@type":"ListItem","position":5,"name":"Li\u00e8ge en vrac 250 litres (St Michel\/Orge)"}]},{"@type":"WebSite","@id":"https:\/\/nature-et-developpement.com\/bem\/#website","url":"https:\/\/nature-et-developpement.com\/bem\/","name":"Bien-\u00catre Mat\u00e9riaux","description":"Bien-Etre Mat\u00e9riaux est membre du groupement Nature &amp; D\u00e9veloppement","potentialAction":[{"@type":"SearchAction","target":{"@type":"EntryPoint","urlTemplate":"https:\/\/nature-et-developpement.com\/bem\/?s={search_term_string}"},"query-input":{"@type":"PropertyValueSpecification","valueRequired":true,"valueName":"search_term_string"}}],"inLanguage":"fr-FR"}]}},"distributor_meta":false,"distributor_terms":false,"distributor_media":false,"distributor_original_site_name":"Bien-\u00catre Mat\u00e9riaux","distributor_original_site_url":"https:\/\/nature-et-developpement.com\/bem","push-errors":false,"_links":{"self":[{"href":"https:\/\/nature-et-developpement.com\/bem\/wp-json\/wp\/v2\/product\/13432","targetHints":{"allow":["GET"]}}],"collection":[{"href":"https:\/\/nature-et-developpement.com\/bem\/wp-json\/wp\/v2\/product"}],"about":[{"href":"https:\/\/nature-et-developpement.com\/bem\/wp-json\/wp\/v2\/types\/product"}],"wp:featuredmedia":[{"embeddable":true,"href":"https:\/\/nature-et-developpement.com\/bem\/wp-json\/wp\/v2\/media\/14082"}],"wp:attachment":[{"href":"https:\/\/nature-et-developpement.com\/bem\/wp-json\/wp\/v2\/media?parent=13432"}],"wp:term":[{"taxonomy":"product_brand","embeddable":true,"href":"https:\/\/nature-et-developpement.com\/bem\/wp-json\/wp\/v2\/product_brand?post=13432"},{"taxonomy":"product_cat","embeddable":true,"href":"https:\/\/nature-et-developpement.com\/bem\/wp-json\/wp\/v2\/product_cat?post=13432"},{"taxonomy":"product_tag","embeddable":true,"href":"https:\/\/nature-et-developpement.com\/bem\/wp-json\/wp\/v2\/product_tag?post=13432"}],"curies":[{"name":"wp","href":"https:\/\/api.w.org\/{rel}","templated":true}]}}