{"id":13495,"date":"2019-12-05T08:33:24","date_gmt":"2019-12-05T07:33:24","guid":{"rendered":"https:\/\/nature-et-developpement.com\/bem\/produit\/enduit-pour-joint-st-michelorge\/"},"modified":"2026-02-12T10:48:37","modified_gmt":"2026-02-12T09:48:37","slug":"enduit-pour-joint-pour-plaque-fermacell-st-michel-orge","status":"publish","type":"product","link":"https:\/\/nature-et-developpement.com\/bem\/produit\/enduit-pour-joint-pour-plaque-fermacell-st-michel-orge\/","title":{"rendered":"Enduit pour joint pour plaque Fermacell (St Michel\/Orge)"},"content":{"rendered":"<h2><strong>Enduit pour joint Fermacell<\/strong><\/h2>\n<div class=\"content-block helper-overflow-hidden\">\n<p><strong>Enduit pour joint utilis\u00e9 pour :<\/strong><\/p>\n<ul>\n<li>le jointement des plaques Fermacell fibres-gypse \u00e0 bords amincis<\/li>\n<li>reboucher les surfaces apr\u00e8s la r\u00e9alisation du joint colle Fermacell<\/li>\n<\/ul>\n<p>Conditionnement\u00a0&#8211;\u00a0sac papier de 5kg<\/p>\n<p><strong>Consommation :<\/strong><\/p>\n<ul>\n<li>0,2 kg\/m\u00b2 pour plaques petit format et plaques bords amincis<\/li>\n<li>0,1 kg\/m\u00b2 pour plaques hauteur d&rsquo;\u00e9tage<\/li>\n<\/ul>\n<p>Application :<\/p>\n<ul>\n<li>Verser environ 1 kg d&rsquo;enduit pour joint Fermacell\u00a0dans environ 0,6 L d&rsquo;eau,<\/li>\n<li>Laisser reposer 2 \u00e0 5 minutes,<\/li>\n<li>Remuer de fa\u00e7on \u00e0 obtenir un m\u00e9lange sans grumaux,<\/li>\n<li>Si le m\u00e9lange est trop liquide, rajouter de l&rsquo;enduit pour joint,<\/li>\n<li>Le m\u00e9lange peut \u00eatre employ\u00e9 durant 35 minutes environ,<\/li>\n<\/ul>\n<\/div>\n<div class=\"content-block helper-overflow-hidden\">\n<h2><strong>Enduit pour joint Fermacell 4 heures<\/strong><\/h2>\n<p>Pour le remplissage des joints des plaques Fermacell \u00e0 bords amincis, en association avec une bande papier ou une bande arm\u00e9e pour plaque Fermacell \u00e0 bords amincis.<\/p>\n<p>La composition sp\u00e9cialement mise au point de l&rsquo;enduit permet de pouvoir l&rsquo;appliquer pendant 4 heures.<\/p>\n<p><strong>Conditionnement<\/strong>\u00a0&#8211; en sac de 20 kg<\/p>\n<p><strong>Consommation :\u00a0<\/strong>&#8211;\u00a00.35 kg\/m\u00b2<\/p>\n<p><strong>Application :<\/strong><\/p>\n<ul>\n<li>Verser environ 1 kg d&rsquo;enduit pour joint Fermacell 4 heures dans environ 0,42 L d&rsquo;eau,<\/li>\n<li>Laisser reposer 2 \u00e0 5 minutes,<\/li>\n<li>Remuer de fa\u00e7on \u00e0 obtenir un m\u00e9lange sans grumaux,<\/li>\n<li>Si le m\u00e9lange est trop liquide, rajouter de l&rsquo;enduit pour joint Fermacell 4 heures<\/li>\n<\/ul>\n<\/div>\n","protected":false},"excerpt":{"rendered":"<p>L\u2019enduit pour joint Fermacell est utilis\u00e9 pour le surfa\u00e7age des joints coll\u00e9s ou pour le traitement du joint dans le cas de plaques Fermacell \u00e0 bords amincis, o\u00f9 il est alors associ\u00e9 \u00e0 une bande (bande de papier renforc\u00e9e Fermacell ou bande arm\u00e9e pour plaque Fermacell \u00e0 bords amincis).<\/p>\n","protected":false},"featured_media":13493,"template":"","meta":[],"product_brand":[2733,8797],"product_cat":[242,8738,143],"product_tag":[],"class_list":{"0":"post-13495","1":"product","2":"type-product","3":"status-publish","4":"has-post-thumbnail","6":"product_brand-fermacell","7":"product_brand-produits-bem","8":"product_cat-accessoires-construction","9":"product_cat-demande-de-devis-uniquement-sans-prix","10":"product_cat-preparation-du-support","11":"product_shipping_class-petit-equipement","13":"first","14":"instock","15":"taxable","16":"shipping-taxable","17":"purchasable","18":"product-type-variable"},"yoast_head":"<!-- This site is optimized with the Yoast SEO plugin v27.5 - https:\/\/yoast.com\/product\/yoast-seo-wordpress\/ -->\n<title>Enduit pour joint pour plaque Fermacell (St Michel\/Orge)<\/title>\n<meta name=\"description\" content=\"L\u2019enduit pour joint Fermacell est utilis\u00e9 pour le surfa\u00e7age des joints coll\u00e9s ou pour le traitement du joint dans le cas de plaques Fermacell \u00e0 bords amincis, o\u00f9 il est alors associ\u00e9 \u00e0 une bande (bande de papier renforc\u00e9e Fermacell ou bande arm\u00e9e pour plaque Fermacell \u00e0 bords amincis).\" \/>\n<meta name=\"robots\" content=\"noindex, follow\" \/>\n<meta property=\"og:locale\" content=\"fr_FR\" \/>\n<meta property=\"og:type\" content=\"article\" \/>\n<meta property=\"og:title\" content=\"Enduit pour joint pour plaque Fermacell (St Michel\/Orge)\" \/>\n<meta property=\"og:description\" content=\"L\u2019enduit pour joint Fermacell est utilis\u00e9 pour le surfa\u00e7age des joints coll\u00e9s ou pour le traitement du joint dans le cas de plaques Fermacell \u00e0 bords amincis, o\u00f9 il est alors associ\u00e9 \u00e0 une bande (bande de papier renforc\u00e9e Fermacell ou bande arm\u00e9e pour plaque Fermacell \u00e0 bords amincis).\" \/>\n<meta property=\"og:url\" content=\"https:\/\/nature-et-developpement.com\/bem\/produit\/enduit-pour-joint-pour-plaque-fermacell-st-michel-orge\/\" \/>\n<meta property=\"og:site_name\" content=\"Bien-\u00catre Mat\u00e9riaux\" \/>\n<meta property=\"article:modified_time\" content=\"2026-02-12T09:48:37+00:00\" \/>\n<meta property=\"og:image\" content=\"https:\/\/nature-et-developpement.com\/bem\/wp-content\/uploads\/sites\/17\/2019\/12\/26140-Enduit-pour-joint.jpg\" \/>\n\t<meta property=\"og:image:width\" content=\"800\" \/>\n\t<meta property=\"og:image:height\" content=\"800\" \/>\n\t<meta property=\"og:image:type\" content=\"image\/jpeg\" \/>\n<meta name=\"twitter:card\" content=\"summary_large_image\" \/>\n<meta name=\"twitter:label1\" content=\"Dur\u00e9e de lecture estim\u00e9e\" \/>\n\t<meta name=\"twitter:data1\" content=\"1 minute\" \/>\n<script type=\"application\/ld+json\" class=\"yoast-schema-graph\">{\"@context\":\"https:\\\/\\\/schema.org\",\"@graph\":[{\"@type\":\"WebPage\",\"@id\":\"https:\\\/\\\/nature-et-developpement.com\\\/bem\\\/produit\\\/enduit-pour-joint-pour-plaque-fermacell-st-michel-orge\\\/\",\"url\":\"https:\\\/\\\/nature-et-developpement.com\\\/bem\\\/produit\\\/enduit-pour-joint-pour-plaque-fermacell-st-michel-orge\\\/\",\"name\":\"Enduit pour joint pour plaque Fermacell (St Michel\\\/Orge)\",\"isPartOf\":{\"@id\":\"https:\\\/\\\/nature-et-developpement.com\\\/bem\\\/#website\"},\"primaryImageOfPage\":{\"@id\":\"https:\\\/\\\/nature-et-developpement.com\\\/bem\\\/produit\\\/enduit-pour-joint-pour-plaque-fermacell-st-michel-orge\\\/#primaryimage\"},\"image\":{\"@id\":\"https:\\\/\\\/nature-et-developpement.com\\\/bem\\\/produit\\\/enduit-pour-joint-pour-plaque-fermacell-st-michel-orge\\\/#primaryimage\"},\"thumbnailUrl\":\"https:\\\/\\\/nature-et-developpement.com\\\/bem\\\/wp-content\\\/uploads\\\/sites\\\/17\\\/2019\\\/12\\\/26140-Enduit-pour-joint.jpg\",\"datePublished\":\"2019-12-05T07:33:24+00:00\",\"dateModified\":\"2026-02-12T09:48:37+00:00\",\"description\":\"L\u2019enduit pour joint Fermacell est utilis\u00e9 pour le surfa\u00e7age des joints coll\u00e9s ou pour le traitement du joint dans le cas de plaques Fermacell \u00e0 bords amincis, o\u00f9 il est alors associ\u00e9 \u00e0 une bande (bande de papier renforc\u00e9e Fermacell ou bande arm\u00e9e pour plaque Fermacell \u00e0 bords amincis).\",\"breadcrumb\":{\"@id\":\"https:\\\/\\\/nature-et-developpement.com\\\/bem\\\/produit\\\/enduit-pour-joint-pour-plaque-fermacell-st-michel-orge\\\/#breadcrumb\"},\"inLanguage\":\"fr-FR\",\"potentialAction\":[{\"@type\":\"ReadAction\",\"target\":[\"https:\\\/\\\/nature-et-developpement.com\\\/bem\\\/produit\\\/enduit-pour-joint-pour-plaque-fermacell-st-michel-orge\\\/\"]}]},{\"@type\":\"ImageObject\",\"inLanguage\":\"fr-FR\",\"@id\":\"https:\\\/\\\/nature-et-developpement.com\\\/bem\\\/produit\\\/enduit-pour-joint-pour-plaque-fermacell-st-michel-orge\\\/#primaryimage\",\"url\":\"https:\\\/\\\/nature-et-developpement.com\\\/bem\\\/wp-content\\\/uploads\\\/sites\\\/17\\\/2019\\\/12\\\/26140-Enduit-pour-joint.jpg\",\"contentUrl\":\"https:\\\/\\\/nature-et-developpement.com\\\/bem\\\/wp-content\\\/uploads\\\/sites\\\/17\\\/2019\\\/12\\\/26140-Enduit-pour-joint.jpg\",\"width\":800,\"height\":800,\"caption\":\"Enduit pour joint\"},{\"@type\":\"BreadcrumbList\",\"@id\":\"https:\\\/\\\/nature-et-developpement.com\\\/bem\\\/produit\\\/enduit-pour-joint-pour-plaque-fermacell-st-michel-orge\\\/#breadcrumb\",\"itemListElement\":[{\"@type\":\"ListItem\",\"position\":1,\"name\":\"Accueil\",\"item\":\"https:\\\/\\\/nature-et-developpement.com\\\/bem\\\/\"},{\"@type\":\"ListItem\",\"position\":2,\"name\":\"Produits\",\"item\":\"https:\\\/\\\/nature-et-developpement.com\\\/bem\\\/shop\\\/\"},{\"@type\":\"ListItem\",\"position\":3,\"name\":\"Construction, cloison et fen\u00eatres\",\"item\":\"https:\\\/\\\/nature-et-developpement.com\\\/bem\\\/produits\\\/construction\\\/\"},{\"@type\":\"ListItem\",\"position\":4,\"name\":\"Accessoires construction\",\"item\":\"https:\\\/\\\/nature-et-developpement.com\\\/bem\\\/produits\\\/construction\\\/accessoires-construction\\\/\"},{\"@type\":\"ListItem\",\"position\":5,\"name\":\"Enduit pour joint pour plaque Fermacell (St Michel\\\/Orge)\"}]},{\"@type\":\"WebSite\",\"@id\":\"https:\\\/\\\/nature-et-developpement.com\\\/bem\\\/#website\",\"url\":\"https:\\\/\\\/nature-et-developpement.com\\\/bem\\\/\",\"name\":\"Bien-\u00catre Mat\u00e9riaux\",\"description\":\"Bien-Etre Mat\u00e9riaux est membre du groupement Nature &amp; D\u00e9veloppement\",\"potentialAction\":[{\"@type\":\"SearchAction\",\"target\":{\"@type\":\"EntryPoint\",\"urlTemplate\":\"https:\\\/\\\/nature-et-developpement.com\\\/bem\\\/?s={search_term_string}\"},\"query-input\":{\"@type\":\"PropertyValueSpecification\",\"valueRequired\":true,\"valueName\":\"search_term_string\"}}],\"inLanguage\":\"fr-FR\"}]}<\/script>\n<!-- \/ Yoast SEO plugin. -->","yoast_head_json":{"title":"Enduit pour joint pour plaque Fermacell (St Michel\/Orge)","description":"L\u2019enduit pour joint Fermacell est utilis\u00e9 pour le surfa\u00e7age des joints coll\u00e9s ou pour le traitement du joint dans le cas de plaques Fermacell \u00e0 bords amincis, o\u00f9 il est alors associ\u00e9 \u00e0 une bande (bande de papier renforc\u00e9e Fermacell ou bande arm\u00e9e pour plaque Fermacell \u00e0 bords amincis).","robots":{"index":"noindex","follow":"follow"},"og_locale":"fr_FR","og_type":"article","og_title":"Enduit pour joint pour plaque Fermacell (St Michel\/Orge)","og_description":"L\u2019enduit pour joint Fermacell est utilis\u00e9 pour le surfa\u00e7age des joints coll\u00e9s ou pour le traitement du joint dans le cas de plaques Fermacell \u00e0 bords amincis, o\u00f9 il est alors associ\u00e9 \u00e0 une bande (bande de papier renforc\u00e9e Fermacell ou bande arm\u00e9e pour plaque Fermacell \u00e0 bords amincis).","og_url":"https:\/\/nature-et-developpement.com\/bem\/produit\/enduit-pour-joint-pour-plaque-fermacell-st-michel-orge\/","og_site_name":"Bien-\u00catre Mat\u00e9riaux","article_modified_time":"2026-02-12T09:48:37+00:00","og_image":[{"width":800,"height":800,"url":"https:\/\/nature-et-developpement.com\/bem\/wp-content\/uploads\/sites\/17\/2019\/12\/26140-Enduit-pour-joint.jpg","type":"image\/jpeg"}],"twitter_card":"summary_large_image","twitter_misc":{"Dur\u00e9e de lecture estim\u00e9e":"1 minute"},"schema":{"@context":"https:\/\/schema.org","@graph":[{"@type":"WebPage","@id":"https:\/\/nature-et-developpement.com\/bem\/produit\/enduit-pour-joint-pour-plaque-fermacell-st-michel-orge\/","url":"https:\/\/nature-et-developpement.com\/bem\/produit\/enduit-pour-joint-pour-plaque-fermacell-st-michel-orge\/","name":"Enduit pour joint pour plaque Fermacell (St Michel\/Orge)","isPartOf":{"@id":"https:\/\/nature-et-developpement.com\/bem\/#website"},"primaryImageOfPage":{"@id":"https:\/\/nature-et-developpement.com\/bem\/produit\/enduit-pour-joint-pour-plaque-fermacell-st-michel-orge\/#primaryimage"},"image":{"@id":"https:\/\/nature-et-developpement.com\/bem\/produit\/enduit-pour-joint-pour-plaque-fermacell-st-michel-orge\/#primaryimage"},"thumbnailUrl":"https:\/\/nature-et-developpement.com\/bem\/wp-content\/uploads\/sites\/17\/2019\/12\/26140-Enduit-pour-joint.jpg","datePublished":"2019-12-05T07:33:24+00:00","dateModified":"2026-02-12T09:48:37+00:00","description":"L\u2019enduit pour joint Fermacell est utilis\u00e9 pour le surfa\u00e7age des joints coll\u00e9s ou pour le traitement du joint dans le cas de plaques Fermacell \u00e0 bords amincis, o\u00f9 il est alors associ\u00e9 \u00e0 une bande (bande de papier renforc\u00e9e Fermacell ou bande arm\u00e9e pour plaque Fermacell \u00e0 bords amincis).","breadcrumb":{"@id":"https:\/\/nature-et-developpement.com\/bem\/produit\/enduit-pour-joint-pour-plaque-fermacell-st-michel-orge\/#breadcrumb"},"inLanguage":"fr-FR","potentialAction":[{"@type":"ReadAction","target":["https:\/\/nature-et-developpement.com\/bem\/produit\/enduit-pour-joint-pour-plaque-fermacell-st-michel-orge\/"]}]},{"@type":"ImageObject","inLanguage":"fr-FR","@id":"https:\/\/nature-et-developpement.com\/bem\/produit\/enduit-pour-joint-pour-plaque-fermacell-st-michel-orge\/#primaryimage","url":"https:\/\/nature-et-developpement.com\/bem\/wp-content\/uploads\/sites\/17\/2019\/12\/26140-Enduit-pour-joint.jpg","contentUrl":"https:\/\/nature-et-developpement.com\/bem\/wp-content\/uploads\/sites\/17\/2019\/12\/26140-Enduit-pour-joint.jpg","width":800,"height":800,"caption":"Enduit pour joint"},{"@type":"BreadcrumbList","@id":"https:\/\/nature-et-developpement.com\/bem\/produit\/enduit-pour-joint-pour-plaque-fermacell-st-michel-orge\/#breadcrumb","itemListElement":[{"@type":"ListItem","position":1,"name":"Accueil","item":"https:\/\/nature-et-developpement.com\/bem\/"},{"@type":"ListItem","position":2,"name":"Produits","item":"https:\/\/nature-et-developpement.com\/bem\/shop\/"},{"@type":"ListItem","position":3,"name":"Construction, cloison et fen\u00eatres","item":"https:\/\/nature-et-developpement.com\/bem\/produits\/construction\/"},{"@type":"ListItem","position":4,"name":"Accessoires construction","item":"https:\/\/nature-et-developpement.com\/bem\/produits\/construction\/accessoires-construction\/"},{"@type":"ListItem","position":5,"name":"Enduit pour joint pour plaque Fermacell (St Michel\/Orge)"}]},{"@type":"WebSite","@id":"https:\/\/nature-et-developpement.com\/bem\/#website","url":"https:\/\/nature-et-developpement.com\/bem\/","name":"Bien-\u00catre Mat\u00e9riaux","description":"Bien-Etre Mat\u00e9riaux est membre du groupement Nature &amp; D\u00e9veloppement","potentialAction":[{"@type":"SearchAction","target":{"@type":"EntryPoint","urlTemplate":"https:\/\/nature-et-developpement.com\/bem\/?s={search_term_string}"},"query-input":{"@type":"PropertyValueSpecification","valueRequired":true,"valueName":"search_term_string"}}],"inLanguage":"fr-FR"}]}},"distributor_meta":false,"distributor_terms":false,"distributor_media":false,"distributor_original_site_name":"Bien-\u00catre Mat\u00e9riaux","distributor_original_site_url":"https:\/\/nature-et-developpement.com\/bem","push-errors":false,"_links":{"self":[{"href":"https:\/\/nature-et-developpement.com\/bem\/wp-json\/wp\/v2\/product\/13495","targetHints":{"allow":["GET"]}}],"collection":[{"href":"https:\/\/nature-et-developpement.com\/bem\/wp-json\/wp\/v2\/product"}],"about":[{"href":"https:\/\/nature-et-developpement.com\/bem\/wp-json\/wp\/v2\/types\/product"}],"wp:featuredmedia":[{"embeddable":true,"href":"https:\/\/nature-et-developpement.com\/bem\/wp-json\/wp\/v2\/media\/13493"}],"wp:attachment":[{"href":"https:\/\/nature-et-developpement.com\/bem\/wp-json\/wp\/v2\/media?parent=13495"}],"wp:term":[{"taxonomy":"product_brand","embeddable":true,"href":"https:\/\/nature-et-developpement.com\/bem\/wp-json\/wp\/v2\/product_brand?post=13495"},{"taxonomy":"product_cat","embeddable":true,"href":"https:\/\/nature-et-developpement.com\/bem\/wp-json\/wp\/v2\/product_cat?post=13495"},{"taxonomy":"product_tag","embeddable":true,"href":"https:\/\/nature-et-developpement.com\/bem\/wp-json\/wp\/v2\/product_tag?post=13495"}],"curies":[{"name":"wp","href":"https:\/\/api.w.org\/{rel}","templated":true}]}}