{"id":13499,"date":"2019-12-05T08:33:25","date_gmt":"2019-12-05T07:33:25","guid":{"rendered":"https:\/\/nature-et-developpement.com\/bem\/produit\/enduit-de-lissage-fermacell-st-michelorge\/"},"modified":"2026-02-12T10:48:37","modified_gmt":"2026-02-12T09:48:37","slug":"enduit-de-lissage-fermacell-st-michelorge","status":"publish","type":"product","link":"https:\/\/nature-et-developpement.com\/bem\/produit\/enduit-de-lissage-fermacell-st-michelorge\/","title":{"rendered":"Enduit de lissage FERMACELL (St Michel\/Orge)"},"content":{"rendered":"<p>L\u2019enduit de lissage Fermacell, est un enduit en dispersion pr\u00eat \u00e0 l\u2019emploi, l\u00e9ger et destin\u00e9 au lissage universel des parois et des plafonds int\u00e9rieurs constitu\u00e9s de plaques Fermacell fibres-gypse. Il permet de r\u00e9aliser des surfaces lisses et homog\u00e8nes convenant comme support de peintures.<\/p>\n<p>\u00c9galement disponible chez notre stockiste en version adapt\u00e9e pour plaques Fermacell Powerpanel en seau de 10l\/12kg au prix de 54,47\u20ac TTC<\/p>\n<h4><span style=\"text-decoration: underline\">Application<\/span> :<\/h4>\n<p>1- La surface doit \u00eatre propre et s\u00e8che.<\/p>\n<p>2- La temp\u00e9rature de l\u2019air et du produit doit \u00eatre &gt; \u00e0 5\u00b0C.<\/p>\n<p>3- Appliquer le produit par couches &lt; \u00e0 0,5 mm \u00e0 l\u2019aide d\u2019une spatule.<\/p>\n<p>4- Durant la pose, le port d\u2019un masque, de gants et de lunettes de protection est obligatoire.<\/p>\n<p>5- Le temps de s\u00e9chage d\u00e9pend du type de parois, de l\u2019\u00e9paisseur d\u2019enduit, de la temp\u00e9rature et de l\u2019humidit\u00e9.<\/p>\n<p>Consommation\u00a0: Lissage des joints 100 g\/m\u00b2 environ. Surfa\u00e7age 200 g\/m\u00b2 environ<\/p>\n<h4><span style=\"text-decoration: underline\"><strong>Les plus<\/strong><\/span> <strong>:<\/strong><\/h4>\n<p>Usage multiple : \u00e9galement appropri\u00e9 pour la mise en \u0153uvre sur d\u2019autres supports tels que le pl\u00e2tre cartonn\u00e9, le b\u00e9ton, le b\u00e9ton cellulaire, la ma\u00e7onnerie\u2026<\/p>\n<p>Propri\u00e9t\u00e9s :<\/p>\n<ul>\n<li>Surface de grande qualit\u00e9 avec une couche de faible \u00e9paisseur, travaux de pon\u00e7age limit\u00e9s<\/li>\n<li>Mise en oeuvre rapide, \u00e9conomique et facile<\/li>\n<li>Domaines d&rsquo;application universels<\/li>\n<li>Ne contient ni solvants ni plastifiants<\/li>\n<\/ul>\n","protected":false},"excerpt":{"rendered":"<p>&#8211; Pr\u00eat \u00e0 l\u2019emploi<br \/>\n&#8211; Facile \u00e0 poser<br \/>\n&#8211; Finition de haute qualit\u00e9<br \/>\n&#8211; Ouvert \u00e0 la diffusion<\/p>\n","protected":false},"featured_media":13498,"template":"","meta":[],"product_brand":[2733,8797],"product_cat":[242,8738,143],"product_tag":[],"class_list":{"0":"post-13499","1":"product","2":"type-product","3":"status-publish","4":"has-post-thumbnail","6":"product_brand-fermacell","7":"product_brand-produits-bem","8":"product_cat-accessoires-construction","9":"product_cat-demande-de-devis-uniquement-sans-prix","10":"product_cat-preparation-du-support","12":"first","13":"instock","14":"taxable","15":"shipping-taxable","16":"purchasable","17":"product-type-variable"},"yoast_head":"<!-- This site is optimized with the Yoast SEO plugin v27.5 - https:\/\/yoast.com\/product\/yoast-seo-wordpress\/ -->\n<title>Enduit de lissage FERMACELL (St Michel\/Orge)<\/title>\n<meta name=\"description\" content=\"- Pr\u00eat \u00e0 l\u2019emploi - Facile \u00e0 poser - Finition de haute qualit\u00e9 - Ouvert \u00e0 la diffusion\" \/>\n<meta name=\"robots\" content=\"noindex, follow\" \/>\n<meta property=\"og:locale\" content=\"fr_FR\" \/>\n<meta property=\"og:type\" content=\"article\" \/>\n<meta property=\"og:title\" content=\"Enduit de lissage FERMACELL (St Michel\/Orge)\" \/>\n<meta property=\"og:description\" content=\"- Pr\u00eat \u00e0 l\u2019emploi - Facile \u00e0 poser - Finition de haute qualit\u00e9 - Ouvert \u00e0 la diffusion\" \/>\n<meta property=\"og:url\" content=\"https:\/\/nature-et-developpement.com\/bem\/produit\/enduit-de-lissage-fermacell-st-michelorge\/\" \/>\n<meta property=\"og:site_name\" content=\"Bien-\u00catre Mat\u00e9riaux\" \/>\n<meta property=\"article:modified_time\" content=\"2026-02-12T09:48:37+00:00\" \/>\n<meta property=\"og:image\" content=\"https:\/\/nature-et-developpement.com\/bem\/wp-content\/uploads\/sites\/17\/2019\/12\/26141-Enduit-de-lissage.jpg\" \/>\n\t<meta property=\"og:image:width\" content=\"800\" \/>\n\t<meta property=\"og:image:height\" content=\"800\" \/>\n\t<meta property=\"og:image:type\" content=\"image\/jpeg\" \/>\n<meta name=\"twitter:card\" content=\"summary_large_image\" \/>\n<meta name=\"twitter:label1\" content=\"Dur\u00e9e de lecture estim\u00e9e\" \/>\n\t<meta name=\"twitter:data1\" content=\"1 minute\" \/>\n<script type=\"application\/ld+json\" class=\"yoast-schema-graph\">{\"@context\":\"https:\\\/\\\/schema.org\",\"@graph\":[{\"@type\":\"WebPage\",\"@id\":\"https:\\\/\\\/nature-et-developpement.com\\\/bem\\\/produit\\\/enduit-de-lissage-fermacell-st-michelorge\\\/\",\"url\":\"https:\\\/\\\/nature-et-developpement.com\\\/bem\\\/produit\\\/enduit-de-lissage-fermacell-st-michelorge\\\/\",\"name\":\"Enduit de lissage FERMACELL (St Michel\\\/Orge)\",\"isPartOf\":{\"@id\":\"https:\\\/\\\/nature-et-developpement.com\\\/bem\\\/#website\"},\"primaryImageOfPage\":{\"@id\":\"https:\\\/\\\/nature-et-developpement.com\\\/bem\\\/produit\\\/enduit-de-lissage-fermacell-st-michelorge\\\/#primaryimage\"},\"image\":{\"@id\":\"https:\\\/\\\/nature-et-developpement.com\\\/bem\\\/produit\\\/enduit-de-lissage-fermacell-st-michelorge\\\/#primaryimage\"},\"thumbnailUrl\":\"https:\\\/\\\/nature-et-developpement.com\\\/bem\\\/wp-content\\\/uploads\\\/sites\\\/17\\\/2019\\\/12\\\/26141-Enduit-de-lissage.jpg\",\"datePublished\":\"2019-12-05T07:33:25+00:00\",\"dateModified\":\"2026-02-12T09:48:37+00:00\",\"description\":\"- Pr\u00eat \u00e0 l\u2019emploi - Facile \u00e0 poser - Finition de haute qualit\u00e9 - Ouvert \u00e0 la diffusion\",\"breadcrumb\":{\"@id\":\"https:\\\/\\\/nature-et-developpement.com\\\/bem\\\/produit\\\/enduit-de-lissage-fermacell-st-michelorge\\\/#breadcrumb\"},\"inLanguage\":\"fr-FR\",\"potentialAction\":[{\"@type\":\"ReadAction\",\"target\":[\"https:\\\/\\\/nature-et-developpement.com\\\/bem\\\/produit\\\/enduit-de-lissage-fermacell-st-michelorge\\\/\"]}]},{\"@type\":\"ImageObject\",\"inLanguage\":\"fr-FR\",\"@id\":\"https:\\\/\\\/nature-et-developpement.com\\\/bem\\\/produit\\\/enduit-de-lissage-fermacell-st-michelorge\\\/#primaryimage\",\"url\":\"https:\\\/\\\/nature-et-developpement.com\\\/bem\\\/wp-content\\\/uploads\\\/sites\\\/17\\\/2019\\\/12\\\/26141-Enduit-de-lissage.jpg\",\"contentUrl\":\"https:\\\/\\\/nature-et-developpement.com\\\/bem\\\/wp-content\\\/uploads\\\/sites\\\/17\\\/2019\\\/12\\\/26141-Enduit-de-lissage.jpg\",\"width\":800,\"height\":800,\"caption\":\"Enduit de lissage\"},{\"@type\":\"BreadcrumbList\",\"@id\":\"https:\\\/\\\/nature-et-developpement.com\\\/bem\\\/produit\\\/enduit-de-lissage-fermacell-st-michelorge\\\/#breadcrumb\",\"itemListElement\":[{\"@type\":\"ListItem\",\"position\":1,\"name\":\"Accueil\",\"item\":\"https:\\\/\\\/nature-et-developpement.com\\\/bem\\\/\"},{\"@type\":\"ListItem\",\"position\":2,\"name\":\"Produits\",\"item\":\"https:\\\/\\\/nature-et-developpement.com\\\/bem\\\/shop\\\/\"},{\"@type\":\"ListItem\",\"position\":3,\"name\":\"Construction, cloison et fen\u00eatres\",\"item\":\"https:\\\/\\\/nature-et-developpement.com\\\/bem\\\/produits\\\/construction\\\/\"},{\"@type\":\"ListItem\",\"position\":4,\"name\":\"Accessoires construction\",\"item\":\"https:\\\/\\\/nature-et-developpement.com\\\/bem\\\/produits\\\/construction\\\/accessoires-construction\\\/\"},{\"@type\":\"ListItem\",\"position\":5,\"name\":\"Enduit de lissage FERMACELL (St Michel\\\/Orge)\"}]},{\"@type\":\"WebSite\",\"@id\":\"https:\\\/\\\/nature-et-developpement.com\\\/bem\\\/#website\",\"url\":\"https:\\\/\\\/nature-et-developpement.com\\\/bem\\\/\",\"name\":\"Bien-\u00catre Mat\u00e9riaux\",\"description\":\"Bien-Etre Mat\u00e9riaux est membre du groupement Nature &amp; D\u00e9veloppement\",\"potentialAction\":[{\"@type\":\"SearchAction\",\"target\":{\"@type\":\"EntryPoint\",\"urlTemplate\":\"https:\\\/\\\/nature-et-developpement.com\\\/bem\\\/?s={search_term_string}\"},\"query-input\":{\"@type\":\"PropertyValueSpecification\",\"valueRequired\":true,\"valueName\":\"search_term_string\"}}],\"inLanguage\":\"fr-FR\"}]}<\/script>\n<!-- \/ Yoast SEO plugin. -->","yoast_head_json":{"title":"Enduit de lissage FERMACELL (St Michel\/Orge)","description":"- Pr\u00eat \u00e0 l\u2019emploi - Facile \u00e0 poser - Finition de haute qualit\u00e9 - Ouvert \u00e0 la diffusion","robots":{"index":"noindex","follow":"follow"},"og_locale":"fr_FR","og_type":"article","og_title":"Enduit de lissage FERMACELL (St Michel\/Orge)","og_description":"- Pr\u00eat \u00e0 l\u2019emploi - Facile \u00e0 poser - Finition de haute qualit\u00e9 - Ouvert \u00e0 la diffusion","og_url":"https:\/\/nature-et-developpement.com\/bem\/produit\/enduit-de-lissage-fermacell-st-michelorge\/","og_site_name":"Bien-\u00catre Mat\u00e9riaux","article_modified_time":"2026-02-12T09:48:37+00:00","og_image":[{"width":800,"height":800,"url":"https:\/\/nature-et-developpement.com\/bem\/wp-content\/uploads\/sites\/17\/2019\/12\/26141-Enduit-de-lissage.jpg","type":"image\/jpeg"}],"twitter_card":"summary_large_image","twitter_misc":{"Dur\u00e9e de lecture estim\u00e9e":"1 minute"},"schema":{"@context":"https:\/\/schema.org","@graph":[{"@type":"WebPage","@id":"https:\/\/nature-et-developpement.com\/bem\/produit\/enduit-de-lissage-fermacell-st-michelorge\/","url":"https:\/\/nature-et-developpement.com\/bem\/produit\/enduit-de-lissage-fermacell-st-michelorge\/","name":"Enduit de lissage FERMACELL (St Michel\/Orge)","isPartOf":{"@id":"https:\/\/nature-et-developpement.com\/bem\/#website"},"primaryImageOfPage":{"@id":"https:\/\/nature-et-developpement.com\/bem\/produit\/enduit-de-lissage-fermacell-st-michelorge\/#primaryimage"},"image":{"@id":"https:\/\/nature-et-developpement.com\/bem\/produit\/enduit-de-lissage-fermacell-st-michelorge\/#primaryimage"},"thumbnailUrl":"https:\/\/nature-et-developpement.com\/bem\/wp-content\/uploads\/sites\/17\/2019\/12\/26141-Enduit-de-lissage.jpg","datePublished":"2019-12-05T07:33:25+00:00","dateModified":"2026-02-12T09:48:37+00:00","description":"- Pr\u00eat \u00e0 l\u2019emploi - Facile \u00e0 poser - Finition de haute qualit\u00e9 - Ouvert \u00e0 la diffusion","breadcrumb":{"@id":"https:\/\/nature-et-developpement.com\/bem\/produit\/enduit-de-lissage-fermacell-st-michelorge\/#breadcrumb"},"inLanguage":"fr-FR","potentialAction":[{"@type":"ReadAction","target":["https:\/\/nature-et-developpement.com\/bem\/produit\/enduit-de-lissage-fermacell-st-michelorge\/"]}]},{"@type":"ImageObject","inLanguage":"fr-FR","@id":"https:\/\/nature-et-developpement.com\/bem\/produit\/enduit-de-lissage-fermacell-st-michelorge\/#primaryimage","url":"https:\/\/nature-et-developpement.com\/bem\/wp-content\/uploads\/sites\/17\/2019\/12\/26141-Enduit-de-lissage.jpg","contentUrl":"https:\/\/nature-et-developpement.com\/bem\/wp-content\/uploads\/sites\/17\/2019\/12\/26141-Enduit-de-lissage.jpg","width":800,"height":800,"caption":"Enduit de lissage"},{"@type":"BreadcrumbList","@id":"https:\/\/nature-et-developpement.com\/bem\/produit\/enduit-de-lissage-fermacell-st-michelorge\/#breadcrumb","itemListElement":[{"@type":"ListItem","position":1,"name":"Accueil","item":"https:\/\/nature-et-developpement.com\/bem\/"},{"@type":"ListItem","position":2,"name":"Produits","item":"https:\/\/nature-et-developpement.com\/bem\/shop\/"},{"@type":"ListItem","position":3,"name":"Construction, cloison et fen\u00eatres","item":"https:\/\/nature-et-developpement.com\/bem\/produits\/construction\/"},{"@type":"ListItem","position":4,"name":"Accessoires construction","item":"https:\/\/nature-et-developpement.com\/bem\/produits\/construction\/accessoires-construction\/"},{"@type":"ListItem","position":5,"name":"Enduit de lissage FERMACELL (St Michel\/Orge)"}]},{"@type":"WebSite","@id":"https:\/\/nature-et-developpement.com\/bem\/#website","url":"https:\/\/nature-et-developpement.com\/bem\/","name":"Bien-\u00catre Mat\u00e9riaux","description":"Bien-Etre Mat\u00e9riaux est membre du groupement Nature &amp; D\u00e9veloppement","potentialAction":[{"@type":"SearchAction","target":{"@type":"EntryPoint","urlTemplate":"https:\/\/nature-et-developpement.com\/bem\/?s={search_term_string}"},"query-input":{"@type":"PropertyValueSpecification","valueRequired":true,"valueName":"search_term_string"}}],"inLanguage":"fr-FR"}]}},"distributor_meta":false,"distributor_terms":false,"distributor_media":false,"distributor_original_site_name":"Bien-\u00catre Mat\u00e9riaux","distributor_original_site_url":"https:\/\/nature-et-developpement.com\/bem","push-errors":false,"_links":{"self":[{"href":"https:\/\/nature-et-developpement.com\/bem\/wp-json\/wp\/v2\/product\/13499","targetHints":{"allow":["GET"]}}],"collection":[{"href":"https:\/\/nature-et-developpement.com\/bem\/wp-json\/wp\/v2\/product"}],"about":[{"href":"https:\/\/nature-et-developpement.com\/bem\/wp-json\/wp\/v2\/types\/product"}],"wp:featuredmedia":[{"embeddable":true,"href":"https:\/\/nature-et-developpement.com\/bem\/wp-json\/wp\/v2\/media\/13498"}],"wp:attachment":[{"href":"https:\/\/nature-et-developpement.com\/bem\/wp-json\/wp\/v2\/media?parent=13499"}],"wp:term":[{"taxonomy":"product_brand","embeddable":true,"href":"https:\/\/nature-et-developpement.com\/bem\/wp-json\/wp\/v2\/product_brand?post=13499"},{"taxonomy":"product_cat","embeddable":true,"href":"https:\/\/nature-et-developpement.com\/bem\/wp-json\/wp\/v2\/product_cat?post=13499"},{"taxonomy":"product_tag","embeddable":true,"href":"https:\/\/nature-et-developpement.com\/bem\/wp-json\/wp\/v2\/product_tag?post=13499"}],"curies":[{"name":"wp","href":"https:\/\/api.w.org\/{rel}","templated":true}]}}