{"id":13516,"date":"2019-12-05T08:34:42","date_gmt":"2019-12-05T07:34:42","guid":{"rendered":"https:\/\/nature-et-developpement.com\/bem\/produit\/isolant-thermique-en-vrac-perlite-a1-fermacell-st-michelorge\/"},"modified":"2026-02-12T10:48:36","modified_gmt":"2026-02-12T09:48:36","slug":"isolant-thermique-en-vrac-perlite-a1-fermacell-st-michelorge","status":"publish","type":"product","link":"https:\/\/nature-et-developpement.com\/bem\/produit\/isolant-thermique-en-vrac-perlite-a1-fermacell-st-michelorge\/","title":{"rendered":"Isolant Thermique en vrac perlite A1 FERMACELL (St Michel\/Orge)"},"content":{"rendered":"<p>L\u2019isolation thermique en vrac Fermacell est id\u00e9ale pour l\u2019isolation compl\u00e8te d\u2019espaces creux tels que : poutraisons, toitures, cloisons.<\/p>\n<p>Elle est compos\u00e9e de perlite naturelle, adapt\u00e9e pour les constructions neuves et les r\u00e9novations.<\/p>\n<p><strong>Domaines d\u2019application<\/strong><br \/>\n\uf0a7Planchers dans le neuf et la r\u00e9novation<\/p>\n<p>\uf0a7Toitures, pans de toit<\/p>\n<p>\uf0a7Cloisons<\/p>\n<p>\uf0a7Ne convient pas pour l\u2019\u00e9galisation d\u2019un plancher<\/p>\n<p>Application<br \/>\n1-Rev\u00eatir les poutres et les caissons avec un voile anti-fluage.<br \/>\n2-\u00c9pandre l\u2019isolation en vrac entre les poutres.<br \/>\n3-\u00c9galiser l\u2019isolation au ras des solives \u2013 Ne pas marcher sur l\u2019isolation.<br \/>\n4-Recouvrir les surfaces avec un plancher bois ou un panneau pr\u00eat \u00e0 la pose fix\u00e9 dans les poutres.<\/p>\n<p>&nbsp;<\/p>\n<p><strong><span style=\"text-decoration: underline\">Les plus<\/span> :<br \/>\n<\/strong><\/p>\n<p>-Incombustible, A1 selon la norme 13501-1<\/p>\n<p>-Tr\u00e8s l\u00e9ger<\/p>\n<p>-Ouvert \u00e0 la diffusion<\/p>\n<p>-Granule sec, pas d\u2019apport d\u2019humidit\u00e9<\/p>\n<p>-Ecologique, compos\u00e9 de perlite<\/p>\n<p>-Imputrescible, r\u00e9siste aux rongeurs et insectes<\/p>\n","protected":false},"excerpt":{"rendered":"<p>L&rsquo;isolant thermique en vrac Fermacell est id\u00e9al pour l&rsquo;isolation compl\u00e8te d&rsquo;espaces creux tels que : poutraisons, toitures, cloisons, \u00e9cart au feu des conduits de chemin\u00e9e.<\/p>\n<p>Il est compos\u00e9e de perlite naturelle, incombustible, adapt\u00e9e pour les constructions neuves et les r\u00e9novations.<\/p>\n","protected":false},"featured_media":13515,"template":"","meta":[],"product_brand":[2733,8797],"product_cat":[8738,83],"product_tag":[],"class_list":{"0":"post-13516","1":"product","2":"type-product","3":"status-publish","4":"has-post-thumbnail","6":"product_brand-fermacell","7":"product_brand-produits-bem","8":"product_cat-demande-de-devis-uniquement-sans-prix","9":"product_cat-isolants-ecologiques","11":"first","12":"instock","13":"taxable","14":"shipping-taxable","15":"purchasable","16":"product-type-simple"},"yoast_head":"<!-- This site is optimized with the Yoast SEO plugin v27.5 - https:\/\/yoast.com\/product\/yoast-seo-wordpress\/ -->\n<title>Isolant Thermique en vrac perlite A1 FERMACELL (St Michel\/Orge)<\/title>\n<meta name=\"description\" content=\"L&#039;isolant thermique en vrac Fermacell est id\u00e9al pour l&#039;isolation compl\u00e8te d&#039;espaces creux tels que : poutraisons, toitures, cloisons, \u00e9cart au feu des conduits de chemin\u00e9e.  Il est compos\u00e9e de perlite naturelle, incombustible, adapt\u00e9e pour les constructions neuves et les r\u00e9novations.\" \/>\n<meta name=\"robots\" content=\"noindex, follow\" \/>\n<meta property=\"og:locale\" content=\"fr_FR\" \/>\n<meta property=\"og:type\" content=\"article\" \/>\n<meta property=\"og:title\" content=\"Isolant Thermique en vrac perlite A1 FERMACELL (St Michel\/Orge)\" \/>\n<meta property=\"og:description\" content=\"L&#039;isolant thermique en vrac Fermacell est id\u00e9al pour l&#039;isolation compl\u00e8te d&#039;espaces creux tels que : poutraisons, toitures, cloisons, \u00e9cart au feu des conduits de chemin\u00e9e.  Il est compos\u00e9e de perlite naturelle, incombustible, adapt\u00e9e pour les constructions neuves et les r\u00e9novations.\" \/>\n<meta property=\"og:url\" content=\"https:\/\/nature-et-developpement.com\/bem\/produit\/isolant-thermique-en-vrac-perlite-a1-fermacell-st-michelorge\/\" \/>\n<meta property=\"og:site_name\" content=\"Bien-\u00catre Mat\u00e9riaux\" \/>\n<meta property=\"article:modified_time\" content=\"2026-02-12T09:48:36+00:00\" \/>\n<meta property=\"og:image\" content=\"https:\/\/nature-et-developpement.com\/bem\/wp-content\/uploads\/sites\/17\/2019\/12\/26146-Isolant-Thermique-en-vrac.jpg\" \/>\n\t<meta property=\"og:image:width\" content=\"800\" \/>\n\t<meta property=\"og:image:height\" content=\"800\" \/>\n\t<meta property=\"og:image:type\" content=\"image\/jpeg\" \/>\n<meta name=\"twitter:card\" content=\"summary_large_image\" \/>\n<meta name=\"twitter:label1\" content=\"Dur\u00e9e de lecture estim\u00e9e\" \/>\n\t<meta name=\"twitter:data1\" content=\"1 minute\" \/>\n<script type=\"application\/ld+json\" class=\"yoast-schema-graph\">{\"@context\":\"https:\\\/\\\/schema.org\",\"@graph\":[{\"@type\":\"WebPage\",\"@id\":\"https:\\\/\\\/nature-et-developpement.com\\\/bem\\\/produit\\\/isolant-thermique-en-vrac-perlite-a1-fermacell-st-michelorge\\\/\",\"url\":\"https:\\\/\\\/nature-et-developpement.com\\\/bem\\\/produit\\\/isolant-thermique-en-vrac-perlite-a1-fermacell-st-michelorge\\\/\",\"name\":\"Isolant Thermique en vrac perlite A1 FERMACELL (St Michel\\\/Orge)\",\"isPartOf\":{\"@id\":\"https:\\\/\\\/nature-et-developpement.com\\\/bem\\\/#website\"},\"primaryImageOfPage\":{\"@id\":\"https:\\\/\\\/nature-et-developpement.com\\\/bem\\\/produit\\\/isolant-thermique-en-vrac-perlite-a1-fermacell-st-michelorge\\\/#primaryimage\"},\"image\":{\"@id\":\"https:\\\/\\\/nature-et-developpement.com\\\/bem\\\/produit\\\/isolant-thermique-en-vrac-perlite-a1-fermacell-st-michelorge\\\/#primaryimage\"},\"thumbnailUrl\":\"https:\\\/\\\/nature-et-developpement.com\\\/bem\\\/wp-content\\\/uploads\\\/sites\\\/17\\\/2019\\\/12\\\/26146-Isolant-Thermique-en-vrac.jpg\",\"datePublished\":\"2019-12-05T07:34:42+00:00\",\"dateModified\":\"2026-02-12T09:48:36+00:00\",\"description\":\"L'isolant thermique en vrac Fermacell est id\u00e9al pour l'isolation compl\u00e8te d'espaces creux tels que : poutraisons, toitures, cloisons, \u00e9cart au feu des conduits de chemin\u00e9e. Il est compos\u00e9e de perlite naturelle, incombustible, adapt\u00e9e pour les constructions neuves et les r\u00e9novations.\",\"breadcrumb\":{\"@id\":\"https:\\\/\\\/nature-et-developpement.com\\\/bem\\\/produit\\\/isolant-thermique-en-vrac-perlite-a1-fermacell-st-michelorge\\\/#breadcrumb\"},\"inLanguage\":\"fr-FR\",\"potentialAction\":[{\"@type\":\"ReadAction\",\"target\":[\"https:\\\/\\\/nature-et-developpement.com\\\/bem\\\/produit\\\/isolant-thermique-en-vrac-perlite-a1-fermacell-st-michelorge\\\/\"]}]},{\"@type\":\"ImageObject\",\"inLanguage\":\"fr-FR\",\"@id\":\"https:\\\/\\\/nature-et-developpement.com\\\/bem\\\/produit\\\/isolant-thermique-en-vrac-perlite-a1-fermacell-st-michelorge\\\/#primaryimage\",\"url\":\"https:\\\/\\\/nature-et-developpement.com\\\/bem\\\/wp-content\\\/uploads\\\/sites\\\/17\\\/2019\\\/12\\\/26146-Isolant-Thermique-en-vrac.jpg\",\"contentUrl\":\"https:\\\/\\\/nature-et-developpement.com\\\/bem\\\/wp-content\\\/uploads\\\/sites\\\/17\\\/2019\\\/12\\\/26146-Isolant-Thermique-en-vrac.jpg\",\"width\":800,\"height\":800,\"caption\":\"Isolant Thermique en vrac\"},{\"@type\":\"BreadcrumbList\",\"@id\":\"https:\\\/\\\/nature-et-developpement.com\\\/bem\\\/produit\\\/isolant-thermique-en-vrac-perlite-a1-fermacell-st-michelorge\\\/#breadcrumb\",\"itemListElement\":[{\"@type\":\"ListItem\",\"position\":1,\"name\":\"Accueil\",\"item\":\"https:\\\/\\\/nature-et-developpement.com\\\/bem\\\/\"},{\"@type\":\"ListItem\",\"position\":2,\"name\":\"Produits\",\"item\":\"https:\\\/\\\/nature-et-developpement.com\\\/bem\\\/shop\\\/\"},{\"@type\":\"ListItem\",\"position\":3,\"name\":\"Isolation et \u00e9tanch\u00e9it\u00e9\",\"item\":\"https:\\\/\\\/nature-et-developpement.com\\\/bem\\\/produits\\\/isolation-et-etancheite\\\/\"},{\"@type\":\"ListItem\",\"position\":4,\"name\":\"ISOLANTS ECOLOGIQUES\",\"item\":\"https:\\\/\\\/nature-et-developpement.com\\\/bem\\\/produits\\\/isolation-et-etancheite\\\/isolant-naturel\\\/\"},{\"@type\":\"ListItem\",\"position\":5,\"name\":\"Isolant Thermique en vrac perlite A1 FERMACELL (St Michel\\\/Orge)\"}]},{\"@type\":\"WebSite\",\"@id\":\"https:\\\/\\\/nature-et-developpement.com\\\/bem\\\/#website\",\"url\":\"https:\\\/\\\/nature-et-developpement.com\\\/bem\\\/\",\"name\":\"Bien-\u00catre Mat\u00e9riaux\",\"description\":\"Bien-Etre Mat\u00e9riaux est membre du groupement Nature &amp; D\u00e9veloppement\",\"potentialAction\":[{\"@type\":\"SearchAction\",\"target\":{\"@type\":\"EntryPoint\",\"urlTemplate\":\"https:\\\/\\\/nature-et-developpement.com\\\/bem\\\/?s={search_term_string}\"},\"query-input\":{\"@type\":\"PropertyValueSpecification\",\"valueRequired\":true,\"valueName\":\"search_term_string\"}}],\"inLanguage\":\"fr-FR\"}]}<\/script>\n<!-- \/ Yoast SEO plugin. -->","yoast_head_json":{"title":"Isolant Thermique en vrac perlite A1 FERMACELL (St Michel\/Orge)","description":"L'isolant thermique en vrac Fermacell est id\u00e9al pour l'isolation compl\u00e8te d'espaces creux tels que : poutraisons, toitures, cloisons, \u00e9cart au feu des conduits de chemin\u00e9e.  Il est compos\u00e9e de perlite naturelle, incombustible, adapt\u00e9e pour les constructions neuves et les r\u00e9novations.","robots":{"index":"noindex","follow":"follow"},"og_locale":"fr_FR","og_type":"article","og_title":"Isolant Thermique en vrac perlite A1 FERMACELL (St Michel\/Orge)","og_description":"L'isolant thermique en vrac Fermacell est id\u00e9al pour l'isolation compl\u00e8te d'espaces creux tels que : poutraisons, toitures, cloisons, \u00e9cart au feu des conduits de chemin\u00e9e.  Il est compos\u00e9e de perlite naturelle, incombustible, adapt\u00e9e pour les constructions neuves et les r\u00e9novations.","og_url":"https:\/\/nature-et-developpement.com\/bem\/produit\/isolant-thermique-en-vrac-perlite-a1-fermacell-st-michelorge\/","og_site_name":"Bien-\u00catre Mat\u00e9riaux","article_modified_time":"2026-02-12T09:48:36+00:00","og_image":[{"width":800,"height":800,"url":"https:\/\/nature-et-developpement.com\/bem\/wp-content\/uploads\/sites\/17\/2019\/12\/26146-Isolant-Thermique-en-vrac.jpg","type":"image\/jpeg"}],"twitter_card":"summary_large_image","twitter_misc":{"Dur\u00e9e de lecture estim\u00e9e":"1 minute"},"schema":{"@context":"https:\/\/schema.org","@graph":[{"@type":"WebPage","@id":"https:\/\/nature-et-developpement.com\/bem\/produit\/isolant-thermique-en-vrac-perlite-a1-fermacell-st-michelorge\/","url":"https:\/\/nature-et-developpement.com\/bem\/produit\/isolant-thermique-en-vrac-perlite-a1-fermacell-st-michelorge\/","name":"Isolant Thermique en vrac perlite A1 FERMACELL (St Michel\/Orge)","isPartOf":{"@id":"https:\/\/nature-et-developpement.com\/bem\/#website"},"primaryImageOfPage":{"@id":"https:\/\/nature-et-developpement.com\/bem\/produit\/isolant-thermique-en-vrac-perlite-a1-fermacell-st-michelorge\/#primaryimage"},"image":{"@id":"https:\/\/nature-et-developpement.com\/bem\/produit\/isolant-thermique-en-vrac-perlite-a1-fermacell-st-michelorge\/#primaryimage"},"thumbnailUrl":"https:\/\/nature-et-developpement.com\/bem\/wp-content\/uploads\/sites\/17\/2019\/12\/26146-Isolant-Thermique-en-vrac.jpg","datePublished":"2019-12-05T07:34:42+00:00","dateModified":"2026-02-12T09:48:36+00:00","description":"L'isolant thermique en vrac Fermacell est id\u00e9al pour l'isolation compl\u00e8te d'espaces creux tels que : poutraisons, toitures, cloisons, \u00e9cart au feu des conduits de chemin\u00e9e. Il est compos\u00e9e de perlite naturelle, incombustible, adapt\u00e9e pour les constructions neuves et les r\u00e9novations.","breadcrumb":{"@id":"https:\/\/nature-et-developpement.com\/bem\/produit\/isolant-thermique-en-vrac-perlite-a1-fermacell-st-michelorge\/#breadcrumb"},"inLanguage":"fr-FR","potentialAction":[{"@type":"ReadAction","target":["https:\/\/nature-et-developpement.com\/bem\/produit\/isolant-thermique-en-vrac-perlite-a1-fermacell-st-michelorge\/"]}]},{"@type":"ImageObject","inLanguage":"fr-FR","@id":"https:\/\/nature-et-developpement.com\/bem\/produit\/isolant-thermique-en-vrac-perlite-a1-fermacell-st-michelorge\/#primaryimage","url":"https:\/\/nature-et-developpement.com\/bem\/wp-content\/uploads\/sites\/17\/2019\/12\/26146-Isolant-Thermique-en-vrac.jpg","contentUrl":"https:\/\/nature-et-developpement.com\/bem\/wp-content\/uploads\/sites\/17\/2019\/12\/26146-Isolant-Thermique-en-vrac.jpg","width":800,"height":800,"caption":"Isolant Thermique en vrac"},{"@type":"BreadcrumbList","@id":"https:\/\/nature-et-developpement.com\/bem\/produit\/isolant-thermique-en-vrac-perlite-a1-fermacell-st-michelorge\/#breadcrumb","itemListElement":[{"@type":"ListItem","position":1,"name":"Accueil","item":"https:\/\/nature-et-developpement.com\/bem\/"},{"@type":"ListItem","position":2,"name":"Produits","item":"https:\/\/nature-et-developpement.com\/bem\/shop\/"},{"@type":"ListItem","position":3,"name":"Isolation et \u00e9tanch\u00e9it\u00e9","item":"https:\/\/nature-et-developpement.com\/bem\/produits\/isolation-et-etancheite\/"},{"@type":"ListItem","position":4,"name":"ISOLANTS ECOLOGIQUES","item":"https:\/\/nature-et-developpement.com\/bem\/produits\/isolation-et-etancheite\/isolant-naturel\/"},{"@type":"ListItem","position":5,"name":"Isolant Thermique en vrac perlite A1 FERMACELL (St Michel\/Orge)"}]},{"@type":"WebSite","@id":"https:\/\/nature-et-developpement.com\/bem\/#website","url":"https:\/\/nature-et-developpement.com\/bem\/","name":"Bien-\u00catre Mat\u00e9riaux","description":"Bien-Etre Mat\u00e9riaux est membre du groupement Nature &amp; D\u00e9veloppement","potentialAction":[{"@type":"SearchAction","target":{"@type":"EntryPoint","urlTemplate":"https:\/\/nature-et-developpement.com\/bem\/?s={search_term_string}"},"query-input":{"@type":"PropertyValueSpecification","valueRequired":true,"valueName":"search_term_string"}}],"inLanguage":"fr-FR"}]}},"distributor_meta":false,"distributor_terms":false,"distributor_media":false,"distributor_original_site_name":"Bien-\u00catre Mat\u00e9riaux","distributor_original_site_url":"https:\/\/nature-et-developpement.com\/bem","push-errors":false,"_links":{"self":[{"href":"https:\/\/nature-et-developpement.com\/bem\/wp-json\/wp\/v2\/product\/13516","targetHints":{"allow":["GET"]}}],"collection":[{"href":"https:\/\/nature-et-developpement.com\/bem\/wp-json\/wp\/v2\/product"}],"about":[{"href":"https:\/\/nature-et-developpement.com\/bem\/wp-json\/wp\/v2\/types\/product"}],"wp:featuredmedia":[{"embeddable":true,"href":"https:\/\/nature-et-developpement.com\/bem\/wp-json\/wp\/v2\/media\/13515"}],"wp:attachment":[{"href":"https:\/\/nature-et-developpement.com\/bem\/wp-json\/wp\/v2\/media?parent=13516"}],"wp:term":[{"taxonomy":"product_brand","embeddable":true,"href":"https:\/\/nature-et-developpement.com\/bem\/wp-json\/wp\/v2\/product_brand?post=13516"},{"taxonomy":"product_cat","embeddable":true,"href":"https:\/\/nature-et-developpement.com\/bem\/wp-json\/wp\/v2\/product_cat?post=13516"},{"taxonomy":"product_tag","embeddable":true,"href":"https:\/\/nature-et-developpement.com\/bem\/wp-json\/wp\/v2\/product_tag?post=13516"}],"curies":[{"name":"wp","href":"https:\/\/api.w.org\/{rel}","templated":true}]}}