{"id":13530,"date":"2019-12-05T08:34:42","date_gmt":"2019-12-05T07:34:42","guid":{"rendered":"https:\/\/nature-et-developpement.com\/bem\/produit\/vis-fermacell-st-michelorge\/"},"modified":"2026-02-12T10:48:36","modified_gmt":"2026-02-12T09:48:36","slug":"vis-pour-fermacell-st-michel-orge","status":"publish","type":"product","link":"https:\/\/nature-et-developpement.com\/bem\/produit\/vis-pour-fermacell-st-michel-orge\/","title":{"rendered":"Vis pour FERMACELL (St Michel\/Orge)"},"content":{"rendered":"<p><span style=\"text-decoration: underline\"><strong>Application :<\/strong><\/span><\/p>\n<p>Les vis sont utilis\u00e9es pour visser une ou plusieurs couches de plaques Fermacell fibres-gypse. Les vis peuvent \u00eatre viss\u00e9es proches du bord des plaques (env. 10 mm) sans risques de cassure.<\/p>\n<p>Les vis peuvent directement \u00eatre viss\u00e9es dans le montant et ne requi\u00e8rent pas de pr\u00e9- per\u00e7age.<\/p>\n<p><span style=\"text-decoration: underline\"><strong>Vis autoperceuses<\/strong><\/span><strong> :<\/strong><\/p>\n<p>Facilit\u00e9 de vissage : la g\u00e9om\u00e9trie optimis\u00e9e du filetage assure une p\u00e9n\u00e9tration rapide de la vis et garantit un maintien parfait dans l\u2019ossature<\/p>\n<p>Enfoncement optimal : la g\u00e9om\u00e9trie de la t\u00eate de vis assure un enfoncement optimal de la t\u00eate de vis dans la plaque Fermacell fibres-gypse<\/p>\n<p>Protection anticorrosion par phosphatation<\/p>\n<p><strong><span style=\"text-decoration: underline\">Vis Fermacell Powerpanel H2O et Powerpanel sol TE <\/span><\/strong><\/p>\n<p>Les vis Fermacell Powerpanel ont \u00e9t\u00e9 sp\u00e9cialement d\u00e9velopp\u00e9es pour la fixation des plaques Fermacell Powerpanel H2O :<\/p>\n<p>Sur ossatures m\u00e9tallique ou bois en simple parement avec les vis Fermacell Powerpanel H2O 3,9&#215;35 mm<\/p>\n<p>Sur ossatures m\u00e9tallique ou bois en double parement avec les vis Fermacell Powerpanel H2O 3,9&#215;50 mm.<\/p>\n<p>Sur ossatures m\u00e9tallique renforc\u00e9e avec les vis Fermacell autoforeuses Powerpanel H2O 3,9&#215;40 mm<\/p>\n<p>Et \u00e9galement pour la fixation des plaques de sol Fermacell Powerpanel TE gr\u00e2ce au Vis Fermacell Powerpanel sol TE 3,5 x 23 mm<\/p>\n<p>Faites le bon choix:<\/p>\n<p>3,9 x 30mm. Vis pour la fixation sur ossature m\u00e9tallique ou bois des plaques en simple parement.<\/p>\n<p>3,9 x 19mm. Vis pour la fixation des plaques de sol 20 mm d&rsquo;\u00e9paisseur.<\/p>\n<p>3,9 x 22mm. Vis pour la fixation des plaques de sol \u2265 \u00e0 25 mm d&rsquo;\u00e9paisseur.<\/p>\n<p>3,9 x 35mm. Vis trait\u00e9es anticorrosion pour la fixation des plaques Fermacell Powerpanel H2O sur ossature m\u00e9tallique ou bois en simple parement.<\/p>\n<p>3,5 x 23mm. Vis trait\u00e9es anticorrosion pour la fixation des plaques Fermacell Powerpanel sol TE.<\/p>\n","protected":false},"excerpt":{"rendered":"<p>Ces vis ont \u00e9t\u00e9 d\u00e9velopp\u00e9es pour la fixation des plaques Fermacell fibres gypse et Powerpanel H2O dans une ossature m\u00e9tallique ou bois en cloisons, plafonds ou en sols (chapes s\u00e8ches).<\/p>\n<p>Disponible chez notre stockiste \u00e0 St Michel\/Orge.<\/p>\n<p>La r\u00e9f\u00e9rence 3,9 x 30mm en 250 ou 1000 vis est aussi disponible au magasin d&rsquo;Ivry.<\/p>\n","protected":false},"featured_media":23931,"template":"","meta":[],"product_brand":[2733,8797],"product_cat":[242,8738,724],"product_tag":[],"class_list":{"0":"post-13530","1":"product","2":"type-product","3":"status-publish","4":"has-post-thumbnail","6":"product_brand-fermacell","7":"product_brand-produits-bem","8":"product_cat-accessoires-construction","9":"product_cat-demande-de-devis-uniquement-sans-prix","10":"product_cat-visserie","12":"first","13":"instock","14":"taxable","15":"shipping-taxable","16":"purchasable","17":"product-type-variable"},"yoast_head":"<!-- This site is optimized with the Yoast SEO plugin v27.5 - https:\/\/yoast.com\/product\/yoast-seo-wordpress\/ -->\n<title>Vis pour FERMACELL (St Michel\/Orge)<\/title>\n<meta name=\"description\" content=\"Ces vis ont \u00e9t\u00e9 d\u00e9velopp\u00e9es pour la fixation des plaques Fermacell fibres gypse et Powerpanel H2O dans une ossature m\u00e9tallique ou bois en cloisons, plafonds ou en sols (chapes s\u00e8ches).  Disponible chez notre stockiste \u00e0 St Michel\/Orge.  La r\u00e9f\u00e9rence 3,9 x 30mm en 250 ou 1000 vis est aussi disponible au magasin d&#039;Ivry.\" \/>\n<meta name=\"robots\" content=\"noindex, follow\" \/>\n<meta property=\"og:locale\" content=\"fr_FR\" \/>\n<meta property=\"og:type\" content=\"article\" \/>\n<meta property=\"og:title\" content=\"Vis pour FERMACELL (St Michel\/Orge)\" \/>\n<meta property=\"og:description\" content=\"Ces vis ont \u00e9t\u00e9 d\u00e9velopp\u00e9es pour la fixation des plaques Fermacell fibres gypse et Powerpanel H2O dans une ossature m\u00e9tallique ou bois en cloisons, plafonds ou en sols (chapes s\u00e8ches).  Disponible chez notre stockiste \u00e0 St Michel\/Orge.  La r\u00e9f\u00e9rence 3,9 x 30mm en 250 ou 1000 vis est aussi disponible au magasin d&#039;Ivry.\" \/>\n<meta property=\"og:url\" content=\"https:\/\/nature-et-developpement.com\/bem\/produit\/vis-pour-fermacell-st-michel-orge\/\" \/>\n<meta property=\"og:site_name\" content=\"Bien-\u00catre Mat\u00e9riaux\" \/>\n<meta property=\"article:modified_time\" content=\"2026-02-12T09:48:36+00:00\" \/>\n<meta property=\"og:image\" content=\"https:\/\/nature-et-developpement.com\/bem\/wp-content\/uploads\/sites\/17\/2022\/01\/Vis-pour-plaque-fermacell-39x30-boite-de-1000-pieces-79011.jpg\" \/>\n\t<meta property=\"og:image:width\" content=\"800\" \/>\n\t<meta property=\"og:image:height\" content=\"800\" \/>\n\t<meta property=\"og:image:type\" content=\"image\/jpeg\" \/>\n<meta name=\"twitter:card\" content=\"summary_large_image\" \/>\n<meta name=\"twitter:label1\" content=\"Dur\u00e9e de lecture estim\u00e9e\" \/>\n\t<meta name=\"twitter:data1\" content=\"2 minutes\" \/>\n<script type=\"application\/ld+json\" class=\"yoast-schema-graph\">{\"@context\":\"https:\\\/\\\/schema.org\",\"@graph\":[{\"@type\":\"WebPage\",\"@id\":\"https:\\\/\\\/nature-et-developpement.com\\\/bem\\\/produit\\\/vis-pour-fermacell-st-michel-orge\\\/\",\"url\":\"https:\\\/\\\/nature-et-developpement.com\\\/bem\\\/produit\\\/vis-pour-fermacell-st-michel-orge\\\/\",\"name\":\"Vis pour FERMACELL (St Michel\\\/Orge)\",\"isPartOf\":{\"@id\":\"https:\\\/\\\/nature-et-developpement.com\\\/bem\\\/#website\"},\"primaryImageOfPage\":{\"@id\":\"https:\\\/\\\/nature-et-developpement.com\\\/bem\\\/produit\\\/vis-pour-fermacell-st-michel-orge\\\/#primaryimage\"},\"image\":{\"@id\":\"https:\\\/\\\/nature-et-developpement.com\\\/bem\\\/produit\\\/vis-pour-fermacell-st-michel-orge\\\/#primaryimage\"},\"thumbnailUrl\":\"https:\\\/\\\/nature-et-developpement.com\\\/bem\\\/wp-content\\\/uploads\\\/sites\\\/17\\\/2022\\\/01\\\/Vis-pour-plaque-fermacell-39x30-boite-de-1000-pieces-79011.jpg\",\"datePublished\":\"2019-12-05T07:34:42+00:00\",\"dateModified\":\"2026-02-12T09:48:36+00:00\",\"description\":\"Ces vis ont \u00e9t\u00e9 d\u00e9velopp\u00e9es pour la fixation des plaques Fermacell fibres gypse et Powerpanel H2O dans une ossature m\u00e9tallique ou bois en cloisons, plafonds ou en sols (chapes s\u00e8ches). Disponible chez notre stockiste \u00e0 St Michel\\\/Orge. La r\u00e9f\u00e9rence 3,9 x 30mm en 250 ou 1000 vis est aussi disponible au magasin d'Ivry.\",\"breadcrumb\":{\"@id\":\"https:\\\/\\\/nature-et-developpement.com\\\/bem\\\/produit\\\/vis-pour-fermacell-st-michel-orge\\\/#breadcrumb\"},\"inLanguage\":\"fr-FR\",\"potentialAction\":[{\"@type\":\"ReadAction\",\"target\":[\"https:\\\/\\\/nature-et-developpement.com\\\/bem\\\/produit\\\/vis-pour-fermacell-st-michel-orge\\\/\"]}]},{\"@type\":\"ImageObject\",\"inLanguage\":\"fr-FR\",\"@id\":\"https:\\\/\\\/nature-et-developpement.com\\\/bem\\\/produit\\\/vis-pour-fermacell-st-michel-orge\\\/#primaryimage\",\"url\":\"https:\\\/\\\/nature-et-developpement.com\\\/bem\\\/wp-content\\\/uploads\\\/sites\\\/17\\\/2022\\\/01\\\/Vis-pour-plaque-fermacell-39x30-boite-de-1000-pieces-79011.jpg\",\"contentUrl\":\"https:\\\/\\\/nature-et-developpement.com\\\/bem\\\/wp-content\\\/uploads\\\/sites\\\/17\\\/2022\\\/01\\\/Vis-pour-plaque-fermacell-39x30-boite-de-1000-pieces-79011.jpg\",\"width\":800,\"height\":800},{\"@type\":\"BreadcrumbList\",\"@id\":\"https:\\\/\\\/nature-et-developpement.com\\\/bem\\\/produit\\\/vis-pour-fermacell-st-michel-orge\\\/#breadcrumb\",\"itemListElement\":[{\"@type\":\"ListItem\",\"position\":1,\"name\":\"Accueil\",\"item\":\"https:\\\/\\\/nature-et-developpement.com\\\/bem\\\/\"},{\"@type\":\"ListItem\",\"position\":2,\"name\":\"Produits\",\"item\":\"https:\\\/\\\/nature-et-developpement.com\\\/bem\\\/shop\\\/\"},{\"@type\":\"ListItem\",\"position\":3,\"name\":\"Construction, cloison et fen\u00eatres\",\"item\":\"https:\\\/\\\/nature-et-developpement.com\\\/bem\\\/produits\\\/construction\\\/\"},{\"@type\":\"ListItem\",\"position\":4,\"name\":\"Accessoires construction\",\"item\":\"https:\\\/\\\/nature-et-developpement.com\\\/bem\\\/produits\\\/construction\\\/accessoires-construction\\\/\"},{\"@type\":\"ListItem\",\"position\":5,\"name\":\"Vis pour FERMACELL (St Michel\\\/Orge)\"}]},{\"@type\":\"WebSite\",\"@id\":\"https:\\\/\\\/nature-et-developpement.com\\\/bem\\\/#website\",\"url\":\"https:\\\/\\\/nature-et-developpement.com\\\/bem\\\/\",\"name\":\"Bien-\u00catre Mat\u00e9riaux\",\"description\":\"Bien-Etre Mat\u00e9riaux est membre du groupement Nature &amp; D\u00e9veloppement\",\"potentialAction\":[{\"@type\":\"SearchAction\",\"target\":{\"@type\":\"EntryPoint\",\"urlTemplate\":\"https:\\\/\\\/nature-et-developpement.com\\\/bem\\\/?s={search_term_string}\"},\"query-input\":{\"@type\":\"PropertyValueSpecification\",\"valueRequired\":true,\"valueName\":\"search_term_string\"}}],\"inLanguage\":\"fr-FR\"}]}<\/script>\n<!-- \/ Yoast SEO plugin. -->","yoast_head_json":{"title":"Vis pour FERMACELL (St Michel\/Orge)","description":"Ces vis ont \u00e9t\u00e9 d\u00e9velopp\u00e9es pour la fixation des plaques Fermacell fibres gypse et Powerpanel H2O dans une ossature m\u00e9tallique ou bois en cloisons, plafonds ou en sols (chapes s\u00e8ches).  Disponible chez notre stockiste \u00e0 St Michel\/Orge.  La r\u00e9f\u00e9rence 3,9 x 30mm en 250 ou 1000 vis est aussi disponible au magasin d'Ivry.","robots":{"index":"noindex","follow":"follow"},"og_locale":"fr_FR","og_type":"article","og_title":"Vis pour FERMACELL (St Michel\/Orge)","og_description":"Ces vis ont \u00e9t\u00e9 d\u00e9velopp\u00e9es pour la fixation des plaques Fermacell fibres gypse et Powerpanel H2O dans une ossature m\u00e9tallique ou bois en cloisons, plafonds ou en sols (chapes s\u00e8ches).  Disponible chez notre stockiste \u00e0 St Michel\/Orge.  La r\u00e9f\u00e9rence 3,9 x 30mm en 250 ou 1000 vis est aussi disponible au magasin d'Ivry.","og_url":"https:\/\/nature-et-developpement.com\/bem\/produit\/vis-pour-fermacell-st-michel-orge\/","og_site_name":"Bien-\u00catre Mat\u00e9riaux","article_modified_time":"2026-02-12T09:48:36+00:00","og_image":[{"width":800,"height":800,"url":"https:\/\/nature-et-developpement.com\/bem\/wp-content\/uploads\/sites\/17\/2022\/01\/Vis-pour-plaque-fermacell-39x30-boite-de-1000-pieces-79011.jpg","type":"image\/jpeg"}],"twitter_card":"summary_large_image","twitter_misc":{"Dur\u00e9e de lecture estim\u00e9e":"2 minutes"},"schema":{"@context":"https:\/\/schema.org","@graph":[{"@type":"WebPage","@id":"https:\/\/nature-et-developpement.com\/bem\/produit\/vis-pour-fermacell-st-michel-orge\/","url":"https:\/\/nature-et-developpement.com\/bem\/produit\/vis-pour-fermacell-st-michel-orge\/","name":"Vis pour FERMACELL (St Michel\/Orge)","isPartOf":{"@id":"https:\/\/nature-et-developpement.com\/bem\/#website"},"primaryImageOfPage":{"@id":"https:\/\/nature-et-developpement.com\/bem\/produit\/vis-pour-fermacell-st-michel-orge\/#primaryimage"},"image":{"@id":"https:\/\/nature-et-developpement.com\/bem\/produit\/vis-pour-fermacell-st-michel-orge\/#primaryimage"},"thumbnailUrl":"https:\/\/nature-et-developpement.com\/bem\/wp-content\/uploads\/sites\/17\/2022\/01\/Vis-pour-plaque-fermacell-39x30-boite-de-1000-pieces-79011.jpg","datePublished":"2019-12-05T07:34:42+00:00","dateModified":"2026-02-12T09:48:36+00:00","description":"Ces vis ont \u00e9t\u00e9 d\u00e9velopp\u00e9es pour la fixation des plaques Fermacell fibres gypse et Powerpanel H2O dans une ossature m\u00e9tallique ou bois en cloisons, plafonds ou en sols (chapes s\u00e8ches). Disponible chez notre stockiste \u00e0 St Michel\/Orge. La r\u00e9f\u00e9rence 3,9 x 30mm en 250 ou 1000 vis est aussi disponible au magasin d'Ivry.","breadcrumb":{"@id":"https:\/\/nature-et-developpement.com\/bem\/produit\/vis-pour-fermacell-st-michel-orge\/#breadcrumb"},"inLanguage":"fr-FR","potentialAction":[{"@type":"ReadAction","target":["https:\/\/nature-et-developpement.com\/bem\/produit\/vis-pour-fermacell-st-michel-orge\/"]}]},{"@type":"ImageObject","inLanguage":"fr-FR","@id":"https:\/\/nature-et-developpement.com\/bem\/produit\/vis-pour-fermacell-st-michel-orge\/#primaryimage","url":"https:\/\/nature-et-developpement.com\/bem\/wp-content\/uploads\/sites\/17\/2022\/01\/Vis-pour-plaque-fermacell-39x30-boite-de-1000-pieces-79011.jpg","contentUrl":"https:\/\/nature-et-developpement.com\/bem\/wp-content\/uploads\/sites\/17\/2022\/01\/Vis-pour-plaque-fermacell-39x30-boite-de-1000-pieces-79011.jpg","width":800,"height":800},{"@type":"BreadcrumbList","@id":"https:\/\/nature-et-developpement.com\/bem\/produit\/vis-pour-fermacell-st-michel-orge\/#breadcrumb","itemListElement":[{"@type":"ListItem","position":1,"name":"Accueil","item":"https:\/\/nature-et-developpement.com\/bem\/"},{"@type":"ListItem","position":2,"name":"Produits","item":"https:\/\/nature-et-developpement.com\/bem\/shop\/"},{"@type":"ListItem","position":3,"name":"Construction, cloison et fen\u00eatres","item":"https:\/\/nature-et-developpement.com\/bem\/produits\/construction\/"},{"@type":"ListItem","position":4,"name":"Accessoires construction","item":"https:\/\/nature-et-developpement.com\/bem\/produits\/construction\/accessoires-construction\/"},{"@type":"ListItem","position":5,"name":"Vis pour FERMACELL (St Michel\/Orge)"}]},{"@type":"WebSite","@id":"https:\/\/nature-et-developpement.com\/bem\/#website","url":"https:\/\/nature-et-developpement.com\/bem\/","name":"Bien-\u00catre Mat\u00e9riaux","description":"Bien-Etre Mat\u00e9riaux est membre du groupement Nature &amp; D\u00e9veloppement","potentialAction":[{"@type":"SearchAction","target":{"@type":"EntryPoint","urlTemplate":"https:\/\/nature-et-developpement.com\/bem\/?s={search_term_string}"},"query-input":{"@type":"PropertyValueSpecification","valueRequired":true,"valueName":"search_term_string"}}],"inLanguage":"fr-FR"}]}},"distributor_meta":false,"distributor_terms":false,"distributor_media":false,"distributor_original_site_name":"Bien-\u00catre Mat\u00e9riaux","distributor_original_site_url":"https:\/\/nature-et-developpement.com\/bem","push-errors":false,"_links":{"self":[{"href":"https:\/\/nature-et-developpement.com\/bem\/wp-json\/wp\/v2\/product\/13530","targetHints":{"allow":["GET"]}}],"collection":[{"href":"https:\/\/nature-et-developpement.com\/bem\/wp-json\/wp\/v2\/product"}],"about":[{"href":"https:\/\/nature-et-developpement.com\/bem\/wp-json\/wp\/v2\/types\/product"}],"wp:featuredmedia":[{"embeddable":true,"href":"https:\/\/nature-et-developpement.com\/bem\/wp-json\/wp\/v2\/media\/23931"}],"wp:attachment":[{"href":"https:\/\/nature-et-developpement.com\/bem\/wp-json\/wp\/v2\/media?parent=13530"}],"wp:term":[{"taxonomy":"product_brand","embeddable":true,"href":"https:\/\/nature-et-developpement.com\/bem\/wp-json\/wp\/v2\/product_brand?post=13530"},{"taxonomy":"product_cat","embeddable":true,"href":"https:\/\/nature-et-developpement.com\/bem\/wp-json\/wp\/v2\/product_cat?post=13530"},{"taxonomy":"product_tag","embeddable":true,"href":"https:\/\/nature-et-developpement.com\/bem\/wp-json\/wp\/v2\/product_tag?post=13530"}],"curies":[{"name":"wp","href":"https:\/\/api.w.org\/{rel}","templated":true}]}}