{"id":13586,"date":"2019-12-09T11:59:29","date_gmt":"2019-12-09T10:59:29","guid":{"rendered":"https:\/\/nature-et-developpement.com\/bem\/produit\/colles-a-joint-pour-plaques-fermacell-st-michelorge\/"},"modified":"2026-02-12T10:48:36","modified_gmt":"2026-02-12T09:48:36","slug":"colles-a-joint-pour-plaques-fermacell-st-michelorge","status":"publish","type":"product","link":"https:\/\/nature-et-developpement.com\/bem\/produit\/colles-a-joint-pour-plaques-fermacell-st-michelorge\/","title":{"rendered":"Colles \u00e0 Joint pour plaques FERMACELL (St Michel\/Orge)"},"content":{"rendered":"<p>Colle ne pr\u00e9sentant aucune nocivit\u00e9 utilis\u00e9e pour le traitement des joints entre plaques fibres-gypse Fermacell \u00e0 bords droits et plaques Powerpanel H2O \u00e0 bords droits. Cette colle ne convient pas \u00e0 la r\u00e9alisation de cloisons et de plafonds en pr\u00e9fabrication en atelier.<\/p>\n<p><strong>Mise en oeuvre<\/strong><br \/>\nLes colles Fermacell Classique et Greenline permettent, au moyen de l\u2019embout sp\u00e9cifique joint \u00e0 la cartouche, d\u2019appliquer sur l\u2019axe du chant des plaques un cordon de colle plat.<\/p>\n<p>Une premi\u00e8re plaque, mise en \u0153uvre sur l\u2019ossature, re\u00e7oit sur chant le cordon de colle.<\/p>\n<p>Une seconde plaque est ensuite positionn\u00e9e bord \u00e0 bord avec la premi\u00e8re, de telle sorte qu\u2019elle comprime le cordon de colle, avant d\u2019\u00eatre fix\u00e9es m\u00e9caniquement \u00e0 l\u2019ossature.<\/p>\n<p>La largeur d\u2019un joint coll\u00e9 ne doit pas d\u00e9passer 1 mm.<\/p>\n<p>La colle durcie apr\u00e8s env. 18 \u00e0 36 heures dans des conditions normales de temp\u00e9rature (comprise entre +15\u00b0C et +25\u00b0C).<\/p>\n<p>L\u2019exc\u00e9dent de colle durcie est ensuite aras\u00e9 sur toute la longueur du joint, au moyen du couteau \u00e0 colle Fermacell par exemple.<\/p>\n<p>Apr\u00e8s \u00e9bavurage de l\u2019exc\u00e9dent de colle s\u00e9ch\u00e9e, un enduit \u00e0 base de pl\u00e2tre, tel que l\u2019enduit pour joint Fermacell ou l\u2019enduit de lissage Fermacell est appliqu\u00e9 sur tous les joints et les t\u00eates de fixation.<\/p>\n<p>La temp\u00e9rature d\u2019application de la colle ne doit pas \u00eatre inf\u00e9rieure \u00e0 +15\u00b0C.<\/p>\n<p>Les plaques, le mat\u00e9riel employ\u00e9 lors de la pose et l\u2019ambiance des locaux ne doivent pas pr\u00e9sent\u00e9s une temp\u00e9rature inf\u00e9rieure \u00e0 +5\u00b0C.<\/p>\n<p>La suite de la mise en \u0153uvre (rev\u00eatements) doit respecter les indications de pose usuelles pour les plaques de fibres-gypse Fermacell.<\/p>\n<p>Positionner la cartouche de 310 ml sur le chant des plaques.<\/p>\n<p>L\u2019embout permet d\u2019appliquer la quantit\u00e9 exacte de colle n\u00e9cessaire pour les plaques d\u2019\u00e9paisseur 10 et 12,5 mm.<\/p>\n<p>Recouper l\u00e9g\u00e8rement l\u2019embout pour des plaques d\u2019\u00e9paisseur 15 et 18 mm afin de d\u00e9poser \u00e9galement la quantit\u00e9 exacte de colle.<\/p>\n","protected":false},"excerpt":{"rendered":"<p>Pour le traitement des joints entre plaques fibres-gypse Fermacell mises en \u0153uvre en cloison, doublage (contre-cloison) et plafond. La version Greenline est sans \u00e9mission de cov ni formald\u00e9hydes.<\/p>\n","protected":false},"featured_media":13584,"template":"","meta":[],"product_brand":[2733,8797],"product_cat":[242,61,8738],"product_tag":[],"class_list":{"0":"post-13586","1":"product","2":"type-product","3":"status-publish","4":"has-post-thumbnail","6":"product_brand-fermacell","7":"product_brand-produits-bem","8":"product_cat-accessoires-construction","9":"product_cat-colle","10":"product_cat-demande-de-devis-uniquement-sans-prix","12":"first","13":"instock","14":"taxable","15":"shipping-taxable","16":"purchasable","17":"product-type-variable"},"yoast_head":"<!-- This site is optimized with the Yoast SEO plugin v27.5 - https:\/\/yoast.com\/product\/yoast-seo-wordpress\/ -->\n<title>Colles \u00e0 Joint pour plaques FERMACELL (St Michel\/Orge)<\/title>\n<meta name=\"description\" content=\"Pour le traitement des joints entre plaques fibres-gypse Fermacell mises en \u0153uvre en cloison, doublage (contre-cloison) et plafond. La version Greenline est sans \u00e9mission de cov ni formald\u00e9hydes.\" \/>\n<meta name=\"robots\" content=\"noindex, follow\" \/>\n<meta property=\"og:locale\" content=\"fr_FR\" \/>\n<meta property=\"og:type\" content=\"article\" \/>\n<meta property=\"og:title\" content=\"Colles \u00e0 Joint pour plaques FERMACELL (St Michel\/Orge)\" \/>\n<meta property=\"og:description\" content=\"Pour le traitement des joints entre plaques fibres-gypse Fermacell mises en \u0153uvre en cloison, doublage (contre-cloison) et plafond. La version Greenline est sans \u00e9mission de cov ni formald\u00e9hydes.\" \/>\n<meta property=\"og:url\" content=\"https:\/\/nature-et-developpement.com\/bem\/produit\/colles-a-joint-pour-plaques-fermacell-st-michelorge\/\" \/>\n<meta property=\"og:site_name\" content=\"Bien-\u00catre Mat\u00e9riaux\" \/>\n<meta property=\"article:modified_time\" content=\"2026-02-12T09:48:36+00:00\" \/>\n<meta property=\"og:image\" content=\"https:\/\/nature-et-developpement.com\/bem\/wp-content\/uploads\/sites\/17\/2019\/12\/26222-Colle-a-Joint-Classique.jpg\" \/>\n\t<meta property=\"og:image:width\" content=\"800\" \/>\n\t<meta property=\"og:image:height\" content=\"800\" \/>\n\t<meta property=\"og:image:type\" content=\"image\/jpeg\" \/>\n<meta name=\"twitter:card\" content=\"summary_large_image\" \/>\n<meta name=\"twitter:label1\" content=\"Dur\u00e9e de lecture estim\u00e9e\" \/>\n\t<meta name=\"twitter:data1\" content=\"2 minutes\" \/>\n<script type=\"application\/ld+json\" class=\"yoast-schema-graph\">{\"@context\":\"https:\\\/\\\/schema.org\",\"@graph\":[{\"@type\":\"WebPage\",\"@id\":\"https:\\\/\\\/nature-et-developpement.com\\\/bem\\\/produit\\\/colles-a-joint-pour-plaques-fermacell-st-michelorge\\\/\",\"url\":\"https:\\\/\\\/nature-et-developpement.com\\\/bem\\\/produit\\\/colles-a-joint-pour-plaques-fermacell-st-michelorge\\\/\",\"name\":\"Colles \u00e0 Joint pour plaques FERMACELL (St Michel\\\/Orge)\",\"isPartOf\":{\"@id\":\"https:\\\/\\\/nature-et-developpement.com\\\/bem\\\/#website\"},\"primaryImageOfPage\":{\"@id\":\"https:\\\/\\\/nature-et-developpement.com\\\/bem\\\/produit\\\/colles-a-joint-pour-plaques-fermacell-st-michelorge\\\/#primaryimage\"},\"image\":{\"@id\":\"https:\\\/\\\/nature-et-developpement.com\\\/bem\\\/produit\\\/colles-a-joint-pour-plaques-fermacell-st-michelorge\\\/#primaryimage\"},\"thumbnailUrl\":\"https:\\\/\\\/nature-et-developpement.com\\\/bem\\\/wp-content\\\/uploads\\\/sites\\\/17\\\/2019\\\/12\\\/26222-Colle-a-Joint-Classique.jpg\",\"datePublished\":\"2019-12-09T10:59:29+00:00\",\"dateModified\":\"2026-02-12T09:48:36+00:00\",\"description\":\"Pour le traitement des joints entre plaques fibres-gypse Fermacell mises en \u0153uvre en cloison, doublage (contre-cloison) et plafond. La version Greenline est sans \u00e9mission de cov ni formald\u00e9hydes.\",\"breadcrumb\":{\"@id\":\"https:\\\/\\\/nature-et-developpement.com\\\/bem\\\/produit\\\/colles-a-joint-pour-plaques-fermacell-st-michelorge\\\/#breadcrumb\"},\"inLanguage\":\"fr-FR\",\"potentialAction\":[{\"@type\":\"ReadAction\",\"target\":[\"https:\\\/\\\/nature-et-developpement.com\\\/bem\\\/produit\\\/colles-a-joint-pour-plaques-fermacell-st-michelorge\\\/\"]}]},{\"@type\":\"ImageObject\",\"inLanguage\":\"fr-FR\",\"@id\":\"https:\\\/\\\/nature-et-developpement.com\\\/bem\\\/produit\\\/colles-a-joint-pour-plaques-fermacell-st-michelorge\\\/#primaryimage\",\"url\":\"https:\\\/\\\/nature-et-developpement.com\\\/bem\\\/wp-content\\\/uploads\\\/sites\\\/17\\\/2019\\\/12\\\/26222-Colle-a-Joint-Classique.jpg\",\"contentUrl\":\"https:\\\/\\\/nature-et-developpement.com\\\/bem\\\/wp-content\\\/uploads\\\/sites\\\/17\\\/2019\\\/12\\\/26222-Colle-a-Joint-Classique.jpg\",\"width\":800,\"height\":800,\"caption\":\"Colle \u00e0 Joint Classique\"},{\"@type\":\"BreadcrumbList\",\"@id\":\"https:\\\/\\\/nature-et-developpement.com\\\/bem\\\/produit\\\/colles-a-joint-pour-plaques-fermacell-st-michelorge\\\/#breadcrumb\",\"itemListElement\":[{\"@type\":\"ListItem\",\"position\":1,\"name\":\"Accueil\",\"item\":\"https:\\\/\\\/nature-et-developpement.com\\\/bem\\\/\"},{\"@type\":\"ListItem\",\"position\":2,\"name\":\"Produits\",\"item\":\"https:\\\/\\\/nature-et-developpement.com\\\/bem\\\/shop\\\/\"},{\"@type\":\"ListItem\",\"position\":3,\"name\":\"Construction, cloison et fen\u00eatres\",\"item\":\"https:\\\/\\\/nature-et-developpement.com\\\/bem\\\/produits\\\/construction\\\/\"},{\"@type\":\"ListItem\",\"position\":4,\"name\":\"Accessoires construction\",\"item\":\"https:\\\/\\\/nature-et-developpement.com\\\/bem\\\/produits\\\/construction\\\/accessoires-construction\\\/\"},{\"@type\":\"ListItem\",\"position\":5,\"name\":\"Colles \u00e0 Joint pour plaques FERMACELL (St Michel\\\/Orge)\"}]},{\"@type\":\"WebSite\",\"@id\":\"https:\\\/\\\/nature-et-developpement.com\\\/bem\\\/#website\",\"url\":\"https:\\\/\\\/nature-et-developpement.com\\\/bem\\\/\",\"name\":\"Bien-\u00catre Mat\u00e9riaux\",\"description\":\"Bien-Etre Mat\u00e9riaux est membre du groupement Nature &amp; D\u00e9veloppement\",\"potentialAction\":[{\"@type\":\"SearchAction\",\"target\":{\"@type\":\"EntryPoint\",\"urlTemplate\":\"https:\\\/\\\/nature-et-developpement.com\\\/bem\\\/?s={search_term_string}\"},\"query-input\":{\"@type\":\"PropertyValueSpecification\",\"valueRequired\":true,\"valueName\":\"search_term_string\"}}],\"inLanguage\":\"fr-FR\"}]}<\/script>\n<!-- \/ Yoast SEO plugin. -->","yoast_head_json":{"title":"Colles \u00e0 Joint pour plaques FERMACELL (St Michel\/Orge)","description":"Pour le traitement des joints entre plaques fibres-gypse Fermacell mises en \u0153uvre en cloison, doublage (contre-cloison) et plafond. La version Greenline est sans \u00e9mission de cov ni formald\u00e9hydes.","robots":{"index":"noindex","follow":"follow"},"og_locale":"fr_FR","og_type":"article","og_title":"Colles \u00e0 Joint pour plaques FERMACELL (St Michel\/Orge)","og_description":"Pour le traitement des joints entre plaques fibres-gypse Fermacell mises en \u0153uvre en cloison, doublage (contre-cloison) et plafond. La version Greenline est sans \u00e9mission de cov ni formald\u00e9hydes.","og_url":"https:\/\/nature-et-developpement.com\/bem\/produit\/colles-a-joint-pour-plaques-fermacell-st-michelorge\/","og_site_name":"Bien-\u00catre Mat\u00e9riaux","article_modified_time":"2026-02-12T09:48:36+00:00","og_image":[{"width":800,"height":800,"url":"https:\/\/nature-et-developpement.com\/bem\/wp-content\/uploads\/sites\/17\/2019\/12\/26222-Colle-a-Joint-Classique.jpg","type":"image\/jpeg"}],"twitter_card":"summary_large_image","twitter_misc":{"Dur\u00e9e de lecture estim\u00e9e":"2 minutes"},"schema":{"@context":"https:\/\/schema.org","@graph":[{"@type":"WebPage","@id":"https:\/\/nature-et-developpement.com\/bem\/produit\/colles-a-joint-pour-plaques-fermacell-st-michelorge\/","url":"https:\/\/nature-et-developpement.com\/bem\/produit\/colles-a-joint-pour-plaques-fermacell-st-michelorge\/","name":"Colles \u00e0 Joint pour plaques FERMACELL (St Michel\/Orge)","isPartOf":{"@id":"https:\/\/nature-et-developpement.com\/bem\/#website"},"primaryImageOfPage":{"@id":"https:\/\/nature-et-developpement.com\/bem\/produit\/colles-a-joint-pour-plaques-fermacell-st-michelorge\/#primaryimage"},"image":{"@id":"https:\/\/nature-et-developpement.com\/bem\/produit\/colles-a-joint-pour-plaques-fermacell-st-michelorge\/#primaryimage"},"thumbnailUrl":"https:\/\/nature-et-developpement.com\/bem\/wp-content\/uploads\/sites\/17\/2019\/12\/26222-Colle-a-Joint-Classique.jpg","datePublished":"2019-12-09T10:59:29+00:00","dateModified":"2026-02-12T09:48:36+00:00","description":"Pour le traitement des joints entre plaques fibres-gypse Fermacell mises en \u0153uvre en cloison, doublage (contre-cloison) et plafond. La version Greenline est sans \u00e9mission de cov ni formald\u00e9hydes.","breadcrumb":{"@id":"https:\/\/nature-et-developpement.com\/bem\/produit\/colles-a-joint-pour-plaques-fermacell-st-michelorge\/#breadcrumb"},"inLanguage":"fr-FR","potentialAction":[{"@type":"ReadAction","target":["https:\/\/nature-et-developpement.com\/bem\/produit\/colles-a-joint-pour-plaques-fermacell-st-michelorge\/"]}]},{"@type":"ImageObject","inLanguage":"fr-FR","@id":"https:\/\/nature-et-developpement.com\/bem\/produit\/colles-a-joint-pour-plaques-fermacell-st-michelorge\/#primaryimage","url":"https:\/\/nature-et-developpement.com\/bem\/wp-content\/uploads\/sites\/17\/2019\/12\/26222-Colle-a-Joint-Classique.jpg","contentUrl":"https:\/\/nature-et-developpement.com\/bem\/wp-content\/uploads\/sites\/17\/2019\/12\/26222-Colle-a-Joint-Classique.jpg","width":800,"height":800,"caption":"Colle \u00e0 Joint Classique"},{"@type":"BreadcrumbList","@id":"https:\/\/nature-et-developpement.com\/bem\/produit\/colles-a-joint-pour-plaques-fermacell-st-michelorge\/#breadcrumb","itemListElement":[{"@type":"ListItem","position":1,"name":"Accueil","item":"https:\/\/nature-et-developpement.com\/bem\/"},{"@type":"ListItem","position":2,"name":"Produits","item":"https:\/\/nature-et-developpement.com\/bem\/shop\/"},{"@type":"ListItem","position":3,"name":"Construction, cloison et fen\u00eatres","item":"https:\/\/nature-et-developpement.com\/bem\/produits\/construction\/"},{"@type":"ListItem","position":4,"name":"Accessoires construction","item":"https:\/\/nature-et-developpement.com\/bem\/produits\/construction\/accessoires-construction\/"},{"@type":"ListItem","position":5,"name":"Colles \u00e0 Joint pour plaques FERMACELL (St Michel\/Orge)"}]},{"@type":"WebSite","@id":"https:\/\/nature-et-developpement.com\/bem\/#website","url":"https:\/\/nature-et-developpement.com\/bem\/","name":"Bien-\u00catre Mat\u00e9riaux","description":"Bien-Etre Mat\u00e9riaux est membre du groupement Nature &amp; D\u00e9veloppement","potentialAction":[{"@type":"SearchAction","target":{"@type":"EntryPoint","urlTemplate":"https:\/\/nature-et-developpement.com\/bem\/?s={search_term_string}"},"query-input":{"@type":"PropertyValueSpecification","valueRequired":true,"valueName":"search_term_string"}}],"inLanguage":"fr-FR"}]}},"distributor_meta":false,"distributor_terms":false,"distributor_media":false,"distributor_original_site_name":"Bien-\u00catre Mat\u00e9riaux","distributor_original_site_url":"https:\/\/nature-et-developpement.com\/bem","push-errors":false,"_links":{"self":[{"href":"https:\/\/nature-et-developpement.com\/bem\/wp-json\/wp\/v2\/product\/13586","targetHints":{"allow":["GET"]}}],"collection":[{"href":"https:\/\/nature-et-developpement.com\/bem\/wp-json\/wp\/v2\/product"}],"about":[{"href":"https:\/\/nature-et-developpement.com\/bem\/wp-json\/wp\/v2\/types\/product"}],"wp:featuredmedia":[{"embeddable":true,"href":"https:\/\/nature-et-developpement.com\/bem\/wp-json\/wp\/v2\/media\/13584"}],"wp:attachment":[{"href":"https:\/\/nature-et-developpement.com\/bem\/wp-json\/wp\/v2\/media?parent=13586"}],"wp:term":[{"taxonomy":"product_brand","embeddable":true,"href":"https:\/\/nature-et-developpement.com\/bem\/wp-json\/wp\/v2\/product_brand?post=13586"},{"taxonomy":"product_cat","embeddable":true,"href":"https:\/\/nature-et-developpement.com\/bem\/wp-json\/wp\/v2\/product_cat?post=13586"},{"taxonomy":"product_tag","embeddable":true,"href":"https:\/\/nature-et-developpement.com\/bem\/wp-json\/wp\/v2\/product_tag?post=13586"}],"curies":[{"name":"wp","href":"https:\/\/api.w.org\/{rel}","templated":true}]}}