{"id":13594,"date":"2019-12-13T15:54:37","date_gmt":"2019-12-13T14:54:37","guid":{"rendered":"https:\/\/nature-et-developpement.com\/bem\/produit\/parquet-bambou-caramel-horizontal-vernis-mat-matgreen-bem\/"},"modified":"2025-06-13T17:23:13","modified_gmt":"2025-06-13T15:23:13","slug":"parquet-bambou-caramel-horizontal-vernis-mat-matgreen-bem","status":"publish","type":"product","link":"https:\/\/nature-et-developpement.com\/bem\/produit\/parquet-bambou-caramel-horizontal-vernis-mat-matgreen-bem\/","title":{"rendered":"Parquet bambou caramel horizontal vernis mat MATGREEN (BEM)"},"content":{"rendered":"<p>L&rsquo;une des rares r\u00e9f\u00e9rence de rev\u00eatement de sol que nous tenons en stock au magasin pour pouvoir vous le proposer \u00e0 ce prix attractif.<\/p>\n<p><strong>7 bonnes raisons de choisir un parquet Bambou <strong>Matgreen <\/strong>:<\/strong><\/p>\n<ul>\n<li>15 ans de garantie<\/li>\n<li>Respecte l\u2019environnement<\/li>\n<li>Facile \u00e0 entretenir<\/li>\n<li>R\u00e9siste \u00e0 l\u2019eau<\/li>\n<li>Convient pour sols chauffants<\/li>\n<li>Dur et solide<\/li>\n<li>Sans formald\u00e9hydes, sans PCP, et sans COV, test\u00e9 en laboratoire<\/li>\n<\/ul>\n<p><strong>Le bambou, un choix \u00e9cologique :<\/strong><\/p>\n<ul>\n<li>Une ressource naturelle illimit\u00e9e, plus de 8 millions d\u2018hectares exploitables<\/li>\n<li>Croissance tr\u00e8s rapide<\/li>\n<li>Mat\u00e9riau extr\u00eamement r\u00e9sistant<\/li>\n<li>Coupe tous les 4 \u00e0 6 ans contre 80 ans pour le ch\u00eane<\/li>\n<li>Alternative rapidement renouvelable<\/li>\n<li>Combat la d\u00e9forestation mondiale<\/li>\n<li>Absorbe en moyenne 30% de CO2 en plus que les arbres<\/li>\n<\/ul>\n","protected":false},"excerpt":{"rendered":"<p>La version classique du parquet en bambou. Celui-ci est fabriqu\u00e9 \u00e0 partir de lamelles dispos\u00e9es \u00e0 l\u2019horizontal. <span style=\"text-decoration: underline\"><strong>En stock au magasin d&rsquo;Ivry.<\/strong><\/span><\/p>\n<p>Son prix, sa r\u00e9sistance et sa qualit\u00e9 en font un parquet id\u00e9al et durable.<\/p>\n<p>Convient \u00e0 tous les int\u00e9rieurs, y compris les salles de bain et est sans incidence sur la d\u00e9forestation mondiale, la faune et la flore.<\/p>\n<p><img loading=\"lazy\" decoding=\"async\" src=\"https:\/\/www.nature-et-developpement.com\/img\/cms\/MATGREEN\/MATGREEN-LOGO%20Bambou.jpg\" alt=\"\" width=\"453\" height=\"80\" \/><\/p>\n","protected":false},"featured_media":15826,"template":"","meta":[],"product_brand":[2752,8797],"product_cat":[597],"product_tag":[],"class_list":{"0":"post-13594","1":"product","2":"type-product","3":"status-publish","4":"has-post-thumbnail","6":"product_brand-matgreen","7":"product_brand-produits-bem","8":"product_cat-parquets-bois","10":"first","11":"instock","12":"taxable","13":"shipping-taxable","14":"purchasable","15":"product-type-simple"},"yoast_head":"<!-- This site is optimized with the Yoast SEO plugin v27.5 - https:\/\/yoast.com\/product\/yoast-seo-wordpress\/ -->\n<title>Parquet bambou caramel horizontal vernis mat MATGREEN (BEM)<\/title>\n<meta name=\"description\" content=\"La version classique du parquet en bambou. Celui-ci est fabriqu\u00e9 \u00e0 partir de lamelles dispos\u00e9es \u00e0 l\u2019horizontal. En stock au magasin d&#039;Ivry.  Son prix, sa r\u00e9sistance et sa qualit\u00e9 en font un parquet id\u00e9al et durable.  Convient \u00e0 tous les int\u00e9rieurs, y compris les salles de bain et est sans incidence sur la d\u00e9forestation mondiale, la faune et la flore.\" \/>\n<meta name=\"robots\" content=\"noindex, follow\" \/>\n<meta property=\"og:locale\" content=\"fr_FR\" \/>\n<meta property=\"og:type\" content=\"article\" \/>\n<meta property=\"og:title\" content=\"Parquet bambou caramel horizontal vernis mat MATGREEN (BEM)\" \/>\n<meta property=\"og:description\" content=\"La version classique du parquet en bambou. Celui-ci est fabriqu\u00e9 \u00e0 partir de lamelles dispos\u00e9es \u00e0 l\u2019horizontal. En stock au magasin d&#039;Ivry.  Son prix, sa r\u00e9sistance et sa qualit\u00e9 en font un parquet id\u00e9al et durable.  Convient \u00e0 tous les int\u00e9rieurs, y compris les salles de bain et est sans incidence sur la d\u00e9forestation mondiale, la faune et la flore.\" \/>\n<meta property=\"og:url\" content=\"https:\/\/nature-et-developpement.com\/bem\/produit\/parquet-bambou-caramel-horizontal-vernis-mat-matgreen-bem\/\" \/>\n<meta property=\"og:site_name\" content=\"Bien-\u00catre Mat\u00e9riaux\" \/>\n<meta property=\"article:modified_time\" content=\"2025-06-13T15:23:13+00:00\" \/>\n<meta property=\"og:image\" content=\"https:\/\/nature-et-developpement.com\/bem\/wp-content\/uploads\/sites\/17\/2021\/10\/Parquet-bambou-MATGREEN.jpg\" \/>\n\t<meta property=\"og:image:width\" content=\"1200\" \/>\n\t<meta property=\"og:image:height\" content=\"1200\" \/>\n\t<meta property=\"og:image:type\" content=\"image\/jpeg\" \/>\n<meta name=\"twitter:card\" content=\"summary_large_image\" \/>\n<meta name=\"twitter:label1\" content=\"Dur\u00e9e de lecture estim\u00e9e\" \/>\n\t<meta name=\"twitter:data1\" content=\"1 minute\" \/>\n<script type=\"application\/ld+json\" class=\"yoast-schema-graph\">{\"@context\":\"https:\\\/\\\/schema.org\",\"@graph\":[{\"@type\":\"WebPage\",\"@id\":\"https:\\\/\\\/nature-et-developpement.com\\\/bem\\\/produit\\\/parquet-bambou-caramel-horizontal-vernis-mat-matgreen-bem\\\/\",\"url\":\"https:\\\/\\\/nature-et-developpement.com\\\/bem\\\/produit\\\/parquet-bambou-caramel-horizontal-vernis-mat-matgreen-bem\\\/\",\"name\":\"Parquet bambou caramel horizontal vernis mat MATGREEN (BEM)\",\"isPartOf\":{\"@id\":\"https:\\\/\\\/nature-et-developpement.com\\\/bem\\\/#website\"},\"primaryImageOfPage\":{\"@id\":\"https:\\\/\\\/nature-et-developpement.com\\\/bem\\\/produit\\\/parquet-bambou-caramel-horizontal-vernis-mat-matgreen-bem\\\/#primaryimage\"},\"image\":{\"@id\":\"https:\\\/\\\/nature-et-developpement.com\\\/bem\\\/produit\\\/parquet-bambou-caramel-horizontal-vernis-mat-matgreen-bem\\\/#primaryimage\"},\"thumbnailUrl\":\"https:\\\/\\\/nature-et-developpement.com\\\/bem\\\/wp-content\\\/uploads\\\/sites\\\/17\\\/2021\\\/10\\\/Parquet-bambou-MATGREEN.jpg\",\"datePublished\":\"2019-12-13T14:54:37+00:00\",\"dateModified\":\"2025-06-13T15:23:13+00:00\",\"description\":\"La version classique du parquet en bambou. Celui-ci est fabriqu\u00e9 \u00e0 partir de lamelles dispos\u00e9es \u00e0 l\u2019horizontal. En stock au magasin d'Ivry. Son prix, sa r\u00e9sistance et sa qualit\u00e9 en font un parquet id\u00e9al et durable. Convient \u00e0 tous les int\u00e9rieurs, y compris les salles de bain et est sans incidence sur la d\u00e9forestation mondiale, la faune et la flore.\",\"breadcrumb\":{\"@id\":\"https:\\\/\\\/nature-et-developpement.com\\\/bem\\\/produit\\\/parquet-bambou-caramel-horizontal-vernis-mat-matgreen-bem\\\/#breadcrumb\"},\"inLanguage\":\"fr-FR\",\"potentialAction\":[{\"@type\":\"ReadAction\",\"target\":[\"https:\\\/\\\/nature-et-developpement.com\\\/bem\\\/produit\\\/parquet-bambou-caramel-horizontal-vernis-mat-matgreen-bem\\\/\"]}]},{\"@type\":\"ImageObject\",\"inLanguage\":\"fr-FR\",\"@id\":\"https:\\\/\\\/nature-et-developpement.com\\\/bem\\\/produit\\\/parquet-bambou-caramel-horizontal-vernis-mat-matgreen-bem\\\/#primaryimage\",\"url\":\"https:\\\/\\\/nature-et-developpement.com\\\/bem\\\/wp-content\\\/uploads\\\/sites\\\/17\\\/2021\\\/10\\\/Parquet-bambou-MATGREEN.jpg\",\"contentUrl\":\"https:\\\/\\\/nature-et-developpement.com\\\/bem\\\/wp-content\\\/uploads\\\/sites\\\/17\\\/2021\\\/10\\\/Parquet-bambou-MATGREEN.jpg\",\"width\":1200,\"height\":1200},{\"@type\":\"BreadcrumbList\",\"@id\":\"https:\\\/\\\/nature-et-developpement.com\\\/bem\\\/produit\\\/parquet-bambou-caramel-horizontal-vernis-mat-matgreen-bem\\\/#breadcrumb\",\"itemListElement\":[{\"@type\":\"ListItem\",\"position\":1,\"name\":\"Accueil\",\"item\":\"https:\\\/\\\/nature-et-developpement.com\\\/bem\\\/\"},{\"@type\":\"ListItem\",\"position\":2,\"name\":\"Produits\",\"item\":\"https:\\\/\\\/nature-et-developpement.com\\\/bem\\\/shop\\\/\"},{\"@type\":\"ListItem\",\"position\":3,\"name\":\"Parquets bois, stratifi\u00e9s et li\u00e8ge\",\"item\":\"https:\\\/\\\/nature-et-developpement.com\\\/bem\\\/produits\\\/parquet-et-sol-naturels\\\/\"},{\"@type\":\"ListItem\",\"position\":4,\"name\":\"Parquets bois\",\"item\":\"https:\\\/\\\/nature-et-developpement.com\\\/bem\\\/produits\\\/parquet-et-sol-naturels\\\/parquets-bois\\\/\"},{\"@type\":\"ListItem\",\"position\":5,\"name\":\"Parquet bambou caramel horizontal vernis mat MATGREEN (BEM)\"}]},{\"@type\":\"WebSite\",\"@id\":\"https:\\\/\\\/nature-et-developpement.com\\\/bem\\\/#website\",\"url\":\"https:\\\/\\\/nature-et-developpement.com\\\/bem\\\/\",\"name\":\"Bien-\u00catre Mat\u00e9riaux\",\"description\":\"Bien-Etre Mat\u00e9riaux est membre du groupement Nature &amp; D\u00e9veloppement\",\"potentialAction\":[{\"@type\":\"SearchAction\",\"target\":{\"@type\":\"EntryPoint\",\"urlTemplate\":\"https:\\\/\\\/nature-et-developpement.com\\\/bem\\\/?s={search_term_string}\"},\"query-input\":{\"@type\":\"PropertyValueSpecification\",\"valueRequired\":true,\"valueName\":\"search_term_string\"}}],\"inLanguage\":\"fr-FR\"}]}<\/script>\n<!-- \/ Yoast SEO plugin. -->","yoast_head_json":{"title":"Parquet bambou caramel horizontal vernis mat MATGREEN (BEM)","description":"La version classique du parquet en bambou. Celui-ci est fabriqu\u00e9 \u00e0 partir de lamelles dispos\u00e9es \u00e0 l\u2019horizontal. En stock au magasin d'Ivry.  Son prix, sa r\u00e9sistance et sa qualit\u00e9 en font un parquet id\u00e9al et durable.  Convient \u00e0 tous les int\u00e9rieurs, y compris les salles de bain et est sans incidence sur la d\u00e9forestation mondiale, la faune et la flore.","robots":{"index":"noindex","follow":"follow"},"og_locale":"fr_FR","og_type":"article","og_title":"Parquet bambou caramel horizontal vernis mat MATGREEN (BEM)","og_description":"La version classique du parquet en bambou. Celui-ci est fabriqu\u00e9 \u00e0 partir de lamelles dispos\u00e9es \u00e0 l\u2019horizontal. En stock au magasin d'Ivry.  Son prix, sa r\u00e9sistance et sa qualit\u00e9 en font un parquet id\u00e9al et durable.  Convient \u00e0 tous les int\u00e9rieurs, y compris les salles de bain et est sans incidence sur la d\u00e9forestation mondiale, la faune et la flore.","og_url":"https:\/\/nature-et-developpement.com\/bem\/produit\/parquet-bambou-caramel-horizontal-vernis-mat-matgreen-bem\/","og_site_name":"Bien-\u00catre Mat\u00e9riaux","article_modified_time":"2025-06-13T15:23:13+00:00","og_image":[{"width":1200,"height":1200,"url":"https:\/\/nature-et-developpement.com\/bem\/wp-content\/uploads\/sites\/17\/2021\/10\/Parquet-bambou-MATGREEN.jpg","type":"image\/jpeg"}],"twitter_card":"summary_large_image","twitter_misc":{"Dur\u00e9e de lecture estim\u00e9e":"1 minute"},"schema":{"@context":"https:\/\/schema.org","@graph":[{"@type":"WebPage","@id":"https:\/\/nature-et-developpement.com\/bem\/produit\/parquet-bambou-caramel-horizontal-vernis-mat-matgreen-bem\/","url":"https:\/\/nature-et-developpement.com\/bem\/produit\/parquet-bambou-caramel-horizontal-vernis-mat-matgreen-bem\/","name":"Parquet bambou caramel horizontal vernis mat MATGREEN (BEM)","isPartOf":{"@id":"https:\/\/nature-et-developpement.com\/bem\/#website"},"primaryImageOfPage":{"@id":"https:\/\/nature-et-developpement.com\/bem\/produit\/parquet-bambou-caramel-horizontal-vernis-mat-matgreen-bem\/#primaryimage"},"image":{"@id":"https:\/\/nature-et-developpement.com\/bem\/produit\/parquet-bambou-caramel-horizontal-vernis-mat-matgreen-bem\/#primaryimage"},"thumbnailUrl":"https:\/\/nature-et-developpement.com\/bem\/wp-content\/uploads\/sites\/17\/2021\/10\/Parquet-bambou-MATGREEN.jpg","datePublished":"2019-12-13T14:54:37+00:00","dateModified":"2025-06-13T15:23:13+00:00","description":"La version classique du parquet en bambou. Celui-ci est fabriqu\u00e9 \u00e0 partir de lamelles dispos\u00e9es \u00e0 l\u2019horizontal. En stock au magasin d'Ivry. Son prix, sa r\u00e9sistance et sa qualit\u00e9 en font un parquet id\u00e9al et durable. Convient \u00e0 tous les int\u00e9rieurs, y compris les salles de bain et est sans incidence sur la d\u00e9forestation mondiale, la faune et la flore.","breadcrumb":{"@id":"https:\/\/nature-et-developpement.com\/bem\/produit\/parquet-bambou-caramel-horizontal-vernis-mat-matgreen-bem\/#breadcrumb"},"inLanguage":"fr-FR","potentialAction":[{"@type":"ReadAction","target":["https:\/\/nature-et-developpement.com\/bem\/produit\/parquet-bambou-caramel-horizontal-vernis-mat-matgreen-bem\/"]}]},{"@type":"ImageObject","inLanguage":"fr-FR","@id":"https:\/\/nature-et-developpement.com\/bem\/produit\/parquet-bambou-caramel-horizontal-vernis-mat-matgreen-bem\/#primaryimage","url":"https:\/\/nature-et-developpement.com\/bem\/wp-content\/uploads\/sites\/17\/2021\/10\/Parquet-bambou-MATGREEN.jpg","contentUrl":"https:\/\/nature-et-developpement.com\/bem\/wp-content\/uploads\/sites\/17\/2021\/10\/Parquet-bambou-MATGREEN.jpg","width":1200,"height":1200},{"@type":"BreadcrumbList","@id":"https:\/\/nature-et-developpement.com\/bem\/produit\/parquet-bambou-caramel-horizontal-vernis-mat-matgreen-bem\/#breadcrumb","itemListElement":[{"@type":"ListItem","position":1,"name":"Accueil","item":"https:\/\/nature-et-developpement.com\/bem\/"},{"@type":"ListItem","position":2,"name":"Produits","item":"https:\/\/nature-et-developpement.com\/bem\/shop\/"},{"@type":"ListItem","position":3,"name":"Parquets bois, stratifi\u00e9s et li\u00e8ge","item":"https:\/\/nature-et-developpement.com\/bem\/produits\/parquet-et-sol-naturels\/"},{"@type":"ListItem","position":4,"name":"Parquets bois","item":"https:\/\/nature-et-developpement.com\/bem\/produits\/parquet-et-sol-naturels\/parquets-bois\/"},{"@type":"ListItem","position":5,"name":"Parquet bambou caramel horizontal vernis mat MATGREEN (BEM)"}]},{"@type":"WebSite","@id":"https:\/\/nature-et-developpement.com\/bem\/#website","url":"https:\/\/nature-et-developpement.com\/bem\/","name":"Bien-\u00catre Mat\u00e9riaux","description":"Bien-Etre Mat\u00e9riaux est membre du groupement Nature &amp; D\u00e9veloppement","potentialAction":[{"@type":"SearchAction","target":{"@type":"EntryPoint","urlTemplate":"https:\/\/nature-et-developpement.com\/bem\/?s={search_term_string}"},"query-input":{"@type":"PropertyValueSpecification","valueRequired":true,"valueName":"search_term_string"}}],"inLanguage":"fr-FR"}]}},"distributor_meta":false,"distributor_terms":false,"distributor_media":false,"distributor_original_site_name":"Bien-\u00catre Mat\u00e9riaux","distributor_original_site_url":"https:\/\/nature-et-developpement.com\/bem","push-errors":false,"_links":{"self":[{"href":"https:\/\/nature-et-developpement.com\/bem\/wp-json\/wp\/v2\/product\/13594","targetHints":{"allow":["GET"]}}],"collection":[{"href":"https:\/\/nature-et-developpement.com\/bem\/wp-json\/wp\/v2\/product"}],"about":[{"href":"https:\/\/nature-et-developpement.com\/bem\/wp-json\/wp\/v2\/types\/product"}],"wp:featuredmedia":[{"embeddable":true,"href":"https:\/\/nature-et-developpement.com\/bem\/wp-json\/wp\/v2\/media\/15826"}],"wp:attachment":[{"href":"https:\/\/nature-et-developpement.com\/bem\/wp-json\/wp\/v2\/media?parent=13594"}],"wp:term":[{"taxonomy":"product_brand","embeddable":true,"href":"https:\/\/nature-et-developpement.com\/bem\/wp-json\/wp\/v2\/product_brand?post=13594"},{"taxonomy":"product_cat","embeddable":true,"href":"https:\/\/nature-et-developpement.com\/bem\/wp-json\/wp\/v2\/product_cat?post=13594"},{"taxonomy":"product_tag","embeddable":true,"href":"https:\/\/nature-et-developpement.com\/bem\/wp-json\/wp\/v2\/product_tag?post=13594"}],"curies":[{"name":"wp","href":"https:\/\/api.w.org\/{rel}","templated":true}]}}