{"id":13691,"date":"2020-09-25T13:21:02","date_gmt":"2020-09-25T11:21:02","guid":{"rendered":"https:\/\/nature-et-developpement.com\/bem\/produit\/panneau-fibre-de-bois-rigide-steico-base-st-michelorge\/"},"modified":"2026-02-12T10:48:35","modified_gmt":"2026-02-12T09:48:35","slug":"panneau-fibre-de-bois-rigide-steico-base-st-michelorge","status":"publish","type":"product","link":"https:\/\/nature-et-developpement.com\/bem\/produit\/panneau-fibre-de-bois-rigide-steico-base-st-michelorge\/","title":{"rendered":"Panneau fibre de bois rigide STEICO BASE (St Michel\/Orge)"},"content":{"rendered":"<div>\n<ul>\n<li>Panneau support d&rsquo;enduit pour l&rsquo;int\u00e9rieur adapt\u00e9 aux enduits \u00e0 l&rsquo;argile et \u00e0 la chaux<\/li>\n<li>Id\u00e9al pour les chapes s\u00e8ches et humides, haute r\u00e9sistance \u00e0 la compression (150 kPa)<\/li>\n<li>Excellentes propri\u00e9t\u00e9s isolantes<\/li>\n<li>Produit \u00e0 base de fibre de bois stable et durable<\/li>\n<li>Facilit\u00e9 et rapidit\u00e9 de mise en oeuvre<\/li>\n<li>Recyclable, \u00e9cologique, respecte l\u2018environnement<\/li>\n<\/ul>\n<div><\/div>\n<div>Disponible chez notre stockiste en \u00e9paisseur 20mm uniquement.<\/div>\n<p>Autres \u00e9paisseurs possibles 40, 60, 80, 100mm sur commande au 1\/2 camion ou camion complet.<\/p>\n<\/div>\n","protected":false},"excerpt":{"rendered":"<div>Panneau isolant polyvalent :<\/div>\n<div><\/div>\n<div>-Panneau support d&rsquo;enduit sur support bois continu en int\u00e9rieur<\/div>\n<div>-Sous chape s\u00e8che ou humide pour plancher<\/div>\n<div>-haute r\u00e9sistance \u00e0 la compression (150 kPa)<\/div>\n<div><\/div>\n","protected":false},"featured_media":13690,"template":"","meta":[],"product_brand":[8797,10564],"product_cat":[8738,83,18],"product_tag":[],"class_list":{"0":"post-13691","1":"product","2":"type-product","3":"status-publish","4":"has-post-thumbnail","6":"product_brand-produits-bem","7":"product_brand-steico-laine-de-bois","8":"product_cat-demande-de-devis-uniquement-sans-prix","9":"product_cat-isolants-ecologiques","10":"product_cat-sous-couche-parquet","12":"first","13":"instock","14":"taxable","15":"shipping-taxable","16":"purchasable","17":"product-type-variable"},"yoast_head":"<!-- This site is optimized with the Yoast SEO plugin v27.5 - https:\/\/yoast.com\/product\/yoast-seo-wordpress\/ -->\n<title>Panneau fibre de bois rigide STEICO BASE (St Michel\/Orge)<\/title>\n<meta name=\"description\" content=\"Panneau isolant polyvalent :  -Panneau support d&#039;enduit sur support bois continu en int\u00e9rieur -Sous chape s\u00e8che ou humide pour plancher -haute r\u00e9sistance \u00e0 la compression (150 kPa)\" \/>\n<meta name=\"robots\" content=\"noindex, follow\" \/>\n<meta property=\"og:locale\" content=\"fr_FR\" \/>\n<meta property=\"og:type\" content=\"article\" \/>\n<meta property=\"og:title\" content=\"Panneau fibre de bois rigide STEICO BASE (St Michel\/Orge)\" \/>\n<meta property=\"og:description\" content=\"Panneau isolant polyvalent :  -Panneau support d&#039;enduit sur support bois continu en int\u00e9rieur -Sous chape s\u00e8che ou humide pour plancher -haute r\u00e9sistance \u00e0 la compression (150 kPa)\" \/>\n<meta property=\"og:url\" content=\"https:\/\/nature-et-developpement.com\/bem\/produit\/panneau-fibre-de-bois-rigide-steico-base-st-michelorge\/\" \/>\n<meta property=\"og:site_name\" content=\"Bien-\u00catre Mat\u00e9riaux\" \/>\n<meta property=\"article:modified_time\" content=\"2026-02-12T09:48:35+00:00\" \/>\n<meta property=\"og:image\" content=\"https:\/\/nature-et-developpement.com\/bem\/wp-content\/uploads\/sites\/17\/2020\/09\/29238-Isolant-pour-plancher-et-panneau-support-denduit-Steico-base.jpg\" \/>\n\t<meta property=\"og:image:width\" content=\"800\" \/>\n\t<meta property=\"og:image:height\" content=\"800\" \/>\n\t<meta property=\"og:image:type\" content=\"image\/jpeg\" \/>\n<meta name=\"twitter:card\" content=\"summary_large_image\" \/>\n<script type=\"application\/ld+json\" class=\"yoast-schema-graph\">{\"@context\":\"https:\\\/\\\/schema.org\",\"@graph\":[{\"@type\":\"WebPage\",\"@id\":\"https:\\\/\\\/nature-et-developpement.com\\\/bem\\\/produit\\\/panneau-fibre-de-bois-rigide-steico-base-st-michelorge\\\/\",\"url\":\"https:\\\/\\\/nature-et-developpement.com\\\/bem\\\/produit\\\/panneau-fibre-de-bois-rigide-steico-base-st-michelorge\\\/\",\"name\":\"Panneau fibre de bois rigide STEICO BASE (St Michel\\\/Orge)\",\"isPartOf\":{\"@id\":\"https:\\\/\\\/nature-et-developpement.com\\\/bem\\\/#website\"},\"primaryImageOfPage\":{\"@id\":\"https:\\\/\\\/nature-et-developpement.com\\\/bem\\\/produit\\\/panneau-fibre-de-bois-rigide-steico-base-st-michelorge\\\/#primaryimage\"},\"image\":{\"@id\":\"https:\\\/\\\/nature-et-developpement.com\\\/bem\\\/produit\\\/panneau-fibre-de-bois-rigide-steico-base-st-michelorge\\\/#primaryimage\"},\"thumbnailUrl\":\"https:\\\/\\\/nature-et-developpement.com\\\/bem\\\/wp-content\\\/uploads\\\/sites\\\/17\\\/2020\\\/09\\\/29238-Isolant-pour-plancher-et-panneau-support-denduit-Steico-base.jpg\",\"datePublished\":\"2020-09-25T11:21:02+00:00\",\"dateModified\":\"2026-02-12T09:48:35+00:00\",\"description\":\"Panneau isolant polyvalent : -Panneau support d'enduit sur support bois continu en int\u00e9rieur -Sous chape s\u00e8che ou humide pour plancher -haute r\u00e9sistance \u00e0 la compression (150 kPa)\",\"breadcrumb\":{\"@id\":\"https:\\\/\\\/nature-et-developpement.com\\\/bem\\\/produit\\\/panneau-fibre-de-bois-rigide-steico-base-st-michelorge\\\/#breadcrumb\"},\"inLanguage\":\"fr-FR\",\"potentialAction\":[{\"@type\":\"ReadAction\",\"target\":[\"https:\\\/\\\/nature-et-developpement.com\\\/bem\\\/produit\\\/panneau-fibre-de-bois-rigide-steico-base-st-michelorge\\\/\"]}]},{\"@type\":\"ImageObject\",\"inLanguage\":\"fr-FR\",\"@id\":\"https:\\\/\\\/nature-et-developpement.com\\\/bem\\\/produit\\\/panneau-fibre-de-bois-rigide-steico-base-st-michelorge\\\/#primaryimage\",\"url\":\"https:\\\/\\\/nature-et-developpement.com\\\/bem\\\/wp-content\\\/uploads\\\/sites\\\/17\\\/2020\\\/09\\\/29238-Isolant-pour-plancher-et-panneau-support-denduit-Steico-base.jpg\",\"contentUrl\":\"https:\\\/\\\/nature-et-developpement.com\\\/bem\\\/wp-content\\\/uploads\\\/sites\\\/17\\\/2020\\\/09\\\/29238-Isolant-pour-plancher-et-panneau-support-denduit-Steico-base.jpg\",\"width\":800,\"height\":800,\"caption\":\"Isolant pour plancher et panneau support d'enduit Steico base\"},{\"@type\":\"BreadcrumbList\",\"@id\":\"https:\\\/\\\/nature-et-developpement.com\\\/bem\\\/produit\\\/panneau-fibre-de-bois-rigide-steico-base-st-michelorge\\\/#breadcrumb\",\"itemListElement\":[{\"@type\":\"ListItem\",\"position\":1,\"name\":\"Accueil\",\"item\":\"https:\\\/\\\/nature-et-developpement.com\\\/bem\\\/\"},{\"@type\":\"ListItem\",\"position\":2,\"name\":\"Produits\",\"item\":\"https:\\\/\\\/nature-et-developpement.com\\\/bem\\\/shop\\\/\"},{\"@type\":\"ListItem\",\"position\":3,\"name\":\"Isolation et \u00e9tanch\u00e9it\u00e9\",\"item\":\"https:\\\/\\\/nature-et-developpement.com\\\/bem\\\/produits\\\/isolation-et-etancheite\\\/\"},{\"@type\":\"ListItem\",\"position\":4,\"name\":\"ISOLANTS ECOLOGIQUES\",\"item\":\"https:\\\/\\\/nature-et-developpement.com\\\/bem\\\/produits\\\/isolation-et-etancheite\\\/isolant-naturel\\\/\"},{\"@type\":\"ListItem\",\"position\":5,\"name\":\"Panneau fibre de bois rigide STEICO BASE (St Michel\\\/Orge)\"}]},{\"@type\":\"WebSite\",\"@id\":\"https:\\\/\\\/nature-et-developpement.com\\\/bem\\\/#website\",\"url\":\"https:\\\/\\\/nature-et-developpement.com\\\/bem\\\/\",\"name\":\"Bien-\u00catre Mat\u00e9riaux\",\"description\":\"Bien-Etre Mat\u00e9riaux est membre du groupement Nature &amp; D\u00e9veloppement\",\"potentialAction\":[{\"@type\":\"SearchAction\",\"target\":{\"@type\":\"EntryPoint\",\"urlTemplate\":\"https:\\\/\\\/nature-et-developpement.com\\\/bem\\\/?s={search_term_string}\"},\"query-input\":{\"@type\":\"PropertyValueSpecification\",\"valueRequired\":true,\"valueName\":\"search_term_string\"}}],\"inLanguage\":\"fr-FR\"}]}<\/script>\n<!-- \/ Yoast SEO plugin. -->","yoast_head_json":{"title":"Panneau fibre de bois rigide STEICO BASE (St Michel\/Orge)","description":"Panneau isolant polyvalent :  -Panneau support d'enduit sur support bois continu en int\u00e9rieur -Sous chape s\u00e8che ou humide pour plancher -haute r\u00e9sistance \u00e0 la compression (150 kPa)","robots":{"index":"noindex","follow":"follow"},"og_locale":"fr_FR","og_type":"article","og_title":"Panneau fibre de bois rigide STEICO BASE (St Michel\/Orge)","og_description":"Panneau isolant polyvalent :  -Panneau support d'enduit sur support bois continu en int\u00e9rieur -Sous chape s\u00e8che ou humide pour plancher -haute r\u00e9sistance \u00e0 la compression (150 kPa)","og_url":"https:\/\/nature-et-developpement.com\/bem\/produit\/panneau-fibre-de-bois-rigide-steico-base-st-michelorge\/","og_site_name":"Bien-\u00catre Mat\u00e9riaux","article_modified_time":"2026-02-12T09:48:35+00:00","og_image":[{"width":800,"height":800,"url":"https:\/\/nature-et-developpement.com\/bem\/wp-content\/uploads\/sites\/17\/2020\/09\/29238-Isolant-pour-plancher-et-panneau-support-denduit-Steico-base.jpg","type":"image\/jpeg"}],"twitter_card":"summary_large_image","schema":{"@context":"https:\/\/schema.org","@graph":[{"@type":"WebPage","@id":"https:\/\/nature-et-developpement.com\/bem\/produit\/panneau-fibre-de-bois-rigide-steico-base-st-michelorge\/","url":"https:\/\/nature-et-developpement.com\/bem\/produit\/panneau-fibre-de-bois-rigide-steico-base-st-michelorge\/","name":"Panneau fibre de bois rigide STEICO BASE (St Michel\/Orge)","isPartOf":{"@id":"https:\/\/nature-et-developpement.com\/bem\/#website"},"primaryImageOfPage":{"@id":"https:\/\/nature-et-developpement.com\/bem\/produit\/panneau-fibre-de-bois-rigide-steico-base-st-michelorge\/#primaryimage"},"image":{"@id":"https:\/\/nature-et-developpement.com\/bem\/produit\/panneau-fibre-de-bois-rigide-steico-base-st-michelorge\/#primaryimage"},"thumbnailUrl":"https:\/\/nature-et-developpement.com\/bem\/wp-content\/uploads\/sites\/17\/2020\/09\/29238-Isolant-pour-plancher-et-panneau-support-denduit-Steico-base.jpg","datePublished":"2020-09-25T11:21:02+00:00","dateModified":"2026-02-12T09:48:35+00:00","description":"Panneau isolant polyvalent : -Panneau support d'enduit sur support bois continu en int\u00e9rieur -Sous chape s\u00e8che ou humide pour plancher -haute r\u00e9sistance \u00e0 la compression (150 kPa)","breadcrumb":{"@id":"https:\/\/nature-et-developpement.com\/bem\/produit\/panneau-fibre-de-bois-rigide-steico-base-st-michelorge\/#breadcrumb"},"inLanguage":"fr-FR","potentialAction":[{"@type":"ReadAction","target":["https:\/\/nature-et-developpement.com\/bem\/produit\/panneau-fibre-de-bois-rigide-steico-base-st-michelorge\/"]}]},{"@type":"ImageObject","inLanguage":"fr-FR","@id":"https:\/\/nature-et-developpement.com\/bem\/produit\/panneau-fibre-de-bois-rigide-steico-base-st-michelorge\/#primaryimage","url":"https:\/\/nature-et-developpement.com\/bem\/wp-content\/uploads\/sites\/17\/2020\/09\/29238-Isolant-pour-plancher-et-panneau-support-denduit-Steico-base.jpg","contentUrl":"https:\/\/nature-et-developpement.com\/bem\/wp-content\/uploads\/sites\/17\/2020\/09\/29238-Isolant-pour-plancher-et-panneau-support-denduit-Steico-base.jpg","width":800,"height":800,"caption":"Isolant pour plancher et panneau support d'enduit Steico base"},{"@type":"BreadcrumbList","@id":"https:\/\/nature-et-developpement.com\/bem\/produit\/panneau-fibre-de-bois-rigide-steico-base-st-michelorge\/#breadcrumb","itemListElement":[{"@type":"ListItem","position":1,"name":"Accueil","item":"https:\/\/nature-et-developpement.com\/bem\/"},{"@type":"ListItem","position":2,"name":"Produits","item":"https:\/\/nature-et-developpement.com\/bem\/shop\/"},{"@type":"ListItem","position":3,"name":"Isolation et \u00e9tanch\u00e9it\u00e9","item":"https:\/\/nature-et-developpement.com\/bem\/produits\/isolation-et-etancheite\/"},{"@type":"ListItem","position":4,"name":"ISOLANTS ECOLOGIQUES","item":"https:\/\/nature-et-developpement.com\/bem\/produits\/isolation-et-etancheite\/isolant-naturel\/"},{"@type":"ListItem","position":5,"name":"Panneau fibre de bois rigide STEICO BASE (St Michel\/Orge)"}]},{"@type":"WebSite","@id":"https:\/\/nature-et-developpement.com\/bem\/#website","url":"https:\/\/nature-et-developpement.com\/bem\/","name":"Bien-\u00catre Mat\u00e9riaux","description":"Bien-Etre Mat\u00e9riaux est membre du groupement Nature &amp; D\u00e9veloppement","potentialAction":[{"@type":"SearchAction","target":{"@type":"EntryPoint","urlTemplate":"https:\/\/nature-et-developpement.com\/bem\/?s={search_term_string}"},"query-input":{"@type":"PropertyValueSpecification","valueRequired":true,"valueName":"search_term_string"}}],"inLanguage":"fr-FR"}]}},"distributor_meta":false,"distributor_terms":false,"distributor_media":false,"distributor_original_site_name":"Bien-\u00catre Mat\u00e9riaux","distributor_original_site_url":"https:\/\/nature-et-developpement.com\/bem","push-errors":false,"_links":{"self":[{"href":"https:\/\/nature-et-developpement.com\/bem\/wp-json\/wp\/v2\/product\/13691","targetHints":{"allow":["GET"]}}],"collection":[{"href":"https:\/\/nature-et-developpement.com\/bem\/wp-json\/wp\/v2\/product"}],"about":[{"href":"https:\/\/nature-et-developpement.com\/bem\/wp-json\/wp\/v2\/types\/product"}],"wp:featuredmedia":[{"embeddable":true,"href":"https:\/\/nature-et-developpement.com\/bem\/wp-json\/wp\/v2\/media\/13690"}],"wp:attachment":[{"href":"https:\/\/nature-et-developpement.com\/bem\/wp-json\/wp\/v2\/media?parent=13691"}],"wp:term":[{"taxonomy":"product_brand","embeddable":true,"href":"https:\/\/nature-et-developpement.com\/bem\/wp-json\/wp\/v2\/product_brand?post=13691"},{"taxonomy":"product_cat","embeddable":true,"href":"https:\/\/nature-et-developpement.com\/bem\/wp-json\/wp\/v2\/product_cat?post=13691"},{"taxonomy":"product_tag","embeddable":true,"href":"https:\/\/nature-et-developpement.com\/bem\/wp-json\/wp\/v2\/product_tag?post=13691"}],"curies":[{"name":"wp","href":"https:\/\/api.w.org\/{rel}","templated":true}]}}