{"id":13695,"date":"2020-09-26T11:15:55","date_gmt":"2020-09-26T09:15:55","guid":{"rendered":"https:\/\/nature-et-developpement.com\/bem\/produit\/panneau-resilient-thermo-acoustique-steico-phaltex-st-michelorge\/"},"modified":"2026-02-12T10:48:35","modified_gmt":"2026-02-12T09:48:35","slug":"panneau-resilient-thermo-acoustique-steico-phaltex-st-michelorge","status":"publish","type":"product","link":"https:\/\/nature-et-developpement.com\/bem\/produit\/panneau-resilient-thermo-acoustique-steico-phaltex-st-michelorge\/","title":{"rendered":"Panneau r\u00e9silient thermo-acoustique STEICO PHALTEX (St Michel\/Orge)"},"content":{"rendered":"<p>\u2022 Panneau obtenu par feutrage et s\u00e9chage de fibres de bois r\u00e9sineux et impr\u00e9gn\u00e9 \u00e0 10% de bitume sec en cours de fabrication.<\/p>\n<p>\u2022 Excellente isolation contre les bruits d\u2019impacts : am\u00e9lioration du confort phonique des pi\u00e8ces<\/p>\n<p>\u2022 Ouvert \u00e0 la diffusion de vapeur d\u2019eau<\/p>\n<p>\u2022 Mise en \u0153uvre ais\u00e9e<\/p>\n<p>\u2022 R\u00e9gulateur hygrom\u00e9trique<\/p>\n<p>\u2022 Recyclable, \u00e9cologique, respecte l\u2019environnement<\/p>\n","protected":false},"excerpt":{"rendered":"<p>Isolant thermique et phonique pour sol, sous parquet flottant ou dalles de sol rigides. S&rsquo;utilise en milieu humide.<\/p>\n<p>Steico Phaltex est un produit 100 % \u00e9cologique en fibre de bois, obtenu par feutrage et s\u00e9chage de fibre de bois r\u00e9sineux et impr\u00e9gn\u00e9 \u00e0 10% de bitume sec.<\/p>\n","protected":false},"featured_media":13694,"template":"","meta":[],"product_brand":[8797,10564],"product_cat":[8738,83,18],"product_tag":[],"class_list":{"0":"post-13695","1":"product","2":"type-product","3":"status-publish","4":"has-post-thumbnail","6":"product_brand-produits-bem","7":"product_brand-steico-laine-de-bois","8":"product_cat-demande-de-devis-uniquement-sans-prix","9":"product_cat-isolants-ecologiques","10":"product_cat-sous-couche-parquet","12":"first","13":"instock","14":"taxable","15":"shipping-taxable","16":"purchasable","17":"product-type-variable"},"yoast_head":"<!-- This site is optimized with the Yoast SEO plugin v27.5 - https:\/\/yoast.com\/product\/yoast-seo-wordpress\/ -->\n<title>Panneau r\u00e9silient thermo-acoustique STEICO PHALTEX (St Michel\/Orge)<\/title>\n<meta name=\"description\" content=\"Isolant thermique et phonique pour sol, sous parquet flottant ou dalles de sol rigides. S&#039;utilise en milieu humide.  Steico Phaltex est un produit 100 % \u00e9cologique en fibre de bois, obtenu par feutrage et s\u00e9chage de fibre de bois r\u00e9sineux et impr\u00e9gn\u00e9 \u00e0 10% de bitume sec.\" \/>\n<meta name=\"robots\" content=\"noindex, follow\" \/>\n<meta property=\"og:locale\" content=\"fr_FR\" \/>\n<meta property=\"og:type\" content=\"article\" \/>\n<meta property=\"og:title\" content=\"Panneau r\u00e9silient thermo-acoustique STEICO PHALTEX (St Michel\/Orge)\" \/>\n<meta property=\"og:description\" content=\"Isolant thermique et phonique pour sol, sous parquet flottant ou dalles de sol rigides. S&#039;utilise en milieu humide.  Steico Phaltex est un produit 100 % \u00e9cologique en fibre de bois, obtenu par feutrage et s\u00e9chage de fibre de bois r\u00e9sineux et impr\u00e9gn\u00e9 \u00e0 10% de bitume sec.\" \/>\n<meta property=\"og:url\" content=\"https:\/\/nature-et-developpement.com\/bem\/produit\/panneau-resilient-thermo-acoustique-steico-phaltex-st-michelorge\/\" \/>\n<meta property=\"og:site_name\" content=\"Bien-\u00catre Mat\u00e9riaux\" \/>\n<meta property=\"article:modified_time\" content=\"2026-02-12T09:48:35+00:00\" \/>\n<meta property=\"og:image\" content=\"https:\/\/nature-et-developpement.com\/bem\/wp-content\/uploads\/sites\/17\/2020\/09\/29239-Panneau-resilient-thermo-acoustique-Steico-Phaltex.jpg\" \/>\n\t<meta property=\"og:image:width\" content=\"800\" \/>\n\t<meta property=\"og:image:height\" content=\"800\" \/>\n\t<meta property=\"og:image:type\" content=\"image\/jpeg\" \/>\n<meta name=\"twitter:card\" content=\"summary_large_image\" \/>\n<script type=\"application\/ld+json\" class=\"yoast-schema-graph\">{\"@context\":\"https:\\\/\\\/schema.org\",\"@graph\":[{\"@type\":\"WebPage\",\"@id\":\"https:\\\/\\\/nature-et-developpement.com\\\/bem\\\/produit\\\/panneau-resilient-thermo-acoustique-steico-phaltex-st-michelorge\\\/\",\"url\":\"https:\\\/\\\/nature-et-developpement.com\\\/bem\\\/produit\\\/panneau-resilient-thermo-acoustique-steico-phaltex-st-michelorge\\\/\",\"name\":\"Panneau r\u00e9silient thermo-acoustique STEICO PHALTEX (St Michel\\\/Orge)\",\"isPartOf\":{\"@id\":\"https:\\\/\\\/nature-et-developpement.com\\\/bem\\\/#website\"},\"primaryImageOfPage\":{\"@id\":\"https:\\\/\\\/nature-et-developpement.com\\\/bem\\\/produit\\\/panneau-resilient-thermo-acoustique-steico-phaltex-st-michelorge\\\/#primaryimage\"},\"image\":{\"@id\":\"https:\\\/\\\/nature-et-developpement.com\\\/bem\\\/produit\\\/panneau-resilient-thermo-acoustique-steico-phaltex-st-michelorge\\\/#primaryimage\"},\"thumbnailUrl\":\"https:\\\/\\\/nature-et-developpement.com\\\/bem\\\/wp-content\\\/uploads\\\/sites\\\/17\\\/2020\\\/09\\\/29239-Panneau-resilient-thermo-acoustique-Steico-Phaltex.jpg\",\"datePublished\":\"2020-09-26T09:15:55+00:00\",\"dateModified\":\"2026-02-12T09:48:35+00:00\",\"description\":\"Isolant thermique et phonique pour sol, sous parquet flottant ou dalles de sol rigides. S'utilise en milieu humide. Steico Phaltex est un produit 100 % \u00e9cologique en fibre de bois, obtenu par feutrage et s\u00e9chage de fibre de bois r\u00e9sineux et impr\u00e9gn\u00e9 \u00e0 10% de bitume sec.\",\"breadcrumb\":{\"@id\":\"https:\\\/\\\/nature-et-developpement.com\\\/bem\\\/produit\\\/panneau-resilient-thermo-acoustique-steico-phaltex-st-michelorge\\\/#breadcrumb\"},\"inLanguage\":\"fr-FR\",\"potentialAction\":[{\"@type\":\"ReadAction\",\"target\":[\"https:\\\/\\\/nature-et-developpement.com\\\/bem\\\/produit\\\/panneau-resilient-thermo-acoustique-steico-phaltex-st-michelorge\\\/\"]}]},{\"@type\":\"ImageObject\",\"inLanguage\":\"fr-FR\",\"@id\":\"https:\\\/\\\/nature-et-developpement.com\\\/bem\\\/produit\\\/panneau-resilient-thermo-acoustique-steico-phaltex-st-michelorge\\\/#primaryimage\",\"url\":\"https:\\\/\\\/nature-et-developpement.com\\\/bem\\\/wp-content\\\/uploads\\\/sites\\\/17\\\/2020\\\/09\\\/29239-Panneau-resilient-thermo-acoustique-Steico-Phaltex.jpg\",\"contentUrl\":\"https:\\\/\\\/nature-et-developpement.com\\\/bem\\\/wp-content\\\/uploads\\\/sites\\\/17\\\/2020\\\/09\\\/29239-Panneau-resilient-thermo-acoustique-Steico-Phaltex.jpg\",\"width\":800,\"height\":800,\"caption\":\"Panneau r\u00e9silient thermo-acoustique Steico Phaltex\"},{\"@type\":\"BreadcrumbList\",\"@id\":\"https:\\\/\\\/nature-et-developpement.com\\\/bem\\\/produit\\\/panneau-resilient-thermo-acoustique-steico-phaltex-st-michelorge\\\/#breadcrumb\",\"itemListElement\":[{\"@type\":\"ListItem\",\"position\":1,\"name\":\"Accueil\",\"item\":\"https:\\\/\\\/nature-et-developpement.com\\\/bem\\\/\"},{\"@type\":\"ListItem\",\"position\":2,\"name\":\"Produits\",\"item\":\"https:\\\/\\\/nature-et-developpement.com\\\/bem\\\/shop\\\/\"},{\"@type\":\"ListItem\",\"position\":3,\"name\":\"Isolation et \u00e9tanch\u00e9it\u00e9\",\"item\":\"https:\\\/\\\/nature-et-developpement.com\\\/bem\\\/produits\\\/isolation-et-etancheite\\\/\"},{\"@type\":\"ListItem\",\"position\":4,\"name\":\"ISOLANTS ECOLOGIQUES\",\"item\":\"https:\\\/\\\/nature-et-developpement.com\\\/bem\\\/produits\\\/isolation-et-etancheite\\\/isolant-naturel\\\/\"},{\"@type\":\"ListItem\",\"position\":5,\"name\":\"Panneau r\u00e9silient thermo-acoustique STEICO PHALTEX (St Michel\\\/Orge)\"}]},{\"@type\":\"WebSite\",\"@id\":\"https:\\\/\\\/nature-et-developpement.com\\\/bem\\\/#website\",\"url\":\"https:\\\/\\\/nature-et-developpement.com\\\/bem\\\/\",\"name\":\"Bien-\u00catre Mat\u00e9riaux\",\"description\":\"Bien-Etre Mat\u00e9riaux est membre du groupement Nature &amp; D\u00e9veloppement\",\"potentialAction\":[{\"@type\":\"SearchAction\",\"target\":{\"@type\":\"EntryPoint\",\"urlTemplate\":\"https:\\\/\\\/nature-et-developpement.com\\\/bem\\\/?s={search_term_string}\"},\"query-input\":{\"@type\":\"PropertyValueSpecification\",\"valueRequired\":true,\"valueName\":\"search_term_string\"}}],\"inLanguage\":\"fr-FR\"}]}<\/script>\n<!-- \/ Yoast SEO plugin. -->","yoast_head_json":{"title":"Panneau r\u00e9silient thermo-acoustique STEICO PHALTEX (St Michel\/Orge)","description":"Isolant thermique et phonique pour sol, sous parquet flottant ou dalles de sol rigides. S'utilise en milieu humide.  Steico Phaltex est un produit 100 % \u00e9cologique en fibre de bois, obtenu par feutrage et s\u00e9chage de fibre de bois r\u00e9sineux et impr\u00e9gn\u00e9 \u00e0 10% de bitume sec.","robots":{"index":"noindex","follow":"follow"},"og_locale":"fr_FR","og_type":"article","og_title":"Panneau r\u00e9silient thermo-acoustique STEICO PHALTEX (St Michel\/Orge)","og_description":"Isolant thermique et phonique pour sol, sous parquet flottant ou dalles de sol rigides. S'utilise en milieu humide.  Steico Phaltex est un produit 100 % \u00e9cologique en fibre de bois, obtenu par feutrage et s\u00e9chage de fibre de bois r\u00e9sineux et impr\u00e9gn\u00e9 \u00e0 10% de bitume sec.","og_url":"https:\/\/nature-et-developpement.com\/bem\/produit\/panneau-resilient-thermo-acoustique-steico-phaltex-st-michelorge\/","og_site_name":"Bien-\u00catre Mat\u00e9riaux","article_modified_time":"2026-02-12T09:48:35+00:00","og_image":[{"width":800,"height":800,"url":"https:\/\/nature-et-developpement.com\/bem\/wp-content\/uploads\/sites\/17\/2020\/09\/29239-Panneau-resilient-thermo-acoustique-Steico-Phaltex.jpg","type":"image\/jpeg"}],"twitter_card":"summary_large_image","schema":{"@context":"https:\/\/schema.org","@graph":[{"@type":"WebPage","@id":"https:\/\/nature-et-developpement.com\/bem\/produit\/panneau-resilient-thermo-acoustique-steico-phaltex-st-michelorge\/","url":"https:\/\/nature-et-developpement.com\/bem\/produit\/panneau-resilient-thermo-acoustique-steico-phaltex-st-michelorge\/","name":"Panneau r\u00e9silient thermo-acoustique STEICO PHALTEX (St Michel\/Orge)","isPartOf":{"@id":"https:\/\/nature-et-developpement.com\/bem\/#website"},"primaryImageOfPage":{"@id":"https:\/\/nature-et-developpement.com\/bem\/produit\/panneau-resilient-thermo-acoustique-steico-phaltex-st-michelorge\/#primaryimage"},"image":{"@id":"https:\/\/nature-et-developpement.com\/bem\/produit\/panneau-resilient-thermo-acoustique-steico-phaltex-st-michelorge\/#primaryimage"},"thumbnailUrl":"https:\/\/nature-et-developpement.com\/bem\/wp-content\/uploads\/sites\/17\/2020\/09\/29239-Panneau-resilient-thermo-acoustique-Steico-Phaltex.jpg","datePublished":"2020-09-26T09:15:55+00:00","dateModified":"2026-02-12T09:48:35+00:00","description":"Isolant thermique et phonique pour sol, sous parquet flottant ou dalles de sol rigides. S'utilise en milieu humide. Steico Phaltex est un produit 100 % \u00e9cologique en fibre de bois, obtenu par feutrage et s\u00e9chage de fibre de bois r\u00e9sineux et impr\u00e9gn\u00e9 \u00e0 10% de bitume sec.","breadcrumb":{"@id":"https:\/\/nature-et-developpement.com\/bem\/produit\/panneau-resilient-thermo-acoustique-steico-phaltex-st-michelorge\/#breadcrumb"},"inLanguage":"fr-FR","potentialAction":[{"@type":"ReadAction","target":["https:\/\/nature-et-developpement.com\/bem\/produit\/panneau-resilient-thermo-acoustique-steico-phaltex-st-michelorge\/"]}]},{"@type":"ImageObject","inLanguage":"fr-FR","@id":"https:\/\/nature-et-developpement.com\/bem\/produit\/panneau-resilient-thermo-acoustique-steico-phaltex-st-michelorge\/#primaryimage","url":"https:\/\/nature-et-developpement.com\/bem\/wp-content\/uploads\/sites\/17\/2020\/09\/29239-Panneau-resilient-thermo-acoustique-Steico-Phaltex.jpg","contentUrl":"https:\/\/nature-et-developpement.com\/bem\/wp-content\/uploads\/sites\/17\/2020\/09\/29239-Panneau-resilient-thermo-acoustique-Steico-Phaltex.jpg","width":800,"height":800,"caption":"Panneau r\u00e9silient thermo-acoustique Steico Phaltex"},{"@type":"BreadcrumbList","@id":"https:\/\/nature-et-developpement.com\/bem\/produit\/panneau-resilient-thermo-acoustique-steico-phaltex-st-michelorge\/#breadcrumb","itemListElement":[{"@type":"ListItem","position":1,"name":"Accueil","item":"https:\/\/nature-et-developpement.com\/bem\/"},{"@type":"ListItem","position":2,"name":"Produits","item":"https:\/\/nature-et-developpement.com\/bem\/shop\/"},{"@type":"ListItem","position":3,"name":"Isolation et \u00e9tanch\u00e9it\u00e9","item":"https:\/\/nature-et-developpement.com\/bem\/produits\/isolation-et-etancheite\/"},{"@type":"ListItem","position":4,"name":"ISOLANTS ECOLOGIQUES","item":"https:\/\/nature-et-developpement.com\/bem\/produits\/isolation-et-etancheite\/isolant-naturel\/"},{"@type":"ListItem","position":5,"name":"Panneau r\u00e9silient thermo-acoustique STEICO PHALTEX (St Michel\/Orge)"}]},{"@type":"WebSite","@id":"https:\/\/nature-et-developpement.com\/bem\/#website","url":"https:\/\/nature-et-developpement.com\/bem\/","name":"Bien-\u00catre Mat\u00e9riaux","description":"Bien-Etre Mat\u00e9riaux est membre du groupement Nature &amp; D\u00e9veloppement","potentialAction":[{"@type":"SearchAction","target":{"@type":"EntryPoint","urlTemplate":"https:\/\/nature-et-developpement.com\/bem\/?s={search_term_string}"},"query-input":{"@type":"PropertyValueSpecification","valueRequired":true,"valueName":"search_term_string"}}],"inLanguage":"fr-FR"}]}},"distributor_meta":false,"distributor_terms":false,"distributor_media":false,"distributor_original_site_name":"Bien-\u00catre Mat\u00e9riaux","distributor_original_site_url":"https:\/\/nature-et-developpement.com\/bem","push-errors":false,"_links":{"self":[{"href":"https:\/\/nature-et-developpement.com\/bem\/wp-json\/wp\/v2\/product\/13695","targetHints":{"allow":["GET"]}}],"collection":[{"href":"https:\/\/nature-et-developpement.com\/bem\/wp-json\/wp\/v2\/product"}],"about":[{"href":"https:\/\/nature-et-developpement.com\/bem\/wp-json\/wp\/v2\/types\/product"}],"wp:featuredmedia":[{"embeddable":true,"href":"https:\/\/nature-et-developpement.com\/bem\/wp-json\/wp\/v2\/media\/13694"}],"wp:attachment":[{"href":"https:\/\/nature-et-developpement.com\/bem\/wp-json\/wp\/v2\/media?parent=13695"}],"wp:term":[{"taxonomy":"product_brand","embeddable":true,"href":"https:\/\/nature-et-developpement.com\/bem\/wp-json\/wp\/v2\/product_brand?post=13695"},{"taxonomy":"product_cat","embeddable":true,"href":"https:\/\/nature-et-developpement.com\/bem\/wp-json\/wp\/v2\/product_cat?post=13695"},{"taxonomy":"product_tag","embeddable":true,"href":"https:\/\/nature-et-developpement.com\/bem\/wp-json\/wp\/v2\/product_tag?post=13695"}],"curies":[{"name":"wp","href":"https:\/\/api.w.org\/{rel}","templated":true}]}}